{"id":20040,"date":"2022-10-17T20:31:28","date_gmt":"2022-10-17T17:31:28","guid":{"rendered":"https:\/\/www.suviseurat.fi/2024\/kokkutuleku-juhtlause\/"},"modified":"2024-06-02T16:16:14","modified_gmt":"2024-06-02T13:16:14","slug":"kokkutuleku-juhtlause","status":"publish","type":"page","link":"https:\/\/www.suviseurat.fi/2024\/et\/suvine-kokkutulek\/kokkutuleku-juhtlause\/","title":{"rendered":"Kokkutuleku juhtlause"},"content":{"rendered":"\n<div class=\"wp-block-columns is-layout-flex wp-container-core-columns-is-layout-1 wp-block-columns-is-layout-flex\">\n<div class=\"wp-block-column is-layout-flow wp-block-column-is-layout-flow\">\n<h2 class=\"wp-block-heading\"><strong>Kas ma olen sulle armas? <\/strong><br\/><strong>(Jh. 21:17)<\/strong><\/h2>\n\n\n\n<p>Suvise kokkutuleku juhtlause on Johannese evangeeliumist: &#8220;Kas ma olen sulle armas?&#8221; (Jh. 21:17.) K\u00fcsimus on \u00fclest\u00f5usnud Jeesuse k\u00fcsimus Peetrusele, j\u00fcngrile, kes oli varem \u00fclempreestri \u00f5ues salganud Jeesuse \u00f6eldes, et ta teda ei tunne. Kirjakohas, kust juhtlause on v\u00f5etud, Jeesus k\u00fcsib Peetruselt, kas ta teda armastab. V\u00f5ib m\u00f5elda, et see k\u00fcsimus on suunatud mitte ainult Peetrusele vaid ka igale inimesele. Kokkutuleku juhtlause paneb m\u00f5tlema, kas mul on isiklik soov uskuda.    <\/p>\n\n\n\n<p>Suvise kokkutuleku auv\u00e4rav ning kokkutuleku m\u00e4rg on kujundatud Tauno Walkeaj\u00e4rvi idee p\u00f5hjal. Kokkutuleku m\u00e4rgi taustaks on sinine j\u00e4rve pind, mis kujutab Tiberiase j\u00e4rve &#8211; paika, kus Jeesus ja Peetrus kohtusid. M\u00e4rgis \u00fchinevad s\u00fcda ja k\u00fcsim\u00e4rg. Valge s\u00fcda jaguneb kaheks osaks: vasakul pool on Jeesuse s\u00f5nad ning paremal pool k\u00fcsim\u00e4rg.   <\/p>\n<\/div>\n\n\n\n<div class=\"wp-block-column is-layout-flow wp-block-column-is-layout-flow\">\n<figure class=\"wp-block-image\"><a href=\"https:\/\/www.suviseurat.fi/2024\/wp-content\/uploads\/2023\/10\/pj2024-merkki-e1698044587903.jpg\"><img loading=\"lazy\" decoding=\"async\" width=\"827\" height=\"709\" src=\"https:\/\/www.suviseurat.fi/2024\/wp-content\/uploads\/2023\/10\/pj2024-merkki-e1698044587903.jpg\" alt=\"\" class=\"wp-image-18962\" srcset=\"https:\/\/www.suviseurat.fi/2024\/wp-content\/uploads\/2023\/10\/pj2024-merkki-e1698044587903.jpg 827w, https:\/\/www.suviseurat.fi/2024\/wp-content\/uploads\/2023\/10\/pj2024-merkki-e1698044587903-768x658.jpg 768w\" sizes=\"(max-width: 827px) 100vw, 827px\" \/><\/a><\/figure>\n<\/div>\n<\/div>\n","protected":false},"excerpt":{"rendered":"<p>Kas ma olen sulle armas? (Jh. 21:17) Suvise kokkutuleku juhtlause on Johannese evangeeliumist: &#8220;Kas ma<a class=\"moretag\" href=\"https:\/\/www.suviseurat.fi/2024\/et\/suvine-kokkutulek\/kokkutuleku-juhtlause\/\">Jatka lukemista ><\/a><\/p>\n","protected":false},"author":33,"featured_media":0,"parent":20089,"menu_order":4,"comment_status":"closed","ping_status":"closed","template":"","meta":{"_acf_changed":false,"footnotes":""},"class_list":["post-20040","page","type-page","status-publish","hentry"],"acf":[],"yoast_head":"<!-- This site is optimized with the Yoast SEO plugin v23.3 - https:\/\/yoast.com\/wordpress\/plugins\/seo\/ -->\n<title>Kokkutuleku juhtlause - SRK:n Suviseurat Pudasj\u00e4rvell\u00e4 2024<\/title>\n<meta name=\"description\" content=\"Kas ma olen sulle armas? (Jh. 21:17) Suvise kokkutuleku juhtlause on Johannese evangeeliumist: &quot;Kas ma olen sulle armas?&quot; (Jh. 21:17.) K\u00fcsimus on\" \/>\n<meta name=\"robots\" content=\"index, follow, max-snippet:-1, max-image-preview:large, max-video-preview:-1\" \/>\n<link rel=\"canonical\" href=\"https:\/\/www.suviseurat.fi/2024\/et\/suvine-kokkutulek\/kokkutuleku-juhtlause\/\" \/>\n<meta property=\"og:locale\" content=\"et_EE\" \/>\n<meta property=\"og:type\" content=\"article\" \/>\n<meta property=\"og:title\" content=\"Kokkutuleku juhtlause - SRK:n Suviseurat Pudasj\u00e4rvell\u00e4 2024\" \/>\n<meta property=\"og:description\" content=\"Kas ma olen sulle armas? (Jh. 21:17) Suvise kokkutuleku juhtlause on Johannese evangeeliumist: &quot;Kas ma olen sulle armas?&quot; (Jh. 21:17.) K\u00fcsimus on\" \/>\n<meta property=\"og:url\" content=\"https:\/\/www.suviseurat.fi/2024\/et\/suvine-kokkutulek\/kokkutuleku-juhtlause\/\" \/>\n<meta property=\"og:site_name\" content=\"SRK:n Suviseurat Pudasj\u00e4rvell\u00e4 2024\" \/>\n<meta property=\"article:publisher\" content=\"https:\/\/www.facebook.com\/SRKryNyt\/\" \/>\n<meta property=\"article:modified_time\" content=\"2024-06-02T13:16:14+00:00\" \/>\n<meta property=\"og:image\" content=\"https:\/\/www.suviseurat.fi/2024\/wp-content\/uploads\/2023\/10\/pj2024-merkki-e1698044587903.jpg\" \/>\n<meta name=\"twitter:card\" content=\"summary_large_image\" \/>\n<meta name=\"twitter:site\" content=\"@Suviseurat\" \/>\n<meta name=\"twitter:label1\" content=\"Est. reading time\" \/>\n\t<meta name=\"twitter:data1\" content=\"1 minute\" \/>\n<script type=\"application\/ld+json\" class=\"yoast-schema-graph\">{\"@context\":\"https:\/\/schema.org\",\"@graph\":[{\"@type\":\"WebPage\",\"@id\":\"https:\/\/www.suviseurat.fi/2024\/et\/suvine-kokkutulek\/kokkutuleku-juhtlause\/\",\"url\":\"https:\/\/www.suviseurat.fi/2024\/et\/suvine-kokkutulek\/kokkutuleku-juhtlause\/\",\"name\":\"Kokkutuleku juhtlause - SRK:n Suviseurat Pudasj\u00e4rvell\u00e4 2024\",\"isPartOf\":{\"@id\":\"https:\/\/www.suviseurat.fi/2024\/#website\"},\"primaryImageOfPage\":{\"@id\":\"https:\/\/www.suviseurat.fi/2024\/et\/suvine-kokkutulek\/kokkutuleku-juhtlause\/#primaryimage\"},\"image\":{\"@id\":\"https:\/\/www.suviseurat.fi/2024\/et\/suvine-kokkutulek\/kokkutuleku-juhtlause\/#primaryimage\"},\"thumbnailUrl\":\"https:\/\/www.suviseurat.fi/2024\/wp-content\/uploads\/2023\/10\/pj2024-merkki-e1698044587903.jpg\",\"datePublished\":\"2022-10-17T17:31:28+00:00\",\"dateModified\":\"2024-06-02T13:16:14+00:00\",\"description\":\"Kas ma olen sulle armas? (Jh. 21:17) Suvise kokkutuleku juhtlause on Johannese evangeeliumist: \\\"Kas ma olen sulle armas?\\\" (Jh. 21:17.) K\u00fcsimus on\",\"breadcrumb\":{\"@id\":\"https:\/\/www.suviseurat.fi/2024\/et\/suvine-kokkutulek\/kokkutuleku-juhtlause\/#breadcrumb\"},\"inLanguage\":\"et\",\"potentialAction\":[{\"@type\":\"ReadAction\",\"target\":[\"https:\/\/www.suviseurat.fi/2024\/et\/suvine-kokkutulek\/kokkutuleku-juhtlause\/\"]}]},{\"@type\":\"ImageObject\",\"inLanguage\":\"et\",\"@id\":\"https:\/\/www.suviseurat.fi/2024\/et\/suvine-kokkutulek\/kokkutuleku-juhtlause\/#primaryimage\",\"url\":\"https:\/\/www.suviseurat.fi/2024\/wp-content\/uploads\/2023\/10\/pj2024-merkki-e1698044587903.jpg\",\"contentUrl\":\"https:\/\/www.suviseurat.fi/2024\/wp-content\/uploads\/2023\/10\/pj2024-merkki-e1698044587903.jpg\"},{\"@type\":\"BreadcrumbList\",\"@id\":\"https:\/\/www.suviseurat.fi/2024\/et\/suvine-kokkutulek\/kokkutuleku-juhtlause\/#breadcrumb\",\"itemListElement\":[{\"@type\":\"ListItem\",\"position\":1,\"name\":\"Etusivu\",\"item\":\"https:\/\/www.suviseurat.fi/2024\/et\/20091-2\/\"},{\"@type\":\"ListItem\",\"position\":2,\"name\":\"Suvine kokkutulek\",\"item\":\"https:\/\/www.suviseurat.fi/2024\/et\/suvine-kokkutulek\/\"},{\"@type\":\"ListItem\",\"position\":3,\"name\":\"Kokkutuleku juhtlause\"}]},{\"@type\":\"WebSite\",\"@id\":\"https:\/\/www.suviseurat.fi/2024\/#website\",\"url\":\"https:\/\/www.suviseurat.fi/2024\/\",\"name\":\"SRK:n Suviseurat Pudasj\u00e4rvell\u00e4 2024\",\"description\":\"Olenko min\u00e4 sinulle rakas?\",\"publisher\":{\"@id\":\"https:\/\/www.suviseurat.fi/2024\/#organization\"},\"potentialAction\":[{\"@type\":\"SearchAction\",\"target\":{\"@type\":\"EntryPoint\",\"urlTemplate\":\"https:\/\/www.suviseurat.fi/2024\/?s={search_term_string}\"},\"query-input\":\"required name=search_term_string\"}],\"inLanguage\":\"et\"},{\"@type\":\"Organization\",\"@id\":\"https:\/\/www.suviseurat.fi/2024\/#organization\",\"name\":\"Suviseurat\",\"url\":\"https:\/\/www.suviseurat.fi/2024\/\",\"logo\":{\"@type\":\"ImageObject\",\"inLanguage\":\"et\",\"@id\":\"https:\/\/www.suviseurat.fi/2024\/#\/schema\/logo\/image\/\",\"url\":\"https:\/\/www.suviseurat.fi/2024\/wp-content\/uploads\/2023\/10\/tunnus-nelio.jpg\",\"contentUrl\":\"https:\/\/www.suviseurat.fi/2024\/wp-content\/uploads\/2023\/10\/tunnus-nelio.jpg\",\"width\":1000,\"height\":1000,\"caption\":\"Suviseurat\"},\"image\":{\"@id\":\"https:\/\/www.suviseurat.fi/2024\/#\/schema\/logo\/image\/\"},\"sameAs\":[\"https:\/\/www.facebook.com\/SRKryNyt\/\",\"https:\/\/x.com\/Suviseurat\",\"https:\/\/www.facebook.com\/srksuviseurat\/\",\"https:\/\/www.youtube.com\/@SRKnyt\",\"https:\/\/www.instagram.com\/srk_nyt\/\",\"https:\/\/www.flickr.com\/photos\/suviseurat\"]}]}<\/script>\n<!-- \/ Yoast SEO plugin. -->","yoast_head_json":{"title":"Kokkutuleku juhtlause - SRK:n Suviseurat Pudasj\u00e4rvell\u00e4 2024","description":"Kas ma olen sulle armas? (Jh. 21:17) Suvise kokkutuleku juhtlause on Johannese evangeeliumist: \"Kas ma olen sulle armas?\" (Jh. 21:17.) K\u00fcsimus on","robots":{"index":"index","follow":"follow","max-snippet":"max-snippet:-1","max-image-preview":"max-image-preview:large","max-video-preview":"max-video-preview:-1"},"canonical":"https:\/\/www.suviseurat.fi/2024\/et\/suvine-kokkutulek\/kokkutuleku-juhtlause\/","og_locale":"et_EE","og_type":"article","og_title":"Kokkutuleku juhtlause - SRK:n Suviseurat Pudasj\u00e4rvell\u00e4 2024","og_description":"Kas ma olen sulle armas? (Jh. 21:17) Suvise kokkutuleku juhtlause on Johannese evangeeliumist: \"Kas ma olen sulle armas?\" (Jh. 21:17.) K\u00fcsimus on","og_url":"https:\/\/www.suviseurat.fi/2024\/et\/suvine-kokkutulek\/kokkutuleku-juhtlause\/","og_site_name":"SRK:n Suviseurat Pudasj\u00e4rvell\u00e4 2024","article_publisher":"https:\/\/www.facebook.com\/SRKryNyt\/","article_modified_time":"2024-06-02T13:16:14+00:00","og_image":[{"url":"https:\/\/www.suviseurat.fi/2024\/wp-content\/uploads\/2023\/10\/pj2024-merkki-e1698044587903.jpg"}],"twitter_card":"summary_large_image","twitter_site":"@Suviseurat","twitter_misc":{"Est. reading time":"1 minute"},"schema":{"@context":"https:\/\/schema.org","@graph":[{"@type":"WebPage","@id":"https:\/\/www.suviseurat.fi/2024\/et\/suvine-kokkutulek\/kokkutuleku-juhtlause\/","url":"https:\/\/www.suviseurat.fi/2024\/et\/suvine-kokkutulek\/kokkutuleku-juhtlause\/","name":"Kokkutuleku juhtlause - SRK:n Suviseurat Pudasj\u00e4rvell\u00e4 2024","isPartOf":{"@id":"https:\/\/www.suviseurat.fi/2024\/#website"},"primaryImageOfPage":{"@id":"https:\/\/www.suviseurat.fi/2024\/et\/suvine-kokkutulek\/kokkutuleku-juhtlause\/#primaryimage"},"image":{"@id":"https:\/\/www.suviseurat.fi/2024\/et\/suvine-kokkutulek\/kokkutuleku-juhtlause\/#primaryimage"},"thumbnailUrl":"https:\/\/www.suviseurat.fi/2024\/wp-content\/uploads\/2023\/10\/pj2024-merkki-e1698044587903.jpg","datePublished":"2022-10-17T17:31:28+00:00","dateModified":"2024-06-02T13:16:14+00:00","description":"Kas ma olen sulle armas? (Jh. 21:17) Suvise kokkutuleku juhtlause on Johannese evangeeliumist: \"Kas ma olen sulle armas?\" (Jh. 21:17.) K\u00fcsimus on","breadcrumb":{"@id":"https:\/\/www.suviseurat.fi/2024\/et\/suvine-kokkutulek\/kokkutuleku-juhtlause\/#breadcrumb"},"inLanguage":"et","potentialAction":[{"@type":"ReadAction","target":["https:\/\/www.suviseurat.fi/2024\/et\/suvine-kokkutulek\/kokkutuleku-juhtlause\/"]}]},{"@type":"ImageObject","inLanguage":"et","@id":"https:\/\/www.suviseurat.fi/2024\/et\/suvine-kokkutulek\/kokkutuleku-juhtlause\/#primaryimage","url":"https:\/\/www.suviseurat.fi/2024\/wp-content\/uploads\/2023\/10\/pj2024-merkki-e1698044587903.jpg","contentUrl":"https:\/\/www.suviseurat.fi/2024\/wp-content\/uploads\/2023\/10\/pj2024-merkki-e1698044587903.jpg"},{"@type":"BreadcrumbList","@id":"https:\/\/www.suviseurat.fi/2024\/et\/suvine-kokkutulek\/kokkutuleku-juhtlause\/#breadcrumb","itemListElement":[{"@type":"ListItem","position":1,"name":"Etusivu","item":"https:\/\/www.suviseurat.fi/2024\/et\/20091-2\/"},{"@type":"ListItem","position":2,"name":"Suvine kokkutulek","item":"https:\/\/www.suviseurat.fi/2024\/et\/suvine-kokkutulek\/"},{"@type":"ListItem","position":3,"name":"Kokkutuleku juhtlause"}]},{"@type":"WebSite","@id":"https:\/\/www.suviseurat.fi/2024\/#website","url":"https:\/\/www.suviseurat.fi/2024\/","name":"SRK:n Suviseurat Pudasj\u00e4rvell\u00e4 2024","description":"Olenko min\u00e4 sinulle rakas?","publisher":{"@id":"https:\/\/www.suviseurat.fi/2024\/#organization"},"potentialAction":[{"@type":"SearchAction","target":{"@type":"EntryPoint","urlTemplate":"https:\/\/www.suviseurat.fi/2024\/?s={search_term_string}"},"query-input":"required name=search_term_string"}],"inLanguage":"et"},{"@type":"Organization","@id":"https:\/\/www.suviseurat.fi/2024\/#organization","name":"Suviseurat","url":"https:\/\/www.suviseurat.fi/2024\/","logo":{"@type":"ImageObject","inLanguage":"et","@id":"https:\/\/www.suviseurat.fi/2024\/#\/schema\/logo\/image\/","url":"https:\/\/www.suviseurat.fi/2024\/wp-content\/uploads\/2023\/10\/tunnus-nelio.jpg","contentUrl":"https:\/\/www.suviseurat.fi/2024\/wp-content\/uploads\/2023\/10\/tunnus-nelio.jpg","width":1000,"height":1000,"caption":"Suviseurat"},"image":{"@id":"https:\/\/www.suviseurat.fi/2024\/#\/schema\/logo\/image\/"},"sameAs":["https:\/\/www.facebook.com\/SRKryNyt\/","https:\/\/x.com\/Suviseurat","https:\/\/www.facebook.com\/srksuviseurat\/","https:\/\/www.youtube.com\/@SRKnyt","https:\/\/www.instagram.com\/srk_nyt\/","https:\/\/www.flickr.com\/photos\/suviseurat"]}]}},"_links":{"self":[{"href":"https:\/\/www.suviseurat.fi/2024\/et\/wp-json\/wp\/v2\/pages\/20040"}],"collection":[{"href":"https:\/\/www.suviseurat.fi/2024\/et\/wp-json\/wp\/v2\/pages"}],"about":[{"href":"https:\/\/www.suviseurat.fi/2024\/et\/wp-json\/wp\/v2\/types\/page"}],"author":[{"embeddable":true,"href":"https:\/\/www.suviseurat.fi/2024\/et\/wp-json\/wp\/v2\/users\/33"}],"replies":[{"embeddable":true,"href":"https:\/\/www.suviseurat.fi/2024\/et\/wp-json\/wp\/v2\/comments?post=20040"}],"version-history":[{"count":3,"href":"https:\/\/www.suviseurat.fi/2024\/et\/wp-json\/wp\/v2\/pages\/20040\/revisions"}],"predecessor-version":[{"id":20084,"href":"https:\/\/www.suviseurat.fi/2024\/et\/wp-json\/wp\/v2\/pages\/20040\/revisions\/20084"}],"up":[{"embeddable":true,"href":"https:\/\/www.suviseurat.fi/2024\/et\/wp-json\/wp\/v2\/pages\/20089"}],"wp:attachment":[{"href":"https:\/\/www.suviseurat.fi/2024\/et\/wp-json\/wp\/v2\/media?parent=20040"}],"curies":[{"name":"wp","href":"https:\/\/api.w.org\/{rel}","templated":true}]}}