{"id":20081,"date":"2024-05-14T14:48:00","date_gmt":"2024-05-14T11:48:00","guid":{"rendered":"https:\/\/www.suviseurat.fi/2024\/suvine-kokkutulek-loppis-2025\/"},"modified":"2024-06-02T16:16:14","modified_gmt":"2024-06-02T13:16:14","slug":"suvine-kokkutulek-loppis-2025","status":"publish","type":"page","link":"https:\/\/www.suviseurat.fi/2024\/et\/suvine-kokkutulek\/suvine-kokkutulek-loppis-2025\/","title":{"rendered":"Suvine kokkutulek Loppis 2025"},"content":{"rendered":"\n<div class=\"wp-block-columns is-layout-flex wp-container-core-columns-is-layout-1 wp-block-columns-is-layout-flex\">\n<div class=\"wp-block-column is-layout-flow wp-block-column-is-layout-flow\">\n<h2 class=\"wp-block-heading\">Tere tulemast suvisele kokkutulekule Loppisse 2025!<\/h2>\n\n\n\n<p><\/p>\n\n\n\n<p>Kui Jumal lubab, korraldatakse 2025. aastal Soome Rahu\u00fchenduste Kesk\u00fchenduse (SRK) Suvine kokkutulek Kanta-H\u00e4me maakonnas, Loppis, 27.\u201330.6.2025. Kokkutulekuala on sama R\u00e4ysk\u00e4l\u00e4 lennujaam nagu ka 2022. ja 2012. aastatel. Majutumiseks m\u00f5eldud ala on mingil m\u00e4\u00e4ral laiendatud.<\/p>\n\n\n\n<p>Suvine kokkutulek korraldatakse talgut\u00f6\u00f6ga. 2025. aasta suvise kokkutuleku korraldamise eest vastutavad Helsingi, J\u00e4rvenp\u00e4\u00e4, Kouvola, Lahti, Lappeenranta, Lemp\u00e4\u00e4l\u00e4, M\u00e4nts\u00e4l\u00e4, Pornaineni ja Porvoo rahu\u00fchendused. Nendes rahu\u00fchendustes on kokku umbes 2300 liiget.<\/p>\n\n\n\n<p>Suvise kokkutuleku juhtlauseks on Psalmi 73 s\u00f5nad: &#8220;Kes on mul muu taevas kui sina?&#8221; See lause on lohutav meeldetuletus sellest, mis on inimese ainus p\u00fcsiv pelgupaik k\u00f5igis eluj\u00e4rges. <\/p>\n\n\n\n<p>Tere tulemast Loppi suvisele kokkutulekule!<\/p>\n\n\n\n<p><em>Peatoimkond<\/em><\/p>\n<\/div>\n<\/div>\n","protected":false},"excerpt":{"rendered":"<p>Tere tulemast suvisele kokkutulekule Loppisse 2025! Kui Jumal lubab, korraldatakse 2025. aastal Soome Rahu\u00fchenduste Kesk\u00fchenduse<a class=\"moretag\" href=\"https:\/\/www.suviseurat.fi/2024\/et\/suvine-kokkutulek\/suvine-kokkutulek-loppis-2025\/\">Jatka lukemista ><\/a><\/p>\n","protected":false},"author":19,"featured_media":0,"parent":20089,"menu_order":9,"comment_status":"closed","ping_status":"closed","template":"","meta":{"_acf_changed":false,"footnotes":""},"class_list":["post-20081","page","type-page","status-publish","hentry"],"acf":[],"yoast_head":"<!-- This site is optimized with the Yoast SEO plugin v23.3 - https:\/\/yoast.com\/wordpress\/plugins\/seo\/ -->\n<title>Suvine kokkutulek Loppis 2025 - SRK:n Suviseurat Pudasj\u00e4rvell\u00e4 2024<\/title>\n<meta name=\"description\" content=\"Tere tulemast suvisele kokkutulekule Loppisse 2025! Kui Jumal lubab, korraldatakse 2025. aastal Soome Rahu\u00fchenduste Kesk\u00fchenduse (SRK) Suvine kokkutulek\" \/>\n<meta name=\"robots\" content=\"index, follow, max-snippet:-1, max-image-preview:large, max-video-preview:-1\" \/>\n<link rel=\"canonical\" href=\"https:\/\/www.suviseurat.fi/2024\/et\/suvine-kokkutulek\/suvine-kokkutulek-loppis-2025\/\" \/>\n<meta property=\"og:locale\" content=\"et_EE\" \/>\n<meta property=\"og:type\" content=\"article\" \/>\n<meta property=\"og:title\" content=\"Suvine kokkutulek Loppis 2025 - SRK:n Suviseurat Pudasj\u00e4rvell\u00e4 2024\" \/>\n<meta property=\"og:description\" content=\"Tere tulemast suvisele kokkutulekule Loppisse 2025! Kui Jumal lubab, korraldatakse 2025. aastal Soome Rahu\u00fchenduste Kesk\u00fchenduse (SRK) Suvine kokkutulek\" \/>\n<meta property=\"og:url\" content=\"https:\/\/www.suviseurat.fi/2024\/et\/suvine-kokkutulek\/suvine-kokkutulek-loppis-2025\/\" \/>\n<meta property=\"og:site_name\" content=\"SRK:n Suviseurat Pudasj\u00e4rvell\u00e4 2024\" \/>\n<meta property=\"article:publisher\" content=\"https:\/\/www.facebook.com\/SRKryNyt\/\" \/>\n<meta property=\"article:modified_time\" content=\"2024-06-02T13:16:14+00:00\" \/>\n<meta name=\"twitter:card\" content=\"summary_large_image\" \/>\n<meta name=\"twitter:site\" content=\"@Suviseurat\" \/>\n<meta name=\"twitter:label1\" content=\"Est. reading time\" \/>\n\t<meta name=\"twitter:data1\" content=\"1 minute\" \/>\n<script type=\"application\/ld+json\" class=\"yoast-schema-graph\">{\"@context\":\"https:\/\/schema.org\",\"@graph\":[{\"@type\":\"WebPage\",\"@id\":\"https:\/\/www.suviseurat.fi/2024\/et\/suvine-kokkutulek\/suvine-kokkutulek-loppis-2025\/\",\"url\":\"https:\/\/www.suviseurat.fi/2024\/et\/suvine-kokkutulek\/suvine-kokkutulek-loppis-2025\/\",\"name\":\"Suvine kokkutulek Loppis 2025 - SRK:n Suviseurat Pudasj\u00e4rvell\u00e4 2024\",\"isPartOf\":{\"@id\":\"https:\/\/www.suviseurat.fi/2024\/#website\"},\"datePublished\":\"2024-05-14T11:48:00+00:00\",\"dateModified\":\"2024-06-02T13:16:14+00:00\",\"description\":\"Tere tulemast suvisele kokkutulekule Loppisse 2025! Kui Jumal lubab, korraldatakse 2025. aastal Soome Rahu\u00fchenduste Kesk\u00fchenduse (SRK) Suvine kokkutulek\",\"breadcrumb\":{\"@id\":\"https:\/\/www.suviseurat.fi/2024\/et\/suvine-kokkutulek\/suvine-kokkutulek-loppis-2025\/#breadcrumb\"},\"inLanguage\":\"et\",\"potentialAction\":[{\"@type\":\"ReadAction\",\"target\":[\"https:\/\/www.suviseurat.fi/2024\/et\/suvine-kokkutulek\/suvine-kokkutulek-loppis-2025\/\"]}]},{\"@type\":\"BreadcrumbList\",\"@id\":\"https:\/\/www.suviseurat.fi/2024\/et\/suvine-kokkutulek\/suvine-kokkutulek-loppis-2025\/#breadcrumb\",\"itemListElement\":[{\"@type\":\"ListItem\",\"position\":1,\"name\":\"Etusivu\",\"item\":\"https:\/\/www.suviseurat.fi/2024\/et\/20091-2\/\"},{\"@type\":\"ListItem\",\"position\":2,\"name\":\"Suvine kokkutulek\",\"item\":\"https:\/\/www.suviseurat.fi/2024\/et\/suvine-kokkutulek\/\"},{\"@type\":\"ListItem\",\"position\":3,\"name\":\"Suvine kokkutulek Loppis 2025\"}]},{\"@type\":\"WebSite\",\"@id\":\"https:\/\/www.suviseurat.fi/2024\/#website\",\"url\":\"https:\/\/www.suviseurat.fi/2024\/\",\"name\":\"SRK:n Suviseurat Pudasj\u00e4rvell\u00e4 2024\",\"description\":\"Olenko min\u00e4 sinulle rakas?\",\"publisher\":{\"@id\":\"https:\/\/www.suviseurat.fi/2024\/#organization\"},\"potentialAction\":[{\"@type\":\"SearchAction\",\"target\":{\"@type\":\"EntryPoint\",\"urlTemplate\":\"https:\/\/www.suviseurat.fi/2024\/?s={search_term_string}\"},\"query-input\":\"required name=search_term_string\"}],\"inLanguage\":\"et\"},{\"@type\":\"Organization\",\"@id\":\"https:\/\/www.suviseurat.fi/2024\/#organization\",\"name\":\"Suviseurat\",\"url\":\"https:\/\/www.suviseurat.fi/2024\/\",\"logo\":{\"@type\":\"ImageObject\",\"inLanguage\":\"et\",\"@id\":\"https:\/\/www.suviseurat.fi/2024\/#\/schema\/logo\/image\/\",\"url\":\"https:\/\/www.suviseurat.fi/2024\/wp-content\/uploads\/2023\/10\/tunnus-nelio.jpg\",\"contentUrl\":\"https:\/\/www.suviseurat.fi/2024\/wp-content\/uploads\/2023\/10\/tunnus-nelio.jpg\",\"width\":1000,\"height\":1000,\"caption\":\"Suviseurat\"},\"image\":{\"@id\":\"https:\/\/www.suviseurat.fi/2024\/#\/schema\/logo\/image\/\"},\"sameAs\":[\"https:\/\/www.facebook.com\/SRKryNyt\/\",\"https:\/\/x.com\/Suviseurat\",\"https:\/\/www.facebook.com\/srksuviseurat\/\",\"https:\/\/www.youtube.com\/@SRKnyt\",\"https:\/\/www.instagram.com\/srk_nyt\/\",\"https:\/\/www.flickr.com\/photos\/suviseurat\"]}]}<\/script>\n<!-- \/ Yoast SEO plugin. -->","yoast_head_json":{"title":"Suvine kokkutulek Loppis 2025 - SRK:n Suviseurat Pudasj\u00e4rvell\u00e4 2024","description":"Tere tulemast suvisele kokkutulekule Loppisse 2025! Kui Jumal lubab, korraldatakse 2025. aastal Soome Rahu\u00fchenduste Kesk\u00fchenduse (SRK) Suvine kokkutulek","robots":{"index":"index","follow":"follow","max-snippet":"max-snippet:-1","max-image-preview":"max-image-preview:large","max-video-preview":"max-video-preview:-1"},"canonical":"https:\/\/www.suviseurat.fi/2024\/et\/suvine-kokkutulek\/suvine-kokkutulek-loppis-2025\/","og_locale":"et_EE","og_type":"article","og_title":"Suvine kokkutulek Loppis 2025 - SRK:n Suviseurat Pudasj\u00e4rvell\u00e4 2024","og_description":"Tere tulemast suvisele kokkutulekule Loppisse 2025! Kui Jumal lubab, korraldatakse 2025. aastal Soome Rahu\u00fchenduste Kesk\u00fchenduse (SRK) Suvine kokkutulek","og_url":"https:\/\/www.suviseurat.fi/2024\/et\/suvine-kokkutulek\/suvine-kokkutulek-loppis-2025\/","og_site_name":"SRK:n Suviseurat Pudasj\u00e4rvell\u00e4 2024","article_publisher":"https:\/\/www.facebook.com\/SRKryNyt\/","article_modified_time":"2024-06-02T13:16:14+00:00","twitter_card":"summary_large_image","twitter_site":"@Suviseurat","twitter_misc":{"Est. reading time":"1 minute"},"schema":{"@context":"https:\/\/schema.org","@graph":[{"@type":"WebPage","@id":"https:\/\/www.suviseurat.fi/2024\/et\/suvine-kokkutulek\/suvine-kokkutulek-loppis-2025\/","url":"https:\/\/www.suviseurat.fi/2024\/et\/suvine-kokkutulek\/suvine-kokkutulek-loppis-2025\/","name":"Suvine kokkutulek Loppis 2025 - SRK:n Suviseurat Pudasj\u00e4rvell\u00e4 2024","isPartOf":{"@id":"https:\/\/www.suviseurat.fi/2024\/#website"},"datePublished":"2024-05-14T11:48:00+00:00","dateModified":"2024-06-02T13:16:14+00:00","description":"Tere tulemast suvisele kokkutulekule Loppisse 2025! Kui Jumal lubab, korraldatakse 2025. aastal Soome Rahu\u00fchenduste Kesk\u00fchenduse (SRK) Suvine kokkutulek","breadcrumb":{"@id":"https:\/\/www.suviseurat.fi/2024\/et\/suvine-kokkutulek\/suvine-kokkutulek-loppis-2025\/#breadcrumb"},"inLanguage":"et","potentialAction":[{"@type":"ReadAction","target":["https:\/\/www.suviseurat.fi/2024\/et\/suvine-kokkutulek\/suvine-kokkutulek-loppis-2025\/"]}]},{"@type":"BreadcrumbList","@id":"https:\/\/www.suviseurat.fi/2024\/et\/suvine-kokkutulek\/suvine-kokkutulek-loppis-2025\/#breadcrumb","itemListElement":[{"@type":"ListItem","position":1,"name":"Etusivu","item":"https:\/\/www.suviseurat.fi/2024\/et\/20091-2\/"},{"@type":"ListItem","position":2,"name":"Suvine kokkutulek","item":"https:\/\/www.suviseurat.fi/2024\/et\/suvine-kokkutulek\/"},{"@type":"ListItem","position":3,"name":"Suvine kokkutulek Loppis 2025"}]},{"@type":"WebSite","@id":"https:\/\/www.suviseurat.fi/2024\/#website","url":"https:\/\/www.suviseurat.fi/2024\/","name":"SRK:n Suviseurat Pudasj\u00e4rvell\u00e4 2024","description":"Olenko min\u00e4 sinulle rakas?","publisher":{"@id":"https:\/\/www.suviseurat.fi/2024\/#organization"},"potentialAction":[{"@type":"SearchAction","target":{"@type":"EntryPoint","urlTemplate":"https:\/\/www.suviseurat.fi/2024\/?s={search_term_string}"},"query-input":"required name=search_term_string"}],"inLanguage":"et"},{"@type":"Organization","@id":"https:\/\/www.suviseurat.fi/2024\/#organization","name":"Suviseurat","url":"https:\/\/www.suviseurat.fi/2024\/","logo":{"@type":"ImageObject","inLanguage":"et","@id":"https:\/\/www.suviseurat.fi/2024\/#\/schema\/logo\/image\/","url":"https:\/\/www.suviseurat.fi/2024\/wp-content\/uploads\/2023\/10\/tunnus-nelio.jpg","contentUrl":"https:\/\/www.suviseurat.fi/2024\/wp-content\/uploads\/2023\/10\/tunnus-nelio.jpg","width":1000,"height":1000,"caption":"Suviseurat"},"image":{"@id":"https:\/\/www.suviseurat.fi/2024\/#\/schema\/logo\/image\/"},"sameAs":["https:\/\/www.facebook.com\/SRKryNyt\/","https:\/\/x.com\/Suviseurat","https:\/\/www.facebook.com\/srksuviseurat\/","https:\/\/www.youtube.com\/@SRKnyt","https:\/\/www.instagram.com\/srk_nyt\/","https:\/\/www.flickr.com\/photos\/suviseurat"]}]}},"_links":{"self":[{"href":"https:\/\/www.suviseurat.fi/2024\/et\/wp-json\/wp\/v2\/pages\/20081"}],"collection":[{"href":"https:\/\/www.suviseurat.fi/2024\/et\/wp-json\/wp\/v2\/pages"}],"about":[{"href":"https:\/\/www.suviseurat.fi/2024\/et\/wp-json\/wp\/v2\/types\/page"}],"author":[{"embeddable":true,"href":"https:\/\/www.suviseurat.fi/2024\/et\/wp-json\/wp\/v2\/users\/19"}],"replies":[{"embeddable":true,"href":"https:\/\/www.suviseurat.fi/2024\/et\/wp-json\/wp\/v2\/comments?post=20081"}],"version-history":[{"count":3,"href":"https:\/\/www.suviseurat.fi/2024\/et\/wp-json\/wp\/v2\/pages\/20081\/revisions"}],"predecessor-version":[{"id":20086,"href":"https:\/\/www.suviseurat.fi/2024\/et\/wp-json\/wp\/v2\/pages\/20081\/revisions\/20086"}],"up":[{"embeddable":true,"href":"https:\/\/www.suviseurat.fi/2024\/et\/wp-json\/wp\/v2\/pages\/20089"}],"wp:attachment":[{"href":"https:\/\/www.suviseurat.fi/2024\/et\/wp-json\/wp\/v2\/media?parent=20081"}],"curies":[{"name":"wp","href":"https:\/\/api.w.org\/{rel}","templated":true}]}}