{"id":20087,"date":"2021-08-16T20:43:00","date_gmt":"2021-08-16T17:43:00","guid":{"rendered":"https:\/\/www.suviseurat.fi/2024\/kuula-ja-vaata\/"},"modified":"2024-06-23T14:51:18","modified_gmt":"2024-06-23T11:51:18","slug":"kuula-ja-vaata","status":"publish","type":"page","link":"https:\/\/www.suviseurat.fi/2024\/et\/kuula-ja-vaata\/","title":{"rendered":"Kuula ja vaata"},"content":{"rendered":"\n\n<p><br \/><\/p>\n\n\n<h2><strong>Kuula eelmiste aastate Suvisi kokkutulekuid<\/strong><\/h2>\n<p><span style=\"font-weight: 400\">Kokkutulekuraadio saadekava-arhiivist v\u00f5ib kuulata jutlusi ja saateid eelmiste aastate Suvistelt kokkutulekuilt. Edasi <\/span><a href=\"https:\/\/kesaseuraradio.fi\/paivaohjelmaarkisto\/\" target=\"_blank\" rel=\"noopener\"><span style=\"font-weight: 400\">saatekava-arhiivisse<\/span><\/a><span style=\"font-weight: 400\">.<\/span><\/p>\n<h2><strong>SRK jutluste arhiiv<\/strong><\/h2>\n<p><span style=\"font-weight: 400\">Arhiivisse on kogutud jutlusi nii Suvistelt kokkutulekutelt ja kui ka teistelt suurtelt kokkutulekutelt alates 1950ndatelt aastatelt. <\/span><a href=\"https:\/\/www.srk.fi\/fi\/work-areas\/seurat\/saarna-arkisto\/\" target=\"_blank\" rel=\"noopener\"><span style=\"font-weight: 400\">jutluste arhiivisse<\/span><\/a><span style=\"font-weight: 400\">.<\/span><\/p>","protected":false},"excerpt":{"rendered":"<p>Kuula eelmiste aastate Suvisi kokkutulekuid Kokkutulekuraadio saadekava-arhiivist v\u00f5ib kuulata jutlusi ja saateid eelmiste aastate Suvistelt<a class=\"moretag\" href=\"https:\/\/www.suviseurat.fi/2024\/et\/kuula-ja-vaata\/\">Jatka lukemista ><\/a><\/p>\n","protected":false},"author":19,"featured_media":0,"parent":0,"menu_order":2,"comment_status":"closed","ping_status":"closed","template":"","meta":{"_acf_changed":false,"footnotes":""},"class_list":["post-20087","page","type-page","status-publish","hentry"],"acf":[],"yoast_head":"<!-- This site is optimized with the Yoast SEO plugin v23.3 - https:\/\/yoast.com\/wordpress\/plugins\/seo\/ -->\n<title>Kuula ja vaata - SRK:n Suviseurat Pudasj\u00e4rvell\u00e4 2024<\/title>\n<meta name=\"description\" content=\"Kuula eelmiste aastate Suvisi kokkutulekuid Kokkutulekuraadio saadekava-arhiivist v\u00f5ib kuulata jutlusi ja saateid eelmiste aastate Suvistelt\" \/>\n<meta name=\"robots\" content=\"index, follow, max-snippet:-1, max-image-preview:large, max-video-preview:-1\" \/>\n<link rel=\"canonical\" href=\"https:\/\/www.suviseurat.fi/2024\/et\/kuula-ja-vaata\/\" \/>\n<meta property=\"og:locale\" content=\"et_EE\" \/>\n<meta property=\"og:type\" content=\"article\" \/>\n<meta property=\"og:title\" content=\"Kuula ja vaata - SRK:n Suviseurat Pudasj\u00e4rvell\u00e4 2024\" \/>\n<meta property=\"og:description\" content=\"Kuula eelmiste aastate Suvisi kokkutulekuid Kokkutulekuraadio saadekava-arhiivist v\u00f5ib kuulata jutlusi ja saateid eelmiste aastate Suvistelt\" \/>\n<meta property=\"og:url\" content=\"https:\/\/www.suviseurat.fi/2024\/et\/kuula-ja-vaata\/\" \/>\n<meta property=\"og:site_name\" content=\"SRK:n Suviseurat Pudasj\u00e4rvell\u00e4 2024\" \/>\n<meta property=\"article:publisher\" content=\"https:\/\/www.facebook.com\/SRKryNyt\/\" \/>\n<meta property=\"article:modified_time\" content=\"2024-06-23T11:51:18+00:00\" \/>\n<meta name=\"twitter:card\" content=\"summary_large_image\" \/>\n<meta name=\"twitter:site\" content=\"@Suviseurat\" \/>\n<script type=\"application\/ld+json\" class=\"yoast-schema-graph\">{\"@context\":\"https:\/\/schema.org\",\"@graph\":[{\"@type\":\"WebPage\",\"@id\":\"https:\/\/www.suviseurat.fi/2024\/et\/kuula-ja-vaata\/\",\"url\":\"https:\/\/www.suviseurat.fi/2024\/et\/kuula-ja-vaata\/\",\"name\":\"Kuula ja vaata - SRK:n Suviseurat Pudasj\u00e4rvell\u00e4 2024\",\"isPartOf\":{\"@id\":\"https:\/\/www.suviseurat.fi/2024\/#website\"},\"datePublished\":\"2021-08-16T17:43:00+00:00\",\"dateModified\":\"2024-06-23T11:51:18+00:00\",\"description\":\"Kuula eelmiste aastate Suvisi kokkutulekuid Kokkutulekuraadio saadekava-arhiivist v\u00f5ib kuulata jutlusi ja saateid eelmiste aastate Suvistelt\",\"breadcrumb\":{\"@id\":\"https:\/\/www.suviseurat.fi/2024\/et\/kuula-ja-vaata\/#breadcrumb\"},\"inLanguage\":\"et\",\"potentialAction\":[{\"@type\":\"ReadAction\",\"target\":[\"https:\/\/www.suviseurat.fi/2024\/et\/kuula-ja-vaata\/\"]}]},{\"@type\":\"BreadcrumbList\",\"@id\":\"https:\/\/www.suviseurat.fi/2024\/et\/kuula-ja-vaata\/#breadcrumb\",\"itemListElement\":[{\"@type\":\"ListItem\",\"position\":1,\"name\":\"Etusivu\",\"item\":\"https:\/\/www.suviseurat.fi/2024\/et\/20091-2\/\"},{\"@type\":\"ListItem\",\"position\":2,\"name\":\"Kuula ja vaata\"}]},{\"@type\":\"WebSite\",\"@id\":\"https:\/\/www.suviseurat.fi/2024\/#website\",\"url\":\"https:\/\/www.suviseurat.fi/2024\/\",\"name\":\"SRK:n Suviseurat Pudasj\u00e4rvell\u00e4 2024\",\"description\":\"Olenko min\u00e4 sinulle rakas?\",\"publisher\":{\"@id\":\"https:\/\/www.suviseurat.fi/2024\/#organization\"},\"potentialAction\":[{\"@type\":\"SearchAction\",\"target\":{\"@type\":\"EntryPoint\",\"urlTemplate\":\"https:\/\/www.suviseurat.fi/2024\/?s={search_term_string}\"},\"query-input\":\"required name=search_term_string\"}],\"inLanguage\":\"et\"},{\"@type\":\"Organization\",\"@id\":\"https:\/\/www.suviseurat.fi/2024\/#organization\",\"name\":\"Suviseurat\",\"url\":\"https:\/\/www.suviseurat.fi/2024\/\",\"logo\":{\"@type\":\"ImageObject\",\"inLanguage\":\"et\",\"@id\":\"https:\/\/www.suviseurat.fi/2024\/#\/schema\/logo\/image\/\",\"url\":\"https:\/\/www.suviseurat.fi/2024\/wp-content\/uploads\/2023\/10\/tunnus-nelio.jpg\",\"contentUrl\":\"https:\/\/www.suviseurat.fi/2024\/wp-content\/uploads\/2023\/10\/tunnus-nelio.jpg\",\"width\":1000,\"height\":1000,\"caption\":\"Suviseurat\"},\"image\":{\"@id\":\"https:\/\/www.suviseurat.fi/2024\/#\/schema\/logo\/image\/\"},\"sameAs\":[\"https:\/\/www.facebook.com\/SRKryNyt\/\",\"https:\/\/x.com\/Suviseurat\",\"https:\/\/www.facebook.com\/srksuviseurat\/\",\"https:\/\/www.youtube.com\/@SRKnyt\",\"https:\/\/www.instagram.com\/srk_nyt\/\",\"https:\/\/www.flickr.com\/photos\/suviseurat\"]}]}<\/script>\n<!-- \/ Yoast SEO plugin. -->","yoast_head_json":{"title":"Kuula ja vaata - SRK:n Suviseurat Pudasj\u00e4rvell\u00e4 2024","description":"Kuula eelmiste aastate Suvisi kokkutulekuid Kokkutulekuraadio saadekava-arhiivist v\u00f5ib kuulata jutlusi ja saateid eelmiste aastate Suvistelt","robots":{"index":"index","follow":"follow","max-snippet":"max-snippet:-1","max-image-preview":"max-image-preview:large","max-video-preview":"max-video-preview:-1"},"canonical":"https:\/\/www.suviseurat.fi/2024\/et\/kuula-ja-vaata\/","og_locale":"et_EE","og_type":"article","og_title":"Kuula ja vaata - SRK:n Suviseurat Pudasj\u00e4rvell\u00e4 2024","og_description":"Kuula eelmiste aastate Suvisi kokkutulekuid Kokkutulekuraadio saadekava-arhiivist v\u00f5ib kuulata jutlusi ja saateid eelmiste aastate Suvistelt","og_url":"https:\/\/www.suviseurat.fi/2024\/et\/kuula-ja-vaata\/","og_site_name":"SRK:n Suviseurat Pudasj\u00e4rvell\u00e4 2024","article_publisher":"https:\/\/www.facebook.com\/SRKryNyt\/","article_modified_time":"2024-06-23T11:51:18+00:00","twitter_card":"summary_large_image","twitter_site":"@Suviseurat","schema":{"@context":"https:\/\/schema.org","@graph":[{"@type":"WebPage","@id":"https:\/\/www.suviseurat.fi/2024\/et\/kuula-ja-vaata\/","url":"https:\/\/www.suviseurat.fi/2024\/et\/kuula-ja-vaata\/","name":"Kuula ja vaata - SRK:n Suviseurat Pudasj\u00e4rvell\u00e4 2024","isPartOf":{"@id":"https:\/\/www.suviseurat.fi/2024\/#website"},"datePublished":"2021-08-16T17:43:00+00:00","dateModified":"2024-06-23T11:51:18+00:00","description":"Kuula eelmiste aastate Suvisi kokkutulekuid Kokkutulekuraadio saadekava-arhiivist v\u00f5ib kuulata jutlusi ja saateid eelmiste aastate Suvistelt","breadcrumb":{"@id":"https:\/\/www.suviseurat.fi/2024\/et\/kuula-ja-vaata\/#breadcrumb"},"inLanguage":"et","potentialAction":[{"@type":"ReadAction","target":["https:\/\/www.suviseurat.fi/2024\/et\/kuula-ja-vaata\/"]}]},{"@type":"BreadcrumbList","@id":"https:\/\/www.suviseurat.fi/2024\/et\/kuula-ja-vaata\/#breadcrumb","itemListElement":[{"@type":"ListItem","position":1,"name":"Etusivu","item":"https:\/\/www.suviseurat.fi/2024\/et\/20091-2\/"},{"@type":"ListItem","position":2,"name":"Kuula ja vaata"}]},{"@type":"WebSite","@id":"https:\/\/www.suviseurat.fi/2024\/#website","url":"https:\/\/www.suviseurat.fi/2024\/","name":"SRK:n Suviseurat Pudasj\u00e4rvell\u00e4 2024","description":"Olenko min\u00e4 sinulle rakas?","publisher":{"@id":"https:\/\/www.suviseurat.fi/2024\/#organization"},"potentialAction":[{"@type":"SearchAction","target":{"@type":"EntryPoint","urlTemplate":"https:\/\/www.suviseurat.fi/2024\/?s={search_term_string}"},"query-input":"required name=search_term_string"}],"inLanguage":"et"},{"@type":"Organization","@id":"https:\/\/www.suviseurat.fi/2024\/#organization","name":"Suviseurat","url":"https:\/\/www.suviseurat.fi/2024\/","logo":{"@type":"ImageObject","inLanguage":"et","@id":"https:\/\/www.suviseurat.fi/2024\/#\/schema\/logo\/image\/","url":"https:\/\/www.suviseurat.fi/2024\/wp-content\/uploads\/2023\/10\/tunnus-nelio.jpg","contentUrl":"https:\/\/www.suviseurat.fi/2024\/wp-content\/uploads\/2023\/10\/tunnus-nelio.jpg","width":1000,"height":1000,"caption":"Suviseurat"},"image":{"@id":"https:\/\/www.suviseurat.fi/2024\/#\/schema\/logo\/image\/"},"sameAs":["https:\/\/www.facebook.com\/SRKryNyt\/","https:\/\/x.com\/Suviseurat","https:\/\/www.facebook.com\/srksuviseurat\/","https:\/\/www.youtube.com\/@SRKnyt","https:\/\/www.instagram.com\/srk_nyt\/","https:\/\/www.flickr.com\/photos\/suviseurat"]}]}},"_links":{"self":[{"href":"https:\/\/www.suviseurat.fi/2024\/et\/wp-json\/wp\/v2\/pages\/20087"}],"collection":[{"href":"https:\/\/www.suviseurat.fi/2024\/et\/wp-json\/wp\/v2\/pages"}],"about":[{"href":"https:\/\/www.suviseurat.fi/2024\/et\/wp-json\/wp\/v2\/types\/page"}],"author":[{"embeddable":true,"href":"https:\/\/www.suviseurat.fi/2024\/et\/wp-json\/wp\/v2\/users\/19"}],"replies":[{"embeddable":true,"href":"https:\/\/www.suviseurat.fi/2024\/et\/wp-json\/wp\/v2\/comments?post=20087"}],"version-history":[{"count":4,"href":"https:\/\/www.suviseurat.fi/2024\/et\/wp-json\/wp\/v2\/pages\/20087\/revisions"}],"predecessor-version":[{"id":20669,"href":"https:\/\/www.suviseurat.fi/2024\/et\/wp-json\/wp\/v2\/pages\/20087\/revisions\/20669"}],"wp:attachment":[{"href":"https:\/\/www.suviseurat.fi/2024\/et\/wp-json\/wp\/v2\/media?parent=20087"}],"curies":[{"name":"wp","href":"https:\/\/api.w.org\/{rel}","templated":true}]}}