{"id":20089,"date":"2021-11-18T19:23:42","date_gmt":"2021-11-18T17:23:42","guid":{"rendered":"https:\/\/www.suviseurat.fi/2024\/suvine-kokkutulek\/"},"modified":"2024-06-02T16:16:15","modified_gmt":"2024-06-02T13:16:15","slug":"suvine-kokkutulek","status":"publish","type":"page","link":"https:\/\/www.suviseurat.fi/2024\/et\/suvine-kokkutulek\/","title":{"rendered":"Suvine kokkutulek"},"content":{"rendered":"\n<h1 class=\"wp-block-heading\"><strong>Suvine kokkutulek<\/strong><\/h1>\n\n<p><span style=\"font-weight: 400\"><strong>Suvine kokkutulek<\/strong> on vanap\u00e4rase lestadiusluse iga-aastane suvepidu. See on ka rahvusvaheline ja P\u00f5hjamaade k\u00f5ige suurem vaimulik s\u00fcndmus. Vanap\u00e4rane lestadiuslus on Soome evangeelse luterliku kiriku \u00e4ratusliikumine.  <\/span><\/p>\n\n<p><span style=\"font-weight: 400\">Suvisel kokkutulekul olulise t\u00e4htsusega on Piiblil p\u00f5hinevad jutlused, koos laulmine ning kohtumised. Me tahame vahendada head s\u00f5numit pattude andeksandmisest ning kutsuda uskuma. Enamus kokkutuleku k\u00fclalistest majutub kokkutuleku alal.   <\/span><\/p>\n\n<p><span style=\"font-weight: 400\">Lisaks jutlustele korraldatakse kokkutulekutelgis p\u00fcha armulaud laup\u00e4eval ning jumalateenistus ja p\u00fchap\u00e4evakool p\u00fchap\u00e4eval. P\u00fchap\u00e4eval korraldatakse jumalateenistusi ka \u00fcmbruskonna kirikutes koost\u00f6\u00f6na kohalike kogudustega. <\/span><\/p>\n\n<p><span style=\"font-weight: 400\">K\u00f5ik on teretulnud Suvisele kokkutulekule. \u00dcritusele on vaba sissep\u00e4\u00e4s. <\/span><\/p>\n\n<div style=\"height:50px\" aria-hidden=\"true\" class=\"wp-block-spacer\"><\/div>\n\n<h3 class=\"wp-block-heading\"><strong>Suvine kokkutulek Pudasj\u00e4rvis 2024<\/strong><\/h3>\n\n<p>Kui Jumal lubab, korraldatakse aasta 2024 Soome Rahu\u00fchenduste Kesk\u00fchenduse Suvine kokkutulek Pudasj\u00e4rvis 28.6. &#8211; 1.7.2024.<\/p>\n\n<p>Kokkutulekukohaks on Pudasj\u00e4rvi linna lennujaam. Eelmine kord Suvine kokkutulek Pudasj\u00e4rvi lennujaamas korraldati 2013 aastal. Kokkutulekuala on arendatud koos Pudasj\u00e4rvi linnaga nii, et seal oleks veelgi parem erinevaid \u00fcritusi organiseerida. Pudasj\u00e4rvi asub P\u00f5hja-Pohjanmaa p\u00f5hjaosas, umbes 100 km Oulust Kuusamo poole. Pudasj\u00e4rvis elab umbes 7600 inimest.     <\/p>\n\n<p>Korraldamise eest vastutavad Kuusamo, Jakkukyl\u00e4, Kiimingi, Posio, Pudasj\u00e4rvi, Ranua, Taivalkoski, Ylikiimingi ja Yli-Ii rahu\u00fchendused. Suvise kokkutuleku korraldamise peavastutajaks on Kuusamo rahu\u00fchendus.<\/p>\n\n<p>Meie palve on, et Jumal \u00f5nnistaks meie kokkutuleku korraldust\u00f6\u00f6d. Palume, et Jumala s\u00f5na saaks kutsuda otsijaid Jumala riiki ning kosutada s\u00f5nakuulajaid Pudasj\u00e4rvi Suvisel kokkutulekul 2024. <\/p>\n\n<p><em>Pudasj\u00e4rvi Suvise kokkutuleku peatoimkond<\/em><\/p>\n","protected":false},"excerpt":{"rendered":"<p>Suvine kokkutulek Suvine kokkutulek on vanap\u00e4rase lestadiusluse iga-aastane suvepidu. See on ka rahvusvaheline ja P\u00f5hjamaade<a class=\"moretag\" href=\"https:\/\/www.suviseurat.fi/2024\/et\/suvine-kokkutulek\/\">Jatka lukemista ><\/a><\/p>\n","protected":false},"author":19,"featured_media":0,"parent":0,"menu_order":0,"comment_status":"closed","ping_status":"closed","template":"","meta":{"_acf_changed":false,"footnotes":""},"class_list":["post-20089","page","type-page","status-publish","hentry"],"acf":[],"yoast_head":"<!-- This site is optimized with the Yoast SEO plugin v23.3 - https:\/\/yoast.com\/wordpress\/plugins\/seo\/ -->\n<title>Suvine kokkutulek - SRK:n Suviseurat Pudasj\u00e4rvell\u00e4 2024<\/title>\n<meta name=\"description\" content=\"Suvine kokkutulek Suvine kokkutulek on vanap\u00e4rase lestadiusluse iga-aastane suvepidu. See on ka rahvusvaheline ja P\u00f5hjamaade k\u00f5ige suurem vaimulik\" \/>\n<meta name=\"robots\" content=\"index, follow, max-snippet:-1, max-image-preview:large, max-video-preview:-1\" \/>\n<link rel=\"canonical\" href=\"https:\/\/www.suviseurat.fi/2024\/et\/suvine-kokkutulek\/\" \/>\n<meta property=\"og:locale\" content=\"et_EE\" \/>\n<meta property=\"og:type\" content=\"article\" \/>\n<meta property=\"og:title\" content=\"Suvine kokkutulek - SRK:n Suviseurat Pudasj\u00e4rvell\u00e4 2024\" \/>\n<meta property=\"og:description\" content=\"Suvine kokkutulek Suvine kokkutulek on vanap\u00e4rase lestadiusluse iga-aastane suvepidu. See on ka rahvusvaheline ja P\u00f5hjamaade k\u00f5ige suurem vaimulik\" \/>\n<meta property=\"og:url\" content=\"https:\/\/www.suviseurat.fi/2024\/et\/suvine-kokkutulek\/\" \/>\n<meta property=\"og:site_name\" content=\"SRK:n Suviseurat Pudasj\u00e4rvell\u00e4 2024\" \/>\n<meta property=\"article:publisher\" content=\"https:\/\/www.facebook.com\/SRKryNyt\/\" \/>\n<meta property=\"article:modified_time\" content=\"2024-06-02T13:16:15+00:00\" \/>\n<meta name=\"twitter:card\" content=\"summary_large_image\" \/>\n<meta name=\"twitter:site\" content=\"@Suviseurat\" \/>\n<meta name=\"twitter:label1\" content=\"Est. reading time\" \/>\n\t<meta name=\"twitter:data1\" content=\"1 minute\" \/>\n<script type=\"application\/ld+json\" class=\"yoast-schema-graph\">{\"@context\":\"https:\/\/schema.org\",\"@graph\":[{\"@type\":\"WebPage\",\"@id\":\"https:\/\/www.suviseurat.fi/2024\/et\/suvine-kokkutulek\/\",\"url\":\"https:\/\/www.suviseurat.fi/2024\/et\/suvine-kokkutulek\/\",\"name\":\"Suvine kokkutulek - SRK:n Suviseurat Pudasj\u00e4rvell\u00e4 2024\",\"isPartOf\":{\"@id\":\"https:\/\/www.suviseurat.fi/2024\/#website\"},\"datePublished\":\"2021-11-18T17:23:42+00:00\",\"dateModified\":\"2024-06-02T13:16:15+00:00\",\"description\":\"Suvine kokkutulek Suvine kokkutulek on vanap\u00e4rase lestadiusluse iga-aastane suvepidu. See on ka rahvusvaheline ja P\u00f5hjamaade k\u00f5ige suurem vaimulik\",\"breadcrumb\":{\"@id\":\"https:\/\/www.suviseurat.fi/2024\/et\/suvine-kokkutulek\/#breadcrumb\"},\"inLanguage\":\"et\",\"potentialAction\":[{\"@type\":\"ReadAction\",\"target\":[\"https:\/\/www.suviseurat.fi/2024\/et\/suvine-kokkutulek\/\"]}]},{\"@type\":\"BreadcrumbList\",\"@id\":\"https:\/\/www.suviseurat.fi/2024\/et\/suvine-kokkutulek\/#breadcrumb\",\"itemListElement\":[{\"@type\":\"ListItem\",\"position\":1,\"name\":\"Etusivu\",\"item\":\"https:\/\/www.suviseurat.fi/2024\/et\/20091-2\/\"},{\"@type\":\"ListItem\",\"position\":2,\"name\":\"Suvine kokkutulek\"}]},{\"@type\":\"WebSite\",\"@id\":\"https:\/\/www.suviseurat.fi/2024\/#website\",\"url\":\"https:\/\/www.suviseurat.fi/2024\/\",\"name\":\"SRK:n Suviseurat Pudasj\u00e4rvell\u00e4 2024\",\"description\":\"Olenko min\u00e4 sinulle rakas?\",\"publisher\":{\"@id\":\"https:\/\/www.suviseurat.fi/2024\/#organization\"},\"potentialAction\":[{\"@type\":\"SearchAction\",\"target\":{\"@type\":\"EntryPoint\",\"urlTemplate\":\"https:\/\/www.suviseurat.fi/2024\/?s={search_term_string}\"},\"query-input\":\"required name=search_term_string\"}],\"inLanguage\":\"et\"},{\"@type\":\"Organization\",\"@id\":\"https:\/\/www.suviseurat.fi/2024\/#organization\",\"name\":\"Suviseurat\",\"url\":\"https:\/\/www.suviseurat.fi/2024\/\",\"logo\":{\"@type\":\"ImageObject\",\"inLanguage\":\"et\",\"@id\":\"https:\/\/www.suviseurat.fi/2024\/#\/schema\/logo\/image\/\",\"url\":\"https:\/\/www.suviseurat.fi/2024\/wp-content\/uploads\/2023\/10\/tunnus-nelio.jpg\",\"contentUrl\":\"https:\/\/www.suviseurat.fi/2024\/wp-content\/uploads\/2023\/10\/tunnus-nelio.jpg\",\"width\":1000,\"height\":1000,\"caption\":\"Suviseurat\"},\"image\":{\"@id\":\"https:\/\/www.suviseurat.fi/2024\/#\/schema\/logo\/image\/\"},\"sameAs\":[\"https:\/\/www.facebook.com\/SRKryNyt\/\",\"https:\/\/x.com\/Suviseurat\",\"https:\/\/www.facebook.com\/srksuviseurat\/\",\"https:\/\/www.youtube.com\/@SRKnyt\",\"https:\/\/www.instagram.com\/srk_nyt\/\",\"https:\/\/www.flickr.com\/photos\/suviseurat\"]}]}<\/script>\n<!-- \/ Yoast SEO plugin. -->","yoast_head_json":{"title":"Suvine kokkutulek - SRK:n Suviseurat Pudasj\u00e4rvell\u00e4 2024","description":"Suvine kokkutulek Suvine kokkutulek on vanap\u00e4rase lestadiusluse iga-aastane suvepidu. See on ka rahvusvaheline ja P\u00f5hjamaade k\u00f5ige suurem vaimulik","robots":{"index":"index","follow":"follow","max-snippet":"max-snippet:-1","max-image-preview":"max-image-preview:large","max-video-preview":"max-video-preview:-1"},"canonical":"https:\/\/www.suviseurat.fi/2024\/et\/suvine-kokkutulek\/","og_locale":"et_EE","og_type":"article","og_title":"Suvine kokkutulek - SRK:n Suviseurat Pudasj\u00e4rvell\u00e4 2024","og_description":"Suvine kokkutulek Suvine kokkutulek on vanap\u00e4rase lestadiusluse iga-aastane suvepidu. See on ka rahvusvaheline ja P\u00f5hjamaade k\u00f5ige suurem vaimulik","og_url":"https:\/\/www.suviseurat.fi/2024\/et\/suvine-kokkutulek\/","og_site_name":"SRK:n Suviseurat Pudasj\u00e4rvell\u00e4 2024","article_publisher":"https:\/\/www.facebook.com\/SRKryNyt\/","article_modified_time":"2024-06-02T13:16:15+00:00","twitter_card":"summary_large_image","twitter_site":"@Suviseurat","twitter_misc":{"Est. reading time":"1 minute"},"schema":{"@context":"https:\/\/schema.org","@graph":[{"@type":"WebPage","@id":"https:\/\/www.suviseurat.fi/2024\/et\/suvine-kokkutulek\/","url":"https:\/\/www.suviseurat.fi/2024\/et\/suvine-kokkutulek\/","name":"Suvine kokkutulek - SRK:n Suviseurat Pudasj\u00e4rvell\u00e4 2024","isPartOf":{"@id":"https:\/\/www.suviseurat.fi/2024\/#website"},"datePublished":"2021-11-18T17:23:42+00:00","dateModified":"2024-06-02T13:16:15+00:00","description":"Suvine kokkutulek Suvine kokkutulek on vanap\u00e4rase lestadiusluse iga-aastane suvepidu. See on ka rahvusvaheline ja P\u00f5hjamaade k\u00f5ige suurem vaimulik","breadcrumb":{"@id":"https:\/\/www.suviseurat.fi/2024\/et\/suvine-kokkutulek\/#breadcrumb"},"inLanguage":"et","potentialAction":[{"@type":"ReadAction","target":["https:\/\/www.suviseurat.fi/2024\/et\/suvine-kokkutulek\/"]}]},{"@type":"BreadcrumbList","@id":"https:\/\/www.suviseurat.fi/2024\/et\/suvine-kokkutulek\/#breadcrumb","itemListElement":[{"@type":"ListItem","position":1,"name":"Etusivu","item":"https:\/\/www.suviseurat.fi/2024\/et\/20091-2\/"},{"@type":"ListItem","position":2,"name":"Suvine kokkutulek"}]},{"@type":"WebSite","@id":"https:\/\/www.suviseurat.fi/2024\/#website","url":"https:\/\/www.suviseurat.fi/2024\/","name":"SRK:n Suviseurat Pudasj\u00e4rvell\u00e4 2024","description":"Olenko min\u00e4 sinulle rakas?","publisher":{"@id":"https:\/\/www.suviseurat.fi/2024\/#organization"},"potentialAction":[{"@type":"SearchAction","target":{"@type":"EntryPoint","urlTemplate":"https:\/\/www.suviseurat.fi/2024\/?s={search_term_string}"},"query-input":"required name=search_term_string"}],"inLanguage":"et"},{"@type":"Organization","@id":"https:\/\/www.suviseurat.fi/2024\/#organization","name":"Suviseurat","url":"https:\/\/www.suviseurat.fi/2024\/","logo":{"@type":"ImageObject","inLanguage":"et","@id":"https:\/\/www.suviseurat.fi/2024\/#\/schema\/logo\/image\/","url":"https:\/\/www.suviseurat.fi/2024\/wp-content\/uploads\/2023\/10\/tunnus-nelio.jpg","contentUrl":"https:\/\/www.suviseurat.fi/2024\/wp-content\/uploads\/2023\/10\/tunnus-nelio.jpg","width":1000,"height":1000,"caption":"Suviseurat"},"image":{"@id":"https:\/\/www.suviseurat.fi/2024\/#\/schema\/logo\/image\/"},"sameAs":["https:\/\/www.facebook.com\/SRKryNyt\/","https:\/\/x.com\/Suviseurat","https:\/\/www.facebook.com\/srksuviseurat\/","https:\/\/www.youtube.com\/@SRKnyt","https:\/\/www.instagram.com\/srk_nyt\/","https:\/\/www.flickr.com\/photos\/suviseurat"]}]}},"_links":{"self":[{"href":"https:\/\/www.suviseurat.fi/2024\/et\/wp-json\/wp\/v2\/pages\/20089"}],"collection":[{"href":"https:\/\/www.suviseurat.fi/2024\/et\/wp-json\/wp\/v2\/pages"}],"about":[{"href":"https:\/\/www.suviseurat.fi/2024\/et\/wp-json\/wp\/v2\/types\/page"}],"author":[{"embeddable":true,"href":"https:\/\/www.suviseurat.fi/2024\/et\/wp-json\/wp\/v2\/users\/19"}],"replies":[{"embeddable":true,"href":"https:\/\/www.suviseurat.fi/2024\/et\/wp-json\/wp\/v2\/comments?post=20089"}],"version-history":[{"count":1,"href":"https:\/\/www.suviseurat.fi/2024\/et\/wp-json\/wp\/v2\/pages\/20089\/revisions"}],"predecessor-version":[{"id":20090,"href":"https:\/\/www.suviseurat.fi/2024\/et\/wp-json\/wp\/v2\/pages\/20089\/revisions\/20090"}],"wp:attachment":[{"href":"https:\/\/www.suviseurat.fi/2024\/et\/wp-json\/wp\/v2\/media?parent=20089"}],"curies":[{"name":"wp","href":"https:\/\/api.w.org\/{rel}","templated":true}]}}