{"id":19648,"date":"2022-10-17T20:31:28","date_gmt":"2022-10-17T17:31:28","guid":{"rendered":"https:\/\/www.suviseurat.fi/2024\/la-devise-de-la-reunion\/"},"modified":"2024-05-05T19:40:14","modified_gmt":"2024-05-05T16:40:14","slug":"la-devise-de-la-reunion","status":"publish","type":"page","link":"https:\/\/www.suviseurat.fi/2024\/fr\/la-reunion-d-ete\/la-devise-de-la-reunion\/","title":{"rendered":"La devise de la r\u00e9union"},"content":{"rendered":"\n<div class=\"wp-block-columns is-layout-flex wp-container-core-columns-is-layout-1 wp-block-columns-is-layout-flex\">\n<div class=\"wp-block-column is-layout-flow wp-block-column-is-layout-flow\">\n<h2 class=\"wp-block-heading\"><strong>As-tu de l\u2019amour pour moi ? <\/strong><br\/><strong>(Jean 21:17)<\/strong><\/h2>\n\n\n\n<p>La devise de la r\u00e9union d&#8217;\u00e9t\u00e9 est tir\u00e9e de l&#8217;\u00c9vangile selon Jean : \u00ab As-tu de l&#8217;amour pour moi ? \u00bb (Jean 21 :17). La question est celle que J\u00e9sus ressuscit\u00e9 pose \u00e0 Pierre, un disciple qui, plus t\u00f4t, dans la cour du grand pr\u00eatre, avait ni\u00e9 conna\u00eetre J\u00e9sus. Dans ce passage de la Bible, J\u00e9sus demande \u00e0 Pierre s&#8217;il l&#8217;aime. On peut penser que la question s&#8217;adresse non seulement \u00e0 Pierre, mais aussi \u00e0 tout \u00eatre humain. Le titre vous fait r\u00e9fl\u00e9chir sur votre volont\u00e9 personnelle de croire. <\/p>\n\n\n\n<p>La porte de f\u00eate et le logo de la r\u00e9union d&#8217;\u00e9t\u00e9 ont \u00e9t\u00e9 con\u00e7us \u00e0 partir d&#8217;une id\u00e9e de Tauno Walkeaj\u00e4rvi. L&#8217;arri\u00e8re-plan du logo est un lac bleu, repr\u00e9sentant le lac de Tib\u00e9riade, lieu de rencontre de J\u00e9sus et de Pierre. Le logo combine un c\u0153ur et un point d&#8217;interrogation. Le c\u0153ur blanc est divis\u00e9 en deux parties : \u00e0 gauche, les mots de J\u00e9sus et \u00e0 droite, un point d&#8217;interrogation.<\/p>\n<\/div>\n\n\n\n<div class=\"wp-block-column is-layout-flow wp-block-column-is-layout-flow\">\n<figure class=\"wp-block-image\"><a href=\"https:\/\/www.suviseurat.fi/2024\/wp-content\/uploads\/2023\/10\/pj2024-merkki-e1698044587903.jpg\"><img loading=\"lazy\" decoding=\"async\" width=\"827\" height=\"709\" src=\"https:\/\/www.suviseurat.fi/2024\/wp-content\/uploads\/2023\/10\/pj2024-merkki-e1698044587903.jpg\" alt=\"\" class=\"wp-image-18962\" srcset=\"https:\/\/www.suviseurat.fi/2024\/wp-content\/uploads\/2023\/10\/pj2024-merkki-e1698044587903.jpg 827w, https:\/\/www.suviseurat.fi/2024\/wp-content\/uploads\/2023\/10\/pj2024-merkki-e1698044587903-768x658.jpg 768w\" sizes=\"(max-width: 827px) 100vw, 827px\" \/><\/a><\/figure>\n<\/div>\n<\/div>\n","protected":false},"excerpt":{"rendered":"<p>As-tu de l\u2019amour pour moi ? (Jean 21:17) La devise de la r\u00e9union d&#8217;\u00e9t\u00e9 est<a class=\"moretag\" href=\"https:\/\/www.suviseurat.fi/2024\/fr\/la-reunion-d-ete\/la-devise-de-la-reunion\/\">Jatka lukemista ><\/a><\/p>\n","protected":false},"author":33,"featured_media":0,"parent":19652,"menu_order":4,"comment_status":"closed","ping_status":"closed","template":"","meta":{"_acf_changed":false,"footnotes":""},"class_list":["post-19648","page","type-page","status-publish","hentry"],"acf":[],"yoast_head":"<!-- This site is optimized with the Yoast SEO plugin v23.3 - https:\/\/yoast.com\/wordpress\/plugins\/seo\/ -->\n<title>La devise de la r\u00e9union - SRK:n Suviseurat Pudasj\u00e4rvell\u00e4 2024<\/title>\n<meta name=\"description\" content=\"As-tu de l\u2019amour pour moi ? (Jean 21:17) La devise de la r\u00e9union d&#039;\u00e9t\u00e9 est tir\u00e9e de l&#039;\u00c9vangile selon Jean : \u00ab As-tu de l&#039;amour pour moi ? \u00bb (Jean 21 :17).\" \/>\n<meta name=\"robots\" content=\"index, follow, max-snippet:-1, max-image-preview:large, max-video-preview:-1\" \/>\n<link rel=\"canonical\" href=\"https:\/\/www.suviseurat.fi/2024\/fr\/la-reunion-d-ete\/la-devise-de-la-reunion\/\" \/>\n<meta property=\"og:locale\" content=\"fr_FR\" \/>\n<meta property=\"og:type\" content=\"article\" \/>\n<meta property=\"og:title\" content=\"La devise de la r\u00e9union - SRK:n Suviseurat Pudasj\u00e4rvell\u00e4 2024\" \/>\n<meta property=\"og:description\" content=\"As-tu de l\u2019amour pour moi ? (Jean 21:17) La devise de la r\u00e9union d&#039;\u00e9t\u00e9 est tir\u00e9e de l&#039;\u00c9vangile selon Jean : \u00ab As-tu de l&#039;amour pour moi ? \u00bb (Jean 21 :17).\" \/>\n<meta property=\"og:url\" content=\"https:\/\/www.suviseurat.fi/2024\/fr\/la-reunion-d-ete\/la-devise-de-la-reunion\/\" \/>\n<meta property=\"og:site_name\" content=\"SRK:n Suviseurat Pudasj\u00e4rvell\u00e4 2024\" \/>\n<meta property=\"article:publisher\" content=\"https:\/\/www.facebook.com\/SRKryNyt\/\" \/>\n<meta property=\"article:modified_time\" content=\"2024-05-05T16:40:14+00:00\" \/>\n<meta property=\"og:image\" content=\"https:\/\/www.suviseurat.fi/2024\/wp-content\/uploads\/2023\/10\/pj2024-merkki-e1698044587903.jpg\" \/>\n<meta name=\"twitter:card\" content=\"summary_large_image\" \/>\n<meta name=\"twitter:site\" content=\"@Suviseurat\" \/>\n<meta name=\"twitter:label1\" content=\"Dur\u00e9e de lecture estim\u00e9e\" \/>\n\t<meta name=\"twitter:data1\" content=\"1 minute\" \/>\n<script type=\"application\/ld+json\" class=\"yoast-schema-graph\">{\"@context\":\"https:\/\/schema.org\",\"@graph\":[{\"@type\":\"WebPage\",\"@id\":\"https:\/\/www.suviseurat.fi/2024\/fr\/la-reunion-d-ete\/la-devise-de-la-reunion\/\",\"url\":\"https:\/\/www.suviseurat.fi/2024\/fr\/la-reunion-d-ete\/la-devise-de-la-reunion\/\",\"name\":\"La devise de la r\u00e9union - SRK:n Suviseurat Pudasj\u00e4rvell\u00e4 2024\",\"isPartOf\":{\"@id\":\"https:\/\/www.suviseurat.fi/2024\/#website\"},\"primaryImageOfPage\":{\"@id\":\"https:\/\/www.suviseurat.fi/2024\/fr\/la-reunion-d-ete\/la-devise-de-la-reunion\/#primaryimage\"},\"image\":{\"@id\":\"https:\/\/www.suviseurat.fi/2024\/fr\/la-reunion-d-ete\/la-devise-de-la-reunion\/#primaryimage\"},\"thumbnailUrl\":\"https:\/\/www.suviseurat.fi/2024\/wp-content\/uploads\/2023\/10\/pj2024-merkki-e1698044587903.jpg\",\"datePublished\":\"2022-10-17T17:31:28+00:00\",\"dateModified\":\"2024-05-05T16:40:14+00:00\",\"description\":\"As-tu de l\u2019amour pour moi ? (Jean 21:17) La devise de la r\u00e9union d'\u00e9t\u00e9 est tir\u00e9e de l'\u00c9vangile selon Jean : \u00ab As-tu de l'amour pour moi ? \u00bb (Jean 21 :17).\",\"breadcrumb\":{\"@id\":\"https:\/\/www.suviseurat.fi/2024\/fr\/la-reunion-d-ete\/la-devise-de-la-reunion\/#breadcrumb\"},\"inLanguage\":\"fr-FR\",\"potentialAction\":[{\"@type\":\"ReadAction\",\"target\":[\"https:\/\/www.suviseurat.fi/2024\/fr\/la-reunion-d-ete\/la-devise-de-la-reunion\/\"]}]},{\"@type\":\"ImageObject\",\"inLanguage\":\"fr-FR\",\"@id\":\"https:\/\/www.suviseurat.fi/2024\/fr\/la-reunion-d-ete\/la-devise-de-la-reunion\/#primaryimage\",\"url\":\"https:\/\/www.suviseurat.fi/2024\/wp-content\/uploads\/2023\/10\/pj2024-merkki-e1698044587903.jpg\",\"contentUrl\":\"https:\/\/www.suviseurat.fi/2024\/wp-content\/uploads\/2023\/10\/pj2024-merkki-e1698044587903.jpg\"},{\"@type\":\"BreadcrumbList\",\"@id\":\"https:\/\/www.suviseurat.fi/2024\/fr\/la-reunion-d-ete\/la-devise-de-la-reunion\/#breadcrumb\",\"itemListElement\":[{\"@type\":\"ListItem\",\"position\":1,\"name\":\"Etusivu\",\"item\":\"https:\/\/www.suviseurat.fi/2024\/fr\/\"},{\"@type\":\"ListItem\",\"position\":2,\"name\":\"La r\u00e9union d&#8217;\u00e9t\u00e9\",\"item\":\"https:\/\/www.suviseurat.fi/2024\/fr\/la-reunion-d-ete\/\"},{\"@type\":\"ListItem\",\"position\":3,\"name\":\"La devise de la r\u00e9union\"}]},{\"@type\":\"WebSite\",\"@id\":\"https:\/\/www.suviseurat.fi/2024\/#website\",\"url\":\"https:\/\/www.suviseurat.fi/2024\/\",\"name\":\"SRK:n Suviseurat Pudasj\u00e4rvell\u00e4 2024\",\"description\":\"Olenko min\u00e4 sinulle rakas?\",\"publisher\":{\"@id\":\"https:\/\/www.suviseurat.fi/2024\/#organization\"},\"potentialAction\":[{\"@type\":\"SearchAction\",\"target\":{\"@type\":\"EntryPoint\",\"urlTemplate\":\"https:\/\/www.suviseurat.fi/2024\/?s={search_term_string}\"},\"query-input\":\"required name=search_term_string\"}],\"inLanguage\":\"fr-FR\"},{\"@type\":\"Organization\",\"@id\":\"https:\/\/www.suviseurat.fi/2024\/#organization\",\"name\":\"Suviseurat\",\"url\":\"https:\/\/www.suviseurat.fi/2024\/\",\"logo\":{\"@type\":\"ImageObject\",\"inLanguage\":\"fr-FR\",\"@id\":\"https:\/\/www.suviseurat.fi/2024\/#\/schema\/logo\/image\/\",\"url\":\"https:\/\/www.suviseurat.fi/2024\/wp-content\/uploads\/2023\/10\/tunnus-nelio.jpg\",\"contentUrl\":\"https:\/\/www.suviseurat.fi/2024\/wp-content\/uploads\/2023\/10\/tunnus-nelio.jpg\",\"width\":1000,\"height\":1000,\"caption\":\"Suviseurat\"},\"image\":{\"@id\":\"https:\/\/www.suviseurat.fi/2024\/#\/schema\/logo\/image\/\"},\"sameAs\":[\"https:\/\/www.facebook.com\/SRKryNyt\/\",\"https:\/\/x.com\/Suviseurat\",\"https:\/\/www.facebook.com\/srksuviseurat\/\",\"https:\/\/www.youtube.com\/@SRKnyt\",\"https:\/\/www.instagram.com\/srk_nyt\/\",\"https:\/\/www.flickr.com\/photos\/suviseurat\"]}]}<\/script>\n<!-- \/ Yoast SEO plugin. -->","yoast_head_json":{"title":"La devise de la r\u00e9union - SRK:n Suviseurat Pudasj\u00e4rvell\u00e4 2024","description":"As-tu de l\u2019amour pour moi ? (Jean 21:17) La devise de la r\u00e9union d'\u00e9t\u00e9 est tir\u00e9e de l'\u00c9vangile selon Jean : \u00ab As-tu de l'amour pour moi ? \u00bb (Jean 21 :17).","robots":{"index":"index","follow":"follow","max-snippet":"max-snippet:-1","max-image-preview":"max-image-preview:large","max-video-preview":"max-video-preview:-1"},"canonical":"https:\/\/www.suviseurat.fi/2024\/fr\/la-reunion-d-ete\/la-devise-de-la-reunion\/","og_locale":"fr_FR","og_type":"article","og_title":"La devise de la r\u00e9union - SRK:n Suviseurat Pudasj\u00e4rvell\u00e4 2024","og_description":"As-tu de l\u2019amour pour moi ? (Jean 21:17) La devise de la r\u00e9union d'\u00e9t\u00e9 est tir\u00e9e de l'\u00c9vangile selon Jean : \u00ab As-tu de l'amour pour moi ? \u00bb (Jean 21 :17).","og_url":"https:\/\/www.suviseurat.fi/2024\/fr\/la-reunion-d-ete\/la-devise-de-la-reunion\/","og_site_name":"SRK:n Suviseurat Pudasj\u00e4rvell\u00e4 2024","article_publisher":"https:\/\/www.facebook.com\/SRKryNyt\/","article_modified_time":"2024-05-05T16:40:14+00:00","og_image":[{"url":"https:\/\/www.suviseurat.fi/2024\/wp-content\/uploads\/2023\/10\/pj2024-merkki-e1698044587903.jpg"}],"twitter_card":"summary_large_image","twitter_site":"@Suviseurat","twitter_misc":{"Dur\u00e9e de lecture estim\u00e9e":"1 minute"},"schema":{"@context":"https:\/\/schema.org","@graph":[{"@type":"WebPage","@id":"https:\/\/www.suviseurat.fi/2024\/fr\/la-reunion-d-ete\/la-devise-de-la-reunion\/","url":"https:\/\/www.suviseurat.fi/2024\/fr\/la-reunion-d-ete\/la-devise-de-la-reunion\/","name":"La devise de la r\u00e9union - SRK:n Suviseurat Pudasj\u00e4rvell\u00e4 2024","isPartOf":{"@id":"https:\/\/www.suviseurat.fi/2024\/#website"},"primaryImageOfPage":{"@id":"https:\/\/www.suviseurat.fi/2024\/fr\/la-reunion-d-ete\/la-devise-de-la-reunion\/#primaryimage"},"image":{"@id":"https:\/\/www.suviseurat.fi/2024\/fr\/la-reunion-d-ete\/la-devise-de-la-reunion\/#primaryimage"},"thumbnailUrl":"https:\/\/www.suviseurat.fi/2024\/wp-content\/uploads\/2023\/10\/pj2024-merkki-e1698044587903.jpg","datePublished":"2022-10-17T17:31:28+00:00","dateModified":"2024-05-05T16:40:14+00:00","description":"As-tu de l\u2019amour pour moi ? (Jean 21:17) La devise de la r\u00e9union d'\u00e9t\u00e9 est tir\u00e9e de l'\u00c9vangile selon Jean : \u00ab As-tu de l'amour pour moi ? \u00bb (Jean 21 :17).","breadcrumb":{"@id":"https:\/\/www.suviseurat.fi/2024\/fr\/la-reunion-d-ete\/la-devise-de-la-reunion\/#breadcrumb"},"inLanguage":"fr-FR","potentialAction":[{"@type":"ReadAction","target":["https:\/\/www.suviseurat.fi/2024\/fr\/la-reunion-d-ete\/la-devise-de-la-reunion\/"]}]},{"@type":"ImageObject","inLanguage":"fr-FR","@id":"https:\/\/www.suviseurat.fi/2024\/fr\/la-reunion-d-ete\/la-devise-de-la-reunion\/#primaryimage","url":"https:\/\/www.suviseurat.fi/2024\/wp-content\/uploads\/2023\/10\/pj2024-merkki-e1698044587903.jpg","contentUrl":"https:\/\/www.suviseurat.fi/2024\/wp-content\/uploads\/2023\/10\/pj2024-merkki-e1698044587903.jpg"},{"@type":"BreadcrumbList","@id":"https:\/\/www.suviseurat.fi/2024\/fr\/la-reunion-d-ete\/la-devise-de-la-reunion\/#breadcrumb","itemListElement":[{"@type":"ListItem","position":1,"name":"Etusivu","item":"https:\/\/www.suviseurat.fi/2024\/fr\/"},{"@type":"ListItem","position":2,"name":"La r\u00e9union d&#8217;\u00e9t\u00e9","item":"https:\/\/www.suviseurat.fi/2024\/fr\/la-reunion-d-ete\/"},{"@type":"ListItem","position":3,"name":"La devise de la r\u00e9union"}]},{"@type":"WebSite","@id":"https:\/\/www.suviseurat.fi/2024\/#website","url":"https:\/\/www.suviseurat.fi/2024\/","name":"SRK:n Suviseurat Pudasj\u00e4rvell\u00e4 2024","description":"Olenko min\u00e4 sinulle rakas?","publisher":{"@id":"https:\/\/www.suviseurat.fi/2024\/#organization"},"potentialAction":[{"@type":"SearchAction","target":{"@type":"EntryPoint","urlTemplate":"https:\/\/www.suviseurat.fi/2024\/?s={search_term_string}"},"query-input":"required name=search_term_string"}],"inLanguage":"fr-FR"},{"@type":"Organization","@id":"https:\/\/www.suviseurat.fi/2024\/#organization","name":"Suviseurat","url":"https:\/\/www.suviseurat.fi/2024\/","logo":{"@type":"ImageObject","inLanguage":"fr-FR","@id":"https:\/\/www.suviseurat.fi/2024\/#\/schema\/logo\/image\/","url":"https:\/\/www.suviseurat.fi/2024\/wp-content\/uploads\/2023\/10\/tunnus-nelio.jpg","contentUrl":"https:\/\/www.suviseurat.fi/2024\/wp-content\/uploads\/2023\/10\/tunnus-nelio.jpg","width":1000,"height":1000,"caption":"Suviseurat"},"image":{"@id":"https:\/\/www.suviseurat.fi/2024\/#\/schema\/logo\/image\/"},"sameAs":["https:\/\/www.facebook.com\/SRKryNyt\/","https:\/\/x.com\/Suviseurat","https:\/\/www.facebook.com\/srksuviseurat\/","https:\/\/www.youtube.com\/@SRKnyt","https:\/\/www.instagram.com\/srk_nyt\/","https:\/\/www.flickr.com\/photos\/suviseurat"]}]}},"_links":{"self":[{"href":"https:\/\/www.suviseurat.fi/2024\/fr\/wp-json\/wp\/v2\/pages\/19648"}],"collection":[{"href":"https:\/\/www.suviseurat.fi/2024\/fr\/wp-json\/wp\/v2\/pages"}],"about":[{"href":"https:\/\/www.suviseurat.fi/2024\/fr\/wp-json\/wp\/v2\/types\/page"}],"author":[{"embeddable":true,"href":"https:\/\/www.suviseurat.fi/2024\/fr\/wp-json\/wp\/v2\/users\/33"}],"replies":[{"embeddable":true,"href":"https:\/\/www.suviseurat.fi/2024\/fr\/wp-json\/wp\/v2\/comments?post=19648"}],"version-history":[{"count":1,"href":"https:\/\/www.suviseurat.fi/2024\/fr\/wp-json\/wp\/v2\/pages\/19648\/revisions"}],"predecessor-version":[{"id":19649,"href":"https:\/\/www.suviseurat.fi/2024\/fr\/wp-json\/wp\/v2\/pages\/19648\/revisions\/19649"}],"up":[{"embeddable":true,"href":"https:\/\/www.suviseurat.fi/2024\/fr\/wp-json\/wp\/v2\/pages\/19652"}],"wp:attachment":[{"href":"https:\/\/www.suviseurat.fi/2024\/fr\/wp-json\/wp\/v2\/media?parent=19648"}],"curies":[{"name":"wp","href":"https:\/\/api.w.org\/{rel}","templated":true}]}}