{"id":19654,"date":"2017-11-26T11:16:38","date_gmt":"2017-11-26T09:16:38","guid":{"rendered":"https:\/\/www.suviseurat.fi/2024\/19654-2\/"},"modified":"2024-06-17T22:21:27","modified_gmt":"2024-06-17T19:21:27","slug":"19654-2","status":"publish","type":"page","link":"https:\/\/www.suviseurat.fi/2024\/fr\/","title":{"rendered":""},"content":{"rendered":"\n<div class=\"wp-block-columns is-layout-flex wp-container-core-columns-is-layout-1 wp-block-columns-is-layout-flex\">\n<div class=\"wp-block-column is-layout-flow wp-block-column-is-layout-flow\">\n<h2 class=\"wp-block-heading has-medium-font-size\"><strong>Bienvenue \u00e0 la r\u00e9union d&#8217;\u00e9t\u00e9 de SRK \u00e0 Pudasj\u00e4rvi !<\/strong><\/h2>\n<\/div>\n<\/div>\n\n<div class=\"wp-block-columns is-layout-flex wp-container-core-columns-is-layout-2 wp-block-columns-is-layout-flex\">\n<div class=\"wp-block-column is-layout-flow wp-block-column-is-layout-flow\" style=\"flex-basis:65%\">\n<p>La r\u00e9union d\u2019\u00e9t\u00e9 de SRK (l\u2019Association Centrale des Associations de la Paix en Finlande) sera organis\u00e9 \u00e0 Pudasj\u00e4rvi du 28 juin au 1 juillet 2024. La devise de la r\u00e9union d\u2019\u00e9t\u00e9 de cette ann\u00e9e est \u00ab As-tu de l\u2019amour pour moi ? \u00bb (Jean 21:17). Cette question de J\u00e9sus fait r\u00e9fl\u00e9chir tous les visiteurs de la r\u00e9union. Ai-je de l\u2019amour pour J\u00e9sus? Suis-je son fid\u00e8le ? O\u00f9 vais-je ?     <\/p>\n\n\n\n<p>L\u2019endroit de la r\u00e9union est l\u2019a\u00e9roport appartenant \u00e0 la ville de Pudasj\u00e4rvi et ses environs. La r\u00e9union d\u2019\u00e9t\u00e9 a eu lieu au m\u00eame endroit en 1998 et en 2013.  <\/p>\n\n\n\n<p>Les associations de la paix de Kuusamo, Jakkukyl\u00e4, Kiiminki, Posio, Pudasj\u00e4rvi, Ranua, Taivalkoski, Ylikiiminki et Yli-Ii sont responsables de l\u2019organisation de la r\u00e9union d\u2019\u00e9t\u00e9. L\u2019association de la paix de Kuusamo est la principale responsable de l\u2019organisation. L\u2019organisation de la r\u00e9union d\u2019\u00e9t\u00e9 a n\u00e9cessit\u00e9 beaucoup de coop\u00e9ration avec la ville de Pudasj\u00e4rvi, diverses autorit\u00e9s, les utilisateurs de l\u2019a\u00e9roport, les paroisses et les r\u00e9sidents locaux. La coop\u00e9ration a \u00e9t\u00e9 bonne et constructive, et nous vous en remercions. Nous sommes \u00e9galement reconnaissants aux r\u00e9sidents locaux pour la patience dont ils ont fait preuve dans leurs relations avec l\u2019organisation de la r\u00e9union.    <\/p>\n\n\n\n<p>Nous avons pr\u00e9par\u00e9 la r\u00e9union d\u2019\u00e9t\u00e9 avec gratitude. Dieu a grandement b\u00e9ni notre travail. Notre pri\u00e8re est que la parole de Dieu appelle au royaume de Dieu et rafra\u00eechisse les auditeurs de la parole lors de la r\u00e9union d\u2019\u00e9t\u00e9.  <\/p>\n\n\n\n<p>Nous vous souhaitons la bienvenue \u00e0 la r\u00e9union d&#8217;\u00e9t\u00e9 de Pudasj\u00e4rvi !<\/p>\n\n\n\n<p><em>Comit\u00e9 principal<\/em><\/p>\n<\/div>\n\n\n\n<div class=\"wp-block-column is-layout-flow wp-block-column-is-layout-flow\" style=\"flex-basis:33.33%\"><div class=\"wp-block-image is-style-default rounded-img\">\n<figure class=\"aligncenter size-full\"><img loading=\"lazy\" decoding=\"async\" width=\"512\" height=\"512\" src=\"https:\/\/www.suviseurat.fi/2024\/wp-content\/uploads\/2023\/10\/cropped-pj2024-merkki-e1698044587903-1.jpg\" alt=\"\" class=\"wp-image-18980\" srcset=\"https:\/\/www.suviseurat.fi/2024\/wp-content\/uploads\/2023\/10\/cropped-pj2024-merkki-e1698044587903-1.jpg 512w, https:\/\/www.suviseurat.fi/2024\/wp-content\/uploads\/2023\/10\/cropped-pj2024-merkki-e1698044587903-1-275x275.jpg 275w, https:\/\/www.suviseurat.fi/2024\/wp-content\/uploads\/2023\/10\/cropped-pj2024-merkki-e1698044587903-1-270x270.jpg 270w, https:\/\/www.suviseurat.fi/2024\/wp-content\/uploads\/2023\/10\/cropped-pj2024-merkki-e1698044587903-1-192x192.jpg 192w, https:\/\/www.suviseurat.fi/2024\/wp-content\/uploads\/2023\/10\/cropped-pj2024-merkki-e1698044587903-1-180x180.jpg 180w, https:\/\/www.suviseurat.fi/2024\/wp-content\/uploads\/2023\/10\/cropped-pj2024-merkki-e1698044587903-1-32x32.jpg 32w\" sizes=\"(max-width: 512px) 100vw, 512px\" \/><\/figure><\/div><\/div>\n<\/div>\n\n<div class=\"wp-block-columns is-layout-flex wp-container-core-columns-is-layout-3 wp-block-columns-is-layout-flex\">\n<div class=\"wp-block-column is-layout-flow wp-block-column-is-layout-flow\">\n<p class=\"has-text-align-center\">Sur le site <a href=\"https:\/\/srk.fi\/fr\/nous-croyons-ainsi\/nous-croyons-ainsi\/\" target=\"_blank\" rel=\"noreferrer noopener\">Nous croyons ainsi<\/a> vous pouvez lire plus sur le message central de la r\u00e9union d\u2019\u00e9t\u00e9 et sur notre foi.<br\/>Vous pouvez \u00e9couter les pr\u00eaches des r\u00e9unions pr\u00e9c\u00e9dentes <a href=\"https:\/\/www.suviseurat.fi/2024\/fr\/ecoutez-et-regardez\/\">ici<\/a>.<\/p>\n<\/div>\n<\/div>\n","protected":false},"excerpt":{"rendered":"<p>Bienvenue \u00e0 la r\u00e9union d&#8217;\u00e9t\u00e9 de SRK \u00e0 Pudasj\u00e4rvi ! La r\u00e9union d\u2019\u00e9t\u00e9 de SRK<a class=\"moretag\" href=\"https:\/\/www.suviseurat.fi/2024\/fr\/\">Jatka lukemista ><\/a><\/p>\n","protected":false},"author":19,"featured_media":18996,"parent":0,"menu_order":0,"comment_status":"closed","ping_status":"closed","template":"","meta":{"_acf_changed":false,"footnotes":""},"class_list":["post-19654","page","type-page","status-publish","has-post-thumbnail","hentry"],"acf":[],"yoast_head":"<!-- This site is optimized with the Yoast SEO plugin v23.3 - https:\/\/yoast.com\/wordpress\/plugins\/seo\/ -->\n<title>SRK:n Suviseurat Pudasj\u00e4rvell\u00e4 2024<\/title>\n<meta name=\"description\" content=\"La r\u00e9union d\u2019\u00e9t\u00e9 est une f\u00eate annuelle du mouvement appel\u00e9 l\u00e6stadianisme conservateur. Le l\u00e6stadianisme conservateur est un mouvement de r\u00e9veil qui fait partie de l\u2019\u00e9glise luth\u00e9rienne finlandaise. La r\u00e9union d&#039;\u00e9t\u00e9 2024 aura lieu du 28 juin au 1er juillet 2024. Tout le monde est invit\u00e9 \u00e0 participer \u00e0 la r\u00e9union d&#039;\u00e9t\u00e9 !\" \/>\n<meta name=\"robots\" content=\"index, follow, max-snippet:-1, max-image-preview:large, max-video-preview:-1\" \/>\n<link rel=\"canonical\" href=\"https:\/\/www.suviseurat.fi/2024\/fr\/\" \/>\n<meta property=\"og:locale\" content=\"fr_FR\" \/>\n<meta property=\"og:type\" content=\"article\" \/>\n<meta property=\"og:title\" content=\"SRK:n Suviseurat Pudasj\u00e4rvell\u00e4 2024\" \/>\n<meta property=\"og:description\" content=\"La r\u00e9union d\u2019\u00e9t\u00e9 est une f\u00eate annuelle du mouvement appel\u00e9 l\u00e6stadianisme conservateur. Le l\u00e6stadianisme conservateur est un mouvement de r\u00e9veil qui fait partie de l\u2019\u00e9glise luth\u00e9rienne finlandaise. La r\u00e9union d&#039;\u00e9t\u00e9 2024 aura lieu du 28 juin au 1er juillet 2024. Tout le monde est invit\u00e9 \u00e0 participer \u00e0 la r\u00e9union d&#039;\u00e9t\u00e9 !\" \/>\n<meta property=\"og:url\" content=\"https:\/\/www.suviseurat.fi/2024\/fr\/\" \/>\n<meta property=\"og:site_name\" content=\"SRK:n Suviseurat Pudasj\u00e4rvell\u00e4 2024\" \/>\n<meta property=\"article:publisher\" content=\"https:\/\/www.facebook.com\/SRKryNyt\/\" \/>\n<meta property=\"article:modified_time\" content=\"2024-06-17T19:21:27+00:00\" \/>\n<meta property=\"og:image\" content=\"https:\/\/www.suviseurat.fi/2024\/wp-content\/uploads\/2023\/10\/logo.jpg\" \/>\n\t<meta property=\"og:image:width\" content=\"1475\" \/>\n\t<meta property=\"og:image:height\" content=\"590\" \/>\n\t<meta property=\"og:image:type\" content=\"image\/jpeg\" \/>\n<meta name=\"twitter:card\" content=\"summary_large_image\" \/>\n<meta name=\"twitter:site\" content=\"@Suviseurat\" \/>\n<meta name=\"twitter:label1\" content=\"Dur\u00e9e de lecture estim\u00e9e\" \/>\n\t<meta name=\"twitter:data1\" content=\"2 minutes\" \/>\n<script type=\"application\/ld+json\" class=\"yoast-schema-graph\">{\"@context\":\"https:\/\/schema.org\",\"@graph\":[{\"@type\":\"WebPage\",\"@id\":\"https:\/\/www.suviseurat.fi/2024\/fr\/\",\"url\":\"https:\/\/www.suviseurat.fi/2024\/fr\/\",\"name\":\"SRK:n Suviseurat Pudasj\u00e4rvell\u00e4 2024\",\"isPartOf\":{\"@id\":\"https:\/\/www.suviseurat.fi/2024\/#website\"},\"primaryImageOfPage\":{\"@id\":\"https:\/\/www.suviseurat.fi/2024\/fr\/#primaryimage\"},\"image\":{\"@id\":\"https:\/\/www.suviseurat.fi/2024\/fr\/#primaryimage\"},\"thumbnailUrl\":\"https:\/\/www.suviseurat.fi/2024\/wp-content\/uploads\/2023\/10\/logo.jpg\",\"datePublished\":\"2017-11-26T09:16:38+00:00\",\"dateModified\":\"2024-06-17T19:21:27+00:00\",\"description\":\"La r\u00e9union d\u2019\u00e9t\u00e9 est une f\u00eate annuelle du mouvement appel\u00e9 l\u00e6stadianisme conservateur. Le l\u00e6stadianisme conservateur est un mouvement de r\u00e9veil qui fait partie de l\u2019\u00e9glise luth\u00e9rienne finlandaise. La r\u00e9union d'\u00e9t\u00e9 2024 aura lieu du 28 juin au 1er juillet 2024. Tout le monde est invit\u00e9 \u00e0 participer \u00e0 la r\u00e9union d'\u00e9t\u00e9 !\",\"inLanguage\":\"fr-FR\",\"potentialAction\":[{\"@type\":\"ReadAction\",\"target\":[\"https:\/\/www.suviseurat.fi/2024\/fr\/\"]}]},{\"@type\":\"ImageObject\",\"inLanguage\":\"fr-FR\",\"@id\":\"https:\/\/www.suviseurat.fi/2024\/fr\/#primaryimage\",\"url\":\"https:\/\/www.suviseurat.fi/2024\/wp-content\/uploads\/2023\/10\/logo.jpg\",\"contentUrl\":\"https:\/\/www.suviseurat.fi/2024\/wp-content\/uploads\/2023\/10\/logo.jpg\",\"width\":1475,\"height\":590},{\"@type\":\"WebSite\",\"@id\":\"https:\/\/www.suviseurat.fi/2024\/#website\",\"url\":\"https:\/\/www.suviseurat.fi/2024\/\",\"name\":\"SRK:n Suviseurat Pudasj\u00e4rvell\u00e4 2024\",\"description\":\"Olenko min\u00e4 sinulle rakas?\",\"publisher\":{\"@id\":\"https:\/\/www.suviseurat.fi/2024\/#organization\"},\"potentialAction\":[{\"@type\":\"SearchAction\",\"target\":{\"@type\":\"EntryPoint\",\"urlTemplate\":\"https:\/\/www.suviseurat.fi/2024\/?s={search_term_string}\"},\"query-input\":\"required name=search_term_string\"}],\"inLanguage\":\"fr-FR\"},{\"@type\":\"Organization\",\"@id\":\"https:\/\/www.suviseurat.fi/2024\/#organization\",\"name\":\"Suviseurat\",\"url\":\"https:\/\/www.suviseurat.fi/2024\/\",\"logo\":{\"@type\":\"ImageObject\",\"inLanguage\":\"fr-FR\",\"@id\":\"https:\/\/www.suviseurat.fi/2024\/#\/schema\/logo\/image\/\",\"url\":\"https:\/\/www.suviseurat.fi/2024\/wp-content\/uploads\/2023\/10\/tunnus-nelio.jpg\",\"contentUrl\":\"https:\/\/www.suviseurat.fi/2024\/wp-content\/uploads\/2023\/10\/tunnus-nelio.jpg\",\"width\":1000,\"height\":1000,\"caption\":\"Suviseurat\"},\"image\":{\"@id\":\"https:\/\/www.suviseurat.fi/2024\/#\/schema\/logo\/image\/\"},\"sameAs\":[\"https:\/\/www.facebook.com\/SRKryNyt\/\",\"https:\/\/x.com\/Suviseurat\",\"https:\/\/www.facebook.com\/srksuviseurat\/\",\"https:\/\/www.youtube.com\/@SRKnyt\",\"https:\/\/www.instagram.com\/srk_nyt\/\",\"https:\/\/www.flickr.com\/photos\/suviseurat\"]}]}<\/script>\n<!-- \/ Yoast SEO plugin. -->","yoast_head_json":{"title":"SRK:n Suviseurat Pudasj\u00e4rvell\u00e4 2024","description":"La r\u00e9union d\u2019\u00e9t\u00e9 est une f\u00eate annuelle du mouvement appel\u00e9 l\u00e6stadianisme conservateur. Le l\u00e6stadianisme conservateur est un mouvement de r\u00e9veil qui fait partie de l\u2019\u00e9glise luth\u00e9rienne finlandaise. La r\u00e9union d'\u00e9t\u00e9 2024 aura lieu du 28 juin au 1er juillet 2024. Tout le monde est invit\u00e9 \u00e0 participer \u00e0 la r\u00e9union d'\u00e9t\u00e9 !","robots":{"index":"index","follow":"follow","max-snippet":"max-snippet:-1","max-image-preview":"max-image-preview:large","max-video-preview":"max-video-preview:-1"},"canonical":"https:\/\/www.suviseurat.fi/2024\/fr\/","og_locale":"fr_FR","og_type":"article","og_title":"SRK:n Suviseurat Pudasj\u00e4rvell\u00e4 2024","og_description":"La r\u00e9union d\u2019\u00e9t\u00e9 est une f\u00eate annuelle du mouvement appel\u00e9 l\u00e6stadianisme conservateur. Le l\u00e6stadianisme conservateur est un mouvement de r\u00e9veil qui fait partie de l\u2019\u00e9glise luth\u00e9rienne finlandaise. La r\u00e9union d'\u00e9t\u00e9 2024 aura lieu du 28 juin au 1er juillet 2024. Tout le monde est invit\u00e9 \u00e0 participer \u00e0 la r\u00e9union d'\u00e9t\u00e9 !","og_url":"https:\/\/www.suviseurat.fi/2024\/fr\/","og_site_name":"SRK:n Suviseurat Pudasj\u00e4rvell\u00e4 2024","article_publisher":"https:\/\/www.facebook.com\/SRKryNyt\/","article_modified_time":"2024-06-17T19:21:27+00:00","og_image":[{"width":1475,"height":590,"url":"https:\/\/www.suviseurat.fi/2024\/wp-content\/uploads\/2023\/10\/logo.jpg","type":"image\/jpeg"}],"twitter_card":"summary_large_image","twitter_site":"@Suviseurat","twitter_misc":{"Dur\u00e9e de lecture estim\u00e9e":"2 minutes"},"schema":{"@context":"https:\/\/schema.org","@graph":[{"@type":"WebPage","@id":"https:\/\/www.suviseurat.fi/2024\/fr\/","url":"https:\/\/www.suviseurat.fi/2024\/fr\/","name":"SRK:n Suviseurat Pudasj\u00e4rvell\u00e4 2024","isPartOf":{"@id":"https:\/\/www.suviseurat.fi/2024\/#website"},"primaryImageOfPage":{"@id":"https:\/\/www.suviseurat.fi/2024\/fr\/#primaryimage"},"image":{"@id":"https:\/\/www.suviseurat.fi/2024\/fr\/#primaryimage"},"thumbnailUrl":"https:\/\/www.suviseurat.fi/2024\/wp-content\/uploads\/2023\/10\/logo.jpg","datePublished":"2017-11-26T09:16:38+00:00","dateModified":"2024-06-17T19:21:27+00:00","description":"La r\u00e9union d\u2019\u00e9t\u00e9 est une f\u00eate annuelle du mouvement appel\u00e9 l\u00e6stadianisme conservateur. Le l\u00e6stadianisme conservateur est un mouvement de r\u00e9veil qui fait partie de l\u2019\u00e9glise luth\u00e9rienne finlandaise. La r\u00e9union d'\u00e9t\u00e9 2024 aura lieu du 28 juin au 1er juillet 2024. Tout le monde est invit\u00e9 \u00e0 participer \u00e0 la r\u00e9union d'\u00e9t\u00e9 !","inLanguage":"fr-FR","potentialAction":[{"@type":"ReadAction","target":["https:\/\/www.suviseurat.fi/2024\/fr\/"]}]},{"@type":"ImageObject","inLanguage":"fr-FR","@id":"https:\/\/www.suviseurat.fi/2024\/fr\/#primaryimage","url":"https:\/\/www.suviseurat.fi/2024\/wp-content\/uploads\/2023\/10\/logo.jpg","contentUrl":"https:\/\/www.suviseurat.fi/2024\/wp-content\/uploads\/2023\/10\/logo.jpg","width":1475,"height":590},{"@type":"WebSite","@id":"https:\/\/www.suviseurat.fi/2024\/#website","url":"https:\/\/www.suviseurat.fi/2024\/","name":"SRK:n Suviseurat Pudasj\u00e4rvell\u00e4 2024","description":"Olenko min\u00e4 sinulle rakas?","publisher":{"@id":"https:\/\/www.suviseurat.fi/2024\/#organization"},"potentialAction":[{"@type":"SearchAction","target":{"@type":"EntryPoint","urlTemplate":"https:\/\/www.suviseurat.fi/2024\/?s={search_term_string}"},"query-input":"required name=search_term_string"}],"inLanguage":"fr-FR"},{"@type":"Organization","@id":"https:\/\/www.suviseurat.fi/2024\/#organization","name":"Suviseurat","url":"https:\/\/www.suviseurat.fi/2024\/","logo":{"@type":"ImageObject","inLanguage":"fr-FR","@id":"https:\/\/www.suviseurat.fi/2024\/#\/schema\/logo\/image\/","url":"https:\/\/www.suviseurat.fi/2024\/wp-content\/uploads\/2023\/10\/tunnus-nelio.jpg","contentUrl":"https:\/\/www.suviseurat.fi/2024\/wp-content\/uploads\/2023\/10\/tunnus-nelio.jpg","width":1000,"height":1000,"caption":"Suviseurat"},"image":{"@id":"https:\/\/www.suviseurat.fi/2024\/#\/schema\/logo\/image\/"},"sameAs":["https:\/\/www.facebook.com\/SRKryNyt\/","https:\/\/x.com\/Suviseurat","https:\/\/www.facebook.com\/srksuviseurat\/","https:\/\/www.youtube.com\/@SRKnyt","https:\/\/www.instagram.com\/srk_nyt\/","https:\/\/www.flickr.com\/photos\/suviseurat"]}]}},"_links":{"self":[{"href":"https:\/\/www.suviseurat.fi/2024\/fr\/wp-json\/wp\/v2\/pages\/19654"}],"collection":[{"href":"https:\/\/www.suviseurat.fi/2024\/fr\/wp-json\/wp\/v2\/pages"}],"about":[{"href":"https:\/\/www.suviseurat.fi/2024\/fr\/wp-json\/wp\/v2\/types\/page"}],"author":[{"embeddable":true,"href":"https:\/\/www.suviseurat.fi/2024\/fr\/wp-json\/wp\/v2\/users\/19"}],"replies":[{"embeddable":true,"href":"https:\/\/www.suviseurat.fi/2024\/fr\/wp-json\/wp\/v2\/comments?post=19654"}],"version-history":[{"count":6,"href":"https:\/\/www.suviseurat.fi/2024\/fr\/wp-json\/wp\/v2\/pages\/19654\/revisions"}],"predecessor-version":[{"id":20572,"href":"https:\/\/www.suviseurat.fi/2024\/fr\/wp-json\/wp\/v2\/pages\/19654\/revisions\/20572"}],"wp:featuredmedia":[{"embeddable":true,"href":"https:\/\/www.suviseurat.fi/2024\/fr\/wp-json\/wp\/v2\/media\/18996"}],"wp:attachment":[{"href":"https:\/\/www.suviseurat.fi/2024\/fr\/wp-json\/wp\/v2\/media?parent=19654"}],"curies":[{"name":"wp","href":"https:\/\/api.w.org\/{rel}","templated":true}]}}