{"id":20127,"date":"2022-06-23T20:20:00","date_gmt":"2022-06-23T17:20:00","guid":{"rendered":"https:\/\/www.suviseurat.fi/2024\/carte-de-l-endroit-de-la-reunion\/"},"modified":"2024-06-03T22:41:27","modified_gmt":"2024-06-03T19:41:27","slug":"carte-de-l-endroit-de-la-reunion","status":"publish","type":"page","link":"https:\/\/www.suviseurat.fi/2024\/fr\/carte-de-l-endroit-de-la-reunion\/","title":{"rendered":"Carte de l&#8217;endroit de la r\u00e9union"},"content":{"rendered":"\n<div class=\"wp-block-buttons has-custom-font-size is-horizontal is-content-justification-left is-layout-flex wp-container-core-buttons-is-layout-1 wp-block-buttons-is-layout-flex\" style=\"font-size:15px\">\n<div class=\"wp-block-button is-style-outline is-style-outline--5190f90229dabe875f6881549b0846fc\" style=\"text-decoration:none\"><a class=\"wp-block-button__link has-text-color has-link-color wp-element-button\" href=\"#kokoalue\" style=\"color:#2e2e2e\">Tout l&#8217;endroit<\/a><\/div>\n\n\n\n<div class=\"wp-block-button is-style-outline is-style-outline--50d0f192ee8fff69712802c0d4284dc1\" style=\"text-decoration:none\"><a class=\"wp-block-button__link has-text-color has-link-color wp-element-button\" href=\"#keskusalue\" style=\"color:#2e2e2e\">Zone centrale<\/a><\/div>\n\n\n\n<div class=\"wp-block-button is-style-outline is-style-outline--097639c102219d54abf58a3c4eb35072\" style=\"text-decoration:none\"><a class=\"wp-block-button__link has-text-color has-link-color wp-element-button\" href=\"#ladattavat\" style=\"color:#2e2e2e\">Cartes t\u00e9l\u00e9chargeables<\/a><\/div>\n<\/div>\n\n<h3><a id=\"kokoalue\"><\/a> <\/h3>\n<p>  <\/p>\n<h3><strong>Carte de l&#8217;ensemble de l&#8217;endroit<\/strong><\/h3>\n<p><a href=\"https:\/\/www.suviseurat.fi/2024\/wp-content\/uploads\/2024\/05\/Opaskartta.jpg\"><img loading=\"lazy\" decoding=\"async\" class=\"alignnone wp-image-19987 size-full\" src=\"https:\/\/www.suviseurat.fi/2024\/wp-content\/uploads\/2024\/05\/Opaskartta.jpg\" alt=\"\" width=\"1414\" height=\"1000\" srcset=\"https:\/\/www.suviseurat.fi/2024\/wp-content\/uploads\/2024\/05\/Opaskartta.jpg 1414w, https:\/\/www.suviseurat.fi/2024\/wp-content\/uploads\/2024\/05\/Opaskartta-1024x724.jpg 1024w, https:\/\/www.suviseurat.fi/2024\/wp-content\/uploads\/2024\/05\/Opaskartta-768x543.jpg 768w\" sizes=\"(max-width: 1414px) 100vw, 1414px\" \/><\/a><\/p>\n<h3><a id=\"keskusalue\"><\/a>  <\/h3>\n<p>  <\/p>\n<h3><strong>Carte de la zone centrale<\/strong><\/h3>\n<p><a href=\"https:\/\/www.suviseurat.fi/2024\/wp-content\/uploads\/2024\/05\/Opaskartta_keskusalue.jpg\"><img loading=\"lazy\" decoding=\"async\" class=\"alignnone wp-image-19996 \" src=\"https:\/\/www.suviseurat.fi/2024\/wp-content\/uploads\/2024\/05\/Opaskartta_keskusalue.jpg\" alt=\"\" width=\"613\" height=\"867\"><\/a><\/p>\n<p><a id=\"ladattavat\"><\/a> <\/p>\n<p>  <\/p>\n<h3><strong>Cartes t\u00e9l\u00e9chargeables (PDF)<\/strong><\/h3>\n<p><a href=\"https:\/\/www.suviseurat.fi/2024\/wp-content\/uploads\/2024\/05\/Opaskartta_netti.pdf\" target=\"_blank\" rel=\"noopener\">Carte combin\u00e9e<\/a><\/p>\n<p><a href=\"https:\/\/www.suviseurat.fi/2024\/wp-content\/uploads\/2024\/05\/Opaskartta_A4.pdf\" target=\"_blank\" rel=\"noopener\">Carte imprimable de l&#8217;ensemble de l&#8217;endroit<\/a><\/p>\n<p><a href=\"https:\/\/www.suviseurat.fi/2024\/wp-content\/uploads\/2024\/05\/Opaskartta_keskusalue_A4.pdf\" target=\"_blank\" rel=\"noopener\">Carte imprimable de la zone centrale<\/a><\/p>\n","protected":false},"excerpt":{"rendered":"<p>Carte de l&#8217;ensemble de l&#8217;endroit Carte de la zone centrale Cartes t\u00e9l\u00e9chargeables (PDF) Carte combin\u00e9e<a class=\"moretag\" href=\"https:\/\/www.suviseurat.fi/2024\/fr\/carte-de-l-endroit-de-la-reunion\/\">Jatka lukemista ><\/a><\/p>\n","protected":false},"author":19,"featured_media":0,"parent":0,"menu_order":2,"comment_status":"closed","ping_status":"closed","template":"","meta":{"_acf_changed":false,"footnotes":""},"class_list":["post-20127","page","type-page","status-publish","hentry"],"acf":[],"yoast_head":"<!-- This site is optimized with the Yoast SEO plugin v23.3 - https:\/\/yoast.com\/wordpress\/plugins\/seo\/ -->\n<title>Carte de l&#039;endroit de la r\u00e9union - SRK:n Suviseurat Pudasj\u00e4rvell\u00e4 2024<\/title>\n<meta name=\"description\" content=\"Vous trouverez ici une carte de la r\u00e9union d&#039;\u00e9t\u00e9 de Kauhava.\" \/>\n<meta name=\"robots\" content=\"index, follow, max-snippet:-1, max-image-preview:large, max-video-preview:-1\" \/>\n<link rel=\"canonical\" href=\"https:\/\/www.suviseurat.fi/2024\/fr\/carte-de-l-endroit-de-la-reunion\/\" \/>\n<meta property=\"og:locale\" content=\"fr_FR\" \/>\n<meta property=\"og:type\" content=\"article\" \/>\n<meta property=\"og:title\" content=\"Carte de l&#039;endroit de la r\u00e9union - SRK:n Suviseurat Pudasj\u00e4rvell\u00e4 2024\" \/>\n<meta property=\"og:description\" content=\"Vous trouverez ici une carte de la r\u00e9union d&#039;\u00e9t\u00e9 de Kauhava.\" \/>\n<meta property=\"og:url\" content=\"https:\/\/www.suviseurat.fi/2024\/fr\/carte-de-l-endroit-de-la-reunion\/\" \/>\n<meta property=\"og:site_name\" content=\"SRK:n Suviseurat Pudasj\u00e4rvell\u00e4 2024\" \/>\n<meta property=\"article:publisher\" content=\"https:\/\/www.facebook.com\/SRKryNyt\/\" \/>\n<meta property=\"article:modified_time\" content=\"2024-06-03T19:41:27+00:00\" \/>\n<meta property=\"og:image\" content=\"https:\/\/www.suviseurat.fi/2024\/wp-content\/uploads\/2024\/05\/Opaskartta.jpg\" \/>\n<meta name=\"twitter:card\" content=\"summary_large_image\" \/>\n<meta name=\"twitter:site\" content=\"@Suviseurat\" \/>\n<script type=\"application\/ld+json\" class=\"yoast-schema-graph\">{\"@context\":\"https:\/\/schema.org\",\"@graph\":[{\"@type\":\"WebPage\",\"@id\":\"https:\/\/www.suviseurat.fi/2024\/fr\/carte-de-l-endroit-de-la-reunion\/\",\"url\":\"https:\/\/www.suviseurat.fi/2024\/fr\/carte-de-l-endroit-de-la-reunion\/\",\"name\":\"Carte de l'endroit de la r\u00e9union - SRK:n Suviseurat Pudasj\u00e4rvell\u00e4 2024\",\"isPartOf\":{\"@id\":\"https:\/\/www.suviseurat.fi/2024\/#website\"},\"primaryImageOfPage\":{\"@id\":\"https:\/\/www.suviseurat.fi/2024\/fr\/carte-de-l-endroit-de-la-reunion\/#primaryimage\"},\"image\":{\"@id\":\"https:\/\/www.suviseurat.fi/2024\/fr\/carte-de-l-endroit-de-la-reunion\/#primaryimage\"},\"thumbnailUrl\":\"https:\/\/www.suviseurat.fi/2024\/wp-content\/uploads\/2024\/05\/Opaskartta.jpg\",\"datePublished\":\"2022-06-23T17:20:00+00:00\",\"dateModified\":\"2024-06-03T19:41:27+00:00\",\"description\":\"Vous trouverez ici une carte de la r\u00e9union d'\u00e9t\u00e9 de Kauhava.\",\"breadcrumb\":{\"@id\":\"https:\/\/www.suviseurat.fi/2024\/fr\/carte-de-l-endroit-de-la-reunion\/#breadcrumb\"},\"inLanguage\":\"fr-FR\",\"potentialAction\":[{\"@type\":\"ReadAction\",\"target\":[\"https:\/\/www.suviseurat.fi/2024\/fr\/carte-de-l-endroit-de-la-reunion\/\"]}]},{\"@type\":\"ImageObject\",\"inLanguage\":\"fr-FR\",\"@id\":\"https:\/\/www.suviseurat.fi/2024\/fr\/carte-de-l-endroit-de-la-reunion\/#primaryimage\",\"url\":\"https:\/\/www.suviseurat.fi/2024\/wp-content\/uploads\/2024\/05\/Opaskartta.jpg\",\"contentUrl\":\"https:\/\/www.suviseurat.fi/2024\/wp-content\/uploads\/2024\/05\/Opaskartta.jpg\"},{\"@type\":\"BreadcrumbList\",\"@id\":\"https:\/\/www.suviseurat.fi/2024\/fr\/carte-de-l-endroit-de-la-reunion\/#breadcrumb\",\"itemListElement\":[{\"@type\":\"ListItem\",\"position\":1,\"name\":\"Etusivu\",\"item\":\"https:\/\/www.suviseurat.fi/2024\/fr\/\"},{\"@type\":\"ListItem\",\"position\":2,\"name\":\"Carte de l&#8217;endroit de la r\u00e9union\"}]},{\"@type\":\"WebSite\",\"@id\":\"https:\/\/www.suviseurat.fi/2024\/#website\",\"url\":\"https:\/\/www.suviseurat.fi/2024\/\",\"name\":\"SRK:n Suviseurat Pudasj\u00e4rvell\u00e4 2024\",\"description\":\"Olenko min\u00e4 sinulle rakas?\",\"publisher\":{\"@id\":\"https:\/\/www.suviseurat.fi/2024\/#organization\"},\"potentialAction\":[{\"@type\":\"SearchAction\",\"target\":{\"@type\":\"EntryPoint\",\"urlTemplate\":\"https:\/\/www.suviseurat.fi/2024\/?s={search_term_string}\"},\"query-input\":\"required name=search_term_string\"}],\"inLanguage\":\"fr-FR\"},{\"@type\":\"Organization\",\"@id\":\"https:\/\/www.suviseurat.fi/2024\/#organization\",\"name\":\"Suviseurat\",\"url\":\"https:\/\/www.suviseurat.fi/2024\/\",\"logo\":{\"@type\":\"ImageObject\",\"inLanguage\":\"fr-FR\",\"@id\":\"https:\/\/www.suviseurat.fi/2024\/#\/schema\/logo\/image\/\",\"url\":\"https:\/\/www.suviseurat.fi/2024\/wp-content\/uploads\/2023\/10\/tunnus-nelio.jpg\",\"contentUrl\":\"https:\/\/www.suviseurat.fi/2024\/wp-content\/uploads\/2023\/10\/tunnus-nelio.jpg\",\"width\":1000,\"height\":1000,\"caption\":\"Suviseurat\"},\"image\":{\"@id\":\"https:\/\/www.suviseurat.fi/2024\/#\/schema\/logo\/image\/\"},\"sameAs\":[\"https:\/\/www.facebook.com\/SRKryNyt\/\",\"https:\/\/x.com\/Suviseurat\",\"https:\/\/www.facebook.com\/srksuviseurat\/\",\"https:\/\/www.youtube.com\/@SRKnyt\",\"https:\/\/www.instagram.com\/srk_nyt\/\",\"https:\/\/www.flickr.com\/photos\/suviseurat\"]}]}<\/script>\n<!-- \/ Yoast SEO plugin. -->","yoast_head_json":{"title":"Carte de l'endroit de la r\u00e9union - SRK:n Suviseurat Pudasj\u00e4rvell\u00e4 2024","description":"Vous trouverez ici une carte de la r\u00e9union d'\u00e9t\u00e9 de Kauhava.","robots":{"index":"index","follow":"follow","max-snippet":"max-snippet:-1","max-image-preview":"max-image-preview:large","max-video-preview":"max-video-preview:-1"},"canonical":"https:\/\/www.suviseurat.fi/2024\/fr\/carte-de-l-endroit-de-la-reunion\/","og_locale":"fr_FR","og_type":"article","og_title":"Carte de l'endroit de la r\u00e9union - SRK:n Suviseurat Pudasj\u00e4rvell\u00e4 2024","og_description":"Vous trouverez ici une carte de la r\u00e9union d'\u00e9t\u00e9 de Kauhava.","og_url":"https:\/\/www.suviseurat.fi/2024\/fr\/carte-de-l-endroit-de-la-reunion\/","og_site_name":"SRK:n Suviseurat Pudasj\u00e4rvell\u00e4 2024","article_publisher":"https:\/\/www.facebook.com\/SRKryNyt\/","article_modified_time":"2024-06-03T19:41:27+00:00","og_image":[{"url":"https:\/\/www.suviseurat.fi/2024\/wp-content\/uploads\/2024\/05\/Opaskartta.jpg"}],"twitter_card":"summary_large_image","twitter_site":"@Suviseurat","schema":{"@context":"https:\/\/schema.org","@graph":[{"@type":"WebPage","@id":"https:\/\/www.suviseurat.fi/2024\/fr\/carte-de-l-endroit-de-la-reunion\/","url":"https:\/\/www.suviseurat.fi/2024\/fr\/carte-de-l-endroit-de-la-reunion\/","name":"Carte de l'endroit de la r\u00e9union - SRK:n Suviseurat Pudasj\u00e4rvell\u00e4 2024","isPartOf":{"@id":"https:\/\/www.suviseurat.fi/2024\/#website"},"primaryImageOfPage":{"@id":"https:\/\/www.suviseurat.fi/2024\/fr\/carte-de-l-endroit-de-la-reunion\/#primaryimage"},"image":{"@id":"https:\/\/www.suviseurat.fi/2024\/fr\/carte-de-l-endroit-de-la-reunion\/#primaryimage"},"thumbnailUrl":"https:\/\/www.suviseurat.fi/2024\/wp-content\/uploads\/2024\/05\/Opaskartta.jpg","datePublished":"2022-06-23T17:20:00+00:00","dateModified":"2024-06-03T19:41:27+00:00","description":"Vous trouverez ici une carte de la r\u00e9union d'\u00e9t\u00e9 de Kauhava.","breadcrumb":{"@id":"https:\/\/www.suviseurat.fi/2024\/fr\/carte-de-l-endroit-de-la-reunion\/#breadcrumb"},"inLanguage":"fr-FR","potentialAction":[{"@type":"ReadAction","target":["https:\/\/www.suviseurat.fi/2024\/fr\/carte-de-l-endroit-de-la-reunion\/"]}]},{"@type":"ImageObject","inLanguage":"fr-FR","@id":"https:\/\/www.suviseurat.fi/2024\/fr\/carte-de-l-endroit-de-la-reunion\/#primaryimage","url":"https:\/\/www.suviseurat.fi/2024\/wp-content\/uploads\/2024\/05\/Opaskartta.jpg","contentUrl":"https:\/\/www.suviseurat.fi/2024\/wp-content\/uploads\/2024\/05\/Opaskartta.jpg"},{"@type":"BreadcrumbList","@id":"https:\/\/www.suviseurat.fi/2024\/fr\/carte-de-l-endroit-de-la-reunion\/#breadcrumb","itemListElement":[{"@type":"ListItem","position":1,"name":"Etusivu","item":"https:\/\/www.suviseurat.fi/2024\/fr\/"},{"@type":"ListItem","position":2,"name":"Carte de l&#8217;endroit de la r\u00e9union"}]},{"@type":"WebSite","@id":"https:\/\/www.suviseurat.fi/2024\/#website","url":"https:\/\/www.suviseurat.fi/2024\/","name":"SRK:n Suviseurat Pudasj\u00e4rvell\u00e4 2024","description":"Olenko min\u00e4 sinulle rakas?","publisher":{"@id":"https:\/\/www.suviseurat.fi/2024\/#organization"},"potentialAction":[{"@type":"SearchAction","target":{"@type":"EntryPoint","urlTemplate":"https:\/\/www.suviseurat.fi/2024\/?s={search_term_string}"},"query-input":"required name=search_term_string"}],"inLanguage":"fr-FR"},{"@type":"Organization","@id":"https:\/\/www.suviseurat.fi/2024\/#organization","name":"Suviseurat","url":"https:\/\/www.suviseurat.fi/2024\/","logo":{"@type":"ImageObject","inLanguage":"fr-FR","@id":"https:\/\/www.suviseurat.fi/2024\/#\/schema\/logo\/image\/","url":"https:\/\/www.suviseurat.fi/2024\/wp-content\/uploads\/2023\/10\/tunnus-nelio.jpg","contentUrl":"https:\/\/www.suviseurat.fi/2024\/wp-content\/uploads\/2023\/10\/tunnus-nelio.jpg","width":1000,"height":1000,"caption":"Suviseurat"},"image":{"@id":"https:\/\/www.suviseurat.fi/2024\/#\/schema\/logo\/image\/"},"sameAs":["https:\/\/www.facebook.com\/SRKryNyt\/","https:\/\/x.com\/Suviseurat","https:\/\/www.facebook.com\/srksuviseurat\/","https:\/\/www.youtube.com\/@SRKnyt","https:\/\/www.instagram.com\/srk_nyt\/","https:\/\/www.flickr.com\/photos\/suviseurat"]}]}},"_links":{"self":[{"href":"https:\/\/www.suviseurat.fi/2024\/fr\/wp-json\/wp\/v2\/pages\/20127"}],"collection":[{"href":"https:\/\/www.suviseurat.fi/2024\/fr\/wp-json\/wp\/v2\/pages"}],"about":[{"href":"https:\/\/www.suviseurat.fi/2024\/fr\/wp-json\/wp\/v2\/types\/page"}],"author":[{"embeddable":true,"href":"https:\/\/www.suviseurat.fi/2024\/fr\/wp-json\/wp\/v2\/users\/19"}],"replies":[{"embeddable":true,"href":"https:\/\/www.suviseurat.fi/2024\/fr\/wp-json\/wp\/v2\/comments?post=20127"}],"version-history":[{"count":1,"href":"https:\/\/www.suviseurat.fi/2024\/fr\/wp-json\/wp\/v2\/pages\/20127\/revisions"}],"predecessor-version":[{"id":20128,"href":"https:\/\/www.suviseurat.fi/2024\/fr\/wp-json\/wp\/v2\/pages\/20127\/revisions\/20128"}],"wp:attachment":[{"href":"https:\/\/www.suviseurat.fi/2024\/fr\/wp-json\/wp\/v2\/media?parent=20127"}],"curies":[{"name":"wp","href":"https:\/\/api.w.org\/{rel}","templated":true}]}}