{"id":20131,"date":"2024-05-14T15:31:48","date_gmt":"2024-05-14T12:31:48","guid":{"rendered":"https:\/\/www.suviseurat.fi/2024\/paiement\/"},"modified":"2024-05-14T15:31:48","modified_gmt":"2024-05-14T12:31:48","slug":"paiement","status":"publish","type":"page","link":"https:\/\/www.suviseurat.fi/2024\/fr\/paiement\/","title":{"rendered":"Paiement"},"content":{"rendered":"<h2>Paiement<\/h2>\n<p><span style=\"font-weight: 400\">Vous pouvez payer en esp\u00e8ces et avec les cartes de paiement les plus courantes dans la r\u00e9union d&#8217;\u00e9t\u00e9. Les modes de paiement pr\u00e9f\u00e9r\u00e9s sont la carte bancaire et le paiement sans contact. Vous devez vous pr\u00e9parer \u00e0 l&#8217;\u00e9ventualit\u00e9 que les paiements mobiles ne fonctionnent pas en raison de l&#8217;encombrement des r\u00e9seaux mobiles. <\/span><\/p>\n<p><span style=\"font-weight: 400\">Le billet maximum utilis\u00e9 aux caisses est de 50 \u20ac. Vous pouvez retirer de l&#8217;argent \u00e0 un distributeur automatique.<\/span><\/p>\n<h2>Aide pour le paiement MobilePay<\/h2>\n<p><span style=\"font-weight: 400\">MobilePay peut \u00eatre utilis\u00e9 pour payer le logement et le stationnement \u00e0 la journ\u00e9e au <a href=\"https:\/\/mobilepay.fi\/Yrityksille\/Maksulinkki\/maksulinkki-vastaus?phone=10307\" target=\"_blank\" rel=\"noopener\">10307<\/a>. Saisissez d&#8217;abord le prix du produit : parcelle pour plusieurs v\u00e9hicules 90 \u20ac, v\u00e9hicule + tente 50 \u20ac, tente 30 \u20ac, hamac 10 \u20ac, parking \u00e0 la journ\u00e9e 5 \u20ac, puis effectuez le paiement au <a href=\"https:\/\/mobilepay.fi\/Yrityksille\/Maksulinkki\/maksulinkki-vastaus?phone=10307\" target=\"_blank\" rel=\"noopener\">10307<\/a> ou dans la boutique en ligne de la r\u00e9union d&#8217;\u00e9t\u00e9 <\/span><a href=\"https:\/\/kenttamaksu.suviseurat.fi\/\"><span style=\"font-weight: 400\">https:\/\/kenttamaksu.suviseurat.fi\/<\/span><\/a><span style=\"font-weight: 400\">. <\/span> <\/p>\n<p><span style=\"font-weight: 400\">Vous pouvez utiliser MobilePay pour payer un don au <a href=\"https:\/\/mobilepay.fi\/Yrityksille\/Maksulinkki\/maksulinkki-vastaus?phone=10306\" target=\"_blank\" rel=\"noopener\">10306<\/a>.<\/span><\/p>\n","protected":false},"excerpt":{"rendered":"<p>Paiement Vous pouvez payer en esp\u00e8ces et avec les cartes de paiement les plus courantes<a class=\"moretag\" href=\"https:\/\/www.suviseurat.fi/2024\/fr\/paiement\/\">Jatka lukemista ><\/a><\/p>\n","protected":false},"author":19,"featured_media":0,"parent":0,"menu_order":4,"comment_status":"closed","ping_status":"closed","template":"","meta":{"_acf_changed":false,"footnotes":""},"class_list":["post-20131","page","type-page","status-publish","hentry"],"acf":[],"yoast_head":"<!-- This site is optimized with the Yoast SEO plugin v23.3 - https:\/\/yoast.com\/wordpress\/plugins\/seo\/ -->\n<title>Paiement - SRK:n Suviseurat Pudasj\u00e4rvell\u00e4 2024<\/title>\n<meta name=\"description\" content=\"Paiement Vous pouvez payer en esp\u00e8ces et avec les cartes de paiement les plus courantes dans la r\u00e9union d&#039;\u00e9t\u00e9. Les modes de paiement pr\u00e9f\u00e9r\u00e9s sont la\" \/>\n<meta name=\"robots\" content=\"index, follow, max-snippet:-1, max-image-preview:large, max-video-preview:-1\" \/>\n<link rel=\"canonical\" href=\"https:\/\/www.suviseurat.fi/2024\/paiement\/\" \/>\n<meta property=\"og:locale\" content=\"fr_FR\" \/>\n<meta property=\"og:type\" content=\"article\" \/>\n<meta property=\"og:title\" content=\"Paiement - SRK:n Suviseurat Pudasj\u00e4rvell\u00e4 2024\" \/>\n<meta property=\"og:description\" content=\"Paiement Vous pouvez payer en esp\u00e8ces et avec les cartes de paiement les plus courantes dans la r\u00e9union d&#039;\u00e9t\u00e9. Les modes de paiement pr\u00e9f\u00e9r\u00e9s sont la\" \/>\n<meta property=\"og:url\" content=\"https:\/\/www.suviseurat.fi/2024\/paiement\/\" \/>\n<meta property=\"og:site_name\" content=\"SRK:n Suviseurat Pudasj\u00e4rvell\u00e4 2024\" \/>\n<meta property=\"article:publisher\" content=\"https:\/\/www.facebook.com\/SRKryNyt\/\" \/>\n<meta name=\"twitter:card\" content=\"summary_large_image\" \/>\n<meta name=\"twitter:site\" content=\"@Suviseurat\" \/>\n<meta name=\"twitter:label1\" content=\"Dur\u00e9e de lecture estim\u00e9e\" \/>\n\t<meta name=\"twitter:data1\" content=\"1 minute\" \/>\n<script type=\"application\/ld+json\" class=\"yoast-schema-graph\">{\"@context\":\"https:\/\/schema.org\",\"@graph\":[{\"@type\":\"WebPage\",\"@id\":\"https:\/\/www.suviseurat.fi/2024\/paiement\/\",\"url\":\"https:\/\/www.suviseurat.fi/2024\/paiement\/\",\"name\":\"Paiement - SRK:n Suviseurat Pudasj\u00e4rvell\u00e4 2024\",\"isPartOf\":{\"@id\":\"https:\/\/www.suviseurat.fi/2024\/#website\"},\"datePublished\":\"2024-05-14T12:31:48+00:00\",\"dateModified\":\"2024-05-14T12:31:48+00:00\",\"description\":\"Paiement Vous pouvez payer en esp\u00e8ces et avec les cartes de paiement les plus courantes dans la r\u00e9union d'\u00e9t\u00e9. Les modes de paiement pr\u00e9f\u00e9r\u00e9s sont la\",\"breadcrumb\":{\"@id\":\"https:\/\/www.suviseurat.fi/2024\/paiement\/#breadcrumb\"},\"inLanguage\":\"fr-FR\",\"potentialAction\":[{\"@type\":\"ReadAction\",\"target\":[\"https:\/\/www.suviseurat.fi/2024\/paiement\/\"]}]},{\"@type\":\"BreadcrumbList\",\"@id\":\"https:\/\/www.suviseurat.fi/2024\/paiement\/#breadcrumb\",\"itemListElement\":[{\"@type\":\"ListItem\",\"position\":1,\"name\":\"Etusivu\",\"item\":\"https:\/\/www.suviseurat.fi/2024\/fr\/\"},{\"@type\":\"ListItem\",\"position\":2,\"name\":\"Paiement\"}]},{\"@type\":\"WebSite\",\"@id\":\"https:\/\/www.suviseurat.fi/2024\/#website\",\"url\":\"https:\/\/www.suviseurat.fi/2024\/\",\"name\":\"SRK:n Suviseurat Pudasj\u00e4rvell\u00e4 2024\",\"description\":\"Olenko min\u00e4 sinulle rakas?\",\"publisher\":{\"@id\":\"https:\/\/www.suviseurat.fi/2024\/#organization\"},\"potentialAction\":[{\"@type\":\"SearchAction\",\"target\":{\"@type\":\"EntryPoint\",\"urlTemplate\":\"https:\/\/www.suviseurat.fi/2024\/?s={search_term_string}\"},\"query-input\":\"required name=search_term_string\"}],\"inLanguage\":\"fr-FR\"},{\"@type\":\"Organization\",\"@id\":\"https:\/\/www.suviseurat.fi/2024\/#organization\",\"name\":\"Suviseurat\",\"url\":\"https:\/\/www.suviseurat.fi/2024\/\",\"logo\":{\"@type\":\"ImageObject\",\"inLanguage\":\"fr-FR\",\"@id\":\"https:\/\/www.suviseurat.fi/2024\/#\/schema\/logo\/image\/\",\"url\":\"https:\/\/www.suviseurat.fi/2024\/wp-content\/uploads\/2023\/10\/tunnus-nelio.jpg\",\"contentUrl\":\"https:\/\/www.suviseurat.fi/2024\/wp-content\/uploads\/2023\/10\/tunnus-nelio.jpg\",\"width\":1000,\"height\":1000,\"caption\":\"Suviseurat\"},\"image\":{\"@id\":\"https:\/\/www.suviseurat.fi/2024\/#\/schema\/logo\/image\/\"},\"sameAs\":[\"https:\/\/www.facebook.com\/SRKryNyt\/\",\"https:\/\/x.com\/Suviseurat\",\"https:\/\/www.facebook.com\/srksuviseurat\/\",\"https:\/\/www.youtube.com\/@SRKnyt\",\"https:\/\/www.instagram.com\/srk_nyt\/\",\"https:\/\/www.flickr.com\/photos\/suviseurat\"]}]}<\/script>\n<!-- \/ Yoast SEO plugin. -->","yoast_head_json":{"title":"Paiement - SRK:n Suviseurat Pudasj\u00e4rvell\u00e4 2024","description":"Paiement Vous pouvez payer en esp\u00e8ces et avec les cartes de paiement les plus courantes dans la r\u00e9union d'\u00e9t\u00e9. Les modes de paiement pr\u00e9f\u00e9r\u00e9s sont la","robots":{"index":"index","follow":"follow","max-snippet":"max-snippet:-1","max-image-preview":"max-image-preview:large","max-video-preview":"max-video-preview:-1"},"canonical":"https:\/\/www.suviseurat.fi/2024\/paiement\/","og_locale":"fr_FR","og_type":"article","og_title":"Paiement - SRK:n Suviseurat Pudasj\u00e4rvell\u00e4 2024","og_description":"Paiement Vous pouvez payer en esp\u00e8ces et avec les cartes de paiement les plus courantes dans la r\u00e9union d'\u00e9t\u00e9. Les modes de paiement pr\u00e9f\u00e9r\u00e9s sont la","og_url":"https:\/\/www.suviseurat.fi/2024\/paiement\/","og_site_name":"SRK:n Suviseurat Pudasj\u00e4rvell\u00e4 2024","article_publisher":"https:\/\/www.facebook.com\/SRKryNyt\/","twitter_card":"summary_large_image","twitter_site":"@Suviseurat","twitter_misc":{"Dur\u00e9e de lecture estim\u00e9e":"1 minute"},"schema":{"@context":"https:\/\/schema.org","@graph":[{"@type":"WebPage","@id":"https:\/\/www.suviseurat.fi/2024\/paiement\/","url":"https:\/\/www.suviseurat.fi/2024\/paiement\/","name":"Paiement - SRK:n Suviseurat Pudasj\u00e4rvell\u00e4 2024","isPartOf":{"@id":"https:\/\/www.suviseurat.fi/2024\/#website"},"datePublished":"2024-05-14T12:31:48+00:00","dateModified":"2024-05-14T12:31:48+00:00","description":"Paiement Vous pouvez payer en esp\u00e8ces et avec les cartes de paiement les plus courantes dans la r\u00e9union d'\u00e9t\u00e9. Les modes de paiement pr\u00e9f\u00e9r\u00e9s sont la","breadcrumb":{"@id":"https:\/\/www.suviseurat.fi/2024\/paiement\/#breadcrumb"},"inLanguage":"fr-FR","potentialAction":[{"@type":"ReadAction","target":["https:\/\/www.suviseurat.fi/2024\/paiement\/"]}]},{"@type":"BreadcrumbList","@id":"https:\/\/www.suviseurat.fi/2024\/paiement\/#breadcrumb","itemListElement":[{"@type":"ListItem","position":1,"name":"Etusivu","item":"https:\/\/www.suviseurat.fi/2024\/fr\/"},{"@type":"ListItem","position":2,"name":"Paiement"}]},{"@type":"WebSite","@id":"https:\/\/www.suviseurat.fi/2024\/#website","url":"https:\/\/www.suviseurat.fi/2024\/","name":"SRK:n Suviseurat Pudasj\u00e4rvell\u00e4 2024","description":"Olenko min\u00e4 sinulle rakas?","publisher":{"@id":"https:\/\/www.suviseurat.fi/2024\/#organization"},"potentialAction":[{"@type":"SearchAction","target":{"@type":"EntryPoint","urlTemplate":"https:\/\/www.suviseurat.fi/2024\/?s={search_term_string}"},"query-input":"required name=search_term_string"}],"inLanguage":"fr-FR"},{"@type":"Organization","@id":"https:\/\/www.suviseurat.fi/2024\/#organization","name":"Suviseurat","url":"https:\/\/www.suviseurat.fi/2024\/","logo":{"@type":"ImageObject","inLanguage":"fr-FR","@id":"https:\/\/www.suviseurat.fi/2024\/#\/schema\/logo\/image\/","url":"https:\/\/www.suviseurat.fi/2024\/wp-content\/uploads\/2023\/10\/tunnus-nelio.jpg","contentUrl":"https:\/\/www.suviseurat.fi/2024\/wp-content\/uploads\/2023\/10\/tunnus-nelio.jpg","width":1000,"height":1000,"caption":"Suviseurat"},"image":{"@id":"https:\/\/www.suviseurat.fi/2024\/#\/schema\/logo\/image\/"},"sameAs":["https:\/\/www.facebook.com\/SRKryNyt\/","https:\/\/x.com\/Suviseurat","https:\/\/www.facebook.com\/srksuviseurat\/","https:\/\/www.youtube.com\/@SRKnyt","https:\/\/www.instagram.com\/srk_nyt\/","https:\/\/www.flickr.com\/photos\/suviseurat"]}]}},"_links":{"self":[{"href":"https:\/\/www.suviseurat.fi/2024\/fr\/wp-json\/wp\/v2\/pages\/20131"}],"collection":[{"href":"https:\/\/www.suviseurat.fi/2024\/fr\/wp-json\/wp\/v2\/pages"}],"about":[{"href":"https:\/\/www.suviseurat.fi/2024\/fr\/wp-json\/wp\/v2\/types\/page"}],"author":[{"embeddable":true,"href":"https:\/\/www.suviseurat.fi/2024\/fr\/wp-json\/wp\/v2\/users\/19"}],"replies":[{"embeddable":true,"href":"https:\/\/www.suviseurat.fi/2024\/fr\/wp-json\/wp\/v2\/comments?post=20131"}],"version-history":[{"count":0,"href":"https:\/\/www.suviseurat.fi/2024\/fr\/wp-json\/wp\/v2\/pages\/20131\/revisions"}],"wp:attachment":[{"href":"https:\/\/www.suviseurat.fi/2024\/fr\/wp-json\/wp\/v2\/media?parent=20131"}],"curies":[{"name":"wp","href":"https:\/\/api.w.org\/{rel}","templated":true}]}}