{"id":20253,"date":"2024-05-14T15:26:42","date_gmt":"2024-05-14T12:26:42","guid":{"rendered":"https:\/\/www.suviseurat.fi/2024\/securite\/"},"modified":"2024-06-09T23:04:20","modified_gmt":"2024-06-09T20:04:20","slug":"securite","status":"publish","type":"page","link":"https:\/\/www.suviseurat.fi/2024\/fr\/securite\/","title":{"rendered":"S\u00e9curit\u00e9"},"content":{"rendered":"<h2><strong>S\u00e9curit\u00e9<\/strong><\/h2>\n<p><strong>Un objectif commun pour la r\u00e9union d&#8217;\u00e9te d&#8217;\u00e9t\u00e9 s\u00fbre<\/strong><\/p>\n<p><span style=\"font-weight: 400\">Pour garantir la s\u00e9curit\u00e9 de la r\u00e9union d&#8217;\u00e9t\u00e9, l&#8217;organisateur \u00e9met des directives et des r\u00e8gles de s\u00e9curit\u00e9 que chaque visiteur doit respecter. <strong>Tout incident mettant en p\u00e9ril la s\u00e9curit\u00e9 doit \u00eatre trait\u00e9 et signal\u00e9 au bureau de s\u00e9curit\u00e9, t\u00e9l. 040 132 0763.<\/strong><\/span><\/p>\n<ul>\n<li><span style=\"font-weight: 400\">Les parents ou tuteurs des enfants sont responsables de leurs enfants pendant la r\u00e9union. <\/span><\/li>\n<li><span style=\"font-weight: 400\">Il est interdit de circuler, de s\u00e9journer ou de stationner dans les zones priv\u00e9es n&#8217;appartenant pas \u00e0 l&#8217;endroit de la r\u00e9union.<\/span><\/li>\n<li><span style=\"font-weight: 400\">La baignade est interdite dans les eaux proches.<\/span><\/li>\n<li><span style=\"font-weight: 400\">Il est interdit de faire un feu ouvert, d&#8217;utiliser un r\u00e9chaud de camping, une chemin\u00e9e ou un barbecue.<\/span><\/li>\n<li><span style=\"font-weight: 400\">Il est interdit de circuler inutilement dans l&#8217;endroit de la r\u00e9union.<\/span><\/li>\n<li><span style=\"font-weight: 400\">L&#8217;utilisation non autoris\u00e9e de drones au-dessus de l&#8217;endroit de la r\u00e9union est interdite.<\/span><\/li>\n<li><span style=\"font-weight: 400\">Dans la zone centrale du terrain, il est permis de fumer uniquement dans les zones r\u00e9serv\u00e9es aux fumeurs. Il faut \u00eatre tr\u00e8s prudent lorsque l&#8217;on fume dans les endroits d&#8217;h\u00e9bergement, en particulier dans les zones bois\u00e9es. <\/span><\/li>\n<li><span style=\"font-weight: 400\">La possession et la consommation de drogues sont interdites dans toute l&#8217;endroit de la r\u00e9union.<\/span><\/li>\n<li><span style=\"font-weight: 400\">La possession et l&#8217;utilisation d&#8217;explosifs, y compris de feux d&#8217;artifice, sont interdites dans l&#8217;endroit de la r\u00e9union d&#8217;\u00e9t\u00e9.<\/span><\/li>\n<li><span style=\"font-weight: 400\">La possession d&#8217;instruments capables d&#8217;endommager des personnes ou des biens dans l&#8217;enceinte de la r\u00e9union est interdite.<\/span><\/li>\n<li><span style=\"font-weight: 400\">Les visiteurs ont droit \u00e0 une nuit de repos. La circulation de v\u00e9hicules ou d&#8217;autres bruits dans le terrain de la r\u00e9union est interdite la nuit entre 1 heure et 6 heures du matin. <\/span><\/li>\n<\/ul>\n","protected":false},"excerpt":{"rendered":"<p>S\u00e9curit\u00e9 Un objectif commun pour la r\u00e9union d&#8217;\u00e9te d&#8217;\u00e9t\u00e9 s\u00fbre Pour garantir la s\u00e9curit\u00e9 de<a class=\"moretag\" href=\"https:\/\/www.suviseurat.fi/2024\/fr\/securite\/\">Jatka lukemista ><\/a><\/p>\n","protected":false},"author":19,"featured_media":0,"parent":0,"menu_order":0,"comment_status":"closed","ping_status":"closed","template":"","meta":{"_acf_changed":false,"footnotes":""},"class_list":["post-20253","page","type-page","status-publish","hentry"],"acf":[],"yoast_head":"<!-- This site is optimized with the Yoast SEO plugin v23.3 - https:\/\/yoast.com\/wordpress\/plugins\/seo\/ -->\n<title>S\u00e9curit\u00e9 - SRK:n Suviseurat Pudasj\u00e4rvell\u00e4 2024<\/title>\n<meta name=\"description\" content=\"S\u00e9curit\u00e9 Un objectif commun pour la r\u00e9union d&#039;\u00e9te d&#039;\u00e9t\u00e9 s\u00fbre Pour garantir la s\u00e9curit\u00e9 de la r\u00e9union d&#039;\u00e9t\u00e9, l&#039;organisateur \u00e9met des directives et des\" \/>\n<meta name=\"robots\" content=\"index, follow, max-snippet:-1, max-image-preview:large, max-video-preview:-1\" \/>\n<link rel=\"canonical\" href=\"https:\/\/www.suviseurat.fi/2024\/fr\/securite\/\" \/>\n<meta property=\"og:locale\" content=\"fr_FR\" \/>\n<meta property=\"og:type\" content=\"article\" \/>\n<meta property=\"og:title\" content=\"S\u00e9curit\u00e9 - SRK:n Suviseurat Pudasj\u00e4rvell\u00e4 2024\" \/>\n<meta property=\"og:description\" content=\"S\u00e9curit\u00e9 Un objectif commun pour la r\u00e9union d&#039;\u00e9te d&#039;\u00e9t\u00e9 s\u00fbre Pour garantir la s\u00e9curit\u00e9 de la r\u00e9union d&#039;\u00e9t\u00e9, l&#039;organisateur \u00e9met des directives et des\" \/>\n<meta property=\"og:url\" content=\"https:\/\/www.suviseurat.fi/2024\/fr\/securite\/\" \/>\n<meta property=\"og:site_name\" content=\"SRK:n Suviseurat Pudasj\u00e4rvell\u00e4 2024\" \/>\n<meta property=\"article:publisher\" content=\"https:\/\/www.facebook.com\/SRKryNyt\/\" \/>\n<meta property=\"article:modified_time\" content=\"2024-06-09T20:04:20+00:00\" \/>\n<meta name=\"twitter:card\" content=\"summary_large_image\" \/>\n<meta name=\"twitter:site\" content=\"@Suviseurat\" \/>\n<meta name=\"twitter:label1\" content=\"Dur\u00e9e de lecture estim\u00e9e\" \/>\n\t<meta name=\"twitter:data1\" content=\"1 minute\" \/>\n<script type=\"application\/ld+json\" class=\"yoast-schema-graph\">{\"@context\":\"https:\/\/schema.org\",\"@graph\":[{\"@type\":\"WebPage\",\"@id\":\"https:\/\/www.suviseurat.fi/2024\/fr\/securite\/\",\"url\":\"https:\/\/www.suviseurat.fi/2024\/fr\/securite\/\",\"name\":\"S\u00e9curit\u00e9 - SRK:n Suviseurat Pudasj\u00e4rvell\u00e4 2024\",\"isPartOf\":{\"@id\":\"https:\/\/www.suviseurat.fi/2024\/#website\"},\"datePublished\":\"2024-05-14T12:26:42+00:00\",\"dateModified\":\"2024-06-09T20:04:20+00:00\",\"description\":\"S\u00e9curit\u00e9 Un objectif commun pour la r\u00e9union d'\u00e9te d'\u00e9t\u00e9 s\u00fbre Pour garantir la s\u00e9curit\u00e9 de la r\u00e9union d'\u00e9t\u00e9, l'organisateur \u00e9met des directives et des\",\"breadcrumb\":{\"@id\":\"https:\/\/www.suviseurat.fi/2024\/fr\/securite\/#breadcrumb\"},\"inLanguage\":\"fr-FR\",\"potentialAction\":[{\"@type\":\"ReadAction\",\"target\":[\"https:\/\/www.suviseurat.fi/2024\/fr\/securite\/\"]}]},{\"@type\":\"BreadcrumbList\",\"@id\":\"https:\/\/www.suviseurat.fi/2024\/fr\/securite\/#breadcrumb\",\"itemListElement\":[{\"@type\":\"ListItem\",\"position\":1,\"name\":\"Etusivu\",\"item\":\"https:\/\/www.suviseurat.fi/2024\/fr\/\"},{\"@type\":\"ListItem\",\"position\":2,\"name\":\"S\u00e9curit\u00e9\"}]},{\"@type\":\"WebSite\",\"@id\":\"https:\/\/www.suviseurat.fi/2024\/#website\",\"url\":\"https:\/\/www.suviseurat.fi/2024\/\",\"name\":\"SRK:n Suviseurat Pudasj\u00e4rvell\u00e4 2024\",\"description\":\"Olenko min\u00e4 sinulle rakas?\",\"publisher\":{\"@id\":\"https:\/\/www.suviseurat.fi/2024\/#organization\"},\"potentialAction\":[{\"@type\":\"SearchAction\",\"target\":{\"@type\":\"EntryPoint\",\"urlTemplate\":\"https:\/\/www.suviseurat.fi/2024\/?s={search_term_string}\"},\"query-input\":\"required name=search_term_string\"}],\"inLanguage\":\"fr-FR\"},{\"@type\":\"Organization\",\"@id\":\"https:\/\/www.suviseurat.fi/2024\/#organization\",\"name\":\"Suviseurat\",\"url\":\"https:\/\/www.suviseurat.fi/2024\/\",\"logo\":{\"@type\":\"ImageObject\",\"inLanguage\":\"fr-FR\",\"@id\":\"https:\/\/www.suviseurat.fi/2024\/#\/schema\/logo\/image\/\",\"url\":\"https:\/\/www.suviseurat.fi/2024\/wp-content\/uploads\/2023\/10\/tunnus-nelio.jpg\",\"contentUrl\":\"https:\/\/www.suviseurat.fi/2024\/wp-content\/uploads\/2023\/10\/tunnus-nelio.jpg\",\"width\":1000,\"height\":1000,\"caption\":\"Suviseurat\"},\"image\":{\"@id\":\"https:\/\/www.suviseurat.fi/2024\/#\/schema\/logo\/image\/\"},\"sameAs\":[\"https:\/\/www.facebook.com\/SRKryNyt\/\",\"https:\/\/x.com\/Suviseurat\",\"https:\/\/www.facebook.com\/srksuviseurat\/\",\"https:\/\/www.youtube.com\/@SRKnyt\",\"https:\/\/www.instagram.com\/srk_nyt\/\",\"https:\/\/www.flickr.com\/photos\/suviseurat\"]}]}<\/script>\n<!-- \/ Yoast SEO plugin. -->","yoast_head_json":{"title":"S\u00e9curit\u00e9 - SRK:n Suviseurat Pudasj\u00e4rvell\u00e4 2024","description":"S\u00e9curit\u00e9 Un objectif commun pour la r\u00e9union d'\u00e9te d'\u00e9t\u00e9 s\u00fbre Pour garantir la s\u00e9curit\u00e9 de la r\u00e9union d'\u00e9t\u00e9, l'organisateur \u00e9met des directives et des","robots":{"index":"index","follow":"follow","max-snippet":"max-snippet:-1","max-image-preview":"max-image-preview:large","max-video-preview":"max-video-preview:-1"},"canonical":"https:\/\/www.suviseurat.fi/2024\/fr\/securite\/","og_locale":"fr_FR","og_type":"article","og_title":"S\u00e9curit\u00e9 - SRK:n Suviseurat Pudasj\u00e4rvell\u00e4 2024","og_description":"S\u00e9curit\u00e9 Un objectif commun pour la r\u00e9union d'\u00e9te d'\u00e9t\u00e9 s\u00fbre Pour garantir la s\u00e9curit\u00e9 de la r\u00e9union d'\u00e9t\u00e9, l'organisateur \u00e9met des directives et des","og_url":"https:\/\/www.suviseurat.fi/2024\/fr\/securite\/","og_site_name":"SRK:n Suviseurat Pudasj\u00e4rvell\u00e4 2024","article_publisher":"https:\/\/www.facebook.com\/SRKryNyt\/","article_modified_time":"2024-06-09T20:04:20+00:00","twitter_card":"summary_large_image","twitter_site":"@Suviseurat","twitter_misc":{"Dur\u00e9e de lecture estim\u00e9e":"1 minute"},"schema":{"@context":"https:\/\/schema.org","@graph":[{"@type":"WebPage","@id":"https:\/\/www.suviseurat.fi/2024\/fr\/securite\/","url":"https:\/\/www.suviseurat.fi/2024\/fr\/securite\/","name":"S\u00e9curit\u00e9 - SRK:n Suviseurat Pudasj\u00e4rvell\u00e4 2024","isPartOf":{"@id":"https:\/\/www.suviseurat.fi/2024\/#website"},"datePublished":"2024-05-14T12:26:42+00:00","dateModified":"2024-06-09T20:04:20+00:00","description":"S\u00e9curit\u00e9 Un objectif commun pour la r\u00e9union d'\u00e9te d'\u00e9t\u00e9 s\u00fbre Pour garantir la s\u00e9curit\u00e9 de la r\u00e9union d'\u00e9t\u00e9, l'organisateur \u00e9met des directives et des","breadcrumb":{"@id":"https:\/\/www.suviseurat.fi/2024\/fr\/securite\/#breadcrumb"},"inLanguage":"fr-FR","potentialAction":[{"@type":"ReadAction","target":["https:\/\/www.suviseurat.fi/2024\/fr\/securite\/"]}]},{"@type":"BreadcrumbList","@id":"https:\/\/www.suviseurat.fi/2024\/fr\/securite\/#breadcrumb","itemListElement":[{"@type":"ListItem","position":1,"name":"Etusivu","item":"https:\/\/www.suviseurat.fi/2024\/fr\/"},{"@type":"ListItem","position":2,"name":"S\u00e9curit\u00e9"}]},{"@type":"WebSite","@id":"https:\/\/www.suviseurat.fi/2024\/#website","url":"https:\/\/www.suviseurat.fi/2024\/","name":"SRK:n Suviseurat Pudasj\u00e4rvell\u00e4 2024","description":"Olenko min\u00e4 sinulle rakas?","publisher":{"@id":"https:\/\/www.suviseurat.fi/2024\/#organization"},"potentialAction":[{"@type":"SearchAction","target":{"@type":"EntryPoint","urlTemplate":"https:\/\/www.suviseurat.fi/2024\/?s={search_term_string}"},"query-input":"required name=search_term_string"}],"inLanguage":"fr-FR"},{"@type":"Organization","@id":"https:\/\/www.suviseurat.fi/2024\/#organization","name":"Suviseurat","url":"https:\/\/www.suviseurat.fi/2024\/","logo":{"@type":"ImageObject","inLanguage":"fr-FR","@id":"https:\/\/www.suviseurat.fi/2024\/#\/schema\/logo\/image\/","url":"https:\/\/www.suviseurat.fi/2024\/wp-content\/uploads\/2023\/10\/tunnus-nelio.jpg","contentUrl":"https:\/\/www.suviseurat.fi/2024\/wp-content\/uploads\/2023\/10\/tunnus-nelio.jpg","width":1000,"height":1000,"caption":"Suviseurat"},"image":{"@id":"https:\/\/www.suviseurat.fi/2024\/#\/schema\/logo\/image\/"},"sameAs":["https:\/\/www.facebook.com\/SRKryNyt\/","https:\/\/x.com\/Suviseurat","https:\/\/www.facebook.com\/srksuviseurat\/","https:\/\/www.youtube.com\/@SRKnyt","https:\/\/www.instagram.com\/srk_nyt\/","https:\/\/www.flickr.com\/photos\/suviseurat"]}]}},"_links":{"self":[{"href":"https:\/\/www.suviseurat.fi/2024\/fr\/wp-json\/wp\/v2\/pages\/20253"}],"collection":[{"href":"https:\/\/www.suviseurat.fi/2024\/fr\/wp-json\/wp\/v2\/pages"}],"about":[{"href":"https:\/\/www.suviseurat.fi/2024\/fr\/wp-json\/wp\/v2\/types\/page"}],"author":[{"embeddable":true,"href":"https:\/\/www.suviseurat.fi/2024\/fr\/wp-json\/wp\/v2\/users\/19"}],"replies":[{"embeddable":true,"href":"https:\/\/www.suviseurat.fi/2024\/fr\/wp-json\/wp\/v2\/comments?post=20253"}],"version-history":[{"count":2,"href":"https:\/\/www.suviseurat.fi/2024\/fr\/wp-json\/wp\/v2\/pages\/20253\/revisions"}],"predecessor-version":[{"id":20262,"href":"https:\/\/www.suviseurat.fi/2024\/fr\/wp-json\/wp\/v2\/pages\/20253\/revisions\/20262"}],"wp:attachment":[{"href":"https:\/\/www.suviseurat.fi/2024\/fr\/wp-json\/wp\/v2\/media?parent=20253"}],"curies":[{"name":"wp","href":"https:\/\/api.w.org\/{rel}","templated":true}]}}