{"id":20254,"date":"2019-02-18T15:32:25","date_gmt":"2019-02-18T13:32:25","guid":{"rendered":"https:\/\/www.suviseurat.fi/2024\/hebergement\/"},"modified":"2024-06-09T23:05:20","modified_gmt":"2024-06-09T20:05:20","slug":"hebergement","status":"publish","type":"page","link":"https:\/\/www.suviseurat.fi/2024\/fr\/hebergement\/","title":{"rendered":"H\u00e9bergement"},"content":{"rendered":"\n<p><span style=\"font-weight: 400\">Le service d&#8217;h\u00e9bergement de la r\u00e9union d&#8217;\u00e9t\u00e9 propose aux visiteurs un h\u00e9bergement dans les \u00e9coles, dans les logements priv\u00e9s dans les environs et des caravanes \u00e0 louer. Le reservation se fait par l&#8217;interm\u00e9diaire de site internet \u00e0 <a href=\"https:\/\/kauppa.suviseurat.fi\/\">kauppa.suviseurat.fi.<\/a> Le site est en finnois. Si vous avez besoin d&#8217;aide pour trouver l&#8217;h\u00e9b\u00e9rgement, veuillez contacter majoitus@suviseurat.fi <\/span><\/p>\n<p>\u00a0<\/p>\n<p>\u00a0<\/p>\n<h3><strong>Logement dans les salles de classe et logement partag\u00e9<\/strong><\/h3>\n<p><span style=\"font-weight: 400\">Les \u00e9coles de Pudasj\u00e4rvi, Ranua et Taivalkoski offrent des possibilit\u00e9s d&#8217;h\u00e9bergement dans la salle de classe. Il est vendu en forfaits de trois ou quatre nuits. Les logements de classe sont situ\u00e9s dans un rayon de 5 \u00e0 70 km de l&#8217;endroit de la r\u00e9union d&#8217;\u00e9t\u00e9. <\/span><\/p>\n<p><span style=\"font-weight: 400\">Pour un logement partag\u00e9, vous pouvez acheter une place dans la salle de sport des \u00e9coles du centre ville de Pudasj\u00e4rvi. Les salles sont s\u00e9par\u00e9es pour les hommes et les femmes. Le prix de l&#8217;h\u00e9bergement est de 25 \u20ac par nuit. <\/span><\/p>\n<p><span style=\"font-weight: 400\">L&#8217;h\u00e9bergements en classe et l&#8217;h\u00e9b\u00e9rgement partag\u00e9 ne comprennent pas de matelas, mais un matelas gonflable peut \u00eatre achet\u00e9 au magasin d&#8217;h\u00e9bergement ou au bureau d&#8217;h\u00e9bergement (dans l&#8217;endroit de la r\u00e9union d&#8217;\u00e9t\u00e9). Les locaux ouvrent le soir \u00e0 20 heures et doivent \u00eatre lib\u00e9r\u00e9s \u00e0 10 heures du matin. Les locaux seront ferm\u00e9s pour la journ\u00e9e. Une navette payante relie les logements partag\u00e9s \u00e0 l&#8217;endroit de la r\u00e9union d&#8217;\u00e9t\u00e9. <\/span><\/p>\n<p>\u00a0<\/p>\n<h3><strong>H\u00e9bergement priv\u00e9 et location de caravanes<\/strong><\/h3>\n<p><span style=\"font-weight: 400\">Les logements priv\u00e9s comprennent des maisons, des chalets et des appartements. Le service d&#8217;h\u00e9bergement propose ces logements <\/span><a href=\"https:\/\/kauppa.suviseurat.fi\/\"><span style=\"font-weight: 400\">sur le site internet<\/span><\/a><span style=\"font-weight: 400\"> et facture des frais de courtage de 40 euros. Le contrat de location et le paiement du loyer se font directement entre le locataire et le propri\u00e9taire. <\/span><\/p>\n<p><span style=\"font-weight: 400\">Les caravanes amen\u00e9es sur l&#8217;endroit de la r\u00e9union d&#8217;\u00e9t\u00e9 peuvent \u00e9galement \u00eatre lou\u00e9es<\/span><a href=\"https:\/\/kauppa.suviseurat.fi\/\"><span style=\"font-weight: 400\"> sur le site internet d&#8217;h\u00e9bergement.<\/span><\/a><span style=\"font-weight: 400\">\u00a0<\/span><\/p>\n<p>\u00a0<\/p>\n","protected":false},"excerpt":{"rendered":"<p>Le service d&#8217;h\u00e9bergement de la r\u00e9union d&#8217;\u00e9t\u00e9 propose aux visiteurs un h\u00e9bergement dans les \u00e9coles,<a class=\"moretag\" href=\"https:\/\/www.suviseurat.fi/2024\/fr\/hebergement\/\">Jatka lukemista ><\/a><\/p>\n","protected":false},"author":19,"featured_media":0,"parent":0,"menu_order":2,"comment_status":"closed","ping_status":"closed","template":"","meta":{"_acf_changed":false,"footnotes":""},"class_list":["post-20254","page","type-page","status-publish","hentry"],"acf":[],"yoast_head":"<!-- This site is optimized with the Yoast SEO plugin v23.3 - https:\/\/yoast.com\/wordpress\/plugins\/seo\/ -->\n<title>H\u00e9bergement - SRK:n Suviseurat Pudasj\u00e4rvell\u00e4 2024<\/title>\n<meta name=\"description\" content=\"Le service d&#039;h\u00e9bergement de la r\u00e9union d&#039;\u00e9t\u00e9 propose aux visiteurs un h\u00e9bergement dans les \u00e9coles, dans les logements priv\u00e9s dans les environs et des\" \/>\n<meta name=\"robots\" content=\"index, follow, max-snippet:-1, max-image-preview:large, max-video-preview:-1\" \/>\n<link rel=\"canonical\" href=\"https:\/\/www.suviseurat.fi/2024\/fr\/hebergement\/\" \/>\n<meta property=\"og:locale\" content=\"fr_FR\" \/>\n<meta property=\"og:type\" content=\"article\" \/>\n<meta property=\"og:title\" content=\"H\u00e9bergement - SRK:n Suviseurat Pudasj\u00e4rvell\u00e4 2024\" \/>\n<meta property=\"og:description\" content=\"Le service d&#039;h\u00e9bergement de la r\u00e9union d&#039;\u00e9t\u00e9 propose aux visiteurs un h\u00e9bergement dans les \u00e9coles, dans les logements priv\u00e9s dans les environs et des\" \/>\n<meta property=\"og:url\" content=\"https:\/\/www.suviseurat.fi/2024\/fr\/hebergement\/\" \/>\n<meta property=\"og:site_name\" content=\"SRK:n Suviseurat Pudasj\u00e4rvell\u00e4 2024\" \/>\n<meta property=\"article:publisher\" content=\"https:\/\/www.facebook.com\/SRKryNyt\/\" \/>\n<meta property=\"article:modified_time\" content=\"2024-06-09T20:05:20+00:00\" \/>\n<meta name=\"twitter:card\" content=\"summary_large_image\" \/>\n<meta name=\"twitter:site\" content=\"@Suviseurat\" \/>\n<meta name=\"twitter:label1\" content=\"Dur\u00e9e de lecture estim\u00e9e\" \/>\n\t<meta name=\"twitter:data1\" content=\"2 minutes\" \/>\n<script type=\"application\/ld+json\" class=\"yoast-schema-graph\">{\"@context\":\"https:\/\/schema.org\",\"@graph\":[{\"@type\":\"WebPage\",\"@id\":\"https:\/\/www.suviseurat.fi/2024\/fr\/hebergement\/\",\"url\":\"https:\/\/www.suviseurat.fi/2024\/fr\/hebergement\/\",\"name\":\"H\u00e9bergement - SRK:n Suviseurat Pudasj\u00e4rvell\u00e4 2024\",\"isPartOf\":{\"@id\":\"https:\/\/www.suviseurat.fi/2024\/#website\"},\"datePublished\":\"2019-02-18T13:32:25+00:00\",\"dateModified\":\"2024-06-09T20:05:20+00:00\",\"description\":\"Le service d'h\u00e9bergement de la r\u00e9union d'\u00e9t\u00e9 propose aux visiteurs un h\u00e9bergement dans les \u00e9coles, dans les logements priv\u00e9s dans les environs et des\",\"breadcrumb\":{\"@id\":\"https:\/\/www.suviseurat.fi/2024\/fr\/hebergement\/#breadcrumb\"},\"inLanguage\":\"fr-FR\",\"potentialAction\":[{\"@type\":\"ReadAction\",\"target\":[\"https:\/\/www.suviseurat.fi/2024\/fr\/hebergement\/\"]}]},{\"@type\":\"BreadcrumbList\",\"@id\":\"https:\/\/www.suviseurat.fi/2024\/fr\/hebergement\/#breadcrumb\",\"itemListElement\":[{\"@type\":\"ListItem\",\"position\":1,\"name\":\"Etusivu\",\"item\":\"https:\/\/www.suviseurat.fi/2024\/fr\/\"},{\"@type\":\"ListItem\",\"position\":2,\"name\":\"H\u00e9bergement\"}]},{\"@type\":\"WebSite\",\"@id\":\"https:\/\/www.suviseurat.fi/2024\/#website\",\"url\":\"https:\/\/www.suviseurat.fi/2024\/\",\"name\":\"SRK:n Suviseurat Pudasj\u00e4rvell\u00e4 2024\",\"description\":\"Olenko min\u00e4 sinulle rakas?\",\"publisher\":{\"@id\":\"https:\/\/www.suviseurat.fi/2024\/#organization\"},\"potentialAction\":[{\"@type\":\"SearchAction\",\"target\":{\"@type\":\"EntryPoint\",\"urlTemplate\":\"https:\/\/www.suviseurat.fi/2024\/?s={search_term_string}\"},\"query-input\":\"required name=search_term_string\"}],\"inLanguage\":\"fr-FR\"},{\"@type\":\"Organization\",\"@id\":\"https:\/\/www.suviseurat.fi/2024\/#organization\",\"name\":\"Suviseurat\",\"url\":\"https:\/\/www.suviseurat.fi/2024\/\",\"logo\":{\"@type\":\"ImageObject\",\"inLanguage\":\"fr-FR\",\"@id\":\"https:\/\/www.suviseurat.fi/2024\/#\/schema\/logo\/image\/\",\"url\":\"https:\/\/www.suviseurat.fi/2024\/wp-content\/uploads\/2023\/10\/tunnus-nelio.jpg\",\"contentUrl\":\"https:\/\/www.suviseurat.fi/2024\/wp-content\/uploads\/2023\/10\/tunnus-nelio.jpg\",\"width\":1000,\"height\":1000,\"caption\":\"Suviseurat\"},\"image\":{\"@id\":\"https:\/\/www.suviseurat.fi/2024\/#\/schema\/logo\/image\/\"},\"sameAs\":[\"https:\/\/www.facebook.com\/SRKryNyt\/\",\"https:\/\/x.com\/Suviseurat\",\"https:\/\/www.facebook.com\/srksuviseurat\/\",\"https:\/\/www.youtube.com\/@SRKnyt\",\"https:\/\/www.instagram.com\/srk_nyt\/\",\"https:\/\/www.flickr.com\/photos\/suviseurat\"]}]}<\/script>\n<!-- \/ Yoast SEO plugin. -->","yoast_head_json":{"title":"H\u00e9bergement - SRK:n Suviseurat Pudasj\u00e4rvell\u00e4 2024","description":"Le service d'h\u00e9bergement de la r\u00e9union d'\u00e9t\u00e9 propose aux visiteurs un h\u00e9bergement dans les \u00e9coles, dans les logements priv\u00e9s dans les environs et des","robots":{"index":"index","follow":"follow","max-snippet":"max-snippet:-1","max-image-preview":"max-image-preview:large","max-video-preview":"max-video-preview:-1"},"canonical":"https:\/\/www.suviseurat.fi/2024\/fr\/hebergement\/","og_locale":"fr_FR","og_type":"article","og_title":"H\u00e9bergement - SRK:n Suviseurat Pudasj\u00e4rvell\u00e4 2024","og_description":"Le service d'h\u00e9bergement de la r\u00e9union d'\u00e9t\u00e9 propose aux visiteurs un h\u00e9bergement dans les \u00e9coles, dans les logements priv\u00e9s dans les environs et des","og_url":"https:\/\/www.suviseurat.fi/2024\/fr\/hebergement\/","og_site_name":"SRK:n Suviseurat Pudasj\u00e4rvell\u00e4 2024","article_publisher":"https:\/\/www.facebook.com\/SRKryNyt\/","article_modified_time":"2024-06-09T20:05:20+00:00","twitter_card":"summary_large_image","twitter_site":"@Suviseurat","twitter_misc":{"Dur\u00e9e de lecture estim\u00e9e":"2 minutes"},"schema":{"@context":"https:\/\/schema.org","@graph":[{"@type":"WebPage","@id":"https:\/\/www.suviseurat.fi/2024\/fr\/hebergement\/","url":"https:\/\/www.suviseurat.fi/2024\/fr\/hebergement\/","name":"H\u00e9bergement - SRK:n Suviseurat Pudasj\u00e4rvell\u00e4 2024","isPartOf":{"@id":"https:\/\/www.suviseurat.fi/2024\/#website"},"datePublished":"2019-02-18T13:32:25+00:00","dateModified":"2024-06-09T20:05:20+00:00","description":"Le service d'h\u00e9bergement de la r\u00e9union d'\u00e9t\u00e9 propose aux visiteurs un h\u00e9bergement dans les \u00e9coles, dans les logements priv\u00e9s dans les environs et des","breadcrumb":{"@id":"https:\/\/www.suviseurat.fi/2024\/fr\/hebergement\/#breadcrumb"},"inLanguage":"fr-FR","potentialAction":[{"@type":"ReadAction","target":["https:\/\/www.suviseurat.fi/2024\/fr\/hebergement\/"]}]},{"@type":"BreadcrumbList","@id":"https:\/\/www.suviseurat.fi/2024\/fr\/hebergement\/#breadcrumb","itemListElement":[{"@type":"ListItem","position":1,"name":"Etusivu","item":"https:\/\/www.suviseurat.fi/2024\/fr\/"},{"@type":"ListItem","position":2,"name":"H\u00e9bergement"}]},{"@type":"WebSite","@id":"https:\/\/www.suviseurat.fi/2024\/#website","url":"https:\/\/www.suviseurat.fi/2024\/","name":"SRK:n Suviseurat Pudasj\u00e4rvell\u00e4 2024","description":"Olenko min\u00e4 sinulle rakas?","publisher":{"@id":"https:\/\/www.suviseurat.fi/2024\/#organization"},"potentialAction":[{"@type":"SearchAction","target":{"@type":"EntryPoint","urlTemplate":"https:\/\/www.suviseurat.fi/2024\/?s={search_term_string}"},"query-input":"required name=search_term_string"}],"inLanguage":"fr-FR"},{"@type":"Organization","@id":"https:\/\/www.suviseurat.fi/2024\/#organization","name":"Suviseurat","url":"https:\/\/www.suviseurat.fi/2024\/","logo":{"@type":"ImageObject","inLanguage":"fr-FR","@id":"https:\/\/www.suviseurat.fi/2024\/#\/schema\/logo\/image\/","url":"https:\/\/www.suviseurat.fi/2024\/wp-content\/uploads\/2023\/10\/tunnus-nelio.jpg","contentUrl":"https:\/\/www.suviseurat.fi/2024\/wp-content\/uploads\/2023\/10\/tunnus-nelio.jpg","width":1000,"height":1000,"caption":"Suviseurat"},"image":{"@id":"https:\/\/www.suviseurat.fi/2024\/#\/schema\/logo\/image\/"},"sameAs":["https:\/\/www.facebook.com\/SRKryNyt\/","https:\/\/x.com\/Suviseurat","https:\/\/www.facebook.com\/srksuviseurat\/","https:\/\/www.youtube.com\/@SRKnyt","https:\/\/www.instagram.com\/srk_nyt\/","https:\/\/www.flickr.com\/photos\/suviseurat"]}]}},"_links":{"self":[{"href":"https:\/\/www.suviseurat.fi/2024\/fr\/wp-json\/wp\/v2\/pages\/20254"}],"collection":[{"href":"https:\/\/www.suviseurat.fi/2024\/fr\/wp-json\/wp\/v2\/pages"}],"about":[{"href":"https:\/\/www.suviseurat.fi/2024\/fr\/wp-json\/wp\/v2\/types\/page"}],"author":[{"embeddable":true,"href":"https:\/\/www.suviseurat.fi/2024\/fr\/wp-json\/wp\/v2\/users\/19"}],"replies":[{"embeddable":true,"href":"https:\/\/www.suviseurat.fi/2024\/fr\/wp-json\/wp\/v2\/comments?post=20254"}],"version-history":[{"count":2,"href":"https:\/\/www.suviseurat.fi/2024\/fr\/wp-json\/wp\/v2\/pages\/20254\/revisions"}],"predecessor-version":[{"id":20263,"href":"https:\/\/www.suviseurat.fi/2024\/fr\/wp-json\/wp\/v2\/pages\/20254\/revisions\/20263"}],"wp:attachment":[{"href":"https:\/\/www.suviseurat.fi/2024\/fr\/wp-json\/wp\/v2\/media?parent=20254"}],"curies":[{"name":"wp","href":"https:\/\/api.w.org\/{rel}","templated":true}]}}