{"id":20256,"date":"2022-06-24T12:00:00","date_gmt":"2022-06-24T09:00:00","guid":{"rendered":"https:\/\/www.suviseurat.fi/2024\/service-international\/"},"modified":"2024-06-09T19:28:37","modified_gmt":"2024-06-09T16:28:37","slug":"service-international","status":"publish","type":"page","link":"https:\/\/www.suviseurat.fi/2024\/fr\/service-international\/","title":{"rendered":"Service international"},"content":{"rendered":"<table style=\"width: 68.241%\">\n<tbody>\n<tr>\n<td style=\"background-color: #f0f0f0;text-align: left;width: 89.0385%\" colspan=\"2\"><strong>Service international<\/strong><\/td>\n<\/tr>\n<tr>\n<td style=\"width: 61.8738%\">jeudi\u2013dimanche<\/td>\n<td style=\"width: 27.1647%\">9h\u201321h<\/td>\n<\/tr>\n<tr>\n<td style=\"width: 61.8738%\">lundi<\/td>\n<td style=\"width: 27.1647%\">9h\u201315h<\/td>\n<\/tr>\n<\/tbody>\n<\/table>\n<p><span style=\"font-weight: 400\">La grande r\u00e9union d\u2019\u00e9t\u00e9 est un \u00e9v\u00e9nement international. <\/span>Le service international est un lieu de rencontre pour les visiteurs \u00e9trangers. Il sert \u00e9galement comme le point de l\u2019information.<\/p>\n<p><span style=\"font-weight: 400\">Vous pouvez \u00e9couter les pr\u00eaches interpr\u00e9t\u00e9s sur le site \u00ab Programme \u00bb ou <\/span><a href=\"https:\/\/www.suviseurat.fi/2024\/ohjelma\/\"><span style=\"font-weight: 400\">sur le site internet<\/span><\/a><span style=\"font-weight: 400\"> aussi bien en temps r\u00e9el que par les enregistrements plus tard. Vous pouvez \u00e9couter les pr\u00eaches en cliquant le drapeau du pays dans le programme. Tous les pr\u00eaches, de jeudi \u00e0 lundi, seront interpr\u00e9t\u00e9s <a href=\"https:\/\/www.suviseurat.fi/2024\/en\/program\/\">en anglais<\/a> et <a href=\"https:\/\/www.suviseurat.fi/2024\/sv\/program\/\">en su\u00e9dois<\/a>. En plus, plusieurs pr\u00eaches seront interpr\u00e9t\u00e9s <a href=\"https:\/\/www.suviseurat.fi/2024\/et\/kava\/\">en estonien<\/a>, <a href=\"https:\/\/www.suviseurat.fi/2024\/ru\/programma\/\">en russe<\/a>, <a href=\"https:\/\/www.suviseurat.fi/2024\/fr\/programme\/\">en fran\u00e7ais<\/a>, <a href=\"https:\/\/www.suviseurat.fi/2024\/es\/el-programa\/\">en espagnol<\/a>, <a href=\"https:\/\/www.suviseurat.fi/2024\/hu\/program\/\">en hongrois<\/a> et <a href=\"https:\/\/www.suviseurat.fi/2024\/de\/programm\/\">en allemand<\/a> . Dans le terrain de r\u00e9union, les interpr\u00e9tations peuvent \u00eatre \u00e9cout\u00e9s par les appareils radio\u00e9lectriques, qui sont disponibles dans le service international. Les langues interpr\u00e9t\u00e9es sont marqu\u00e9es sur le programme. Vous pouvez t\u00e9l\u00e9chargez le programme international <a href=\"https:\/\/www.suviseurat.fi/2024\/wp-content\/uploads\/2024\/06\/KV-seuraohjelma.pdf\" target=\"_blank\" rel=\"noopener\">par ce lien.<\/a><\/span><\/p>\n<table style=\"width: 68.241%\">\n<tbody>\n<tr>\n<td style=\"background-color: #f0f0f0;text-align: left;width: 89.0385%\" colspan=\"2\"><strong>International Services<\/strong><\/td>\n<\/tr>\n<tr>\n<td style=\"width: 61.8738%\">Thursday &#8211; Sunday<\/td>\n<td style=\"width: 27.1647%\">9am &#8211; 9pm<\/td>\n<\/tr>\n<tr>\n<td style=\"width: 61.8738%\">Monday<\/td>\n<td style=\"width: 27.1647%\">9am &#8211; 3pm<\/td>\n<\/tr>\n<\/tbody>\n<\/table>\n<p><span style=\"font-weight: 400\">Summer services are an international event. <\/span>The International Service is a meeting place and information center for foreign visitors<\/p>\n<p><span style=\"font-weight: 400\">Translated sermons can also be listened to on the Summer Services <\/span><a href=\"https:\/\/www.suviseurat.fi\/ohjelma\/\"><span style=\"font-weight: 400\">website<\/span><\/a><span style=\"font-weight: 400\"> live and afterwards as archived sermons. The flag symbol works as a link to the translated sermon. All sermons from Thursday to Monday will be translated into <a href=\"https:\/\/www.suviseurat.fi\/en\/program\/\">English<\/a> and <a href=\"https:\/\/www.suviseurat.fi\/sv\/program\/\">Swedish<\/a>. In addition, several of the sermons are translated into <a href=\"https:\/\/www.suviseurat.fi/2024\/et\/kava\/\">Estonian<\/a>, <a href=\"https:\/\/www.suviseurat.fi/2024\/ru\/programma\/\">Russian<\/a>, <a href=\"https:\/\/www.suviseurat.fi\/fr\/programme\/\">French<\/a>, <a href=\"https:\/\/www.suviseurat.fi\/es\/el-programa\/\">Spanish<\/a>, <a href=\"https:\/\/www.suviseurat.fi/2024\/hu\/program\/\">Hungarian<\/a> and <a href=\"https:\/\/www.suviseurat.fi\/de\/programm\/\">German<\/a>. At the services, translated sermons can be listened to with a radio device, which are provided at the International Service. The translated languages are noted in the service schedule. You can download the international service schedule from <a href=\"https:\/\/www.suviseurat.fi/2024\/wp-content\/uploads\/2024\/06\/KV-seuraohjelma.pdf\" target=\"_blank\" rel=\"noopener\">here<\/a>.<\/span><\/p>\n","protected":false},"excerpt":{"rendered":"<p>Service international jeudi\u2013dimanche 9h\u201321h lundi 9h\u201315h La grande r\u00e9union d\u2019\u00e9t\u00e9 est un \u00e9v\u00e9nement international. Le<a class=\"moretag\" href=\"https:\/\/www.suviseurat.fi/2024\/fr\/service-international\/\">Jatka lukemista ><\/a><\/p>\n","protected":false},"author":19,"featured_media":0,"parent":0,"menu_order":13,"comment_status":"closed","ping_status":"closed","template":"","meta":{"_acf_changed":false,"footnotes":""},"class_list":["post-20256","page","type-page","status-publish","hentry"],"acf":[],"yoast_head":"<!-- This site is optimized with the Yoast SEO plugin v23.3 - https:\/\/yoast.com\/wordpress\/plugins\/seo\/ -->\n<title>Service international - SRK:n Suviseurat Pudasj\u00e4rvell\u00e4 2024<\/title>\n<meta name=\"description\" content=\"Service international jeudi\u2013dimanche 9h\u201321h lundi 9h\u201315h La grande r\u00e9union d\u2019\u00e9t\u00e9 est un \u00e9v\u00e9nement international. Le service international est un lieu de\" \/>\n<meta name=\"robots\" content=\"index, follow, max-snippet:-1, max-image-preview:large, max-video-preview:-1\" \/>\n<link rel=\"canonical\" href=\"https:\/\/www.suviseurat.fi/2024\/fr\/service-international\/\" \/>\n<meta property=\"og:locale\" content=\"fr_FR\" \/>\n<meta property=\"og:type\" content=\"article\" \/>\n<meta property=\"og:title\" content=\"Service international - SRK:n Suviseurat Pudasj\u00e4rvell\u00e4 2024\" \/>\n<meta property=\"og:description\" content=\"Service international jeudi\u2013dimanche 9h\u201321h lundi 9h\u201315h La grande r\u00e9union d\u2019\u00e9t\u00e9 est un \u00e9v\u00e9nement international. Le service international est un lieu de\" \/>\n<meta property=\"og:url\" content=\"https:\/\/www.suviseurat.fi/2024\/fr\/service-international\/\" \/>\n<meta property=\"og:site_name\" content=\"SRK:n Suviseurat Pudasj\u00e4rvell\u00e4 2024\" \/>\n<meta property=\"article:publisher\" content=\"https:\/\/www.facebook.com\/SRKryNyt\/\" \/>\n<meta property=\"article:modified_time\" content=\"2024-06-09T16:28:37+00:00\" \/>\n<meta name=\"twitter:card\" content=\"summary_large_image\" \/>\n<meta name=\"twitter:site\" content=\"@Suviseurat\" \/>\n<meta name=\"twitter:label1\" content=\"Dur\u00e9e de lecture estim\u00e9e\" \/>\n\t<meta name=\"twitter:data1\" content=\"2 minutes\" \/>\n<script type=\"application\/ld+json\" class=\"yoast-schema-graph\">{\"@context\":\"https:\/\/schema.org\",\"@graph\":[{\"@type\":\"WebPage\",\"@id\":\"https:\/\/www.suviseurat.fi/2024\/fr\/service-international\/\",\"url\":\"https:\/\/www.suviseurat.fi/2024\/fr\/service-international\/\",\"name\":\"Service international - SRK:n Suviseurat Pudasj\u00e4rvell\u00e4 2024\",\"isPartOf\":{\"@id\":\"https:\/\/www.suviseurat.fi/2024\/#website\"},\"datePublished\":\"2022-06-24T09:00:00+00:00\",\"dateModified\":\"2024-06-09T16:28:37+00:00\",\"description\":\"Service international jeudi\u2013dimanche 9h\u201321h lundi 9h\u201315h La grande r\u00e9union d\u2019\u00e9t\u00e9 est un \u00e9v\u00e9nement international. Le service international est un lieu de\",\"breadcrumb\":{\"@id\":\"https:\/\/www.suviseurat.fi/2024\/fr\/service-international\/#breadcrumb\"},\"inLanguage\":\"fr-FR\",\"potentialAction\":[{\"@type\":\"ReadAction\",\"target\":[\"https:\/\/www.suviseurat.fi/2024\/fr\/service-international\/\"]}]},{\"@type\":\"BreadcrumbList\",\"@id\":\"https:\/\/www.suviseurat.fi/2024\/fr\/service-international\/#breadcrumb\",\"itemListElement\":[{\"@type\":\"ListItem\",\"position\":1,\"name\":\"Etusivu\",\"item\":\"https:\/\/www.suviseurat.fi/2024\/fr\/\"},{\"@type\":\"ListItem\",\"position\":2,\"name\":\"Service international\"}]},{\"@type\":\"WebSite\",\"@id\":\"https:\/\/www.suviseurat.fi/2024\/#website\",\"url\":\"https:\/\/www.suviseurat.fi/2024\/\",\"name\":\"SRK:n Suviseurat Pudasj\u00e4rvell\u00e4 2024\",\"description\":\"Olenko min\u00e4 sinulle rakas?\",\"publisher\":{\"@id\":\"https:\/\/www.suviseurat.fi/2024\/#organization\"},\"potentialAction\":[{\"@type\":\"SearchAction\",\"target\":{\"@type\":\"EntryPoint\",\"urlTemplate\":\"https:\/\/www.suviseurat.fi/2024\/?s={search_term_string}\"},\"query-input\":\"required name=search_term_string\"}],\"inLanguage\":\"fr-FR\"},{\"@type\":\"Organization\",\"@id\":\"https:\/\/www.suviseurat.fi/2024\/#organization\",\"name\":\"Suviseurat\",\"url\":\"https:\/\/www.suviseurat.fi/2024\/\",\"logo\":{\"@type\":\"ImageObject\",\"inLanguage\":\"fr-FR\",\"@id\":\"https:\/\/www.suviseurat.fi/2024\/#\/schema\/logo\/image\/\",\"url\":\"https:\/\/www.suviseurat.fi/2024\/wp-content\/uploads\/2023\/10\/tunnus-nelio.jpg\",\"contentUrl\":\"https:\/\/www.suviseurat.fi/2024\/wp-content\/uploads\/2023\/10\/tunnus-nelio.jpg\",\"width\":1000,\"height\":1000,\"caption\":\"Suviseurat\"},\"image\":{\"@id\":\"https:\/\/www.suviseurat.fi/2024\/#\/schema\/logo\/image\/\"},\"sameAs\":[\"https:\/\/www.facebook.com\/SRKryNyt\/\",\"https:\/\/x.com\/Suviseurat\",\"https:\/\/www.facebook.com\/srksuviseurat\/\",\"https:\/\/www.youtube.com\/@SRKnyt\",\"https:\/\/www.instagram.com\/srk_nyt\/\",\"https:\/\/www.flickr.com\/photos\/suviseurat\"]}]}<\/script>\n<!-- \/ Yoast SEO plugin. -->","yoast_head_json":{"title":"Service international - SRK:n Suviseurat Pudasj\u00e4rvell\u00e4 2024","description":"Service international jeudi\u2013dimanche 9h\u201321h lundi 9h\u201315h La grande r\u00e9union d\u2019\u00e9t\u00e9 est un \u00e9v\u00e9nement international. Le service international est un lieu de","robots":{"index":"index","follow":"follow","max-snippet":"max-snippet:-1","max-image-preview":"max-image-preview:large","max-video-preview":"max-video-preview:-1"},"canonical":"https:\/\/www.suviseurat.fi/2024\/fr\/service-international\/","og_locale":"fr_FR","og_type":"article","og_title":"Service international - SRK:n Suviseurat Pudasj\u00e4rvell\u00e4 2024","og_description":"Service international jeudi\u2013dimanche 9h\u201321h lundi 9h\u201315h La grande r\u00e9union d\u2019\u00e9t\u00e9 est un \u00e9v\u00e9nement international. Le service international est un lieu de","og_url":"https:\/\/www.suviseurat.fi/2024\/fr\/service-international\/","og_site_name":"SRK:n Suviseurat Pudasj\u00e4rvell\u00e4 2024","article_publisher":"https:\/\/www.facebook.com\/SRKryNyt\/","article_modified_time":"2024-06-09T16:28:37+00:00","twitter_card":"summary_large_image","twitter_site":"@Suviseurat","twitter_misc":{"Dur\u00e9e de lecture estim\u00e9e":"2 minutes"},"schema":{"@context":"https:\/\/schema.org","@graph":[{"@type":"WebPage","@id":"https:\/\/www.suviseurat.fi/2024\/fr\/service-international\/","url":"https:\/\/www.suviseurat.fi/2024\/fr\/service-international\/","name":"Service international - SRK:n Suviseurat Pudasj\u00e4rvell\u00e4 2024","isPartOf":{"@id":"https:\/\/www.suviseurat.fi/2024\/#website"},"datePublished":"2022-06-24T09:00:00+00:00","dateModified":"2024-06-09T16:28:37+00:00","description":"Service international jeudi\u2013dimanche 9h\u201321h lundi 9h\u201315h La grande r\u00e9union d\u2019\u00e9t\u00e9 est un \u00e9v\u00e9nement international. Le service international est un lieu de","breadcrumb":{"@id":"https:\/\/www.suviseurat.fi/2024\/fr\/service-international\/#breadcrumb"},"inLanguage":"fr-FR","potentialAction":[{"@type":"ReadAction","target":["https:\/\/www.suviseurat.fi/2024\/fr\/service-international\/"]}]},{"@type":"BreadcrumbList","@id":"https:\/\/www.suviseurat.fi/2024\/fr\/service-international\/#breadcrumb","itemListElement":[{"@type":"ListItem","position":1,"name":"Etusivu","item":"https:\/\/www.suviseurat.fi/2024\/fr\/"},{"@type":"ListItem","position":2,"name":"Service international"}]},{"@type":"WebSite","@id":"https:\/\/www.suviseurat.fi/2024\/#website","url":"https:\/\/www.suviseurat.fi/2024\/","name":"SRK:n Suviseurat Pudasj\u00e4rvell\u00e4 2024","description":"Olenko min\u00e4 sinulle rakas?","publisher":{"@id":"https:\/\/www.suviseurat.fi/2024\/#organization"},"potentialAction":[{"@type":"SearchAction","target":{"@type":"EntryPoint","urlTemplate":"https:\/\/www.suviseurat.fi/2024\/?s={search_term_string}"},"query-input":"required name=search_term_string"}],"inLanguage":"fr-FR"},{"@type":"Organization","@id":"https:\/\/www.suviseurat.fi/2024\/#organization","name":"Suviseurat","url":"https:\/\/www.suviseurat.fi/2024\/","logo":{"@type":"ImageObject","inLanguage":"fr-FR","@id":"https:\/\/www.suviseurat.fi/2024\/#\/schema\/logo\/image\/","url":"https:\/\/www.suviseurat.fi/2024\/wp-content\/uploads\/2023\/10\/tunnus-nelio.jpg","contentUrl":"https:\/\/www.suviseurat.fi/2024\/wp-content\/uploads\/2023\/10\/tunnus-nelio.jpg","width":1000,"height":1000,"caption":"Suviseurat"},"image":{"@id":"https:\/\/www.suviseurat.fi/2024\/#\/schema\/logo\/image\/"},"sameAs":["https:\/\/www.facebook.com\/SRKryNyt\/","https:\/\/x.com\/Suviseurat","https:\/\/www.facebook.com\/srksuviseurat\/","https:\/\/www.youtube.com\/@SRKnyt","https:\/\/www.instagram.com\/srk_nyt\/","https:\/\/www.flickr.com\/photos\/suviseurat"]}]}},"_links":{"self":[{"href":"https:\/\/www.suviseurat.fi/2024\/fr\/wp-json\/wp\/v2\/pages\/20256"}],"collection":[{"href":"https:\/\/www.suviseurat.fi/2024\/fr\/wp-json\/wp\/v2\/pages"}],"about":[{"href":"https:\/\/www.suviseurat.fi/2024\/fr\/wp-json\/wp\/v2\/types\/page"}],"author":[{"embeddable":true,"href":"https:\/\/www.suviseurat.fi/2024\/fr\/wp-json\/wp\/v2\/users\/19"}],"replies":[{"embeddable":true,"href":"https:\/\/www.suviseurat.fi/2024\/fr\/wp-json\/wp\/v2\/comments?post=20256"}],"version-history":[{"count":1,"href":"https:\/\/www.suviseurat.fi/2024\/fr\/wp-json\/wp\/v2\/pages\/20256\/revisions"}],"predecessor-version":[{"id":20258,"href":"https:\/\/www.suviseurat.fi/2024\/fr\/wp-json\/wp\/v2\/pages\/20256\/revisions\/20258"}],"wp:attachment":[{"href":"https:\/\/www.suviseurat.fi/2024\/fr\/wp-json\/wp\/v2\/media?parent=20256"}],"curies":[{"name":"wp","href":"https:\/\/api.w.org\/{rel}","templated":true}]}}