{"id":20598,"date":"2021-11-18T19:23:42","date_gmt":"2021-11-18T17:23:42","guid":{"rendered":"https:\/\/www.suviseurat.fi/2024\/suviseurat\/"},"modified":"2024-06-19T14:31:32","modified_gmt":"2024-06-19T11:31:32","slug":"suviseurat","status":"publish","type":"page","link":"https:\/\/www.suviseurat.fi/2024\/hu\/suviseurat\/","title":{"rendered":"Suviseurat"},"content":{"rendered":"\n<h1 class=\"wp-block-heading\"><strong>Suviseurat &#8211; a SRK ny\u00e1ri \u00f6sszej\u00f6vetele<\/strong><\/h1>\n\n<p><span style=\"font-weight: 400\">A <strong>Suviseurat<\/strong> a konzervat\u00edv laestadianizmus \u00e9vente megrendezett ny\u00e1ri \u00fcnnepe. Ez az \u00e9szaki orsz\u00e1gok legnagyobb nemzetk\u00f6zi vall\u00e1sos esem\u00e9nye. A konzervat\u00edv laestadianizmus egy \u00e9bred\u00e9si mozgalom a Finn Evang\u00e9likus Egyh\u00e1zon bel\u00fcl.  <\/span><\/p>\n\n<p><span style=\"font-weight: 400\">A Suviseuratban a legfontosabb az Isten ig\u00e9je, a Bibli\u00e1n alapul\u00f3 igehirdet\u00e9sek, a k\u00f6z\u00f6s \u00e9nekl\u00e9s \u00e9s a tal\u00e1lkoz\u00e1sok. Szeretn\u00e9nk k\u00f6zvet\u00edteni a b\u0171n\u00f6k bocs\u00e1nat\u00e1nak biztons\u00e1gos \u00fczenet\u00e9t, \u00e9s mindenkit megh\u00edvni a hitre. A Suviseurat vend\u00e9geinek t\u00f6bbs\u00e9ge a seurat ter\u00fcleten sz\u00e1ll meg.   <\/span><\/p>\n\n<p><span style=\"font-weight: 400\">Az el\u0151ad\u00e1sok mellett szombaton \u00farvacsoraoszt\u00e1s lesz a nagy s\u00e1torban, vas\u00e1rnap pedig istentisztelet \u00e9s vas\u00e1rnapi iskola. A ny\u00e1ri b\u00f6jt vas\u00e1rnapj\u00e1n a k\u00f6zeli templomokban is lesznek istentiszteletek a helyi gy\u00fclekezetekkel egy\u00fcttm\u0171k\u00f6dve. <\/span><\/p>\n\n<p><span style=\"font-weight: 400\">Mindenkit sz\u00edvesen l\u00e1tunk a Suviseuratba. Az esem\u00e9ny ingyenes. <\/span><\/p>\n\n<div style=\"height:50px\" aria-hidden=\"true\" class=\"wp-block-spacer\"><\/div>\n\n<h3 class=\"wp-block-heading\"><strong>Suviseurat Pudasj\u00e4rviben 2024<\/strong><\/h3>\n\n<p>Ha Isten \u00fagy akarja, a SRK 2024. \u00e9vi Suviseuratot j\u00fanius 28. \u00e9s j\u00falius 1. k\u00f6z\u00f6tt Pudasj\u00e4rviben tartj\u00e1k.<\/p>\n\n<p>A Suviseurat helysz\u00edne Pudasj\u00e4rvi v\u00e1ros tulajdon\u00e1ban l\u00e9v\u0151 Pudasj\u00e4rvi rep\u00fcl\u0151t\u00e9r. Utolj\u00e1ra 2013-ban szerveztek Suviseuratot a Pudasj\u00e4rvi rep\u00fcl\u0151t\u00e9ren. A rendezv\u00e9nyter\u00fcletet egy\u00fctt fejlesztett\u00e9k Pudasj\u00e4rvi v\u00e1rossal, hogy jobban szolg\u00e1lja az esem\u00e9nyt. Pudasj\u00e4rvi az \u00c9szak-Pohjanmaa r\u00e9gi\u00f3 \u00e9szaki r\u00e9sz\u00e9n helyezkedik el, k\u00f6r\u00fclbel\u00fcl 100 kilom\u00e9terre Oulut\u00f3l Kuusamo fel\u00e9. Pudasj\u00e4rvi lakoss\u00e1ga k\u00f6r\u00fclbel\u00fcl 7 600 f\u0151.     <\/p>\n\n<p>A szervez\u00e9s felel\u0151ss\u00e9g\u00e9t a k\u00f6vetkez\u0151 b\u00e9kess\u00e9gegyes\u00fcletek viselik: Kuusamo, Jakkukyl\u00e4, Kiiminki, Posio, Pudasj\u00e4rvi, Ranua, Taivalkoski, Ylikiiminki \u00e9s Yli-Ii. A f\u0151 szervez\u00e9si felel\u0151ss\u00e9get a Kuusamo b\u00e9kess\u00e9gegyes\u00fclet viseli.<\/p>\n\n<p>Im\u00e1ds\u00e1gunk az, hogy Isten \u00e1ldja meg a seurat rendez\u00e9st. K\u00e9rj\u00fck, hogy Isten ig\u00e9je h\u00edvja meg az embereket az \u0150 orsz\u00e1g\u00e1ba, \u00e9s friss\u00edtse meg a hallgat\u00f3kat a 2024-es Pudasj\u00e4rvi Suviseuraton. <\/p>\n\n<p><em>A Pudasj\u00e4rvi Suviseurat f\u0151bizotts\u00e1ga<\/em><\/p>\n","protected":false},"excerpt":{"rendered":"<p>Suviseurat &#8211; a SRK ny\u00e1ri \u00f6sszej\u00f6vetele A Suviseurat a konzervat\u00edv laestadianizmus \u00e9vente megrendezett ny\u00e1ri \u00fcnnepe.<a class=\"moretag\" href=\"https:\/\/www.suviseurat.fi/2024\/hu\/suviseurat\/\">Jatka lukemista ><\/a><\/p>\n","protected":false},"author":19,"featured_media":0,"parent":0,"menu_order":0,"comment_status":"closed","ping_status":"closed","template":"","meta":{"_acf_changed":false,"footnotes":""},"class_list":["post-20598","page","type-page","status-publish","hentry"],"acf":[],"yoast_head":"<!-- This site is optimized with the Yoast SEO plugin v23.3 - https:\/\/yoast.com\/wordpress\/plugins\/seo\/ -->\n<title>Suviseurat - SRK:n Suviseurat Pudasj\u00e4rvell\u00e4 2024<\/title>\n<meta name=\"description\" content=\"Suviseurat - a SRK ny\u00e1ri \u00f6sszej\u00f6vetele A Suviseurat a konzervat\u00edv laestadianizmus \u00e9vente megrendezett ny\u00e1ri \u00fcnnepe. Ez az \u00e9szaki orsz\u00e1gok legnagyobb\" \/>\n<meta name=\"robots\" content=\"index, follow, max-snippet:-1, max-image-preview:large, max-video-preview:-1\" \/>\n<link rel=\"canonical\" href=\"https:\/\/www.suviseurat.fi/2024\/hu\/suviseurat\/\" \/>\n<meta property=\"og:locale\" content=\"hu_HU\" \/>\n<meta property=\"og:type\" content=\"article\" \/>\n<meta property=\"og:title\" content=\"Suviseurat - SRK:n Suviseurat Pudasj\u00e4rvell\u00e4 2024\" \/>\n<meta property=\"og:description\" content=\"Suviseurat - a SRK ny\u00e1ri \u00f6sszej\u00f6vetele A Suviseurat a konzervat\u00edv laestadianizmus \u00e9vente megrendezett ny\u00e1ri \u00fcnnepe. Ez az \u00e9szaki orsz\u00e1gok legnagyobb\" \/>\n<meta property=\"og:url\" content=\"https:\/\/www.suviseurat.fi/2024\/hu\/suviseurat\/\" \/>\n<meta property=\"og:site_name\" content=\"SRK:n Suviseurat Pudasj\u00e4rvell\u00e4 2024\" \/>\n<meta property=\"article:publisher\" content=\"https:\/\/www.facebook.com\/SRKryNyt\/\" \/>\n<meta property=\"article:modified_time\" content=\"2024-06-19T11:31:32+00:00\" \/>\n<meta name=\"twitter:card\" content=\"summary_large_image\" \/>\n<meta name=\"twitter:site\" content=\"@Suviseurat\" \/>\n<meta name=\"twitter:label1\" content=\"Becs\u00fclt olvas\u00e1si id\u0151\" \/>\n\t<meta name=\"twitter:data1\" content=\"2 minutes\" \/>\n<script type=\"application\/ld+json\" class=\"yoast-schema-graph\">{\"@context\":\"https:\/\/schema.org\",\"@graph\":[{\"@type\":\"WebPage\",\"@id\":\"https:\/\/www.suviseurat.fi/2024\/hu\/suviseurat\/\",\"url\":\"https:\/\/www.suviseurat.fi/2024\/hu\/suviseurat\/\",\"name\":\"Suviseurat - SRK:n Suviseurat Pudasj\u00e4rvell\u00e4 2024\",\"isPartOf\":{\"@id\":\"https:\/\/www.suviseurat.fi/2024\/#website\"},\"datePublished\":\"2021-11-18T17:23:42+00:00\",\"dateModified\":\"2024-06-19T11:31:32+00:00\",\"description\":\"Suviseurat - a SRK ny\u00e1ri \u00f6sszej\u00f6vetele A Suviseurat a konzervat\u00edv laestadianizmus \u00e9vente megrendezett ny\u00e1ri \u00fcnnepe. Ez az \u00e9szaki orsz\u00e1gok legnagyobb\",\"breadcrumb\":{\"@id\":\"https:\/\/www.suviseurat.fi/2024\/hu\/suviseurat\/#breadcrumb\"},\"inLanguage\":\"hu-HU\",\"potentialAction\":[{\"@type\":\"ReadAction\",\"target\":[\"https:\/\/www.suviseurat.fi/2024\/hu\/suviseurat\/\"]}]},{\"@type\":\"BreadcrumbList\",\"@id\":\"https:\/\/www.suviseurat.fi/2024\/hu\/suviseurat\/#breadcrumb\",\"itemListElement\":[{\"@type\":\"ListItem\",\"position\":1,\"name\":\"Etusivu\",\"item\":\"https:\/\/www.suviseurat.fi/2024\/hu\/\"},{\"@type\":\"ListItem\",\"position\":2,\"name\":\"Suviseurat\"}]},{\"@type\":\"WebSite\",\"@id\":\"https:\/\/www.suviseurat.fi/2024\/#website\",\"url\":\"https:\/\/www.suviseurat.fi/2024\/\",\"name\":\"SRK:n Suviseurat Pudasj\u00e4rvell\u00e4 2024\",\"description\":\"Olenko min\u00e4 sinulle rakas?\",\"publisher\":{\"@id\":\"https:\/\/www.suviseurat.fi/2024\/#organization\"},\"potentialAction\":[{\"@type\":\"SearchAction\",\"target\":{\"@type\":\"EntryPoint\",\"urlTemplate\":\"https:\/\/www.suviseurat.fi/2024\/?s={search_term_string}\"},\"query-input\":\"required name=search_term_string\"}],\"inLanguage\":\"hu-HU\"},{\"@type\":\"Organization\",\"@id\":\"https:\/\/www.suviseurat.fi/2024\/#organization\",\"name\":\"Suviseurat\",\"url\":\"https:\/\/www.suviseurat.fi/2024\/\",\"logo\":{\"@type\":\"ImageObject\",\"inLanguage\":\"hu-HU\",\"@id\":\"https:\/\/www.suviseurat.fi/2024\/#\/schema\/logo\/image\/\",\"url\":\"https:\/\/www.suviseurat.fi/2024\/wp-content\/uploads\/2023\/10\/tunnus-nelio.jpg\",\"contentUrl\":\"https:\/\/www.suviseurat.fi/2024\/wp-content\/uploads\/2023\/10\/tunnus-nelio.jpg\",\"width\":1000,\"height\":1000,\"caption\":\"Suviseurat\"},\"image\":{\"@id\":\"https:\/\/www.suviseurat.fi/2024\/#\/schema\/logo\/image\/\"},\"sameAs\":[\"https:\/\/www.facebook.com\/SRKryNyt\/\",\"https:\/\/x.com\/Suviseurat\",\"https:\/\/www.facebook.com\/srksuviseurat\/\",\"https:\/\/www.youtube.com\/@SRKnyt\",\"https:\/\/www.instagram.com\/srk_nyt\/\",\"https:\/\/www.flickr.com\/photos\/suviseurat\"]}]}<\/script>\n<!-- \/ Yoast SEO plugin. -->","yoast_head_json":{"title":"Suviseurat - SRK:n Suviseurat Pudasj\u00e4rvell\u00e4 2024","description":"Suviseurat - a SRK ny\u00e1ri \u00f6sszej\u00f6vetele A Suviseurat a konzervat\u00edv laestadianizmus \u00e9vente megrendezett ny\u00e1ri \u00fcnnepe. Ez az \u00e9szaki orsz\u00e1gok legnagyobb","robots":{"index":"index","follow":"follow","max-snippet":"max-snippet:-1","max-image-preview":"max-image-preview:large","max-video-preview":"max-video-preview:-1"},"canonical":"https:\/\/www.suviseurat.fi/2024\/hu\/suviseurat\/","og_locale":"hu_HU","og_type":"article","og_title":"Suviseurat - SRK:n Suviseurat Pudasj\u00e4rvell\u00e4 2024","og_description":"Suviseurat - a SRK ny\u00e1ri \u00f6sszej\u00f6vetele A Suviseurat a konzervat\u00edv laestadianizmus \u00e9vente megrendezett ny\u00e1ri \u00fcnnepe. Ez az \u00e9szaki orsz\u00e1gok legnagyobb","og_url":"https:\/\/www.suviseurat.fi/2024\/hu\/suviseurat\/","og_site_name":"SRK:n Suviseurat Pudasj\u00e4rvell\u00e4 2024","article_publisher":"https:\/\/www.facebook.com\/SRKryNyt\/","article_modified_time":"2024-06-19T11:31:32+00:00","twitter_card":"summary_large_image","twitter_site":"@Suviseurat","twitter_misc":{"Becs\u00fclt olvas\u00e1si id\u0151":"2 minutes"},"schema":{"@context":"https:\/\/schema.org","@graph":[{"@type":"WebPage","@id":"https:\/\/www.suviseurat.fi/2024\/hu\/suviseurat\/","url":"https:\/\/www.suviseurat.fi/2024\/hu\/suviseurat\/","name":"Suviseurat - SRK:n Suviseurat Pudasj\u00e4rvell\u00e4 2024","isPartOf":{"@id":"https:\/\/www.suviseurat.fi/2024\/#website"},"datePublished":"2021-11-18T17:23:42+00:00","dateModified":"2024-06-19T11:31:32+00:00","description":"Suviseurat - a SRK ny\u00e1ri \u00f6sszej\u00f6vetele A Suviseurat a konzervat\u00edv laestadianizmus \u00e9vente megrendezett ny\u00e1ri \u00fcnnepe. Ez az \u00e9szaki orsz\u00e1gok legnagyobb","breadcrumb":{"@id":"https:\/\/www.suviseurat.fi/2024\/hu\/suviseurat\/#breadcrumb"},"inLanguage":"hu-HU","potentialAction":[{"@type":"ReadAction","target":["https:\/\/www.suviseurat.fi/2024\/hu\/suviseurat\/"]}]},{"@type":"BreadcrumbList","@id":"https:\/\/www.suviseurat.fi/2024\/hu\/suviseurat\/#breadcrumb","itemListElement":[{"@type":"ListItem","position":1,"name":"Etusivu","item":"https:\/\/www.suviseurat.fi/2024\/hu\/"},{"@type":"ListItem","position":2,"name":"Suviseurat"}]},{"@type":"WebSite","@id":"https:\/\/www.suviseurat.fi/2024\/#website","url":"https:\/\/www.suviseurat.fi/2024\/","name":"SRK:n Suviseurat Pudasj\u00e4rvell\u00e4 2024","description":"Olenko min\u00e4 sinulle rakas?","publisher":{"@id":"https:\/\/www.suviseurat.fi/2024\/#organization"},"potentialAction":[{"@type":"SearchAction","target":{"@type":"EntryPoint","urlTemplate":"https:\/\/www.suviseurat.fi/2024\/?s={search_term_string}"},"query-input":"required name=search_term_string"}],"inLanguage":"hu-HU"},{"@type":"Organization","@id":"https:\/\/www.suviseurat.fi/2024\/#organization","name":"Suviseurat","url":"https:\/\/www.suviseurat.fi/2024\/","logo":{"@type":"ImageObject","inLanguage":"hu-HU","@id":"https:\/\/www.suviseurat.fi/2024\/#\/schema\/logo\/image\/","url":"https:\/\/www.suviseurat.fi/2024\/wp-content\/uploads\/2023\/10\/tunnus-nelio.jpg","contentUrl":"https:\/\/www.suviseurat.fi/2024\/wp-content\/uploads\/2023\/10\/tunnus-nelio.jpg","width":1000,"height":1000,"caption":"Suviseurat"},"image":{"@id":"https:\/\/www.suviseurat.fi/2024\/#\/schema\/logo\/image\/"},"sameAs":["https:\/\/www.facebook.com\/SRKryNyt\/","https:\/\/x.com\/Suviseurat","https:\/\/www.facebook.com\/srksuviseurat\/","https:\/\/www.youtube.com\/@SRKnyt","https:\/\/www.instagram.com\/srk_nyt\/","https:\/\/www.flickr.com\/photos\/suviseurat"]}]}},"_links":{"self":[{"href":"https:\/\/www.suviseurat.fi/2024\/hu\/wp-json\/wp\/v2\/pages\/20598"}],"collection":[{"href":"https:\/\/www.suviseurat.fi/2024\/hu\/wp-json\/wp\/v2\/pages"}],"about":[{"href":"https:\/\/www.suviseurat.fi/2024\/hu\/wp-json\/wp\/v2\/types\/page"}],"author":[{"embeddable":true,"href":"https:\/\/www.suviseurat.fi/2024\/hu\/wp-json\/wp\/v2\/users\/19"}],"replies":[{"embeddable":true,"href":"https:\/\/www.suviseurat.fi/2024\/hu\/wp-json\/wp\/v2\/comments?post=20598"}],"version-history":[{"count":1,"href":"https:\/\/www.suviseurat.fi/2024\/hu\/wp-json\/wp\/v2\/pages\/20598\/revisions"}],"predecessor-version":[{"id":20599,"href":"https:\/\/www.suviseurat.fi/2024\/hu\/wp-json\/wp\/v2\/pages\/20598\/revisions\/20599"}],"wp:attachment":[{"href":"https:\/\/www.suviseurat.fi/2024\/hu\/wp-json\/wp\/v2\/media?parent=20598"}],"curies":[{"name":"wp","href":"https:\/\/api.w.org\/{rel}","templated":true}]}}