{"id":20602,"date":"2022-10-17T20:31:28","date_gmt":"2022-10-17T17:31:28","guid":{"rendered":"https:\/\/www.suviseurat.fi/2024\/suviseurat\/seurat-jelmondata-szeretsz-e-engem-jn-21-17\/"},"modified":"2024-06-19T16:38:31","modified_gmt":"2024-06-19T13:38:31","slug":"seurat-jelmondata-szeretsz-e-engem-jn-21-17","status":"publish","type":"page","link":"https:\/\/www.suviseurat.fi/2024\/hu\/suviseurat\/seurat-jelmondata-szeretsz-e-engem-jn-21-17\/","title":{"rendered":"Seurat jelmondata: Szeretsz-e engem? (Jn. 21,17)"},"content":{"rendered":"\n<div class=\"wp-block-columns is-layout-flex wp-container-core-columns-is-layout-1 wp-block-columns-is-layout-flex\">\n<div class=\"wp-block-column is-layout-flow wp-block-column-is-layout-flow\">\n<h2 class=\"wp-block-heading\"><strong>Szeretsz-e engem? <\/strong><br\/><strong>(Jn. 21,17)<\/strong><\/h2>\n\n\n\n<p>A Suviseurat jelmondata a J\u00e1nos evang\u00e9lium\u00e1b\u00f3l sz\u00e1rmazik: \u201eSzeretsz-e engem?\u201d (Jn. 21,17.) Ez a felt\u00e1madt J\u00e9zus k\u00e9rd\u00e9se P\u00e9terhez, ahhoz a tan\u00edtv\u00e1nyhoz, aki kor\u00e1bban a f\u0151pap udvar\u00e1ban tagadta, hogy ismeri J\u00e9zust. A jelmondathoz tartoz\u00f3 bibliai szakaszban J\u00e9zus megk\u00e9rdezi P\u00e9tert, szereti-e \u0151t. A k\u00e9rd\u00e9st \u00fagy is lehet \u00e9rtelmezni, hogy az nem csak P\u00e9terhez, hanem minden emberhez sz\u00f3l. A jelmondat arra \u00f6szt\u00f6n\u00f6z, hogy elm\u00e9lkedj\u00fcnk a szem\u00e9lyes hit\u00fcnkr\u0151l. <\/p>\n\n\n\n<p>A Suviseurat \u00fcnnepi kapuj\u00e1t \u00e9s jelk\u00e9p\u00e9t Tauno Walkeaj\u00e4rvi \u00f6tlete alapj\u00e1n tervezt\u00e9k. A jelk\u00e9p h\u00e1tt\u00e9r\u00e9ben egy k\u00e9k t\u00f3felsz\u00edn l\u00e1that\u00f3, amely a Tiberias-tavat \u00e1br\u00e1zolja \u2013 J\u00e9zus \u00e9s P\u00e9ter tal\u00e1lkoz\u00e1si hely\u00e9t. A jelk\u00e9pen a sz\u00edv \u00e9s a k\u00e9rd\u0151jel egyes\u00fcl. A feh\u00e9r sz\u00edv k\u00e9t r\u00e9szre oszlik: bal oldalon J\u00e9zus szavai helyezkednek el, jobb oldalon pedig a k\u00e9rd\u0151jel.<\/p>\n<\/div>\n\n\n\n<div class=\"wp-block-column is-layout-flow wp-block-column-is-layout-flow\">\n<figure class=\"wp-block-image\"><a href=\"https:\/\/www.suviseurat.fi/2024\/wp-content\/uploads\/2023\/10\/pj2024-merkki-e1698044587903.jpg\"><img loading=\"lazy\" decoding=\"async\" width=\"827\" height=\"709\" src=\"https:\/\/www.suviseurat.fi/2024\/wp-content\/uploads\/2023\/10\/pj2024-merkki-e1698044587903.jpg\" alt=\"\" class=\"wp-image-18962\" srcset=\"https:\/\/www.suviseurat.fi/2024\/wp-content\/uploads\/2023\/10\/pj2024-merkki-e1698044587903.jpg 827w, https:\/\/www.suviseurat.fi/2024\/wp-content\/uploads\/2023\/10\/pj2024-merkki-e1698044587903-768x658.jpg 768w\" sizes=\"(max-width: 827px) 100vw, 827px\" \/><\/a><\/figure>\n<\/div>\n<\/div>\n","protected":false},"excerpt":{"rendered":"<p>Szeretsz-e engem? (Jn. 21,17) A Suviseurat jelmondata a J\u00e1nos evang\u00e9lium\u00e1b\u00f3l sz\u00e1rmazik: \u201eSzeretsz-e engem?\u201d (Jn. 21,17.)<a class=\"moretag\" href=\"https:\/\/www.suviseurat.fi/2024\/hu\/suviseurat\/seurat-jelmondata-szeretsz-e-engem-jn-21-17\/\">Jatka lukemista ><\/a><\/p>\n","protected":false},"author":33,"featured_media":0,"parent":20598,"menu_order":4,"comment_status":"closed","ping_status":"closed","template":"","meta":{"_acf_changed":false,"footnotes":""},"class_list":["post-20602","page","type-page","status-publish","hentry"],"acf":[],"yoast_head":"<!-- This site is optimized with the Yoast SEO plugin v23.3 - https:\/\/yoast.com\/wordpress\/plugins\/seo\/ -->\n<title>Seurat jelmondata: Szeretsz-e engem? (Jn. 21,17) - SRK:n Suviseurat Pudasj\u00e4rvell\u00e4 2024<\/title>\n<meta name=\"description\" content=\"Szeretsz-e engem? (Jn. 21,17) A Suviseurat jelmondata a J\u00e1nos evang\u00e9lium\u00e1b\u00f3l sz\u00e1rmazik: \u201eSzeretsz-e engem?\u201d (Jn. 21,17.) Ez a felt\u00e1madt J\u00e9zus k\u00e9rd\u00e9se\" \/>\n<meta name=\"robots\" content=\"index, follow, max-snippet:-1, max-image-preview:large, max-video-preview:-1\" \/>\n<link rel=\"canonical\" href=\"https:\/\/www.suviseurat.fi/2024\/hu\/suviseurat\/seurat-jelmondata-szeretsz-e-engem-jn-21-17\/\" \/>\n<meta property=\"og:locale\" content=\"hu_HU\" \/>\n<meta property=\"og:type\" content=\"article\" \/>\n<meta property=\"og:title\" content=\"Seurat jelmondata: Szeretsz-e engem? (Jn. 21,17) - SRK:n Suviseurat Pudasj\u00e4rvell\u00e4 2024\" \/>\n<meta property=\"og:description\" content=\"Szeretsz-e engem? (Jn. 21,17) A Suviseurat jelmondata a J\u00e1nos evang\u00e9lium\u00e1b\u00f3l sz\u00e1rmazik: \u201eSzeretsz-e engem?\u201d (Jn. 21,17.) Ez a felt\u00e1madt J\u00e9zus k\u00e9rd\u00e9se\" \/>\n<meta property=\"og:url\" content=\"https:\/\/www.suviseurat.fi/2024\/hu\/suviseurat\/seurat-jelmondata-szeretsz-e-engem-jn-21-17\/\" \/>\n<meta property=\"og:site_name\" content=\"SRK:n Suviseurat Pudasj\u00e4rvell\u00e4 2024\" \/>\n<meta property=\"article:publisher\" content=\"https:\/\/www.facebook.com\/SRKryNyt\/\" \/>\n<meta property=\"article:modified_time\" content=\"2024-06-19T13:38:31+00:00\" \/>\n<meta property=\"og:image\" content=\"https:\/\/www.suviseurat.fi/2024\/wp-content\/uploads\/2023\/10\/pj2024-merkki-e1698044587903.jpg\" \/>\n<meta name=\"twitter:card\" content=\"summary_large_image\" \/>\n<meta name=\"twitter:site\" content=\"@Suviseurat\" \/>\n<meta name=\"twitter:label1\" content=\"Becs\u00fclt olvas\u00e1si id\u0151\" \/>\n\t<meta name=\"twitter:data1\" content=\"1 minute\" \/>\n<script type=\"application\/ld+json\" class=\"yoast-schema-graph\">{\"@context\":\"https:\/\/schema.org\",\"@graph\":[{\"@type\":\"WebPage\",\"@id\":\"https:\/\/www.suviseurat.fi/2024\/hu\/suviseurat\/seurat-jelmondata-szeretsz-e-engem-jn-21-17\/\",\"url\":\"https:\/\/www.suviseurat.fi/2024\/hu\/suviseurat\/seurat-jelmondata-szeretsz-e-engem-jn-21-17\/\",\"name\":\"Seurat jelmondata: Szeretsz-e engem? (Jn. 21,17) - SRK:n Suviseurat Pudasj\u00e4rvell\u00e4 2024\",\"isPartOf\":{\"@id\":\"https:\/\/www.suviseurat.fi/2024\/#website\"},\"primaryImageOfPage\":{\"@id\":\"https:\/\/www.suviseurat.fi/2024\/hu\/suviseurat\/seurat-jelmondata-szeretsz-e-engem-jn-21-17\/#primaryimage\"},\"image\":{\"@id\":\"https:\/\/www.suviseurat.fi/2024\/hu\/suviseurat\/seurat-jelmondata-szeretsz-e-engem-jn-21-17\/#primaryimage\"},\"thumbnailUrl\":\"https:\/\/www.suviseurat.fi/2024\/wp-content\/uploads\/2023\/10\/pj2024-merkki-e1698044587903.jpg\",\"datePublished\":\"2022-10-17T17:31:28+00:00\",\"dateModified\":\"2024-06-19T13:38:31+00:00\",\"description\":\"Szeretsz-e engem? (Jn. 21,17) A Suviseurat jelmondata a J\u00e1nos evang\u00e9lium\u00e1b\u00f3l sz\u00e1rmazik: \u201eSzeretsz-e engem?\u201d (Jn. 21,17.) Ez a felt\u00e1madt J\u00e9zus k\u00e9rd\u00e9se\",\"breadcrumb\":{\"@id\":\"https:\/\/www.suviseurat.fi/2024\/hu\/suviseurat\/seurat-jelmondata-szeretsz-e-engem-jn-21-17\/#breadcrumb\"},\"inLanguage\":\"hu-HU\",\"potentialAction\":[{\"@type\":\"ReadAction\",\"target\":[\"https:\/\/www.suviseurat.fi/2024\/hu\/suviseurat\/seurat-jelmondata-szeretsz-e-engem-jn-21-17\/\"]}]},{\"@type\":\"ImageObject\",\"inLanguage\":\"hu-HU\",\"@id\":\"https:\/\/www.suviseurat.fi/2024\/hu\/suviseurat\/seurat-jelmondata-szeretsz-e-engem-jn-21-17\/#primaryimage\",\"url\":\"https:\/\/www.suviseurat.fi/2024\/wp-content\/uploads\/2023\/10\/pj2024-merkki-e1698044587903.jpg\",\"contentUrl\":\"https:\/\/www.suviseurat.fi/2024\/wp-content\/uploads\/2023\/10\/pj2024-merkki-e1698044587903.jpg\"},{\"@type\":\"BreadcrumbList\",\"@id\":\"https:\/\/www.suviseurat.fi/2024\/hu\/suviseurat\/seurat-jelmondata-szeretsz-e-engem-jn-21-17\/#breadcrumb\",\"itemListElement\":[{\"@type\":\"ListItem\",\"position\":1,\"name\":\"Etusivu\",\"item\":\"https:\/\/www.suviseurat.fi/2024\/hu\/\"},{\"@type\":\"ListItem\",\"position\":2,\"name\":\"Suviseurat\",\"item\":\"https:\/\/www.suviseurat.fi/2024\/hu\/suviseurat\/\"},{\"@type\":\"ListItem\",\"position\":3,\"name\":\"Seurat jelmondata: Szeretsz-e engem? (Jn. 21,17)\"}]},{\"@type\":\"WebSite\",\"@id\":\"https:\/\/www.suviseurat.fi/2024\/#website\",\"url\":\"https:\/\/www.suviseurat.fi/2024\/\",\"name\":\"SRK:n Suviseurat Pudasj\u00e4rvell\u00e4 2024\",\"description\":\"Olenko min\u00e4 sinulle rakas?\",\"publisher\":{\"@id\":\"https:\/\/www.suviseurat.fi/2024\/#organization\"},\"potentialAction\":[{\"@type\":\"SearchAction\",\"target\":{\"@type\":\"EntryPoint\",\"urlTemplate\":\"https:\/\/www.suviseurat.fi/2024\/?s={search_term_string}\"},\"query-input\":\"required name=search_term_string\"}],\"inLanguage\":\"hu-HU\"},{\"@type\":\"Organization\",\"@id\":\"https:\/\/www.suviseurat.fi/2024\/#organization\",\"name\":\"Suviseurat\",\"url\":\"https:\/\/www.suviseurat.fi/2024\/\",\"logo\":{\"@type\":\"ImageObject\",\"inLanguage\":\"hu-HU\",\"@id\":\"https:\/\/www.suviseurat.fi/2024\/#\/schema\/logo\/image\/\",\"url\":\"https:\/\/www.suviseurat.fi/2024\/wp-content\/uploads\/2023\/10\/tunnus-nelio.jpg\",\"contentUrl\":\"https:\/\/www.suviseurat.fi/2024\/wp-content\/uploads\/2023\/10\/tunnus-nelio.jpg\",\"width\":1000,\"height\":1000,\"caption\":\"Suviseurat\"},\"image\":{\"@id\":\"https:\/\/www.suviseurat.fi/2024\/#\/schema\/logo\/image\/\"},\"sameAs\":[\"https:\/\/www.facebook.com\/SRKryNyt\/\",\"https:\/\/x.com\/Suviseurat\",\"https:\/\/www.facebook.com\/srksuviseurat\/\",\"https:\/\/www.youtube.com\/@SRKnyt\",\"https:\/\/www.instagram.com\/srk_nyt\/\",\"https:\/\/www.flickr.com\/photos\/suviseurat\"]}]}<\/script>\n<!-- \/ Yoast SEO plugin. -->","yoast_head_json":{"title":"Seurat jelmondata: Szeretsz-e engem? (Jn. 21,17) - SRK:n Suviseurat Pudasj\u00e4rvell\u00e4 2024","description":"Szeretsz-e engem? (Jn. 21,17) A Suviseurat jelmondata a J\u00e1nos evang\u00e9lium\u00e1b\u00f3l sz\u00e1rmazik: \u201eSzeretsz-e engem?\u201d (Jn. 21,17.) Ez a felt\u00e1madt J\u00e9zus k\u00e9rd\u00e9se","robots":{"index":"index","follow":"follow","max-snippet":"max-snippet:-1","max-image-preview":"max-image-preview:large","max-video-preview":"max-video-preview:-1"},"canonical":"https:\/\/www.suviseurat.fi/2024\/hu\/suviseurat\/seurat-jelmondata-szeretsz-e-engem-jn-21-17\/","og_locale":"hu_HU","og_type":"article","og_title":"Seurat jelmondata: Szeretsz-e engem? (Jn. 21,17) - SRK:n Suviseurat Pudasj\u00e4rvell\u00e4 2024","og_description":"Szeretsz-e engem? (Jn. 21,17) A Suviseurat jelmondata a J\u00e1nos evang\u00e9lium\u00e1b\u00f3l sz\u00e1rmazik: \u201eSzeretsz-e engem?\u201d (Jn. 21,17.) Ez a felt\u00e1madt J\u00e9zus k\u00e9rd\u00e9se","og_url":"https:\/\/www.suviseurat.fi/2024\/hu\/suviseurat\/seurat-jelmondata-szeretsz-e-engem-jn-21-17\/","og_site_name":"SRK:n Suviseurat Pudasj\u00e4rvell\u00e4 2024","article_publisher":"https:\/\/www.facebook.com\/SRKryNyt\/","article_modified_time":"2024-06-19T13:38:31+00:00","og_image":[{"url":"https:\/\/www.suviseurat.fi/2024\/wp-content\/uploads\/2023\/10\/pj2024-merkki-e1698044587903.jpg"}],"twitter_card":"summary_large_image","twitter_site":"@Suviseurat","twitter_misc":{"Becs\u00fclt olvas\u00e1si id\u0151":"1 minute"},"schema":{"@context":"https:\/\/schema.org","@graph":[{"@type":"WebPage","@id":"https:\/\/www.suviseurat.fi/2024\/hu\/suviseurat\/seurat-jelmondata-szeretsz-e-engem-jn-21-17\/","url":"https:\/\/www.suviseurat.fi/2024\/hu\/suviseurat\/seurat-jelmondata-szeretsz-e-engem-jn-21-17\/","name":"Seurat jelmondata: Szeretsz-e engem? (Jn. 21,17) - SRK:n Suviseurat Pudasj\u00e4rvell\u00e4 2024","isPartOf":{"@id":"https:\/\/www.suviseurat.fi/2024\/#website"},"primaryImageOfPage":{"@id":"https:\/\/www.suviseurat.fi/2024\/hu\/suviseurat\/seurat-jelmondata-szeretsz-e-engem-jn-21-17\/#primaryimage"},"image":{"@id":"https:\/\/www.suviseurat.fi/2024\/hu\/suviseurat\/seurat-jelmondata-szeretsz-e-engem-jn-21-17\/#primaryimage"},"thumbnailUrl":"https:\/\/www.suviseurat.fi/2024\/wp-content\/uploads\/2023\/10\/pj2024-merkki-e1698044587903.jpg","datePublished":"2022-10-17T17:31:28+00:00","dateModified":"2024-06-19T13:38:31+00:00","description":"Szeretsz-e engem? (Jn. 21,17) A Suviseurat jelmondata a J\u00e1nos evang\u00e9lium\u00e1b\u00f3l sz\u00e1rmazik: \u201eSzeretsz-e engem?\u201d (Jn. 21,17.) Ez a felt\u00e1madt J\u00e9zus k\u00e9rd\u00e9se","breadcrumb":{"@id":"https:\/\/www.suviseurat.fi/2024\/hu\/suviseurat\/seurat-jelmondata-szeretsz-e-engem-jn-21-17\/#breadcrumb"},"inLanguage":"hu-HU","potentialAction":[{"@type":"ReadAction","target":["https:\/\/www.suviseurat.fi/2024\/hu\/suviseurat\/seurat-jelmondata-szeretsz-e-engem-jn-21-17\/"]}]},{"@type":"ImageObject","inLanguage":"hu-HU","@id":"https:\/\/www.suviseurat.fi/2024\/hu\/suviseurat\/seurat-jelmondata-szeretsz-e-engem-jn-21-17\/#primaryimage","url":"https:\/\/www.suviseurat.fi/2024\/wp-content\/uploads\/2023\/10\/pj2024-merkki-e1698044587903.jpg","contentUrl":"https:\/\/www.suviseurat.fi/2024\/wp-content\/uploads\/2023\/10\/pj2024-merkki-e1698044587903.jpg"},{"@type":"BreadcrumbList","@id":"https:\/\/www.suviseurat.fi/2024\/hu\/suviseurat\/seurat-jelmondata-szeretsz-e-engem-jn-21-17\/#breadcrumb","itemListElement":[{"@type":"ListItem","position":1,"name":"Etusivu","item":"https:\/\/www.suviseurat.fi/2024\/hu\/"},{"@type":"ListItem","position":2,"name":"Suviseurat","item":"https:\/\/www.suviseurat.fi/2024\/hu\/suviseurat\/"},{"@type":"ListItem","position":3,"name":"Seurat jelmondata: Szeretsz-e engem? (Jn. 21,17)"}]},{"@type":"WebSite","@id":"https:\/\/www.suviseurat.fi/2024\/#website","url":"https:\/\/www.suviseurat.fi/2024\/","name":"SRK:n Suviseurat Pudasj\u00e4rvell\u00e4 2024","description":"Olenko min\u00e4 sinulle rakas?","publisher":{"@id":"https:\/\/www.suviseurat.fi/2024\/#organization"},"potentialAction":[{"@type":"SearchAction","target":{"@type":"EntryPoint","urlTemplate":"https:\/\/www.suviseurat.fi/2024\/?s={search_term_string}"},"query-input":"required name=search_term_string"}],"inLanguage":"hu-HU"},{"@type":"Organization","@id":"https:\/\/www.suviseurat.fi/2024\/#organization","name":"Suviseurat","url":"https:\/\/www.suviseurat.fi/2024\/","logo":{"@type":"ImageObject","inLanguage":"hu-HU","@id":"https:\/\/www.suviseurat.fi/2024\/#\/schema\/logo\/image\/","url":"https:\/\/www.suviseurat.fi/2024\/wp-content\/uploads\/2023\/10\/tunnus-nelio.jpg","contentUrl":"https:\/\/www.suviseurat.fi/2024\/wp-content\/uploads\/2023\/10\/tunnus-nelio.jpg","width":1000,"height":1000,"caption":"Suviseurat"},"image":{"@id":"https:\/\/www.suviseurat.fi/2024\/#\/schema\/logo\/image\/"},"sameAs":["https:\/\/www.facebook.com\/SRKryNyt\/","https:\/\/x.com\/Suviseurat","https:\/\/www.facebook.com\/srksuviseurat\/","https:\/\/www.youtube.com\/@SRKnyt","https:\/\/www.instagram.com\/srk_nyt\/","https:\/\/www.flickr.com\/photos\/suviseurat"]}]}},"_links":{"self":[{"href":"https:\/\/www.suviseurat.fi/2024\/hu\/wp-json\/wp\/v2\/pages\/20602"}],"collection":[{"href":"https:\/\/www.suviseurat.fi/2024\/hu\/wp-json\/wp\/v2\/pages"}],"about":[{"href":"https:\/\/www.suviseurat.fi/2024\/hu\/wp-json\/wp\/v2\/types\/page"}],"author":[{"embeddable":true,"href":"https:\/\/www.suviseurat.fi/2024\/hu\/wp-json\/wp\/v2\/users\/33"}],"replies":[{"embeddable":true,"href":"https:\/\/www.suviseurat.fi/2024\/hu\/wp-json\/wp\/v2\/comments?post=20602"}],"version-history":[{"count":1,"href":"https:\/\/www.suviseurat.fi/2024\/hu\/wp-json\/wp\/v2\/pages\/20602\/revisions"}],"predecessor-version":[{"id":20603,"href":"https:\/\/www.suviseurat.fi/2024\/hu\/wp-json\/wp\/v2\/pages\/20602\/revisions\/20603"}],"up":[{"embeddable":true,"href":"https:\/\/www.suviseurat.fi/2024\/hu\/wp-json\/wp\/v2\/pages\/20598"}],"wp:attachment":[{"href":"https:\/\/www.suviseurat.fi/2024\/hu\/wp-json\/wp\/v2\/media?parent=20602"}],"curies":[{"name":"wp","href":"https:\/\/api.w.org\/{rel}","templated":true}]}}