{"id":20604,"date":"2017-11-26T11:16:38","date_gmt":"2017-11-26T09:16:38","guid":{"rendered":"https:\/\/www.suviseurat.fi/2024\/20604-2\/"},"modified":"2024-06-19T16:57:35","modified_gmt":"2024-06-19T13:57:35","slug":"20604-2","status":"publish","type":"page","link":"https:\/\/www.suviseurat.fi/2024\/hu\/","title":{"rendered":""},"content":{"rendered":"\n<div class=\"wp-block-columns is-layout-flex wp-container-core-columns-is-layout-1 wp-block-columns-is-layout-flex\">\n<div class=\"wp-block-column is-layout-flow wp-block-column-is-layout-flow\">\n<h2 class=\"wp-block-heading has-medium-font-size\"><strong>\u00dcdv\u00f6z\u00f6lj\u00fck az SRK Suviseuratba Pudasj\u00e4rvibe!<\/strong><\/h2>\n<\/div>\n<\/div>\n\n<div class=\"wp-block-columns is-layout-flex wp-container-core-columns-is-layout-2 wp-block-columns-is-layout-flex\">\n<div class=\"wp-block-column is-layout-flow wp-block-column-is-layout-flow\" style=\"flex-basis:65%\">\n<p>A Finn B\u00e9kess\u00e9gegyes\u00fcletek K\u00f6zponti Egyes\u00fclet\u00e9nek (SRK) Suviseuratot Pudasj\u00e4rviben tartj\u00e1k 2024. j\u00fanius 28. \u00e9s j\u00falius 1. k\u00f6z\u00f6tt. Az idei Suviseurat jelmondata: \u201eSzeretsz-e engem?\u201d (J\u00e1nos 21,17). Ez a J\u00e9zust\u00f3l sz\u00e1rmaz\u00f3 k\u00e9rd\u00e9s minden Suviseurat vend\u00e9get meg\u00e1ll\u00edt. Dr\u00e1ga-e nekem J\u00e9zus? K\u00f6vetem-e \u0151t? Merre tartok?     <\/p>\n\n\n\n<p>A Suviseurat helysz\u00edne a Pudasj\u00e4rvi v\u00e1ros tulajdon\u00e1ban l\u00e9v\u0151 rep\u00fcl\u0151t\u00e9r \u00e9s k\u00f6rny\u00e9ke. Az el\u0151z\u0151 alkalmak, amikor ugyanitt rendezt\u00e9k meg a Suviseuratot, 1998 \u00e9s 2013 voltak. A ter\u00fcletet Pudasj\u00e4rvi v\u00e1rossal egy\u00fctt fejlesztett\u00e9k \u00e9s b\u0151v\u00edtett\u00e9k, hogy m\u00e9g jobban szolg\u00e1lja a nagy rendezv\u00e9ny megtart\u00e1s\u00e1t.  <\/p>\n\n\n\n<p>A Suviseurat szervez\u00e9s\u00e9\u00e9rt felel\u0151sek a Kuusamo, Jakkukyl\u00e4, Kiiminki, Posio, Pudasj\u00e4rvi, Ranua, Taivalkoski, Ylikiiminki \u00e9s Yli-Ii b\u00e9kess\u00e9gegyes\u00fcletek. A f\u0151 szervez\u00e9si felel\u0151ss\u00e9get a Kuusamo b\u00e9kess\u00e9gegyes\u00fclet viseli. A Suviseurat megszervez\u00e9se sok egy\u00fcttm\u0171k\u00f6d\u00e9st ig\u00e9nyelt Pudasj\u00e4rvi v\u00e1ros\u00e1val, k\u00fcl\u00f6nb\u00f6z\u0151 hat\u00f3s\u00e1gokkal, a rep\u00fcl\u0151t\u00e9r haszn\u00e1l\u00f3ival, a gy\u00fclekezetekkel \u00e9s a k\u00f6rny\u00e9k lak\u00f3ival. Az egy\u00fcttm\u0171k\u00f6d\u00e9s j\u00f3 \u00e9s \u00e9p\u00edt\u0151 volt, \u00e9s emiatt h\u00e1l\u00e1sak vagyunk. K\u00f6sz\u00f6nj\u00fck a helyi emberek t\u00fcrelm\u00e9t is, amit a szervez\u00e9s \u00e9s a rendezv\u00e9ny ir\u00e1nt tan\u00fas\u00edtottak.    <\/p>\n\n\n\n<p>H\u00e1l\u00e1s sz\u00edvvel k\u00e9sz\u00edtett\u00fck el\u0151 a Suviseurokat. Isten b\u0151s\u00e9ggel meg\u00e1ldotta munk\u00e1nkat. Im\u00e1nk, hogy Suviseuratban Isten ig\u00e9je h\u00edvja az embereket Isten orsz\u00e1g\u00e1ba, \u00e9s friss\u00edtse a hallgat\u00f3kat.  <\/p>\n\n\n\n<p>Sz\u00edvb\u0151l \u00fcdv\u00f6zl\u00fcnk mindenkit a Pudasj\u00e4rvi Suviseuratba!<\/p>\n\n\n\n<p><em>A Suviseurat f\u0151bizotts\u00e1ga<\/em><\/p>\n<\/div>\n\n\n\n<div class=\"wp-block-column is-layout-flow wp-block-column-is-layout-flow\" style=\"flex-basis:33.33%\"><div class=\"wp-block-image is-style-default rounded-img\">\n<figure class=\"aligncenter size-full\"><img loading=\"lazy\" decoding=\"async\" width=\"512\" height=\"512\" src=\"https:\/\/www.suviseurat.fi/2024\/wp-content\/uploads\/2023\/10\/cropped-pj2024-merkki-e1698044587903-1.jpg\" alt=\"\" class=\"wp-image-18980\" srcset=\"https:\/\/www.suviseurat.fi/2024\/wp-content\/uploads\/2023\/10\/cropped-pj2024-merkki-e1698044587903-1.jpg 512w, https:\/\/www.suviseurat.fi/2024\/wp-content\/uploads\/2023\/10\/cropped-pj2024-merkki-e1698044587903-1-275x275.jpg 275w, https:\/\/www.suviseurat.fi/2024\/wp-content\/uploads\/2023\/10\/cropped-pj2024-merkki-e1698044587903-1-270x270.jpg 270w, https:\/\/www.suviseurat.fi/2024\/wp-content\/uploads\/2023\/10\/cropped-pj2024-merkki-e1698044587903-1-192x192.jpg 192w, https:\/\/www.suviseurat.fi/2024\/wp-content\/uploads\/2023\/10\/cropped-pj2024-merkki-e1698044587903-1-180x180.jpg 180w, https:\/\/www.suviseurat.fi/2024\/wp-content\/uploads\/2023\/10\/cropped-pj2024-merkki-e1698044587903-1-32x32.jpg 32w\" sizes=\"(max-width: 512px) 100vw, 512px\" \/><\/figure><\/div><\/div>\n<\/div>\n\n<div class=\"wp-block-columns is-layout-flex wp-container-core-columns-is-layout-3 wp-block-columns-is-layout-flex\">\n<div class=\"wp-block-column is-layout-flow wp-block-column-is-layout-flow\">\n<p class=\"has-text-align-center\">A SRK <a href=\"https:\/\/srk.fi\/fi\/nain-me-uskomme\/\" target=\"_blank\" rel=\"noreferrer noopener\">\u00cdgy hisz\u00fcnk<\/a> weboldalon tov\u00e1bb olvashat\u00f3 a hit\u00fcnkr\u0151l \u00e9s legl\u00e9nyegesebb h\u00edr\u00fcnkr\u0151l.<br\/>Hallgasd meg a kor\u00e1bbi Suviseurat igehirdet\u00e9seit <a href=\"https:\/\/www.suviseurat.fi/2024\/kuuntele-ja-katsele\/\">itt<\/a>.<\/p>\n<\/div>\n<\/div>\n","protected":false},"excerpt":{"rendered":"<p>\u00dcdv\u00f6z\u00f6lj\u00fck az SRK Suviseuratba Pudasj\u00e4rvibe! A Finn B\u00e9kess\u00e9gegyes\u00fcletek K\u00f6zponti Egyes\u00fclet\u00e9nek (SRK) Suviseuratot Pudasj\u00e4rviben tartj\u00e1k 2024.<a class=\"moretag\" href=\"https:\/\/www.suviseurat.fi/2024\/hu\/\">Jatka lukemista ><\/a><\/p>\n","protected":false},"author":19,"featured_media":18998,"parent":0,"menu_order":0,"comment_status":"closed","ping_status":"closed","template":"","meta":{"_acf_changed":false,"footnotes":""},"class_list":["post-20604","page","type-page","status-publish","has-post-thumbnail","hentry"],"acf":[],"yoast_head":"<!-- This site is optimized with the Yoast SEO plugin v23.3 - https:\/\/yoast.com\/wordpress\/plugins\/seo\/ -->\n<title>SRK:n Suviseurat Pudasj\u00e4rvell\u00e4 2024<\/title>\n<meta name=\"description\" content=\"A Suviseurat a konzervat\u00edv laestadianizmus, az evang\u00e9likus egyh\u00e1zon bel\u00fcl m\u0171k\u00f6d\u0151 \u00e9bred\u00e9si mozgalom \u00e9vente megrendezett ny\u00e1ri \u00fcnnepe. A 2024-es ny\u00e1ri Suviseurat 2024. j\u00fanius 28. \u00e9s j\u00falius 1. k\u00f6z\u00f6tt rendezz\u00fck. Mindenkit szeretettel v\u00e1runk a Suviseuratra meghallgatni!\" \/>\n<meta name=\"robots\" content=\"index, follow, max-snippet:-1, max-image-preview:large, max-video-preview:-1\" \/>\n<link rel=\"canonical\" href=\"https:\/\/www.suviseurat.fi/2024\/hu\/\" \/>\n<meta property=\"og:locale\" content=\"hu_HU\" \/>\n<meta property=\"og:type\" content=\"article\" \/>\n<meta property=\"og:title\" content=\"SRK:n Suviseurat Pudasj\u00e4rvell\u00e4 2024\" \/>\n<meta property=\"og:description\" content=\"A Suviseurat a konzervat\u00edv laestadianizmus, az evang\u00e9likus egyh\u00e1zon bel\u00fcl m\u0171k\u00f6d\u0151 \u00e9bred\u00e9si mozgalom \u00e9vente megrendezett ny\u00e1ri \u00fcnnepe. A 2024-es ny\u00e1ri Suviseurat 2024. j\u00fanius 28. \u00e9s j\u00falius 1. k\u00f6z\u00f6tt rendezz\u00fck. Mindenkit szeretettel v\u00e1runk a Suviseuratra meghallgatni!\" \/>\n<meta property=\"og:url\" content=\"https:\/\/www.suviseurat.fi/2024\/hu\/\" \/>\n<meta property=\"og:site_name\" content=\"SRK:n Suviseurat Pudasj\u00e4rvell\u00e4 2024\" \/>\n<meta property=\"article:publisher\" content=\"https:\/\/www.facebook.com\/SRKryNyt\/\" \/>\n<meta property=\"article:modified_time\" content=\"2024-06-19T13:57:35+00:00\" \/>\n<meta property=\"og:image\" content=\"https:\/\/www.suviseurat.fi/2024\/wp-content\/uploads\/2023\/10\/logo.jpg\" \/>\n\t<meta property=\"og:image:width\" content=\"1475\" \/>\n\t<meta property=\"og:image:height\" content=\"590\" \/>\n\t<meta property=\"og:image:type\" content=\"image\/jpeg\" \/>\n<meta name=\"twitter:card\" content=\"summary_large_image\" \/>\n<meta name=\"twitter:site\" content=\"@Suviseurat\" \/>\n<meta name=\"twitter:label1\" content=\"Becs\u00fclt olvas\u00e1si id\u0151\" \/>\n\t<meta name=\"twitter:data1\" content=\"2 minutes\" \/>\n<script type=\"application\/ld+json\" class=\"yoast-schema-graph\">{\"@context\":\"https:\/\/schema.org\",\"@graph\":[{\"@type\":\"WebPage\",\"@id\":\"https:\/\/www.suviseurat.fi/2024\/hu\/\",\"url\":\"https:\/\/www.suviseurat.fi/2024\/hu\/\",\"name\":\"SRK:n Suviseurat Pudasj\u00e4rvell\u00e4 2024\",\"isPartOf\":{\"@id\":\"https:\/\/www.suviseurat.fi/2024\/#website\"},\"primaryImageOfPage\":{\"@id\":\"https:\/\/www.suviseurat.fi/2024\/hu\/#primaryimage\"},\"image\":{\"@id\":\"https:\/\/www.suviseurat.fi/2024\/hu\/#primaryimage\"},\"thumbnailUrl\":\"https:\/\/www.suviseurat.fi/2024\/wp-content\/uploads\/2023\/10\/logo.jpg\",\"datePublished\":\"2017-11-26T09:16:38+00:00\",\"dateModified\":\"2024-06-19T13:57:35+00:00\",\"description\":\"A Suviseurat a konzervat\u00edv laestadianizmus, az evang\u00e9likus egyh\u00e1zon bel\u00fcl m\u0171k\u00f6d\u0151 \u00e9bred\u00e9si mozgalom \u00e9vente megrendezett ny\u00e1ri \u00fcnnepe. A 2024-es ny\u00e1ri Suviseurat 2024. j\u00fanius 28. \u00e9s j\u00falius 1. k\u00f6z\u00f6tt rendezz\u00fck. Mindenkit szeretettel v\u00e1runk a Suviseuratra meghallgatni!\",\"inLanguage\":\"hu-HU\",\"potentialAction\":[{\"@type\":\"ReadAction\",\"target\":[\"https:\/\/www.suviseurat.fi/2024\/hu\/\"]}]},{\"@type\":\"ImageObject\",\"inLanguage\":\"hu-HU\",\"@id\":\"https:\/\/www.suviseurat.fi/2024\/hu\/#primaryimage\",\"url\":\"https:\/\/www.suviseurat.fi/2024\/wp-content\/uploads\/2023\/10\/logo.jpg\",\"contentUrl\":\"https:\/\/www.suviseurat.fi/2024\/wp-content\/uploads\/2023\/10\/logo.jpg\",\"width\":1475,\"height\":590},{\"@type\":\"WebSite\",\"@id\":\"https:\/\/www.suviseurat.fi/2024\/#website\",\"url\":\"https:\/\/www.suviseurat.fi/2024\/\",\"name\":\"SRK:n Suviseurat Pudasj\u00e4rvell\u00e4 2024\",\"description\":\"Olenko min\u00e4 sinulle rakas?\",\"publisher\":{\"@id\":\"https:\/\/www.suviseurat.fi/2024\/#organization\"},\"potentialAction\":[{\"@type\":\"SearchAction\",\"target\":{\"@type\":\"EntryPoint\",\"urlTemplate\":\"https:\/\/www.suviseurat.fi/2024\/?s={search_term_string}\"},\"query-input\":\"required name=search_term_string\"}],\"inLanguage\":\"hu-HU\"},{\"@type\":\"Organization\",\"@id\":\"https:\/\/www.suviseurat.fi/2024\/#organization\",\"name\":\"Suviseurat\",\"url\":\"https:\/\/www.suviseurat.fi/2024\/\",\"logo\":{\"@type\":\"ImageObject\",\"inLanguage\":\"hu-HU\",\"@id\":\"https:\/\/www.suviseurat.fi/2024\/#\/schema\/logo\/image\/\",\"url\":\"https:\/\/www.suviseurat.fi/2024\/wp-content\/uploads\/2023\/10\/tunnus-nelio.jpg\",\"contentUrl\":\"https:\/\/www.suviseurat.fi/2024\/wp-content\/uploads\/2023\/10\/tunnus-nelio.jpg\",\"width\":1000,\"height\":1000,\"caption\":\"Suviseurat\"},\"image\":{\"@id\":\"https:\/\/www.suviseurat.fi/2024\/#\/schema\/logo\/image\/\"},\"sameAs\":[\"https:\/\/www.facebook.com\/SRKryNyt\/\",\"https:\/\/x.com\/Suviseurat\",\"https:\/\/www.facebook.com\/srksuviseurat\/\",\"https:\/\/www.youtube.com\/@SRKnyt\",\"https:\/\/www.instagram.com\/srk_nyt\/\",\"https:\/\/www.flickr.com\/photos\/suviseurat\"]}]}<\/script>\n<!-- \/ Yoast SEO plugin. -->","yoast_head_json":{"title":"SRK:n Suviseurat Pudasj\u00e4rvell\u00e4 2024","description":"A Suviseurat a konzervat\u00edv laestadianizmus, az evang\u00e9likus egyh\u00e1zon bel\u00fcl m\u0171k\u00f6d\u0151 \u00e9bred\u00e9si mozgalom \u00e9vente megrendezett ny\u00e1ri \u00fcnnepe. A 2024-es ny\u00e1ri Suviseurat 2024. j\u00fanius 28. \u00e9s j\u00falius 1. k\u00f6z\u00f6tt rendezz\u00fck. Mindenkit szeretettel v\u00e1runk a Suviseuratra meghallgatni!","robots":{"index":"index","follow":"follow","max-snippet":"max-snippet:-1","max-image-preview":"max-image-preview:large","max-video-preview":"max-video-preview:-1"},"canonical":"https:\/\/www.suviseurat.fi/2024\/hu\/","og_locale":"hu_HU","og_type":"article","og_title":"SRK:n Suviseurat Pudasj\u00e4rvell\u00e4 2024","og_description":"A Suviseurat a konzervat\u00edv laestadianizmus, az evang\u00e9likus egyh\u00e1zon bel\u00fcl m\u0171k\u00f6d\u0151 \u00e9bred\u00e9si mozgalom \u00e9vente megrendezett ny\u00e1ri \u00fcnnepe. A 2024-es ny\u00e1ri Suviseurat 2024. j\u00fanius 28. \u00e9s j\u00falius 1. k\u00f6z\u00f6tt rendezz\u00fck. Mindenkit szeretettel v\u00e1runk a Suviseuratra meghallgatni!","og_url":"https:\/\/www.suviseurat.fi/2024\/hu\/","og_site_name":"SRK:n Suviseurat Pudasj\u00e4rvell\u00e4 2024","article_publisher":"https:\/\/www.facebook.com\/SRKryNyt\/","article_modified_time":"2024-06-19T13:57:35+00:00","og_image":[{"width":1475,"height":590,"url":"https:\/\/www.suviseurat.fi/2024\/wp-content\/uploads\/2023\/10\/logo.jpg","type":"image\/jpeg"}],"twitter_card":"summary_large_image","twitter_site":"@Suviseurat","twitter_misc":{"Becs\u00fclt olvas\u00e1si id\u0151":"2 minutes"},"schema":{"@context":"https:\/\/schema.org","@graph":[{"@type":"WebPage","@id":"https:\/\/www.suviseurat.fi/2024\/hu\/","url":"https:\/\/www.suviseurat.fi/2024\/hu\/","name":"SRK:n Suviseurat Pudasj\u00e4rvell\u00e4 2024","isPartOf":{"@id":"https:\/\/www.suviseurat.fi/2024\/#website"},"primaryImageOfPage":{"@id":"https:\/\/www.suviseurat.fi/2024\/hu\/#primaryimage"},"image":{"@id":"https:\/\/www.suviseurat.fi/2024\/hu\/#primaryimage"},"thumbnailUrl":"https:\/\/www.suviseurat.fi/2024\/wp-content\/uploads\/2023\/10\/logo.jpg","datePublished":"2017-11-26T09:16:38+00:00","dateModified":"2024-06-19T13:57:35+00:00","description":"A Suviseurat a konzervat\u00edv laestadianizmus, az evang\u00e9likus egyh\u00e1zon bel\u00fcl m\u0171k\u00f6d\u0151 \u00e9bred\u00e9si mozgalom \u00e9vente megrendezett ny\u00e1ri \u00fcnnepe. A 2024-es ny\u00e1ri Suviseurat 2024. j\u00fanius 28. \u00e9s j\u00falius 1. k\u00f6z\u00f6tt rendezz\u00fck. Mindenkit szeretettel v\u00e1runk a Suviseuratra meghallgatni!","inLanguage":"hu-HU","potentialAction":[{"@type":"ReadAction","target":["https:\/\/www.suviseurat.fi/2024\/hu\/"]}]},{"@type":"ImageObject","inLanguage":"hu-HU","@id":"https:\/\/www.suviseurat.fi/2024\/hu\/#primaryimage","url":"https:\/\/www.suviseurat.fi/2024\/wp-content\/uploads\/2023\/10\/logo.jpg","contentUrl":"https:\/\/www.suviseurat.fi/2024\/wp-content\/uploads\/2023\/10\/logo.jpg","width":1475,"height":590},{"@type":"WebSite","@id":"https:\/\/www.suviseurat.fi/2024\/#website","url":"https:\/\/www.suviseurat.fi/2024\/","name":"SRK:n Suviseurat Pudasj\u00e4rvell\u00e4 2024","description":"Olenko min\u00e4 sinulle rakas?","publisher":{"@id":"https:\/\/www.suviseurat.fi/2024\/#organization"},"potentialAction":[{"@type":"SearchAction","target":{"@type":"EntryPoint","urlTemplate":"https:\/\/www.suviseurat.fi/2024\/?s={search_term_string}"},"query-input":"required name=search_term_string"}],"inLanguage":"hu-HU"},{"@type":"Organization","@id":"https:\/\/www.suviseurat.fi/2024\/#organization","name":"Suviseurat","url":"https:\/\/www.suviseurat.fi/2024\/","logo":{"@type":"ImageObject","inLanguage":"hu-HU","@id":"https:\/\/www.suviseurat.fi/2024\/#\/schema\/logo\/image\/","url":"https:\/\/www.suviseurat.fi/2024\/wp-content\/uploads\/2023\/10\/tunnus-nelio.jpg","contentUrl":"https:\/\/www.suviseurat.fi/2024\/wp-content\/uploads\/2023\/10\/tunnus-nelio.jpg","width":1000,"height":1000,"caption":"Suviseurat"},"image":{"@id":"https:\/\/www.suviseurat.fi/2024\/#\/schema\/logo\/image\/"},"sameAs":["https:\/\/www.facebook.com\/SRKryNyt\/","https:\/\/x.com\/Suviseurat","https:\/\/www.facebook.com\/srksuviseurat\/","https:\/\/www.youtube.com\/@SRKnyt","https:\/\/www.instagram.com\/srk_nyt\/","https:\/\/www.flickr.com\/photos\/suviseurat"]}]}},"_links":{"self":[{"href":"https:\/\/www.suviseurat.fi/2024\/hu\/wp-json\/wp\/v2\/pages\/20604"}],"collection":[{"href":"https:\/\/www.suviseurat.fi/2024\/hu\/wp-json\/wp\/v2\/pages"}],"about":[{"href":"https:\/\/www.suviseurat.fi/2024\/hu\/wp-json\/wp\/v2\/types\/page"}],"author":[{"embeddable":true,"href":"https:\/\/www.suviseurat.fi/2024\/hu\/wp-json\/wp\/v2\/users\/19"}],"replies":[{"embeddable":true,"href":"https:\/\/www.suviseurat.fi/2024\/hu\/wp-json\/wp\/v2\/comments?post=20604"}],"version-history":[{"count":3,"href":"https:\/\/www.suviseurat.fi/2024\/hu\/wp-json\/wp\/v2\/pages\/20604\/revisions"}],"predecessor-version":[{"id":20607,"href":"https:\/\/www.suviseurat.fi/2024\/hu\/wp-json\/wp\/v2\/pages\/20604\/revisions\/20607"}],"wp:featuredmedia":[{"embeddable":true,"href":"https:\/\/www.suviseurat.fi/2024\/hu\/wp-json\/wp\/v2\/media\/18998"}],"wp:attachment":[{"href":"https:\/\/www.suviseurat.fi/2024\/hu\/wp-json\/wp\/v2\/media?parent=20604"}],"curies":[{"name":"wp","href":"https:\/\/api.w.org\/{rel}","templated":true}]}}