{"id":20608,"date":"2024-05-14T14:48:00","date_gmt":"2024-05-14T11:48:00","guid":{"rendered":"https:\/\/www.suviseurat.fi/2024\/suviseurat\/suviseurat-loppiban-2025\/"},"modified":"2024-06-19T17:28:09","modified_gmt":"2024-06-19T14:28:09","slug":"suviseurat-loppiban-2025","status":"publish","type":"page","link":"https:\/\/www.suviseurat.fi/2024\/hu\/suviseurat\/suviseurat-loppiban-2025\/","title":{"rendered":"Suviseurat Loppiban 2025"},"content":{"rendered":"\n<div class=\"wp-block-columns is-layout-flex wp-container-core-columns-is-layout-1 wp-block-columns-is-layout-flex\">\n<div class=\"wp-block-column is-layout-flow wp-block-column-is-layout-flow\">\n<h2 class=\"wp-block-heading\">\u00dcdv\u00f6z\u00f6lj\u00fck a Loppiban megrendezett 2025-\u00f6s Suviseuratba!<\/h2>\n\n\n\n<p><\/p>\n\n\n\n<p>Ha Isten \u00fagy akarja, a Finn B\u00e9kess\u00e9gegyes\u00fcletek K\u00f6zponti Egyes\u00fclet\u00e9nek (SRK) 2025-\u00f6s Suviseurat \u00fcnneps\u00e9get a Kanta-H\u00e4me r\u00e9gi\u00f3ban, Loppi telep\u00fcl\u00e9sen tartjuk 2025. j\u00fanius 27. \u00e9s 30. k\u00f6z\u00f6tt. A helysz\u00edn ugyanaz a R\u00e4ysk\u00e4l\u00e4 rep\u00fcl\u0151t\u00e9r lesz, mint 2022-ben \u00e9s 2012-ben. A sz\u00e1ll\u00e1sad\u00f3 ter\u00fcletet valamelyest kib\u0151v\u00edtett\u00e9k.  <\/p>\n\n\n\n<p>A Suviseurat szervez\u00e9se kal\u00e1kamunk\u00e1val, \u00f6nkent\u00e9s alapon t\u00f6rt\u00e9nik. A 2025-\u00f6s ny\u00e1ri Suviseurat szervez\u00e9s\u00e9\u00e9rt a Helsinki, J\u00e4rvenp\u00e4\u00e4, Kouvola, Lahti, Lappeenranta, Lemp\u00e4\u00e4l\u00e4, M\u00e4nts\u00e4l\u00e4, Pornainen \u00e9s Porvoo t\u00e9rs\u00e9geinek b\u00e9kess\u00e9giegyes\u00fcletei felelnek. Ezek a b\u00e9kess\u00e9giegyes\u00fcletek \u00f6sszesen k\u00f6r\u00fclbel\u00fcl 2300 tagot sz\u00e1ml\u00e1lnak.  <\/p>\n\n\n\n<p>A Suviseurat jelmondata a 73. zsolt\u00e1r szavai: \u201eNincs senkim rajtad k\u00edv\u00fcl a mennyben.\u201d A jelmondat vigasztal\u00f3an jelzi, hogy mi az ember egyetlen biztos v\u00e9delme az \u00e9let minden szakasz\u00e1ban. <\/p>\n\n\n\n<p>Sz\u00edvb\u0151l \u00fcdv\u00f6zl\u00fcnk mindenkit a Suviseuratba Loppiba!<\/p>\n\n\n\n<p><em>F\u0151bizotts\u00e1g<\/em><\/p>\n<\/div>\n<\/div>\n","protected":false},"excerpt":{"rendered":"<p>\u00dcdv\u00f6z\u00f6lj\u00fck a Loppiban megrendezett 2025-\u00f6s Suviseuratba! Ha Isten \u00fagy akarja, a Finn B\u00e9kess\u00e9gegyes\u00fcletek K\u00f6zponti Egyes\u00fclet\u00e9nek<a class=\"moretag\" href=\"https:\/\/www.suviseurat.fi/2024\/hu\/suviseurat\/suviseurat-loppiban-2025\/\">Jatka lukemista ><\/a><\/p>\n","protected":false},"author":19,"featured_media":0,"parent":20598,"menu_order":9,"comment_status":"closed","ping_status":"closed","template":"","meta":{"_acf_changed":false,"footnotes":""},"class_list":["post-20608","page","type-page","status-publish","hentry"],"acf":[],"yoast_head":"<!-- This site is optimized with the Yoast SEO plugin v23.3 - https:\/\/yoast.com\/wordpress\/plugins\/seo\/ -->\n<title>Suviseurat Loppiban 2025 - SRK:n Suviseurat Pudasj\u00e4rvell\u00e4 2024<\/title>\n<meta name=\"description\" content=\"\u00dcdv\u00f6z\u00f6lj\u00fck a Loppiban megrendezett 2025-\u00f6s Suviseuratba! Ha Isten \u00fagy akarja, a Finn B\u00e9kess\u00e9gegyes\u00fcletek K\u00f6zponti Egyes\u00fclet\u00e9nek (SRK) 2025-\u00f6s Suviseurat\" \/>\n<meta name=\"robots\" content=\"index, follow, max-snippet:-1, max-image-preview:large, max-video-preview:-1\" \/>\n<link rel=\"canonical\" href=\"https:\/\/www.suviseurat.fi/2024\/hu\/suviseurat\/suviseurat-loppiban-2025\/\" \/>\n<meta property=\"og:locale\" content=\"hu_HU\" \/>\n<meta property=\"og:type\" content=\"article\" \/>\n<meta property=\"og:title\" content=\"Suviseurat Loppiban 2025 - SRK:n Suviseurat Pudasj\u00e4rvell\u00e4 2024\" \/>\n<meta property=\"og:description\" content=\"\u00dcdv\u00f6z\u00f6lj\u00fck a Loppiban megrendezett 2025-\u00f6s Suviseuratba! Ha Isten \u00fagy akarja, a Finn B\u00e9kess\u00e9gegyes\u00fcletek K\u00f6zponti Egyes\u00fclet\u00e9nek (SRK) 2025-\u00f6s Suviseurat\" \/>\n<meta property=\"og:url\" content=\"https:\/\/www.suviseurat.fi/2024\/hu\/suviseurat\/suviseurat-loppiban-2025\/\" \/>\n<meta property=\"og:site_name\" content=\"SRK:n Suviseurat Pudasj\u00e4rvell\u00e4 2024\" \/>\n<meta property=\"article:publisher\" content=\"https:\/\/www.facebook.com\/SRKryNyt\/\" \/>\n<meta property=\"article:modified_time\" content=\"2024-06-19T14:28:09+00:00\" \/>\n<meta name=\"twitter:card\" content=\"summary_large_image\" \/>\n<meta name=\"twitter:site\" content=\"@Suviseurat\" \/>\n<meta name=\"twitter:label1\" content=\"Becs\u00fclt olvas\u00e1si id\u0151\" \/>\n\t<meta name=\"twitter:data1\" content=\"1 minute\" \/>\n<script type=\"application\/ld+json\" class=\"yoast-schema-graph\">{\"@context\":\"https:\/\/schema.org\",\"@graph\":[{\"@type\":\"WebPage\",\"@id\":\"https:\/\/www.suviseurat.fi/2024\/hu\/suviseurat\/suviseurat-loppiban-2025\/\",\"url\":\"https:\/\/www.suviseurat.fi/2024\/hu\/suviseurat\/suviseurat-loppiban-2025\/\",\"name\":\"Suviseurat Loppiban 2025 - SRK:n Suviseurat Pudasj\u00e4rvell\u00e4 2024\",\"isPartOf\":{\"@id\":\"https:\/\/www.suviseurat.fi/2024\/#website\"},\"datePublished\":\"2024-05-14T11:48:00+00:00\",\"dateModified\":\"2024-06-19T14:28:09+00:00\",\"description\":\"\u00dcdv\u00f6z\u00f6lj\u00fck a Loppiban megrendezett 2025-\u00f6s Suviseuratba! Ha Isten \u00fagy akarja, a Finn B\u00e9kess\u00e9gegyes\u00fcletek K\u00f6zponti Egyes\u00fclet\u00e9nek (SRK) 2025-\u00f6s Suviseurat\",\"breadcrumb\":{\"@id\":\"https:\/\/www.suviseurat.fi/2024\/hu\/suviseurat\/suviseurat-loppiban-2025\/#breadcrumb\"},\"inLanguage\":\"hu-HU\",\"potentialAction\":[{\"@type\":\"ReadAction\",\"target\":[\"https:\/\/www.suviseurat.fi/2024\/hu\/suviseurat\/suviseurat-loppiban-2025\/\"]}]},{\"@type\":\"BreadcrumbList\",\"@id\":\"https:\/\/www.suviseurat.fi/2024\/hu\/suviseurat\/suviseurat-loppiban-2025\/#breadcrumb\",\"itemListElement\":[{\"@type\":\"ListItem\",\"position\":1,\"name\":\"Etusivu\",\"item\":\"https:\/\/www.suviseurat.fi/2024\/hu\/\"},{\"@type\":\"ListItem\",\"position\":2,\"name\":\"Suviseurat\",\"item\":\"https:\/\/www.suviseurat.fi/2024\/hu\/suviseurat\/\"},{\"@type\":\"ListItem\",\"position\":3,\"name\":\"Suviseurat Loppiban 2025\"}]},{\"@type\":\"WebSite\",\"@id\":\"https:\/\/www.suviseurat.fi/2024\/#website\",\"url\":\"https:\/\/www.suviseurat.fi/2024\/\",\"name\":\"SRK:n Suviseurat Pudasj\u00e4rvell\u00e4 2024\",\"description\":\"Olenko min\u00e4 sinulle rakas?\",\"publisher\":{\"@id\":\"https:\/\/www.suviseurat.fi/2024\/#organization\"},\"potentialAction\":[{\"@type\":\"SearchAction\",\"target\":{\"@type\":\"EntryPoint\",\"urlTemplate\":\"https:\/\/www.suviseurat.fi/2024\/?s={search_term_string}\"},\"query-input\":\"required name=search_term_string\"}],\"inLanguage\":\"hu-HU\"},{\"@type\":\"Organization\",\"@id\":\"https:\/\/www.suviseurat.fi/2024\/#organization\",\"name\":\"Suviseurat\",\"url\":\"https:\/\/www.suviseurat.fi/2024\/\",\"logo\":{\"@type\":\"ImageObject\",\"inLanguage\":\"hu-HU\",\"@id\":\"https:\/\/www.suviseurat.fi/2024\/#\/schema\/logo\/image\/\",\"url\":\"https:\/\/www.suviseurat.fi/2024\/wp-content\/uploads\/2023\/10\/tunnus-nelio.jpg\",\"contentUrl\":\"https:\/\/www.suviseurat.fi/2024\/wp-content\/uploads\/2023\/10\/tunnus-nelio.jpg\",\"width\":1000,\"height\":1000,\"caption\":\"Suviseurat\"},\"image\":{\"@id\":\"https:\/\/www.suviseurat.fi/2024\/#\/schema\/logo\/image\/\"},\"sameAs\":[\"https:\/\/www.facebook.com\/SRKryNyt\/\",\"https:\/\/x.com\/Suviseurat\",\"https:\/\/www.facebook.com\/srksuviseurat\/\",\"https:\/\/www.youtube.com\/@SRKnyt\",\"https:\/\/www.instagram.com\/srk_nyt\/\",\"https:\/\/www.flickr.com\/photos\/suviseurat\"]}]}<\/script>\n<!-- \/ Yoast SEO plugin. -->","yoast_head_json":{"title":"Suviseurat Loppiban 2025 - SRK:n Suviseurat Pudasj\u00e4rvell\u00e4 2024","description":"\u00dcdv\u00f6z\u00f6lj\u00fck a Loppiban megrendezett 2025-\u00f6s Suviseuratba! Ha Isten \u00fagy akarja, a Finn B\u00e9kess\u00e9gegyes\u00fcletek K\u00f6zponti Egyes\u00fclet\u00e9nek (SRK) 2025-\u00f6s Suviseurat","robots":{"index":"index","follow":"follow","max-snippet":"max-snippet:-1","max-image-preview":"max-image-preview:large","max-video-preview":"max-video-preview:-1"},"canonical":"https:\/\/www.suviseurat.fi/2024\/hu\/suviseurat\/suviseurat-loppiban-2025\/","og_locale":"hu_HU","og_type":"article","og_title":"Suviseurat Loppiban 2025 - SRK:n Suviseurat Pudasj\u00e4rvell\u00e4 2024","og_description":"\u00dcdv\u00f6z\u00f6lj\u00fck a Loppiban megrendezett 2025-\u00f6s Suviseuratba! Ha Isten \u00fagy akarja, a Finn B\u00e9kess\u00e9gegyes\u00fcletek K\u00f6zponti Egyes\u00fclet\u00e9nek (SRK) 2025-\u00f6s Suviseurat","og_url":"https:\/\/www.suviseurat.fi/2024\/hu\/suviseurat\/suviseurat-loppiban-2025\/","og_site_name":"SRK:n Suviseurat Pudasj\u00e4rvell\u00e4 2024","article_publisher":"https:\/\/www.facebook.com\/SRKryNyt\/","article_modified_time":"2024-06-19T14:28:09+00:00","twitter_card":"summary_large_image","twitter_site":"@Suviseurat","twitter_misc":{"Becs\u00fclt olvas\u00e1si id\u0151":"1 minute"},"schema":{"@context":"https:\/\/schema.org","@graph":[{"@type":"WebPage","@id":"https:\/\/www.suviseurat.fi/2024\/hu\/suviseurat\/suviseurat-loppiban-2025\/","url":"https:\/\/www.suviseurat.fi/2024\/hu\/suviseurat\/suviseurat-loppiban-2025\/","name":"Suviseurat Loppiban 2025 - SRK:n Suviseurat Pudasj\u00e4rvell\u00e4 2024","isPartOf":{"@id":"https:\/\/www.suviseurat.fi/2024\/#website"},"datePublished":"2024-05-14T11:48:00+00:00","dateModified":"2024-06-19T14:28:09+00:00","description":"\u00dcdv\u00f6z\u00f6lj\u00fck a Loppiban megrendezett 2025-\u00f6s Suviseuratba! Ha Isten \u00fagy akarja, a Finn B\u00e9kess\u00e9gegyes\u00fcletek K\u00f6zponti Egyes\u00fclet\u00e9nek (SRK) 2025-\u00f6s Suviseurat","breadcrumb":{"@id":"https:\/\/www.suviseurat.fi/2024\/hu\/suviseurat\/suviseurat-loppiban-2025\/#breadcrumb"},"inLanguage":"hu-HU","potentialAction":[{"@type":"ReadAction","target":["https:\/\/www.suviseurat.fi/2024\/hu\/suviseurat\/suviseurat-loppiban-2025\/"]}]},{"@type":"BreadcrumbList","@id":"https:\/\/www.suviseurat.fi/2024\/hu\/suviseurat\/suviseurat-loppiban-2025\/#breadcrumb","itemListElement":[{"@type":"ListItem","position":1,"name":"Etusivu","item":"https:\/\/www.suviseurat.fi/2024\/hu\/"},{"@type":"ListItem","position":2,"name":"Suviseurat","item":"https:\/\/www.suviseurat.fi/2024\/hu\/suviseurat\/"},{"@type":"ListItem","position":3,"name":"Suviseurat Loppiban 2025"}]},{"@type":"WebSite","@id":"https:\/\/www.suviseurat.fi/2024\/#website","url":"https:\/\/www.suviseurat.fi/2024\/","name":"SRK:n Suviseurat Pudasj\u00e4rvell\u00e4 2024","description":"Olenko min\u00e4 sinulle rakas?","publisher":{"@id":"https:\/\/www.suviseurat.fi/2024\/#organization"},"potentialAction":[{"@type":"SearchAction","target":{"@type":"EntryPoint","urlTemplate":"https:\/\/www.suviseurat.fi/2024\/?s={search_term_string}"},"query-input":"required name=search_term_string"}],"inLanguage":"hu-HU"},{"@type":"Organization","@id":"https:\/\/www.suviseurat.fi/2024\/#organization","name":"Suviseurat","url":"https:\/\/www.suviseurat.fi/2024\/","logo":{"@type":"ImageObject","inLanguage":"hu-HU","@id":"https:\/\/www.suviseurat.fi/2024\/#\/schema\/logo\/image\/","url":"https:\/\/www.suviseurat.fi/2024\/wp-content\/uploads\/2023\/10\/tunnus-nelio.jpg","contentUrl":"https:\/\/www.suviseurat.fi/2024\/wp-content\/uploads\/2023\/10\/tunnus-nelio.jpg","width":1000,"height":1000,"caption":"Suviseurat"},"image":{"@id":"https:\/\/www.suviseurat.fi/2024\/#\/schema\/logo\/image\/"},"sameAs":["https:\/\/www.facebook.com\/SRKryNyt\/","https:\/\/x.com\/Suviseurat","https:\/\/www.facebook.com\/srksuviseurat\/","https:\/\/www.youtube.com\/@SRKnyt","https:\/\/www.instagram.com\/srk_nyt\/","https:\/\/www.flickr.com\/photos\/suviseurat"]}]}},"_links":{"self":[{"href":"https:\/\/www.suviseurat.fi/2024\/hu\/wp-json\/wp\/v2\/pages\/20608"}],"collection":[{"href":"https:\/\/www.suviseurat.fi/2024\/hu\/wp-json\/wp\/v2\/pages"}],"about":[{"href":"https:\/\/www.suviseurat.fi/2024\/hu\/wp-json\/wp\/v2\/types\/page"}],"author":[{"embeddable":true,"href":"https:\/\/www.suviseurat.fi/2024\/hu\/wp-json\/wp\/v2\/users\/19"}],"replies":[{"embeddable":true,"href":"https:\/\/www.suviseurat.fi/2024\/hu\/wp-json\/wp\/v2\/comments?post=20608"}],"version-history":[{"count":1,"href":"https:\/\/www.suviseurat.fi/2024\/hu\/wp-json\/wp\/v2\/pages\/20608\/revisions"}],"predecessor-version":[{"id":20609,"href":"https:\/\/www.suviseurat.fi/2024\/hu\/wp-json\/wp\/v2\/pages\/20608\/revisions\/20609"}],"up":[{"embeddable":true,"href":"https:\/\/www.suviseurat.fi/2024\/hu\/wp-json\/wp\/v2\/pages\/20598"}],"wp:attachment":[{"href":"https:\/\/www.suviseurat.fi/2024\/hu\/wp-json\/wp\/v2\/media?parent=20608"}],"curies":[{"name":"wp","href":"https:\/\/api.w.org\/{rel}","templated":true}]}}