{"id":19635,"date":"2021-11-18T19:23:42","date_gmt":"2021-11-18T17:23:42","guid":{"rendered":"https:\/\/www.suviseurat.fi/2024\/bolshoe-letnee-sobranie\/"},"modified":"2024-06-17T14:01:29","modified_gmt":"2024-06-17T11:01:29","slug":"bolshoe-letnee-sobranie","status":"publish","type":"page","link":"https:\/\/www.suviseurat.fi/2024\/ru\/bolshoe-letnee-sobranie\/","title":{"rendered":"\u0411\u043e\u043b\u044c\u0448\u043e\u0435 \u041b\u0435\u0442\u043d\u0435\u0435 \u0421\u043e\u0431\u0440\u0430\u043d\u0438\u0435"},"content":{"rendered":"\n<h1 class=\"wp-block-heading\"><strong>\u0411\u043e\u043b\u044c\u0448\u043e\u0435 \u041b\u0435\u0442\u043d\u0435\u0435 \u0421\u043e\u0431\u0440\u0430\u043d\u0438\u0435<\/strong><\/h1>\n\n<p><span style=\"font-weight: 400\"><strong>\u0411\u043e\u043b\u044c\u0448\u043e\u0435 \u041b\u0435\u0442\u043d\u0435\u0435 \u0421\u043e\u0431\u0440\u0430\u043d\u0438\u0435<\/strong> \u2014 \u044d\u0442\u043e \u0435\u0436\u0435\u0433\u043e\u0434\u043d\u043e\u0435 \u0434\u0443\u0445\u043e\u0432\u043d\u043e\u0435 \u043c\u0435\u0440\u043e\u043f\u0440\u0438\u044f\u0442\u0438\u0435 \u0434\u0432\u0438\u0436\u0435\u043d\u0438\u044f \u043f\u0440\u043e\u0431\u0443\u0436\u0434\u0435\u043d\u0438\u044f \u043a\u043e\u043d\u0441\u0435\u0440\u0432\u0430\u0442\u0438\u0432\u043d\u043e\u0433\u043e \u043b\u0435\u0441\u0442\u0430\u0434\u0438\u0430\u043d\u0441\u0442\u0432\u0430. \u042d\u0442\u043e \u0442\u0430\u043a\u0436\u0435 \u043c\u0435\u0436\u0434\u0443\u043d\u0430\u0440\u043e\u0434\u043d\u043e\u0435 \u0438 \u043a\u0440\u0443\u043f\u043d\u0435\u0439\u0448\u0435\u0435 \u0434\u0443\u0445\u043e\u0432\u043d\u043e\u0435 \u0441\u043e\u0431\u044b\u0442\u0438\u0435 \u0432 \u0441\u0442\u0440\u0430\u043d\u0430\u0445 \u0421\u0435\u0432\u0435\u0440\u043d\u043e\u0439 \u0415\u0432\u0440\u043e\u043f\u044b. \u041a\u043e\u043d\u0441\u0435\u0440\u0432\u0430\u0442\u0438\u0432\u043d\u043e\u0435 \u043b\u0435\u0441\u0442\u0430\u0434\u0438\u0430\u043d\u0441\u0442\u0432\u043e \u2014 \u0434\u0432\u0438\u0436\u0435\u043d\u0438\u0435 \u043f\u0440\u043e\u0431\u0443\u0436\u0434\u0435\u043d\u0438\u044f \u0415\u0432\u0430\u043d\u0433\u0435\u043b\u0438\u0447\u0435\u0441\u043a\u043e-\u043b\u044e\u0442\u0435\u0440\u0430\u043d\u0441\u043a\u043e\u0439 \u0446\u0435\u0440\u043a\u0432\u0438 \u0424\u0438\u043d\u043b\u044f\u043d\u0434\u0438\u0438.  <\/span><\/p>\n\n<p><span style=\"font-weight: 400\">\u0412 \u0411\u043e\u043b\u044c\u0448\u043e\u043c \u043b\u0435\u0442\u043d\u0435\u043c \u0441\u043e\u0431\u0440\u0430\u043d\u0438\u0438 \u0446\u0435\u043d\u0442\u0440\u0430\u043b\u044c\u043d\u043e\u0435 \u043c\u0435\u0441\u0442\u043e \u0437\u0430\u043d\u0438\u043c\u0430\u044e\u0442 \u043e\u0441\u043d\u043e\u0432\u0430\u044e\u0449\u0438\u0435 \u043d\u0430 \u0411\u0438\u0431\u043b\u0438\u0438 \u043f\u0440\u043e\u043f\u043e\u0432\u0435\u0434\u0438, \u0441\u043e\u0432\u043c\u0435\u0441\u0442\u043d\u043e\u0435 \u043f\u0435\u043d\u0438\u0435 \u0438 \u0432\u043e\u0437\u043c\u043e\u0436\u043d\u043e\u0441\u0442\u044c \u0432\u0441\u0442\u0440\u0435\u0447\u0430\u0442\u044c\u0441\u044f \u0441 \u043b\u044e\u0434\u044c\u043c\u0438. \u041c\u044b \u0445\u043e\u0442\u0438\u043c \u043f\u0435\u0440\u0435\u0434\u0430\u0442\u044c \u0431\u0435\u0437\u043e\u043f\u0430\u0441\u043d\u0443\u044e \u0432\u0435\u0441\u0442\u044c \u043e \u043f\u0440\u043e\u0449\u0435\u043d\u0438\u0438 \u0433\u0440\u0435\u0445\u043e\u0432 \u0438 \u043f\u0440\u0438\u0433\u043b\u0430\u0448\u0430\u0435\u043c \u043f\u043e\u0432\u0435\u0440\u0438\u0442\u044c. \u0411\u043e\u043b\u044c\u0448\u0438\u043d\u0441\u0442\u0432\u043e \u0433\u043e\u0441\u0442\u0435\u0439 \u041b\u0435\u0442\u043d\u0435\u0433\u043e \u0421\u043e\u0431\u0440\u0430\u043d\u0438\u044f \u043e\u0441\u0442\u0430\u043d\u0430\u0432\u043b\u0438\u0432\u0430\u044e\u0442\u0441\u044f \u043d\u0430 \u0442\u0435\u0440\u0440\u0438\u0442\u043e\u0440\u0438\u0438 \u0421\u043e\u0431\u0440\u0430\u043d\u0438\u044f.   <\/span><\/p>\n\n<p><span style=\"font-weight: 400\">\u0412 \u0434\u043e\u0431\u0430\u0432\u043b\u0435\u043d\u0438\u0435 \u043f\u0440\u043e\u043f\u043e\u0432\u0435\u0434\u0435\u0439, \u0432 \u0441\u0443\u0431\u0431\u043e\u0442\u0443 \u0432 \u0411\u043e\u043b\u044c\u0448\u043e\u043c \u0448\u0430\u0442\u0440\u0435 \u043f\u0440\u043e\u0439\u0434\u0443\u0442 \u0441\u0432\u044f\u0442\u043e\u0435 \u043f\u0440\u0438\u0447\u0430\u0441\u0442\u0438\u0435, \u0430 \u0432 \u0432\u043e\u0441\u043a\u0440\u0435\u0441\u0435\u043d\u044c\u0435 \u2013 \u0431\u043e\u0433\u043e\u0441\u043b\u0443\u0436\u0435\u043d\u0438\u0435 \u0438 \u0432\u043e\u0441\u043a\u0440\u0435\u0441\u043d\u0430\u044f \u0448\u043a\u043e\u043b\u0430. \u0412\u043e \u0432\u0440\u0435\u043c\u044f \u0421\u043e\u0431\u0440\u0430\u043d\u0438\u044f \u043f\u043e \u0432\u043e\u0441\u043a\u0440\u0435\u0441\u0435\u043d\u044c\u044f\u043c \u0431\u043e\u0433\u043e\u0441\u043b\u0443\u0436\u0435\u043d\u0438\u044f \u0442\u0430\u043a\u0436\u0435 \u043e\u0440\u0433\u0430\u043d\u0438\u0437\u0443\u044e\u0442\u0441\u044f \u0432 \u0431\u043b\u0438\u0437\u043b\u0435\u0436\u0430\u0449\u0438\u0445 \u0446\u0435\u0440\u043a\u0432\u044f\u0445 \u0432 \u0441\u043e\u0442\u0440\u0443\u0434\u043d\u0438\u0447\u0435\u0441\u0442\u0432\u0435 \u0441 \u043c\u0435\u0441\u0442\u043d\u044b\u043c\u0438 \u043e\u0431\u0449\u0438\u043d\u0430\u043c\u0438. <\/span><\/p>\n\n<p><span style=\"font-weight: 400\">\u041f\u0440\u0438\u0433\u043b\u0430\u0448\u0430\u0435\u043c \u0432\u0441\u0435\u0445 \u0436\u0435\u043b\u0430\u044e\u0449\u0438\u0445 \u0432 \u041b\u0435\u0442\u043d\u0435\u043c \u0421\u043e\u0431\u0440\u0430\u043d\u0438\u0438. \u0412\u0445\u043e\u0434 \u043d\u0430 \u043c\u0435\u0440\u043e\u043f\u0440\u0438\u044f\u0442\u0438\u0435 \u0431\u0435\u0441\u043f\u043b\u0430\u0442\u043d\u044b\u0439. <\/span><\/p>\n\n<div style=\"height:50px\" aria-hidden=\"true\" class=\"wp-block-spacer\"><\/div>\n\n<h3 class=\"wp-block-heading\"><strong>\u0411\u043e\u043b\u044c\u0448\u043e\u0435 \u041b\u0435\u0442\u043d\u0435\u0435 \u0421\u043e\u0431\u0440\u0430\u043d\u0438\u0435 \u0432 \u041f\u0443\u0434\u0430\u0441\u044c\u044f\u0440\u0432\u0438 2024.<\/strong><\/h3>\n\n<p>\u0415\u0441\u043b\u0438 \u0411\u043e\u0433 \u043f\u043e\u0437\u0432\u043e\u043b\u0438\u0442, \u0411\u043e\u043b\u044c\u0448\u043e\u0435 \u043b\u0435\u0442\u043d\u0435\u0435 \u0441\u043e\u0431\u0440\u0430\u043d\u0438\u0435 \u0426\u0435\u043d\u0442\u0440\u0430\u043b\u043d\u043e\u0433\u043e \u0441\u043e\u0432\u0435\u0442\u0430 \u0444\u0438\u043d\u043b\u044f\u043d\u0434\u0441\u043a\u0438\u0445 \u043e\u0431\u0448\u0435\u0441\u0442\u0432 \u043c\u0438\u0440\u043e\u043b\u044e\u0431\u0438\u044f 2024 \u0433\u043e\u0434\u0430 \u043f\u0440\u043e\u0432\u0435\u0434\u044f\u0442 \u0432 \u041f\u0443\u0434\u0430\u0441\u044c\u044f\u0440\u0432\u0438 28.6.\u20131.7.2024.<\/p>\n\n<p>\u041c\u0435\u0441\u0442\u043e \u0421\u043e\u0431\u0440\u0430\u043d\u0438\u044f &#8211; \u041f\u0443\u0434\u0430\u0441\u044c\u044f\u0440\u0432\u0438 \u0430\u044d\u0440\u043e\u043f\u043e\u0440\u0442, \u0447\u0438\u0442\u0430\u0432\u0448\u0435\u0433\u043e\u0441\u044f \u0438\u043c\u0443\u0449\u0435\u0441\u0442\u0432\u043e\u043c \u0433\u043e\u0440\u043e\u0434\u0430 \u041f\u0443\u0434\u0430\u0441\u044c\u044f\u0440\u0432\u0438. \u041f\u043e\u0441\u043b\u0435\u0434\u043d\u0438\u0439 \u0440\u0430\u0437 \u0411\u043e\u043b\u044c\u0448\u043e\u0435 \u043b\u0435\u0442\u043d\u0435\u0435 \u0441\u043e\u0431\u0440\u0430\u043d\u0438\u0435 \u043e\u0440\u0433\u0430\u043d\u0438\u0437\u043e\u0432\u044b\u0432\u0430\u043b\u043e\u0441\u044c \u0432 \u0430\u044d\u0440\u043e\u043f\u043e\u0440\u0442\u0443 \u041f\u0443\u0434\u0430\u0441\u044c\u044f\u0440\u0432\u0438 \u0432 2013 \u0433\u043e\u0434\u0443. \u0422\u0435\u0440\u0440\u0438\u0442\u043e\u0440\u0438\u044f \u0421\u043e\u0431\u0440\u0430\u043d\u0438\u044f \u0431\u044b\u043b\u0430 \u0440\u0430\u0437\u0440\u0430\u0431\u043e\u0442\u0430\u043d\u0430 \u0441\u043e\u0432\u043c\u0435\u0441\u0442\u043d\u043e \u0441 \u0430\u0434\u043c\u0438\u043d\u0438\u0441\u0442\u0440\u0430\u0446\u0435\u0439 \u0433\u043e\u0440\u043e\u0434\u0430 \u041f\u0443\u0434\u0430\u0441\u044c\u044f\u0440\u0432\u0438, \u0447\u0442\u043e\u0431\u044b \u043b\u0443\u0447\u0448\u0435 \u0441\u043b\u0443\u0436\u0438\u0442\u044c \u043c\u0435\u0441\u0442\u043e\u043c \u043f\u0440\u043e\u0432\u0435\u0434\u0435\u043d\u0438\u044f \u043c\u0435\u0440\u043e\u043f\u0440\u0438\u044f\u0442\u0438\u0439. \u041f\u0443\u0434\u0430\u0441\u044c\u044f\u0440\u0432\u0438 \u0440\u0430\u0441\u043f\u043e\u043b\u043e\u0436\u0435\u043d \u0432 \u0441\u0435\u0432\u0435\u0440\u043d\u043e\u0439 \u0447\u0430\u0441\u0442\u0438 \u0421\u0435\u0432\u0435\u0440\u043d\u043e\u0439 \u041e\u0441\u0442\u0440\u043e\u0431\u043e\u0442\u043d\u0438\u0438, \u043f\u0440\u0438\u043c\u0435\u0440\u043d\u043e \u0432 100 \u043a\u0438\u043b\u043e\u043c\u0435\u0442\u0440\u0430\u0445 \u043e\u0442 \u041e\u0443\u043b\u0443 \u0432 \u0441\u0442\u043e\u0440\u043e\u043d\u0443 \u041a\u0443\u0443\u0441\u0430\u043c\u043e. \u0412 \u041f\u0443\u0434\u0430\u0441\u044c\u044f\u0440\u0432\u0438 \u043f\u0440\u043e\u0436\u0438\u0432\u0430\u0435\u0442 \u043e\u043a\u043e\u043b\u043e 7600 \u0436\u0438\u0442\u0435\u043b\u0435\u0439.     <\/p>\n\n<p>\u0417\u0430 \u043e\u0440\u0433\u0430\u043d\u0438\u0437\u0430\u0446\u0438\u044e \u043e\u0442\u0432\u0435\u0447\u0430\u044e\u0442 \u041e\u0431\u0449\u0435\u0441\u0442\u0432\u043e \u043c\u0438\u0440\u043e\u043b\u044e\u0431\u0438\u044f \u041a\u0443\u0443\u0441\u0430\u043c\u043e, \u042f\u043a\u043a\u0443\u043a\u044e\u043b\u044f, \u041a\u0438\u0439\u043c\u0438\u043d\u043a\u0438, \u041f\u043e\u0441\u0438\u043e, \u041f\u0443\u0434\u0430\u0441\u044c\u044f\u0440\u0432\u0438, \u0420\u0430\u043d\u0443\u0430, \u0422\u0430\u0439\u0432\u0430\u043b\u043a\u043e\u0441\u043a\u0438, \u042e\u043b\u0438\u043a\u0438\u0439\u043c\u0438\u043d\u043a\u0438 \u0438 \u042e\u043b\u0438-\u0418\u0438. \u041e\u0441\u043d\u043e\u0432\u043d\u0430\u044f \u043e\u0442\u0432\u0435\u0442\u0441\u0442\u0432\u0435\u043d\u043d\u043e\u0441\u0442\u044c \u0437\u0430 \u043e\u0440\u0433\u0430\u043d\u0438\u0437\u0430\u0446\u0438\u044e \u041b\u0435\u0442\u043d\u0435\u0433\u043e \u0421\u043e\u0431\u0440\u0430\u043d\u0438\u044f \u043b\u0435\u0436\u0438\u0442 \u043d\u0430 \u041e\u0431\u0448\u0435\u0441\u0442\u0432\u0435 \u043c\u0438\u0440\u043e\u043b\u044e\u0431\u0438\u044f \u041a\u0443\u0443\u0441\u0430\u043c\u043e.<\/p>\n\n<p>\u041c\u044b \u043c\u043e\u043b\u0438\u043c\u0441\u044f \u043e \u0442\u043e\u043c, \u0447\u0442\u043e\u0431\u044b \u0411\u043e\u0433 \u0431\u043b\u0430\u0433\u043e\u0441\u043b\u043e\u0432\u0438\u043b \u043d\u0430\u0448 \u0442\u0440\u0443\u0434 \u043a\u043e\u0442\u043e\u0440\u044b\u0439 \u043c\u044b \u0438\u0441\u043f\u043e\u043b\u043d\u0438\u043c \u0441\u043e\u0431\u0438\u0440\u0430\u044f \u041b\u0435\u0442\u043d\u0435\u0435 \u0441\u043e\u0431\u0440\u0430\u043d\u0438\u0435. \u041c\u044b \u043f\u0440\u043e\u0441\u0438\u043c, \u0447\u0442\u043e\u0431\u044b \u0441\u043b\u043e\u0432\u043e \u0411\u043e\u0436\u044c\u0435 \u043c\u043e\u0433\u043b\u043e \u043f\u0440\u0438\u0433\u043b\u0430\u0441\u0438\u0442\u044c \u043b\u044e\u0434\u0435\u0439 \u043a \u0426\u0430\u0440\u0441\u0442\u0432\u0443 \u0411\u043e\u0436\u044c\u0435, \u0438 \u043e\u0441\u0432\u0435\u0436\u0438\u0442\u044c \u0441\u043b\u0443\u0448\u0430\u0442\u0435\u043b\u0435\u0439 \u041b\u0435\u0442\u043d\u0435\u0433\u043e \u0441\u043e\u0431\u0440\u0430\u043d\u0438\u044f \u041f\u0443\u0434\u0430\u0441\u044c\u044f\u0440\u0432\u0438 2024. <\/p>\n\n<p><em>\u0413\u043b\u0430\u0432\u043d\u044b\u0439 \u043a\u043e\u043c\u0438\u0442\u0435\u0442 \u0411\u043e\u043b\u044c\u0448\u043e\u0433\u043e \u041b\u0435\u0442\u043d\u0435\u0433\u043e \u0421\u043e\u0431\u0440\u0430\u043d\u0438\u044f \u041f\u0443\u0434\u0430\u0441\u044c\u044f\u0440\u0432\u0438<\/em><\/p>\n","protected":false},"excerpt":{"rendered":"<p>\u0411\u043e\u043b\u044c\u0448\u043e\u0435 \u041b\u0435\u0442\u043d\u0435\u0435 \u0421\u043e\u0431\u0440\u0430\u043d\u0438\u0435 \u0411\u043e\u043b\u044c\u0448\u043e\u0435 \u041b\u0435\u0442\u043d\u0435\u0435 \u0421\u043e\u0431\u0440\u0430\u043d\u0438\u0435 \u2014 \u044d\u0442\u043e \u0435\u0436\u0435\u0433\u043e\u0434\u043d\u043e\u0435 \u0434\u0443\u0445\u043e\u0432\u043d\u043e\u0435 \u043c\u0435\u0440\u043e\u043f\u0440\u0438\u044f\u0442\u0438\u0435 \u0434\u0432\u0438\u0436\u0435\u043d\u0438\u044f \u043f\u0440\u043e\u0431\u0443\u0436\u0434\u0435\u043d\u0438\u044f \u043a\u043e\u043d\u0441\u0435\u0440\u0432\u0430\u0442\u0438\u0432\u043d\u043e\u0433\u043e \u043b\u0435\u0441\u0442\u0430\u0434\u0438\u0430\u043d\u0441\u0442\u0432\u0430.<a class=\"moretag\" href=\"https:\/\/www.suviseurat.fi/2024\/ru\/bolshoe-letnee-sobranie\/\">Jatka lukemista ><\/a><\/p>\n","protected":false},"author":19,"featured_media":0,"parent":0,"menu_order":0,"comment_status":"closed","ping_status":"closed","template":"","meta":{"_acf_changed":false,"footnotes":""},"class_list":["post-19635","page","type-page","status-publish","hentry"],"acf":[],"yoast_head":"<!-- This site is optimized with the Yoast SEO plugin v23.3 - https:\/\/yoast.com\/wordpress\/plugins\/seo\/ -->\n<title>\u0411\u043e\u043b\u044c\u0448\u043e\u0435 \u041b\u0435\u0442\u043d\u0435\u0435 \u0421\u043e\u0431\u0440\u0430\u043d\u0438\u0435 - SRK:n Suviseurat Pudasj\u00e4rvell\u00e4 2024<\/title>\n<meta name=\"description\" content=\"\u0411\u043e\u043b\u044c\u0448\u043e\u0435 \u041b\u0435\u0442\u043d\u0435\u0435 \u0421\u043e\u0431\u0440\u0430\u043d\u0438\u0435 \u0411\u043e\u043b\u044c\u0448\u043e\u0435 \u041b\u0435\u0442\u043d\u0435\u0435 \u0421\u043e\u0431\u0440\u0430\u043d\u0438\u0435 \u2014 \u044d\u0442\u043e \u0435\u0436\u0435\u0433\u043e\u0434\u043d\u043e\u0435 \u0434\u0443\u0445\u043e\u0432\u043d\u043e\u0435 \u043c\u0435\u0440\u043e\u043f\u0440\u0438\u044f\u0442\u0438\u0435 \u0434\u0432\u0438\u0436\u0435\u043d\u0438\u044f \u043f\u0440\u043e\u0431\u0443\u0436\u0434\u0435\u043d\u0438\u044f \u043a\u043e\u043d\u0441\u0435\u0440\u0432\u0430\u0442\u0438\u0432\u043d\u043e\u0433\u043e \u043b\u0435\u0441\u0442\u0430\u0434\u0438\u0430\u043d\u0441\u0442\u0432\u0430. \u042d\u0442\u043e \u0442\u0430\u043a\u0436\u0435\" \/>\n<meta name=\"robots\" content=\"index, follow, max-snippet:-1, max-image-preview:large, max-video-preview:-1\" \/>\n<link rel=\"canonical\" href=\"https:\/\/www.suviseurat.fi/2024\/ru\/bolshoe-letnee-sobranie\/\" \/>\n<meta property=\"og:locale\" content=\"ru_RU\" \/>\n<meta property=\"og:type\" content=\"article\" \/>\n<meta property=\"og:title\" content=\"\u0411\u043e\u043b\u044c\u0448\u043e\u0435 \u041b\u0435\u0442\u043d\u0435\u0435 \u0421\u043e\u0431\u0440\u0430\u043d\u0438\u0435 - SRK:n Suviseurat Pudasj\u00e4rvell\u00e4 2024\" \/>\n<meta property=\"og:description\" content=\"\u0411\u043e\u043b\u044c\u0448\u043e\u0435 \u041b\u0435\u0442\u043d\u0435\u0435 \u0421\u043e\u0431\u0440\u0430\u043d\u0438\u0435 \u0411\u043e\u043b\u044c\u0448\u043e\u0435 \u041b\u0435\u0442\u043d\u0435\u0435 \u0421\u043e\u0431\u0440\u0430\u043d\u0438\u0435 \u2014 \u044d\u0442\u043e \u0435\u0436\u0435\u0433\u043e\u0434\u043d\u043e\u0435 \u0434\u0443\u0445\u043e\u0432\u043d\u043e\u0435 \u043c\u0435\u0440\u043e\u043f\u0440\u0438\u044f\u0442\u0438\u0435 \u0434\u0432\u0438\u0436\u0435\u043d\u0438\u044f \u043f\u0440\u043e\u0431\u0443\u0436\u0434\u0435\u043d\u0438\u044f \u043a\u043e\u043d\u0441\u0435\u0440\u0432\u0430\u0442\u0438\u0432\u043d\u043e\u0433\u043e \u043b\u0435\u0441\u0442\u0430\u0434\u0438\u0430\u043d\u0441\u0442\u0432\u0430. \u042d\u0442\u043e \u0442\u0430\u043a\u0436\u0435\" \/>\n<meta property=\"og:url\" content=\"https:\/\/www.suviseurat.fi/2024\/ru\/bolshoe-letnee-sobranie\/\" \/>\n<meta property=\"og:site_name\" content=\"SRK:n Suviseurat Pudasj\u00e4rvell\u00e4 2024\" \/>\n<meta property=\"article:publisher\" content=\"https:\/\/www.facebook.com\/SRKryNyt\/\" \/>\n<meta property=\"article:modified_time\" content=\"2024-06-17T11:01:29+00:00\" \/>\n<meta name=\"twitter:card\" content=\"summary_large_image\" \/>\n<meta name=\"twitter:site\" content=\"@Suviseurat\" \/>\n<script type=\"application\/ld+json\" class=\"yoast-schema-graph\">{\"@context\":\"https:\/\/schema.org\",\"@graph\":[{\"@type\":\"WebPage\",\"@id\":\"https:\/\/www.suviseurat.fi/2024\/ru\/bolshoe-letnee-sobranie\/\",\"url\":\"https:\/\/www.suviseurat.fi/2024\/ru\/bolshoe-letnee-sobranie\/\",\"name\":\"\u0411\u043e\u043b\u044c\u0448\u043e\u0435 \u041b\u0435\u0442\u043d\u0435\u0435 \u0421\u043e\u0431\u0440\u0430\u043d\u0438\u0435 - SRK:n Suviseurat Pudasj\u00e4rvell\u00e4 2024\",\"isPartOf\":{\"@id\":\"https:\/\/www.suviseurat.fi/2024\/#website\"},\"datePublished\":\"2021-11-18T17:23:42+00:00\",\"dateModified\":\"2024-06-17T11:01:29+00:00\",\"description\":\"\u0411\u043e\u043b\u044c\u0448\u043e\u0435 \u041b\u0435\u0442\u043d\u0435\u0435 \u0421\u043e\u0431\u0440\u0430\u043d\u0438\u0435 \u0411\u043e\u043b\u044c\u0448\u043e\u0435 \u041b\u0435\u0442\u043d\u0435\u0435 \u0421\u043e\u0431\u0440\u0430\u043d\u0438\u0435 \u2014 \u044d\u0442\u043e \u0435\u0436\u0435\u0433\u043e\u0434\u043d\u043e\u0435 \u0434\u0443\u0445\u043e\u0432\u043d\u043e\u0435 \u043c\u0435\u0440\u043e\u043f\u0440\u0438\u044f\u0442\u0438\u0435 \u0434\u0432\u0438\u0436\u0435\u043d\u0438\u044f \u043f\u0440\u043e\u0431\u0443\u0436\u0434\u0435\u043d\u0438\u044f \u043a\u043e\u043d\u0441\u0435\u0440\u0432\u0430\u0442\u0438\u0432\u043d\u043e\u0433\u043e \u043b\u0435\u0441\u0442\u0430\u0434\u0438\u0430\u043d\u0441\u0442\u0432\u0430. \u042d\u0442\u043e \u0442\u0430\u043a\u0436\u0435\",\"breadcrumb\":{\"@id\":\"https:\/\/www.suviseurat.fi/2024\/ru\/bolshoe-letnee-sobranie\/#breadcrumb\"},\"inLanguage\":\"ru-RU\",\"potentialAction\":[{\"@type\":\"ReadAction\",\"target\":[\"https:\/\/www.suviseurat.fi/2024\/ru\/bolshoe-letnee-sobranie\/\"]}]},{\"@type\":\"BreadcrumbList\",\"@id\":\"https:\/\/www.suviseurat.fi/2024\/ru\/bolshoe-letnee-sobranie\/#breadcrumb\",\"itemListElement\":[{\"@type\":\"ListItem\",\"position\":1,\"name\":\"Etusivu\",\"item\":\"https:\/\/www.suviseurat.fi/2024\/ru\/\"},{\"@type\":\"ListItem\",\"position\":2,\"name\":\"\u0411\u043e\u043b\u044c\u0448\u043e\u0435 \u041b\u0435\u0442\u043d\u0435\u0435 \u0421\u043e\u0431\u0440\u0430\u043d\u0438\u0435\"}]},{\"@type\":\"WebSite\",\"@id\":\"https:\/\/www.suviseurat.fi/2024\/#website\",\"url\":\"https:\/\/www.suviseurat.fi/2024\/\",\"name\":\"SRK:n Suviseurat Pudasj\u00e4rvell\u00e4 2024\",\"description\":\"Olenko min\u00e4 sinulle rakas?\",\"publisher\":{\"@id\":\"https:\/\/www.suviseurat.fi/2024\/#organization\"},\"potentialAction\":[{\"@type\":\"SearchAction\",\"target\":{\"@type\":\"EntryPoint\",\"urlTemplate\":\"https:\/\/www.suviseurat.fi/2024\/?s={search_term_string}\"},\"query-input\":\"required name=search_term_string\"}],\"inLanguage\":\"ru-RU\"},{\"@type\":\"Organization\",\"@id\":\"https:\/\/www.suviseurat.fi/2024\/#organization\",\"name\":\"Suviseurat\",\"url\":\"https:\/\/www.suviseurat.fi/2024\/\",\"logo\":{\"@type\":\"ImageObject\",\"inLanguage\":\"ru-RU\",\"@id\":\"https:\/\/www.suviseurat.fi/2024\/#\/schema\/logo\/image\/\",\"url\":\"https:\/\/www.suviseurat.fi/2024\/wp-content\/uploads\/2023\/10\/tunnus-nelio.jpg\",\"contentUrl\":\"https:\/\/www.suviseurat.fi/2024\/wp-content\/uploads\/2023\/10\/tunnus-nelio.jpg\",\"width\":1000,\"height\":1000,\"caption\":\"Suviseurat\"},\"image\":{\"@id\":\"https:\/\/www.suviseurat.fi/2024\/#\/schema\/logo\/image\/\"},\"sameAs\":[\"https:\/\/www.facebook.com\/SRKryNyt\/\",\"https:\/\/x.com\/Suviseurat\",\"https:\/\/www.facebook.com\/srksuviseurat\/\",\"https:\/\/www.youtube.com\/@SRKnyt\",\"https:\/\/www.instagram.com\/srk_nyt\/\",\"https:\/\/www.flickr.com\/photos\/suviseurat\"]}]}<\/script>\n<!-- \/ Yoast SEO plugin. -->","yoast_head_json":{"title":"\u0411\u043e\u043b\u044c\u0448\u043e\u0435 \u041b\u0435\u0442\u043d\u0435\u0435 \u0421\u043e\u0431\u0440\u0430\u043d\u0438\u0435 - SRK:n Suviseurat Pudasj\u00e4rvell\u00e4 2024","description":"\u0411\u043e\u043b\u044c\u0448\u043e\u0435 \u041b\u0435\u0442\u043d\u0435\u0435 \u0421\u043e\u0431\u0440\u0430\u043d\u0438\u0435 \u0411\u043e\u043b\u044c\u0448\u043e\u0435 \u041b\u0435\u0442\u043d\u0435\u0435 \u0421\u043e\u0431\u0440\u0430\u043d\u0438\u0435 \u2014 \u044d\u0442\u043e \u0435\u0436\u0435\u0433\u043e\u0434\u043d\u043e\u0435 \u0434\u0443\u0445\u043e\u0432\u043d\u043e\u0435 \u043c\u0435\u0440\u043e\u043f\u0440\u0438\u044f\u0442\u0438\u0435 \u0434\u0432\u0438\u0436\u0435\u043d\u0438\u044f \u043f\u0440\u043e\u0431\u0443\u0436\u0434\u0435\u043d\u0438\u044f \u043a\u043e\u043d\u0441\u0435\u0440\u0432\u0430\u0442\u0438\u0432\u043d\u043e\u0433\u043e \u043b\u0435\u0441\u0442\u0430\u0434\u0438\u0430\u043d\u0441\u0442\u0432\u0430. \u042d\u0442\u043e \u0442\u0430\u043a\u0436\u0435","robots":{"index":"index","follow":"follow","max-snippet":"max-snippet:-1","max-image-preview":"max-image-preview:large","max-video-preview":"max-video-preview:-1"},"canonical":"https:\/\/www.suviseurat.fi/2024\/ru\/bolshoe-letnee-sobranie\/","og_locale":"ru_RU","og_type":"article","og_title":"\u0411\u043e\u043b\u044c\u0448\u043e\u0435 \u041b\u0435\u0442\u043d\u0435\u0435 \u0421\u043e\u0431\u0440\u0430\u043d\u0438\u0435 - SRK:n Suviseurat Pudasj\u00e4rvell\u00e4 2024","og_description":"\u0411\u043e\u043b\u044c\u0448\u043e\u0435 \u041b\u0435\u0442\u043d\u0435\u0435 \u0421\u043e\u0431\u0440\u0430\u043d\u0438\u0435 \u0411\u043e\u043b\u044c\u0448\u043e\u0435 \u041b\u0435\u0442\u043d\u0435\u0435 \u0421\u043e\u0431\u0440\u0430\u043d\u0438\u0435 \u2014 \u044d\u0442\u043e \u0435\u0436\u0435\u0433\u043e\u0434\u043d\u043e\u0435 \u0434\u0443\u0445\u043e\u0432\u043d\u043e\u0435 \u043c\u0435\u0440\u043e\u043f\u0440\u0438\u044f\u0442\u0438\u0435 \u0434\u0432\u0438\u0436\u0435\u043d\u0438\u044f \u043f\u0440\u043e\u0431\u0443\u0436\u0434\u0435\u043d\u0438\u044f \u043a\u043e\u043d\u0441\u0435\u0440\u0432\u0430\u0442\u0438\u0432\u043d\u043e\u0433\u043e \u043b\u0435\u0441\u0442\u0430\u0434\u0438\u0430\u043d\u0441\u0442\u0432\u0430. \u042d\u0442\u043e \u0442\u0430\u043a\u0436\u0435","og_url":"https:\/\/www.suviseurat.fi/2024\/ru\/bolshoe-letnee-sobranie\/","og_site_name":"SRK:n Suviseurat Pudasj\u00e4rvell\u00e4 2024","article_publisher":"https:\/\/www.facebook.com\/SRKryNyt\/","article_modified_time":"2024-06-17T11:01:29+00:00","twitter_card":"summary_large_image","twitter_site":"@Suviseurat","schema":{"@context":"https:\/\/schema.org","@graph":[{"@type":"WebPage","@id":"https:\/\/www.suviseurat.fi/2024\/ru\/bolshoe-letnee-sobranie\/","url":"https:\/\/www.suviseurat.fi/2024\/ru\/bolshoe-letnee-sobranie\/","name":"\u0411\u043e\u043b\u044c\u0448\u043e\u0435 \u041b\u0435\u0442\u043d\u0435\u0435 \u0421\u043e\u0431\u0440\u0430\u043d\u0438\u0435 - SRK:n Suviseurat Pudasj\u00e4rvell\u00e4 2024","isPartOf":{"@id":"https:\/\/www.suviseurat.fi/2024\/#website"},"datePublished":"2021-11-18T17:23:42+00:00","dateModified":"2024-06-17T11:01:29+00:00","description":"\u0411\u043e\u043b\u044c\u0448\u043e\u0435 \u041b\u0435\u0442\u043d\u0435\u0435 \u0421\u043e\u0431\u0440\u0430\u043d\u0438\u0435 \u0411\u043e\u043b\u044c\u0448\u043e\u0435 \u041b\u0435\u0442\u043d\u0435\u0435 \u0421\u043e\u0431\u0440\u0430\u043d\u0438\u0435 \u2014 \u044d\u0442\u043e \u0435\u0436\u0435\u0433\u043e\u0434\u043d\u043e\u0435 \u0434\u0443\u0445\u043e\u0432\u043d\u043e\u0435 \u043c\u0435\u0440\u043e\u043f\u0440\u0438\u044f\u0442\u0438\u0435 \u0434\u0432\u0438\u0436\u0435\u043d\u0438\u044f \u043f\u0440\u043e\u0431\u0443\u0436\u0434\u0435\u043d\u0438\u044f \u043a\u043e\u043d\u0441\u0435\u0440\u0432\u0430\u0442\u0438\u0432\u043d\u043e\u0433\u043e \u043b\u0435\u0441\u0442\u0430\u0434\u0438\u0430\u043d\u0441\u0442\u0432\u0430. \u042d\u0442\u043e \u0442\u0430\u043a\u0436\u0435","breadcrumb":{"@id":"https:\/\/www.suviseurat.fi/2024\/ru\/bolshoe-letnee-sobranie\/#breadcrumb"},"inLanguage":"ru-RU","potentialAction":[{"@type":"ReadAction","target":["https:\/\/www.suviseurat.fi/2024\/ru\/bolshoe-letnee-sobranie\/"]}]},{"@type":"BreadcrumbList","@id":"https:\/\/www.suviseurat.fi/2024\/ru\/bolshoe-letnee-sobranie\/#breadcrumb","itemListElement":[{"@type":"ListItem","position":1,"name":"Etusivu","item":"https:\/\/www.suviseurat.fi/2024\/ru\/"},{"@type":"ListItem","position":2,"name":"\u0411\u043e\u043b\u044c\u0448\u043e\u0435 \u041b\u0435\u0442\u043d\u0435\u0435 \u0421\u043e\u0431\u0440\u0430\u043d\u0438\u0435"}]},{"@type":"WebSite","@id":"https:\/\/www.suviseurat.fi/2024\/#website","url":"https:\/\/www.suviseurat.fi/2024\/","name":"SRK:n Suviseurat Pudasj\u00e4rvell\u00e4 2024","description":"Olenko min\u00e4 sinulle rakas?","publisher":{"@id":"https:\/\/www.suviseurat.fi/2024\/#organization"},"potentialAction":[{"@type":"SearchAction","target":{"@type":"EntryPoint","urlTemplate":"https:\/\/www.suviseurat.fi/2024\/?s={search_term_string}"},"query-input":"required name=search_term_string"}],"inLanguage":"ru-RU"},{"@type":"Organization","@id":"https:\/\/www.suviseurat.fi/2024\/#organization","name":"Suviseurat","url":"https:\/\/www.suviseurat.fi/2024\/","logo":{"@type":"ImageObject","inLanguage":"ru-RU","@id":"https:\/\/www.suviseurat.fi/2024\/#\/schema\/logo\/image\/","url":"https:\/\/www.suviseurat.fi/2024\/wp-content\/uploads\/2023\/10\/tunnus-nelio.jpg","contentUrl":"https:\/\/www.suviseurat.fi/2024\/wp-content\/uploads\/2023\/10\/tunnus-nelio.jpg","width":1000,"height":1000,"caption":"Suviseurat"},"image":{"@id":"https:\/\/www.suviseurat.fi/2024\/#\/schema\/logo\/image\/"},"sameAs":["https:\/\/www.facebook.com\/SRKryNyt\/","https:\/\/x.com\/Suviseurat","https:\/\/www.facebook.com\/srksuviseurat\/","https:\/\/www.youtube.com\/@SRKnyt","https:\/\/www.instagram.com\/srk_nyt\/","https:\/\/www.flickr.com\/photos\/suviseurat"]}]}},"_links":{"self":[{"href":"https:\/\/www.suviseurat.fi/2024\/ru\/wp-json\/wp\/v2\/pages\/19635"}],"collection":[{"href":"https:\/\/www.suviseurat.fi/2024\/ru\/wp-json\/wp\/v2\/pages"}],"about":[{"href":"https:\/\/www.suviseurat.fi/2024\/ru\/wp-json\/wp\/v2\/types\/page"}],"author":[{"embeddable":true,"href":"https:\/\/www.suviseurat.fi/2024\/ru\/wp-json\/wp\/v2\/users\/19"}],"replies":[{"embeddable":true,"href":"https:\/\/www.suviseurat.fi/2024\/ru\/wp-json\/wp\/v2\/comments?post=19635"}],"version-history":[{"count":12,"href":"https:\/\/www.suviseurat.fi/2024\/ru\/wp-json\/wp\/v2\/pages\/19635\/revisions"}],"predecessor-version":[{"id":20526,"href":"https:\/\/www.suviseurat.fi/2024\/ru\/wp-json\/wp\/v2\/pages\/19635\/revisions\/20526"}],"wp:attachment":[{"href":"https:\/\/www.suviseurat.fi/2024\/ru\/wp-json\/wp\/v2\/media?parent=19635"}],"curies":[{"name":"wp","href":"https:\/\/api.w.org\/{rel}","templated":true}]}}