{"id":19656,"date":"2022-10-17T20:31:28","date_gmt":"2022-10-17T17:31:28","guid":{"rendered":"https:\/\/www.suviseurat.fi/2024\/bolshoe-letnee-sobranie\/deviz\/"},"modified":"2024-06-17T13:06:29","modified_gmt":"2024-06-17T10:06:29","slug":"deviz","status":"publish","type":"page","link":"https:\/\/www.suviseurat.fi/2024\/ru\/bolshoe-letnee-sobranie\/deviz\/","title":{"rendered":"\u0414\u0435\u0432\u0438\u0437"},"content":{"rendered":"\n<div class=\"wp-block-columns is-layout-flex wp-container-core-columns-is-layout-1 wp-block-columns-is-layout-flex\">\n<div class=\"wp-block-column is-layout-flow wp-block-column-is-layout-flow\">\n<h2 class=\"wp-block-heading\"><strong>\u041b\u044e\u0431\u0438\u0448\u044c \u043b\u0438 \u0442\u044b \u041c\u0435\u043d\u044f? <\/strong><br\/><strong>(\u0418\u043e\u0430\u043d\u043d\u0430 21:17)<\/strong><\/h2>\n\n\n\n<p>\u0414\u0435\u0432\u0438\u0437 \u0411\u043e\u043b\u044c\u0448\u043e\u0433\u043e \u043b\u0435\u0442\u043d\u0435\u0433\u043e \u0441\u043e\u0431\u0440\u0430\u043d\u0438\u044f \u0432\u0437\u044f\u0442 \u0438\u0437 \u0415\u0432\u0430\u043d\u0433\u0435\u043b\u0438\u044f \u043e\u0442 \u0418\u043e\u0430\u043d\u043d\u0430: &#8220;\u041b\u044e\u0431\u0438\u0448\u044c \u043b\u0438 \u0442\u044b \u041c\u0435\u043d\u044f?&#8221; (\u0418\u043e\u0430\u043d\u043d\u0430 21:17.) \u042d\u0442\u043e\u0442 \u0432\u043e\u043f\u0440\u043e\u0441 \u0432\u043e\u0441\u043a\u0440\u0435\u0441\u0448\u0438\u0439 \u0418\u0438\u0441\u0443\u0441 \u0437\u0430\u0434\u0430\u0435\u0442 \u041f\u0435\u0442\u0440\u0443, \u0443\u0447\u0435\u043d\u0438\u043a\u0443, \u043a\u043e\u0442\u043e\u0440\u044b\u0439 \u0440\u0430\u043d\u0435\u0435 \u0432\u043e \u0434\u0432\u043e\u0440\u0435 \u043f\u0435\u0440\u0432\u043e\u0441\u0432\u044f\u0449\u0435\u043d\u043d\u0438\u043a\u0430 \u043e\u0442\u0440\u0435\u043a\u0441\u044f \u043e\u0442 \u0418\u0438\u0441\u0443\u0441\u0430. \u0412 \u043e\u0442\u0440\u044b\u0432\u043a\u0435 \u0411\u0438\u0431\u043b\u0438\u0438 (\u0434\u0435\u0432\u0438\u0437\u0430) \u0418\u0438\u0441\u0443\u0441 \u0441\u043f\u0440\u0430\u0448\u0438\u0432\u0430\u0435\u0442 \u041f\u0435\u0442\u0440\u0430, \u043b\u044e\u0431\u0438\u0442 \u043b\u0438 \u043e\u043d \u0415\u0433\u043e. \u041c\u043e\u0436\u043d\u043e \u0441\u0447\u0438\u0442\u0430\u0442\u044c, \u0447\u0442\u043e \u044d\u0442\u043e\u0442 \u0432\u043e\u043f\u0440\u043e\u0441 \u043e\u0431\u0440\u0430\u0449\u0435\u043d \u043d\u0435 \u0442\u043e\u043b\u044c\u043a\u043e \u043a \u041f\u0435\u0442\u0440\u0443, \u043d\u043e \u0438 \u043a \u043a\u0430\u0436\u0434\u043e\u043c\u0443 \u0447\u0435\u043b\u043e\u0432\u0435\u043a\u0443. \u0414\u0435\u0432\u0438\u0437 \u0441\u043e\u0431\u0440\u0430\u043d\u0438\u044f \u043f\u043e\u0431\u0443\u0436\u0434\u0430\u0435\u0442 \u043d\u0430\u0441 \u0437\u0430\u0434\u0443\u043c\u0430\u0442\u044c\u0441\u044f \u043e \u043d\u0430\u0448\u0435\u043c \u043b\u0438\u0447\u043d\u043e\u043c \u0436\u0435\u043b\u0430\u043d\u0438\u0438 \u0432\u0435\u0440\u0438\u0442\u044c.    <\/p>\n\n\n\n<p>\u041f\u0440\u0430\u0437\u0434\u043d\u0438\u0447\u043d\u044b\u0435 \u0432\u043e\u0440\u043e\u0442\u0430 \u0438 \u0441\u0438\u043c\u0431\u043e\u043b \u041b\u0435\u0442\u043d\u0435\u0433\u043e \u0441\u043e\u0431\u0440\u0430\u043d\u0438\u044f \u0431\u044b\u043b\u0438 \u0440\u0430\u0437\u0440\u0430\u0431\u043e\u0442\u0430\u043d\u044b \u043d\u0430 \u043e\u0441\u043d\u043e\u0432\u0435 \u0438\u0434\u0435\u0438 \u0422\u0430\u0443\u043d\u043e \u0412\u0430\u043b\u044c\u043a\u0435\u0430\u044f\u0440\u0432\u0438. \u0424\u043e\u043d\u043e\u043c \u0434\u043b\u044f \u043b\u043e\u0433\u043e\u0442\u0438\u043f\u0430 \u0441\u043e\u0431\u0440\u0430\u043d\u0438\u044f \u0441\u043b\u0443\u0436\u0438\u0442 \u0433\u043e\u043b\u0443\u0431\u0430\u044f \u0433\u043b\u0430\u0434\u044c \u043e\u0437\u0435\u0440\u0430, \u0438\u0437\u043e\u0431\u0440\u0430\u0436\u0430\u044e\u0449\u0430\u044f \u0422\u0438\u0432\u0435\u0440\u0438\u0430\u0434\u0441\u043a\u043e\u0435 \u043e\u0437\u0435\u0440\u043e &#8211; \u043c\u0435\u0441\u0442\u043e \u0432\u0441\u0442\u0440\u0435\u0447\u0438 \u0418\u0438\u0441\u0443\u0441\u0430 \u0438 \u041f\u0435\u0442\u0440\u0430. \u0417\u043d\u0430\u043a \u0441\u043e\u0447\u0435\u0442\u0430\u0435\u0442 \u0432 \u0441\u0435\u0431\u0435 \u0441\u0435\u0440\u0434\u0446\u0435 \u0438 \u0432\u043e\u043f\u0440\u043e\u0441\u0438\u0442\u0435\u043b\u044c\u043d\u044b\u0439 \u0437\u043d\u0430\u043a. \u0411\u0435\u043b\u043e\u0435 \u0441\u0435\u0440\u0434\u0446\u0435 \u0440\u0430\u0437\u0434\u0435\u043b\u0435\u043d\u043e \u043d\u0430 \u0434\u0432\u0435 \u043f\u043e\u043b\u043e\u0432\u0438\u043d\u044b: \u0441\u043b\u0435\u0432\u0430 &#8211; \u0441\u043b\u043e\u0432\u0430 \u0418\u0438\u0441\u0443\u0441\u0430, \u0441\u043f\u0440\u0430\u0432\u0430 &#8211; \u0432\u043e\u043f\u0440\u043e\u0441\u0438\u0442\u0435\u043b\u044c\u043d\u044b\u0439 \u0437\u043d\u0430\u043a.   <\/p>\n<\/div>\n\n\n\n<div class=\"wp-block-column is-layout-flow wp-block-column-is-layout-flow\">\n<figure class=\"wp-block-image\"><a href=\"https:\/\/www.suviseurat.fi/2024\/wp-content\/uploads\/2023\/10\/pj2024-merkki-e1698044587903.jpg\"><img loading=\"lazy\" decoding=\"async\" width=\"827\" height=\"709\" src=\"https:\/\/www.suviseurat.fi/2024\/wp-content\/uploads\/2023\/10\/pj2024-merkki-e1698044587903.jpg\" alt=\"\" class=\"wp-image-18962\" srcset=\"https:\/\/www.suviseurat.fi/2024\/wp-content\/uploads\/2023\/10\/pj2024-merkki-e1698044587903.jpg 827w, https:\/\/www.suviseurat.fi/2024\/wp-content\/uploads\/2023\/10\/pj2024-merkki-e1698044587903-768x658.jpg 768w\" sizes=\"(max-width: 827px) 100vw, 827px\" \/><\/a><\/figure>\n<\/div>\n<\/div>\n","protected":false},"excerpt":{"rendered":"<p>\u041b\u044e\u0431\u0438\u0448\u044c \u043b\u0438 \u0442\u044b \u041c\u0435\u043d\u044f? (\u0418\u043e\u0430\u043d\u043d\u0430 21:17) \u0414\u0435\u0432\u0438\u0437 \u0411\u043e\u043b\u044c\u0448\u043e\u0433\u043e \u043b\u0435\u0442\u043d\u0435\u0433\u043e \u0441\u043e\u0431\u0440\u0430\u043d\u0438\u044f \u0432\u0437\u044f\u0442 \u0438\u0437 \u0415\u0432\u0430\u043d\u0433\u0435\u043b\u0438\u044f \u043e\u0442 \u0418\u043e\u0430\u043d\u043d\u0430:<a class=\"moretag\" href=\"https:\/\/www.suviseurat.fi/2024\/ru\/bolshoe-letnee-sobranie\/deviz\/\">Jatka lukemista ><\/a><\/p>\n","protected":false},"author":33,"featured_media":0,"parent":19635,"menu_order":4,"comment_status":"closed","ping_status":"closed","template":"","meta":{"_acf_changed":false,"footnotes":""},"class_list":["post-19656","page","type-page","status-publish","hentry"],"acf":[],"yoast_head":"<!-- This site is optimized with the Yoast SEO plugin v23.3 - https:\/\/yoast.com\/wordpress\/plugins\/seo\/ -->\n<title>\u0414\u0435\u0432\u0438\u0437 - SRK:n Suviseurat Pudasj\u00e4rvell\u00e4 2024<\/title>\n<meta name=\"description\" content=\"\u041b\u044e\u0431\u0438\u0448\u044c \u043b\u0438 \u0442\u044b \u041c\u0435\u043d\u044f? (\u0418\u043e\u0430\u043d\u043d\u0430 21:17) \u0414\u0435\u0432\u0438\u0437 \u0411\u043e\u043b\u044c\u0448\u043e\u0433\u043e \u043b\u0435\u0442\u043d\u0435\u0433\u043e \u0441\u043e\u0431\u0440\u0430\u043d\u0438\u044f \u0432\u0437\u044f\u0442 \u0438\u0437 \u0415\u0432\u0430\u043d\u0433\u0435\u043b\u0438\u044f \u043e\u0442 \u0418\u043e\u0430\u043d\u043d\u0430: &quot;\u041b\u044e\u0431\u0438\u0448\u044c \u043b\u0438 \u0442\u044b \u041c\u0435\u043d\u044f?&quot; (\u0418\u043e\u0430\u043d\u043d\u0430 21:17.) \u042d\u0442\u043e\u0442 \u0432\u043e\u043f\u0440\u043e\u0441 \u0432\u043e\u0441\u043a\u0440\u0435\u0441\u0448\u0438\u0439\" \/>\n<meta name=\"robots\" content=\"index, follow, max-snippet:-1, max-image-preview:large, max-video-preview:-1\" \/>\n<link rel=\"canonical\" href=\"https:\/\/www.suviseurat.fi/2024\/ru\/bolshoe-letnee-sobranie\/deviz\/\" \/>\n<meta property=\"og:locale\" content=\"ru_RU\" \/>\n<meta property=\"og:type\" content=\"article\" \/>\n<meta property=\"og:title\" content=\"\u0414\u0435\u0432\u0438\u0437 - SRK:n Suviseurat Pudasj\u00e4rvell\u00e4 2024\" \/>\n<meta property=\"og:description\" content=\"\u041b\u044e\u0431\u0438\u0448\u044c \u043b\u0438 \u0442\u044b \u041c\u0435\u043d\u044f? (\u0418\u043e\u0430\u043d\u043d\u0430 21:17) \u0414\u0435\u0432\u0438\u0437 \u0411\u043e\u043b\u044c\u0448\u043e\u0433\u043e \u043b\u0435\u0442\u043d\u0435\u0433\u043e \u0441\u043e\u0431\u0440\u0430\u043d\u0438\u044f \u0432\u0437\u044f\u0442 \u0438\u0437 \u0415\u0432\u0430\u043d\u0433\u0435\u043b\u0438\u044f \u043e\u0442 \u0418\u043e\u0430\u043d\u043d\u0430: &quot;\u041b\u044e\u0431\u0438\u0448\u044c \u043b\u0438 \u0442\u044b \u041c\u0435\u043d\u044f?&quot; (\u0418\u043e\u0430\u043d\u043d\u0430 21:17.) \u042d\u0442\u043e\u0442 \u0432\u043e\u043f\u0440\u043e\u0441 \u0432\u043e\u0441\u043a\u0440\u0435\u0441\u0448\u0438\u0439\" \/>\n<meta property=\"og:url\" content=\"https:\/\/www.suviseurat.fi/2024\/ru\/bolshoe-letnee-sobranie\/deviz\/\" \/>\n<meta property=\"og:site_name\" content=\"SRK:n Suviseurat Pudasj\u00e4rvell\u00e4 2024\" \/>\n<meta property=\"article:publisher\" content=\"https:\/\/www.facebook.com\/SRKryNyt\/\" \/>\n<meta property=\"article:modified_time\" content=\"2024-06-17T10:06:29+00:00\" \/>\n<meta property=\"og:image\" content=\"https:\/\/www.suviseurat.fi/2024\/wp-content\/uploads\/2023\/10\/pj2024-merkki-e1698044587903.jpg\" \/>\n<meta name=\"twitter:card\" content=\"summary_large_image\" \/>\n<meta name=\"twitter:site\" content=\"@Suviseurat\" \/>\n<script type=\"application\/ld+json\" class=\"yoast-schema-graph\">{\"@context\":\"https:\/\/schema.org\",\"@graph\":[{\"@type\":\"WebPage\",\"@id\":\"https:\/\/www.suviseurat.fi/2024\/ru\/bolshoe-letnee-sobranie\/deviz\/\",\"url\":\"https:\/\/www.suviseurat.fi/2024\/ru\/bolshoe-letnee-sobranie\/deviz\/\",\"name\":\"\u0414\u0435\u0432\u0438\u0437 - SRK:n Suviseurat Pudasj\u00e4rvell\u00e4 2024\",\"isPartOf\":{\"@id\":\"https:\/\/www.suviseurat.fi/2024\/#website\"},\"primaryImageOfPage\":{\"@id\":\"https:\/\/www.suviseurat.fi/2024\/ru\/bolshoe-letnee-sobranie\/deviz\/#primaryimage\"},\"image\":{\"@id\":\"https:\/\/www.suviseurat.fi/2024\/ru\/bolshoe-letnee-sobranie\/deviz\/#primaryimage\"},\"thumbnailUrl\":\"https:\/\/www.suviseurat.fi/2024\/wp-content\/uploads\/2023\/10\/pj2024-merkki-e1698044587903.jpg\",\"datePublished\":\"2022-10-17T17:31:28+00:00\",\"dateModified\":\"2024-06-17T10:06:29+00:00\",\"description\":\"\u041b\u044e\u0431\u0438\u0448\u044c \u043b\u0438 \u0442\u044b \u041c\u0435\u043d\u044f? (\u0418\u043e\u0430\u043d\u043d\u0430 21:17) \u0414\u0435\u0432\u0438\u0437 \u0411\u043e\u043b\u044c\u0448\u043e\u0433\u043e \u043b\u0435\u0442\u043d\u0435\u0433\u043e \u0441\u043e\u0431\u0440\u0430\u043d\u0438\u044f \u0432\u0437\u044f\u0442 \u0438\u0437 \u0415\u0432\u0430\u043d\u0433\u0435\u043b\u0438\u044f \u043e\u0442 \u0418\u043e\u0430\u043d\u043d\u0430: \\\"\u041b\u044e\u0431\u0438\u0448\u044c \u043b\u0438 \u0442\u044b \u041c\u0435\u043d\u044f?\\\" (\u0418\u043e\u0430\u043d\u043d\u0430 21:17.) \u042d\u0442\u043e\u0442 \u0432\u043e\u043f\u0440\u043e\u0441 \u0432\u043e\u0441\u043a\u0440\u0435\u0441\u0448\u0438\u0439\",\"breadcrumb\":{\"@id\":\"https:\/\/www.suviseurat.fi/2024\/ru\/bolshoe-letnee-sobranie\/deviz\/#breadcrumb\"},\"inLanguage\":\"ru-RU\",\"potentialAction\":[{\"@type\":\"ReadAction\",\"target\":[\"https:\/\/www.suviseurat.fi/2024\/ru\/bolshoe-letnee-sobranie\/deviz\/\"]}]},{\"@type\":\"ImageObject\",\"inLanguage\":\"ru-RU\",\"@id\":\"https:\/\/www.suviseurat.fi/2024\/ru\/bolshoe-letnee-sobranie\/deviz\/#primaryimage\",\"url\":\"https:\/\/www.suviseurat.fi/2024\/wp-content\/uploads\/2023\/10\/pj2024-merkki-e1698044587903.jpg\",\"contentUrl\":\"https:\/\/www.suviseurat.fi/2024\/wp-content\/uploads\/2023\/10\/pj2024-merkki-e1698044587903.jpg\"},{\"@type\":\"BreadcrumbList\",\"@id\":\"https:\/\/www.suviseurat.fi/2024\/ru\/bolshoe-letnee-sobranie\/deviz\/#breadcrumb\",\"itemListElement\":[{\"@type\":\"ListItem\",\"position\":1,\"name\":\"Etusivu\",\"item\":\"https:\/\/www.suviseurat.fi/2024\/ru\/\"},{\"@type\":\"ListItem\",\"position\":2,\"name\":\"\u0411\u043e\u043b\u044c\u0448\u043e\u0435 \u041b\u0435\u0442\u043d\u0435\u0435 \u0421\u043e\u0431\u0440\u0430\u043d\u0438\u0435\",\"item\":\"https:\/\/www.suviseurat.fi/2024\/ru\/bolshoe-letnee-sobranie\/\"},{\"@type\":\"ListItem\",\"position\":3,\"name\":\"\u0414\u0435\u0432\u0438\u0437\"}]},{\"@type\":\"WebSite\",\"@id\":\"https:\/\/www.suviseurat.fi/2024\/#website\",\"url\":\"https:\/\/www.suviseurat.fi/2024\/\",\"name\":\"SRK:n Suviseurat Pudasj\u00e4rvell\u00e4 2024\",\"description\":\"Olenko min\u00e4 sinulle rakas?\",\"publisher\":{\"@id\":\"https:\/\/www.suviseurat.fi/2024\/#organization\"},\"potentialAction\":[{\"@type\":\"SearchAction\",\"target\":{\"@type\":\"EntryPoint\",\"urlTemplate\":\"https:\/\/www.suviseurat.fi/2024\/?s={search_term_string}\"},\"query-input\":\"required name=search_term_string\"}],\"inLanguage\":\"ru-RU\"},{\"@type\":\"Organization\",\"@id\":\"https:\/\/www.suviseurat.fi/2024\/#organization\",\"name\":\"Suviseurat\",\"url\":\"https:\/\/www.suviseurat.fi/2024\/\",\"logo\":{\"@type\":\"ImageObject\",\"inLanguage\":\"ru-RU\",\"@id\":\"https:\/\/www.suviseurat.fi/2024\/#\/schema\/logo\/image\/\",\"url\":\"https:\/\/www.suviseurat.fi/2024\/wp-content\/uploads\/2023\/10\/tunnus-nelio.jpg\",\"contentUrl\":\"https:\/\/www.suviseurat.fi/2024\/wp-content\/uploads\/2023\/10\/tunnus-nelio.jpg\",\"width\":1000,\"height\":1000,\"caption\":\"Suviseurat\"},\"image\":{\"@id\":\"https:\/\/www.suviseurat.fi/2024\/#\/schema\/logo\/image\/\"},\"sameAs\":[\"https:\/\/www.facebook.com\/SRKryNyt\/\",\"https:\/\/x.com\/Suviseurat\",\"https:\/\/www.facebook.com\/srksuviseurat\/\",\"https:\/\/www.youtube.com\/@SRKnyt\",\"https:\/\/www.instagram.com\/srk_nyt\/\",\"https:\/\/www.flickr.com\/photos\/suviseurat\"]}]}<\/script>\n<!-- \/ Yoast SEO plugin. -->","yoast_head_json":{"title":"\u0414\u0435\u0432\u0438\u0437 - SRK:n Suviseurat Pudasj\u00e4rvell\u00e4 2024","description":"\u041b\u044e\u0431\u0438\u0448\u044c \u043b\u0438 \u0442\u044b \u041c\u0435\u043d\u044f? (\u0418\u043e\u0430\u043d\u043d\u0430 21:17) \u0414\u0435\u0432\u0438\u0437 \u0411\u043e\u043b\u044c\u0448\u043e\u0433\u043e \u043b\u0435\u0442\u043d\u0435\u0433\u043e \u0441\u043e\u0431\u0440\u0430\u043d\u0438\u044f \u0432\u0437\u044f\u0442 \u0438\u0437 \u0415\u0432\u0430\u043d\u0433\u0435\u043b\u0438\u044f \u043e\u0442 \u0418\u043e\u0430\u043d\u043d\u0430: \"\u041b\u044e\u0431\u0438\u0448\u044c \u043b\u0438 \u0442\u044b \u041c\u0435\u043d\u044f?\" (\u0418\u043e\u0430\u043d\u043d\u0430 21:17.) \u042d\u0442\u043e\u0442 \u0432\u043e\u043f\u0440\u043e\u0441 \u0432\u043e\u0441\u043a\u0440\u0435\u0441\u0448\u0438\u0439","robots":{"index":"index","follow":"follow","max-snippet":"max-snippet:-1","max-image-preview":"max-image-preview:large","max-video-preview":"max-video-preview:-1"},"canonical":"https:\/\/www.suviseurat.fi/2024\/ru\/bolshoe-letnee-sobranie\/deviz\/","og_locale":"ru_RU","og_type":"article","og_title":"\u0414\u0435\u0432\u0438\u0437 - SRK:n Suviseurat Pudasj\u00e4rvell\u00e4 2024","og_description":"\u041b\u044e\u0431\u0438\u0448\u044c \u043b\u0438 \u0442\u044b \u041c\u0435\u043d\u044f? (\u0418\u043e\u0430\u043d\u043d\u0430 21:17) \u0414\u0435\u0432\u0438\u0437 \u0411\u043e\u043b\u044c\u0448\u043e\u0433\u043e \u043b\u0435\u0442\u043d\u0435\u0433\u043e \u0441\u043e\u0431\u0440\u0430\u043d\u0438\u044f \u0432\u0437\u044f\u0442 \u0438\u0437 \u0415\u0432\u0430\u043d\u0433\u0435\u043b\u0438\u044f \u043e\u0442 \u0418\u043e\u0430\u043d\u043d\u0430: \"\u041b\u044e\u0431\u0438\u0448\u044c \u043b\u0438 \u0442\u044b \u041c\u0435\u043d\u044f?\" (\u0418\u043e\u0430\u043d\u043d\u0430 21:17.) \u042d\u0442\u043e\u0442 \u0432\u043e\u043f\u0440\u043e\u0441 \u0432\u043e\u0441\u043a\u0440\u0435\u0441\u0448\u0438\u0439","og_url":"https:\/\/www.suviseurat.fi/2024\/ru\/bolshoe-letnee-sobranie\/deviz\/","og_site_name":"SRK:n Suviseurat Pudasj\u00e4rvell\u00e4 2024","article_publisher":"https:\/\/www.facebook.com\/SRKryNyt\/","article_modified_time":"2024-06-17T10:06:29+00:00","og_image":[{"url":"https:\/\/www.suviseurat.fi/2024\/wp-content\/uploads\/2023\/10\/pj2024-merkki-e1698044587903.jpg"}],"twitter_card":"summary_large_image","twitter_site":"@Suviseurat","schema":{"@context":"https:\/\/schema.org","@graph":[{"@type":"WebPage","@id":"https:\/\/www.suviseurat.fi/2024\/ru\/bolshoe-letnee-sobranie\/deviz\/","url":"https:\/\/www.suviseurat.fi/2024\/ru\/bolshoe-letnee-sobranie\/deviz\/","name":"\u0414\u0435\u0432\u0438\u0437 - SRK:n Suviseurat Pudasj\u00e4rvell\u00e4 2024","isPartOf":{"@id":"https:\/\/www.suviseurat.fi/2024\/#website"},"primaryImageOfPage":{"@id":"https:\/\/www.suviseurat.fi/2024\/ru\/bolshoe-letnee-sobranie\/deviz\/#primaryimage"},"image":{"@id":"https:\/\/www.suviseurat.fi/2024\/ru\/bolshoe-letnee-sobranie\/deviz\/#primaryimage"},"thumbnailUrl":"https:\/\/www.suviseurat.fi/2024\/wp-content\/uploads\/2023\/10\/pj2024-merkki-e1698044587903.jpg","datePublished":"2022-10-17T17:31:28+00:00","dateModified":"2024-06-17T10:06:29+00:00","description":"\u041b\u044e\u0431\u0438\u0448\u044c \u043b\u0438 \u0442\u044b \u041c\u0435\u043d\u044f? (\u0418\u043e\u0430\u043d\u043d\u0430 21:17) \u0414\u0435\u0432\u0438\u0437 \u0411\u043e\u043b\u044c\u0448\u043e\u0433\u043e \u043b\u0435\u0442\u043d\u0435\u0433\u043e \u0441\u043e\u0431\u0440\u0430\u043d\u0438\u044f \u0432\u0437\u044f\u0442 \u0438\u0437 \u0415\u0432\u0430\u043d\u0433\u0435\u043b\u0438\u044f \u043e\u0442 \u0418\u043e\u0430\u043d\u043d\u0430: \"\u041b\u044e\u0431\u0438\u0448\u044c \u043b\u0438 \u0442\u044b \u041c\u0435\u043d\u044f?\" (\u0418\u043e\u0430\u043d\u043d\u0430 21:17.) \u042d\u0442\u043e\u0442 \u0432\u043e\u043f\u0440\u043e\u0441 \u0432\u043e\u0441\u043a\u0440\u0435\u0441\u0448\u0438\u0439","breadcrumb":{"@id":"https:\/\/www.suviseurat.fi/2024\/ru\/bolshoe-letnee-sobranie\/deviz\/#breadcrumb"},"inLanguage":"ru-RU","potentialAction":[{"@type":"ReadAction","target":["https:\/\/www.suviseurat.fi/2024\/ru\/bolshoe-letnee-sobranie\/deviz\/"]}]},{"@type":"ImageObject","inLanguage":"ru-RU","@id":"https:\/\/www.suviseurat.fi/2024\/ru\/bolshoe-letnee-sobranie\/deviz\/#primaryimage","url":"https:\/\/www.suviseurat.fi/2024\/wp-content\/uploads\/2023\/10\/pj2024-merkki-e1698044587903.jpg","contentUrl":"https:\/\/www.suviseurat.fi/2024\/wp-content\/uploads\/2023\/10\/pj2024-merkki-e1698044587903.jpg"},{"@type":"BreadcrumbList","@id":"https:\/\/www.suviseurat.fi/2024\/ru\/bolshoe-letnee-sobranie\/deviz\/#breadcrumb","itemListElement":[{"@type":"ListItem","position":1,"name":"Etusivu","item":"https:\/\/www.suviseurat.fi/2024\/ru\/"},{"@type":"ListItem","position":2,"name":"\u0411\u043e\u043b\u044c\u0448\u043e\u0435 \u041b\u0435\u0442\u043d\u0435\u0435 \u0421\u043e\u0431\u0440\u0430\u043d\u0438\u0435","item":"https:\/\/www.suviseurat.fi/2024\/ru\/bolshoe-letnee-sobranie\/"},{"@type":"ListItem","position":3,"name":"\u0414\u0435\u0432\u0438\u0437"}]},{"@type":"WebSite","@id":"https:\/\/www.suviseurat.fi/2024\/#website","url":"https:\/\/www.suviseurat.fi/2024\/","name":"SRK:n Suviseurat Pudasj\u00e4rvell\u00e4 2024","description":"Olenko min\u00e4 sinulle rakas?","publisher":{"@id":"https:\/\/www.suviseurat.fi/2024\/#organization"},"potentialAction":[{"@type":"SearchAction","target":{"@type":"EntryPoint","urlTemplate":"https:\/\/www.suviseurat.fi/2024\/?s={search_term_string}"},"query-input":"required name=search_term_string"}],"inLanguage":"ru-RU"},{"@type":"Organization","@id":"https:\/\/www.suviseurat.fi/2024\/#organization","name":"Suviseurat","url":"https:\/\/www.suviseurat.fi/2024\/","logo":{"@type":"ImageObject","inLanguage":"ru-RU","@id":"https:\/\/www.suviseurat.fi/2024\/#\/schema\/logo\/image\/","url":"https:\/\/www.suviseurat.fi/2024\/wp-content\/uploads\/2023\/10\/tunnus-nelio.jpg","contentUrl":"https:\/\/www.suviseurat.fi/2024\/wp-content\/uploads\/2023\/10\/tunnus-nelio.jpg","width":1000,"height":1000,"caption":"Suviseurat"},"image":{"@id":"https:\/\/www.suviseurat.fi/2024\/#\/schema\/logo\/image\/"},"sameAs":["https:\/\/www.facebook.com\/SRKryNyt\/","https:\/\/x.com\/Suviseurat","https:\/\/www.facebook.com\/srksuviseurat\/","https:\/\/www.youtube.com\/@SRKnyt","https:\/\/www.instagram.com\/srk_nyt\/","https:\/\/www.flickr.com\/photos\/suviseurat"]}]}},"_links":{"self":[{"href":"https:\/\/www.suviseurat.fi/2024\/ru\/wp-json\/wp\/v2\/pages\/19656"}],"collection":[{"href":"https:\/\/www.suviseurat.fi/2024\/ru\/wp-json\/wp\/v2\/pages"}],"about":[{"href":"https:\/\/www.suviseurat.fi/2024\/ru\/wp-json\/wp\/v2\/types\/page"}],"author":[{"embeddable":true,"href":"https:\/\/www.suviseurat.fi/2024\/ru\/wp-json\/wp\/v2\/users\/33"}],"replies":[{"embeddable":true,"href":"https:\/\/www.suviseurat.fi/2024\/ru\/wp-json\/wp\/v2\/comments?post=19656"}],"version-history":[{"count":8,"href":"https:\/\/www.suviseurat.fi/2024\/ru\/wp-json\/wp\/v2\/pages\/19656\/revisions"}],"predecessor-version":[{"id":20511,"href":"https:\/\/www.suviseurat.fi/2024\/ru\/wp-json\/wp\/v2\/pages\/19656\/revisions\/20511"}],"up":[{"embeddable":true,"href":"https:\/\/www.suviseurat.fi/2024\/ru\/wp-json\/wp\/v2\/pages\/19635"}],"wp:attachment":[{"href":"https:\/\/www.suviseurat.fi/2024\/ru\/wp-json\/wp\/v2\/media?parent=19656"}],"curies":[{"name":"wp","href":"https:\/\/api.w.org\/{rel}","templated":true}]}}