{"id":20302,"date":"2022-06-24T12:00:00","date_gmt":"2022-06-24T09:00:00","guid":{"rendered":"https:\/\/www.suviseurat.fi/2024\/obsluzhivanie-inostrantsev-international-services\/"},"modified":"2024-06-17T13:57:09","modified_gmt":"2024-06-17T10:57:09","slug":"obsluzhivanie-inostrantsev-international-services","status":"publish","type":"page","link":"https:\/\/www.suviseurat.fi/2024\/ru\/obsluzhivanie-inostrantsev-international-services\/","title":{"rendered":"\u041e\u0431\u0441\u043b\u0443\u0436\u0438\u0432\u0430\u043d\u0438\u0435 \u0438\u043d\u043e\u0441\u0442\u0440\u0430\u043d\u0446\u0435\u0432 &#8211; International Services"},"content":{"rendered":"<table style=\"width: 68.241%\">\n<tbody>\n<tr>\n<td style=\"background-color: #f0f0f0;text-align: left;width: 89.0385%\" colspan=\"2\"><strong>\u041e\u0431\u0441\u043b\u0443\u0436\u0438\u0432\u0430\u043d\u0438\u0435 \u0438\u043d\u043e\u0441\u0442\u0440\u0430\u043d\u0446\u0435\u0432<\/strong><\/td>\n<\/tr>\n<tr>\n<td style=\"width: 61.8738%\">\u0447\u0435\u0442\u0432\u0435\u0440\u0433-\u0432\u043e\u0441\u043a\u0440\u0435\u0441\u0435\u043d\u044c\u0435<\/td>\n<td style=\"width: 27.1647%\">\u0441 9:00 \u0434\u043e 21:00<\/td>\n<\/tr>\n<tr>\n<td style=\"width: 61.8738%\">\u043f\u043e\u043d\u0435\u0434\u0435\u043b\u044c\u043d\u0438\u043a<\/td>\n<td style=\"width: 27.1647%\">\u0441 9:00 \u0434\u043e 15:00<\/td>\n<\/tr>\n<\/tbody>\n<\/table>\n<p><span style=\"font-weight: 400\">\u0411\u043e\u043b\u044c\u0448\u043e\u0435 \u041b\u0435\u0442\u043d\u0435\u0435 \u0421\u043e\u0431\u0440\u0430\u043d\u0438\u0435 \u044f\u0432\u043b\u044f\u0435\u0442\u0441\u044f \u043c\u0435\u0436\u0434\u0443\u043d\u0430\u0440\u043e\u0434\u043d\u044b\u043c \u043c\u0435\u0440\u043e\u043f\u0440\u0438\u044f\u0442\u0438\u0435\u043c. <\/span>\u041e\u0431\u0441\u043b\u0443\u0436\u0438\u0432\u0430\u043d\u0438\u0435 \u0438\u043d\u043e\u0441\u0442\u0440\u0430\u043d\u0446\u0435\u0432 \u2013 \u044d\u0442\u043e \u043c\u0435\u0441\u0442\u043e \u0432\u0441\u0442\u0440\u0435\u0447\u0438 \u0438 \u0438\u043d\u0444\u043e\u0440\u043c\u0430\u0446\u0438\u043e\u043d\u043d\u044b\u0439 \u0446\u0435\u043d\u0442\u0440 \u0434\u043b\u044f \u0433\u043e\u0441\u0442\u0435\u0439, \u0433\u043e\u0432\u043e\u0440\u044f\u0449\u0438\u0445 \u043d\u0430 \u043d\u0435\u0437\u043d\u0430\u043a\u043e\u043c\u044b\u0445 \u044f\u0437\u044b\u043a\u0430\u0445.<\/p>\n<p><span style=\"font-weight: 400\">\u041f\u0435\u0440\u0435\u0432\u0435\u0434\u0435\u043d\u043d\u044b\u0435 \u043f\u0440\u043e\u043f\u043e\u0432\u0435\u0434\u0438 \u043c\u043e\u0436\u043d\u043e \u0441\u043b\u0443\u0448\u0430\u0442\u044c \u0442\u0430\u043a\u0436\u0435<\/span> <a href=\"https:\/\/www.suviseurat.fi/2024\/ohjelma\/\"><span style=\"font-weight: 400\">\u043d\u0430 \u0432\u0435\u0431-\u0441\u0442\u0440\u0430\u043d\u0438\u0446\u0435 \u041b\u0435\u0442\u043d\u0435\u0433\u043e \u0421\u043e\u0431\u0440\u0430\u043d\u0438\u044f.<\/span><\/a><span style=\"font-weight: 400\"> \u0442\u0430\u043a \u0432 \u0430\u043a\u0442\u0443\u0430\u043b\u044c\u043d\u043e\u043c \u0432\u0440\u0435\u043c\u044f \u0438 \u043f\u043e \u0430\u0443\u0434\u0438\u043e-\u0444\u0430\u0439\u043b\u0430\u043c\u0438. \u041d\u0430\u0447\u043d\u0438\u0442\u0435 \u0441\u043b\u0443\u0448\u0430\u0442\u044c \u0441 \u0441\u0438\u043c\u0432\u043e\u043b\u0430 \u0444\u043b\u0430\u0433\u0430. \u0412\u0441\u0435 \u043f\u0440\u043e\u043f\u043e\u0432\u0435\u0434\u0438 \u043f\u0435\u0440\u0435\u0432\u043e\u0434\u044f\u0442 \u0441 \u0447\u0435\u0442\u0432\u0435\u0440\u0433\u0430 \u0434\u043e \u043f\u043e\u043d\u0435\u0434\u0435\u043b\u044c\u043d\u0438\u043a <a href=\"https:\/\/www.suviseurat.fi/2024\/en\/program\/\">\u043f\u043e-\u0430\u043d\u0433\u043b\u0438\u0441\u043a\u043e\u043c\u0443<\/a> \u0438 <a href=\"https:\/\/www.suviseurat.fi/2024\/sv\/program\/\">\u043f\u043e-\u0448\u0432\u0435\u0434\u0441\u043a\u043e\u043c\u0443.<\/a> \u041a\u0440\u043e\u043c\u0435 \u0442\u043e\u0433\u043e, \u043d\u0435\u0441\u043a\u043e\u043b\u044c\u043a\u043e \u043f\u0440\u043e\u043f\u043e\u0432\u0435\u0434\u0435\u0439 \u043f\u0435\u0440\u0435\u0432\u043e\u0434\u044f\u0442\u0441\u044f \u043d\u0430 <a href=\"https:\/\/www.suviseurat.fi/2024\/et\/kava\/\">\u044d\u0441\u0442\u043e\u043d\u0441\u043a\u0438\u0439<\/a>, <a href=\"https:\/\/www.suviseurat.fi/2024\/ru\/programma\/\">\u0440\u0443\u0441\u0441\u043a\u0438\u0439<\/a>, <a href=\"https:\/\/www.suviseurat.fi/2024\/fr\/programme\/\">\u0444\u0440\u0430\u043d\u0446\u0443\u0437\u0441\u043a\u0438\u0439<\/a>, <a href=\"https:\/\/www.suviseurat.fi/2024\/es\/el-programa\/\">\u0438\u0441\u043f\u0430\u043d\u0441\u043a\u0438\u0439<\/a>, <a href=\"https:\/\/www.suviseurat.fi/2024\/hu\/program\/\">\u0432\u0435\u043d\u0433\u0435\u0440\u0441\u043a\u0438\u0439<\/a> \u0438 <a href=\"https:\/\/www.suviseurat.fi/2024\/de\/programm\/\">\u043d\u0435\u043c\u0435\u0446\u043a\u0438\u0439<\/a> \u044f\u0437\u044b\u043a\u0438. \u041d\u0430 \u0442\u0435\u0440\u0440\u0438\u0442\u043e\u0440\u0438\u0438 \u0421\u043e\u0431\u0440\u0430\u043d\u0438\u044f \u043f\u0435\u0440\u0435\u0432\u0435\u0434\u0435\u043d\u043d\u044b\u0435 \u043f\u0440\u043e\u043f\u043e\u0432\u0435\u0434\u0438 \u043c\u043e\u0436\u043d\u043e \u0441\u043b\u0443\u0448\u0430\u0442\u044c \u0441 \u0440\u0430\u0434\u0438\u043e\u0430\u043f\u043f\u0430\u0440\u0430\u0442\u0430\u043c\u0438 \u043d\u0430\u0445\u043e\u0434\u044f\u0449\u0438\u0435\u0441\u044f \u0432 \u043e\u0431\u0441\u043b\u0443\u0436\u0438\u0432\u0430\u043d\u0438\u0438 \u0438\u043d\u043e\u0441\u0442\u0440\u0430\u043d\u0446\u0435\u0432. \u0420\u0430\u0437\u043b\u0438\u0447\u043d\u044b\u0435 \u044f\u0437\u044b\u043a\u0438, \u0434\u043b\u044f \u043a\u043e\u0442\u043e\u0440\u044b\u0445 \u0435\u0441\u0442\u044c \u0443\u0441\u0442\u043d\u044b\u0439 \u043f\u0435\u0440\u0435\u0432\u043e\u0434, \u043e\u0442\u043c\u0435\u0447\u0435\u043d\u044b \u0432 \u043f\u0440\u043e\u0433\u0440\u0430\u043c\u043c\u0435. \u0412\u044b \u043c\u043e\u0436\u0435\u0442\u0435 \u0441\u043a\u0430\u0447\u0430\u0442\u044c \u043c\u0435\u0436\u0434\u0443\u043d\u0430\u0440\u043e\u0434\u043d\u0443\u044e \u043f\u0440\u043e\u0433\u0440\u0430\u043c\u043c\u0443 \u041b\u0435\u0442\u043d\u0435\u0433\u043e \u0421\u043e\u0431\u0440\u0430\u043d\u0438\u044f <a href=\"https:\/\/www.suviseurat.fi/2024\/wp-content\/uploads\/2024\/06\/KV-seuraohjelma.pdf\" target=\"_blank\" rel=\"noopener\">\u043f\u043e \u044d\u0442\u043e\u0439 \u0441\u0441\u044b\u043b\u043a\u0435.<\/a><\/span><\/p>\n<table style=\"width: 68.241%\">\n<tbody>\n<tr>\n<td style=\"background-color: #f0f0f0;text-align: left;width: 89.0385%\" colspan=\"2\"><strong>\u041e\u0431\u0441\u043b\u0443\u0436\u0438\u0432\u0430\u043d\u0438\u0435 \u0438\u043d\u043e\u0441\u0442\u0440\u0430\u043d\u0446\u0435\u0432<\/strong><\/td>\n<\/tr>\n<tr>\n<td style=\"width: 61.8738%\">\u0447\u0435\u0442\u0432\u0435\u0440\u0433-\u0432\u043e\u0441\u043a\u0440\u0435\u0441\u0435\u043d\u044c\u0435<\/td>\n<td style=\"width: 27.1647%\">\u0441 9:00 \u0434\u043e 21:00<\/td>\n<\/tr>\n<tr>\n<td style=\"width: 61.8738%\">\u041f\u043e\u043d\u0435\u0434\u0435\u043b\u044c\u043d\u0438\u043a<\/td>\n<td style=\"width: 27.1647%\">\u0441 9:00 \u0434\u043e 15:00<\/td>\n<\/tr>\n<\/tbody>\n<\/table>\n<p><span style=\"font-weight: 400\">\u041b\u0435\u0442\u043d\u0435\u0435 \u0421\u043e\u0431\u0440\u0430\u043d\u0438\u0435 &#8211; \u044d\u0442\u043e \u043c\u0435\u0436\u0434\u0443\u043d\u0430\u0440\u043e\u0434\u043d\u043e\u0435 \u0441\u043e\u0431\u044b\u0442\u0438\u0435. <\/span>\u041e\u0431\u0441\u043b\u0443\u0436\u0438\u0432\u0430\u043d\u0438\u0435 \u0438\u043d\u043e\u0441\u0442\u0440\u0430\u043d\u0446\u0435\u0432 &#8211; \u044d\u0442\u043e \u043c\u0435\u0441\u0442\u043e \u0432\u0441\u0442\u0440\u0435\u0447\u0438 \u0438 \u0438\u043d\u0444\u043e\u0440\u043c\u0430\u0446\u0438\u043e\u043d\u043d\u044b\u0439 \u0446\u0435\u043d\u0442\u0440 \u0434\u043b\u044f \u0438\u043d\u043e\u0441\u0442\u0440\u0430\u043d\u043d\u044b\u0445 \u0433\u043e\u0441\u0442\u0435\u0439<\/p>\n<p><span style=\"font-weight: 400\">\u041f\u0435\u0440\u0435\u0432\u0435\u0434\u0435\u043d\u043d\u044b\u0435 \u043f\u0440\u043e\u043f\u043e\u0432\u0435\u0434\u0438 \u0442\u0430\u043a\u0436\u0435 \u043c\u043e\u0436\u043d\u043e \u043f\u043e\u0441\u043b\u0443\u0448\u0430\u0442\u044c<\/span> <a href=\"https:\/\/www.suviseurat.fi\/ohjelma\/\"><span style=\"font-weight: 400\">\u043d\u0430 \u0441\u0430\u0439\u0442\u0435 \u041b\u0435\u0442\u043d\u0435\u0433\u043e \u0441\u043e\u0431\u0440\u0430\u043d\u0438\u044f<\/span><\/a><span style=\"font-weight: 400\"> \u0432 \u043f\u0440\u044f\u043c\u043e\u043c \u044d\u0444\u0438\u0440\u0435, \u0430 \u0437\u0430\u0442\u0435\u043c \u0432 \u0432\u0438\u0434\u0435 \u0430\u0440\u0445\u0438\u0432\u043d\u044b\u0445 \u043f\u0440\u043e\u043f\u043e\u0432\u0435\u0434\u0435\u0439. \u0421\u0438\u043c\u0432\u043e\u043b \u0444\u043b\u0430\u0433\u0430 \u0441\u043b\u0443\u0436\u0438\u0442 \u0441\u0441\u044b\u043b\u043a\u043e\u0439 \u043d\u0430 \u043f\u0435\u0440\u0435\u0432\u0435\u0434\u0435\u043d\u043d\u0443\u044e \u043f\u0440\u043e\u043f\u043e\u0432\u0435\u0434\u044c. \u0412\u0441\u0435 \u043f\u0440\u043e\u043f\u043e\u0432\u0435\u0434\u0438 \u0441 \u0447\u0435\u0442\u0432\u0435\u0440\u0433\u0430 \u043f\u043e \u043f\u043e\u043d\u0435\u0434\u0435\u043b\u044c\u043d\u0438\u043a \u0431\u0443\u0434\u0443\u0442 \u043f\u0435\u0440\u0435\u0432\u0435\u0434\u0435\u043d\u044b \u043d\u0430 <a href=\"https:\/\/www.suviseurat.fi\/en\/program\/\">\u0430\u043d\u0433\u043b\u0438\u0439\u0441\u043a\u0438\u0439<\/a> \u0438 <a href=\"https:\/\/www.suviseurat.fi\/sv\/program\/\">\u0448\u0432\u0435\u0434\u0441\u043a\u0438\u0439<\/a> \u044f\u0437\u044b\u043a\u0438. \u041a\u0440\u043e\u043c\u0435 \u0442\u043e\u0433\u043e, \u043d\u0435\u043a\u043e\u0442\u043e\u0440\u044b\u0435 \u0438\u0437 \u043f\u0440\u043e\u043f\u043e\u0432\u0435\u0434\u0435\u0439 \u043f\u0435\u0440\u0435\u0432\u0435\u0434\u0435\u043d\u044b \u043d\u0430 <a href=\"https:\/\/www.suviseurat.fi/2024\/et\/kava\/\">\u044d\u0441\u0442\u043e\u043d\u0441\u043a\u0438\u0439<\/a>, <a href=\"https:\/\/www.suviseurat.fi/2024\/ru\/programma\/\">\u0440\u0443\u0441\u0441\u043a\u0438\u0439<\/a>, <a href=\"https:\/\/www.suviseurat.fi\/fr\/programme\/\">\u0444\u0440\u0430\u043d\u0446\u0443\u0437\u0441\u043a\u0438\u0439<\/a>, <a href=\"https:\/\/www.suviseurat.fi\/es\/el-programa\/\">\u0438\u0441\u043f\u0430\u043d\u0441\u043a\u0438\u0439<\/a>, <a href=\"https:\/\/www.suviseurat.fi/2024\/hu\/program\/\">\u0432\u0435\u043d\u0433\u0435\u0440\u0441\u043a\u0438\u0439<\/a> \u0438 <a href=\"https:\/\/www.suviseurat.fi\/de\/programm\/\">\u043d\u0435\u043c\u0435\u0446\u043a\u0438\u0439<\/a> \u044f\u0437\u044b\u043a\u0438. \u041d\u0430 \u0441\u043b\u0443\u0436\u0431\u0430\u0445 \u043f\u0435\u0440\u0435\u0432\u0435\u0434\u0435\u043d\u043d\u044b\u0435 \u043f\u0440\u043e\u043f\u043e\u0432\u0435\u0434\u0438 \u043c\u043e\u0436\u043d\u043e \u0441\u043b\u0443\u0448\u0430\u0442\u044c \u0441 \u043f\u043e\u043c\u043e\u0449\u044c\u044e \u0440\u0430\u0434\u0438\u043e\u043f\u0440\u0438\u0435\u043c\u043d\u0438\u043a\u0430, \u043a\u043e\u0442\u043e\u0440\u044b\u0439 \u043f\u0440\u0435\u0434\u043e\u0441\u0442\u0430\u0432\u043b\u044f\u0435\u0442\u0441\u044f \u0432 \u041e\u0431\u0441\u043b\u0443\u0436\u0438\u0432\u0430\u043d\u0438\u0438 \u0438\u043d\u043e\u0441\u0442\u0440\u0430\u043d\u0446\u0435\u0432. \u042f\u0437\u044b\u043a\u0438 \u043f\u0435\u0440\u0435\u0432\u043e\u0434\u0430 \u0443\u043a\u0430\u0437\u0430\u043d\u044b \u0432 \u0440\u0430\u0441\u043f\u0438\u0441\u0430\u043d\u0438\u0438 \u043e\u0431\u0441\u043b\u0443\u0436\u0438\u0432\u0430\u043d\u0438\u044f. \u0412\u044b \u043c\u043e\u0436\u0435\u0442\u0435 \u0441\u043a\u0430\u0447\u0430\u0442\u044c \u0440\u0430\u0441\u043f\u0438\u0441\u0430\u043d\u0438\u0435 \u041e\u0431\u0441\u043b\u0443\u0436\u0438\u0432\u0430\u043d\u0438\u044f \u0438\u043d\u043e\u0441\u0442\u0440\u0430\u043d\u0446\u0435\u0432 <a href=\"https:\/\/www.suviseurat.fi/2024\/wp-content\/uploads\/2024\/06\/KV-seuraohjelma.pdf\" target=\"_blank\" rel=\"noopener\">\u0437\u0434\u0435\u0441\u044c<\/a>.<\/span><\/p>\n","protected":false},"excerpt":{"rendered":"<p>\u041e\u0431\u0441\u043b\u0443\u0436\u0438\u0432\u0430\u043d\u0438\u0435 \u0438\u043d\u043e\u0441\u0442\u0440\u0430\u043d\u0446\u0435\u0432 \u0447\u0435\u0442\u0432\u0435\u0440\u0433-\u0432\u043e\u0441\u043a\u0440\u0435\u0441\u0435\u043d\u044c\u0435 \u0441 9:00 \u0434\u043e 21:00 \u043f\u043e\u043d\u0435\u0434\u0435\u043b\u044c\u043d\u0438\u043a \u0441 9:00 \u0434\u043e 15:00 \u0411\u043e\u043b\u044c\u0448\u043e\u0435 \u041b\u0435\u0442\u043d\u0435\u0435 \u0421\u043e\u0431\u0440\u0430\u043d\u0438\u0435<a class=\"moretag\" href=\"https:\/\/www.suviseurat.fi/2024\/ru\/obsluzhivanie-inostrantsev-international-services\/\">Jatka lukemista ><\/a><\/p>\n","protected":false},"author":19,"featured_media":0,"parent":0,"menu_order":13,"comment_status":"closed","ping_status":"closed","template":"","meta":{"_acf_changed":false,"footnotes":""},"class_list":["post-20302","page","type-page","status-publish","hentry"],"acf":[],"yoast_head":"<!-- This site is optimized with the Yoast SEO plugin v23.3 - https:\/\/yoast.com\/wordpress\/plugins\/seo\/ -->\n<title>\u041e\u0431\u0441\u043b\u0443\u0436\u0438\u0432\u0430\u043d\u0438\u0435 \u0438\u043d\u043e\u0441\u0442\u0440\u0430\u043d\u0446\u0435\u0432 - International Services - SRK:n Suviseurat Pudasj\u00e4rvell\u00e4 2024<\/title>\n<meta name=\"description\" content=\"\u041e\u0431\u0441\u043b\u0443\u0436\u0438\u0432\u0430\u043d\u0438\u0435 \u0438\u043d\u043e\u0441\u0442\u0440\u0430\u043d\u0446\u0435\u0432 \u0447\u0435\u0442\u0432\u0435\u0440\u0433-\u0432\u043e\u0441\u043a\u0440\u0435\u0441\u0435\u043d\u044c\u0435 \u0441 9:00 \u0434\u043e 21:00 \u043f\u043e\u043d\u0435\u0434\u0435\u043b\u044c\u043d\u0438\u043a \u0441 9:00 \u0434\u043e 15:00 \u0411\u043e\u043b\u044c\u0448\u043e\u0435 \u041b\u0435\u0442\u043d\u0435\u0435 \u0421\u043e\u0431\u0440\u0430\u043d\u0438\u0435 \u044f\u0432\u043b\u044f\u0435\u0442\u0441\u044f \u043c\u0435\u0436\u0434\u0443\u043d\u0430\u0440\u043e\u0434\u043d\u044b\u043c \u043c\u0435\u0440\u043e\u043f\u0440\u0438\u044f\u0442\u0438\u0435\u043c.\" \/>\n<meta name=\"robots\" content=\"index, follow, max-snippet:-1, max-image-preview:large, max-video-preview:-1\" \/>\n<link rel=\"canonical\" href=\"https:\/\/www.suviseurat.fi/2024\/ru\/obsluzhivanie-inostrantsev-international-services\/\" \/>\n<meta property=\"og:locale\" content=\"ru_RU\" \/>\n<meta property=\"og:type\" content=\"article\" \/>\n<meta property=\"og:title\" content=\"\u041e\u0431\u0441\u043b\u0443\u0436\u0438\u0432\u0430\u043d\u0438\u0435 \u0438\u043d\u043e\u0441\u0442\u0440\u0430\u043d\u0446\u0435\u0432 - International Services - SRK:n Suviseurat Pudasj\u00e4rvell\u00e4 2024\" \/>\n<meta property=\"og:description\" content=\"\u041e\u0431\u0441\u043b\u0443\u0436\u0438\u0432\u0430\u043d\u0438\u0435 \u0438\u043d\u043e\u0441\u0442\u0440\u0430\u043d\u0446\u0435\u0432 \u0447\u0435\u0442\u0432\u0435\u0440\u0433-\u0432\u043e\u0441\u043a\u0440\u0435\u0441\u0435\u043d\u044c\u0435 \u0441 9:00 \u0434\u043e 21:00 \u043f\u043e\u043d\u0435\u0434\u0435\u043b\u044c\u043d\u0438\u043a \u0441 9:00 \u0434\u043e 15:00 \u0411\u043e\u043b\u044c\u0448\u043e\u0435 \u041b\u0435\u0442\u043d\u0435\u0435 \u0421\u043e\u0431\u0440\u0430\u043d\u0438\u0435 \u044f\u0432\u043b\u044f\u0435\u0442\u0441\u044f \u043c\u0435\u0436\u0434\u0443\u043d\u0430\u0440\u043e\u0434\u043d\u044b\u043c \u043c\u0435\u0440\u043e\u043f\u0440\u0438\u044f\u0442\u0438\u0435\u043c.\" \/>\n<meta property=\"og:url\" content=\"https:\/\/www.suviseurat.fi/2024\/ru\/obsluzhivanie-inostrantsev-international-services\/\" \/>\n<meta property=\"og:site_name\" content=\"SRK:n Suviseurat Pudasj\u00e4rvell\u00e4 2024\" \/>\n<meta property=\"article:publisher\" content=\"https:\/\/www.facebook.com\/SRKryNyt\/\" \/>\n<meta property=\"article:modified_time\" content=\"2024-06-17T10:57:09+00:00\" \/>\n<meta name=\"twitter:card\" content=\"summary_large_image\" \/>\n<meta name=\"twitter:site\" content=\"@Suviseurat\" \/>\n<script type=\"application\/ld+json\" class=\"yoast-schema-graph\">{\"@context\":\"https:\/\/schema.org\",\"@graph\":[{\"@type\":\"WebPage\",\"@id\":\"https:\/\/www.suviseurat.fi/2024\/ru\/obsluzhivanie-inostrantsev-international-services\/\",\"url\":\"https:\/\/www.suviseurat.fi/2024\/ru\/obsluzhivanie-inostrantsev-international-services\/\",\"name\":\"\u041e\u0431\u0441\u043b\u0443\u0436\u0438\u0432\u0430\u043d\u0438\u0435 \u0438\u043d\u043e\u0441\u0442\u0440\u0430\u043d\u0446\u0435\u0432 - International Services - SRK:n Suviseurat Pudasj\u00e4rvell\u00e4 2024\",\"isPartOf\":{\"@id\":\"https:\/\/www.suviseurat.fi/2024\/#website\"},\"datePublished\":\"2022-06-24T09:00:00+00:00\",\"dateModified\":\"2024-06-17T10:57:09+00:00\",\"description\":\"\u041e\u0431\u0441\u043b\u0443\u0436\u0438\u0432\u0430\u043d\u0438\u0435 \u0438\u043d\u043e\u0441\u0442\u0440\u0430\u043d\u0446\u0435\u0432 \u0447\u0435\u0442\u0432\u0435\u0440\u0433-\u0432\u043e\u0441\u043a\u0440\u0435\u0441\u0435\u043d\u044c\u0435 \u0441 9:00 \u0434\u043e 21:00 \u043f\u043e\u043d\u0435\u0434\u0435\u043b\u044c\u043d\u0438\u043a \u0441 9:00 \u0434\u043e 15:00 \u0411\u043e\u043b\u044c\u0448\u043e\u0435 \u041b\u0435\u0442\u043d\u0435\u0435 \u0421\u043e\u0431\u0440\u0430\u043d\u0438\u0435 \u044f\u0432\u043b\u044f\u0435\u0442\u0441\u044f \u043c\u0435\u0436\u0434\u0443\u043d\u0430\u0440\u043e\u0434\u043d\u044b\u043c \u043c\u0435\u0440\u043e\u043f\u0440\u0438\u044f\u0442\u0438\u0435\u043c.\",\"breadcrumb\":{\"@id\":\"https:\/\/www.suviseurat.fi/2024\/ru\/obsluzhivanie-inostrantsev-international-services\/#breadcrumb\"},\"inLanguage\":\"ru-RU\",\"potentialAction\":[{\"@type\":\"ReadAction\",\"target\":[\"https:\/\/www.suviseurat.fi/2024\/ru\/obsluzhivanie-inostrantsev-international-services\/\"]}]},{\"@type\":\"BreadcrumbList\",\"@id\":\"https:\/\/www.suviseurat.fi/2024\/ru\/obsluzhivanie-inostrantsev-international-services\/#breadcrumb\",\"itemListElement\":[{\"@type\":\"ListItem\",\"position\":1,\"name\":\"Etusivu\",\"item\":\"https:\/\/www.suviseurat.fi/2024\/ru\/\"},{\"@type\":\"ListItem\",\"position\":2,\"name\":\"\u041e\u0431\u0441\u043b\u0443\u0436\u0438\u0432\u0430\u043d\u0438\u0435 \u0438\u043d\u043e\u0441\u0442\u0440\u0430\u043d\u0446\u0435\u0432 &#8211; International Services\"}]},{\"@type\":\"WebSite\",\"@id\":\"https:\/\/www.suviseurat.fi/2024\/#website\",\"url\":\"https:\/\/www.suviseurat.fi/2024\/\",\"name\":\"SRK:n Suviseurat Pudasj\u00e4rvell\u00e4 2024\",\"description\":\"Olenko min\u00e4 sinulle rakas?\",\"publisher\":{\"@id\":\"https:\/\/www.suviseurat.fi/2024\/#organization\"},\"potentialAction\":[{\"@type\":\"SearchAction\",\"target\":{\"@type\":\"EntryPoint\",\"urlTemplate\":\"https:\/\/www.suviseurat.fi/2024\/?s={search_term_string}\"},\"query-input\":\"required name=search_term_string\"}],\"inLanguage\":\"ru-RU\"},{\"@type\":\"Organization\",\"@id\":\"https:\/\/www.suviseurat.fi/2024\/#organization\",\"name\":\"Suviseurat\",\"url\":\"https:\/\/www.suviseurat.fi/2024\/\",\"logo\":{\"@type\":\"ImageObject\",\"inLanguage\":\"ru-RU\",\"@id\":\"https:\/\/www.suviseurat.fi/2024\/#\/schema\/logo\/image\/\",\"url\":\"https:\/\/www.suviseurat.fi/2024\/wp-content\/uploads\/2023\/10\/tunnus-nelio.jpg\",\"contentUrl\":\"https:\/\/www.suviseurat.fi/2024\/wp-content\/uploads\/2023\/10\/tunnus-nelio.jpg\",\"width\":1000,\"height\":1000,\"caption\":\"Suviseurat\"},\"image\":{\"@id\":\"https:\/\/www.suviseurat.fi/2024\/#\/schema\/logo\/image\/\"},\"sameAs\":[\"https:\/\/www.facebook.com\/SRKryNyt\/\",\"https:\/\/x.com\/Suviseurat\",\"https:\/\/www.facebook.com\/srksuviseurat\/\",\"https:\/\/www.youtube.com\/@SRKnyt\",\"https:\/\/www.instagram.com\/srk_nyt\/\",\"https:\/\/www.flickr.com\/photos\/suviseurat\"]}]}<\/script>\n<!-- \/ Yoast SEO plugin. -->","yoast_head_json":{"title":"\u041e\u0431\u0441\u043b\u0443\u0436\u0438\u0432\u0430\u043d\u0438\u0435 \u0438\u043d\u043e\u0441\u0442\u0440\u0430\u043d\u0446\u0435\u0432 - International Services - SRK:n Suviseurat Pudasj\u00e4rvell\u00e4 2024","description":"\u041e\u0431\u0441\u043b\u0443\u0436\u0438\u0432\u0430\u043d\u0438\u0435 \u0438\u043d\u043e\u0441\u0442\u0440\u0430\u043d\u0446\u0435\u0432 \u0447\u0435\u0442\u0432\u0435\u0440\u0433-\u0432\u043e\u0441\u043a\u0440\u0435\u0441\u0435\u043d\u044c\u0435 \u0441 9:00 \u0434\u043e 21:00 \u043f\u043e\u043d\u0435\u0434\u0435\u043b\u044c\u043d\u0438\u043a \u0441 9:00 \u0434\u043e 15:00 \u0411\u043e\u043b\u044c\u0448\u043e\u0435 \u041b\u0435\u0442\u043d\u0435\u0435 \u0421\u043e\u0431\u0440\u0430\u043d\u0438\u0435 \u044f\u0432\u043b\u044f\u0435\u0442\u0441\u044f \u043c\u0435\u0436\u0434\u0443\u043d\u0430\u0440\u043e\u0434\u043d\u044b\u043c \u043c\u0435\u0440\u043e\u043f\u0440\u0438\u044f\u0442\u0438\u0435\u043c.","robots":{"index":"index","follow":"follow","max-snippet":"max-snippet:-1","max-image-preview":"max-image-preview:large","max-video-preview":"max-video-preview:-1"},"canonical":"https:\/\/www.suviseurat.fi/2024\/ru\/obsluzhivanie-inostrantsev-international-services\/","og_locale":"ru_RU","og_type":"article","og_title":"\u041e\u0431\u0441\u043b\u0443\u0436\u0438\u0432\u0430\u043d\u0438\u0435 \u0438\u043d\u043e\u0441\u0442\u0440\u0430\u043d\u0446\u0435\u0432 - International Services - SRK:n Suviseurat Pudasj\u00e4rvell\u00e4 2024","og_description":"\u041e\u0431\u0441\u043b\u0443\u0436\u0438\u0432\u0430\u043d\u0438\u0435 \u0438\u043d\u043e\u0441\u0442\u0440\u0430\u043d\u0446\u0435\u0432 \u0447\u0435\u0442\u0432\u0435\u0440\u0433-\u0432\u043e\u0441\u043a\u0440\u0435\u0441\u0435\u043d\u044c\u0435 \u0441 9:00 \u0434\u043e 21:00 \u043f\u043e\u043d\u0435\u0434\u0435\u043b\u044c\u043d\u0438\u043a \u0441 9:00 \u0434\u043e 15:00 \u0411\u043e\u043b\u044c\u0448\u043e\u0435 \u041b\u0435\u0442\u043d\u0435\u0435 \u0421\u043e\u0431\u0440\u0430\u043d\u0438\u0435 \u044f\u0432\u043b\u044f\u0435\u0442\u0441\u044f \u043c\u0435\u0436\u0434\u0443\u043d\u0430\u0440\u043e\u0434\u043d\u044b\u043c \u043c\u0435\u0440\u043e\u043f\u0440\u0438\u044f\u0442\u0438\u0435\u043c.","og_url":"https:\/\/www.suviseurat.fi/2024\/ru\/obsluzhivanie-inostrantsev-international-services\/","og_site_name":"SRK:n Suviseurat Pudasj\u00e4rvell\u00e4 2024","article_publisher":"https:\/\/www.facebook.com\/SRKryNyt\/","article_modified_time":"2024-06-17T10:57:09+00:00","twitter_card":"summary_large_image","twitter_site":"@Suviseurat","schema":{"@context":"https:\/\/schema.org","@graph":[{"@type":"WebPage","@id":"https:\/\/www.suviseurat.fi/2024\/ru\/obsluzhivanie-inostrantsev-international-services\/","url":"https:\/\/www.suviseurat.fi/2024\/ru\/obsluzhivanie-inostrantsev-international-services\/","name":"\u041e\u0431\u0441\u043b\u0443\u0436\u0438\u0432\u0430\u043d\u0438\u0435 \u0438\u043d\u043e\u0441\u0442\u0440\u0430\u043d\u0446\u0435\u0432 - International Services - SRK:n Suviseurat Pudasj\u00e4rvell\u00e4 2024","isPartOf":{"@id":"https:\/\/www.suviseurat.fi/2024\/#website"},"datePublished":"2022-06-24T09:00:00+00:00","dateModified":"2024-06-17T10:57:09+00:00","description":"\u041e\u0431\u0441\u043b\u0443\u0436\u0438\u0432\u0430\u043d\u0438\u0435 \u0438\u043d\u043e\u0441\u0442\u0440\u0430\u043d\u0446\u0435\u0432 \u0447\u0435\u0442\u0432\u0435\u0440\u0433-\u0432\u043e\u0441\u043a\u0440\u0435\u0441\u0435\u043d\u044c\u0435 \u0441 9:00 \u0434\u043e 21:00 \u043f\u043e\u043d\u0435\u0434\u0435\u043b\u044c\u043d\u0438\u043a \u0441 9:00 \u0434\u043e 15:00 \u0411\u043e\u043b\u044c\u0448\u043e\u0435 \u041b\u0435\u0442\u043d\u0435\u0435 \u0421\u043e\u0431\u0440\u0430\u043d\u0438\u0435 \u044f\u0432\u043b\u044f\u0435\u0442\u0441\u044f \u043c\u0435\u0436\u0434\u0443\u043d\u0430\u0440\u043e\u0434\u043d\u044b\u043c \u043c\u0435\u0440\u043e\u043f\u0440\u0438\u044f\u0442\u0438\u0435\u043c.","breadcrumb":{"@id":"https:\/\/www.suviseurat.fi/2024\/ru\/obsluzhivanie-inostrantsev-international-services\/#breadcrumb"},"inLanguage":"ru-RU","potentialAction":[{"@type":"ReadAction","target":["https:\/\/www.suviseurat.fi/2024\/ru\/obsluzhivanie-inostrantsev-international-services\/"]}]},{"@type":"BreadcrumbList","@id":"https:\/\/www.suviseurat.fi/2024\/ru\/obsluzhivanie-inostrantsev-international-services\/#breadcrumb","itemListElement":[{"@type":"ListItem","position":1,"name":"Etusivu","item":"https:\/\/www.suviseurat.fi/2024\/ru\/"},{"@type":"ListItem","position":2,"name":"\u041e\u0431\u0441\u043b\u0443\u0436\u0438\u0432\u0430\u043d\u0438\u0435 \u0438\u043d\u043e\u0441\u0442\u0440\u0430\u043d\u0446\u0435\u0432 &#8211; International Services"}]},{"@type":"WebSite","@id":"https:\/\/www.suviseurat.fi/2024\/#website","url":"https:\/\/www.suviseurat.fi/2024\/","name":"SRK:n Suviseurat Pudasj\u00e4rvell\u00e4 2024","description":"Olenko min\u00e4 sinulle rakas?","publisher":{"@id":"https:\/\/www.suviseurat.fi/2024\/#organization"},"potentialAction":[{"@type":"SearchAction","target":{"@type":"EntryPoint","urlTemplate":"https:\/\/www.suviseurat.fi/2024\/?s={search_term_string}"},"query-input":"required name=search_term_string"}],"inLanguage":"ru-RU"},{"@type":"Organization","@id":"https:\/\/www.suviseurat.fi/2024\/#organization","name":"Suviseurat","url":"https:\/\/www.suviseurat.fi/2024\/","logo":{"@type":"ImageObject","inLanguage":"ru-RU","@id":"https:\/\/www.suviseurat.fi/2024\/#\/schema\/logo\/image\/","url":"https:\/\/www.suviseurat.fi/2024\/wp-content\/uploads\/2023\/10\/tunnus-nelio.jpg","contentUrl":"https:\/\/www.suviseurat.fi/2024\/wp-content\/uploads\/2023\/10\/tunnus-nelio.jpg","width":1000,"height":1000,"caption":"Suviseurat"},"image":{"@id":"https:\/\/www.suviseurat.fi/2024\/#\/schema\/logo\/image\/"},"sameAs":["https:\/\/www.facebook.com\/SRKryNyt\/","https:\/\/x.com\/Suviseurat","https:\/\/www.facebook.com\/srksuviseurat\/","https:\/\/www.youtube.com\/@SRKnyt","https:\/\/www.instagram.com\/srk_nyt\/","https:\/\/www.flickr.com\/photos\/suviseurat"]}]}},"_links":{"self":[{"href":"https:\/\/www.suviseurat.fi/2024\/ru\/wp-json\/wp\/v2\/pages\/20302"}],"collection":[{"href":"https:\/\/www.suviseurat.fi/2024\/ru\/wp-json\/wp\/v2\/pages"}],"about":[{"href":"https:\/\/www.suviseurat.fi/2024\/ru\/wp-json\/wp\/v2\/types\/page"}],"author":[{"embeddable":true,"href":"https:\/\/www.suviseurat.fi/2024\/ru\/wp-json\/wp\/v2\/users\/19"}],"replies":[{"embeddable":true,"href":"https:\/\/www.suviseurat.fi/2024\/ru\/wp-json\/wp\/v2\/comments?post=20302"}],"version-history":[{"count":2,"href":"https:\/\/www.suviseurat.fi/2024\/ru\/wp-json\/wp\/v2\/pages\/20302\/revisions"}],"predecessor-version":[{"id":20522,"href":"https:\/\/www.suviseurat.fi/2024\/ru\/wp-json\/wp\/v2\/pages\/20302\/revisions\/20522"}],"wp:attachment":[{"href":"https:\/\/www.suviseurat.fi/2024\/ru\/wp-json\/wp\/v2\/media?parent=20302"}],"curies":[{"name":"wp","href":"https:\/\/api.w.org\/{rel}","templated":true}]}}