{"id":20304,"date":"2021-08-16T20:43:00","date_gmt":"2021-08-16T17:43:00","guid":{"rendered":"https:\/\/www.suviseurat.fi/2024\/slushaj-i-smotri\/"},"modified":"2024-06-23T15:02:59","modified_gmt":"2024-06-23T12:02:59","slug":"slushaj-i-smotri","status":"publish","type":"page","link":"https:\/\/www.suviseurat.fi/2024\/ru\/slushaj-i-smotri\/","title":{"rendered":"\u0421\u043b\u0443\u0448\u0430\u0439 \u0438 \u0441\u043c\u043e\u0442\u0440\u0438"},"content":{"rendered":"\n\n<p><br \/><\/p>\n\n\n<h2><strong>\u041f\u043e\u0441\u043b\u0443\u0448\u0430\u0439\u0442\u0435 \u043f\u0440\u0435\u0434\u044b\u0434\u0443\u0449\u0438\u0435 \u041b\u0435\u0442\u043d\u0438\u0435 \u0441\u043e\u0431\u0440\u0430\u043d\u0438\u044f<\/strong><\/h2>\n<p><span style=\"font-weight: 400\">\u0412\u044b \u043c\u043e\u0436\u0435\u0442\u0435 \u043f\u043e\u0441\u043b\u0443\u0448\u0430\u0442\u044c \u0431\u0435\u0441\u0435\u0434\u044b \u0438 \u043f\u0440\u043e\u0433\u0440\u0430\u043c\u043c\u044b \u043f\u0440\u0435\u0434\u044b\u0434\u0443\u0449\u0438\u0445 \u041b\u0435\u0442\u043d\u0438\u0445 \u0441\u043e\u0431\u0440\u0430\u043d\u0438\u044f\u0445 \u0432 \u0430\u0440\u0445\u0438\u0432\u0435 \u0435\u0436\u0435\u0434\u043d\u0435\u0432\u043d\u044b\u0445 \u043f\u0440\u043e\u0433\u0440\u0430\u043c\u043c \u0420\u0430\u0434\u0438\u043e \u041b\u0435\u0442\u043d\u0435\u0433\u043e \u0441\u043e\u0431\u0440\u0430\u043d\u0438\u044f. \u041f\u0435\u0440\u0435\u0439\u0434\u0438 \u043d\u0430 <\/span><a href=\"https:\/\/kesaseuraradio.fi\/paivaohjelmaarkisto\/\" target=\"_blank\" rel=\"noopener\"><span style=\"font-weight: 400\">\u0430\u0440\u0445\u0438\u0432 \u0435\u0436\u0435\u0434\u043d\u0435\u0432\u043d\u044b\u0445 \u043f\u0440\u043e\u0433\u0440\u0430\u043c\u043c<\/span><\/a><span style=\"font-weight: 400\">.<\/span><\/p>\n<h2><strong>\u041f\u0440\u043e\u043f\u043e\u0432\u0435\u0434\u0441\u043a\u0438\u0439 \u0430\u0440\u0445\u0438\u0432 \u0426\u0435\u043d\u0442\u0440\u0430\u043b\u044c\u043d\u043e\u0433\u043e \u0441\u043e\u0432\u0435\u0442\u0430 \u0424\u0438\u043d\u043b\u044f\u043d\u0434\u0441\u043a\u0438\u0445 \u043e\u0431\u0449\u0435\u0441\u0442\u0432 \u041c\u0438\u0440\u043e\u043b\u044e\u0431\u0438\u044f (\u0421\u0420\u041a)<\/strong><\/h2>\n<p><span style=\"font-weight: 400\">\u0410\u0440\u0445\u0438\u0432 \u0441\u043e\u0434\u0435\u0440\u0436\u0438\u0442 \u043f\u0440\u043e\u043f\u043e\u0432\u0435\u0434\u0438 \u0438\u0437 \u041b\u0435\u0442\u043d\u0438\u0445 \u0441\u043e\u0431\u0440\u0430\u043d\u0438\u044f\u0445 \u0438 \u0434\u0440\u0443\u0433\u0438\u0445 \u043e\u0431\u0449\u0435\u0441\u0442\u0432\u0435\u043d\u043d\u044b\u0445 \u043c\u0435\u0440\u043e\u043f\u0440\u0438\u044f\u0442\u0438\u0439, \u043d\u0430\u0447\u0438\u043d\u0430\u044f \u0441 1950-\u0445 \u0433\u043e\u0434\u043e\u0432. \u041f\u0435\u0440\u0435\u0439\u0442\u0438 \u043a <\/span><a href=\"https:\/\/www.srk.fi\/fi\/work-areas\/seurat\/saarna-arkisto\/\" target=\"_blank\" rel=\"noopener\"><span style=\"font-weight: 400\">\u0432 \u043f\u0440\u043e\u043f\u043e\u0432\u0435\u0434\u0441\u043a\u0438\u043c \u0430\u0440\u0445\u0438\u0432\u0435<\/span><\/a> <span style=\"font-weight: 400\">.<\/span><\/p>","protected":false},"excerpt":{"rendered":"<p>\u041f\u043e\u0441\u043b\u0443\u0448\u0430\u0439\u0442\u0435 \u043f\u0440\u0435\u0434\u044b\u0434\u0443\u0449\u0438\u0435 \u041b\u0435\u0442\u043d\u0438\u0435 \u0441\u043e\u0431\u0440\u0430\u043d\u0438\u044f \u0412\u044b \u043c\u043e\u0436\u0435\u0442\u0435 \u043f\u043e\u0441\u043b\u0443\u0448\u0430\u0442\u044c \u0431\u0435\u0441\u0435\u0434\u044b \u0438 \u043f\u0440\u043e\u0433\u0440\u0430\u043c\u043c\u044b \u043f\u0440\u0435\u0434\u044b\u0434\u0443\u0449\u0438\u0445 \u041b\u0435\u0442\u043d\u0438\u0445 \u0441\u043e\u0431\u0440\u0430\u043d\u0438\u044f\u0445 \u0432 \u0430\u0440\u0445\u0438\u0432\u0435<a class=\"moretag\" href=\"https:\/\/www.suviseurat.fi/2024\/ru\/slushaj-i-smotri\/\">Jatka lukemista ><\/a><\/p>\n","protected":false},"author":19,"featured_media":0,"parent":0,"menu_order":2,"comment_status":"closed","ping_status":"closed","template":"","meta":{"_acf_changed":false,"footnotes":""},"class_list":["post-20304","page","type-page","status-publish","hentry"],"acf":[],"yoast_head":"<!-- This site is optimized with the Yoast SEO plugin v23.3 - https:\/\/yoast.com\/wordpress\/plugins\/seo\/ -->\n<title>\u0421\u043b\u0443\u0448\u0430\u0439 \u0438 \u0441\u043c\u043e\u0442\u0440\u0438 - SRK:n Suviseurat Pudasj\u00e4rvell\u00e4 2024<\/title>\n<meta name=\"description\" content=\"\u041f\u043e\u0441\u043b\u0443\u0448\u0430\u0439\u0442\u0435 \u043f\u0440\u0435\u0434\u044b\u0434\u0443\u0449\u0438\u0435 \u041b\u0435\u0442\u043d\u0438\u0435 \u0441\u043e\u0431\u0440\u0430\u043d\u0438\u044f \u0412\u044b \u043c\u043e\u0436\u0435\u0442\u0435 \u043f\u043e\u0441\u043b\u0443\u0448\u0430\u0442\u044c \u0431\u0435\u0441\u0435\u0434\u044b \u0438 \u043f\u0440\u043e\u0433\u0440\u0430\u043c\u043c\u044b \u043f\u0440\u0435\u0434\u044b\u0434\u0443\u0449\u0438\u0445 \u041b\u0435\u0442\u043d\u0438\u0445 \u0441\u043e\u0431\u0440\u0430\u043d\u0438\u044f\u0445 \u0432 \u0430\u0440\u0445\u0438\u0432\u0435 \u0435\u0436\u0435\u0434\u043d\u0435\u0432\u043d\u044b\u0445 \u043f\u0440\u043e\u0433\u0440\u0430\u043c\u043c \u0420\u0430\u0434\u0438\u043e \u041b\u0435\u0442\u043d\u0435\u0433\u043e\" \/>\n<meta name=\"robots\" content=\"index, follow, max-snippet:-1, max-image-preview:large, max-video-preview:-1\" \/>\n<link rel=\"canonical\" href=\"https:\/\/www.suviseurat.fi/2024\/ru\/slushaj-i-smotri\/\" \/>\n<meta property=\"og:locale\" content=\"ru_RU\" \/>\n<meta property=\"og:type\" content=\"article\" \/>\n<meta property=\"og:title\" content=\"\u0421\u043b\u0443\u0448\u0430\u0439 \u0438 \u0441\u043c\u043e\u0442\u0440\u0438 - SRK:n Suviseurat Pudasj\u00e4rvell\u00e4 2024\" \/>\n<meta property=\"og:description\" content=\"\u041f\u043e\u0441\u043b\u0443\u0448\u0430\u0439\u0442\u0435 \u043f\u0440\u0435\u0434\u044b\u0434\u0443\u0449\u0438\u0435 \u041b\u0435\u0442\u043d\u0438\u0435 \u0441\u043e\u0431\u0440\u0430\u043d\u0438\u044f \u0412\u044b \u043c\u043e\u0436\u0435\u0442\u0435 \u043f\u043e\u0441\u043b\u0443\u0448\u0430\u0442\u044c \u0431\u0435\u0441\u0435\u0434\u044b \u0438 \u043f\u0440\u043e\u0433\u0440\u0430\u043c\u043c\u044b \u043f\u0440\u0435\u0434\u044b\u0434\u0443\u0449\u0438\u0445 \u041b\u0435\u0442\u043d\u0438\u0445 \u0441\u043e\u0431\u0440\u0430\u043d\u0438\u044f\u0445 \u0432 \u0430\u0440\u0445\u0438\u0432\u0435 \u0435\u0436\u0435\u0434\u043d\u0435\u0432\u043d\u044b\u0445 \u043f\u0440\u043e\u0433\u0440\u0430\u043c\u043c \u0420\u0430\u0434\u0438\u043e \u041b\u0435\u0442\u043d\u0435\u0433\u043e\" \/>\n<meta property=\"og:url\" content=\"https:\/\/www.suviseurat.fi/2024\/ru\/slushaj-i-smotri\/\" \/>\n<meta property=\"og:site_name\" content=\"SRK:n Suviseurat Pudasj\u00e4rvell\u00e4 2024\" \/>\n<meta property=\"article:publisher\" content=\"https:\/\/www.facebook.com\/SRKryNyt\/\" \/>\n<meta property=\"article:modified_time\" content=\"2024-06-23T12:02:59+00:00\" \/>\n<meta name=\"twitter:card\" content=\"summary_large_image\" \/>\n<meta name=\"twitter:site\" content=\"@Suviseurat\" \/>\n<script type=\"application\/ld+json\" class=\"yoast-schema-graph\">{\"@context\":\"https:\/\/schema.org\",\"@graph\":[{\"@type\":\"WebPage\",\"@id\":\"https:\/\/www.suviseurat.fi/2024\/ru\/slushaj-i-smotri\/\",\"url\":\"https:\/\/www.suviseurat.fi/2024\/ru\/slushaj-i-smotri\/\",\"name\":\"\u0421\u043b\u0443\u0448\u0430\u0439 \u0438 \u0441\u043c\u043e\u0442\u0440\u0438 - SRK:n Suviseurat Pudasj\u00e4rvell\u00e4 2024\",\"isPartOf\":{\"@id\":\"https:\/\/www.suviseurat.fi/2024\/#website\"},\"datePublished\":\"2021-08-16T17:43:00+00:00\",\"dateModified\":\"2024-06-23T12:02:59+00:00\",\"description\":\"\u041f\u043e\u0441\u043b\u0443\u0448\u0430\u0439\u0442\u0435 \u043f\u0440\u0435\u0434\u044b\u0434\u0443\u0449\u0438\u0435 \u041b\u0435\u0442\u043d\u0438\u0435 \u0441\u043e\u0431\u0440\u0430\u043d\u0438\u044f \u0412\u044b \u043c\u043e\u0436\u0435\u0442\u0435 \u043f\u043e\u0441\u043b\u0443\u0448\u0430\u0442\u044c \u0431\u0435\u0441\u0435\u0434\u044b \u0438 \u043f\u0440\u043e\u0433\u0440\u0430\u043c\u043c\u044b \u043f\u0440\u0435\u0434\u044b\u0434\u0443\u0449\u0438\u0445 \u041b\u0435\u0442\u043d\u0438\u0445 \u0441\u043e\u0431\u0440\u0430\u043d\u0438\u044f\u0445 \u0432 \u0430\u0440\u0445\u0438\u0432\u0435 \u0435\u0436\u0435\u0434\u043d\u0435\u0432\u043d\u044b\u0445 \u043f\u0440\u043e\u0433\u0440\u0430\u043c\u043c \u0420\u0430\u0434\u0438\u043e \u041b\u0435\u0442\u043d\u0435\u0433\u043e\",\"breadcrumb\":{\"@id\":\"https:\/\/www.suviseurat.fi/2024\/ru\/slushaj-i-smotri\/#breadcrumb\"},\"inLanguage\":\"ru-RU\",\"potentialAction\":[{\"@type\":\"ReadAction\",\"target\":[\"https:\/\/www.suviseurat.fi/2024\/ru\/slushaj-i-smotri\/\"]}]},{\"@type\":\"BreadcrumbList\",\"@id\":\"https:\/\/www.suviseurat.fi/2024\/ru\/slushaj-i-smotri\/#breadcrumb\",\"itemListElement\":[{\"@type\":\"ListItem\",\"position\":1,\"name\":\"Etusivu\",\"item\":\"https:\/\/www.suviseurat.fi/2024\/ru\/\"},{\"@type\":\"ListItem\",\"position\":2,\"name\":\"\u0421\u043b\u0443\u0448\u0430\u0439 \u0438 \u0441\u043c\u043e\u0442\u0440\u0438\"}]},{\"@type\":\"WebSite\",\"@id\":\"https:\/\/www.suviseurat.fi/2024\/#website\",\"url\":\"https:\/\/www.suviseurat.fi/2024\/\",\"name\":\"SRK:n Suviseurat Pudasj\u00e4rvell\u00e4 2024\",\"description\":\"Olenko min\u00e4 sinulle rakas?\",\"publisher\":{\"@id\":\"https:\/\/www.suviseurat.fi/2024\/#organization\"},\"potentialAction\":[{\"@type\":\"SearchAction\",\"target\":{\"@type\":\"EntryPoint\",\"urlTemplate\":\"https:\/\/www.suviseurat.fi/2024\/?s={search_term_string}\"},\"query-input\":\"required name=search_term_string\"}],\"inLanguage\":\"ru-RU\"},{\"@type\":\"Organization\",\"@id\":\"https:\/\/www.suviseurat.fi/2024\/#organization\",\"name\":\"Suviseurat\",\"url\":\"https:\/\/www.suviseurat.fi/2024\/\",\"logo\":{\"@type\":\"ImageObject\",\"inLanguage\":\"ru-RU\",\"@id\":\"https:\/\/www.suviseurat.fi/2024\/#\/schema\/logo\/image\/\",\"url\":\"https:\/\/www.suviseurat.fi/2024\/wp-content\/uploads\/2023\/10\/tunnus-nelio.jpg\",\"contentUrl\":\"https:\/\/www.suviseurat.fi/2024\/wp-content\/uploads\/2023\/10\/tunnus-nelio.jpg\",\"width\":1000,\"height\":1000,\"caption\":\"Suviseurat\"},\"image\":{\"@id\":\"https:\/\/www.suviseurat.fi/2024\/#\/schema\/logo\/image\/\"},\"sameAs\":[\"https:\/\/www.facebook.com\/SRKryNyt\/\",\"https:\/\/x.com\/Suviseurat\",\"https:\/\/www.facebook.com\/srksuviseurat\/\",\"https:\/\/www.youtube.com\/@SRKnyt\",\"https:\/\/www.instagram.com\/srk_nyt\/\",\"https:\/\/www.flickr.com\/photos\/suviseurat\"]}]}<\/script>\n<!-- \/ Yoast SEO plugin. -->","yoast_head_json":{"title":"\u0421\u043b\u0443\u0448\u0430\u0439 \u0438 \u0441\u043c\u043e\u0442\u0440\u0438 - SRK:n Suviseurat Pudasj\u00e4rvell\u00e4 2024","description":"\u041f\u043e\u0441\u043b\u0443\u0448\u0430\u0439\u0442\u0435 \u043f\u0440\u0435\u0434\u044b\u0434\u0443\u0449\u0438\u0435 \u041b\u0435\u0442\u043d\u0438\u0435 \u0441\u043e\u0431\u0440\u0430\u043d\u0438\u044f \u0412\u044b \u043c\u043e\u0436\u0435\u0442\u0435 \u043f\u043e\u0441\u043b\u0443\u0448\u0430\u0442\u044c \u0431\u0435\u0441\u0435\u0434\u044b \u0438 \u043f\u0440\u043e\u0433\u0440\u0430\u043c\u043c\u044b \u043f\u0440\u0435\u0434\u044b\u0434\u0443\u0449\u0438\u0445 \u041b\u0435\u0442\u043d\u0438\u0445 \u0441\u043e\u0431\u0440\u0430\u043d\u0438\u044f\u0445 \u0432 \u0430\u0440\u0445\u0438\u0432\u0435 \u0435\u0436\u0435\u0434\u043d\u0435\u0432\u043d\u044b\u0445 \u043f\u0440\u043e\u0433\u0440\u0430\u043c\u043c \u0420\u0430\u0434\u0438\u043e \u041b\u0435\u0442\u043d\u0435\u0433\u043e","robots":{"index":"index","follow":"follow","max-snippet":"max-snippet:-1","max-image-preview":"max-image-preview:large","max-video-preview":"max-video-preview:-1"},"canonical":"https:\/\/www.suviseurat.fi/2024\/ru\/slushaj-i-smotri\/","og_locale":"ru_RU","og_type":"article","og_title":"\u0421\u043b\u0443\u0448\u0430\u0439 \u0438 \u0441\u043c\u043e\u0442\u0440\u0438 - SRK:n Suviseurat Pudasj\u00e4rvell\u00e4 2024","og_description":"\u041f\u043e\u0441\u043b\u0443\u0448\u0430\u0439\u0442\u0435 \u043f\u0440\u0435\u0434\u044b\u0434\u0443\u0449\u0438\u0435 \u041b\u0435\u0442\u043d\u0438\u0435 \u0441\u043e\u0431\u0440\u0430\u043d\u0438\u044f \u0412\u044b \u043c\u043e\u0436\u0435\u0442\u0435 \u043f\u043e\u0441\u043b\u0443\u0448\u0430\u0442\u044c \u0431\u0435\u0441\u0435\u0434\u044b \u0438 \u043f\u0440\u043e\u0433\u0440\u0430\u043c\u043c\u044b \u043f\u0440\u0435\u0434\u044b\u0434\u0443\u0449\u0438\u0445 \u041b\u0435\u0442\u043d\u0438\u0445 \u0441\u043e\u0431\u0440\u0430\u043d\u0438\u044f\u0445 \u0432 \u0430\u0440\u0445\u0438\u0432\u0435 \u0435\u0436\u0435\u0434\u043d\u0435\u0432\u043d\u044b\u0445 \u043f\u0440\u043e\u0433\u0440\u0430\u043c\u043c \u0420\u0430\u0434\u0438\u043e \u041b\u0435\u0442\u043d\u0435\u0433\u043e","og_url":"https:\/\/www.suviseurat.fi/2024\/ru\/slushaj-i-smotri\/","og_site_name":"SRK:n Suviseurat Pudasj\u00e4rvell\u00e4 2024","article_publisher":"https:\/\/www.facebook.com\/SRKryNyt\/","article_modified_time":"2024-06-23T12:02:59+00:00","twitter_card":"summary_large_image","twitter_site":"@Suviseurat","schema":{"@context":"https:\/\/schema.org","@graph":[{"@type":"WebPage","@id":"https:\/\/www.suviseurat.fi/2024\/ru\/slushaj-i-smotri\/","url":"https:\/\/www.suviseurat.fi/2024\/ru\/slushaj-i-smotri\/","name":"\u0421\u043b\u0443\u0448\u0430\u0439 \u0438 \u0441\u043c\u043e\u0442\u0440\u0438 - SRK:n Suviseurat Pudasj\u00e4rvell\u00e4 2024","isPartOf":{"@id":"https:\/\/www.suviseurat.fi/2024\/#website"},"datePublished":"2021-08-16T17:43:00+00:00","dateModified":"2024-06-23T12:02:59+00:00","description":"\u041f\u043e\u0441\u043b\u0443\u0448\u0430\u0439\u0442\u0435 \u043f\u0440\u0435\u0434\u044b\u0434\u0443\u0449\u0438\u0435 \u041b\u0435\u0442\u043d\u0438\u0435 \u0441\u043e\u0431\u0440\u0430\u043d\u0438\u044f \u0412\u044b \u043c\u043e\u0436\u0435\u0442\u0435 \u043f\u043e\u0441\u043b\u0443\u0448\u0430\u0442\u044c \u0431\u0435\u0441\u0435\u0434\u044b \u0438 \u043f\u0440\u043e\u0433\u0440\u0430\u043c\u043c\u044b \u043f\u0440\u0435\u0434\u044b\u0434\u0443\u0449\u0438\u0445 \u041b\u0435\u0442\u043d\u0438\u0445 \u0441\u043e\u0431\u0440\u0430\u043d\u0438\u044f\u0445 \u0432 \u0430\u0440\u0445\u0438\u0432\u0435 \u0435\u0436\u0435\u0434\u043d\u0435\u0432\u043d\u044b\u0445 \u043f\u0440\u043e\u0433\u0440\u0430\u043c\u043c \u0420\u0430\u0434\u0438\u043e \u041b\u0435\u0442\u043d\u0435\u0433\u043e","breadcrumb":{"@id":"https:\/\/www.suviseurat.fi/2024\/ru\/slushaj-i-smotri\/#breadcrumb"},"inLanguage":"ru-RU","potentialAction":[{"@type":"ReadAction","target":["https:\/\/www.suviseurat.fi/2024\/ru\/slushaj-i-smotri\/"]}]},{"@type":"BreadcrumbList","@id":"https:\/\/www.suviseurat.fi/2024\/ru\/slushaj-i-smotri\/#breadcrumb","itemListElement":[{"@type":"ListItem","position":1,"name":"Etusivu","item":"https:\/\/www.suviseurat.fi/2024\/ru\/"},{"@type":"ListItem","position":2,"name":"\u0421\u043b\u0443\u0448\u0430\u0439 \u0438 \u0441\u043c\u043e\u0442\u0440\u0438"}]},{"@type":"WebSite","@id":"https:\/\/www.suviseurat.fi/2024\/#website","url":"https:\/\/www.suviseurat.fi/2024\/","name":"SRK:n Suviseurat Pudasj\u00e4rvell\u00e4 2024","description":"Olenko min\u00e4 sinulle rakas?","publisher":{"@id":"https:\/\/www.suviseurat.fi/2024\/#organization"},"potentialAction":[{"@type":"SearchAction","target":{"@type":"EntryPoint","urlTemplate":"https:\/\/www.suviseurat.fi/2024\/?s={search_term_string}"},"query-input":"required name=search_term_string"}],"inLanguage":"ru-RU"},{"@type":"Organization","@id":"https:\/\/www.suviseurat.fi/2024\/#organization","name":"Suviseurat","url":"https:\/\/www.suviseurat.fi/2024\/","logo":{"@type":"ImageObject","inLanguage":"ru-RU","@id":"https:\/\/www.suviseurat.fi/2024\/#\/schema\/logo\/image\/","url":"https:\/\/www.suviseurat.fi/2024\/wp-content\/uploads\/2023\/10\/tunnus-nelio.jpg","contentUrl":"https:\/\/www.suviseurat.fi/2024\/wp-content\/uploads\/2023\/10\/tunnus-nelio.jpg","width":1000,"height":1000,"caption":"Suviseurat"},"image":{"@id":"https:\/\/www.suviseurat.fi/2024\/#\/schema\/logo\/image\/"},"sameAs":["https:\/\/www.facebook.com\/SRKryNyt\/","https:\/\/x.com\/Suviseurat","https:\/\/www.facebook.com\/srksuviseurat\/","https:\/\/www.youtube.com\/@SRKnyt","https:\/\/www.instagram.com\/srk_nyt\/","https:\/\/www.flickr.com\/photos\/suviseurat"]}]}},"_links":{"self":[{"href":"https:\/\/www.suviseurat.fi/2024\/ru\/wp-json\/wp\/v2\/pages\/20304"}],"collection":[{"href":"https:\/\/www.suviseurat.fi/2024\/ru\/wp-json\/wp\/v2\/pages"}],"about":[{"href":"https:\/\/www.suviseurat.fi/2024\/ru\/wp-json\/wp\/v2\/types\/page"}],"author":[{"embeddable":true,"href":"https:\/\/www.suviseurat.fi/2024\/ru\/wp-json\/wp\/v2\/users\/19"}],"replies":[{"embeddable":true,"href":"https:\/\/www.suviseurat.fi/2024\/ru\/wp-json\/wp\/v2\/comments?post=20304"}],"version-history":[{"count":6,"href":"https:\/\/www.suviseurat.fi/2024\/ru\/wp-json\/wp\/v2\/pages\/20304\/revisions"}],"predecessor-version":[{"id":20679,"href":"https:\/\/www.suviseurat.fi/2024\/ru\/wp-json\/wp\/v2\/pages\/20304\/revisions\/20679"}],"wp:attachment":[{"href":"https:\/\/www.suviseurat.fi/2024\/ru\/wp-json\/wp\/v2\/media?parent=20304"}],"curies":[{"name":"wp","href":"https:\/\/api.w.org\/{rel}","templated":true}]}}