{"id":19943,"date":"2022-10-17T20:31:28","date_gmt":"2022-10-17T17:31:28","guid":{"rendered":"https:\/\/www.suviseurat.fi/2024\/spar-id\/"},"modified":"2024-06-11T21:50:34","modified_gmt":"2024-06-11T18:50:34","slug":"spar-id","status":"publish","type":"page","link":"https:\/\/www.suviseurat.fi/2024\/sv\/sommarmotet\/spar-id\/","title":{"rendered":"M\u00f6tesmotto"},"content":{"rendered":"\n<div class=\"wp-block-columns is-layout-flex wp-container-core-columns-is-layout-1 wp-block-columns-is-layout-flex\">\n<div class=\"wp-block-column is-layout-flow wp-block-column-is-layout-flow\">\n<h2 class=\"wp-block-heading\"><strong>Har du mig k\u00e4r? <\/strong><br\/><strong>(Joh. 21:17)<\/strong><\/h2>\n\n\n\n<p>Mottot f\u00f6r Suviseurat \u2013 sommarm\u00f6tet \u00e4r h\u00e4mtat fr\u00e5n Johannesevangeliet: \u201cHar du mig k\u00e4r?\u201d (Johannes 21:17.) Fr\u00e5gan st\u00e4lls av den uppst\u00e5ndne Jesus till Petrus, den av l\u00e4rjungarna som tidigare p\u00e5 \u00f6verstepr\u00e4stens g\u00e5rdsplan hade f\u00f6rnekat att han k\u00e4nde Jesus. I det bibelord som \u00e5terger m\u00f6tesmottot fr\u00e5gar Jesus Petrus om han \u00e4lskar honom. Fr\u00e5gan kan t\u00e4nkas vara st\u00e4lld, inte bara till Petrus, utan till varje m\u00e4nniska. M\u00f6tesmottot f\u00e5r en att fundera p\u00e5 den personliga viljan att tro.    <\/p>\n\n\n\n<p>Suviseurat \u2013 sommarm\u00f6tets port samt m\u00f6tesm\u00e4rket \u00e4r designade efter en id\u00e9 av Tauno Walkeaj\u00e4rvi. M\u00f6tesm\u00e4rkets bakgrund utg\u00f6rs av en bl\u00e5 sj\u00f6 som f\u00f6rest\u00e4ller Tiberiassj\u00f6n \u2013 Jesus och Petrus m\u00f6tesplats. I m\u00e4rket f\u00f6renas ett hj\u00e4rta och ett fr\u00e5getecken. Det vita hj\u00e4rtat \u00e4r uppdelat i tv\u00e5 halvor: till v\u00e4nster finns Jesu ord och till h\u00f6ger ett fr\u00e5getecken.   <\/p>\n<\/div>\n\n\n\n<div class=\"wp-block-column is-layout-flow wp-block-column-is-layout-flow\">\n<figure class=\"wp-block-image\"><a href=\"https:\/\/www.suviseurat.fi/2024\/wp-content\/uploads\/2023\/10\/pj2024-merkki-e1698044587903.jpg\"><img loading=\"lazy\" decoding=\"async\" width=\"827\" height=\"709\" src=\"https:\/\/www.suviseurat.fi/2024\/wp-content\/uploads\/2023\/10\/pj2024-merkki-e1698044587903.jpg\" alt=\"\" class=\"wp-image-18962\" srcset=\"https:\/\/www.suviseurat.fi/2024\/wp-content\/uploads\/2023\/10\/pj2024-merkki-e1698044587903.jpg 827w, https:\/\/www.suviseurat.fi/2024\/wp-content\/uploads\/2023\/10\/pj2024-merkki-e1698044587903-768x658.jpg 768w\" sizes=\"(max-width: 827px) 100vw, 827px\" \/><\/a><\/figure>\n<\/div>\n<\/div>\n","protected":false},"excerpt":{"rendered":"<p>Har du mig k\u00e4r? (Joh. 21:17) Mottot f\u00f6r Suviseurat \u2013 sommarm\u00f6tet \u00e4r h\u00e4mtat fr\u00e5n Johannesevangeliet:<a class=\"moretag\" href=\"https:\/\/www.suviseurat.fi/2024\/sv\/sommarmotet\/spar-id\/\">Jatka lukemista ><\/a><\/p>\n","protected":false},"author":33,"featured_media":0,"parent":19947,"menu_order":4,"comment_status":"closed","ping_status":"closed","template":"","meta":{"_acf_changed":false,"footnotes":""},"class_list":["post-19943","page","type-page","status-publish","hentry"],"acf":[],"yoast_head":"<!-- This site is optimized with the Yoast SEO plugin v23.3 - https:\/\/yoast.com\/wordpress\/plugins\/seo\/ -->\n<title>M\u00f6tesmotto - SRK:n Suviseurat Pudasj\u00e4rvell\u00e4 2024<\/title>\n<meta name=\"description\" content=\"Har du mig k\u00e4r? (Joh. 21:17) Mottot f\u00f6r Suviseurat \u2013 sommarm\u00f6tet \u00e4r h\u00e4mtat fr\u00e5n Johannesevangeliet: \u201cHar du mig k\u00e4r?\u201d (Johannes 21:17.) Fr\u00e5gan st\u00e4lls av\" \/>\n<meta name=\"robots\" content=\"index, follow, max-snippet:-1, max-image-preview:large, max-video-preview:-1\" \/>\n<link rel=\"canonical\" href=\"https:\/\/www.suviseurat.fi/2024\/sv\/sommarmotet\/spar-id\/\" \/>\n<meta property=\"og:locale\" content=\"sv_SE\" \/>\n<meta property=\"og:type\" content=\"article\" \/>\n<meta property=\"og:title\" content=\"M\u00f6tesmotto - SRK:n Suviseurat Pudasj\u00e4rvell\u00e4 2024\" \/>\n<meta property=\"og:description\" content=\"Har du mig k\u00e4r? (Joh. 21:17) Mottot f\u00f6r Suviseurat \u2013 sommarm\u00f6tet \u00e4r h\u00e4mtat fr\u00e5n Johannesevangeliet: \u201cHar du mig k\u00e4r?\u201d (Johannes 21:17.) Fr\u00e5gan st\u00e4lls av\" \/>\n<meta property=\"og:url\" content=\"https:\/\/www.suviseurat.fi/2024\/sv\/sommarmotet\/spar-id\/\" \/>\n<meta property=\"og:site_name\" content=\"SRK:n Suviseurat Pudasj\u00e4rvell\u00e4 2024\" \/>\n<meta property=\"article:publisher\" content=\"https:\/\/www.facebook.com\/SRKryNyt\/\" \/>\n<meta property=\"article:modified_time\" content=\"2024-06-11T18:50:34+00:00\" \/>\n<meta property=\"og:image\" content=\"https:\/\/www.suviseurat.fi/2024\/wp-content\/uploads\/2023\/10\/pj2024-merkki-e1698044587903.jpg\" \/>\n<meta name=\"twitter:card\" content=\"summary_large_image\" \/>\n<meta name=\"twitter:site\" content=\"@Suviseurat\" \/>\n<meta name=\"twitter:label1\" content=\"Ber\u00e4knad l\u00e4stid\" \/>\n\t<meta name=\"twitter:data1\" content=\"1 minute\" \/>\n<script type=\"application\/ld+json\" class=\"yoast-schema-graph\">{\"@context\":\"https:\/\/schema.org\",\"@graph\":[{\"@type\":\"WebPage\",\"@id\":\"https:\/\/www.suviseurat.fi/2024\/sv\/sommarmotet\/spar-id\/\",\"url\":\"https:\/\/www.suviseurat.fi/2024\/sv\/sommarmotet\/spar-id\/\",\"name\":\"M\u00f6tesmotto - SRK:n Suviseurat Pudasj\u00e4rvell\u00e4 2024\",\"isPartOf\":{\"@id\":\"https:\/\/www.suviseurat.fi/2024\/#website\"},\"primaryImageOfPage\":{\"@id\":\"https:\/\/www.suviseurat.fi/2024\/sv\/sommarmotet\/spar-id\/#primaryimage\"},\"image\":{\"@id\":\"https:\/\/www.suviseurat.fi/2024\/sv\/sommarmotet\/spar-id\/#primaryimage\"},\"thumbnailUrl\":\"https:\/\/www.suviseurat.fi/2024\/wp-content\/uploads\/2023\/10\/pj2024-merkki-e1698044587903.jpg\",\"datePublished\":\"2022-10-17T17:31:28+00:00\",\"dateModified\":\"2024-06-11T18:50:34+00:00\",\"description\":\"Har du mig k\u00e4r? (Joh. 21:17) Mottot f\u00f6r Suviseurat \u2013 sommarm\u00f6tet \u00e4r h\u00e4mtat fr\u00e5n Johannesevangeliet: \u201cHar du mig k\u00e4r?\u201d (Johannes 21:17.) Fr\u00e5gan st\u00e4lls av\",\"breadcrumb\":{\"@id\":\"https:\/\/www.suviseurat.fi/2024\/sv\/sommarmotet\/spar-id\/#breadcrumb\"},\"inLanguage\":\"sv-SE\",\"potentialAction\":[{\"@type\":\"ReadAction\",\"target\":[\"https:\/\/www.suviseurat.fi/2024\/sv\/sommarmotet\/spar-id\/\"]}]},{\"@type\":\"ImageObject\",\"inLanguage\":\"sv-SE\",\"@id\":\"https:\/\/www.suviseurat.fi/2024\/sv\/sommarmotet\/spar-id\/#primaryimage\",\"url\":\"https:\/\/www.suviseurat.fi/2024\/wp-content\/uploads\/2023\/10\/pj2024-merkki-e1698044587903.jpg\",\"contentUrl\":\"https:\/\/www.suviseurat.fi/2024\/wp-content\/uploads\/2023\/10\/pj2024-merkki-e1698044587903.jpg\"},{\"@type\":\"BreadcrumbList\",\"@id\":\"https:\/\/www.suviseurat.fi/2024\/sv\/sommarmotet\/spar-id\/#breadcrumb\",\"itemListElement\":[{\"@type\":\"ListItem\",\"position\":1,\"name\":\"Etusivu\",\"item\":\"https:\/\/www.suviseurat.fi/2024\/sv\/\"},{\"@type\":\"ListItem\",\"position\":2,\"name\":\"Suviseurat &#8211; Sommarm\u00f6tet\",\"item\":\"https:\/\/www.suviseurat.fi/2024\/sv\/sommarmotet\/\"},{\"@type\":\"ListItem\",\"position\":3,\"name\":\"M\u00f6tesmotto\"}]},{\"@type\":\"WebSite\",\"@id\":\"https:\/\/www.suviseurat.fi/2024\/#website\",\"url\":\"https:\/\/www.suviseurat.fi/2024\/\",\"name\":\"SRK:n Suviseurat Pudasj\u00e4rvell\u00e4 2024\",\"description\":\"Olenko min\u00e4 sinulle rakas?\",\"publisher\":{\"@id\":\"https:\/\/www.suviseurat.fi/2024\/#organization\"},\"potentialAction\":[{\"@type\":\"SearchAction\",\"target\":{\"@type\":\"EntryPoint\",\"urlTemplate\":\"https:\/\/www.suviseurat.fi/2024\/?s={search_term_string}\"},\"query-input\":\"required name=search_term_string\"}],\"inLanguage\":\"sv-SE\"},{\"@type\":\"Organization\",\"@id\":\"https:\/\/www.suviseurat.fi/2024\/#organization\",\"name\":\"Suviseurat\",\"url\":\"https:\/\/www.suviseurat.fi/2024\/\",\"logo\":{\"@type\":\"ImageObject\",\"inLanguage\":\"sv-SE\",\"@id\":\"https:\/\/www.suviseurat.fi/2024\/#\/schema\/logo\/image\/\",\"url\":\"https:\/\/www.suviseurat.fi/2024\/wp-content\/uploads\/2023\/10\/tunnus-nelio.jpg\",\"contentUrl\":\"https:\/\/www.suviseurat.fi/2024\/wp-content\/uploads\/2023\/10\/tunnus-nelio.jpg\",\"width\":1000,\"height\":1000,\"caption\":\"Suviseurat\"},\"image\":{\"@id\":\"https:\/\/www.suviseurat.fi/2024\/#\/schema\/logo\/image\/\"},\"sameAs\":[\"https:\/\/www.facebook.com\/SRKryNyt\/\",\"https:\/\/x.com\/Suviseurat\",\"https:\/\/www.facebook.com\/srksuviseurat\/\",\"https:\/\/www.youtube.com\/@SRKnyt\",\"https:\/\/www.instagram.com\/srk_nyt\/\",\"https:\/\/www.flickr.com\/photos\/suviseurat\"]}]}<\/script>\n<!-- \/ Yoast SEO plugin. -->","yoast_head_json":{"title":"M\u00f6tesmotto - SRK:n Suviseurat Pudasj\u00e4rvell\u00e4 2024","description":"Har du mig k\u00e4r? (Joh. 21:17) Mottot f\u00f6r Suviseurat \u2013 sommarm\u00f6tet \u00e4r h\u00e4mtat fr\u00e5n Johannesevangeliet: \u201cHar du mig k\u00e4r?\u201d (Johannes 21:17.) Fr\u00e5gan st\u00e4lls av","robots":{"index":"index","follow":"follow","max-snippet":"max-snippet:-1","max-image-preview":"max-image-preview:large","max-video-preview":"max-video-preview:-1"},"canonical":"https:\/\/www.suviseurat.fi/2024\/sv\/sommarmotet\/spar-id\/","og_locale":"sv_SE","og_type":"article","og_title":"M\u00f6tesmotto - SRK:n Suviseurat Pudasj\u00e4rvell\u00e4 2024","og_description":"Har du mig k\u00e4r? (Joh. 21:17) Mottot f\u00f6r Suviseurat \u2013 sommarm\u00f6tet \u00e4r h\u00e4mtat fr\u00e5n Johannesevangeliet: \u201cHar du mig k\u00e4r?\u201d (Johannes 21:17.) Fr\u00e5gan st\u00e4lls av","og_url":"https:\/\/www.suviseurat.fi/2024\/sv\/sommarmotet\/spar-id\/","og_site_name":"SRK:n Suviseurat Pudasj\u00e4rvell\u00e4 2024","article_publisher":"https:\/\/www.facebook.com\/SRKryNyt\/","article_modified_time":"2024-06-11T18:50:34+00:00","og_image":[{"url":"https:\/\/www.suviseurat.fi/2024\/wp-content\/uploads\/2023\/10\/pj2024-merkki-e1698044587903.jpg"}],"twitter_card":"summary_large_image","twitter_site":"@Suviseurat","twitter_misc":{"Ber\u00e4knad l\u00e4stid":"1 minute"},"schema":{"@context":"https:\/\/schema.org","@graph":[{"@type":"WebPage","@id":"https:\/\/www.suviseurat.fi/2024\/sv\/sommarmotet\/spar-id\/","url":"https:\/\/www.suviseurat.fi/2024\/sv\/sommarmotet\/spar-id\/","name":"M\u00f6tesmotto - SRK:n Suviseurat Pudasj\u00e4rvell\u00e4 2024","isPartOf":{"@id":"https:\/\/www.suviseurat.fi/2024\/#website"},"primaryImageOfPage":{"@id":"https:\/\/www.suviseurat.fi/2024\/sv\/sommarmotet\/spar-id\/#primaryimage"},"image":{"@id":"https:\/\/www.suviseurat.fi/2024\/sv\/sommarmotet\/spar-id\/#primaryimage"},"thumbnailUrl":"https:\/\/www.suviseurat.fi/2024\/wp-content\/uploads\/2023\/10\/pj2024-merkki-e1698044587903.jpg","datePublished":"2022-10-17T17:31:28+00:00","dateModified":"2024-06-11T18:50:34+00:00","description":"Har du mig k\u00e4r? (Joh. 21:17) Mottot f\u00f6r Suviseurat \u2013 sommarm\u00f6tet \u00e4r h\u00e4mtat fr\u00e5n Johannesevangeliet: \u201cHar du mig k\u00e4r?\u201d (Johannes 21:17.) Fr\u00e5gan st\u00e4lls av","breadcrumb":{"@id":"https:\/\/www.suviseurat.fi/2024\/sv\/sommarmotet\/spar-id\/#breadcrumb"},"inLanguage":"sv-SE","potentialAction":[{"@type":"ReadAction","target":["https:\/\/www.suviseurat.fi/2024\/sv\/sommarmotet\/spar-id\/"]}]},{"@type":"ImageObject","inLanguage":"sv-SE","@id":"https:\/\/www.suviseurat.fi/2024\/sv\/sommarmotet\/spar-id\/#primaryimage","url":"https:\/\/www.suviseurat.fi/2024\/wp-content\/uploads\/2023\/10\/pj2024-merkki-e1698044587903.jpg","contentUrl":"https:\/\/www.suviseurat.fi/2024\/wp-content\/uploads\/2023\/10\/pj2024-merkki-e1698044587903.jpg"},{"@type":"BreadcrumbList","@id":"https:\/\/www.suviseurat.fi/2024\/sv\/sommarmotet\/spar-id\/#breadcrumb","itemListElement":[{"@type":"ListItem","position":1,"name":"Etusivu","item":"https:\/\/www.suviseurat.fi/2024\/sv\/"},{"@type":"ListItem","position":2,"name":"Suviseurat &#8211; Sommarm\u00f6tet","item":"https:\/\/www.suviseurat.fi/2024\/sv\/sommarmotet\/"},{"@type":"ListItem","position":3,"name":"M\u00f6tesmotto"}]},{"@type":"WebSite","@id":"https:\/\/www.suviseurat.fi/2024\/#website","url":"https:\/\/www.suviseurat.fi/2024\/","name":"SRK:n Suviseurat Pudasj\u00e4rvell\u00e4 2024","description":"Olenko min\u00e4 sinulle rakas?","publisher":{"@id":"https:\/\/www.suviseurat.fi/2024\/#organization"},"potentialAction":[{"@type":"SearchAction","target":{"@type":"EntryPoint","urlTemplate":"https:\/\/www.suviseurat.fi/2024\/?s={search_term_string}"},"query-input":"required name=search_term_string"}],"inLanguage":"sv-SE"},{"@type":"Organization","@id":"https:\/\/www.suviseurat.fi/2024\/#organization","name":"Suviseurat","url":"https:\/\/www.suviseurat.fi/2024\/","logo":{"@type":"ImageObject","inLanguage":"sv-SE","@id":"https:\/\/www.suviseurat.fi/2024\/#\/schema\/logo\/image\/","url":"https:\/\/www.suviseurat.fi/2024\/wp-content\/uploads\/2023\/10\/tunnus-nelio.jpg","contentUrl":"https:\/\/www.suviseurat.fi/2024\/wp-content\/uploads\/2023\/10\/tunnus-nelio.jpg","width":1000,"height":1000,"caption":"Suviseurat"},"image":{"@id":"https:\/\/www.suviseurat.fi/2024\/#\/schema\/logo\/image\/"},"sameAs":["https:\/\/www.facebook.com\/SRKryNyt\/","https:\/\/x.com\/Suviseurat","https:\/\/www.facebook.com\/srksuviseurat\/","https:\/\/www.youtube.com\/@SRKnyt","https:\/\/www.instagram.com\/srk_nyt\/","https:\/\/www.flickr.com\/photos\/suviseurat"]}]}},"_links":{"self":[{"href":"https:\/\/www.suviseurat.fi/2024\/sv\/wp-json\/wp\/v2\/pages\/19943"}],"collection":[{"href":"https:\/\/www.suviseurat.fi/2024\/sv\/wp-json\/wp\/v2\/pages"}],"about":[{"href":"https:\/\/www.suviseurat.fi/2024\/sv\/wp-json\/wp\/v2\/types\/page"}],"author":[{"embeddable":true,"href":"https:\/\/www.suviseurat.fi/2024\/sv\/wp-json\/wp\/v2\/users\/33"}],"replies":[{"embeddable":true,"href":"https:\/\/www.suviseurat.fi/2024\/sv\/wp-json\/wp\/v2\/comments?post=19943"}],"version-history":[{"count":5,"href":"https:\/\/www.suviseurat.fi/2024\/sv\/wp-json\/wp\/v2\/pages\/19943\/revisions"}],"predecessor-version":[{"id":20325,"href":"https:\/\/www.suviseurat.fi/2024\/sv\/wp-json\/wp\/v2\/pages\/19943\/revisions\/20325"}],"up":[{"embeddable":true,"href":"https:\/\/www.suviseurat.fi/2024\/sv\/wp-json\/wp\/v2\/pages\/19947"}],"wp:attachment":[{"href":"https:\/\/www.suviseurat.fi/2024\/sv\/wp-json\/wp\/v2\/media?parent=19943"}],"curies":[{"name":"wp","href":"https:\/\/api.w.org\/{rel}","templated":true}]}}