{"id":19945,"date":"2017-11-26T11:16:38","date_gmt":"2017-11-26T09:16:38","guid":{"rendered":"https:\/\/www.suviseurat.fi/2024\/19945-2\/"},"modified":"2024-06-17T09:00:16","modified_gmt":"2024-06-17T06:00:16","slug":"19945-2","status":"publish","type":"page","link":"https:\/\/www.suviseurat.fi/2024\/sv\/","title":{"rendered":""},"content":{"rendered":"\n<div class=\"wp-block-columns is-layout-flex wp-container-core-columns-is-layout-1 wp-block-columns-is-layout-flex\">\n<div class=\"wp-block-column is-layout-flow wp-block-column-is-layout-flow\">\n<h2 class=\"wp-block-heading has-medium-font-size\"><strong>V\u00e4lkommen till SRK:s Suviseurat \u2013 sommarm\u00f6te i Pudasj\u00e4rvi!<\/strong><\/h2>\n<\/div>\n<\/div>\n\n\n\n<div class=\"wp-block-columns is-layout-flex wp-container-core-columns-is-layout-2 wp-block-columns-is-layout-flex\">\n<div class=\"wp-block-column is-layout-flow wp-block-column-is-layout-flow\" style=\"flex-basis:65%\">\n<p>Finlands Fridsf\u00f6reningars Centralorganisation (SRK:s) Suviseurat \u2013 sommarm\u00f6te anordnas i Pudasj\u00e4rvi 28.6.-1.7.2024. Mottot f\u00f6r \u00e5rets m\u00f6te \u00e4r &#8220;Har du mig k\u00e4r?&#8221; (Johannes 21:17). Denna fr\u00e5ga som Jesus st\u00e4ller kommer att f\u00e5 varje sommarm\u00f6tesg\u00e4st att stanna upp. \u00c4r Jesus mig k\u00e4r? \u00c4r jag hans efterf\u00f6ljare? Vart\u00e5t \u00e4r jag p\u00e5 v\u00e4g?     <\/p>\n\n\n\n<p>Suviseurat \u2013 sommarm\u00f6tets omr\u00e5de \u00e4r flygplatsen som \u00e4gs av staden Pudasj\u00e4rvi och dess omgivningar. Tidigare har m\u00f6tet h\u00e5llits p\u00e5 samma plats 1998 och 2013. Omr\u00e5det har utvecklats och utvidgats i samarbete med Pudasj\u00e4rvi stad f\u00f6r att g\u00f6ra det mer l\u00e4mpligt f\u00f6r stora evenemang.  <\/p>\n\n\n\n<p>Fridsf\u00f6reningarna i Kuusamo, Jakkukyl\u00e4, Kiiming, Posio, Pudasj\u00e4rvi, Ranua, Taivalkoski, Ylikiiming och Yli-Ii ansvarar f\u00f6r ordnandet av Suviseurat \u2013 sommarm\u00f6tet. Kuusamo fridf\u00f6rening har huvudansvaret f\u00f6r arrangemanget. Anordnandet av sommarm\u00f6tet har kr\u00e4vt mycket samarbete med Pudasj\u00e4rvi stad, olika myndigheter, flygplatsansvariga, f\u00f6rsamlingar och inv\u00e5nare i omr\u00e5det. Samarbetet har varit bra och konstruktivt och vi \u00e4r tacksamma f\u00f6r det. Vi \u00e4r ocks\u00e5 tacksamma f\u00f6r det t\u00e5lamod som lokalbefolkningen har visat i samband med m\u00f6tesarrangemanget.    <\/p>\n\n\n\n<p>Vi har f\u00f6rberett Suviseurat \u2013 sommarm\u00f6tet i tacksamhet. Gud har v\u00e4lsignat v\u00e5rt arbete i h\u00f6g grad. Det \u00e4r v\u00e5r b\u00f6n att Guds Ord skall kalla till Guds rike och vederkvicka dem som lyssnar till Ordet.  <\/p>\n\n\n\n<p>Vi h\u00e4lsar alla varmt v\u00e4lkomna till Suviseurat \u2013 sommarm\u00f6tet i Pudasj\u00e4rvi!<\/p>\n\n\n\n<p><em>Suviseurat \u2013 sommarm\u00f6tets huvudkommitt\u00e9<\/em><\/p>\n<\/div>\n\n\n\n<div class=\"wp-block-column is-layout-flow wp-block-column-is-layout-flow\" style=\"flex-basis:33.33%\"><div class=\"wp-block-image is-style-default rounded-img\">\n<figure class=\"aligncenter size-full\"><img loading=\"lazy\" decoding=\"async\" width=\"512\" height=\"512\" src=\"https:\/\/www.suviseurat.fi/2024\/wp-content\/uploads\/2023\/10\/cropped-pj2024-merkki-e1698044587903-1.jpg\" alt=\"\" class=\"wp-image-18980\" srcset=\"https:\/\/www.suviseurat.fi/2024\/wp-content\/uploads\/2023\/10\/cropped-pj2024-merkki-e1698044587903-1.jpg 512w, https:\/\/www.suviseurat.fi/2024\/wp-content\/uploads\/2023\/10\/cropped-pj2024-merkki-e1698044587903-1-275x275.jpg 275w, https:\/\/www.suviseurat.fi/2024\/wp-content\/uploads\/2023\/10\/cropped-pj2024-merkki-e1698044587903-1-270x270.jpg 270w, https:\/\/www.suviseurat.fi/2024\/wp-content\/uploads\/2023\/10\/cropped-pj2024-merkki-e1698044587903-1-192x192.jpg 192w, https:\/\/www.suviseurat.fi/2024\/wp-content\/uploads\/2023\/10\/cropped-pj2024-merkki-e1698044587903-1-180x180.jpg 180w, https:\/\/www.suviseurat.fi/2024\/wp-content\/uploads\/2023\/10\/cropped-pj2024-merkki-e1698044587903-1-32x32.jpg 32w\" sizes=\"(max-width: 512px) 100vw, 512px\" \/><\/figure><\/div><\/div>\n<\/div>\n\n\n\n<div class=\"wp-block-columns is-layout-flex wp-container-core-columns-is-layout-3 wp-block-columns-is-layout-flex\">\n<div class=\"wp-block-column is-layout-flow wp-block-column-is-layout-flow\">\n<p class=\"has-text-align-center\">P\u00e5 SRK:s sida <a href=\"https:\/\/srk.fi\/sv\/sa-har-tror-vi\/\" target=\"_blank\" rel=\"noreferrer noopener\">S\u00e5 h\u00e4r tror vi <\/a>kan du l\u00e4sa mer om Suviseurat \u2013 sommarm\u00f6tets mest centrala budskap och v\u00e5r tro.<br>Du kan lyssna p\u00e5 predikningar fr\u00e5n tidigare Suviseurat \u2013 sommarm\u00f6ten <a href=\"https:\/\/www.suviseurat.fi/2024\/kuuntele-ja-katsele\/\" target=\"_blank\" rel=\"noreferrer noopener\">h\u00e4r.<\/a><\/p>\n<\/div>\n<\/div>\n","protected":false},"excerpt":{"rendered":"<p>V\u00e4lkommen till SRK:s Suviseurat \u2013 sommarm\u00f6te i Pudasj\u00e4rvi! Finlands Fridsf\u00f6reningars Centralorganisation (SRK:s) Suviseurat \u2013 sommarm\u00f6te<a class=\"moretag\" href=\"https:\/\/www.suviseurat.fi/2024\/sv\/\">Jatka lukemista ><\/a><\/p>\n","protected":false},"author":19,"featured_media":19001,"parent":0,"menu_order":0,"comment_status":"closed","ping_status":"closed","template":"","meta":{"_acf_changed":false,"footnotes":""},"class_list":["post-19945","page","type-page","status-publish","has-post-thumbnail","hentry"],"acf":[],"yoast_head":"<!-- This site is optimized with the Yoast SEO plugin v23.3 - https:\/\/yoast.com\/wordpress\/plugins\/seo\/ -->\n<title>SRK:n Suviseurat Pudasj\u00e4rvell\u00e4 2024<\/title>\n<meta name=\"description\" content=\"Suviseurat \u2013 sommarm\u00f6tet \u00e4r den gammellaestadianska v\u00e4ckelser\u00f6relsens \u00e5rliga storm\u00f6te. Gammellaestadianismen \u00e4r en v\u00e4ckelse inom den finska evangelisk-lutherska kyrkan. Suviseurat \u2013 sommarm\u00f6tet 2024 \u00e4ger rum den 28 juni-1 juli 2024. Alla \u00e4r varmt v\u00e4lkomna att delta!\" \/>\n<meta name=\"robots\" content=\"index, follow, max-snippet:-1, max-image-preview:large, max-video-preview:-1\" \/>\n<link rel=\"canonical\" href=\"https:\/\/www.suviseurat.fi/2024\/sv\/\" \/>\n<meta property=\"og:locale\" content=\"sv_SE\" \/>\n<meta property=\"og:type\" content=\"article\" \/>\n<meta property=\"og:title\" content=\"SRK:n Suviseurat Pudasj\u00e4rvell\u00e4 2024\" \/>\n<meta property=\"og:description\" content=\"Suviseurat \u2013 sommarm\u00f6tet \u00e4r den gammellaestadianska v\u00e4ckelser\u00f6relsens \u00e5rliga storm\u00f6te. Gammellaestadianismen \u00e4r en v\u00e4ckelse inom den finska evangelisk-lutherska kyrkan. Suviseurat \u2013 sommarm\u00f6tet 2024 \u00e4ger rum den 28 juni-1 juli 2024. Alla \u00e4r varmt v\u00e4lkomna att delta!\" \/>\n<meta property=\"og:url\" content=\"https:\/\/www.suviseurat.fi/2024\/sv\/\" \/>\n<meta property=\"og:site_name\" content=\"SRK:n Suviseurat Pudasj\u00e4rvell\u00e4 2024\" \/>\n<meta property=\"article:publisher\" content=\"https:\/\/www.facebook.com\/SRKryNyt\/\" \/>\n<meta property=\"article:modified_time\" content=\"2024-06-17T06:00:16+00:00\" \/>\n<meta property=\"og:image\" content=\"https:\/\/www.suviseurat.fi/2024\/wp-content\/uploads\/2023\/10\/logo.jpg\" \/>\n\t<meta property=\"og:image:width\" content=\"1475\" \/>\n\t<meta property=\"og:image:height\" content=\"590\" \/>\n\t<meta property=\"og:image:type\" content=\"image\/jpeg\" \/>\n<meta name=\"twitter:card\" content=\"summary_large_image\" \/>\n<meta name=\"twitter:site\" content=\"@Suviseurat\" \/>\n<meta name=\"twitter:label1\" content=\"Ber\u00e4knad l\u00e4stid\" \/>\n\t<meta name=\"twitter:data1\" content=\"2 minutes\" \/>\n<script type=\"application\/ld+json\" class=\"yoast-schema-graph\">{\"@context\":\"https:\/\/schema.org\",\"@graph\":[{\"@type\":\"WebPage\",\"@id\":\"https:\/\/www.suviseurat.fi/2024\/sv\/\",\"url\":\"https:\/\/www.suviseurat.fi/2024\/sv\/\",\"name\":\"SRK:n Suviseurat Pudasj\u00e4rvell\u00e4 2024\",\"isPartOf\":{\"@id\":\"https:\/\/www.suviseurat.fi/2024\/#website\"},\"primaryImageOfPage\":{\"@id\":\"https:\/\/www.suviseurat.fi/2024\/sv\/#primaryimage\"},\"image\":{\"@id\":\"https:\/\/www.suviseurat.fi/2024\/sv\/#primaryimage\"},\"thumbnailUrl\":\"https:\/\/www.suviseurat.fi/2024\/wp-content\/uploads\/2023\/10\/logo.jpg\",\"datePublished\":\"2017-11-26T09:16:38+00:00\",\"dateModified\":\"2024-06-17T06:00:16+00:00\",\"description\":\"Suviseurat \u2013 sommarm\u00f6tet \u00e4r den gammellaestadianska v\u00e4ckelser\u00f6relsens \u00e5rliga storm\u00f6te. Gammellaestadianismen \u00e4r en v\u00e4ckelse inom den finska evangelisk-lutherska kyrkan. Suviseurat \u2013 sommarm\u00f6tet 2024 \u00e4ger rum den 28 juni-1 juli 2024. Alla \u00e4r varmt v\u00e4lkomna att delta!\",\"inLanguage\":\"sv-SE\",\"potentialAction\":[{\"@type\":\"ReadAction\",\"target\":[\"https:\/\/www.suviseurat.fi/2024\/sv\/\"]}]},{\"@type\":\"ImageObject\",\"inLanguage\":\"sv-SE\",\"@id\":\"https:\/\/www.suviseurat.fi/2024\/sv\/#primaryimage\",\"url\":\"https:\/\/www.suviseurat.fi/2024\/wp-content\/uploads\/2023\/10\/logo.jpg\",\"contentUrl\":\"https:\/\/www.suviseurat.fi/2024\/wp-content\/uploads\/2023\/10\/logo.jpg\",\"width\":1475,\"height\":590},{\"@type\":\"WebSite\",\"@id\":\"https:\/\/www.suviseurat.fi/2024\/#website\",\"url\":\"https:\/\/www.suviseurat.fi/2024\/\",\"name\":\"SRK:n Suviseurat Pudasj\u00e4rvell\u00e4 2024\",\"description\":\"Olenko min\u00e4 sinulle rakas?\",\"publisher\":{\"@id\":\"https:\/\/www.suviseurat.fi/2024\/#organization\"},\"potentialAction\":[{\"@type\":\"SearchAction\",\"target\":{\"@type\":\"EntryPoint\",\"urlTemplate\":\"https:\/\/www.suviseurat.fi/2024\/?s={search_term_string}\"},\"query-input\":\"required name=search_term_string\"}],\"inLanguage\":\"sv-SE\"},{\"@type\":\"Organization\",\"@id\":\"https:\/\/www.suviseurat.fi/2024\/#organization\",\"name\":\"Suviseurat\",\"url\":\"https:\/\/www.suviseurat.fi/2024\/\",\"logo\":{\"@type\":\"ImageObject\",\"inLanguage\":\"sv-SE\",\"@id\":\"https:\/\/www.suviseurat.fi/2024\/#\/schema\/logo\/image\/\",\"url\":\"https:\/\/www.suviseurat.fi/2024\/wp-content\/uploads\/2023\/10\/tunnus-nelio.jpg\",\"contentUrl\":\"https:\/\/www.suviseurat.fi/2024\/wp-content\/uploads\/2023\/10\/tunnus-nelio.jpg\",\"width\":1000,\"height\":1000,\"caption\":\"Suviseurat\"},\"image\":{\"@id\":\"https:\/\/www.suviseurat.fi/2024\/#\/schema\/logo\/image\/\"},\"sameAs\":[\"https:\/\/www.facebook.com\/SRKryNyt\/\",\"https:\/\/x.com\/Suviseurat\",\"https:\/\/www.facebook.com\/srksuviseurat\/\",\"https:\/\/www.youtube.com\/@SRKnyt\",\"https:\/\/www.instagram.com\/srk_nyt\/\",\"https:\/\/www.flickr.com\/photos\/suviseurat\"]}]}<\/script>\n<!-- \/ Yoast SEO plugin. -->","yoast_head_json":{"title":"SRK:n Suviseurat Pudasj\u00e4rvell\u00e4 2024","description":"Suviseurat \u2013 sommarm\u00f6tet \u00e4r den gammellaestadianska v\u00e4ckelser\u00f6relsens \u00e5rliga storm\u00f6te. Gammellaestadianismen \u00e4r en v\u00e4ckelse inom den finska evangelisk-lutherska kyrkan. Suviseurat \u2013 sommarm\u00f6tet 2024 \u00e4ger rum den 28 juni-1 juli 2024. Alla \u00e4r varmt v\u00e4lkomna att delta!","robots":{"index":"index","follow":"follow","max-snippet":"max-snippet:-1","max-image-preview":"max-image-preview:large","max-video-preview":"max-video-preview:-1"},"canonical":"https:\/\/www.suviseurat.fi/2024\/sv\/","og_locale":"sv_SE","og_type":"article","og_title":"SRK:n Suviseurat Pudasj\u00e4rvell\u00e4 2024","og_description":"Suviseurat \u2013 sommarm\u00f6tet \u00e4r den gammellaestadianska v\u00e4ckelser\u00f6relsens \u00e5rliga storm\u00f6te. Gammellaestadianismen \u00e4r en v\u00e4ckelse inom den finska evangelisk-lutherska kyrkan. Suviseurat \u2013 sommarm\u00f6tet 2024 \u00e4ger rum den 28 juni-1 juli 2024. Alla \u00e4r varmt v\u00e4lkomna att delta!","og_url":"https:\/\/www.suviseurat.fi/2024\/sv\/","og_site_name":"SRK:n Suviseurat Pudasj\u00e4rvell\u00e4 2024","article_publisher":"https:\/\/www.facebook.com\/SRKryNyt\/","article_modified_time":"2024-06-17T06:00:16+00:00","og_image":[{"width":1475,"height":590,"url":"https:\/\/www.suviseurat.fi/2024\/wp-content\/uploads\/2023\/10\/logo.jpg","type":"image\/jpeg"}],"twitter_card":"summary_large_image","twitter_site":"@Suviseurat","twitter_misc":{"Ber\u00e4knad l\u00e4stid":"2 minutes"},"schema":{"@context":"https:\/\/schema.org","@graph":[{"@type":"WebPage","@id":"https:\/\/www.suviseurat.fi/2024\/sv\/","url":"https:\/\/www.suviseurat.fi/2024\/sv\/","name":"SRK:n Suviseurat Pudasj\u00e4rvell\u00e4 2024","isPartOf":{"@id":"https:\/\/www.suviseurat.fi/2024\/#website"},"primaryImageOfPage":{"@id":"https:\/\/www.suviseurat.fi/2024\/sv\/#primaryimage"},"image":{"@id":"https:\/\/www.suviseurat.fi/2024\/sv\/#primaryimage"},"thumbnailUrl":"https:\/\/www.suviseurat.fi/2024\/wp-content\/uploads\/2023\/10\/logo.jpg","datePublished":"2017-11-26T09:16:38+00:00","dateModified":"2024-06-17T06:00:16+00:00","description":"Suviseurat \u2013 sommarm\u00f6tet \u00e4r den gammellaestadianska v\u00e4ckelser\u00f6relsens \u00e5rliga storm\u00f6te. Gammellaestadianismen \u00e4r en v\u00e4ckelse inom den finska evangelisk-lutherska kyrkan. Suviseurat \u2013 sommarm\u00f6tet 2024 \u00e4ger rum den 28 juni-1 juli 2024. Alla \u00e4r varmt v\u00e4lkomna att delta!","inLanguage":"sv-SE","potentialAction":[{"@type":"ReadAction","target":["https:\/\/www.suviseurat.fi/2024\/sv\/"]}]},{"@type":"ImageObject","inLanguage":"sv-SE","@id":"https:\/\/www.suviseurat.fi/2024\/sv\/#primaryimage","url":"https:\/\/www.suviseurat.fi/2024\/wp-content\/uploads\/2023\/10\/logo.jpg","contentUrl":"https:\/\/www.suviseurat.fi/2024\/wp-content\/uploads\/2023\/10\/logo.jpg","width":1475,"height":590},{"@type":"WebSite","@id":"https:\/\/www.suviseurat.fi/2024\/#website","url":"https:\/\/www.suviseurat.fi/2024\/","name":"SRK:n Suviseurat Pudasj\u00e4rvell\u00e4 2024","description":"Olenko min\u00e4 sinulle rakas?","publisher":{"@id":"https:\/\/www.suviseurat.fi/2024\/#organization"},"potentialAction":[{"@type":"SearchAction","target":{"@type":"EntryPoint","urlTemplate":"https:\/\/www.suviseurat.fi/2024\/?s={search_term_string}"},"query-input":"required name=search_term_string"}],"inLanguage":"sv-SE"},{"@type":"Organization","@id":"https:\/\/www.suviseurat.fi/2024\/#organization","name":"Suviseurat","url":"https:\/\/www.suviseurat.fi/2024\/","logo":{"@type":"ImageObject","inLanguage":"sv-SE","@id":"https:\/\/www.suviseurat.fi/2024\/#\/schema\/logo\/image\/","url":"https:\/\/www.suviseurat.fi/2024\/wp-content\/uploads\/2023\/10\/tunnus-nelio.jpg","contentUrl":"https:\/\/www.suviseurat.fi/2024\/wp-content\/uploads\/2023\/10\/tunnus-nelio.jpg","width":1000,"height":1000,"caption":"Suviseurat"},"image":{"@id":"https:\/\/www.suviseurat.fi/2024\/#\/schema\/logo\/image\/"},"sameAs":["https:\/\/www.facebook.com\/SRKryNyt\/","https:\/\/x.com\/Suviseurat","https:\/\/www.facebook.com\/srksuviseurat\/","https:\/\/www.youtube.com\/@SRKnyt","https:\/\/www.instagram.com\/srk_nyt\/","https:\/\/www.flickr.com\/photos\/suviseurat"]}]}},"_links":{"self":[{"href":"https:\/\/www.suviseurat.fi/2024\/sv\/wp-json\/wp\/v2\/pages\/19945"}],"collection":[{"href":"https:\/\/www.suviseurat.fi/2024\/sv\/wp-json\/wp\/v2\/pages"}],"about":[{"href":"https:\/\/www.suviseurat.fi/2024\/sv\/wp-json\/wp\/v2\/types\/page"}],"author":[{"embeddable":true,"href":"https:\/\/www.suviseurat.fi/2024\/sv\/wp-json\/wp\/v2\/users\/19"}],"replies":[{"embeddable":true,"href":"https:\/\/www.suviseurat.fi/2024\/sv\/wp-json\/wp\/v2\/comments?post=19945"}],"version-history":[{"count":9,"href":"https:\/\/www.suviseurat.fi/2024\/sv\/wp-json\/wp\/v2\/pages\/19945\/revisions"}],"predecessor-version":[{"id":20470,"href":"https:\/\/www.suviseurat.fi/2024\/sv\/wp-json\/wp\/v2\/pages\/19945\/revisions\/20470"}],"wp:featuredmedia":[{"embeddable":true,"href":"https:\/\/www.suviseurat.fi/2024\/sv\/wp-json\/wp\/v2\/media\/19001"}],"wp:attachment":[{"href":"https:\/\/www.suviseurat.fi/2024\/sv\/wp-json\/wp\/v2\/media?parent=19945"}],"curies":[{"name":"wp","href":"https:\/\/api.w.org\/{rel}","templated":true}]}}