{"id":19947,"date":"2021-11-18T19:23:42","date_gmt":"2021-11-18T17:23:42","guid":{"rendered":"https:\/\/www.suviseurat.fi/2024\/sommarmotet\/"},"modified":"2024-06-11T21:48:21","modified_gmt":"2024-06-11T18:48:21","slug":"sommarmotet","status":"publish","type":"page","link":"https:\/\/www.suviseurat.fi/2024\/sv\/sommarmotet\/","title":{"rendered":"Suviseurat &#8211; Sommarm\u00f6tet"},"content":{"rendered":"\n<h1 class=\"wp-block-heading\"><strong>Suviseurat &#8211; Sommarm\u00f6tet<\/strong><\/h1>\n\n<p><span style=\"font-weight: 400\"><strong>Suviseurat \u2013 sommarm\u00f6tet <\/strong> \u00e4r den gammallaestadianska v\u00e4ckelser\u00f6relsens \u00e5rligten \u00e5terkommande evenemang. Det \u00e4r ocks\u00e5 internationellt och det st\u00f6rsta andliga evenemanget i Norden. Gammallaestadianismen \u00e4r en v\u00e4ckelser\u00f6relse inom den evangelisk-lutherska kyrkan i Finland.  <\/span><\/p>\n\n<p><span style=\"font-weight: 400\">I fokus under Suviseurat \u2013 sommarm\u00f6tet \u00e4r m\u00f6tespredikningar grundade p\u00e5 Bibeln, alls\u00e5ng och \u00e5terseende av v\u00e4nner. Vi vill f\u00f6rmedla ett tryggt budskap om syndernas f\u00f6rl\u00e5telse och kalla m\u00e4nniskor till att tro. De flesta m\u00f6tesg\u00e4sterna \u00e4r inkvarterade p\u00e5 m\u00f6tesomr\u00e5det.   <\/span><\/p>\n\n<p><span style=\"font-weight: 400\">Ut\u00f6ver predikningar anordnas under l\u00f6rdagen en nattvardsm\u00e4ssa i det stora m\u00f6test\u00e4ltet samt en Gudstj\u00e4nst och s\u00f6ndagsskola under s\u00f6ndagen. Under s\u00f6ndagen anordnas ocks\u00e5 Gudstj\u00e4nster i n\u00e4romr\u00e5dets kyrkor i samarbete med de lokala f\u00f6rsamlingarna. <\/span><\/p>\n\n<p><span style=\"font-weight: 400\">Alla \u00e4r v\u00e4lkomna till Suviseurat \u2013 sommarm\u00f6tet. Det \u00e4r fritt intr\u00e4de till evenemanget. <\/span><\/p>\n\n<div style=\"height:50px\" aria-hidden=\"true\" class=\"wp-block-spacer\"><\/div>\n\n<h3 class=\"wp-block-heading\"><strong>Suviseurat \u2013 sommarm\u00f6tet i Pudasj\u00e4rvi 2024<\/strong><\/h3>\n\n<p>Vill Gud, kommer SRK:s Suviseurat \u2013 sommarm\u00f6te 2024 att anordnas i Pudasj\u00e4rvi 28.6.\u20131.7.2024.<\/p>\n\n<p>Platsen f\u00f6r Suviseurat \u2013 sommarm\u00f6tet \u00e4r Pudasj\u00e4rvi flygf\u00e4lt, som \u00e4gs av Pudasj\u00e4rvi stad. Senast Pudasj\u00e4rvi flygf\u00e4lt stod v\u00e4rd f\u00f6r Suviseurat \u2013 sommarm\u00f6tet var 2013. Omr\u00e5det har utvecklats tillsammans med Pudasj\u00e4rvi stad f\u00f6r att b\u00e4ttre fungera som ett evenemangsomr\u00e5de. Pudasj\u00e4rvi ligger i norra delen av Norra \u00d6sterbotten, cirka 100 km fr\u00e5n Ule\u00e5borg mot Kuusamo. Pudasj\u00e4rvi har cirka 7 600 inv\u00e5nare.     <\/p>\n\n<p>Fridsf\u00f6reningarna i Kuusamo, Jakkukyl\u00e4, Kiiming, Posio, Pudasj\u00e4rvi, Ranua, Taivalkoski, Ylikiiming och Yli-Ii ansvarar f\u00f6r organisationen. Kuusamon fridf\u00f6rening har huvudansvaret f\u00f6r arrangemangen kring Suviseurat \u2013 sommarm\u00f6tet.<\/p>\n\n<p>V\u00e5r b\u00f6n \u00e4r att Gud ska v\u00e4lsigna v\u00e5rt arbete med f\u00f6rberedelserna. Vi ber att Guds ord f\u00e5r kalla till Guds rike och vederkvicka \u00e5h\u00f6rarna under Pudasj\u00e4rvi Suviseurat \u2013 sommarm\u00f6te 2024. <\/p>\n\n<p><em>Huvudkommitt\u00e9n f\u00f6r Suviseurat \u2013 sommarm\u00f6tet i Pudasj\u00e4rvi<\/em><\/p>\n","protected":false},"excerpt":{"rendered":"<p>Suviseurat &#8211; Sommarm\u00f6tet Suviseurat \u2013 sommarm\u00f6tet \u00e4r den gammallaestadianska v\u00e4ckelser\u00f6relsens \u00e5rligten \u00e5terkommande evenemang. Det \u00e4r<a class=\"moretag\" href=\"https:\/\/www.suviseurat.fi/2024\/sv\/sommarmotet\/\">Jatka lukemista ><\/a><\/p>\n","protected":false},"author":19,"featured_media":0,"parent":0,"menu_order":0,"comment_status":"closed","ping_status":"closed","template":"","meta":{"_acf_changed":false,"footnotes":""},"class_list":["post-19947","page","type-page","status-publish","hentry"],"acf":[],"yoast_head":"<!-- This site is optimized with the Yoast SEO plugin v23.3 - https:\/\/yoast.com\/wordpress\/plugins\/seo\/ -->\n<title>Suviseurat - Sommarm\u00f6tet - SRK:n Suviseurat Pudasj\u00e4rvell\u00e4 2024<\/title>\n<meta name=\"description\" content=\"Suviseurat - Sommarm\u00f6tet Suviseurat \u2013 sommarm\u00f6tet \u00e4r den gammallaestadianska v\u00e4ckelser\u00f6relsens \u00e5rligten \u00e5terkommande evenemang. Det \u00e4r ocks\u00e5\" \/>\n<meta name=\"robots\" content=\"index, follow, max-snippet:-1, max-image-preview:large, max-video-preview:-1\" \/>\n<link rel=\"canonical\" href=\"https:\/\/www.suviseurat.fi/2024\/sv\/sommarmotet\/\" \/>\n<meta property=\"og:locale\" content=\"sv_SE\" \/>\n<meta property=\"og:type\" content=\"article\" \/>\n<meta property=\"og:title\" content=\"Suviseurat - Sommarm\u00f6tet - SRK:n Suviseurat Pudasj\u00e4rvell\u00e4 2024\" \/>\n<meta property=\"og:description\" content=\"Suviseurat - Sommarm\u00f6tet Suviseurat \u2013 sommarm\u00f6tet \u00e4r den gammallaestadianska v\u00e4ckelser\u00f6relsens \u00e5rligten \u00e5terkommande evenemang. Det \u00e4r ocks\u00e5\" \/>\n<meta property=\"og:url\" content=\"https:\/\/www.suviseurat.fi/2024\/sv\/sommarmotet\/\" \/>\n<meta property=\"og:site_name\" content=\"SRK:n Suviseurat Pudasj\u00e4rvell\u00e4 2024\" \/>\n<meta property=\"article:publisher\" content=\"https:\/\/www.facebook.com\/SRKryNyt\/\" \/>\n<meta property=\"article:modified_time\" content=\"2024-06-11T18:48:21+00:00\" \/>\n<meta name=\"twitter:card\" content=\"summary_large_image\" \/>\n<meta name=\"twitter:site\" content=\"@Suviseurat\" \/>\n<meta name=\"twitter:label1\" content=\"Ber\u00e4knad l\u00e4stid\" \/>\n\t<meta name=\"twitter:data1\" content=\"2 minutes\" \/>\n<script type=\"application\/ld+json\" class=\"yoast-schema-graph\">{\"@context\":\"https:\/\/schema.org\",\"@graph\":[{\"@type\":\"WebPage\",\"@id\":\"https:\/\/www.suviseurat.fi/2024\/sv\/sommarmotet\/\",\"url\":\"https:\/\/www.suviseurat.fi/2024\/sv\/sommarmotet\/\",\"name\":\"Suviseurat - Sommarm\u00f6tet - SRK:n Suviseurat Pudasj\u00e4rvell\u00e4 2024\",\"isPartOf\":{\"@id\":\"https:\/\/www.suviseurat.fi/2024\/#website\"},\"datePublished\":\"2021-11-18T17:23:42+00:00\",\"dateModified\":\"2024-06-11T18:48:21+00:00\",\"description\":\"Suviseurat - Sommarm\u00f6tet Suviseurat \u2013 sommarm\u00f6tet \u00e4r den gammallaestadianska v\u00e4ckelser\u00f6relsens \u00e5rligten \u00e5terkommande evenemang. Det \u00e4r ocks\u00e5\",\"breadcrumb\":{\"@id\":\"https:\/\/www.suviseurat.fi/2024\/sv\/sommarmotet\/#breadcrumb\"},\"inLanguage\":\"sv-SE\",\"potentialAction\":[{\"@type\":\"ReadAction\",\"target\":[\"https:\/\/www.suviseurat.fi/2024\/sv\/sommarmotet\/\"]}]},{\"@type\":\"BreadcrumbList\",\"@id\":\"https:\/\/www.suviseurat.fi/2024\/sv\/sommarmotet\/#breadcrumb\",\"itemListElement\":[{\"@type\":\"ListItem\",\"position\":1,\"name\":\"Etusivu\",\"item\":\"https:\/\/www.suviseurat.fi/2024\/sv\/\"},{\"@type\":\"ListItem\",\"position\":2,\"name\":\"Suviseurat &#8211; Sommarm\u00f6tet\"}]},{\"@type\":\"WebSite\",\"@id\":\"https:\/\/www.suviseurat.fi/2024\/#website\",\"url\":\"https:\/\/www.suviseurat.fi/2024\/\",\"name\":\"SRK:n Suviseurat Pudasj\u00e4rvell\u00e4 2024\",\"description\":\"Olenko min\u00e4 sinulle rakas?\",\"publisher\":{\"@id\":\"https:\/\/www.suviseurat.fi/2024\/#organization\"},\"potentialAction\":[{\"@type\":\"SearchAction\",\"target\":{\"@type\":\"EntryPoint\",\"urlTemplate\":\"https:\/\/www.suviseurat.fi/2024\/?s={search_term_string}\"},\"query-input\":\"required name=search_term_string\"}],\"inLanguage\":\"sv-SE\"},{\"@type\":\"Organization\",\"@id\":\"https:\/\/www.suviseurat.fi/2024\/#organization\",\"name\":\"Suviseurat\",\"url\":\"https:\/\/www.suviseurat.fi/2024\/\",\"logo\":{\"@type\":\"ImageObject\",\"inLanguage\":\"sv-SE\",\"@id\":\"https:\/\/www.suviseurat.fi/2024\/#\/schema\/logo\/image\/\",\"url\":\"https:\/\/www.suviseurat.fi/2024\/wp-content\/uploads\/2023\/10\/tunnus-nelio.jpg\",\"contentUrl\":\"https:\/\/www.suviseurat.fi/2024\/wp-content\/uploads\/2023\/10\/tunnus-nelio.jpg\",\"width\":1000,\"height\":1000,\"caption\":\"Suviseurat\"},\"image\":{\"@id\":\"https:\/\/www.suviseurat.fi/2024\/#\/schema\/logo\/image\/\"},\"sameAs\":[\"https:\/\/www.facebook.com\/SRKryNyt\/\",\"https:\/\/x.com\/Suviseurat\",\"https:\/\/www.facebook.com\/srksuviseurat\/\",\"https:\/\/www.youtube.com\/@SRKnyt\",\"https:\/\/www.instagram.com\/srk_nyt\/\",\"https:\/\/www.flickr.com\/photos\/suviseurat\"]}]}<\/script>\n<!-- \/ Yoast SEO plugin. -->","yoast_head_json":{"title":"Suviseurat - Sommarm\u00f6tet - SRK:n Suviseurat Pudasj\u00e4rvell\u00e4 2024","description":"Suviseurat - Sommarm\u00f6tet Suviseurat \u2013 sommarm\u00f6tet \u00e4r den gammallaestadianska v\u00e4ckelser\u00f6relsens \u00e5rligten \u00e5terkommande evenemang. Det \u00e4r ocks\u00e5","robots":{"index":"index","follow":"follow","max-snippet":"max-snippet:-1","max-image-preview":"max-image-preview:large","max-video-preview":"max-video-preview:-1"},"canonical":"https:\/\/www.suviseurat.fi/2024\/sv\/sommarmotet\/","og_locale":"sv_SE","og_type":"article","og_title":"Suviseurat - Sommarm\u00f6tet - SRK:n Suviseurat Pudasj\u00e4rvell\u00e4 2024","og_description":"Suviseurat - Sommarm\u00f6tet Suviseurat \u2013 sommarm\u00f6tet \u00e4r den gammallaestadianska v\u00e4ckelser\u00f6relsens \u00e5rligten \u00e5terkommande evenemang. Det \u00e4r ocks\u00e5","og_url":"https:\/\/www.suviseurat.fi/2024\/sv\/sommarmotet\/","og_site_name":"SRK:n Suviseurat Pudasj\u00e4rvell\u00e4 2024","article_publisher":"https:\/\/www.facebook.com\/SRKryNyt\/","article_modified_time":"2024-06-11T18:48:21+00:00","twitter_card":"summary_large_image","twitter_site":"@Suviseurat","twitter_misc":{"Ber\u00e4knad l\u00e4stid":"2 minutes"},"schema":{"@context":"https:\/\/schema.org","@graph":[{"@type":"WebPage","@id":"https:\/\/www.suviseurat.fi/2024\/sv\/sommarmotet\/","url":"https:\/\/www.suviseurat.fi/2024\/sv\/sommarmotet\/","name":"Suviseurat - Sommarm\u00f6tet - SRK:n Suviseurat Pudasj\u00e4rvell\u00e4 2024","isPartOf":{"@id":"https:\/\/www.suviseurat.fi/2024\/#website"},"datePublished":"2021-11-18T17:23:42+00:00","dateModified":"2024-06-11T18:48:21+00:00","description":"Suviseurat - Sommarm\u00f6tet Suviseurat \u2013 sommarm\u00f6tet \u00e4r den gammallaestadianska v\u00e4ckelser\u00f6relsens \u00e5rligten \u00e5terkommande evenemang. Det \u00e4r ocks\u00e5","breadcrumb":{"@id":"https:\/\/www.suviseurat.fi/2024\/sv\/sommarmotet\/#breadcrumb"},"inLanguage":"sv-SE","potentialAction":[{"@type":"ReadAction","target":["https:\/\/www.suviseurat.fi/2024\/sv\/sommarmotet\/"]}]},{"@type":"BreadcrumbList","@id":"https:\/\/www.suviseurat.fi/2024\/sv\/sommarmotet\/#breadcrumb","itemListElement":[{"@type":"ListItem","position":1,"name":"Etusivu","item":"https:\/\/www.suviseurat.fi/2024\/sv\/"},{"@type":"ListItem","position":2,"name":"Suviseurat &#8211; Sommarm\u00f6tet"}]},{"@type":"WebSite","@id":"https:\/\/www.suviseurat.fi/2024\/#website","url":"https:\/\/www.suviseurat.fi/2024\/","name":"SRK:n Suviseurat Pudasj\u00e4rvell\u00e4 2024","description":"Olenko min\u00e4 sinulle rakas?","publisher":{"@id":"https:\/\/www.suviseurat.fi/2024\/#organization"},"potentialAction":[{"@type":"SearchAction","target":{"@type":"EntryPoint","urlTemplate":"https:\/\/www.suviseurat.fi/2024\/?s={search_term_string}"},"query-input":"required name=search_term_string"}],"inLanguage":"sv-SE"},{"@type":"Organization","@id":"https:\/\/www.suviseurat.fi/2024\/#organization","name":"Suviseurat","url":"https:\/\/www.suviseurat.fi/2024\/","logo":{"@type":"ImageObject","inLanguage":"sv-SE","@id":"https:\/\/www.suviseurat.fi/2024\/#\/schema\/logo\/image\/","url":"https:\/\/www.suviseurat.fi/2024\/wp-content\/uploads\/2023\/10\/tunnus-nelio.jpg","contentUrl":"https:\/\/www.suviseurat.fi/2024\/wp-content\/uploads\/2023\/10\/tunnus-nelio.jpg","width":1000,"height":1000,"caption":"Suviseurat"},"image":{"@id":"https:\/\/www.suviseurat.fi/2024\/#\/schema\/logo\/image\/"},"sameAs":["https:\/\/www.facebook.com\/SRKryNyt\/","https:\/\/x.com\/Suviseurat","https:\/\/www.facebook.com\/srksuviseurat\/","https:\/\/www.youtube.com\/@SRKnyt","https:\/\/www.instagram.com\/srk_nyt\/","https:\/\/www.flickr.com\/photos\/suviseurat"]}]}},"_links":{"self":[{"href":"https:\/\/www.suviseurat.fi/2024\/sv\/wp-json\/wp\/v2\/pages\/19947"}],"collection":[{"href":"https:\/\/www.suviseurat.fi/2024\/sv\/wp-json\/wp\/v2\/pages"}],"about":[{"href":"https:\/\/www.suviseurat.fi/2024\/sv\/wp-json\/wp\/v2\/types\/page"}],"author":[{"embeddable":true,"href":"https:\/\/www.suviseurat.fi/2024\/sv\/wp-json\/wp\/v2\/users\/19"}],"replies":[{"embeddable":true,"href":"https:\/\/www.suviseurat.fi/2024\/sv\/wp-json\/wp\/v2\/comments?post=19947"}],"version-history":[{"count":5,"href":"https:\/\/www.suviseurat.fi/2024\/sv\/wp-json\/wp\/v2\/pages\/19947\/revisions"}],"predecessor-version":[{"id":20323,"href":"https:\/\/www.suviseurat.fi/2024\/sv\/wp-json\/wp\/v2\/pages\/19947\/revisions\/20323"}],"wp:attachment":[{"href":"https:\/\/www.suviseurat.fi/2024\/sv\/wp-json\/wp\/v2\/media?parent=19947"}],"curies":[{"name":"wp","href":"https:\/\/api.w.org\/{rel}","templated":true}]}}