{"id":19949,"date":"2024-05-14T14:48:00","date_gmt":"2024-05-14T11:48:00","guid":{"rendered":"https:\/\/www.suviseurat.fi/2024\/sommarmotet\/sommarklubbar-i-lope-2025\/"},"modified":"2024-06-11T21:58:11","modified_gmt":"2024-06-11T18:58:11","slug":"sommarklubbar-i-lope-2025","status":"publish","type":"page","link":"https:\/\/www.suviseurat.fi/2024\/sv\/sommarmotet\/sommarklubbar-i-lope-2025\/","title":{"rendered":"Suviseurat &#8211; Sommarm\u00f6tet i Loppi 2025"},"content":{"rendered":"\n<div class=\"wp-block-columns is-layout-flex wp-container-core-columns-is-layout-1 wp-block-columns-is-layout-flex\">\n<div class=\"wp-block-column is-layout-flow wp-block-column-is-layout-flow\">\n<h2 class=\"wp-block-heading\">V\u00e4lkommen till Suviseurat \u2013 sommarm\u00f6tet i Loppi 2025!<\/h2>\n\n\n\n<p><\/p>\n\n\n\n<p>Om Gud s\u00e5 vill, anordnas SRK:s (Finlands Fridsf\u00f6reningars Centralorganisations) Suviseurat \u2013 sommarm\u00f6te \u00e5r 2025 i Loppi under helgen 27-30 juni 2025. Platsen \u00e4r samma flygf\u00e4lt i R\u00e4ysk\u00e4l\u00e4 som tidigare \u00e5r 2022 och 2012. Omr\u00e5det f\u00f6r inkvartering har ut\u00f6kats en aning.  <\/p>\n\n\n\n<p>Suviseurat \u2013 sommarm\u00f6tet organiseras p\u00e5 frivillig basis. Fridsf\u00f6reningarna i Helsingfors, Tr\u00e4sk\u00e4nda, Kouvola, Lahtis, Villmanstrand, Lemp\u00e4\u00e4l\u00e4, M\u00e4nts\u00e4l\u00e4, Borgn\u00e4s och Borg\u00e5 ansvarar f\u00f6r att arrangera Suviseurat \u2013 sommarm\u00f6tet 2025. Sammanlagt har dessa fridsf\u00f6reningar cirka 2.300 medlemmar.  <\/p>\n\n\n\n<p>Mottot f\u00f6r Suviseurat \u2013 sommarm\u00f6tet \u00e4r fr\u00e5n Psalm 73: &#8220;I himlen har jag dig.&#8221; Mottot \u00e4r en tr\u00f6stande p\u00e5minnelse om den enda best\u00e5ende tillflyktsort en m\u00e4nniska har i livets alla skeden. <\/p>\n\n\n\n<p>Varmt v\u00e4lkommen till Suviseurat \u2013 sommarm\u00f6tet i Loppi!<\/p>\n\n\n\n<p><em>Huvudkommitt\u00e9n<\/em><\/p>\n<\/div>\n<\/div>\n","protected":false},"excerpt":{"rendered":"<p>V\u00e4lkommen till Suviseurat \u2013 sommarm\u00f6tet i Loppi 2025! Om Gud s\u00e5 vill, anordnas SRK:s (Finlands<a class=\"moretag\" href=\"https:\/\/www.suviseurat.fi/2024\/sv\/sommarmotet\/sommarklubbar-i-lope-2025\/\">Jatka lukemista ><\/a><\/p>\n","protected":false},"author":19,"featured_media":0,"parent":19947,"menu_order":9,"comment_status":"closed","ping_status":"closed","template":"","meta":{"_acf_changed":false,"footnotes":""},"class_list":["post-19949","page","type-page","status-publish","hentry"],"acf":[],"yoast_head":"<!-- This site is optimized with the Yoast SEO plugin v23.3 - https:\/\/yoast.com\/wordpress\/plugins\/seo\/ -->\n<title>Suviseurat - Sommarm\u00f6tet i Loppi 2025 - SRK:n Suviseurat Pudasj\u00e4rvell\u00e4 2024<\/title>\n<meta name=\"description\" content=\"V\u00e4lkommen till Suviseurat \u2013 sommarm\u00f6tet i Loppi 2025! Om Gud s\u00e5 vill, anordnas SRK:s (Finlands Fridsf\u00f6reningars Centralorganisations) Suviseurat \u2013\" \/>\n<meta name=\"robots\" content=\"index, follow, max-snippet:-1, max-image-preview:large, max-video-preview:-1\" \/>\n<link rel=\"canonical\" href=\"https:\/\/www.suviseurat.fi/2024\/sv\/sommarmotet\/sommarklubbar-i-lope-2025\/\" \/>\n<meta property=\"og:locale\" content=\"sv_SE\" \/>\n<meta property=\"og:type\" content=\"article\" \/>\n<meta property=\"og:title\" content=\"Suviseurat - Sommarm\u00f6tet i Loppi 2025 - SRK:n Suviseurat Pudasj\u00e4rvell\u00e4 2024\" \/>\n<meta property=\"og:description\" content=\"V\u00e4lkommen till Suviseurat \u2013 sommarm\u00f6tet i Loppi 2025! Om Gud s\u00e5 vill, anordnas SRK:s (Finlands Fridsf\u00f6reningars Centralorganisations) Suviseurat \u2013\" \/>\n<meta property=\"og:url\" content=\"https:\/\/www.suviseurat.fi/2024\/sv\/sommarmotet\/sommarklubbar-i-lope-2025\/\" \/>\n<meta property=\"og:site_name\" content=\"SRK:n Suviseurat Pudasj\u00e4rvell\u00e4 2024\" \/>\n<meta property=\"article:publisher\" content=\"https:\/\/www.facebook.com\/SRKryNyt\/\" \/>\n<meta property=\"article:modified_time\" content=\"2024-06-11T18:58:11+00:00\" \/>\n<meta name=\"twitter:card\" content=\"summary_large_image\" \/>\n<meta name=\"twitter:site\" content=\"@Suviseurat\" \/>\n<meta name=\"twitter:label1\" content=\"Ber\u00e4knad l\u00e4stid\" \/>\n\t<meta name=\"twitter:data1\" content=\"1 minute\" \/>\n<script type=\"application\/ld+json\" class=\"yoast-schema-graph\">{\"@context\":\"https:\/\/schema.org\",\"@graph\":[{\"@type\":\"WebPage\",\"@id\":\"https:\/\/www.suviseurat.fi/2024\/sv\/sommarmotet\/sommarklubbar-i-lope-2025\/\",\"url\":\"https:\/\/www.suviseurat.fi/2024\/sv\/sommarmotet\/sommarklubbar-i-lope-2025\/\",\"name\":\"Suviseurat - Sommarm\u00f6tet i Loppi 2025 - SRK:n Suviseurat Pudasj\u00e4rvell\u00e4 2024\",\"isPartOf\":{\"@id\":\"https:\/\/www.suviseurat.fi/2024\/#website\"},\"datePublished\":\"2024-05-14T11:48:00+00:00\",\"dateModified\":\"2024-06-11T18:58:11+00:00\",\"description\":\"V\u00e4lkommen till Suviseurat \u2013 sommarm\u00f6tet i Loppi 2025! Om Gud s\u00e5 vill, anordnas SRK:s (Finlands Fridsf\u00f6reningars Centralorganisations) Suviseurat \u2013\",\"breadcrumb\":{\"@id\":\"https:\/\/www.suviseurat.fi/2024\/sv\/sommarmotet\/sommarklubbar-i-lope-2025\/#breadcrumb\"},\"inLanguage\":\"sv-SE\",\"potentialAction\":[{\"@type\":\"ReadAction\",\"target\":[\"https:\/\/www.suviseurat.fi/2024\/sv\/sommarmotet\/sommarklubbar-i-lope-2025\/\"]}]},{\"@type\":\"BreadcrumbList\",\"@id\":\"https:\/\/www.suviseurat.fi/2024\/sv\/sommarmotet\/sommarklubbar-i-lope-2025\/#breadcrumb\",\"itemListElement\":[{\"@type\":\"ListItem\",\"position\":1,\"name\":\"Etusivu\",\"item\":\"https:\/\/www.suviseurat.fi/2024\/sv\/\"},{\"@type\":\"ListItem\",\"position\":2,\"name\":\"Suviseurat &#8211; Sommarm\u00f6tet\",\"item\":\"https:\/\/www.suviseurat.fi/2024\/sv\/sommarmotet\/\"},{\"@type\":\"ListItem\",\"position\":3,\"name\":\"Suviseurat &#8211; Sommarm\u00f6tet i Loppi 2025\"}]},{\"@type\":\"WebSite\",\"@id\":\"https:\/\/www.suviseurat.fi/2024\/#website\",\"url\":\"https:\/\/www.suviseurat.fi/2024\/\",\"name\":\"SRK:n Suviseurat Pudasj\u00e4rvell\u00e4 2024\",\"description\":\"Olenko min\u00e4 sinulle rakas?\",\"publisher\":{\"@id\":\"https:\/\/www.suviseurat.fi/2024\/#organization\"},\"potentialAction\":[{\"@type\":\"SearchAction\",\"target\":{\"@type\":\"EntryPoint\",\"urlTemplate\":\"https:\/\/www.suviseurat.fi/2024\/?s={search_term_string}\"},\"query-input\":\"required name=search_term_string\"}],\"inLanguage\":\"sv-SE\"},{\"@type\":\"Organization\",\"@id\":\"https:\/\/www.suviseurat.fi/2024\/#organization\",\"name\":\"Suviseurat\",\"url\":\"https:\/\/www.suviseurat.fi/2024\/\",\"logo\":{\"@type\":\"ImageObject\",\"inLanguage\":\"sv-SE\",\"@id\":\"https:\/\/www.suviseurat.fi/2024\/#\/schema\/logo\/image\/\",\"url\":\"https:\/\/www.suviseurat.fi/2024\/wp-content\/uploads\/2023\/10\/tunnus-nelio.jpg\",\"contentUrl\":\"https:\/\/www.suviseurat.fi/2024\/wp-content\/uploads\/2023\/10\/tunnus-nelio.jpg\",\"width\":1000,\"height\":1000,\"caption\":\"Suviseurat\"},\"image\":{\"@id\":\"https:\/\/www.suviseurat.fi/2024\/#\/schema\/logo\/image\/\"},\"sameAs\":[\"https:\/\/www.facebook.com\/SRKryNyt\/\",\"https:\/\/x.com\/Suviseurat\",\"https:\/\/www.facebook.com\/srksuviseurat\/\",\"https:\/\/www.youtube.com\/@SRKnyt\",\"https:\/\/www.instagram.com\/srk_nyt\/\",\"https:\/\/www.flickr.com\/photos\/suviseurat\"]}]}<\/script>\n<!-- \/ Yoast SEO plugin. -->","yoast_head_json":{"title":"Suviseurat - Sommarm\u00f6tet i Loppi 2025 - SRK:n Suviseurat Pudasj\u00e4rvell\u00e4 2024","description":"V\u00e4lkommen till Suviseurat \u2013 sommarm\u00f6tet i Loppi 2025! Om Gud s\u00e5 vill, anordnas SRK:s (Finlands Fridsf\u00f6reningars Centralorganisations) Suviseurat \u2013","robots":{"index":"index","follow":"follow","max-snippet":"max-snippet:-1","max-image-preview":"max-image-preview:large","max-video-preview":"max-video-preview:-1"},"canonical":"https:\/\/www.suviseurat.fi/2024\/sv\/sommarmotet\/sommarklubbar-i-lope-2025\/","og_locale":"sv_SE","og_type":"article","og_title":"Suviseurat - Sommarm\u00f6tet i Loppi 2025 - SRK:n Suviseurat Pudasj\u00e4rvell\u00e4 2024","og_description":"V\u00e4lkommen till Suviseurat \u2013 sommarm\u00f6tet i Loppi 2025! Om Gud s\u00e5 vill, anordnas SRK:s (Finlands Fridsf\u00f6reningars Centralorganisations) Suviseurat \u2013","og_url":"https:\/\/www.suviseurat.fi/2024\/sv\/sommarmotet\/sommarklubbar-i-lope-2025\/","og_site_name":"SRK:n Suviseurat Pudasj\u00e4rvell\u00e4 2024","article_publisher":"https:\/\/www.facebook.com\/SRKryNyt\/","article_modified_time":"2024-06-11T18:58:11+00:00","twitter_card":"summary_large_image","twitter_site":"@Suviseurat","twitter_misc":{"Ber\u00e4knad l\u00e4stid":"1 minute"},"schema":{"@context":"https:\/\/schema.org","@graph":[{"@type":"WebPage","@id":"https:\/\/www.suviseurat.fi/2024\/sv\/sommarmotet\/sommarklubbar-i-lope-2025\/","url":"https:\/\/www.suviseurat.fi/2024\/sv\/sommarmotet\/sommarklubbar-i-lope-2025\/","name":"Suviseurat - Sommarm\u00f6tet i Loppi 2025 - SRK:n Suviseurat Pudasj\u00e4rvell\u00e4 2024","isPartOf":{"@id":"https:\/\/www.suviseurat.fi/2024\/#website"},"datePublished":"2024-05-14T11:48:00+00:00","dateModified":"2024-06-11T18:58:11+00:00","description":"V\u00e4lkommen till Suviseurat \u2013 sommarm\u00f6tet i Loppi 2025! Om Gud s\u00e5 vill, anordnas SRK:s (Finlands Fridsf\u00f6reningars Centralorganisations) Suviseurat \u2013","breadcrumb":{"@id":"https:\/\/www.suviseurat.fi/2024\/sv\/sommarmotet\/sommarklubbar-i-lope-2025\/#breadcrumb"},"inLanguage":"sv-SE","potentialAction":[{"@type":"ReadAction","target":["https:\/\/www.suviseurat.fi/2024\/sv\/sommarmotet\/sommarklubbar-i-lope-2025\/"]}]},{"@type":"BreadcrumbList","@id":"https:\/\/www.suviseurat.fi/2024\/sv\/sommarmotet\/sommarklubbar-i-lope-2025\/#breadcrumb","itemListElement":[{"@type":"ListItem","position":1,"name":"Etusivu","item":"https:\/\/www.suviseurat.fi/2024\/sv\/"},{"@type":"ListItem","position":2,"name":"Suviseurat &#8211; Sommarm\u00f6tet","item":"https:\/\/www.suviseurat.fi/2024\/sv\/sommarmotet\/"},{"@type":"ListItem","position":3,"name":"Suviseurat &#8211; Sommarm\u00f6tet i Loppi 2025"}]},{"@type":"WebSite","@id":"https:\/\/www.suviseurat.fi/2024\/#website","url":"https:\/\/www.suviseurat.fi/2024\/","name":"SRK:n Suviseurat Pudasj\u00e4rvell\u00e4 2024","description":"Olenko min\u00e4 sinulle rakas?","publisher":{"@id":"https:\/\/www.suviseurat.fi/2024\/#organization"},"potentialAction":[{"@type":"SearchAction","target":{"@type":"EntryPoint","urlTemplate":"https:\/\/www.suviseurat.fi/2024\/?s={search_term_string}"},"query-input":"required name=search_term_string"}],"inLanguage":"sv-SE"},{"@type":"Organization","@id":"https:\/\/www.suviseurat.fi/2024\/#organization","name":"Suviseurat","url":"https:\/\/www.suviseurat.fi/2024\/","logo":{"@type":"ImageObject","inLanguage":"sv-SE","@id":"https:\/\/www.suviseurat.fi/2024\/#\/schema\/logo\/image\/","url":"https:\/\/www.suviseurat.fi/2024\/wp-content\/uploads\/2023\/10\/tunnus-nelio.jpg","contentUrl":"https:\/\/www.suviseurat.fi/2024\/wp-content\/uploads\/2023\/10\/tunnus-nelio.jpg","width":1000,"height":1000,"caption":"Suviseurat"},"image":{"@id":"https:\/\/www.suviseurat.fi/2024\/#\/schema\/logo\/image\/"},"sameAs":["https:\/\/www.facebook.com\/SRKryNyt\/","https:\/\/x.com\/Suviseurat","https:\/\/www.facebook.com\/srksuviseurat\/","https:\/\/www.youtube.com\/@SRKnyt","https:\/\/www.instagram.com\/srk_nyt\/","https:\/\/www.flickr.com\/photos\/suviseurat"]}]}},"_links":{"self":[{"href":"https:\/\/www.suviseurat.fi/2024\/sv\/wp-json\/wp\/v2\/pages\/19949"}],"collection":[{"href":"https:\/\/www.suviseurat.fi/2024\/sv\/wp-json\/wp\/v2\/pages"}],"about":[{"href":"https:\/\/www.suviseurat.fi/2024\/sv\/wp-json\/wp\/v2\/types\/page"}],"author":[{"embeddable":true,"href":"https:\/\/www.suviseurat.fi/2024\/sv\/wp-json\/wp\/v2\/users\/19"}],"replies":[{"embeddable":true,"href":"https:\/\/www.suviseurat.fi/2024\/sv\/wp-json\/wp\/v2\/comments?post=19949"}],"version-history":[{"count":7,"href":"https:\/\/www.suviseurat.fi/2024\/sv\/wp-json\/wp\/v2\/pages\/19949\/revisions"}],"predecessor-version":[{"id":20329,"href":"https:\/\/www.suviseurat.fi/2024\/sv\/wp-json\/wp\/v2\/pages\/19949\/revisions\/20329"}],"up":[{"embeddable":true,"href":"https:\/\/www.suviseurat.fi/2024\/sv\/wp-json\/wp\/v2\/pages\/19947"}],"wp:attachment":[{"href":"https:\/\/www.suviseurat.fi/2024\/sv\/wp-json\/wp\/v2\/media?parent=19949"}],"curies":[{"name":"wp","href":"https:\/\/api.w.org\/{rel}","templated":true}]}}