{"id":10109,"date":"2022-06-11T15:43:20","date_gmt":"2022-06-11T12:43:20","guid":{"rendered":"https:\/\/www.suviseurat.fi/2024\/?page_id=10109"},"modified":"2024-06-15T19:55:09","modified_gmt":"2024-06-15T16:55:09","slug":"ravintolapalveluiden-aukioloajat","status":"publish","type":"page","link":"https:\/\/www.suviseurat.fi/2024\/palvelut\/ravintolapalvelut\/ravintolapalveluiden-aukioloajat\/","title":{"rendered":"Ravintolapalveluiden aukioloajat"},"content":{"rendered":"\n<table style=\"border-color: #000000;width: 50.9176%;height: 81px\">\n<tbody>\n<tr style=\"height: 27px\">\n<td style=\"background-color: #f0f0f0;width: 128.589%;text-align: left;height: 27px\" colspan=\"2\"><strong>Ravintolakatos: Ruoka<\/strong><\/td>\n<\/tr>\n<tr style=\"height: 27px\">\n<td style=\"width: 63.3987%;height: 27px\">keskiviikko<\/td>\n<td style=\"width: 65.1901%;height: 27px\">12\u201320<\/td>\n<\/tr>\n<tr style=\"height: 27px\">\n<td style=\"width: 63.3987%;height: 27px\">torstai\u2013sunnuntai<\/td>\n<td style=\"width: 65.1901%;height: 27px\">8\u201320<\/td>\n<\/tr>\n<tr style=\"height: 27px\">\n<td style=\"width: 63.3987%;height: 27px\">maanantai<\/td>\n<td style=\"width: 65.1901%;height: 27px\">8\u201315<\/td>\n<\/tr>\n<tr style=\"height: 27px\">\n<td style=\"width: 63.3987%;height: 27px\">Riisipuuro<\/td>\n<td style=\"width: 65.1901%;height: 27px\">klo 8 alk.<\/td>\n<\/tr>\n<tr style=\"height: 27px\">\n<td style=\"width: 63.3987%;height: 27px\">Muut ruokalajit<\/td>\n<td style=\"width: 65.1901%;height: 27px\">klo 10 alk.<\/td>\n<\/tr>\n<\/tbody>\n<\/table>\n<table style=\"width: 51.1283%;height: 75px\">\n<tbody>\n<tr>\n<td style=\"background-color: #f0f0f0;width: 131.471%;text-align: left\" colspan=\"2\"><strong>Ravintolakatos: Kahvi<\/strong><\/td>\n<\/tr>\n<tr>\n<td style=\"width: 63.3517%\">keskiviikko<\/td>\n<td style=\"width: 68.1192%\">12\u201320<\/td>\n<\/tr>\n<tr>\n<td style=\"width: 63.3517%\">torstai<\/td>\n<td style=\"width: 68.1192%\">7\u201323<\/td>\n<\/tr>\n<tr>\n<td style=\"width: 63.3517%\">perjantai\u2013sunnuntai<\/td>\n<td style=\"width: 68.1192%\">7\u201324<\/td>\n<\/tr>\n<tr>\n<td style=\"width: 63.3517%\">maanantai<\/td>\n<td style=\"width: 68.1192%\">7\u201315<\/td>\n<\/tr>\n<\/tbody>\n<\/table>\n<table style=\"width: 51.1326%;height: 75px\">\n<tbody>\n<tr>\n<td style=\"background-color: #f0f0f0;width: 131.554%;text-align: left\" colspan=\"2\"><strong>Ravintolakatos: Pizza<\/strong><\/td>\n<\/tr>\n<tr>\n<td style=\"width: 63.2806%\">keskiviikko\u2013perjantai, sunnuntai<\/td>\n<td style=\"width: 68.2734%\">16\u201324<\/td>\n<\/tr>\n<tr>\n<td style=\"width: 63.2806%\">lauantai<\/td>\n<td style=\"width: 68.2734%\">16\u201301<\/td>\n<\/tr>\n<\/tbody>\n<\/table>\n<table style=\"width: 51.5456%;height: 75px\">\n<tbody>\n<tr>\n<td style=\"background-color: #f0f0f0;width: 136.877%;text-align: left\" colspan=\"2\"><strong>Kentt\u00e4kahvi<\/strong><\/td>\n<\/tr>\n<tr>\n<td style=\"width: 62.8517%\">torstai\u2013sunnuntai<\/td>\n<td style=\"width: 74.0254%\">12\u201324<\/td>\n<\/tr>\n<\/tbody>\n<\/table>\n<table style=\"width: 51.6702%;height: 75px\">\n<tbody>\n<tr>\n<td style=\"background-color: #f0f0f0;width: 137.497%;text-align: left\" colspan=\"2\"><strong>Litramyynti Ravintolakatos<\/strong><\/td>\n<\/tr>\n<tr>\n<td style=\"width: 62.171%\">keskiviikko<\/td>\n<td style=\"width: 75.3258%\">12\u201320<\/td>\n<\/tr>\n<tr>\n<td style=\"width: 62.171%\">torstai\u2013sunnuntai<\/td>\n<td style=\"width: 75.3258%\">8\u201319<\/td>\n<\/tr>\n<tr>\n<td style=\"width: 62.171%\">maanantai<\/td>\n<td style=\"width: 75.3258%\">8\u201315<\/td>\n<\/tr>\n<\/tbody>\n<\/table>\n<table style=\"width: 51.5967%\">\n<tbody>\n<tr>\n<td style=\"background-color: #f0f0f0;width: 89.8031%;text-align: left\" colspan=\"2\"><strong>Muut litramyynnit<\/strong><\/td>\n<\/tr>\n<tr>\n<td style=\"width: 55.9805%\">torstai\u2013sunnuntai<\/td>\n<td style=\"width: 33.8226%\">8\u201323<\/td>\n<\/tr>\n<tr>\n<td style=\"width: 55.9805%\">maanantai<\/td>\n<td style=\"width: 33.8226%\">8\u201313<\/td>\n<\/tr>\n<\/tbody>\n<\/table>\n<table style=\"width: 51.5967%\">\n<tbody>\n<tr>\n<td style=\"background-color: #f0f0f0;width: 89.8031%;text-align: left\" colspan=\"2\"><strong>Vanhusten ja puhujien ruokala<\/strong><\/td>\n<\/tr>\n<tr>\n<td style=\"width: 55.9805%\">perjantai<\/td>\n<td style=\"width: 33.8226%\">15\u201321<\/td>\n<\/tr>\n<tr>\n<td style=\"width: 55.9805%\">lauantai\u2013sunnuntai<\/td>\n<td style=\"width: 33.8226%\">8.30\u201321<\/td>\n<\/tr>\n<tr>\n<td style=\"width: 55.9805%\">maanantai<\/td>\n<td style=\"width: 33.8226%\">8.30\u201313<\/td>\n<\/tr>\n<\/tbody>\n<\/table>\n","protected":false},"excerpt":{"rendered":"<p>Ravintolakatos: Ruoka keskiviikko 12\u201320 torstai\u2013sunnuntai 8\u201320 maanantai 8\u201315 Riisipuuro klo 8 alk. Muut ruokalajit klo<a class=\"moretag\" href=\"https:\/\/www.suviseurat.fi/2024\/palvelut\/ravintolapalvelut\/ravintolapalveluiden-aukioloajat\/\">Jatka lukemista ><\/a><\/p>\n","protected":false},"author":21,"featured_media":0,"parent":880,"menu_order":0,"comment_status":"closed","ping_status":"closed","template":"","meta":{"_acf_changed":false,"footnotes":""},"class_list":["post-10109","page","type-page","status-publish","hentry"],"acf":[],"yoast_head":"<!-- This site is optimized with the Yoast SEO plugin v23.3 - https:\/\/yoast.com\/wordpress\/plugins\/seo\/ -->\n<title>Ravintolapalveluiden aukioloajat - SRK:n Suviseurat Pudasj\u00e4rvell\u00e4 2024<\/title>\n<meta name=\"description\" content=\"Ravintolakatos: Ruoka keskiviikko 12\u201320 torstai\u2013sunnuntai 8\u201320 maanantai 8\u201315 Riisipuuro klo 8 alk. Muut ruokalajit klo 10 alk. Ravintolakatos: Kahvi\" \/>\n<meta name=\"robots\" content=\"index, follow, max-snippet:-1, max-image-preview:large, max-video-preview:-1\" \/>\n<link rel=\"canonical\" href=\"https:\/\/www.suviseurat.fi/2024\/palvelut\/ravintolapalvelut\/ravintolapalveluiden-aukioloajat\/\" \/>\n<meta property=\"og:locale\" content=\"fi_FI\" \/>\n<meta property=\"og:type\" content=\"article\" \/>\n<meta property=\"og:title\" content=\"Ravintolapalveluiden aukioloajat - SRK:n Suviseurat Pudasj\u00e4rvell\u00e4 2024\" \/>\n<meta property=\"og:description\" content=\"Ravintolakatos: Ruoka keskiviikko 12\u201320 torstai\u2013sunnuntai 8\u201320 maanantai 8\u201315 Riisipuuro klo 8 alk. Muut ruokalajit klo 10 alk. Ravintolakatos: Kahvi\" \/>\n<meta property=\"og:url\" content=\"https:\/\/www.suviseurat.fi/2024\/palvelut\/ravintolapalvelut\/ravintolapalveluiden-aukioloajat\/\" \/>\n<meta property=\"og:site_name\" content=\"SRK:n Suviseurat Pudasj\u00e4rvell\u00e4 2024\" \/>\n<meta property=\"article:publisher\" content=\"https:\/\/www.facebook.com\/SRKryNyt\/\" \/>\n<meta property=\"article:modified_time\" content=\"2024-06-15T16:55:09+00:00\" \/>\n<meta name=\"twitter:card\" content=\"summary_large_image\" \/>\n<meta name=\"twitter:site\" content=\"@Suviseurat\" \/>\n<meta name=\"twitter:label1\" content=\"Arvioitu lukuaika\" \/>\n\t<meta name=\"twitter:data1\" content=\"1 minuutti\" \/>\n<script type=\"application\/ld+json\" class=\"yoast-schema-graph\">{\"@context\":\"https:\/\/schema.org\",\"@graph\":[{\"@type\":\"WebPage\",\"@id\":\"https:\/\/www.suviseurat.fi/2024\/palvelut\/ravintolapalvelut\/ravintolapalveluiden-aukioloajat\/\",\"url\":\"https:\/\/www.suviseurat.fi/2024\/palvelut\/ravintolapalvelut\/ravintolapalveluiden-aukioloajat\/\",\"name\":\"Ravintolapalveluiden aukioloajat - SRK:n Suviseurat Pudasj\u00e4rvell\u00e4 2024\",\"isPartOf\":{\"@id\":\"https:\/\/www.suviseurat.fi/2024\/#website\"},\"datePublished\":\"2022-06-11T12:43:20+00:00\",\"dateModified\":\"2024-06-15T16:55:09+00:00\",\"description\":\"Ravintolakatos: Ruoka keskiviikko 12\u201320 torstai\u2013sunnuntai 8\u201320 maanantai 8\u201315 Riisipuuro klo 8 alk. Muut ruokalajit klo 10 alk. Ravintolakatos: Kahvi\",\"breadcrumb\":{\"@id\":\"https:\/\/www.suviseurat.fi/2024\/palvelut\/ravintolapalvelut\/ravintolapalveluiden-aukioloajat\/#breadcrumb\"},\"inLanguage\":\"fi\",\"potentialAction\":[{\"@type\":\"ReadAction\",\"target\":[\"https:\/\/www.suviseurat.fi/2024\/palvelut\/ravintolapalvelut\/ravintolapalveluiden-aukioloajat\/\"]}]},{\"@type\":\"BreadcrumbList\",\"@id\":\"https:\/\/www.suviseurat.fi/2024\/palvelut\/ravintolapalvelut\/ravintolapalveluiden-aukioloajat\/#breadcrumb\",\"itemListElement\":[{\"@type\":\"ListItem\",\"position\":1,\"name\":\"Etusivu\",\"item\":\"https:\/\/www.suviseurat.fi/2024\/\"},{\"@type\":\"ListItem\",\"position\":2,\"name\":\"Palvelut\",\"item\":\"https:\/\/www.suviseurat.fi/2024\/palvelut\/\"},{\"@type\":\"ListItem\",\"position\":3,\"name\":\"Ravintolapalvelut\",\"item\":\"https:\/\/www.suviseurat.fi/2024\/palvelut\/ravintolapalvelut\/\"},{\"@type\":\"ListItem\",\"position\":4,\"name\":\"Ravintolapalveluiden aukioloajat\"}]},{\"@type\":\"WebSite\",\"@id\":\"https:\/\/www.suviseurat.fi/2024\/#website\",\"url\":\"https:\/\/www.suviseurat.fi/2024\/\",\"name\":\"SRK:n Suviseurat Pudasj\u00e4rvell\u00e4 2024\",\"description\":\"Olenko min\u00e4 sinulle rakas?\",\"publisher\":{\"@id\":\"https:\/\/www.suviseurat.fi/2024\/#organization\"},\"potentialAction\":[{\"@type\":\"SearchAction\",\"target\":{\"@type\":\"EntryPoint\",\"urlTemplate\":\"https:\/\/www.suviseurat.fi/2024\/?s={search_term_string}\"},\"query-input\":\"required name=search_term_string\"}],\"inLanguage\":\"fi\"},{\"@type\":\"Organization\",\"@id\":\"https:\/\/www.suviseurat.fi/2024\/#organization\",\"name\":\"Suviseurat\",\"url\":\"https:\/\/www.suviseurat.fi/2024\/\",\"logo\":{\"@type\":\"ImageObject\",\"inLanguage\":\"fi\",\"@id\":\"https:\/\/www.suviseurat.fi/2024\/#\/schema\/logo\/image\/\",\"url\":\"https:\/\/www.suviseurat.fi/2024\/wp-content\/uploads\/2023\/10\/tunnus-nelio.jpg\",\"contentUrl\":\"https:\/\/www.suviseurat.fi/2024\/wp-content\/uploads\/2023\/10\/tunnus-nelio.jpg\",\"width\":1000,\"height\":1000,\"caption\":\"Suviseurat\"},\"image\":{\"@id\":\"https:\/\/www.suviseurat.fi/2024\/#\/schema\/logo\/image\/\"},\"sameAs\":[\"https:\/\/www.facebook.com\/SRKryNyt\/\",\"https:\/\/x.com\/Suviseurat\",\"https:\/\/www.facebook.com\/srksuviseurat\/\",\"https:\/\/www.youtube.com\/@SRKnyt\",\"https:\/\/www.instagram.com\/srk_nyt\/\",\"https:\/\/www.flickr.com\/photos\/suviseurat\"]}]}<\/script>\n<!-- \/ Yoast SEO plugin. -->","yoast_head_json":{"title":"Ravintolapalveluiden aukioloajat - SRK:n Suviseurat Pudasj\u00e4rvell\u00e4 2024","description":"Ravintolakatos: Ruoka keskiviikko 12\u201320 torstai\u2013sunnuntai 8\u201320 maanantai 8\u201315 Riisipuuro klo 8 alk. Muut ruokalajit klo 10 alk. Ravintolakatos: Kahvi","robots":{"index":"index","follow":"follow","max-snippet":"max-snippet:-1","max-image-preview":"max-image-preview:large","max-video-preview":"max-video-preview:-1"},"canonical":"https:\/\/www.suviseurat.fi/2024\/palvelut\/ravintolapalvelut\/ravintolapalveluiden-aukioloajat\/","og_locale":"fi_FI","og_type":"article","og_title":"Ravintolapalveluiden aukioloajat - SRK:n Suviseurat Pudasj\u00e4rvell\u00e4 2024","og_description":"Ravintolakatos: Ruoka keskiviikko 12\u201320 torstai\u2013sunnuntai 8\u201320 maanantai 8\u201315 Riisipuuro klo 8 alk. Muut ruokalajit klo 10 alk. Ravintolakatos: Kahvi","og_url":"https:\/\/www.suviseurat.fi/2024\/palvelut\/ravintolapalvelut\/ravintolapalveluiden-aukioloajat\/","og_site_name":"SRK:n Suviseurat Pudasj\u00e4rvell\u00e4 2024","article_publisher":"https:\/\/www.facebook.com\/SRKryNyt\/","article_modified_time":"2024-06-15T16:55:09+00:00","twitter_card":"summary_large_image","twitter_site":"@Suviseurat","twitter_misc":{"Arvioitu lukuaika":"1 minuutti"},"schema":{"@context":"https:\/\/schema.org","@graph":[{"@type":"WebPage","@id":"https:\/\/www.suviseurat.fi/2024\/palvelut\/ravintolapalvelut\/ravintolapalveluiden-aukioloajat\/","url":"https:\/\/www.suviseurat.fi/2024\/palvelut\/ravintolapalvelut\/ravintolapalveluiden-aukioloajat\/","name":"Ravintolapalveluiden aukioloajat - SRK:n Suviseurat Pudasj\u00e4rvell\u00e4 2024","isPartOf":{"@id":"https:\/\/www.suviseurat.fi/2024\/#website"},"datePublished":"2022-06-11T12:43:20+00:00","dateModified":"2024-06-15T16:55:09+00:00","description":"Ravintolakatos: Ruoka keskiviikko 12\u201320 torstai\u2013sunnuntai 8\u201320 maanantai 8\u201315 Riisipuuro klo 8 alk. Muut ruokalajit klo 10 alk. Ravintolakatos: Kahvi","breadcrumb":{"@id":"https:\/\/www.suviseurat.fi/2024\/palvelut\/ravintolapalvelut\/ravintolapalveluiden-aukioloajat\/#breadcrumb"},"inLanguage":"fi","potentialAction":[{"@type":"ReadAction","target":["https:\/\/www.suviseurat.fi/2024\/palvelut\/ravintolapalvelut\/ravintolapalveluiden-aukioloajat\/"]}]},{"@type":"BreadcrumbList","@id":"https:\/\/www.suviseurat.fi/2024\/palvelut\/ravintolapalvelut\/ravintolapalveluiden-aukioloajat\/#breadcrumb","itemListElement":[{"@type":"ListItem","position":1,"name":"Etusivu","item":"https:\/\/www.suviseurat.fi/2024\/"},{"@type":"ListItem","position":2,"name":"Palvelut","item":"https:\/\/www.suviseurat.fi/2024\/palvelut\/"},{"@type":"ListItem","position":3,"name":"Ravintolapalvelut","item":"https:\/\/www.suviseurat.fi/2024\/palvelut\/ravintolapalvelut\/"},{"@type":"ListItem","position":4,"name":"Ravintolapalveluiden aukioloajat"}]},{"@type":"WebSite","@id":"https:\/\/www.suviseurat.fi/2024\/#website","url":"https:\/\/www.suviseurat.fi/2024\/","name":"SRK:n Suviseurat Pudasj\u00e4rvell\u00e4 2024","description":"Olenko min\u00e4 sinulle rakas?","publisher":{"@id":"https:\/\/www.suviseurat.fi/2024\/#organization"},"potentialAction":[{"@type":"SearchAction","target":{"@type":"EntryPoint","urlTemplate":"https:\/\/www.suviseurat.fi/2024\/?s={search_term_string}"},"query-input":"required name=search_term_string"}],"inLanguage":"fi"},{"@type":"Organization","@id":"https:\/\/www.suviseurat.fi/2024\/#organization","name":"Suviseurat","url":"https:\/\/www.suviseurat.fi/2024\/","logo":{"@type":"ImageObject","inLanguage":"fi","@id":"https:\/\/www.suviseurat.fi/2024\/#\/schema\/logo\/image\/","url":"https:\/\/www.suviseurat.fi/2024\/wp-content\/uploads\/2023\/10\/tunnus-nelio.jpg","contentUrl":"https:\/\/www.suviseurat.fi/2024\/wp-content\/uploads\/2023\/10\/tunnus-nelio.jpg","width":1000,"height":1000,"caption":"Suviseurat"},"image":{"@id":"https:\/\/www.suviseurat.fi/2024\/#\/schema\/logo\/image\/"},"sameAs":["https:\/\/www.facebook.com\/SRKryNyt\/","https:\/\/x.com\/Suviseurat","https:\/\/www.facebook.com\/srksuviseurat\/","https:\/\/www.youtube.com\/@SRKnyt","https:\/\/www.instagram.com\/srk_nyt\/","https:\/\/www.flickr.com\/photos\/suviseurat"]}]}},"_links":{"self":[{"href":"https:\/\/www.suviseurat.fi/2024\/wp-json\/wp\/v2\/pages\/10109"}],"collection":[{"href":"https:\/\/www.suviseurat.fi/2024\/wp-json\/wp\/v2\/pages"}],"about":[{"href":"https:\/\/www.suviseurat.fi/2024\/wp-json\/wp\/v2\/types\/page"}],"author":[{"embeddable":true,"href":"https:\/\/www.suviseurat.fi/2024\/wp-json\/wp\/v2\/users\/21"}],"replies":[{"embeddable":true,"href":"https:\/\/www.suviseurat.fi/2024\/wp-json\/wp\/v2\/comments?post=10109"}],"version-history":[{"count":7,"href":"https:\/\/www.suviseurat.fi/2024\/wp-json\/wp\/v2\/pages\/10109\/revisions"}],"predecessor-version":[{"id":19692,"href":"https:\/\/www.suviseurat.fi/2024\/wp-json\/wp\/v2\/pages\/10109\/revisions\/19692"}],"up":[{"embeddable":true,"href":"https:\/\/www.suviseurat.fi/2024\/wp-json\/wp\/v2\/pages\/880"}],"wp:attachment":[{"href":"https:\/\/www.suviseurat.fi/2024\/wp-json\/wp\/v2\/media?parent=10109"}],"curies":[{"name":"wp","href":"https:\/\/api.w.org\/{rel}","templated":true}]}}