{"id":10276,"date":"2024-05-14T15:15:46","date_gmt":"2024-05-14T12:15:46","guid":{"rendered":"https:\/\/www.suviseurat.fi/2024\/?page_id=10276"},"modified":"2024-05-14T15:15:46","modified_gmt":"2024-05-14T12:15:46","slug":"vanhukset-ja-liikuntaesteiset","status":"publish","type":"page","link":"https:\/\/www.suviseurat.fi/2024\/palvelut\/vanhukset-ja-liikuntaesteiset\/","title":{"rendered":"Vanhukset ja liikuntaesteiset"},"content":{"rendered":"\n<h3><b>Vanhusten ja liikuntaesteisten lev\u00e4hdyspaikka<\/b><\/h3>\n<p><span style=\"font-weight: 400\">Tarkoitettu ik\u00e4ns\u00e4 tai heikentyneen toimintakykyns\u00e4 vuoksi lepohetke\u00e4 tarvitseville seuravieraille. Vanhusten lev\u00e4hdyspaikalla ei ole tarjoiluja. Vanhuksille tarjotaan lev\u00e4hdyspaikalla ehtoollinen lauantaina samaan aikaan, kun ehtoollisen jako alkaa seurateltassa. P. 040 1320 743<\/span><\/p>\n<p>Vanhusten ja liikuntaesteisten lev\u00e4hdyspaikan yhteydess\u00e4 on l\u00e4\u00e4kint\u00e4laitteiden ja apuv\u00e4lineiden latauspiste.<\/p>\n<table style=\"border-collapse: collapse;width: 60.7474%;height: 92px\">\n<tbody>\n<tr style=\"height: 23px\">\n<td style=\"width: 44.0667%;height: 23px\"><b>Vanhusten ja liikuntaesteisten lev\u00e4hdyspaikka avoinna<\/b><\/td>\n<td style=\"width: 12.0001%;height: 23px\">\u00a0<\/td>\n<\/tr>\n<tr style=\"height: 23px\">\n<td style=\"width: 44.0667%;height: 23px\"><span style=\"font-weight: 400\">torstai<\/span><\/td>\n<td style=\"width: 12.0001%;height: 23px\">klo <span style=\"font-weight: 400\">12\u201320<\/span><\/td>\n<\/tr>\n<tr style=\"height: 23px\">\n<td style=\"width: 44.0667%;height: 23px\"><span style=\"font-weight: 400\">perjantai\u2013sunnuntai<\/span><\/td>\n<td style=\"width: 12.0001%;height: 23px\">klo <span style=\"font-weight: 400\">9\u201320<\/span><\/td>\n<\/tr>\n<tr style=\"height: 23px\">\n<td style=\"width: 44.0667%;height: 23px\">maanantai<\/td>\n<td style=\"width: 12.0001%;height: 23px\">klo <span style=\"font-weight: 400\">9\u201313<\/span><\/td>\n<\/tr>\n<\/tbody>\n<\/table>\n<h3><b>Vanhusten ja puhujien ruokala<\/b><\/h3>\n<table style=\"border-collapse: collapse;width: 60.6911%\">\n<tbody>\n<tr>\n<td style=\"width: 45.1603%\"><b>Vanhusten ja puhujien ruokalan aukioloajat<\/b><\/td>\n<td style=\"width: 12.4692%\">\u00a0<\/td>\n<\/tr>\n<tr>\n<td style=\"width: 45.1603%\"><span style=\"font-weight: 400\">perjantai<\/span><\/td>\n<td style=\"width: 12.4692%\">klo <span style=\"font-weight: 400\">15 \u201322<\/span><\/td>\n<\/tr>\n<tr>\n<td style=\"width: 45.1603%\"><span style=\"font-weight: 400\">lauantai\u2013sunnuntai<\/span><\/td>\n<td style=\"width: 12.4692%\">klo <span style=\"font-weight: 400\">8\u201321<\/span><\/td>\n<\/tr>\n<tr>\n<td style=\"width: 45.1603%\"><span style=\"font-weight: 400\">maanantai<\/span><\/td>\n<td style=\"width: 12.4692%\">klo <span style=\"font-weight: 400\">8\u201314<\/span><\/td>\n<\/tr>\n<\/tbody>\n<\/table>\n<p>\u00a0<\/p>\n","protected":false},"excerpt":{"rendered":"<p>Vanhusten ja liikuntaesteisten lev\u00e4hdyspaikka Tarkoitettu ik\u00e4ns\u00e4 tai heikentyneen toimintakykyns\u00e4 vuoksi lepohetke\u00e4 tarvitseville seuravieraille. Vanhusten lev\u00e4hdyspaikalla<a class=\"moretag\" href=\"https:\/\/www.suviseurat.fi/2024\/palvelut\/vanhukset-ja-liikuntaesteiset\/\">Jatka lukemista ><\/a><\/p>\n","protected":false},"author":21,"featured_media":0,"parent":857,"menu_order":9,"comment_status":"closed","ping_status":"closed","template":"","meta":{"_acf_changed":false,"footnotes":""},"class_list":["post-10276","page","type-page","status-publish","hentry"],"acf":[],"yoast_head":"<!-- This site is optimized with the Yoast SEO plugin v23.3 - https:\/\/yoast.com\/wordpress\/plugins\/seo\/ -->\n<title>Vanhukset ja liikuntaesteiset - SRK:n Suviseurat Pudasj\u00e4rvell\u00e4 2024<\/title>\n<meta name=\"description\" content=\"Vanhusten ja liikuntaesteisten lev\u00e4hdyspaikka Tarkoitettu ik\u00e4ns\u00e4 tai heikentyneen toimintakykyns\u00e4 vuoksi lepohetke\u00e4 tarvitseville seuravieraille.\" \/>\n<meta name=\"robots\" content=\"index, follow, max-snippet:-1, max-image-preview:large, max-video-preview:-1\" \/>\n<link rel=\"canonical\" href=\"https:\/\/www.suviseurat.fi/2024\/palvelut\/vanhukset-ja-liikuntaesteiset\/\" \/>\n<meta property=\"og:locale\" content=\"fi_FI\" \/>\n<meta property=\"og:type\" content=\"article\" \/>\n<meta property=\"og:title\" content=\"Vanhukset ja liikuntaesteiset - SRK:n Suviseurat Pudasj\u00e4rvell\u00e4 2024\" \/>\n<meta property=\"og:description\" content=\"Vanhusten ja liikuntaesteisten lev\u00e4hdyspaikka Tarkoitettu ik\u00e4ns\u00e4 tai heikentyneen toimintakykyns\u00e4 vuoksi lepohetke\u00e4 tarvitseville seuravieraille.\" \/>\n<meta property=\"og:url\" content=\"https:\/\/www.suviseurat.fi/2024\/palvelut\/vanhukset-ja-liikuntaesteiset\/\" \/>\n<meta property=\"og:site_name\" content=\"SRK:n Suviseurat Pudasj\u00e4rvell\u00e4 2024\" \/>\n<meta property=\"article:publisher\" content=\"https:\/\/www.facebook.com\/SRKryNyt\/\" \/>\n<meta name=\"twitter:card\" content=\"summary_large_image\" \/>\n<meta name=\"twitter:site\" content=\"@Suviseurat\" \/>\n<meta name=\"twitter:label1\" content=\"Arvioitu lukuaika\" \/>\n\t<meta name=\"twitter:data1\" content=\"1 minuutti\" \/>\n<script type=\"application\/ld+json\" class=\"yoast-schema-graph\">{\"@context\":\"https:\/\/schema.org\",\"@graph\":[{\"@type\":\"WebPage\",\"@id\":\"https:\/\/www.suviseurat.fi/2024\/palvelut\/vanhukset-ja-liikuntaesteiset\/\",\"url\":\"https:\/\/www.suviseurat.fi/2024\/palvelut\/vanhukset-ja-liikuntaesteiset\/\",\"name\":\"Vanhukset ja liikuntaesteiset - SRK:n Suviseurat Pudasj\u00e4rvell\u00e4 2024\",\"isPartOf\":{\"@id\":\"https:\/\/www.suviseurat.fi/2024\/#website\"},\"datePublished\":\"2024-05-14T12:15:46+00:00\",\"dateModified\":\"2024-05-14T12:15:46+00:00\",\"description\":\"Vanhusten ja liikuntaesteisten lev\u00e4hdyspaikka Tarkoitettu ik\u00e4ns\u00e4 tai heikentyneen toimintakykyns\u00e4 vuoksi lepohetke\u00e4 tarvitseville seuravieraille.\",\"breadcrumb\":{\"@id\":\"https:\/\/www.suviseurat.fi/2024\/palvelut\/vanhukset-ja-liikuntaesteiset\/#breadcrumb\"},\"inLanguage\":\"fi\",\"potentialAction\":[{\"@type\":\"ReadAction\",\"target\":[\"https:\/\/www.suviseurat.fi/2024\/palvelut\/vanhukset-ja-liikuntaesteiset\/\"]}]},{\"@type\":\"BreadcrumbList\",\"@id\":\"https:\/\/www.suviseurat.fi/2024\/palvelut\/vanhukset-ja-liikuntaesteiset\/#breadcrumb\",\"itemListElement\":[{\"@type\":\"ListItem\",\"position\":1,\"name\":\"Etusivu\",\"item\":\"https:\/\/www.suviseurat.fi/2024\/\"},{\"@type\":\"ListItem\",\"position\":2,\"name\":\"Palvelut\",\"item\":\"https:\/\/www.suviseurat.fi/2024\/palvelut\/\"},{\"@type\":\"ListItem\",\"position\":3,\"name\":\"Vanhukset ja liikuntaesteiset\"}]},{\"@type\":\"WebSite\",\"@id\":\"https:\/\/www.suviseurat.fi/2024\/#website\",\"url\":\"https:\/\/www.suviseurat.fi/2024\/\",\"name\":\"SRK:n Suviseurat Pudasj\u00e4rvell\u00e4 2024\",\"description\":\"Olenko min\u00e4 sinulle rakas?\",\"publisher\":{\"@id\":\"https:\/\/www.suviseurat.fi/2024\/#organization\"},\"potentialAction\":[{\"@type\":\"SearchAction\",\"target\":{\"@type\":\"EntryPoint\",\"urlTemplate\":\"https:\/\/www.suviseurat.fi/2024\/?s={search_term_string}\"},\"query-input\":\"required name=search_term_string\"}],\"inLanguage\":\"fi\"},{\"@type\":\"Organization\",\"@id\":\"https:\/\/www.suviseurat.fi/2024\/#organization\",\"name\":\"Suviseurat\",\"url\":\"https:\/\/www.suviseurat.fi/2024\/\",\"logo\":{\"@type\":\"ImageObject\",\"inLanguage\":\"fi\",\"@id\":\"https:\/\/www.suviseurat.fi/2024\/#\/schema\/logo\/image\/\",\"url\":\"https:\/\/www.suviseurat.fi/2024\/wp-content\/uploads\/2023\/10\/tunnus-nelio.jpg\",\"contentUrl\":\"https:\/\/www.suviseurat.fi/2024\/wp-content\/uploads\/2023\/10\/tunnus-nelio.jpg\",\"width\":1000,\"height\":1000,\"caption\":\"Suviseurat\"},\"image\":{\"@id\":\"https:\/\/www.suviseurat.fi/2024\/#\/schema\/logo\/image\/\"},\"sameAs\":[\"https:\/\/www.facebook.com\/SRKryNyt\/\",\"https:\/\/x.com\/Suviseurat\",\"https:\/\/www.facebook.com\/srksuviseurat\/\",\"https:\/\/www.youtube.com\/@SRKnyt\",\"https:\/\/www.instagram.com\/srk_nyt\/\",\"https:\/\/www.flickr.com\/photos\/suviseurat\"]}]}<\/script>\n<!-- \/ Yoast SEO plugin. -->","yoast_head_json":{"title":"Vanhukset ja liikuntaesteiset - SRK:n Suviseurat Pudasj\u00e4rvell\u00e4 2024","description":"Vanhusten ja liikuntaesteisten lev\u00e4hdyspaikka Tarkoitettu ik\u00e4ns\u00e4 tai heikentyneen toimintakykyns\u00e4 vuoksi lepohetke\u00e4 tarvitseville seuravieraille.","robots":{"index":"index","follow":"follow","max-snippet":"max-snippet:-1","max-image-preview":"max-image-preview:large","max-video-preview":"max-video-preview:-1"},"canonical":"https:\/\/www.suviseurat.fi/2024\/palvelut\/vanhukset-ja-liikuntaesteiset\/","og_locale":"fi_FI","og_type":"article","og_title":"Vanhukset ja liikuntaesteiset - SRK:n Suviseurat Pudasj\u00e4rvell\u00e4 2024","og_description":"Vanhusten ja liikuntaesteisten lev\u00e4hdyspaikka Tarkoitettu ik\u00e4ns\u00e4 tai heikentyneen toimintakykyns\u00e4 vuoksi lepohetke\u00e4 tarvitseville seuravieraille.","og_url":"https:\/\/www.suviseurat.fi/2024\/palvelut\/vanhukset-ja-liikuntaesteiset\/","og_site_name":"SRK:n Suviseurat Pudasj\u00e4rvell\u00e4 2024","article_publisher":"https:\/\/www.facebook.com\/SRKryNyt\/","twitter_card":"summary_large_image","twitter_site":"@Suviseurat","twitter_misc":{"Arvioitu lukuaika":"1 minuutti"},"schema":{"@context":"https:\/\/schema.org","@graph":[{"@type":"WebPage","@id":"https:\/\/www.suviseurat.fi/2024\/palvelut\/vanhukset-ja-liikuntaesteiset\/","url":"https:\/\/www.suviseurat.fi/2024\/palvelut\/vanhukset-ja-liikuntaesteiset\/","name":"Vanhukset ja liikuntaesteiset - SRK:n Suviseurat Pudasj\u00e4rvell\u00e4 2024","isPartOf":{"@id":"https:\/\/www.suviseurat.fi/2024\/#website"},"datePublished":"2024-05-14T12:15:46+00:00","dateModified":"2024-05-14T12:15:46+00:00","description":"Vanhusten ja liikuntaesteisten lev\u00e4hdyspaikka Tarkoitettu ik\u00e4ns\u00e4 tai heikentyneen toimintakykyns\u00e4 vuoksi lepohetke\u00e4 tarvitseville seuravieraille.","breadcrumb":{"@id":"https:\/\/www.suviseurat.fi/2024\/palvelut\/vanhukset-ja-liikuntaesteiset\/#breadcrumb"},"inLanguage":"fi","potentialAction":[{"@type":"ReadAction","target":["https:\/\/www.suviseurat.fi/2024\/palvelut\/vanhukset-ja-liikuntaesteiset\/"]}]},{"@type":"BreadcrumbList","@id":"https:\/\/www.suviseurat.fi/2024\/palvelut\/vanhukset-ja-liikuntaesteiset\/#breadcrumb","itemListElement":[{"@type":"ListItem","position":1,"name":"Etusivu","item":"https:\/\/www.suviseurat.fi/2024\/"},{"@type":"ListItem","position":2,"name":"Palvelut","item":"https:\/\/www.suviseurat.fi/2024\/palvelut\/"},{"@type":"ListItem","position":3,"name":"Vanhukset ja liikuntaesteiset"}]},{"@type":"WebSite","@id":"https:\/\/www.suviseurat.fi/2024\/#website","url":"https:\/\/www.suviseurat.fi/2024\/","name":"SRK:n Suviseurat Pudasj\u00e4rvell\u00e4 2024","description":"Olenko min\u00e4 sinulle rakas?","publisher":{"@id":"https:\/\/www.suviseurat.fi/2024\/#organization"},"potentialAction":[{"@type":"SearchAction","target":{"@type":"EntryPoint","urlTemplate":"https:\/\/www.suviseurat.fi/2024\/?s={search_term_string}"},"query-input":"required name=search_term_string"}],"inLanguage":"fi"},{"@type":"Organization","@id":"https:\/\/www.suviseurat.fi/2024\/#organization","name":"Suviseurat","url":"https:\/\/www.suviseurat.fi/2024\/","logo":{"@type":"ImageObject","inLanguage":"fi","@id":"https:\/\/www.suviseurat.fi/2024\/#\/schema\/logo\/image\/","url":"https:\/\/www.suviseurat.fi/2024\/wp-content\/uploads\/2023\/10\/tunnus-nelio.jpg","contentUrl":"https:\/\/www.suviseurat.fi/2024\/wp-content\/uploads\/2023\/10\/tunnus-nelio.jpg","width":1000,"height":1000,"caption":"Suviseurat"},"image":{"@id":"https:\/\/www.suviseurat.fi/2024\/#\/schema\/logo\/image\/"},"sameAs":["https:\/\/www.facebook.com\/SRKryNyt\/","https:\/\/x.com\/Suviseurat","https:\/\/www.facebook.com\/srksuviseurat\/","https:\/\/www.youtube.com\/@SRKnyt","https:\/\/www.instagram.com\/srk_nyt\/","https:\/\/www.flickr.com\/photos\/suviseurat"]}]}},"_links":{"self":[{"href":"https:\/\/www.suviseurat.fi/2024\/wp-json\/wp\/v2\/pages\/10276"}],"collection":[{"href":"https:\/\/www.suviseurat.fi/2024\/wp-json\/wp\/v2\/pages"}],"about":[{"href":"https:\/\/www.suviseurat.fi/2024\/wp-json\/wp\/v2\/types\/page"}],"author":[{"embeddable":true,"href":"https:\/\/www.suviseurat.fi/2024\/wp-json\/wp\/v2\/users\/21"}],"replies":[{"embeddable":true,"href":"https:\/\/www.suviseurat.fi/2024\/wp-json\/wp\/v2\/comments?post=10276"}],"version-history":[{"count":11,"href":"https:\/\/www.suviseurat.fi/2024\/wp-json\/wp\/v2\/pages\/10276\/revisions"}],"predecessor-version":[{"id":19755,"href":"https:\/\/www.suviseurat.fi/2024\/wp-json\/wp\/v2\/pages\/10276\/revisions\/19755"}],"up":[{"embeddable":true,"href":"https:\/\/www.suviseurat.fi/2024\/wp-json\/wp\/v2\/pages\/857"}],"wp:attachment":[{"href":"https:\/\/www.suviseurat.fi/2024\/wp-json\/wp\/v2\/media?parent=10276"}],"curies":[{"name":"wp","href":"https:\/\/api.w.org\/{rel}","templated":true}]}}