{"id":11107,"date":"2022-06-28T12:20:06","date_gmt":"2022-06-28T09:20:06","guid":{"rendered":"https:\/\/www.suviseurat.fi/2024\/?page_id=11107"},"modified":"2024-06-18T15:44:05","modified_gmt":"2024-06-18T12:44:05","slug":"julkaisumyymala","status":"publish","type":"page","link":"https:\/\/www.suviseurat.fi/2024\/palvelut\/julkaisumyymala\/","title":{"rendered":"Julkaisumyym\u00e4l\u00e4"},"content":{"rendered":"\n<h2><b>SRK:n julkaisumyym\u00e4l\u00e4<\/b><\/h2>\n<p>SRK:n julkaisumyym\u00e4l\u00e4 palvelee my\u00f6s Suviseuroissa. SRK julkaisee kirjoja, lehti\u00e4 ja \u00e4\u00e4nitteit\u00e4, joiden tavoitteena on tukea kristittyjen uskonel\u00e4m\u00e4\u00e4 ja v\u00e4litt\u00e4\u00e4 kutsua Jumalan valtakuntaan. Julkaisumyym\u00e4l\u00e4st\u00e4 l\u00f6ytyy luettavaa ja kuunneltavaa eri el\u00e4m\u00e4nvaiheisiin. Tutustu uutuuksiin <a href=\"https:\/\/www.julkaisumyymala.fi\/category\/69\/uutuudet\" target=\"_blank\" rel=\"noopener\">julkaisumyym\u00e4l\u00e4n sivuilla<\/a>.<\/p>\n<p><a href=\"https:\/\/www.suviseurat.fi/2024\/wp-content\/uploads\/2024\/06\/Uusiajulkaisuja2_2024_kansi.jpg\"><img loading=\"lazy\" decoding=\"async\" class=\"alignnone wp-image-20574\" src=\"https:\/\/www.suviseurat.fi/2024\/wp-content\/uploads\/2024\/06\/Uusiajulkaisuja2_2024_kansi.jpg\" alt=\"\" width=\"398\" height=\"568\" \/><\/a><\/p>\n<p>Tutustu uusimpaan julkaisukuvastoon\u00a0<a href=\"https:\/\/srk.mycashflow.fi\/files\/Uusiajulkaisuja2_2024_pieni.pdf\" target=\"_blank\" rel=\"noopener\">klikkaamalla t\u00e4t\u00e4 linkki\u00e4<\/a>.<\/p>\n<div>\u00a0<\/div>\n<div>Julkaismyym\u00e4l\u00e4ss\u00e4 on palvelupiste, jossa toimii Kuule-sovelluksen asiakaspalvelu ja voi tilata P\u00e4iv\u00e4mies- ja Lasten polku -lehti\u00e4 sek\u00e4 kuunnella n\u00e4ytteit\u00e4 \u00e4\u00e4nitteist\u00e4. Torstaista sunnuntaihin uusia julkaisuja voi ostaa lis\u00e4ksi keskuskent\u00e4ll\u00e4 kiert\u00e4v\u00e4st\u00e4 k\u00e4rrymyynnist\u00e4, jossa on my\u00f6s mahdollisuus tutustua Kuule-sovellukseen. Maksuv\u00e4linein\u00e4 julkaisumyym\u00e4l\u00e4ss\u00e4 sek\u00e4 k\u00e4yrrymyynniss\u00e4 k\u00e4yv\u00e4t kortti, MobilePay ja k\u00e4teinen.<\/div>\n<div>\u00a0<\/div>\n<div>\u00a0<\/div>\n<div><b>Julkaisumyym\u00e4l\u00e4n\u00a0aukioloajat<\/b><\/div>\n<ul>\n<li>to\u00a0 klo 15\u201321<\/li>\n<li>pe-la\u00a0 klo 10\u201321<\/li>\n<li>su klo 11\u201321<\/li>\n<li>ma klo 9\u201312<\/li>\n<\/ul>\n","protected":false},"excerpt":{"rendered":"<p>SRK:n julkaisumyym\u00e4l\u00e4 SRK:n julkaisumyym\u00e4l\u00e4 palvelee my\u00f6s Suviseuroissa. SRK julkaisee kirjoja, lehti\u00e4 ja \u00e4\u00e4nitteit\u00e4, joiden tavoitteena<a class=\"moretag\" href=\"https:\/\/www.suviseurat.fi/2024\/palvelut\/julkaisumyymala\/\">Jatka lukemista ><\/a><\/p>\n","protected":false},"author":21,"featured_media":0,"parent":857,"menu_order":2,"comment_status":"closed","ping_status":"closed","template":"","meta":{"_acf_changed":false,"footnotes":""},"class_list":["post-11107","page","type-page","status-publish","hentry"],"acf":[],"yoast_head":"<!-- This site is optimized with the Yoast SEO plugin v23.3 - https:\/\/yoast.com\/wordpress\/plugins\/seo\/ -->\n<title>Julkaisumyym\u00e4l\u00e4 - SRK:n Suviseurat Pudasj\u00e4rvell\u00e4 2024<\/title>\n<meta name=\"description\" content=\"SRK:n julkaisumyym\u00e4l\u00e4 SRK:n julkaisumyym\u00e4l\u00e4 palvelee my\u00f6s Suviseuroissa. SRK julkaisee kirjoja, lehti\u00e4 ja \u00e4\u00e4nitteit\u00e4, joiden tavoitteena on tukea\" \/>\n<meta name=\"robots\" content=\"index, follow, max-snippet:-1, max-image-preview:large, max-video-preview:-1\" \/>\n<link rel=\"canonical\" href=\"https:\/\/www.suviseurat.fi/2024\/palvelut\/julkaisumyymala\/\" \/>\n<meta property=\"og:locale\" content=\"fi_FI\" \/>\n<meta property=\"og:type\" content=\"article\" \/>\n<meta property=\"og:title\" content=\"Julkaisumyym\u00e4l\u00e4 - SRK:n Suviseurat Pudasj\u00e4rvell\u00e4 2024\" \/>\n<meta property=\"og:description\" content=\"SRK:n julkaisumyym\u00e4l\u00e4 SRK:n julkaisumyym\u00e4l\u00e4 palvelee my\u00f6s Suviseuroissa. SRK julkaisee kirjoja, lehti\u00e4 ja \u00e4\u00e4nitteit\u00e4, joiden tavoitteena on tukea\" \/>\n<meta property=\"og:url\" content=\"https:\/\/www.suviseurat.fi/2024\/palvelut\/julkaisumyymala\/\" \/>\n<meta property=\"og:site_name\" content=\"SRK:n Suviseurat Pudasj\u00e4rvell\u00e4 2024\" \/>\n<meta property=\"article:publisher\" content=\"https:\/\/www.facebook.com\/SRKryNyt\/\" \/>\n<meta property=\"article:modified_time\" content=\"2024-06-18T12:44:05+00:00\" \/>\n<meta property=\"og:image\" content=\"https:\/\/www.suviseurat.fi/2024\/wp-content\/uploads\/2024\/06\/Uusiajulkaisuja2_2024_kansi.jpg\" \/>\n<meta name=\"twitter:card\" content=\"summary_large_image\" \/>\n<meta name=\"twitter:site\" content=\"@Suviseurat\" \/>\n<meta name=\"twitter:label1\" content=\"Arvioitu lukuaika\" \/>\n\t<meta name=\"twitter:data1\" content=\"1 minuutti\" \/>\n<script type=\"application\/ld+json\" class=\"yoast-schema-graph\">{\"@context\":\"https:\/\/schema.org\",\"@graph\":[{\"@type\":\"WebPage\",\"@id\":\"https:\/\/www.suviseurat.fi/2024\/palvelut\/julkaisumyymala\/\",\"url\":\"https:\/\/www.suviseurat.fi/2024\/palvelut\/julkaisumyymala\/\",\"name\":\"Julkaisumyym\u00e4l\u00e4 - SRK:n Suviseurat Pudasj\u00e4rvell\u00e4 2024\",\"isPartOf\":{\"@id\":\"https:\/\/www.suviseurat.fi/2024\/#website\"},\"primaryImageOfPage\":{\"@id\":\"https:\/\/www.suviseurat.fi/2024\/palvelut\/julkaisumyymala\/#primaryimage\"},\"image\":{\"@id\":\"https:\/\/www.suviseurat.fi/2024\/palvelut\/julkaisumyymala\/#primaryimage\"},\"thumbnailUrl\":\"https:\/\/www.suviseurat.fi/2024\/wp-content\/uploads\/2024\/06\/Uusiajulkaisuja2_2024_kansi.jpg\",\"datePublished\":\"2022-06-28T09:20:06+00:00\",\"dateModified\":\"2024-06-18T12:44:05+00:00\",\"description\":\"SRK:n julkaisumyym\u00e4l\u00e4 SRK:n julkaisumyym\u00e4l\u00e4 palvelee my\u00f6s Suviseuroissa. SRK julkaisee kirjoja, lehti\u00e4 ja \u00e4\u00e4nitteit\u00e4, joiden tavoitteena on tukea\",\"breadcrumb\":{\"@id\":\"https:\/\/www.suviseurat.fi/2024\/palvelut\/julkaisumyymala\/#breadcrumb\"},\"inLanguage\":\"fi\",\"potentialAction\":[{\"@type\":\"ReadAction\",\"target\":[\"https:\/\/www.suviseurat.fi/2024\/palvelut\/julkaisumyymala\/\"]}]},{\"@type\":\"ImageObject\",\"inLanguage\":\"fi\",\"@id\":\"https:\/\/www.suviseurat.fi/2024\/palvelut\/julkaisumyymala\/#primaryimage\",\"url\":\"https:\/\/www.suviseurat.fi/2024\/wp-content\/uploads\/2024\/06\/Uusiajulkaisuja2_2024_kansi.jpg\",\"contentUrl\":\"https:\/\/www.suviseurat.fi/2024\/wp-content\/uploads\/2024\/06\/Uusiajulkaisuja2_2024_kansi.jpg\"},{\"@type\":\"BreadcrumbList\",\"@id\":\"https:\/\/www.suviseurat.fi/2024\/palvelut\/julkaisumyymala\/#breadcrumb\",\"itemListElement\":[{\"@type\":\"ListItem\",\"position\":1,\"name\":\"Etusivu\",\"item\":\"https:\/\/www.suviseurat.fi/2024\/\"},{\"@type\":\"ListItem\",\"position\":2,\"name\":\"Palvelut\",\"item\":\"https:\/\/www.suviseurat.fi/2024\/palvelut\/\"},{\"@type\":\"ListItem\",\"position\":3,\"name\":\"Julkaisumyym\u00e4l\u00e4\"}]},{\"@type\":\"WebSite\",\"@id\":\"https:\/\/www.suviseurat.fi/2024\/#website\",\"url\":\"https:\/\/www.suviseurat.fi/2024\/\",\"name\":\"SRK:n Suviseurat Pudasj\u00e4rvell\u00e4 2024\",\"description\":\"Olenko min\u00e4 sinulle rakas?\",\"publisher\":{\"@id\":\"https:\/\/www.suviseurat.fi/2024\/#organization\"},\"potentialAction\":[{\"@type\":\"SearchAction\",\"target\":{\"@type\":\"EntryPoint\",\"urlTemplate\":\"https:\/\/www.suviseurat.fi/2024\/?s={search_term_string}\"},\"query-input\":\"required name=search_term_string\"}],\"inLanguage\":\"fi\"},{\"@type\":\"Organization\",\"@id\":\"https:\/\/www.suviseurat.fi/2024\/#organization\",\"name\":\"Suviseurat\",\"url\":\"https:\/\/www.suviseurat.fi/2024\/\",\"logo\":{\"@type\":\"ImageObject\",\"inLanguage\":\"fi\",\"@id\":\"https:\/\/www.suviseurat.fi/2024\/#\/schema\/logo\/image\/\",\"url\":\"https:\/\/www.suviseurat.fi/2024\/wp-content\/uploads\/2023\/10\/tunnus-nelio.jpg\",\"contentUrl\":\"https:\/\/www.suviseurat.fi/2024\/wp-content\/uploads\/2023\/10\/tunnus-nelio.jpg\",\"width\":1000,\"height\":1000,\"caption\":\"Suviseurat\"},\"image\":{\"@id\":\"https:\/\/www.suviseurat.fi/2024\/#\/schema\/logo\/image\/\"},\"sameAs\":[\"https:\/\/www.facebook.com\/SRKryNyt\/\",\"https:\/\/x.com\/Suviseurat\",\"https:\/\/www.facebook.com\/srksuviseurat\/\",\"https:\/\/www.youtube.com\/@SRKnyt\",\"https:\/\/www.instagram.com\/srk_nyt\/\",\"https:\/\/www.flickr.com\/photos\/suviseurat\"]}]}<\/script>\n<!-- \/ Yoast SEO plugin. -->","yoast_head_json":{"title":"Julkaisumyym\u00e4l\u00e4 - SRK:n Suviseurat Pudasj\u00e4rvell\u00e4 2024","description":"SRK:n julkaisumyym\u00e4l\u00e4 SRK:n julkaisumyym\u00e4l\u00e4 palvelee my\u00f6s Suviseuroissa. SRK julkaisee kirjoja, lehti\u00e4 ja \u00e4\u00e4nitteit\u00e4, joiden tavoitteena on tukea","robots":{"index":"index","follow":"follow","max-snippet":"max-snippet:-1","max-image-preview":"max-image-preview:large","max-video-preview":"max-video-preview:-1"},"canonical":"https:\/\/www.suviseurat.fi/2024\/palvelut\/julkaisumyymala\/","og_locale":"fi_FI","og_type":"article","og_title":"Julkaisumyym\u00e4l\u00e4 - SRK:n Suviseurat Pudasj\u00e4rvell\u00e4 2024","og_description":"SRK:n julkaisumyym\u00e4l\u00e4 SRK:n julkaisumyym\u00e4l\u00e4 palvelee my\u00f6s Suviseuroissa. SRK julkaisee kirjoja, lehti\u00e4 ja \u00e4\u00e4nitteit\u00e4, joiden tavoitteena on tukea","og_url":"https:\/\/www.suviseurat.fi/2024\/palvelut\/julkaisumyymala\/","og_site_name":"SRK:n Suviseurat Pudasj\u00e4rvell\u00e4 2024","article_publisher":"https:\/\/www.facebook.com\/SRKryNyt\/","article_modified_time":"2024-06-18T12:44:05+00:00","og_image":[{"url":"https:\/\/www.suviseurat.fi/2024\/wp-content\/uploads\/2024\/06\/Uusiajulkaisuja2_2024_kansi.jpg"}],"twitter_card":"summary_large_image","twitter_site":"@Suviseurat","twitter_misc":{"Arvioitu lukuaika":"1 minuutti"},"schema":{"@context":"https:\/\/schema.org","@graph":[{"@type":"WebPage","@id":"https:\/\/www.suviseurat.fi/2024\/palvelut\/julkaisumyymala\/","url":"https:\/\/www.suviseurat.fi/2024\/palvelut\/julkaisumyymala\/","name":"Julkaisumyym\u00e4l\u00e4 - SRK:n Suviseurat Pudasj\u00e4rvell\u00e4 2024","isPartOf":{"@id":"https:\/\/www.suviseurat.fi/2024\/#website"},"primaryImageOfPage":{"@id":"https:\/\/www.suviseurat.fi/2024\/palvelut\/julkaisumyymala\/#primaryimage"},"image":{"@id":"https:\/\/www.suviseurat.fi/2024\/palvelut\/julkaisumyymala\/#primaryimage"},"thumbnailUrl":"https:\/\/www.suviseurat.fi/2024\/wp-content\/uploads\/2024\/06\/Uusiajulkaisuja2_2024_kansi.jpg","datePublished":"2022-06-28T09:20:06+00:00","dateModified":"2024-06-18T12:44:05+00:00","description":"SRK:n julkaisumyym\u00e4l\u00e4 SRK:n julkaisumyym\u00e4l\u00e4 palvelee my\u00f6s Suviseuroissa. SRK julkaisee kirjoja, lehti\u00e4 ja \u00e4\u00e4nitteit\u00e4, joiden tavoitteena on tukea","breadcrumb":{"@id":"https:\/\/www.suviseurat.fi/2024\/palvelut\/julkaisumyymala\/#breadcrumb"},"inLanguage":"fi","potentialAction":[{"@type":"ReadAction","target":["https:\/\/www.suviseurat.fi/2024\/palvelut\/julkaisumyymala\/"]}]},{"@type":"ImageObject","inLanguage":"fi","@id":"https:\/\/www.suviseurat.fi/2024\/palvelut\/julkaisumyymala\/#primaryimage","url":"https:\/\/www.suviseurat.fi/2024\/wp-content\/uploads\/2024\/06\/Uusiajulkaisuja2_2024_kansi.jpg","contentUrl":"https:\/\/www.suviseurat.fi/2024\/wp-content\/uploads\/2024\/06\/Uusiajulkaisuja2_2024_kansi.jpg"},{"@type":"BreadcrumbList","@id":"https:\/\/www.suviseurat.fi/2024\/palvelut\/julkaisumyymala\/#breadcrumb","itemListElement":[{"@type":"ListItem","position":1,"name":"Etusivu","item":"https:\/\/www.suviseurat.fi/2024\/"},{"@type":"ListItem","position":2,"name":"Palvelut","item":"https:\/\/www.suviseurat.fi/2024\/palvelut\/"},{"@type":"ListItem","position":3,"name":"Julkaisumyym\u00e4l\u00e4"}]},{"@type":"WebSite","@id":"https:\/\/www.suviseurat.fi/2024\/#website","url":"https:\/\/www.suviseurat.fi/2024\/","name":"SRK:n Suviseurat Pudasj\u00e4rvell\u00e4 2024","description":"Olenko min\u00e4 sinulle rakas?","publisher":{"@id":"https:\/\/www.suviseurat.fi/2024\/#organization"},"potentialAction":[{"@type":"SearchAction","target":{"@type":"EntryPoint","urlTemplate":"https:\/\/www.suviseurat.fi/2024\/?s={search_term_string}"},"query-input":"required name=search_term_string"}],"inLanguage":"fi"},{"@type":"Organization","@id":"https:\/\/www.suviseurat.fi/2024\/#organization","name":"Suviseurat","url":"https:\/\/www.suviseurat.fi/2024\/","logo":{"@type":"ImageObject","inLanguage":"fi","@id":"https:\/\/www.suviseurat.fi/2024\/#\/schema\/logo\/image\/","url":"https:\/\/www.suviseurat.fi/2024\/wp-content\/uploads\/2023\/10\/tunnus-nelio.jpg","contentUrl":"https:\/\/www.suviseurat.fi/2024\/wp-content\/uploads\/2023\/10\/tunnus-nelio.jpg","width":1000,"height":1000,"caption":"Suviseurat"},"image":{"@id":"https:\/\/www.suviseurat.fi/2024\/#\/schema\/logo\/image\/"},"sameAs":["https:\/\/www.facebook.com\/SRKryNyt\/","https:\/\/x.com\/Suviseurat","https:\/\/www.facebook.com\/srksuviseurat\/","https:\/\/www.youtube.com\/@SRKnyt","https:\/\/www.instagram.com\/srk_nyt\/","https:\/\/www.flickr.com\/photos\/suviseurat"]}]}},"_links":{"self":[{"href":"https:\/\/www.suviseurat.fi/2024\/wp-json\/wp\/v2\/pages\/11107"}],"collection":[{"href":"https:\/\/www.suviseurat.fi/2024\/wp-json\/wp\/v2\/pages"}],"about":[{"href":"https:\/\/www.suviseurat.fi/2024\/wp-json\/wp\/v2\/types\/page"}],"author":[{"embeddable":true,"href":"https:\/\/www.suviseurat.fi/2024\/wp-json\/wp\/v2\/users\/21"}],"replies":[{"embeddable":true,"href":"https:\/\/www.suviseurat.fi/2024\/wp-json\/wp\/v2\/comments?post=11107"}],"version-history":[{"count":8,"href":"https:\/\/www.suviseurat.fi/2024\/wp-json\/wp\/v2\/pages\/11107\/revisions"}],"predecessor-version":[{"id":20989,"href":"https:\/\/www.suviseurat.fi/2024\/wp-json\/wp\/v2\/pages\/11107\/revisions\/20989"}],"up":[{"embeddable":true,"href":"https:\/\/www.suviseurat.fi/2024\/wp-json\/wp\/v2\/pages\/857"}],"wp:attachment":[{"href":"https:\/\/www.suviseurat.fi/2024\/wp-json\/wp\/v2\/media?parent=11107"}],"curies":[{"name":"wp","href":"https:\/\/api.w.org\/{rel}","templated":true}]}}