{"id":11336,"date":"2024-05-14T15:18:54","date_gmt":"2024-05-14T12:18:54","guid":{"rendered":"https:\/\/www.suviseurat.fi/2024\/?page_id=11336"},"modified":"2024-06-25T20:55:07","modified_gmt":"2024-06-25T17:55:07","slug":"kioski-hinnastot-ja-tuoteselosteet","status":"publish","type":"page","link":"https:\/\/www.suviseurat.fi/2024\/palvelut\/myymala-kioskit-grillit-ja-panini\/kioski-hinnastot-ja-tuoteselosteet\/","title":{"rendered":"Hinnastot ja tuoteselosteet"},"content":{"rendered":"\n<h2><strong>Myym\u00e4l\u00e4<\/strong><\/h2>\n<p><a href=\"https:\/\/www.suviseurat.fi/2024\/wp-content\/uploads\/2024\/06\/Myymalan_tuotevalikoima.pdf\" target=\"_blank\" rel=\"noopener\">Myym\u00e4l\u00e4n tuotelistaus PDF<\/a><\/p>\n<p>\u00a0\u00a0<\/p>\n<h2><strong>J\u00e4\u00e4tel\u00f6kioski<\/strong><\/h2>\n<p><a href=\"https:\/\/www.suviseurat.fi/2024\/wp-content\/uploads\/2024\/05\/Jaatelohinnasto2024.jpg\"><img loading=\"lazy\" decoding=\"async\" class=\"alignnone wp-image-19696\" src=\"https:\/\/www.suviseurat.fi/2024\/wp-content\/uploads\/2024\/05\/Jaatelohinnasto2024.jpg\" alt=\"\" width=\"573\" height=\"810\" \/><\/a><\/p>\n<p>J\u00e4\u00e4tel\u00f6iden <a href=\"https:\/\/www.pingviini.fi\/fi-FI\/products\/\" target=\"_blank\" rel=\"noopener\">tuoteselosteet l\u00f6yd\u00e4t t\u00e4\u00e4lt\u00e4<\/a>.<\/p>\n<p>\u00a0<\/p>\n<p><a href=\"https:\/\/www.suviseurat.fi/2024\/wp-content\/uploads\/2024\/05\/Pehmishinnasto2024.jpg\"><img loading=\"lazy\" decoding=\"async\" class=\"alignnone wp-image-19706\" src=\"https:\/\/www.suviseurat.fi/2024\/wp-content\/uploads\/2024\/05\/Pehmishinnasto2024.jpg\" alt=\"\" width=\"575\" height=\"813\" \/><\/a><\/p>\n<p>\u00a0<\/p>\n<h2><strong>Panini<\/strong><\/h2>\n<p><a href=\"https:\/\/www.suviseurat.fi/2024\/wp-content\/uploads\/2024\/05\/Paninien-tuoteselosteet.jpg\"><img loading=\"lazy\" decoding=\"async\" class=\"alignnone wp-image-19763\" src=\"https:\/\/www.suviseurat.fi/2024\/wp-content\/uploads\/2024\/05\/Paninien-tuoteselosteet.jpg\" alt=\"\" width=\"574\" height=\"804\" \/><\/a><\/p>\n<p>\u00a0<\/p>\n<h2><strong>Grilli<\/strong><\/h2>\n<table style=\"border-collapse: collapse;width: 100%\">\n<tbody>\n<tr>\n<td style=\"width: 33.3333%\"><strong>Atria Hiillos<a href=\"https:\/\/www.suviseurat.fi/2024\/wp-content\/uploads\/2024\/05\/atria-hiillos.jpg\"><img loading=\"lazy\" decoding=\"async\" class=\"alignnone wp-image-19811 size-full\" src=\"https:\/\/www.suviseurat.fi/2024\/wp-content\/uploads\/2024\/05\/atria-hiillos.jpg\" alt=\"\" width=\"706\" height=\"1000\" \/><\/a><\/strong><\/td>\n<td style=\"width: 33.3333%\"><strong>Atria Wilhelm<a href=\"https:\/\/www.suviseurat.fi/2024\/wp-content\/uploads\/2024\/05\/atria-wilhelm.jpg\"><img loading=\"lazy\" decoding=\"async\" class=\"alignnone wp-image-19820 size-full\" src=\"https:\/\/www.suviseurat.fi/2024\/wp-content\/uploads\/2024\/05\/atria-wilhelm.jpg\" alt=\"\" width=\"700\" height=\"1000\" \/><\/a><\/strong><\/td>\n<td style=\"width: 33.3333%\"><strong>Snellman Kunnon<a href=\"https:\/\/www.suviseurat.fi/2024\/wp-content\/uploads\/2024\/05\/snellman-kunnon.jpg\"><img loading=\"lazy\" decoding=\"async\" class=\"alignnone wp-image-19829 size-full\" src=\"https:\/\/www.suviseurat.fi/2024\/wp-content\/uploads\/2024\/05\/snellman-kunnon.jpg\" alt=\"\" width=\"702\" height=\"1000\" \/><\/a><\/strong><\/td>\n<\/tr>\n<\/tbody>\n<\/table>\n<p>(saat suurennettua kuvia klikkaamalla niit\u00e4)<\/p>\n","protected":false},"excerpt":{"rendered":"<p>Myym\u00e4l\u00e4 Myym\u00e4l\u00e4n tuotelistaus PDF \u00a0\u00a0 J\u00e4\u00e4tel\u00f6kioski J\u00e4\u00e4tel\u00f6iden tuoteselosteet l\u00f6yd\u00e4t t\u00e4\u00e4lt\u00e4. \u00a0 \u00a0 Panini \u00a0 Grilli<a class=\"moretag\" href=\"https:\/\/www.suviseurat.fi/2024\/palvelut\/myymala-kioskit-grillit-ja-panini\/kioski-hinnastot-ja-tuoteselosteet\/\">Jatka lukemista ><\/a><\/p>\n","protected":false},"author":21,"featured_media":0,"parent":884,"menu_order":0,"comment_status":"closed","ping_status":"closed","template":"","meta":{"_acf_changed":false,"footnotes":""},"class_list":["post-11336","page","type-page","status-publish","hentry"],"acf":[],"yoast_head":"<!-- This site is optimized with the Yoast SEO plugin v23.3 - https:\/\/yoast.com\/wordpress\/plugins\/seo\/ -->\n<title>Hinnastot ja tuoteselosteet - SRK:n Suviseurat Pudasj\u00e4rvell\u00e4 2024<\/title>\n<meta name=\"description\" content=\"Myym\u00e4l\u00e4 Myym\u00e4l\u00e4n tuotelistaus PDF \u00a0\u00a0 J\u00e4\u00e4tel\u00f6kioski J\u00e4\u00e4tel\u00f6iden tuoteselosteet l\u00f6yd\u00e4t t\u00e4\u00e4lt\u00e4. \u00a0 \u00a0 Panini \u00a0 Grilli Atria Hiillos Atria Wilhelm Snellman\" \/>\n<meta name=\"robots\" content=\"index, follow, max-snippet:-1, max-image-preview:large, max-video-preview:-1\" \/>\n<link rel=\"canonical\" href=\"https:\/\/www.suviseurat.fi/2024\/palvelut\/myymala-kioskit-grillit-ja-panini\/kioski-hinnastot-ja-tuoteselosteet\/\" \/>\n<meta property=\"og:locale\" content=\"fi_FI\" \/>\n<meta property=\"og:type\" content=\"article\" \/>\n<meta property=\"og:title\" content=\"Hinnastot ja tuoteselosteet - SRK:n Suviseurat Pudasj\u00e4rvell\u00e4 2024\" \/>\n<meta property=\"og:description\" content=\"Myym\u00e4l\u00e4 Myym\u00e4l\u00e4n tuotelistaus PDF \u00a0\u00a0 J\u00e4\u00e4tel\u00f6kioski J\u00e4\u00e4tel\u00f6iden tuoteselosteet l\u00f6yd\u00e4t t\u00e4\u00e4lt\u00e4. \u00a0 \u00a0 Panini \u00a0 Grilli Atria Hiillos Atria Wilhelm Snellman\" \/>\n<meta property=\"og:url\" content=\"https:\/\/www.suviseurat.fi/2024\/palvelut\/myymala-kioskit-grillit-ja-panini\/kioski-hinnastot-ja-tuoteselosteet\/\" \/>\n<meta property=\"og:site_name\" content=\"SRK:n Suviseurat Pudasj\u00e4rvell\u00e4 2024\" \/>\n<meta property=\"article:publisher\" content=\"https:\/\/www.facebook.com\/SRKryNyt\/\" \/>\n<meta property=\"article:modified_time\" content=\"2024-06-25T17:55:07+00:00\" \/>\n<meta property=\"og:image\" content=\"https:\/\/www.suviseurat.fi/2024\/wp-content\/uploads\/2024\/05\/Jaatelohinnasto2024.jpg\" \/>\n<meta name=\"twitter:card\" content=\"summary_large_image\" \/>\n<meta name=\"twitter:site\" content=\"@Suviseurat\" \/>\n<meta name=\"twitter:label1\" content=\"Arvioitu lukuaika\" \/>\n\t<meta name=\"twitter:data1\" content=\"1 minuutti\" \/>\n<script type=\"application\/ld+json\" class=\"yoast-schema-graph\">{\"@context\":\"https:\/\/schema.org\",\"@graph\":[{\"@type\":\"WebPage\",\"@id\":\"https:\/\/www.suviseurat.fi/2024\/palvelut\/myymala-kioskit-grillit-ja-panini\/kioski-hinnastot-ja-tuoteselosteet\/\",\"url\":\"https:\/\/www.suviseurat.fi/2024\/palvelut\/myymala-kioskit-grillit-ja-panini\/kioski-hinnastot-ja-tuoteselosteet\/\",\"name\":\"Hinnastot ja tuoteselosteet - SRK:n Suviseurat Pudasj\u00e4rvell\u00e4 2024\",\"isPartOf\":{\"@id\":\"https:\/\/www.suviseurat.fi/2024\/#website\"},\"primaryImageOfPage\":{\"@id\":\"https:\/\/www.suviseurat.fi/2024\/palvelut\/myymala-kioskit-grillit-ja-panini\/kioski-hinnastot-ja-tuoteselosteet\/#primaryimage\"},\"image\":{\"@id\":\"https:\/\/www.suviseurat.fi/2024\/palvelut\/myymala-kioskit-grillit-ja-panini\/kioski-hinnastot-ja-tuoteselosteet\/#primaryimage\"},\"thumbnailUrl\":\"https:\/\/www.suviseurat.fi/2024\/wp-content\/uploads\/2024\/05\/Jaatelohinnasto2024.jpg\",\"datePublished\":\"2024-05-14T12:18:54+00:00\",\"dateModified\":\"2024-06-25T17:55:07+00:00\",\"description\":\"Myym\u00e4l\u00e4 Myym\u00e4l\u00e4n tuotelistaus PDF \u00a0\u00a0 J\u00e4\u00e4tel\u00f6kioski J\u00e4\u00e4tel\u00f6iden tuoteselosteet l\u00f6yd\u00e4t t\u00e4\u00e4lt\u00e4. \u00a0 \u00a0 Panini \u00a0 Grilli Atria Hiillos Atria Wilhelm Snellman\",\"breadcrumb\":{\"@id\":\"https:\/\/www.suviseurat.fi/2024\/palvelut\/myymala-kioskit-grillit-ja-panini\/kioski-hinnastot-ja-tuoteselosteet\/#breadcrumb\"},\"inLanguage\":\"fi\",\"potentialAction\":[{\"@type\":\"ReadAction\",\"target\":[\"https:\/\/www.suviseurat.fi/2024\/palvelut\/myymala-kioskit-grillit-ja-panini\/kioski-hinnastot-ja-tuoteselosteet\/\"]}]},{\"@type\":\"ImageObject\",\"inLanguage\":\"fi\",\"@id\":\"https:\/\/www.suviseurat.fi/2024\/palvelut\/myymala-kioskit-grillit-ja-panini\/kioski-hinnastot-ja-tuoteselosteet\/#primaryimage\",\"url\":\"https:\/\/www.suviseurat.fi/2024\/wp-content\/uploads\/2024\/05\/Jaatelohinnasto2024.jpg\",\"contentUrl\":\"https:\/\/www.suviseurat.fi/2024\/wp-content\/uploads\/2024\/05\/Jaatelohinnasto2024.jpg\",\"width\":676,\"height\":956},{\"@type\":\"BreadcrumbList\",\"@id\":\"https:\/\/www.suviseurat.fi/2024\/palvelut\/myymala-kioskit-grillit-ja-panini\/kioski-hinnastot-ja-tuoteselosteet\/#breadcrumb\",\"itemListElement\":[{\"@type\":\"ListItem\",\"position\":1,\"name\":\"Etusivu\",\"item\":\"https:\/\/www.suviseurat.fi/2024\/\"},{\"@type\":\"ListItem\",\"position\":2,\"name\":\"Palvelut\",\"item\":\"https:\/\/www.suviseurat.fi/2024\/palvelut\/\"},{\"@type\":\"ListItem\",\"position\":3,\"name\":\"Myym\u00e4l\u00e4, kioskit, grillit ja panini\",\"item\":\"https:\/\/www.suviseurat.fi/2024\/palvelut\/myymala-kioskit-grillit-ja-panini\/\"},{\"@type\":\"ListItem\",\"position\":4,\"name\":\"Hinnastot ja tuoteselosteet\"}]},{\"@type\":\"WebSite\",\"@id\":\"https:\/\/www.suviseurat.fi/2024\/#website\",\"url\":\"https:\/\/www.suviseurat.fi/2024\/\",\"name\":\"SRK:n Suviseurat Pudasj\u00e4rvell\u00e4 2024\",\"description\":\"Olenko min\u00e4 sinulle rakas?\",\"publisher\":{\"@id\":\"https:\/\/www.suviseurat.fi/2024\/#organization\"},\"potentialAction\":[{\"@type\":\"SearchAction\",\"target\":{\"@type\":\"EntryPoint\",\"urlTemplate\":\"https:\/\/www.suviseurat.fi/2024\/?s={search_term_string}\"},\"query-input\":\"required name=search_term_string\"}],\"inLanguage\":\"fi\"},{\"@type\":\"Organization\",\"@id\":\"https:\/\/www.suviseurat.fi/2024\/#organization\",\"name\":\"Suviseurat\",\"url\":\"https:\/\/www.suviseurat.fi/2024\/\",\"logo\":{\"@type\":\"ImageObject\",\"inLanguage\":\"fi\",\"@id\":\"https:\/\/www.suviseurat.fi/2024\/#\/schema\/logo\/image\/\",\"url\":\"https:\/\/www.suviseurat.fi/2024\/wp-content\/uploads\/2023\/10\/tunnus-nelio.jpg\",\"contentUrl\":\"https:\/\/www.suviseurat.fi/2024\/wp-content\/uploads\/2023\/10\/tunnus-nelio.jpg\",\"width\":1000,\"height\":1000,\"caption\":\"Suviseurat\"},\"image\":{\"@id\":\"https:\/\/www.suviseurat.fi/2024\/#\/schema\/logo\/image\/\"},\"sameAs\":[\"https:\/\/www.facebook.com\/SRKryNyt\/\",\"https:\/\/x.com\/Suviseurat\",\"https:\/\/www.facebook.com\/srksuviseurat\/\",\"https:\/\/www.youtube.com\/@SRKnyt\",\"https:\/\/www.instagram.com\/srk_nyt\/\",\"https:\/\/www.flickr.com\/photos\/suviseurat\"]}]}<\/script>\n<!-- \/ Yoast SEO plugin. -->","yoast_head_json":{"title":"Hinnastot ja tuoteselosteet - SRK:n Suviseurat Pudasj\u00e4rvell\u00e4 2024","description":"Myym\u00e4l\u00e4 Myym\u00e4l\u00e4n tuotelistaus PDF \u00a0\u00a0 J\u00e4\u00e4tel\u00f6kioski J\u00e4\u00e4tel\u00f6iden tuoteselosteet l\u00f6yd\u00e4t t\u00e4\u00e4lt\u00e4. \u00a0 \u00a0 Panini \u00a0 Grilli Atria Hiillos Atria Wilhelm Snellman","robots":{"index":"index","follow":"follow","max-snippet":"max-snippet:-1","max-image-preview":"max-image-preview:large","max-video-preview":"max-video-preview:-1"},"canonical":"https:\/\/www.suviseurat.fi/2024\/palvelut\/myymala-kioskit-grillit-ja-panini\/kioski-hinnastot-ja-tuoteselosteet\/","og_locale":"fi_FI","og_type":"article","og_title":"Hinnastot ja tuoteselosteet - SRK:n Suviseurat Pudasj\u00e4rvell\u00e4 2024","og_description":"Myym\u00e4l\u00e4 Myym\u00e4l\u00e4n tuotelistaus PDF \u00a0\u00a0 J\u00e4\u00e4tel\u00f6kioski J\u00e4\u00e4tel\u00f6iden tuoteselosteet l\u00f6yd\u00e4t t\u00e4\u00e4lt\u00e4. \u00a0 \u00a0 Panini \u00a0 Grilli Atria Hiillos Atria Wilhelm Snellman","og_url":"https:\/\/www.suviseurat.fi/2024\/palvelut\/myymala-kioskit-grillit-ja-panini\/kioski-hinnastot-ja-tuoteselosteet\/","og_site_name":"SRK:n Suviseurat Pudasj\u00e4rvell\u00e4 2024","article_publisher":"https:\/\/www.facebook.com\/SRKryNyt\/","article_modified_time":"2024-06-25T17:55:07+00:00","og_image":[{"url":"https:\/\/www.suviseurat.fi/2024\/wp-content\/uploads\/2024\/05\/Jaatelohinnasto2024.jpg"}],"twitter_card":"summary_large_image","twitter_site":"@Suviseurat","twitter_misc":{"Arvioitu lukuaika":"1 minuutti"},"schema":{"@context":"https:\/\/schema.org","@graph":[{"@type":"WebPage","@id":"https:\/\/www.suviseurat.fi/2024\/palvelut\/myymala-kioskit-grillit-ja-panini\/kioski-hinnastot-ja-tuoteselosteet\/","url":"https:\/\/www.suviseurat.fi/2024\/palvelut\/myymala-kioskit-grillit-ja-panini\/kioski-hinnastot-ja-tuoteselosteet\/","name":"Hinnastot ja tuoteselosteet - SRK:n Suviseurat Pudasj\u00e4rvell\u00e4 2024","isPartOf":{"@id":"https:\/\/www.suviseurat.fi/2024\/#website"},"primaryImageOfPage":{"@id":"https:\/\/www.suviseurat.fi/2024\/palvelut\/myymala-kioskit-grillit-ja-panini\/kioski-hinnastot-ja-tuoteselosteet\/#primaryimage"},"image":{"@id":"https:\/\/www.suviseurat.fi/2024\/palvelut\/myymala-kioskit-grillit-ja-panini\/kioski-hinnastot-ja-tuoteselosteet\/#primaryimage"},"thumbnailUrl":"https:\/\/www.suviseurat.fi/2024\/wp-content\/uploads\/2024\/05\/Jaatelohinnasto2024.jpg","datePublished":"2024-05-14T12:18:54+00:00","dateModified":"2024-06-25T17:55:07+00:00","description":"Myym\u00e4l\u00e4 Myym\u00e4l\u00e4n tuotelistaus PDF \u00a0\u00a0 J\u00e4\u00e4tel\u00f6kioski J\u00e4\u00e4tel\u00f6iden tuoteselosteet l\u00f6yd\u00e4t t\u00e4\u00e4lt\u00e4. \u00a0 \u00a0 Panini \u00a0 Grilli Atria Hiillos Atria Wilhelm Snellman","breadcrumb":{"@id":"https:\/\/www.suviseurat.fi/2024\/palvelut\/myymala-kioskit-grillit-ja-panini\/kioski-hinnastot-ja-tuoteselosteet\/#breadcrumb"},"inLanguage":"fi","potentialAction":[{"@type":"ReadAction","target":["https:\/\/www.suviseurat.fi/2024\/palvelut\/myymala-kioskit-grillit-ja-panini\/kioski-hinnastot-ja-tuoteselosteet\/"]}]},{"@type":"ImageObject","inLanguage":"fi","@id":"https:\/\/www.suviseurat.fi/2024\/palvelut\/myymala-kioskit-grillit-ja-panini\/kioski-hinnastot-ja-tuoteselosteet\/#primaryimage","url":"https:\/\/www.suviseurat.fi/2024\/wp-content\/uploads\/2024\/05\/Jaatelohinnasto2024.jpg","contentUrl":"https:\/\/www.suviseurat.fi/2024\/wp-content\/uploads\/2024\/05\/Jaatelohinnasto2024.jpg","width":676,"height":956},{"@type":"BreadcrumbList","@id":"https:\/\/www.suviseurat.fi/2024\/palvelut\/myymala-kioskit-grillit-ja-panini\/kioski-hinnastot-ja-tuoteselosteet\/#breadcrumb","itemListElement":[{"@type":"ListItem","position":1,"name":"Etusivu","item":"https:\/\/www.suviseurat.fi/2024\/"},{"@type":"ListItem","position":2,"name":"Palvelut","item":"https:\/\/www.suviseurat.fi/2024\/palvelut\/"},{"@type":"ListItem","position":3,"name":"Myym\u00e4l\u00e4, kioskit, grillit ja panini","item":"https:\/\/www.suviseurat.fi/2024\/palvelut\/myymala-kioskit-grillit-ja-panini\/"},{"@type":"ListItem","position":4,"name":"Hinnastot ja tuoteselosteet"}]},{"@type":"WebSite","@id":"https:\/\/www.suviseurat.fi/2024\/#website","url":"https:\/\/www.suviseurat.fi/2024\/","name":"SRK:n Suviseurat Pudasj\u00e4rvell\u00e4 2024","description":"Olenko min\u00e4 sinulle rakas?","publisher":{"@id":"https:\/\/www.suviseurat.fi/2024\/#organization"},"potentialAction":[{"@type":"SearchAction","target":{"@type":"EntryPoint","urlTemplate":"https:\/\/www.suviseurat.fi/2024\/?s={search_term_string}"},"query-input":"required name=search_term_string"}],"inLanguage":"fi"},{"@type":"Organization","@id":"https:\/\/www.suviseurat.fi/2024\/#organization","name":"Suviseurat","url":"https:\/\/www.suviseurat.fi/2024\/","logo":{"@type":"ImageObject","inLanguage":"fi","@id":"https:\/\/www.suviseurat.fi/2024\/#\/schema\/logo\/image\/","url":"https:\/\/www.suviseurat.fi/2024\/wp-content\/uploads\/2023\/10\/tunnus-nelio.jpg","contentUrl":"https:\/\/www.suviseurat.fi/2024\/wp-content\/uploads\/2023\/10\/tunnus-nelio.jpg","width":1000,"height":1000,"caption":"Suviseurat"},"image":{"@id":"https:\/\/www.suviseurat.fi/2024\/#\/schema\/logo\/image\/"},"sameAs":["https:\/\/www.facebook.com\/SRKryNyt\/","https:\/\/x.com\/Suviseurat","https:\/\/www.facebook.com\/srksuviseurat\/","https:\/\/www.youtube.com\/@SRKnyt","https:\/\/www.instagram.com\/srk_nyt\/","https:\/\/www.flickr.com\/photos\/suviseurat"]}]}},"_links":{"self":[{"href":"https:\/\/www.suviseurat.fi/2024\/wp-json\/wp\/v2\/pages\/11336"}],"collection":[{"href":"https:\/\/www.suviseurat.fi/2024\/wp-json\/wp\/v2\/pages"}],"about":[{"href":"https:\/\/www.suviseurat.fi/2024\/wp-json\/wp\/v2\/types\/page"}],"author":[{"embeddable":true,"href":"https:\/\/www.suviseurat.fi/2024\/wp-json\/wp\/v2\/users\/21"}],"replies":[{"embeddable":true,"href":"https:\/\/www.suviseurat.fi/2024\/wp-json\/wp\/v2\/comments?post=11336"}],"version-history":[{"count":10,"href":"https:\/\/www.suviseurat.fi/2024\/wp-json\/wp\/v2\/pages\/11336\/revisions"}],"predecessor-version":[{"id":20772,"href":"https:\/\/www.suviseurat.fi/2024\/wp-json\/wp\/v2\/pages\/11336\/revisions\/20772"}],"up":[{"embeddable":true,"href":"https:\/\/www.suviseurat.fi/2024\/wp-json\/wp\/v2\/pages\/884"}],"wp:attachment":[{"href":"https:\/\/www.suviseurat.fi/2024\/wp-json\/wp\/v2\/media?parent=11336"}],"curies":[{"name":"wp","href":"https:\/\/api.w.org\/{rel}","templated":true}]}}