{"id":12506,"date":"2022-10-17T20:31:28","date_gmt":"2022-10-17T17:31:28","guid":{"rendered":"https:\/\/www.suviseurat.fi/2024\/?page_id=12506"},"modified":"2024-05-01T11:28:21","modified_gmt":"2024-05-01T08:28:21","slug":"seuratunnus","status":"publish","type":"page","link":"https:\/\/www.suviseurat.fi/2024\/suviseurat\/seuratunnus\/","title":{"rendered":"Seuratunnus"},"content":{"rendered":"\n<div class=\"wp-block-columns is-layout-flex wp-container-core-columns-is-layout-1 wp-block-columns-is-layout-flex\">\n<div class=\"wp-block-column is-layout-flow wp-block-column-is-layout-flow\">\n<h2 class=\"wp-block-heading\"><strong>Olenko min\u00e4 sinulle rakas? <\/strong><br><strong>(Joh. 21:17)<\/strong><\/h2>\n\n\n\n<p>Suviseurojen seuratunnus on Johanneksen evankeliumista: \u201cOlenko min\u00e4 sinulle rakas?\u201d (Joh. 21:17.) Kysymys on yl\u00f6snousseen Jeesuksen kysymys Pietarille, opetuslapselle, joka oli aikaisemmin ylipapin pihalla kielt\u00e4nyt tuntevansa Jeesuksen. Seuratunnuksen raamatunkohdassa Jeesus kysyy Pietarilta, rakastaako t\u00e4m\u00e4 h\u00e4nt\u00e4. Kysymyksen voi ajatella olevan osoitettu Pietarin lis\u00e4ksi my\u00f6s jokaiselle ihmiselle. Seuratunnus saa pohtimaan henkil\u00f6kohtaista tahtoa uskoa.&nbsp;<\/p>\n\n\n\n<p>Suviseurojen juhlaportti ja seuramerkki on suunniteltu Tauno Walkeaj\u00e4rven idean pohjalta. Seuramerkiss\u00e4 taustana on sininen j\u00e4rven pinta, joka kuvaa Tiberiaanj\u00e4rve\u00e4 \u2013 Jeesuksen ja Pietarin kohtaamispaikkaa. Merkiss\u00e4 yhdistyv\u00e4t syd\u00e4n ja kysymysmerkki. Valkoinen syd\u00e4n jakautuu kahteen puoliskoon: vasemmalla puolella ovat Jeesuksen sanat ja oikealla puolella kysymysmerkki.<\/p>\n<\/div>\n\n\n\n<div class=\"wp-block-column is-layout-flow wp-block-column-is-layout-flow\">\n<figure class=\"wp-block-image\"><a href=\"https:\/\/www.suviseurat.fi/2024\/wp-content\/uploads\/2023\/10\/pj2024-merkki-e1698044587903.jpg\"><img loading=\"lazy\" decoding=\"async\" width=\"827\" height=\"709\" src=\"https:\/\/www.suviseurat.fi/2024\/wp-content\/uploads\/2023\/10\/pj2024-merkki-e1698044587903.jpg\" alt=\"\" class=\"wp-image-18962\" srcset=\"https:\/\/www.suviseurat.fi/2024\/wp-content\/uploads\/2023\/10\/pj2024-merkki-e1698044587903.jpg 827w, https:\/\/www.suviseurat.fi/2024\/wp-content\/uploads\/2023\/10\/pj2024-merkki-e1698044587903-768x658.jpg 768w\" sizes=\"(max-width: 827px) 100vw, 827px\" \/><\/a><\/figure>\n<\/div>\n<\/div>\n","protected":false},"excerpt":{"rendered":"<p>Olenko min\u00e4 sinulle rakas? (Joh. 21:17) Suviseurojen seuratunnus on Johanneksen evankeliumista: \u201cOlenko min\u00e4 sinulle rakas?\u201d<a class=\"moretag\" href=\"https:\/\/www.suviseurat.fi/2024\/suviseurat\/seuratunnus\/\">Jatka lukemista ><\/a><\/p>\n","protected":false},"author":33,"featured_media":0,"parent":74,"menu_order":4,"comment_status":"closed","ping_status":"closed","template":"","meta":{"_acf_changed":false,"footnotes":""},"class_list":["post-12506","page","type-page","status-publish","hentry"],"acf":[],"yoast_head":"<!-- This site is optimized with the Yoast SEO plugin v23.3 - https:\/\/yoast.com\/wordpress\/plugins\/seo\/ -->\n<title>Seuratunnus - SRK:n Suviseurat Pudasj\u00e4rvell\u00e4 2024<\/title>\n<meta name=\"description\" content=\"Olenko min\u00e4 sinulle rakas? (Joh. 21:17) Suviseurojen seuratunnus on Johanneksen evankeliumista: \u201cOlenko min\u00e4 sinulle rakas?\u201d (Joh. 21:17.) Kysymys on\" \/>\n<meta name=\"robots\" content=\"index, follow, max-snippet:-1, max-image-preview:large, max-video-preview:-1\" \/>\n<link rel=\"canonical\" href=\"https:\/\/www.suviseurat.fi/2024\/suviseurat\/seuratunnus\/\" \/>\n<meta property=\"og:locale\" content=\"fi_FI\" \/>\n<meta property=\"og:type\" content=\"article\" \/>\n<meta property=\"og:title\" content=\"Seuratunnus - SRK:n Suviseurat Pudasj\u00e4rvell\u00e4 2024\" \/>\n<meta property=\"og:description\" content=\"Olenko min\u00e4 sinulle rakas? (Joh. 21:17) Suviseurojen seuratunnus on Johanneksen evankeliumista: \u201cOlenko min\u00e4 sinulle rakas?\u201d (Joh. 21:17.) Kysymys on\" \/>\n<meta property=\"og:url\" content=\"https:\/\/www.suviseurat.fi/2024\/suviseurat\/seuratunnus\/\" \/>\n<meta property=\"og:site_name\" content=\"SRK:n Suviseurat Pudasj\u00e4rvell\u00e4 2024\" \/>\n<meta property=\"article:publisher\" content=\"https:\/\/www.facebook.com\/SRKryNyt\/\" \/>\n<meta property=\"article:modified_time\" content=\"2024-05-01T08:28:21+00:00\" \/>\n<meta property=\"og:image\" content=\"https:\/\/www.suviseurat.fi/2024\/wp-content\/uploads\/2023\/10\/pj2024-merkki-e1698044587903.jpg\" \/>\n<meta name=\"twitter:card\" content=\"summary_large_image\" \/>\n<meta name=\"twitter:site\" content=\"@Suviseurat\" \/>\n<meta name=\"twitter:label1\" content=\"Arvioitu lukuaika\" \/>\n\t<meta name=\"twitter:data1\" content=\"1 minuutti\" \/>\n<script type=\"application\/ld+json\" class=\"yoast-schema-graph\">{\"@context\":\"https:\/\/schema.org\",\"@graph\":[{\"@type\":\"WebPage\",\"@id\":\"https:\/\/www.suviseurat.fi/2024\/suviseurat\/seuratunnus\/\",\"url\":\"https:\/\/www.suviseurat.fi/2024\/suviseurat\/seuratunnus\/\",\"name\":\"Seuratunnus - SRK:n Suviseurat Pudasj\u00e4rvell\u00e4 2024\",\"isPartOf\":{\"@id\":\"https:\/\/www.suviseurat.fi/2024\/#website\"},\"primaryImageOfPage\":{\"@id\":\"https:\/\/www.suviseurat.fi/2024\/suviseurat\/seuratunnus\/#primaryimage\"},\"image\":{\"@id\":\"https:\/\/www.suviseurat.fi/2024\/suviseurat\/seuratunnus\/#primaryimage\"},\"thumbnailUrl\":\"https:\/\/www.suviseurat.fi/2024\/wp-content\/uploads\/2023\/10\/pj2024-merkki-e1698044587903.jpg\",\"datePublished\":\"2022-10-17T17:31:28+00:00\",\"dateModified\":\"2024-05-01T08:28:21+00:00\",\"description\":\"Olenko min\u00e4 sinulle rakas? (Joh. 21:17) Suviseurojen seuratunnus on Johanneksen evankeliumista: \u201cOlenko min\u00e4 sinulle rakas?\u201d (Joh. 21:17.) Kysymys on\",\"breadcrumb\":{\"@id\":\"https:\/\/www.suviseurat.fi/2024\/suviseurat\/seuratunnus\/#breadcrumb\"},\"inLanguage\":\"fi\",\"potentialAction\":[{\"@type\":\"ReadAction\",\"target\":[\"https:\/\/www.suviseurat.fi/2024\/suviseurat\/seuratunnus\/\"]}]},{\"@type\":\"ImageObject\",\"inLanguage\":\"fi\",\"@id\":\"https:\/\/www.suviseurat.fi/2024\/suviseurat\/seuratunnus\/#primaryimage\",\"url\":\"https:\/\/www.suviseurat.fi/2024\/wp-content\/uploads\/2023\/10\/pj2024-merkki-e1698044587903.jpg\",\"contentUrl\":\"https:\/\/www.suviseurat.fi/2024\/wp-content\/uploads\/2023\/10\/pj2024-merkki-e1698044587903.jpg\",\"width\":827,\"height\":709},{\"@type\":\"BreadcrumbList\",\"@id\":\"https:\/\/www.suviseurat.fi/2024\/suviseurat\/seuratunnus\/#breadcrumb\",\"itemListElement\":[{\"@type\":\"ListItem\",\"position\":1,\"name\":\"Etusivu\",\"item\":\"https:\/\/www.suviseurat.fi/2024\/\"},{\"@type\":\"ListItem\",\"position\":2,\"name\":\"Suviseurat\",\"item\":\"https:\/\/www.suviseurat.fi/2024\/suviseurat\/\"},{\"@type\":\"ListItem\",\"position\":3,\"name\":\"Seuratunnus\"}]},{\"@type\":\"WebSite\",\"@id\":\"https:\/\/www.suviseurat.fi/2024\/#website\",\"url\":\"https:\/\/www.suviseurat.fi/2024\/\",\"name\":\"SRK:n Suviseurat Pudasj\u00e4rvell\u00e4 2024\",\"description\":\"Olenko min\u00e4 sinulle rakas?\",\"publisher\":{\"@id\":\"https:\/\/www.suviseurat.fi/2024\/#organization\"},\"potentialAction\":[{\"@type\":\"SearchAction\",\"target\":{\"@type\":\"EntryPoint\",\"urlTemplate\":\"https:\/\/www.suviseurat.fi/2024\/?s={search_term_string}\"},\"query-input\":\"required name=search_term_string\"}],\"inLanguage\":\"fi\"},{\"@type\":\"Organization\",\"@id\":\"https:\/\/www.suviseurat.fi/2024\/#organization\",\"name\":\"Suviseurat\",\"url\":\"https:\/\/www.suviseurat.fi/2024\/\",\"logo\":{\"@type\":\"ImageObject\",\"inLanguage\":\"fi\",\"@id\":\"https:\/\/www.suviseurat.fi/2024\/#\/schema\/logo\/image\/\",\"url\":\"https:\/\/www.suviseurat.fi/2024\/wp-content\/uploads\/2023\/10\/tunnus-nelio.jpg\",\"contentUrl\":\"https:\/\/www.suviseurat.fi/2024\/wp-content\/uploads\/2023\/10\/tunnus-nelio.jpg\",\"width\":1000,\"height\":1000,\"caption\":\"Suviseurat\"},\"image\":{\"@id\":\"https:\/\/www.suviseurat.fi/2024\/#\/schema\/logo\/image\/\"},\"sameAs\":[\"https:\/\/www.facebook.com\/SRKryNyt\/\",\"https:\/\/x.com\/Suviseurat\",\"https:\/\/www.facebook.com\/srksuviseurat\/\",\"https:\/\/www.youtube.com\/@SRKnyt\",\"https:\/\/www.instagram.com\/srk_nyt\/\",\"https:\/\/www.flickr.com\/photos\/suviseurat\"]}]}<\/script>\n<!-- \/ Yoast SEO plugin. -->","yoast_head_json":{"title":"Seuratunnus - SRK:n Suviseurat Pudasj\u00e4rvell\u00e4 2024","description":"Olenko min\u00e4 sinulle rakas? (Joh. 21:17) Suviseurojen seuratunnus on Johanneksen evankeliumista: \u201cOlenko min\u00e4 sinulle rakas?\u201d (Joh. 21:17.) Kysymys on","robots":{"index":"index","follow":"follow","max-snippet":"max-snippet:-1","max-image-preview":"max-image-preview:large","max-video-preview":"max-video-preview:-1"},"canonical":"https:\/\/www.suviseurat.fi/2024\/suviseurat\/seuratunnus\/","og_locale":"fi_FI","og_type":"article","og_title":"Seuratunnus - SRK:n Suviseurat Pudasj\u00e4rvell\u00e4 2024","og_description":"Olenko min\u00e4 sinulle rakas? (Joh. 21:17) Suviseurojen seuratunnus on Johanneksen evankeliumista: \u201cOlenko min\u00e4 sinulle rakas?\u201d (Joh. 21:17.) Kysymys on","og_url":"https:\/\/www.suviseurat.fi/2024\/suviseurat\/seuratunnus\/","og_site_name":"SRK:n Suviseurat Pudasj\u00e4rvell\u00e4 2024","article_publisher":"https:\/\/www.facebook.com\/SRKryNyt\/","article_modified_time":"2024-05-01T08:28:21+00:00","og_image":[{"url":"https:\/\/www.suviseurat.fi/2024\/wp-content\/uploads\/2023\/10\/pj2024-merkki-e1698044587903.jpg"}],"twitter_card":"summary_large_image","twitter_site":"@Suviseurat","twitter_misc":{"Arvioitu lukuaika":"1 minuutti"},"schema":{"@context":"https:\/\/schema.org","@graph":[{"@type":"WebPage","@id":"https:\/\/www.suviseurat.fi/2024\/suviseurat\/seuratunnus\/","url":"https:\/\/www.suviseurat.fi/2024\/suviseurat\/seuratunnus\/","name":"Seuratunnus - SRK:n Suviseurat Pudasj\u00e4rvell\u00e4 2024","isPartOf":{"@id":"https:\/\/www.suviseurat.fi/2024\/#website"},"primaryImageOfPage":{"@id":"https:\/\/www.suviseurat.fi/2024\/suviseurat\/seuratunnus\/#primaryimage"},"image":{"@id":"https:\/\/www.suviseurat.fi/2024\/suviseurat\/seuratunnus\/#primaryimage"},"thumbnailUrl":"https:\/\/www.suviseurat.fi/2024\/wp-content\/uploads\/2023\/10\/pj2024-merkki-e1698044587903.jpg","datePublished":"2022-10-17T17:31:28+00:00","dateModified":"2024-05-01T08:28:21+00:00","description":"Olenko min\u00e4 sinulle rakas? (Joh. 21:17) Suviseurojen seuratunnus on Johanneksen evankeliumista: \u201cOlenko min\u00e4 sinulle rakas?\u201d (Joh. 21:17.) Kysymys on","breadcrumb":{"@id":"https:\/\/www.suviseurat.fi/2024\/suviseurat\/seuratunnus\/#breadcrumb"},"inLanguage":"fi","potentialAction":[{"@type":"ReadAction","target":["https:\/\/www.suviseurat.fi/2024\/suviseurat\/seuratunnus\/"]}]},{"@type":"ImageObject","inLanguage":"fi","@id":"https:\/\/www.suviseurat.fi/2024\/suviseurat\/seuratunnus\/#primaryimage","url":"https:\/\/www.suviseurat.fi/2024\/wp-content\/uploads\/2023\/10\/pj2024-merkki-e1698044587903.jpg","contentUrl":"https:\/\/www.suviseurat.fi/2024\/wp-content\/uploads\/2023\/10\/pj2024-merkki-e1698044587903.jpg","width":827,"height":709},{"@type":"BreadcrumbList","@id":"https:\/\/www.suviseurat.fi/2024\/suviseurat\/seuratunnus\/#breadcrumb","itemListElement":[{"@type":"ListItem","position":1,"name":"Etusivu","item":"https:\/\/www.suviseurat.fi/2024\/"},{"@type":"ListItem","position":2,"name":"Suviseurat","item":"https:\/\/www.suviseurat.fi/2024\/suviseurat\/"},{"@type":"ListItem","position":3,"name":"Seuratunnus"}]},{"@type":"WebSite","@id":"https:\/\/www.suviseurat.fi/2024\/#website","url":"https:\/\/www.suviseurat.fi/2024\/","name":"SRK:n Suviseurat Pudasj\u00e4rvell\u00e4 2024","description":"Olenko min\u00e4 sinulle rakas?","publisher":{"@id":"https:\/\/www.suviseurat.fi/2024\/#organization"},"potentialAction":[{"@type":"SearchAction","target":{"@type":"EntryPoint","urlTemplate":"https:\/\/www.suviseurat.fi/2024\/?s={search_term_string}"},"query-input":"required name=search_term_string"}],"inLanguage":"fi"},{"@type":"Organization","@id":"https:\/\/www.suviseurat.fi/2024\/#organization","name":"Suviseurat","url":"https:\/\/www.suviseurat.fi/2024\/","logo":{"@type":"ImageObject","inLanguage":"fi","@id":"https:\/\/www.suviseurat.fi/2024\/#\/schema\/logo\/image\/","url":"https:\/\/www.suviseurat.fi/2024\/wp-content\/uploads\/2023\/10\/tunnus-nelio.jpg","contentUrl":"https:\/\/www.suviseurat.fi/2024\/wp-content\/uploads\/2023\/10\/tunnus-nelio.jpg","width":1000,"height":1000,"caption":"Suviseurat"},"image":{"@id":"https:\/\/www.suviseurat.fi/2024\/#\/schema\/logo\/image\/"},"sameAs":["https:\/\/www.facebook.com\/SRKryNyt\/","https:\/\/x.com\/Suviseurat","https:\/\/www.facebook.com\/srksuviseurat\/","https:\/\/www.youtube.com\/@SRKnyt","https:\/\/www.instagram.com\/srk_nyt\/","https:\/\/www.flickr.com\/photos\/suviseurat"]}]}},"_links":{"self":[{"href":"https:\/\/www.suviseurat.fi/2024\/wp-json\/wp\/v2\/pages\/12506"}],"collection":[{"href":"https:\/\/www.suviseurat.fi/2024\/wp-json\/wp\/v2\/pages"}],"about":[{"href":"https:\/\/www.suviseurat.fi/2024\/wp-json\/wp\/v2\/types\/page"}],"author":[{"embeddable":true,"href":"https:\/\/www.suviseurat.fi/2024\/wp-json\/wp\/v2\/users\/33"}],"replies":[{"embeddable":true,"href":"https:\/\/www.suviseurat.fi/2024\/wp-json\/wp\/v2\/comments?post=12506"}],"version-history":[{"count":12,"href":"https:\/\/www.suviseurat.fi/2024\/wp-json\/wp\/v2\/pages\/12506\/revisions"}],"predecessor-version":[{"id":19495,"href":"https:\/\/www.suviseurat.fi/2024\/wp-json\/wp\/v2\/pages\/12506\/revisions\/19495"}],"up":[{"embeddable":true,"href":"https:\/\/www.suviseurat.fi/2024\/wp-json\/wp\/v2\/pages\/74"}],"wp:attachment":[{"href":"https:\/\/www.suviseurat.fi/2024\/wp-json\/wp\/v2\/media?parent=12506"}],"curies":[{"name":"wp","href":"https:\/\/api.w.org\/{rel}","templated":true}]}}