{"id":1281,"date":"2022-06-05T12:30:00","date_gmt":"2022-06-05T09:30:00","guid":{"rendered":"https:\/\/www.suviseurat.fi/2024\/?page_id=1281"},"modified":"2024-06-27T00:09:44","modified_gmt":"2024-06-26T21:09:44","slug":"tyovoimatoimisto-tyovuorot","status":"publish","type":"page","link":"https:\/\/www.suviseurat.fi/2024\/ohjeet\/tyovoimatoimisto-tyovuorot\/","title":{"rendered":"Ty\u00f6voimatoimisto &#8211; ty\u00f6vuorot"},"content":{"rendered":"<p>Suviseurojen ajalle on tarjolla monenlaisia ty\u00f6vuoroja. Suurin osa vapaana olevista vuoroista ei edellyt\u00e4 erityisosaamista. Ty\u00f6vuoroja l\u00f6ytyy my\u00f6s alle 18-vuotiaille seuravieraille.<\/p>\n<p><span style=\"font-weight: 400\">Voit varata itsellesi sopivan ty\u00f6vuoron ennen Suviseuroja osoitteesta <\/span><a href=\"https:\/\/suvivuorot.fi\/static\/app\/index.html\"><span style=\"font-weight: 400\">www.varauslista.fi<\/span><\/a><span style=\"font-weight: 400\">. <\/span><span style=\"font-weight: 400\">My\u00f6s Suviseurojen aikana l\u00e4hes kaikki avoimet ty\u00f6vuorot on varattavissa osoitteesta <\/span><a href=\"https:\/\/suvivuorot.fi\/static\/app\/index.html\"><span style=\"font-weight: 400\">www.varauslista.fi<\/span><\/a><span style=\"font-weight: 400\">.\u00a0 <\/span><span style=\"font-weight: 400\">Suviseurojen aikana voit tulla etsim\u00e4\u00e4n itsellesi sopivaa ty\u00f6vuoroa <\/span><span style=\"font-weight: 400\">my\u00f6s<\/span><span style=\"font-weight: 400\"> ty\u00f6voimatoimistosta, joka sijaitsee keskuskent\u00e4ll\u00e4 samassa teltassa info- ja kentt\u00e4maksupisteen kanssa.<\/span><\/p>\n<table style=\"width: 49.404%\">\n<tbody>\n<tr>\n<td style=\"background-color: #f0f0f0;text-align: left;width: 48.8112%\" colspan=\"2\"><strong>Ty\u00f6voimatoimisto<\/strong><\/td>\n<\/tr>\n<tr>\n<td style=\"width: 33.8007%\">keskiviikko\u2013sunnuntai<\/td>\n<td style=\"width: 15.0105%\">8\u201322<\/td>\n<\/tr>\n<tr>\n<td style=\"width: 33.8007%\">maanantai<\/td>\n<td style=\"width: 15.0105%\">8\u201315<\/td>\n<\/tr>\n<\/tbody>\n<\/table>\n<p><a href=\"mailto:tyovuorot@suviseurat.fi\">tyovuorot@suviseurat.fi<\/a><br \/>\n040 1320 781<\/p>\n<p><img loading=\"lazy\" decoding=\"async\" class=\"alignnone size-medium wp-image-3428\" src=\"https:\/\/www.suviseurat.fi/2024\/wp-content\/uploads\/2019\/04\/Tyo-miehia-ja-naisia-1024x673.jpg\" alt=\"ty\u00f6vuorot suviseurat muhos\" width=\"1024\" height=\"673\" \/><\/p>\n","protected":false},"excerpt":{"rendered":"<p>Suviseurojen ajalle on tarjolla monenlaisia ty\u00f6vuoroja. Suurin osa vapaana olevista vuoroista ei edellyt\u00e4 erityisosaamista. Ty\u00f6vuoroja<a class=\"moretag\" href=\"https:\/\/www.suviseurat.fi/2024\/ohjeet\/tyovoimatoimisto-tyovuorot\/\">Jatka lukemista ><\/a><\/p>\n","protected":false},"author":19,"featured_media":0,"parent":738,"menu_order":6,"comment_status":"closed","ping_status":"closed","template":"","meta":{"_acf_changed":false,"footnotes":""},"class_list":["post-1281","page","type-page","status-publish","hentry"],"acf":[],"yoast_head":"<!-- This site is optimized with the Yoast SEO plugin v23.3 - https:\/\/yoast.com\/wordpress\/plugins\/seo\/ -->\n<title>Ty\u00f6voimatoimisto - ty\u00f6vuorot - SRK:n Suviseurat Pudasj\u00e4rvell\u00e4 2024<\/title>\n<meta name=\"description\" content=\"Suviseurojen ajalle on tarjolla monenlaisia ty\u00f6vuoroja. Suurin osa vapaana olevista vuoroista ei edellyt\u00e4 erityisosaamista. Ty\u00f6vuoroja l\u00f6ytyy my\u00f6s alle\" \/>\n<meta name=\"robots\" content=\"index, follow, max-snippet:-1, max-image-preview:large, max-video-preview:-1\" \/>\n<link rel=\"canonical\" href=\"https:\/\/www.suviseurat.fi/2024\/ohjeet\/tyovoimatoimisto-tyovuorot\/\" \/>\n<meta property=\"og:locale\" content=\"fi_FI\" \/>\n<meta property=\"og:type\" content=\"article\" \/>\n<meta property=\"og:title\" content=\"Ty\u00f6voimatoimisto - ty\u00f6vuorot - SRK:n Suviseurat Pudasj\u00e4rvell\u00e4 2024\" \/>\n<meta property=\"og:description\" content=\"Suviseurojen ajalle on tarjolla monenlaisia ty\u00f6vuoroja. Suurin osa vapaana olevista vuoroista ei edellyt\u00e4 erityisosaamista. Ty\u00f6vuoroja l\u00f6ytyy my\u00f6s alle\" \/>\n<meta property=\"og:url\" content=\"https:\/\/www.suviseurat.fi/2024\/ohjeet\/tyovoimatoimisto-tyovuorot\/\" \/>\n<meta property=\"og:site_name\" content=\"SRK:n Suviseurat Pudasj\u00e4rvell\u00e4 2024\" \/>\n<meta property=\"article:publisher\" content=\"https:\/\/www.facebook.com\/SRKryNyt\/\" \/>\n<meta property=\"article:modified_time\" content=\"2024-06-26T21:09:44+00:00\" \/>\n<meta property=\"og:image\" content=\"https:\/\/www.suviseurat.fi/2024\/wp-content\/uploads\/2019\/04\/Tyo-miehia-ja-naisia-1024x673.jpg\" \/>\n<meta name=\"twitter:card\" content=\"summary_large_image\" \/>\n<meta name=\"twitter:site\" content=\"@Suviseurat\" \/>\n<meta name=\"twitter:label1\" content=\"Arvioitu lukuaika\" \/>\n\t<meta name=\"twitter:data1\" content=\"1 minuutti\" \/>\n<script type=\"application\/ld+json\" class=\"yoast-schema-graph\">{\"@context\":\"https:\/\/schema.org\",\"@graph\":[{\"@type\":\"WebPage\",\"@id\":\"https:\/\/www.suviseurat.fi/2024\/ohjeet\/tyovoimatoimisto-tyovuorot\/\",\"url\":\"https:\/\/www.suviseurat.fi/2024\/ohjeet\/tyovoimatoimisto-tyovuorot\/\",\"name\":\"Ty\u00f6voimatoimisto - ty\u00f6vuorot - SRK:n Suviseurat Pudasj\u00e4rvell\u00e4 2024\",\"isPartOf\":{\"@id\":\"https:\/\/www.suviseurat.fi/2024\/#website\"},\"primaryImageOfPage\":{\"@id\":\"https:\/\/www.suviseurat.fi/2024\/ohjeet\/tyovoimatoimisto-tyovuorot\/#primaryimage\"},\"image\":{\"@id\":\"https:\/\/www.suviseurat.fi/2024\/ohjeet\/tyovoimatoimisto-tyovuorot\/#primaryimage\"},\"thumbnailUrl\":\"https:\/\/www.suviseurat.fi/2024\/wp-content\/uploads\/2019\/04\/Tyo-miehia-ja-naisia-1024x673.jpg\",\"datePublished\":\"2022-06-05T09:30:00+00:00\",\"dateModified\":\"2024-06-26T21:09:44+00:00\",\"description\":\"Suviseurojen ajalle on tarjolla monenlaisia ty\u00f6vuoroja. Suurin osa vapaana olevista vuoroista ei edellyt\u00e4 erityisosaamista. Ty\u00f6vuoroja l\u00f6ytyy my\u00f6s alle\",\"breadcrumb\":{\"@id\":\"https:\/\/www.suviseurat.fi/2024\/ohjeet\/tyovoimatoimisto-tyovuorot\/#breadcrumb\"},\"inLanguage\":\"fi\",\"potentialAction\":[{\"@type\":\"ReadAction\",\"target\":[\"https:\/\/www.suviseurat.fi/2024\/ohjeet\/tyovoimatoimisto-tyovuorot\/\"]}]},{\"@type\":\"ImageObject\",\"inLanguage\":\"fi\",\"@id\":\"https:\/\/www.suviseurat.fi/2024\/ohjeet\/tyovoimatoimisto-tyovuorot\/#primaryimage\",\"url\":\"https:\/\/www.suviseurat.fi/2024\/wp-content\/uploads\/2019\/04\/Tyo-miehia-ja-naisia-1024x673.jpg\",\"contentUrl\":\"https:\/\/www.suviseurat.fi/2024\/wp-content\/uploads\/2019\/04\/Tyo-miehia-ja-naisia-1024x673.jpg\"},{\"@type\":\"BreadcrumbList\",\"@id\":\"https:\/\/www.suviseurat.fi/2024\/ohjeet\/tyovoimatoimisto-tyovuorot\/#breadcrumb\",\"itemListElement\":[{\"@type\":\"ListItem\",\"position\":1,\"name\":\"Etusivu\",\"item\":\"https:\/\/www.suviseurat.fi/2024\/\"},{\"@type\":\"ListItem\",\"position\":2,\"name\":\"Ohjeet\",\"item\":\"https:\/\/www.suviseurat.fi/2024\/ohjeet\/\"},{\"@type\":\"ListItem\",\"position\":3,\"name\":\"Ty\u00f6voimatoimisto &#8211; ty\u00f6vuorot\"}]},{\"@type\":\"WebSite\",\"@id\":\"https:\/\/www.suviseurat.fi/2024\/#website\",\"url\":\"https:\/\/www.suviseurat.fi/2024\/\",\"name\":\"SRK:n Suviseurat Pudasj\u00e4rvell\u00e4 2024\",\"description\":\"Olenko min\u00e4 sinulle rakas?\",\"publisher\":{\"@id\":\"https:\/\/www.suviseurat.fi/2024\/#organization\"},\"potentialAction\":[{\"@type\":\"SearchAction\",\"target\":{\"@type\":\"EntryPoint\",\"urlTemplate\":\"https:\/\/www.suviseurat.fi/2024\/?s={search_term_string}\"},\"query-input\":\"required name=search_term_string\"}],\"inLanguage\":\"fi\"},{\"@type\":\"Organization\",\"@id\":\"https:\/\/www.suviseurat.fi/2024\/#organization\",\"name\":\"Suviseurat\",\"url\":\"https:\/\/www.suviseurat.fi/2024\/\",\"logo\":{\"@type\":\"ImageObject\",\"inLanguage\":\"fi\",\"@id\":\"https:\/\/www.suviseurat.fi/2024\/#\/schema\/logo\/image\/\",\"url\":\"https:\/\/www.suviseurat.fi/2024\/wp-content\/uploads\/2023\/10\/tunnus-nelio.jpg\",\"contentUrl\":\"https:\/\/www.suviseurat.fi/2024\/wp-content\/uploads\/2023\/10\/tunnus-nelio.jpg\",\"width\":1000,\"height\":1000,\"caption\":\"Suviseurat\"},\"image\":{\"@id\":\"https:\/\/www.suviseurat.fi/2024\/#\/schema\/logo\/image\/\"},\"sameAs\":[\"https:\/\/www.facebook.com\/SRKryNyt\/\",\"https:\/\/x.com\/Suviseurat\",\"https:\/\/www.facebook.com\/srksuviseurat\/\",\"https:\/\/www.youtube.com\/@SRKnyt\",\"https:\/\/www.instagram.com\/srk_nyt\/\",\"https:\/\/www.flickr.com\/photos\/suviseurat\"]}]}<\/script>\n<!-- \/ Yoast SEO plugin. -->","yoast_head_json":{"title":"Ty\u00f6voimatoimisto - ty\u00f6vuorot - SRK:n Suviseurat Pudasj\u00e4rvell\u00e4 2024","description":"Suviseurojen ajalle on tarjolla monenlaisia ty\u00f6vuoroja. Suurin osa vapaana olevista vuoroista ei edellyt\u00e4 erityisosaamista. Ty\u00f6vuoroja l\u00f6ytyy my\u00f6s alle","robots":{"index":"index","follow":"follow","max-snippet":"max-snippet:-1","max-image-preview":"max-image-preview:large","max-video-preview":"max-video-preview:-1"},"canonical":"https:\/\/www.suviseurat.fi/2024\/ohjeet\/tyovoimatoimisto-tyovuorot\/","og_locale":"fi_FI","og_type":"article","og_title":"Ty\u00f6voimatoimisto - ty\u00f6vuorot - SRK:n Suviseurat Pudasj\u00e4rvell\u00e4 2024","og_description":"Suviseurojen ajalle on tarjolla monenlaisia ty\u00f6vuoroja. Suurin osa vapaana olevista vuoroista ei edellyt\u00e4 erityisosaamista. Ty\u00f6vuoroja l\u00f6ytyy my\u00f6s alle","og_url":"https:\/\/www.suviseurat.fi/2024\/ohjeet\/tyovoimatoimisto-tyovuorot\/","og_site_name":"SRK:n Suviseurat Pudasj\u00e4rvell\u00e4 2024","article_publisher":"https:\/\/www.facebook.com\/SRKryNyt\/","article_modified_time":"2024-06-26T21:09:44+00:00","og_image":[{"url":"https:\/\/www.suviseurat.fi/2024\/wp-content\/uploads\/2019\/04\/Tyo-miehia-ja-naisia-1024x673.jpg"}],"twitter_card":"summary_large_image","twitter_site":"@Suviseurat","twitter_misc":{"Arvioitu lukuaika":"1 minuutti"},"schema":{"@context":"https:\/\/schema.org","@graph":[{"@type":"WebPage","@id":"https:\/\/www.suviseurat.fi/2024\/ohjeet\/tyovoimatoimisto-tyovuorot\/","url":"https:\/\/www.suviseurat.fi/2024\/ohjeet\/tyovoimatoimisto-tyovuorot\/","name":"Ty\u00f6voimatoimisto - ty\u00f6vuorot - SRK:n Suviseurat Pudasj\u00e4rvell\u00e4 2024","isPartOf":{"@id":"https:\/\/www.suviseurat.fi/2024\/#website"},"primaryImageOfPage":{"@id":"https:\/\/www.suviseurat.fi/2024\/ohjeet\/tyovoimatoimisto-tyovuorot\/#primaryimage"},"image":{"@id":"https:\/\/www.suviseurat.fi/2024\/ohjeet\/tyovoimatoimisto-tyovuorot\/#primaryimage"},"thumbnailUrl":"https:\/\/www.suviseurat.fi/2024\/wp-content\/uploads\/2019\/04\/Tyo-miehia-ja-naisia-1024x673.jpg","datePublished":"2022-06-05T09:30:00+00:00","dateModified":"2024-06-26T21:09:44+00:00","description":"Suviseurojen ajalle on tarjolla monenlaisia ty\u00f6vuoroja. Suurin osa vapaana olevista vuoroista ei edellyt\u00e4 erityisosaamista. Ty\u00f6vuoroja l\u00f6ytyy my\u00f6s alle","breadcrumb":{"@id":"https:\/\/www.suviseurat.fi/2024\/ohjeet\/tyovoimatoimisto-tyovuorot\/#breadcrumb"},"inLanguage":"fi","potentialAction":[{"@type":"ReadAction","target":["https:\/\/www.suviseurat.fi/2024\/ohjeet\/tyovoimatoimisto-tyovuorot\/"]}]},{"@type":"ImageObject","inLanguage":"fi","@id":"https:\/\/www.suviseurat.fi/2024\/ohjeet\/tyovoimatoimisto-tyovuorot\/#primaryimage","url":"https:\/\/www.suviseurat.fi/2024\/wp-content\/uploads\/2019\/04\/Tyo-miehia-ja-naisia-1024x673.jpg","contentUrl":"https:\/\/www.suviseurat.fi/2024\/wp-content\/uploads\/2019\/04\/Tyo-miehia-ja-naisia-1024x673.jpg"},{"@type":"BreadcrumbList","@id":"https:\/\/www.suviseurat.fi/2024\/ohjeet\/tyovoimatoimisto-tyovuorot\/#breadcrumb","itemListElement":[{"@type":"ListItem","position":1,"name":"Etusivu","item":"https:\/\/www.suviseurat.fi/2024\/"},{"@type":"ListItem","position":2,"name":"Ohjeet","item":"https:\/\/www.suviseurat.fi/2024\/ohjeet\/"},{"@type":"ListItem","position":3,"name":"Ty\u00f6voimatoimisto &#8211; ty\u00f6vuorot"}]},{"@type":"WebSite","@id":"https:\/\/www.suviseurat.fi/2024\/#website","url":"https:\/\/www.suviseurat.fi/2024\/","name":"SRK:n Suviseurat Pudasj\u00e4rvell\u00e4 2024","description":"Olenko min\u00e4 sinulle rakas?","publisher":{"@id":"https:\/\/www.suviseurat.fi/2024\/#organization"},"potentialAction":[{"@type":"SearchAction","target":{"@type":"EntryPoint","urlTemplate":"https:\/\/www.suviseurat.fi/2024\/?s={search_term_string}"},"query-input":"required name=search_term_string"}],"inLanguage":"fi"},{"@type":"Organization","@id":"https:\/\/www.suviseurat.fi/2024\/#organization","name":"Suviseurat","url":"https:\/\/www.suviseurat.fi/2024\/","logo":{"@type":"ImageObject","inLanguage":"fi","@id":"https:\/\/www.suviseurat.fi/2024\/#\/schema\/logo\/image\/","url":"https:\/\/www.suviseurat.fi/2024\/wp-content\/uploads\/2023\/10\/tunnus-nelio.jpg","contentUrl":"https:\/\/www.suviseurat.fi/2024\/wp-content\/uploads\/2023\/10\/tunnus-nelio.jpg","width":1000,"height":1000,"caption":"Suviseurat"},"image":{"@id":"https:\/\/www.suviseurat.fi/2024\/#\/schema\/logo\/image\/"},"sameAs":["https:\/\/www.facebook.com\/SRKryNyt\/","https:\/\/x.com\/Suviseurat","https:\/\/www.facebook.com\/srksuviseurat\/","https:\/\/www.youtube.com\/@SRKnyt","https:\/\/www.instagram.com\/srk_nyt\/","https:\/\/www.flickr.com\/photos\/suviseurat"]}]}},"_links":{"self":[{"href":"https:\/\/www.suviseurat.fi/2024\/wp-json\/wp\/v2\/pages\/1281"}],"collection":[{"href":"https:\/\/www.suviseurat.fi/2024\/wp-json\/wp\/v2\/pages"}],"about":[{"href":"https:\/\/www.suviseurat.fi/2024\/wp-json\/wp\/v2\/types\/page"}],"author":[{"embeddable":true,"href":"https:\/\/www.suviseurat.fi/2024\/wp-json\/wp\/v2\/users\/19"}],"replies":[{"embeddable":true,"href":"https:\/\/www.suviseurat.fi/2024\/wp-json\/wp\/v2\/comments?post=1281"}],"version-history":[{"count":16,"href":"https:\/\/www.suviseurat.fi/2024\/wp-json\/wp\/v2\/pages\/1281\/revisions"}],"predecessor-version":[{"id":20862,"href":"https:\/\/www.suviseurat.fi/2024\/wp-json\/wp\/v2\/pages\/1281\/revisions\/20862"}],"up":[{"embeddable":true,"href":"https:\/\/www.suviseurat.fi/2024\/wp-json\/wp\/v2\/pages\/738"}],"wp:attachment":[{"href":"https:\/\/www.suviseurat.fi/2024\/wp-json\/wp\/v2\/media?parent=1281"}],"curies":[{"name":"wp","href":"https:\/\/api.w.org\/{rel}","templated":true}]}}