{"id":1292,"date":"2024-05-14T15:29:44","date_gmt":"2024-05-14T12:29:44","guid":{"rendered":"https:\/\/www.suviseurat.fi/2024\/?page_id=1292"},"modified":"2024-05-21T10:33:31","modified_gmt":"2024-05-21T07:33:31","slug":"esirukouspyynnot","status":"publish","type":"page","link":"https:\/\/www.suviseurat.fi/2024\/ohjeet\/esirukouspyynnot\/","title":{"rendered":"Esirukouspyynn\u00f6t"},"content":{"rendered":"\n<p>Suviseuroissa on mahdollisuus pyyt\u00e4\u00e4 Jumalan lasten esirukousta. Esirukouspalvelun l\u00f6yd\u00e4t seurasakastin vierest\u00e4. J\u00e4tt\u00e4ess\u00e4si esirukouspyynn\u00f6n sinulla on samalla mahdollisuus henkil\u00f6kohtaiseen ja luottamukselliseen keskusteluun. Esirukouksia voi j\u00e4tt\u00e4\u00e4 vain paikan p\u00e4\u00e4ll\u00e4.<\/p>\n\n\n\n<p>\u00a0<\/p>\n<table style=\"border-collapse: collapse;width: 40.9509%\">\n<tbody>\n<tr>\n<td style=\"width: 29.881%\"><strong>Esirukouspalvelun aukioloajat<\/strong><\/td>\n<td style=\"width: 13.6471%\">\u00a0<\/td>\n<\/tr>\n<tr>\n<td style=\"width: 29.881%\">PERJANTAI<\/td>\n<td style=\"width: 13.6471%\">klo 9\u201321<\/td>\n<\/tr>\n<tr>\n<td style=\"width: 29.881%\">LAUANTAI<\/td>\n<td style=\"width: 13.6471%\">klo 9\u201321<\/td>\n<\/tr>\n<tr>\n<td style=\"width: 29.881%\">SUNNUNTAI<\/td>\n<td style=\"width: 13.6471%\">klo 9\u201318<\/td>\n<\/tr>\n<\/tbody>\n<\/table>\n\n\n\n<p>\u201cVanhurskaan rukous on voimallinen ja saa paljon aikaan.\u201d (Jaak. 5:16)<\/p>\n","protected":false},"excerpt":{"rendered":"<p>Suviseuroissa on mahdollisuus pyyt\u00e4\u00e4 Jumalan lasten esirukousta. Esirukouspalvelun l\u00f6yd\u00e4t seurasakastin vierest\u00e4. J\u00e4tt\u00e4ess\u00e4si esirukouspyynn\u00f6n sinulla on<a class=\"moretag\" href=\"https:\/\/www.suviseurat.fi/2024\/ohjeet\/esirukouspyynnot\/\">Jatka lukemista ><\/a><\/p>\n","protected":false},"author":19,"featured_media":0,"parent":738,"menu_order":2,"comment_status":"closed","ping_status":"closed","template":"","meta":{"_acf_changed":false,"footnotes":""},"class_list":["post-1292","page","type-page","status-publish","hentry"],"acf":[],"yoast_head":"<!-- This site is optimized with the Yoast SEO plugin v23.3 - https:\/\/yoast.com\/wordpress\/plugins\/seo\/ -->\n<title>Esirukouspyynn\u00f6t - SRK:n Suviseurat Pudasj\u00e4rvell\u00e4 2024<\/title>\n<meta name=\"description\" content=\"Suviseuroissa on mahdollisuus pyyt\u00e4\u00e4 Jumalan lasten esirukousta. Esirukouspalvelun l\u00f6yd\u00e4t seurasakastin vierest\u00e4. J\u00e4tt\u00e4ess\u00e4si esirukouspyynn\u00f6n sinulla on\" \/>\n<meta name=\"robots\" content=\"index, follow, max-snippet:-1, max-image-preview:large, max-video-preview:-1\" \/>\n<link rel=\"canonical\" href=\"https:\/\/www.suviseurat.fi/2024\/ohjeet\/esirukouspyynnot\/\" \/>\n<meta property=\"og:locale\" content=\"fi_FI\" \/>\n<meta property=\"og:type\" content=\"article\" \/>\n<meta property=\"og:title\" content=\"Esirukouspyynn\u00f6t - SRK:n Suviseurat Pudasj\u00e4rvell\u00e4 2024\" \/>\n<meta property=\"og:description\" content=\"Suviseuroissa on mahdollisuus pyyt\u00e4\u00e4 Jumalan lasten esirukousta. Esirukouspalvelun l\u00f6yd\u00e4t seurasakastin vierest\u00e4. J\u00e4tt\u00e4ess\u00e4si esirukouspyynn\u00f6n sinulla on\" \/>\n<meta property=\"og:url\" content=\"https:\/\/www.suviseurat.fi/2024\/ohjeet\/esirukouspyynnot\/\" \/>\n<meta property=\"og:site_name\" content=\"SRK:n Suviseurat Pudasj\u00e4rvell\u00e4 2024\" \/>\n<meta property=\"article:publisher\" content=\"https:\/\/www.facebook.com\/SRKryNyt\/\" \/>\n<meta property=\"article:modified_time\" content=\"2024-05-21T07:33:31+00:00\" \/>\n<meta name=\"twitter:card\" content=\"summary_large_image\" \/>\n<meta name=\"twitter:site\" content=\"@Suviseurat\" \/>\n<meta name=\"twitter:label1\" content=\"Arvioitu lukuaika\" \/>\n\t<meta name=\"twitter:data1\" content=\"1 minuutti\" \/>\n<script type=\"application\/ld+json\" class=\"yoast-schema-graph\">{\"@context\":\"https:\/\/schema.org\",\"@graph\":[{\"@type\":\"WebPage\",\"@id\":\"https:\/\/www.suviseurat.fi/2024\/ohjeet\/esirukouspyynnot\/\",\"url\":\"https:\/\/www.suviseurat.fi/2024\/ohjeet\/esirukouspyynnot\/\",\"name\":\"Esirukouspyynn\u00f6t - SRK:n Suviseurat Pudasj\u00e4rvell\u00e4 2024\",\"isPartOf\":{\"@id\":\"https:\/\/www.suviseurat.fi/2024\/#website\"},\"datePublished\":\"2024-05-14T12:29:44+00:00\",\"dateModified\":\"2024-05-21T07:33:31+00:00\",\"description\":\"Suviseuroissa on mahdollisuus pyyt\u00e4\u00e4 Jumalan lasten esirukousta. Esirukouspalvelun l\u00f6yd\u00e4t seurasakastin vierest\u00e4. J\u00e4tt\u00e4ess\u00e4si esirukouspyynn\u00f6n sinulla on\",\"breadcrumb\":{\"@id\":\"https:\/\/www.suviseurat.fi/2024\/ohjeet\/esirukouspyynnot\/#breadcrumb\"},\"inLanguage\":\"fi\",\"potentialAction\":[{\"@type\":\"ReadAction\",\"target\":[\"https:\/\/www.suviseurat.fi/2024\/ohjeet\/esirukouspyynnot\/\"]}]},{\"@type\":\"BreadcrumbList\",\"@id\":\"https:\/\/www.suviseurat.fi/2024\/ohjeet\/esirukouspyynnot\/#breadcrumb\",\"itemListElement\":[{\"@type\":\"ListItem\",\"position\":1,\"name\":\"Etusivu\",\"item\":\"https:\/\/www.suviseurat.fi/2024\/\"},{\"@type\":\"ListItem\",\"position\":2,\"name\":\"Ohjeet\",\"item\":\"https:\/\/www.suviseurat.fi/2024\/ohjeet\/\"},{\"@type\":\"ListItem\",\"position\":3,\"name\":\"Esirukouspyynn\u00f6t\"}]},{\"@type\":\"WebSite\",\"@id\":\"https:\/\/www.suviseurat.fi/2024\/#website\",\"url\":\"https:\/\/www.suviseurat.fi/2024\/\",\"name\":\"SRK:n Suviseurat Pudasj\u00e4rvell\u00e4 2024\",\"description\":\"Olenko min\u00e4 sinulle rakas?\",\"publisher\":{\"@id\":\"https:\/\/www.suviseurat.fi/2024\/#organization\"},\"potentialAction\":[{\"@type\":\"SearchAction\",\"target\":{\"@type\":\"EntryPoint\",\"urlTemplate\":\"https:\/\/www.suviseurat.fi/2024\/?s={search_term_string}\"},\"query-input\":\"required name=search_term_string\"}],\"inLanguage\":\"fi\"},{\"@type\":\"Organization\",\"@id\":\"https:\/\/www.suviseurat.fi/2024\/#organization\",\"name\":\"Suviseurat\",\"url\":\"https:\/\/www.suviseurat.fi/2024\/\",\"logo\":{\"@type\":\"ImageObject\",\"inLanguage\":\"fi\",\"@id\":\"https:\/\/www.suviseurat.fi/2024\/#\/schema\/logo\/image\/\",\"url\":\"https:\/\/www.suviseurat.fi/2024\/wp-content\/uploads\/2023\/10\/tunnus-nelio.jpg\",\"contentUrl\":\"https:\/\/www.suviseurat.fi/2024\/wp-content\/uploads\/2023\/10\/tunnus-nelio.jpg\",\"width\":1000,\"height\":1000,\"caption\":\"Suviseurat\"},\"image\":{\"@id\":\"https:\/\/www.suviseurat.fi/2024\/#\/schema\/logo\/image\/\"},\"sameAs\":[\"https:\/\/www.facebook.com\/SRKryNyt\/\",\"https:\/\/x.com\/Suviseurat\",\"https:\/\/www.facebook.com\/srksuviseurat\/\",\"https:\/\/www.youtube.com\/@SRKnyt\",\"https:\/\/www.instagram.com\/srk_nyt\/\",\"https:\/\/www.flickr.com\/photos\/suviseurat\"]}]}<\/script>\n<!-- \/ Yoast SEO plugin. -->","yoast_head_json":{"title":"Esirukouspyynn\u00f6t - SRK:n Suviseurat Pudasj\u00e4rvell\u00e4 2024","description":"Suviseuroissa on mahdollisuus pyyt\u00e4\u00e4 Jumalan lasten esirukousta. Esirukouspalvelun l\u00f6yd\u00e4t seurasakastin vierest\u00e4. J\u00e4tt\u00e4ess\u00e4si esirukouspyynn\u00f6n sinulla on","robots":{"index":"index","follow":"follow","max-snippet":"max-snippet:-1","max-image-preview":"max-image-preview:large","max-video-preview":"max-video-preview:-1"},"canonical":"https:\/\/www.suviseurat.fi/2024\/ohjeet\/esirukouspyynnot\/","og_locale":"fi_FI","og_type":"article","og_title":"Esirukouspyynn\u00f6t - SRK:n Suviseurat Pudasj\u00e4rvell\u00e4 2024","og_description":"Suviseuroissa on mahdollisuus pyyt\u00e4\u00e4 Jumalan lasten esirukousta. Esirukouspalvelun l\u00f6yd\u00e4t seurasakastin vierest\u00e4. J\u00e4tt\u00e4ess\u00e4si esirukouspyynn\u00f6n sinulla on","og_url":"https:\/\/www.suviseurat.fi/2024\/ohjeet\/esirukouspyynnot\/","og_site_name":"SRK:n Suviseurat Pudasj\u00e4rvell\u00e4 2024","article_publisher":"https:\/\/www.facebook.com\/SRKryNyt\/","article_modified_time":"2024-05-21T07:33:31+00:00","twitter_card":"summary_large_image","twitter_site":"@Suviseurat","twitter_misc":{"Arvioitu lukuaika":"1 minuutti"},"schema":{"@context":"https:\/\/schema.org","@graph":[{"@type":"WebPage","@id":"https:\/\/www.suviseurat.fi/2024\/ohjeet\/esirukouspyynnot\/","url":"https:\/\/www.suviseurat.fi/2024\/ohjeet\/esirukouspyynnot\/","name":"Esirukouspyynn\u00f6t - SRK:n Suviseurat Pudasj\u00e4rvell\u00e4 2024","isPartOf":{"@id":"https:\/\/www.suviseurat.fi/2024\/#website"},"datePublished":"2024-05-14T12:29:44+00:00","dateModified":"2024-05-21T07:33:31+00:00","description":"Suviseuroissa on mahdollisuus pyyt\u00e4\u00e4 Jumalan lasten esirukousta. Esirukouspalvelun l\u00f6yd\u00e4t seurasakastin vierest\u00e4. J\u00e4tt\u00e4ess\u00e4si esirukouspyynn\u00f6n sinulla on","breadcrumb":{"@id":"https:\/\/www.suviseurat.fi/2024\/ohjeet\/esirukouspyynnot\/#breadcrumb"},"inLanguage":"fi","potentialAction":[{"@type":"ReadAction","target":["https:\/\/www.suviseurat.fi/2024\/ohjeet\/esirukouspyynnot\/"]}]},{"@type":"BreadcrumbList","@id":"https:\/\/www.suviseurat.fi/2024\/ohjeet\/esirukouspyynnot\/#breadcrumb","itemListElement":[{"@type":"ListItem","position":1,"name":"Etusivu","item":"https:\/\/www.suviseurat.fi/2024\/"},{"@type":"ListItem","position":2,"name":"Ohjeet","item":"https:\/\/www.suviseurat.fi/2024\/ohjeet\/"},{"@type":"ListItem","position":3,"name":"Esirukouspyynn\u00f6t"}]},{"@type":"WebSite","@id":"https:\/\/www.suviseurat.fi/2024\/#website","url":"https:\/\/www.suviseurat.fi/2024\/","name":"SRK:n Suviseurat Pudasj\u00e4rvell\u00e4 2024","description":"Olenko min\u00e4 sinulle rakas?","publisher":{"@id":"https:\/\/www.suviseurat.fi/2024\/#organization"},"potentialAction":[{"@type":"SearchAction","target":{"@type":"EntryPoint","urlTemplate":"https:\/\/www.suviseurat.fi/2024\/?s={search_term_string}"},"query-input":"required name=search_term_string"}],"inLanguage":"fi"},{"@type":"Organization","@id":"https:\/\/www.suviseurat.fi/2024\/#organization","name":"Suviseurat","url":"https:\/\/www.suviseurat.fi/2024\/","logo":{"@type":"ImageObject","inLanguage":"fi","@id":"https:\/\/www.suviseurat.fi/2024\/#\/schema\/logo\/image\/","url":"https:\/\/www.suviseurat.fi/2024\/wp-content\/uploads\/2023\/10\/tunnus-nelio.jpg","contentUrl":"https:\/\/www.suviseurat.fi/2024\/wp-content\/uploads\/2023\/10\/tunnus-nelio.jpg","width":1000,"height":1000,"caption":"Suviseurat"},"image":{"@id":"https:\/\/www.suviseurat.fi/2024\/#\/schema\/logo\/image\/"},"sameAs":["https:\/\/www.facebook.com\/SRKryNyt\/","https:\/\/x.com\/Suviseurat","https:\/\/www.facebook.com\/srksuviseurat\/","https:\/\/www.youtube.com\/@SRKnyt","https:\/\/www.instagram.com\/srk_nyt\/","https:\/\/www.flickr.com\/photos\/suviseurat"]}]}},"_links":{"self":[{"href":"https:\/\/www.suviseurat.fi/2024\/wp-json\/wp\/v2\/pages\/1292"}],"collection":[{"href":"https:\/\/www.suviseurat.fi/2024\/wp-json\/wp\/v2\/pages"}],"about":[{"href":"https:\/\/www.suviseurat.fi/2024\/wp-json\/wp\/v2\/types\/page"}],"author":[{"embeddable":true,"href":"https:\/\/www.suviseurat.fi/2024\/wp-json\/wp\/v2\/users\/19"}],"replies":[{"embeddable":true,"href":"https:\/\/www.suviseurat.fi/2024\/wp-json\/wp\/v2\/comments?post=1292"}],"version-history":[{"count":13,"href":"https:\/\/www.suviseurat.fi/2024\/wp-json\/wp\/v2\/pages\/1292\/revisions"}],"predecessor-version":[{"id":19844,"href":"https:\/\/www.suviseurat.fi/2024\/wp-json\/wp\/v2\/pages\/1292\/revisions\/19844"}],"up":[{"embeddable":true,"href":"https:\/\/www.suviseurat.fi/2024\/wp-json\/wp\/v2\/pages\/738"}],"wp:attachment":[{"href":"https:\/\/www.suviseurat.fi/2024\/wp-json\/wp\/v2\/media?parent=1292"}],"curies":[{"name":"wp","href":"https:\/\/api.w.org\/{rel}","templated":true}]}}