{"id":234,"date":"2018-02-02T21:59:59","date_gmt":"2018-02-02T19:59:59","guid":{"rendered":"https:\/\/www.suviseurat.fi/2024\/?page_id=234"},"modified":"2024-06-10T22:18:36","modified_gmt":"2024-06-10T19:18:36","slug":"nain-me-uskomme","status":"publish","type":"page","link":"https:\/\/www.suviseurat.fi/2024\/suviseurat\/nain-me-uskomme\/","title":{"rendered":"N\u00e4in me uskomme"},"content":{"rendered":"\n<p>SRK:n <a href=\"https:\/\/srk.fi\/fi\/nain-me-uskomme\/nain-me-uskomme\/\" target=\"_blank\" rel=\"noopener\">N\u00e4in me uskomme -sivulta<\/a> voit lukea lis\u00e4\u00e4 Suviseurojen keskeisimm\u00e4st\u00e4 sanomasta ja uskostamme.<\/p>\n","protected":false},"excerpt":{"rendered":"<p>SRK:n N\u00e4in me uskomme -sivulta voit lukea lis\u00e4\u00e4 Suviseurojen keskeisimm\u00e4st\u00e4 sanomasta ja uskostamme.<\/p>\n","protected":false},"author":19,"featured_media":0,"parent":74,"menu_order":3,"comment_status":"closed","ping_status":"closed","template":"","meta":{"_acf_changed":false,"footnotes":""},"class_list":["post-234","page","type-page","status-publish","hentry"],"acf":[],"yoast_head":"<!-- This site is optimized with the Yoast SEO plugin v23.3 - https:\/\/yoast.com\/wordpress\/plugins\/seo\/ -->\n<title>N\u00e4in me uskomme - SRK:n Suviseurat Pudasj\u00e4rvell\u00e4 2024<\/title>\n<meta name=\"description\" content=\"Vanhoillislestadiolainen opetus perustuu Raamattuun ja luterilaiseen tunnustukseen. Keskeist\u00e4 on saarna Jeesuksen k\u00e4rsimisest\u00e4, kuolemasta ja yl\u00f6snousemisesta. Opetamme, ett\u00e4 Jumala vanhurskauttaa ihmisen Pyh\u00e4n Hengen kautta seurakunnassaan. Evankeliumin ydin on synninp\u00e4\u00e4st\u00f6.\" \/>\n<meta name=\"robots\" content=\"index, follow, max-snippet:-1, max-image-preview:large, max-video-preview:-1\" \/>\n<link rel=\"canonical\" href=\"https:\/\/www.suviseurat.fi/2024\/suviseurat\/nain-me-uskomme\/\" \/>\n<meta property=\"og:locale\" content=\"fi_FI\" \/>\n<meta property=\"og:type\" content=\"article\" \/>\n<meta property=\"og:title\" content=\"N\u00e4in me uskomme - SRK:n Suviseurat Pudasj\u00e4rvell\u00e4 2024\" \/>\n<meta property=\"og:description\" content=\"Vanhoillislestadiolainen opetus perustuu Raamattuun ja luterilaiseen tunnustukseen. Keskeist\u00e4 on saarna Jeesuksen k\u00e4rsimisest\u00e4, kuolemasta ja yl\u00f6snousemisesta. Opetamme, ett\u00e4 Jumala vanhurskauttaa ihmisen Pyh\u00e4n Hengen kautta seurakunnassaan. Evankeliumin ydin on synninp\u00e4\u00e4st\u00f6.\" \/>\n<meta property=\"og:url\" content=\"https:\/\/www.suviseurat.fi/2024\/suviseurat\/nain-me-uskomme\/\" \/>\n<meta property=\"og:site_name\" content=\"SRK:n Suviseurat Pudasj\u00e4rvell\u00e4 2024\" \/>\n<meta property=\"article:publisher\" content=\"https:\/\/www.facebook.com\/SRKryNyt\/\" \/>\n<meta property=\"article:modified_time\" content=\"2024-06-10T19:18:36+00:00\" \/>\n<meta name=\"twitter:card\" content=\"summary_large_image\" \/>\n<meta name=\"twitter:site\" content=\"@Suviseurat\" \/>\n<meta name=\"twitter:label1\" content=\"Arvioitu lukuaika\" \/>\n\t<meta name=\"twitter:data1\" content=\"2 minuuttia\" \/>\n<script type=\"application\/ld+json\" class=\"yoast-schema-graph\">{\"@context\":\"https:\/\/schema.org\",\"@graph\":[{\"@type\":\"WebPage\",\"@id\":\"https:\/\/www.suviseurat.fi/2024\/suviseurat\/nain-me-uskomme\/\",\"url\":\"https:\/\/www.suviseurat.fi/2024\/suviseurat\/nain-me-uskomme\/\",\"name\":\"N\u00e4in me uskomme - SRK:n Suviseurat Pudasj\u00e4rvell\u00e4 2024\",\"isPartOf\":{\"@id\":\"https:\/\/www.suviseurat.fi/2024\/#website\"},\"datePublished\":\"2018-02-02T19:59:59+00:00\",\"dateModified\":\"2024-06-10T19:18:36+00:00\",\"description\":\"Vanhoillislestadiolainen opetus perustuu Raamattuun ja luterilaiseen tunnustukseen. Keskeist\u00e4 on saarna Jeesuksen k\u00e4rsimisest\u00e4, kuolemasta ja yl\u00f6snousemisesta. Opetamme, ett\u00e4 Jumala vanhurskauttaa ihmisen Pyh\u00e4n Hengen kautta seurakunnassaan. Evankeliumin ydin on synninp\u00e4\u00e4st\u00f6.\",\"breadcrumb\":{\"@id\":\"https:\/\/www.suviseurat.fi/2024\/suviseurat\/nain-me-uskomme\/#breadcrumb\"},\"inLanguage\":\"fi\",\"potentialAction\":[{\"@type\":\"ReadAction\",\"target\":[\"https:\/\/www.suviseurat.fi/2024\/suviseurat\/nain-me-uskomme\/\"]}]},{\"@type\":\"BreadcrumbList\",\"@id\":\"https:\/\/www.suviseurat.fi/2024\/suviseurat\/nain-me-uskomme\/#breadcrumb\",\"itemListElement\":[{\"@type\":\"ListItem\",\"position\":1,\"name\":\"Etusivu\",\"item\":\"https:\/\/www.suviseurat.fi/2024\/\"},{\"@type\":\"ListItem\",\"position\":2,\"name\":\"Suviseurat\",\"item\":\"https:\/\/www.suviseurat.fi/2024\/suviseurat\/\"},{\"@type\":\"ListItem\",\"position\":3,\"name\":\"N\u00e4in me uskomme\"}]},{\"@type\":\"WebSite\",\"@id\":\"https:\/\/www.suviseurat.fi/2024\/#website\",\"url\":\"https:\/\/www.suviseurat.fi/2024\/\",\"name\":\"SRK:n Suviseurat Pudasj\u00e4rvell\u00e4 2024\",\"description\":\"Olenko min\u00e4 sinulle rakas?\",\"publisher\":{\"@id\":\"https:\/\/www.suviseurat.fi/2024\/#organization\"},\"potentialAction\":[{\"@type\":\"SearchAction\",\"target\":{\"@type\":\"EntryPoint\",\"urlTemplate\":\"https:\/\/www.suviseurat.fi/2024\/?s={search_term_string}\"},\"query-input\":\"required name=search_term_string\"}],\"inLanguage\":\"fi\"},{\"@type\":\"Organization\",\"@id\":\"https:\/\/www.suviseurat.fi/2024\/#organization\",\"name\":\"Suviseurat\",\"url\":\"https:\/\/www.suviseurat.fi/2024\/\",\"logo\":{\"@type\":\"ImageObject\",\"inLanguage\":\"fi\",\"@id\":\"https:\/\/www.suviseurat.fi/2024\/#\/schema\/logo\/image\/\",\"url\":\"https:\/\/www.suviseurat.fi/2024\/wp-content\/uploads\/2023\/10\/tunnus-nelio.jpg\",\"contentUrl\":\"https:\/\/www.suviseurat.fi/2024\/wp-content\/uploads\/2023\/10\/tunnus-nelio.jpg\",\"width\":1000,\"height\":1000,\"caption\":\"Suviseurat\"},\"image\":{\"@id\":\"https:\/\/www.suviseurat.fi/2024\/#\/schema\/logo\/image\/\"},\"sameAs\":[\"https:\/\/www.facebook.com\/SRKryNyt\/\",\"https:\/\/x.com\/Suviseurat\",\"https:\/\/www.facebook.com\/srksuviseurat\/\",\"https:\/\/www.youtube.com\/@SRKnyt\",\"https:\/\/www.instagram.com\/srk_nyt\/\",\"https:\/\/www.flickr.com\/photos\/suviseurat\"]}]}<\/script>\n<!-- \/ Yoast SEO plugin. -->","yoast_head_json":{"title":"N\u00e4in me uskomme - SRK:n Suviseurat Pudasj\u00e4rvell\u00e4 2024","description":"Vanhoillislestadiolainen opetus perustuu Raamattuun ja luterilaiseen tunnustukseen. Keskeist\u00e4 on saarna Jeesuksen k\u00e4rsimisest\u00e4, kuolemasta ja yl\u00f6snousemisesta. Opetamme, ett\u00e4 Jumala vanhurskauttaa ihmisen Pyh\u00e4n Hengen kautta seurakunnassaan. Evankeliumin ydin on synninp\u00e4\u00e4st\u00f6.","robots":{"index":"index","follow":"follow","max-snippet":"max-snippet:-1","max-image-preview":"max-image-preview:large","max-video-preview":"max-video-preview:-1"},"canonical":"https:\/\/www.suviseurat.fi/2024\/suviseurat\/nain-me-uskomme\/","og_locale":"fi_FI","og_type":"article","og_title":"N\u00e4in me uskomme - SRK:n Suviseurat Pudasj\u00e4rvell\u00e4 2024","og_description":"Vanhoillislestadiolainen opetus perustuu Raamattuun ja luterilaiseen tunnustukseen. Keskeist\u00e4 on saarna Jeesuksen k\u00e4rsimisest\u00e4, kuolemasta ja yl\u00f6snousemisesta. Opetamme, ett\u00e4 Jumala vanhurskauttaa ihmisen Pyh\u00e4n Hengen kautta seurakunnassaan. Evankeliumin ydin on synninp\u00e4\u00e4st\u00f6.","og_url":"https:\/\/www.suviseurat.fi/2024\/suviseurat\/nain-me-uskomme\/","og_site_name":"SRK:n Suviseurat Pudasj\u00e4rvell\u00e4 2024","article_publisher":"https:\/\/www.facebook.com\/SRKryNyt\/","article_modified_time":"2024-06-10T19:18:36+00:00","twitter_card":"summary_large_image","twitter_site":"@Suviseurat","twitter_misc":{"Arvioitu lukuaika":"2 minuuttia"},"schema":{"@context":"https:\/\/schema.org","@graph":[{"@type":"WebPage","@id":"https:\/\/www.suviseurat.fi/2024\/suviseurat\/nain-me-uskomme\/","url":"https:\/\/www.suviseurat.fi/2024\/suviseurat\/nain-me-uskomme\/","name":"N\u00e4in me uskomme - SRK:n Suviseurat Pudasj\u00e4rvell\u00e4 2024","isPartOf":{"@id":"https:\/\/www.suviseurat.fi/2024\/#website"},"datePublished":"2018-02-02T19:59:59+00:00","dateModified":"2024-06-10T19:18:36+00:00","description":"Vanhoillislestadiolainen opetus perustuu Raamattuun ja luterilaiseen tunnustukseen. Keskeist\u00e4 on saarna Jeesuksen k\u00e4rsimisest\u00e4, kuolemasta ja yl\u00f6snousemisesta. Opetamme, ett\u00e4 Jumala vanhurskauttaa ihmisen Pyh\u00e4n Hengen kautta seurakunnassaan. Evankeliumin ydin on synninp\u00e4\u00e4st\u00f6.","breadcrumb":{"@id":"https:\/\/www.suviseurat.fi/2024\/suviseurat\/nain-me-uskomme\/#breadcrumb"},"inLanguage":"fi","potentialAction":[{"@type":"ReadAction","target":["https:\/\/www.suviseurat.fi/2024\/suviseurat\/nain-me-uskomme\/"]}]},{"@type":"BreadcrumbList","@id":"https:\/\/www.suviseurat.fi/2024\/suviseurat\/nain-me-uskomme\/#breadcrumb","itemListElement":[{"@type":"ListItem","position":1,"name":"Etusivu","item":"https:\/\/www.suviseurat.fi/2024\/"},{"@type":"ListItem","position":2,"name":"Suviseurat","item":"https:\/\/www.suviseurat.fi/2024\/suviseurat\/"},{"@type":"ListItem","position":3,"name":"N\u00e4in me uskomme"}]},{"@type":"WebSite","@id":"https:\/\/www.suviseurat.fi/2024\/#website","url":"https:\/\/www.suviseurat.fi/2024\/","name":"SRK:n Suviseurat Pudasj\u00e4rvell\u00e4 2024","description":"Olenko min\u00e4 sinulle rakas?","publisher":{"@id":"https:\/\/www.suviseurat.fi/2024\/#organization"},"potentialAction":[{"@type":"SearchAction","target":{"@type":"EntryPoint","urlTemplate":"https:\/\/www.suviseurat.fi/2024\/?s={search_term_string}"},"query-input":"required name=search_term_string"}],"inLanguage":"fi"},{"@type":"Organization","@id":"https:\/\/www.suviseurat.fi/2024\/#organization","name":"Suviseurat","url":"https:\/\/www.suviseurat.fi/2024\/","logo":{"@type":"ImageObject","inLanguage":"fi","@id":"https:\/\/www.suviseurat.fi/2024\/#\/schema\/logo\/image\/","url":"https:\/\/www.suviseurat.fi/2024\/wp-content\/uploads\/2023\/10\/tunnus-nelio.jpg","contentUrl":"https:\/\/www.suviseurat.fi/2024\/wp-content\/uploads\/2023\/10\/tunnus-nelio.jpg","width":1000,"height":1000,"caption":"Suviseurat"},"image":{"@id":"https:\/\/www.suviseurat.fi/2024\/#\/schema\/logo\/image\/"},"sameAs":["https:\/\/www.facebook.com\/SRKryNyt\/","https:\/\/x.com\/Suviseurat","https:\/\/www.facebook.com\/srksuviseurat\/","https:\/\/www.youtube.com\/@SRKnyt","https:\/\/www.instagram.com\/srk_nyt\/","https:\/\/www.flickr.com\/photos\/suviseurat"]}]}},"_links":{"self":[{"href":"https:\/\/www.suviseurat.fi/2024\/wp-json\/wp\/v2\/pages\/234"}],"collection":[{"href":"https:\/\/www.suviseurat.fi/2024\/wp-json\/wp\/v2\/pages"}],"about":[{"href":"https:\/\/www.suviseurat.fi/2024\/wp-json\/wp\/v2\/types\/page"}],"author":[{"embeddable":true,"href":"https:\/\/www.suviseurat.fi/2024\/wp-json\/wp\/v2\/users\/19"}],"replies":[{"embeddable":true,"href":"https:\/\/www.suviseurat.fi/2024\/wp-json\/wp\/v2\/comments?post=234"}],"version-history":[{"count":30,"href":"https:\/\/www.suviseurat.fi/2024\/wp-json\/wp\/v2\/pages\/234\/revisions"}],"predecessor-version":[{"id":19171,"href":"https:\/\/www.suviseurat.fi/2024\/wp-json\/wp\/v2\/pages\/234\/revisions\/19171"}],"up":[{"embeddable":true,"href":"https:\/\/www.suviseurat.fi/2024\/wp-json\/wp\/v2\/pages\/74"}],"wp:attachment":[{"href":"https:\/\/www.suviseurat.fi/2024\/wp-json\/wp\/v2\/media?parent=234"}],"curies":[{"name":"wp","href":"https:\/\/api.w.org\/{rel}","templated":true}]}}