{"id":2717,"date":"2021-08-16T20:43:00","date_gmt":"2021-08-16T17:43:00","guid":{"rendered":"https:\/\/www.suviseurat.fi/2024\/?page_id=2717"},"modified":"2024-06-26T23:57:10","modified_gmt":"2024-06-26T20:57:10","slug":"kuuntele-ja-katsele","status":"publish","type":"page","link":"https:\/\/www.suviseurat.fi/2024\/kuuntele-ja-katsele\/","title":{"rendered":"Kuuntele ja katsele"},"content":{"rendered":"\n<p>\u00a0<\/p>\n\n<p>\u00a0<\/p>\n<h2><strong>Kuuntele Kes\u00e4seuraradiota<\/strong><\/h2>\n\n<p>\u00a0\u00a0<\/p>\n<p><a id=\"video\"><\/a>\u00a0\u00a0<\/p>\n<h2><strong>Katso videol\u00e4hetyst\u00e4<\/strong><\/h2>\n<p>Kaikki seurapuheet videoidaan\u00a0<a href=\"https:\/\/www.youtube.com\/@SRKnyt\/streams\">SRKnyt Youtube-kanavalle<\/a>\u00a0seuravieraiden yksityisyytt\u00e4 kunnioittaen. Videot ovat katsottavissa Suviseurojen verkkosivuilla elokuun loppuun saakka. Seurapuheet tuotetaan videol\u00e4hetyksin\u00e4 my\u00f6s viittomakielell\u00e4 sek\u00e4 ruotsiksi ja englanniksi.<\/p>\n<p>Seuravieraiden toivotaan v\u00e4ltt\u00e4v\u00e4n seurateltasta l\u00e4hetett\u00e4vien striimausten katsomista seura-alueella matkapuhelinverkon ylikuormittumisen vuoksi.<\/p>\n\n<p>\u00a0\u00a0<\/p>\n<p>\u00a0<\/p>\n\n\n\n<div style=\"height:50px\" aria-hidden=\"true\" class=\"wp-block-spacer\"><\/div>\n\n\n<h2><strong>Kuuntele aiempia Suviseuroja<\/strong><\/h2>\n<p><span style=\"font-weight: 400\">Kes\u00e4seuraradion p\u00e4iv\u00e4ohjelma-arkistosta voi kuunnella seurapuheita ja ohjelmaa aiemmista Suviseuroista. Siirry <\/span><a href=\"https:\/\/kesaseuraradio.fi\/paivaohjelmaarkisto\/\" target=\"_blank\" rel=\"noopener\"><span style=\"font-weight: 400\">p\u00e4iv\u00e4ohjelma-arkistoon<\/span><\/a><span style=\"font-weight: 400\">.<\/span><\/p>\n<h2><strong>SRK:n saarna-arkisto<\/strong><\/h2>\n<p><span style=\"font-weight: 400\">Arkistoon on koottu Suviseurojen ja muiden seuratilaisuuksien saarnoja 1950-luvulta alkaen. Siirry <\/span><a href=\"https:\/\/www.srk.fi\/fi\/work-areas\/seurat\/saarna-arkisto\/\" target=\"_blank\" rel=\"noopener\"><span style=\"font-weight: 400\">saarna-arkistoon<\/span><\/a><span style=\"font-weight: 400\">.<\/span><\/p>","protected":false},"excerpt":{"rendered":"<p>\u00a0 \u00a0 Kuuntele Kes\u00e4seuraradiota \u00a0\u00a0 \u00a0\u00a0 Katso videol\u00e4hetyst\u00e4 Kaikki seurapuheet videoidaan\u00a0SRKnyt Youtube-kanavalle\u00a0seuravieraiden yksityisyytt\u00e4 kunnioittaen. Videot<a class=\"moretag\" href=\"https:\/\/www.suviseurat.fi/2024\/kuuntele-ja-katsele\/\">Jatka lukemista ><\/a><\/p>\n","protected":false},"author":19,"featured_media":0,"parent":0,"menu_order":2,"comment_status":"closed","ping_status":"closed","template":"","meta":{"_acf_changed":false,"footnotes":""},"class_list":["post-2717","page","type-page","status-publish","hentry"],"acf":[],"yoast_head":"<!-- This site is optimized with the Yoast SEO plugin v23.3 - https:\/\/yoast.com\/wordpress\/plugins\/seo\/ -->\n<title>Kuuntele ja katsele - SRK:n Suviseurat Pudasj\u00e4rvell\u00e4 2024<\/title>\n<meta name=\"description\" content=\"\u00a0 \u00a0 Kuuntele Kes\u00e4seuraradiota \u00a0\u00a0 \u00a0\u00a0 Katso videol\u00e4hetyst\u00e4 Kaikki seurapuheet videoidaan\u00a0SRKnyt Youtube-kanavalle\u00a0seuravieraiden yksityisyytt\u00e4 kunnioittaen.\" \/>\n<meta name=\"robots\" content=\"index, follow, max-snippet:-1, max-image-preview:large, max-video-preview:-1\" \/>\n<link rel=\"canonical\" href=\"https:\/\/www.suviseurat.fi/2024\/kuuntele-ja-katsele\/\" \/>\n<meta property=\"og:locale\" content=\"fi_FI\" \/>\n<meta property=\"og:type\" content=\"article\" \/>\n<meta property=\"og:title\" content=\"Kuuntele ja katsele - SRK:n Suviseurat Pudasj\u00e4rvell\u00e4 2024\" \/>\n<meta property=\"og:description\" content=\"\u00a0 \u00a0 Kuuntele Kes\u00e4seuraradiota \u00a0\u00a0 \u00a0\u00a0 Katso videol\u00e4hetyst\u00e4 Kaikki seurapuheet videoidaan\u00a0SRKnyt Youtube-kanavalle\u00a0seuravieraiden yksityisyytt\u00e4 kunnioittaen.\" \/>\n<meta property=\"og:url\" content=\"https:\/\/www.suviseurat.fi/2024\/kuuntele-ja-katsele\/\" \/>\n<meta property=\"og:site_name\" content=\"SRK:n Suviseurat Pudasj\u00e4rvell\u00e4 2024\" \/>\n<meta property=\"article:publisher\" content=\"https:\/\/www.facebook.com\/SRKryNyt\/\" \/>\n<meta property=\"article:modified_time\" content=\"2024-06-26T20:57:10+00:00\" \/>\n<meta name=\"twitter:card\" content=\"summary_large_image\" \/>\n<meta name=\"twitter:site\" content=\"@Suviseurat\" \/>\n<meta name=\"twitter:label1\" content=\"Arvioitu lukuaika\" \/>\n\t<meta name=\"twitter:data1\" content=\"1 minuutti\" \/>\n<script type=\"application\/ld+json\" class=\"yoast-schema-graph\">{\"@context\":\"https:\/\/schema.org\",\"@graph\":[{\"@type\":\"WebPage\",\"@id\":\"https:\/\/www.suviseurat.fi/2024\/kuuntele-ja-katsele\/\",\"url\":\"https:\/\/www.suviseurat.fi/2024\/kuuntele-ja-katsele\/\",\"name\":\"Kuuntele ja katsele - SRK:n Suviseurat Pudasj\u00e4rvell\u00e4 2024\",\"isPartOf\":{\"@id\":\"https:\/\/www.suviseurat.fi/2024\/#website\"},\"datePublished\":\"2021-08-16T17:43:00+00:00\",\"dateModified\":\"2024-06-26T20:57:10+00:00\",\"description\":\"\u00a0 \u00a0 Kuuntele Kes\u00e4seuraradiota \u00a0\u00a0 \u00a0\u00a0 Katso videol\u00e4hetyst\u00e4 Kaikki seurapuheet videoidaan\u00a0SRKnyt Youtube-kanavalle\u00a0seuravieraiden yksityisyytt\u00e4 kunnioittaen.\",\"breadcrumb\":{\"@id\":\"https:\/\/www.suviseurat.fi/2024\/kuuntele-ja-katsele\/#breadcrumb\"},\"inLanguage\":\"fi\",\"potentialAction\":[{\"@type\":\"ReadAction\",\"target\":[\"https:\/\/www.suviseurat.fi/2024\/kuuntele-ja-katsele\/\"]}]},{\"@type\":\"BreadcrumbList\",\"@id\":\"https:\/\/www.suviseurat.fi/2024\/kuuntele-ja-katsele\/#breadcrumb\",\"itemListElement\":[{\"@type\":\"ListItem\",\"position\":1,\"name\":\"Etusivu\",\"item\":\"https:\/\/www.suviseurat.fi/2024\/\"},{\"@type\":\"ListItem\",\"position\":2,\"name\":\"Kuuntele ja katsele\"}]},{\"@type\":\"WebSite\",\"@id\":\"https:\/\/www.suviseurat.fi/2024\/#website\",\"url\":\"https:\/\/www.suviseurat.fi/2024\/\",\"name\":\"SRK:n Suviseurat Pudasj\u00e4rvell\u00e4 2024\",\"description\":\"Olenko min\u00e4 sinulle rakas?\",\"publisher\":{\"@id\":\"https:\/\/www.suviseurat.fi/2024\/#organization\"},\"potentialAction\":[{\"@type\":\"SearchAction\",\"target\":{\"@type\":\"EntryPoint\",\"urlTemplate\":\"https:\/\/www.suviseurat.fi/2024\/?s={search_term_string}\"},\"query-input\":\"required name=search_term_string\"}],\"inLanguage\":\"fi\"},{\"@type\":\"Organization\",\"@id\":\"https:\/\/www.suviseurat.fi/2024\/#organization\",\"name\":\"Suviseurat\",\"url\":\"https:\/\/www.suviseurat.fi/2024\/\",\"logo\":{\"@type\":\"ImageObject\",\"inLanguage\":\"fi\",\"@id\":\"https:\/\/www.suviseurat.fi/2024\/#\/schema\/logo\/image\/\",\"url\":\"https:\/\/www.suviseurat.fi/2024\/wp-content\/uploads\/2023\/10\/tunnus-nelio.jpg\",\"contentUrl\":\"https:\/\/www.suviseurat.fi/2024\/wp-content\/uploads\/2023\/10\/tunnus-nelio.jpg\",\"width\":1000,\"height\":1000,\"caption\":\"Suviseurat\"},\"image\":{\"@id\":\"https:\/\/www.suviseurat.fi/2024\/#\/schema\/logo\/image\/\"},\"sameAs\":[\"https:\/\/www.facebook.com\/SRKryNyt\/\",\"https:\/\/x.com\/Suviseurat\",\"https:\/\/www.facebook.com\/srksuviseurat\/\",\"https:\/\/www.youtube.com\/@SRKnyt\",\"https:\/\/www.instagram.com\/srk_nyt\/\",\"https:\/\/www.flickr.com\/photos\/suviseurat\"]}]}<\/script>\n<!-- \/ Yoast SEO plugin. -->","yoast_head_json":{"title":"Kuuntele ja katsele - SRK:n Suviseurat Pudasj\u00e4rvell\u00e4 2024","description":"\u00a0 \u00a0 Kuuntele Kes\u00e4seuraradiota \u00a0\u00a0 \u00a0\u00a0 Katso videol\u00e4hetyst\u00e4 Kaikki seurapuheet videoidaan\u00a0SRKnyt Youtube-kanavalle\u00a0seuravieraiden yksityisyytt\u00e4 kunnioittaen.","robots":{"index":"index","follow":"follow","max-snippet":"max-snippet:-1","max-image-preview":"max-image-preview:large","max-video-preview":"max-video-preview:-1"},"canonical":"https:\/\/www.suviseurat.fi/2024\/kuuntele-ja-katsele\/","og_locale":"fi_FI","og_type":"article","og_title":"Kuuntele ja katsele - SRK:n Suviseurat Pudasj\u00e4rvell\u00e4 2024","og_description":"\u00a0 \u00a0 Kuuntele Kes\u00e4seuraradiota \u00a0\u00a0 \u00a0\u00a0 Katso videol\u00e4hetyst\u00e4 Kaikki seurapuheet videoidaan\u00a0SRKnyt Youtube-kanavalle\u00a0seuravieraiden yksityisyytt\u00e4 kunnioittaen.","og_url":"https:\/\/www.suviseurat.fi/2024\/kuuntele-ja-katsele\/","og_site_name":"SRK:n Suviseurat Pudasj\u00e4rvell\u00e4 2024","article_publisher":"https:\/\/www.facebook.com\/SRKryNyt\/","article_modified_time":"2024-06-26T20:57:10+00:00","twitter_card":"summary_large_image","twitter_site":"@Suviseurat","twitter_misc":{"Arvioitu lukuaika":"1 minuutti"},"schema":{"@context":"https:\/\/schema.org","@graph":[{"@type":"WebPage","@id":"https:\/\/www.suviseurat.fi/2024\/kuuntele-ja-katsele\/","url":"https:\/\/www.suviseurat.fi/2024\/kuuntele-ja-katsele\/","name":"Kuuntele ja katsele - SRK:n Suviseurat Pudasj\u00e4rvell\u00e4 2024","isPartOf":{"@id":"https:\/\/www.suviseurat.fi/2024\/#website"},"datePublished":"2021-08-16T17:43:00+00:00","dateModified":"2024-06-26T20:57:10+00:00","description":"\u00a0 \u00a0 Kuuntele Kes\u00e4seuraradiota \u00a0\u00a0 \u00a0\u00a0 Katso videol\u00e4hetyst\u00e4 Kaikki seurapuheet videoidaan\u00a0SRKnyt Youtube-kanavalle\u00a0seuravieraiden yksityisyytt\u00e4 kunnioittaen.","breadcrumb":{"@id":"https:\/\/www.suviseurat.fi/2024\/kuuntele-ja-katsele\/#breadcrumb"},"inLanguage":"fi","potentialAction":[{"@type":"ReadAction","target":["https:\/\/www.suviseurat.fi/2024\/kuuntele-ja-katsele\/"]}]},{"@type":"BreadcrumbList","@id":"https:\/\/www.suviseurat.fi/2024\/kuuntele-ja-katsele\/#breadcrumb","itemListElement":[{"@type":"ListItem","position":1,"name":"Etusivu","item":"https:\/\/www.suviseurat.fi/2024\/"},{"@type":"ListItem","position":2,"name":"Kuuntele ja katsele"}]},{"@type":"WebSite","@id":"https:\/\/www.suviseurat.fi/2024\/#website","url":"https:\/\/www.suviseurat.fi/2024\/","name":"SRK:n Suviseurat Pudasj\u00e4rvell\u00e4 2024","description":"Olenko min\u00e4 sinulle rakas?","publisher":{"@id":"https:\/\/www.suviseurat.fi/2024\/#organization"},"potentialAction":[{"@type":"SearchAction","target":{"@type":"EntryPoint","urlTemplate":"https:\/\/www.suviseurat.fi/2024\/?s={search_term_string}"},"query-input":"required name=search_term_string"}],"inLanguage":"fi"},{"@type":"Organization","@id":"https:\/\/www.suviseurat.fi/2024\/#organization","name":"Suviseurat","url":"https:\/\/www.suviseurat.fi/2024\/","logo":{"@type":"ImageObject","inLanguage":"fi","@id":"https:\/\/www.suviseurat.fi/2024\/#\/schema\/logo\/image\/","url":"https:\/\/www.suviseurat.fi/2024\/wp-content\/uploads\/2023\/10\/tunnus-nelio.jpg","contentUrl":"https:\/\/www.suviseurat.fi/2024\/wp-content\/uploads\/2023\/10\/tunnus-nelio.jpg","width":1000,"height":1000,"caption":"Suviseurat"},"image":{"@id":"https:\/\/www.suviseurat.fi/2024\/#\/schema\/logo\/image\/"},"sameAs":["https:\/\/www.facebook.com\/SRKryNyt\/","https:\/\/x.com\/Suviseurat","https:\/\/www.facebook.com\/srksuviseurat\/","https:\/\/www.youtube.com\/@SRKnyt","https:\/\/www.instagram.com\/srk_nyt\/","https:\/\/www.flickr.com\/photos\/suviseurat"]}]}},"_links":{"self":[{"href":"https:\/\/www.suviseurat.fi/2024\/wp-json\/wp\/v2\/pages\/2717"}],"collection":[{"href":"https:\/\/www.suviseurat.fi/2024\/wp-json\/wp\/v2\/pages"}],"about":[{"href":"https:\/\/www.suviseurat.fi/2024\/wp-json\/wp\/v2\/types\/page"}],"author":[{"embeddable":true,"href":"https:\/\/www.suviseurat.fi/2024\/wp-json\/wp\/v2\/users\/19"}],"replies":[{"embeddable":true,"href":"https:\/\/www.suviseurat.fi/2024\/wp-json\/wp\/v2\/comments?post=2717"}],"version-history":[{"count":63,"href":"https:\/\/www.suviseurat.fi/2024\/wp-json\/wp\/v2\/pages\/2717\/revisions"}],"predecessor-version":[{"id":20855,"href":"https:\/\/www.suviseurat.fi/2024\/wp-json\/wp\/v2\/pages\/2717\/revisions\/20855"}],"wp:attachment":[{"href":"https:\/\/www.suviseurat.fi/2024\/wp-json\/wp\/v2\/media?parent=2717"}],"curies":[{"name":"wp","href":"https:\/\/api.w.org\/{rel}","templated":true}]}}