{"id":2826,"date":"2019-02-18T15:32:25","date_gmt":"2019-02-18T13:32:25","guid":{"rendered":"https:\/\/www.suviseurat.fi/2024\/?page_id=2826"},"modified":"2024-05-14T16:53:27","modified_gmt":"2024-05-14T13:53:27","slug":"majoitus","status":"publish","type":"page","link":"https:\/\/www.suviseurat.fi/2024\/palvelut\/majoitus\/","title":{"rendered":"Majoitus"},"content":{"rendered":"\n<p><span style=\"font-weight: 400\">Suviseurojen majoituspalvelu v\u00e4litt\u00e4\u00e4 suviseuravieraille kutsuvieras-, luokka- ja yhteismajoitusta kouluissa, yksityismajoituskohteita l\u00e4hialueella sek\u00e4 vuokravaunualueelle tuotuja asuntovaunuja ja -autoja. V\u00e4litystoiminta tapahtuu majoituskaupan kautta osoitteessa <a href=\"https:\/\/kauppa.suviseurat.fi\/\">kauppa.suviseurat.fi<\/a>.\u00a0<\/span><\/p>\n<p><span style=\"font-weight: 400\">Vuokranantaja<\/span> <span style=\"font-weight: 400\">voi tarjota majoituskohteita (talot, m\u00f6kit, huoneistot, asuntovaunut ja -autot) vuokralle <\/span><a href=\"https:\/\/lomake.suviseurat.fi\/\" target=\"_blank\" rel=\"noopener\"><span style=\"font-weight: 400\">t\u00e4ll\u00e4 lomakkeella<\/span><\/a><span style=\"font-weight: 400\"> 11.3.2024 alkaen.\u00a0<\/span><\/p>\n<p><a href=\"https:\/\/kauppa.suviseurat.fi\/\"><span style=\"font-weight: 400\">Majoituskauppa<\/span><\/a><span style=\"font-weight: 400\"> avautuu 8.4.2024. Majoituskohteita tulee kauppaan koko kev\u00e4\u00e4n ajan ja mahdollisten peruutusten j\u00e4lkeen kohde palautuu kauppaan. Kannattaa siis seurata valikoimaa s\u00e4\u00e4nn\u00f6llisesti.<\/span><\/p>\n<p>\u00a0<\/p>\n<h3><strong>Luokka- ja yhteismajoitus<\/strong><\/h3>\n<p><span style=\"font-weight: 400\">Luokkamajoitusta j\u00e4rjestet\u00e4\u00e4n Pudasj\u00e4rven, Ranuan ja Taivalkosken kouluilla. Sit\u00e4 myyd\u00e4\u00e4n kolmen tai nelj\u00e4n y\u00f6n paketteina. Luokkamajoituskohteet sijaitsevat 5\u201370 km et\u00e4isyydell\u00e4 seura-alueelta.<\/span><\/p>\n<p><span style=\"font-weight: 400\">Yhteismajoitukseen voi Pudasj\u00e4rven keskustan alueen kouluilta ostaa y\u00f6paikan liikuntasalista. Salit ovat erikseen miehille ja naisille. Majoituksen hinta on 25 euroa y\u00f6lt\u00e4.\u00a0<\/span><\/p>\n<p><span style=\"font-weight: 400\">Luokka- ja yhteismajoitukseen ei sis\u00e4lly patjaa, mutta ilmalla t\u00e4ytett\u00e4v\u00e4n patjan voi ostaa majoituskaupasta tai majoitustoimistosta suviseurakent\u00e4lt\u00e4. Majoituskaupan kautta varatut patjat toimitetaan luokkiin valmiiksi. Tilat avautuvat iltaisin kello 20 ja niist\u00e4 tulee poistua aamuisin kello 10 menness\u00e4. Tilat suljetaan p\u00e4iv\u00e4n ajaksi. Pudasj\u00e4rven keskustan koulumajoituskohteista j\u00e4rjestet\u00e4\u00e4n maksullinen bussikuljetus suviseura-alueelle.<\/span><\/p>\n<p><span style=\"font-weight: 400\">Y\u00f6pyj\u00e4ll\u00e4 on mahdollisuus halutessaan toimia y\u00f6valvojana muutaman tunnin ty\u00f6vuoron ajan. Halukkuudesta voi ilmoittaa majoituksen varaamisen yhteydess\u00e4, mink\u00e4 j\u00e4lkeen henkil\u00f6\u00f6n otetaan yhteytt\u00e4 majoitustoimistosta.<\/span><\/p>\n<p><span style=\"font-weight: 400\">Varatun ja maksetun luokka- tai yhteismajoituksen voi perua veloituksetta 9.6.2024 saakka. Sen j\u00e4lkeen palautettavasta summasta v\u00e4hennet\u00e4\u00e4n luokkamajoituksen osalta 40 euron varausmaksu.<\/span><\/p>\n<p>\u00a0<\/p>\n<h3><strong>Yksityismajoituskohteet ja vuokravaunut<\/strong><\/h3>\n<p><span style=\"font-weight: 400\">Yksityismajoituskohteita ovat talot, m\u00f6kit ja huoneistot. Majoituspalvelu v\u00e4litt\u00e4\u00e4 n\u00e4it\u00e4 kohteita <\/span><a href=\"https:\/\/kauppa.suviseurat.fi\/\"><span style=\"font-weight: 400\">majoituskaupassa<\/span><\/a><span style=\"font-weight: 400\"> ja perii v\u00e4lityksest\u00e4 40 euron v\u00e4litysmaksun. Varsinainen vuokrasopimus sek\u00e4 vuokranmaksu tapahtuvat suoraan vuokralaisen ja vuokranantajan v\u00e4lill\u00e4.\u00a0<\/span><\/p>\n<p><span style=\"font-weight: 400\">Asuntovaunuja ja -autoja suviseura-alueelle paikalle vietyn\u00e4 voi my\u00f6s vuokrata <\/span><a href=\"https:\/\/kauppa.suviseurat.fi\/\"><span style=\"font-weight: 400\">majoituskaupan<\/span><\/a><span style=\"font-weight: 400\"> kautta. Majoituspalvelu v\u00e4litt\u00e4\u00e4 n\u00e4it\u00e4 majoituskaupassa ja perii v\u00e4lityksest\u00e4 20 euron v\u00e4litysmaksun (sis\u00e4lt\u00e4\u00e4 avaintenv\u00e4lityspalvelun). Varsinainen vuokrasopimus ja vuokranmaksu tapahtuvat suoraan vuokralaisen ja vuokranantajan v\u00e4lill\u00e4.<\/span><\/p>\n<p><span style=\"font-weight: 400\">Vuokravaunuille on varattu kent\u00e4ll\u00e4 oma alue, jossa on avaintenv\u00e4lityspiste. Alueella on p\u00e4ivystys tiistaina 25.6.2024 kello 12\u201322 sek\u00e4\u00a0 keskiviikkona ja torstaina 26. ja 27.6.2024 klo 9\u201324. Muina aikoina p\u00e4ivyst\u00e4j\u00e4n saa kiinni puhelimitse numerosta 040 1320 792.\u00a0<\/span><\/p>\n<p><span style=\"font-weight: 400\">Ohjeita asuntovaunun vuokraajalle ja vuokranantajille l\u00f6yd\u00e4t n\u00e4ist\u00e4 linkeist\u00e4:<br \/><\/span><a href=\"https:\/\/www.suviseurat.fi/2024\/wp-content\/uploads\/2024\/03\/Ohjeet-vuokralaiselle-Pudasjarvi-2024.pdf\" target=\"_blank\" rel=\"noopener\"><span style=\"font-weight: 400\">Ohjeet vuokralaiselle Pudasj\u00e4rvi 2024<\/span><\/a> <span style=\"font-weight: 400\">ja <a href=\"https:\/\/www.suviseurat.fi/2024\/wp-content\/uploads\/2024\/03\/Ohjeet-vuokranantajalle-Pudasjarvi-2024.pdf\" target=\"_blank\" rel=\"noopener\">Ohjeet vuokranantajalle Pudasj\u00e4rvi 2024<\/a><\/span><\/p>\n<p>Yksityismajoituskohteen vuokranantaja voi halutessaan tulostaa <a href=\"https:\/\/www.suviseurat.fi/2024\/wp-content\/uploads\/2024\/05\/Toimintaohje_hatatilanteiden_varalle.pdf\" target=\"_blank\" rel=\"noopener\">t\u00e4st\u00e4 turvallisuusohjeet<\/a> kohteeseensa.<\/p>\n<p><span style=\"font-weight: 400\">Lis\u00e4tietoa majoitustoimikunnalta 11.3.2024 alkaen arkisin klo 18\u201320 puhelinnumerosta 040 1320 790 tai s\u00e4hk\u00f6postilla majoitus@suviseurat.fi.<\/span><\/p>\n","protected":false},"excerpt":{"rendered":"<p>Suviseurojen majoituspalvelu v\u00e4litt\u00e4\u00e4 suviseuravieraille kutsuvieras-, luokka- ja yhteismajoitusta kouluissa, yksityismajoituskohteita l\u00e4hialueella sek\u00e4 vuokravaunualueelle tuotuja asuntovaunuja<a class=\"moretag\" href=\"https:\/\/www.suviseurat.fi/2024\/palvelut\/majoitus\/\">Jatka lukemista ><\/a><\/p>\n","protected":false},"author":19,"featured_media":0,"parent":857,"menu_order":2,"comment_status":"closed","ping_status":"closed","template":"","meta":{"_acf_changed":false,"footnotes":""},"class_list":["post-2826","page","type-page","status-publish","hentry"],"acf":[],"yoast_head":"<!-- This site is optimized with the Yoast SEO plugin v23.3 - https:\/\/yoast.com\/wordpress\/plugins\/seo\/ -->\n<title>Majoitus - SRK:n Suviseurat Pudasj\u00e4rvell\u00e4 2024<\/title>\n<meta name=\"description\" content=\"Suviseurojen majoituspalvelu v\u00e4litt\u00e4\u00e4 suviseuravieraille kutsuvieras-, luokka- ja yhteismajoitusta kouluissa, yksityismajoituskohteita l\u00e4hialueella sek\u00e4\" \/>\n<meta name=\"robots\" content=\"index, follow, max-snippet:-1, max-image-preview:large, max-video-preview:-1\" \/>\n<link rel=\"canonical\" href=\"https:\/\/www.suviseurat.fi/2024\/palvelut\/majoitus\/\" \/>\n<meta property=\"og:locale\" content=\"fi_FI\" \/>\n<meta property=\"og:type\" content=\"article\" \/>\n<meta property=\"og:title\" content=\"Majoitus - SRK:n Suviseurat Pudasj\u00e4rvell\u00e4 2024\" \/>\n<meta property=\"og:description\" content=\"Suviseurojen majoituspalvelu v\u00e4litt\u00e4\u00e4 suviseuravieraille kutsuvieras-, luokka- ja yhteismajoitusta kouluissa, yksityismajoituskohteita l\u00e4hialueella sek\u00e4\" \/>\n<meta property=\"og:url\" content=\"https:\/\/www.suviseurat.fi/2024\/palvelut\/majoitus\/\" \/>\n<meta property=\"og:site_name\" content=\"SRK:n Suviseurat Pudasj\u00e4rvell\u00e4 2024\" \/>\n<meta property=\"article:publisher\" content=\"https:\/\/www.facebook.com\/SRKryNyt\/\" \/>\n<meta property=\"article:modified_time\" content=\"2024-05-14T13:53:27+00:00\" \/>\n<meta name=\"twitter:card\" content=\"summary_large_image\" \/>\n<meta name=\"twitter:site\" content=\"@Suviseurat\" \/>\n<meta name=\"twitter:label1\" content=\"Arvioitu lukuaika\" \/>\n\t<meta name=\"twitter:data1\" content=\"2 minuuttia\" \/>\n<script type=\"application\/ld+json\" class=\"yoast-schema-graph\">{\"@context\":\"https:\/\/schema.org\",\"@graph\":[{\"@type\":\"WebPage\",\"@id\":\"https:\/\/www.suviseurat.fi/2024\/palvelut\/majoitus\/\",\"url\":\"https:\/\/www.suviseurat.fi/2024\/palvelut\/majoitus\/\",\"name\":\"Majoitus - SRK:n Suviseurat Pudasj\u00e4rvell\u00e4 2024\",\"isPartOf\":{\"@id\":\"https:\/\/www.suviseurat.fi/2024\/#website\"},\"datePublished\":\"2019-02-18T13:32:25+00:00\",\"dateModified\":\"2024-05-14T13:53:27+00:00\",\"description\":\"Suviseurojen majoituspalvelu v\u00e4litt\u00e4\u00e4 suviseuravieraille kutsuvieras-, luokka- ja yhteismajoitusta kouluissa, yksityismajoituskohteita l\u00e4hialueella sek\u00e4\",\"breadcrumb\":{\"@id\":\"https:\/\/www.suviseurat.fi/2024\/palvelut\/majoitus\/#breadcrumb\"},\"inLanguage\":\"fi\",\"potentialAction\":[{\"@type\":\"ReadAction\",\"target\":[\"https:\/\/www.suviseurat.fi/2024\/palvelut\/majoitus\/\"]}]},{\"@type\":\"BreadcrumbList\",\"@id\":\"https:\/\/www.suviseurat.fi/2024\/palvelut\/majoitus\/#breadcrumb\",\"itemListElement\":[{\"@type\":\"ListItem\",\"position\":1,\"name\":\"Etusivu\",\"item\":\"https:\/\/www.suviseurat.fi/2024\/\"},{\"@type\":\"ListItem\",\"position\":2,\"name\":\"Palvelut\",\"item\":\"https:\/\/www.suviseurat.fi/2024\/palvelut\/\"},{\"@type\":\"ListItem\",\"position\":3,\"name\":\"Majoitus\"}]},{\"@type\":\"WebSite\",\"@id\":\"https:\/\/www.suviseurat.fi/2024\/#website\",\"url\":\"https:\/\/www.suviseurat.fi/2024\/\",\"name\":\"SRK:n Suviseurat Pudasj\u00e4rvell\u00e4 2024\",\"description\":\"Olenko min\u00e4 sinulle rakas?\",\"publisher\":{\"@id\":\"https:\/\/www.suviseurat.fi/2024\/#organization\"},\"potentialAction\":[{\"@type\":\"SearchAction\",\"target\":{\"@type\":\"EntryPoint\",\"urlTemplate\":\"https:\/\/www.suviseurat.fi/2024\/?s={search_term_string}\"},\"query-input\":\"required name=search_term_string\"}],\"inLanguage\":\"fi\"},{\"@type\":\"Organization\",\"@id\":\"https:\/\/www.suviseurat.fi/2024\/#organization\",\"name\":\"Suviseurat\",\"url\":\"https:\/\/www.suviseurat.fi/2024\/\",\"logo\":{\"@type\":\"ImageObject\",\"inLanguage\":\"fi\",\"@id\":\"https:\/\/www.suviseurat.fi/2024\/#\/schema\/logo\/image\/\",\"url\":\"https:\/\/www.suviseurat.fi/2024\/wp-content\/uploads\/2023\/10\/tunnus-nelio.jpg\",\"contentUrl\":\"https:\/\/www.suviseurat.fi/2024\/wp-content\/uploads\/2023\/10\/tunnus-nelio.jpg\",\"width\":1000,\"height\":1000,\"caption\":\"Suviseurat\"},\"image\":{\"@id\":\"https:\/\/www.suviseurat.fi/2024\/#\/schema\/logo\/image\/\"},\"sameAs\":[\"https:\/\/www.facebook.com\/SRKryNyt\/\",\"https:\/\/x.com\/Suviseurat\",\"https:\/\/www.facebook.com\/srksuviseurat\/\",\"https:\/\/www.youtube.com\/@SRKnyt\",\"https:\/\/www.instagram.com\/srk_nyt\/\",\"https:\/\/www.flickr.com\/photos\/suviseurat\"]}]}<\/script>\n<!-- \/ Yoast SEO plugin. -->","yoast_head_json":{"title":"Majoitus - SRK:n Suviseurat Pudasj\u00e4rvell\u00e4 2024","description":"Suviseurojen majoituspalvelu v\u00e4litt\u00e4\u00e4 suviseuravieraille kutsuvieras-, luokka- ja yhteismajoitusta kouluissa, yksityismajoituskohteita l\u00e4hialueella sek\u00e4","robots":{"index":"index","follow":"follow","max-snippet":"max-snippet:-1","max-image-preview":"max-image-preview:large","max-video-preview":"max-video-preview:-1"},"canonical":"https:\/\/www.suviseurat.fi/2024\/palvelut\/majoitus\/","og_locale":"fi_FI","og_type":"article","og_title":"Majoitus - SRK:n Suviseurat Pudasj\u00e4rvell\u00e4 2024","og_description":"Suviseurojen majoituspalvelu v\u00e4litt\u00e4\u00e4 suviseuravieraille kutsuvieras-, luokka- ja yhteismajoitusta kouluissa, yksityismajoituskohteita l\u00e4hialueella sek\u00e4","og_url":"https:\/\/www.suviseurat.fi/2024\/palvelut\/majoitus\/","og_site_name":"SRK:n Suviseurat Pudasj\u00e4rvell\u00e4 2024","article_publisher":"https:\/\/www.facebook.com\/SRKryNyt\/","article_modified_time":"2024-05-14T13:53:27+00:00","twitter_card":"summary_large_image","twitter_site":"@Suviseurat","twitter_misc":{"Arvioitu lukuaika":"2 minuuttia"},"schema":{"@context":"https:\/\/schema.org","@graph":[{"@type":"WebPage","@id":"https:\/\/www.suviseurat.fi/2024\/palvelut\/majoitus\/","url":"https:\/\/www.suviseurat.fi/2024\/palvelut\/majoitus\/","name":"Majoitus - SRK:n Suviseurat Pudasj\u00e4rvell\u00e4 2024","isPartOf":{"@id":"https:\/\/www.suviseurat.fi/2024\/#website"},"datePublished":"2019-02-18T13:32:25+00:00","dateModified":"2024-05-14T13:53:27+00:00","description":"Suviseurojen majoituspalvelu v\u00e4litt\u00e4\u00e4 suviseuravieraille kutsuvieras-, luokka- ja yhteismajoitusta kouluissa, yksityismajoituskohteita l\u00e4hialueella sek\u00e4","breadcrumb":{"@id":"https:\/\/www.suviseurat.fi/2024\/palvelut\/majoitus\/#breadcrumb"},"inLanguage":"fi","potentialAction":[{"@type":"ReadAction","target":["https:\/\/www.suviseurat.fi/2024\/palvelut\/majoitus\/"]}]},{"@type":"BreadcrumbList","@id":"https:\/\/www.suviseurat.fi/2024\/palvelut\/majoitus\/#breadcrumb","itemListElement":[{"@type":"ListItem","position":1,"name":"Etusivu","item":"https:\/\/www.suviseurat.fi/2024\/"},{"@type":"ListItem","position":2,"name":"Palvelut","item":"https:\/\/www.suviseurat.fi/2024\/palvelut\/"},{"@type":"ListItem","position":3,"name":"Majoitus"}]},{"@type":"WebSite","@id":"https:\/\/www.suviseurat.fi/2024\/#website","url":"https:\/\/www.suviseurat.fi/2024\/","name":"SRK:n Suviseurat Pudasj\u00e4rvell\u00e4 2024","description":"Olenko min\u00e4 sinulle rakas?","publisher":{"@id":"https:\/\/www.suviseurat.fi/2024\/#organization"},"potentialAction":[{"@type":"SearchAction","target":{"@type":"EntryPoint","urlTemplate":"https:\/\/www.suviseurat.fi/2024\/?s={search_term_string}"},"query-input":"required name=search_term_string"}],"inLanguage":"fi"},{"@type":"Organization","@id":"https:\/\/www.suviseurat.fi/2024\/#organization","name":"Suviseurat","url":"https:\/\/www.suviseurat.fi/2024\/","logo":{"@type":"ImageObject","inLanguage":"fi","@id":"https:\/\/www.suviseurat.fi/2024\/#\/schema\/logo\/image\/","url":"https:\/\/www.suviseurat.fi/2024\/wp-content\/uploads\/2023\/10\/tunnus-nelio.jpg","contentUrl":"https:\/\/www.suviseurat.fi/2024\/wp-content\/uploads\/2023\/10\/tunnus-nelio.jpg","width":1000,"height":1000,"caption":"Suviseurat"},"image":{"@id":"https:\/\/www.suviseurat.fi/2024\/#\/schema\/logo\/image\/"},"sameAs":["https:\/\/www.facebook.com\/SRKryNyt\/","https:\/\/x.com\/Suviseurat","https:\/\/www.facebook.com\/srksuviseurat\/","https:\/\/www.youtube.com\/@SRKnyt","https:\/\/www.instagram.com\/srk_nyt\/","https:\/\/www.flickr.com\/photos\/suviseurat"]}]}},"_links":{"self":[{"href":"https:\/\/www.suviseurat.fi/2024\/wp-json\/wp\/v2\/pages\/2826"}],"collection":[{"href":"https:\/\/www.suviseurat.fi/2024\/wp-json\/wp\/v2\/pages"}],"about":[{"href":"https:\/\/www.suviseurat.fi/2024\/wp-json\/wp\/v2\/types\/page"}],"author":[{"embeddable":true,"href":"https:\/\/www.suviseurat.fi/2024\/wp-json\/wp\/v2\/users\/19"}],"replies":[{"embeddable":true,"href":"https:\/\/www.suviseurat.fi/2024\/wp-json\/wp\/v2\/comments?post=2826"}],"version-history":[{"count":68,"href":"https:\/\/www.suviseurat.fi/2024\/wp-json\/wp\/v2\/pages\/2826\/revisions"}],"predecessor-version":[{"id":19781,"href":"https:\/\/www.suviseurat.fi/2024\/wp-json\/wp\/v2\/pages\/2826\/revisions\/19781"}],"up":[{"embeddable":true,"href":"https:\/\/www.suviseurat.fi/2024\/wp-json\/wp\/v2\/pages\/857"}],"wp:attachment":[{"href":"https:\/\/www.suviseurat.fi/2024\/wp-json\/wp\/v2\/media?parent=2826"}],"curies":[{"name":"wp","href":"https:\/\/api.w.org\/{rel}","templated":true}]}}