{"id":2831,"date":"2019-02-20T21:32:21","date_gmt":"2019-02-20T19:32:21","guid":{"rendered":"https:\/\/www.suviseurat.fi/2024\/?page_id=2831"},"modified":"2024-06-26T10:20:27","modified_gmt":"2024-06-26T07:20:27","slug":"medialle","status":"publish","type":"page","link":"https:\/\/www.suviseurat.fi/2024\/medialle\/","title":{"rendered":"Medialle"},"content":{"rendered":"<h2 class=\"p-rich_text_section\"><b data-stringify-type=\"bold\">Mediakeskus<\/b><\/h2>\n<p class=\"p-rich_text_section\">Mediakeskus sijaitsee Suviseurojen keskusalueen reunalla. Seura-aluetta l\u00e4hestytt\u00e4ess\u00e4 k\u00e4\u00e4nnyt\u00e4\u00e4n Ranuantielt\u00e4 Lent\u00e4j\u00e4ntielle. Vasemmalla ennen kent\u00e4n porttia on pys\u00e4k\u00f6intialue P1, jolta on opastus keskusalueelle. Mediakeskus on merkitty keskusalueen karttaan nimell\u00e4 Media.<\/p>\n<p class=\"p-rich_text_section\">Mediakeskus on avoinna<\/p>\n<ul class=\"p-rich_text_list p-rich_text_list__bullet\" data-stringify-type=\"unordered-list\" data-indent=\"0\" data-border=\"0\">\n<li data-stringify-indent=\"0\" data-stringify-border=\"0\">ke 26.6. klo 12\u201315,<\/li>\n<li data-stringify-indent=\"0\" data-stringify-border=\"0\">to\u2013su 27.6.\u201330.6. klo 10\u201320 ja<\/li>\n<li data-stringify-indent=\"0\" data-stringify-border=\"0\">ma 1.7. klo 10\u201314.<\/li>\n<\/ul>\n<p>\u00a0\u00a0<\/p>\n<h2><strong>Viestinn\u00e4n yhteystiedot<\/strong><\/h2>\n<p><a href=\"mailto:pudasjarvi@suviseurat.fi\"><span style=\"font-weight: 400\">pudasjarvi@suviseurat.fi<\/span><\/a><\/p>\n<p><a href=\"mailto:info@suviseurat.fi\"><span style=\"font-weight: 400\">info@suviseurat.fi<\/span><\/a><\/p>\n<p>Mediakeskus: p. 040 132 0758<\/p>\n<h2><strong>Suviseurojen kuvapankki<\/strong><\/h2>\n<p><span style=\"font-weight: 400\">Kuvapankista l\u00f6ytyy kuvituskuvia Suviseuroista ja seuravalmisteluista.<\/span><\/p>\n<p><span style=\"font-weight: 400\">Suviseurojen kuvapalvelun kuvat ovat julkaisuvapaita. Kuvaajatieto: Kuvapalvelu\/Suviseurat.<\/span><\/p>\n<p><span style=\"font-weight: 400\">Linkki <\/span><a href=\"https:\/\/www.flickr.com\/photos\/suviseurat\" target=\"_blank\" rel=\"noopener\"><span style=\"font-weight: 400\">Suviseurojen kuvapalveluun<\/span><\/a><span style=\"font-weight: 400\">.<\/span><\/p>\n<h2><strong>Suviseurat sosiaalisessa mediassa<\/strong><\/h2>\n<p><span style=\"font-weight: 400\">Suviseuroja voi seurata p\u00e4ivittyvien verkkosivujen lis\u00e4ksi sosiaalisen median kanavista.<\/span><\/p>\n<p><a href=\"https:\/\/facebook.com\/SRKryNyt\" target=\"_blank\" rel=\"noopener\"><span style=\"font-weight: 400\">Facebook<\/span><\/a><span style=\"font-weight: 400\">, <\/span><a href=\"https:\/\/instagram.com\/srk_nyt\" target=\"_blank\" rel=\"noopener\"><span style=\"font-weight: 400\">Instagram<\/span><\/a><span style=\"font-weight: 400\">, <\/span><a href=\"https:\/\/twitter.com\/suviseurat\" target=\"_blank\" rel=\"noopener\"><span style=\"font-weight: 400\">Viestipalvelu X<\/span><\/a><span style=\"font-weight: 400\">, <\/span><a href=\"https:\/\/youtube.com\/c\/SRKnyt\" target=\"_blank\" rel=\"noopener\"><span style=\"font-weight: 400\">YouTube<\/span><\/a><span style=\"font-weight: 400\"> ja <\/span><a href=\"https:\/\/www.flickr.com\/photos\/suviseurat\" target=\"_blank\" rel=\"noopener\"><span style=\"font-weight: 400\">Flickr<\/span><\/a><span style=\"font-weight: 400\">.<\/span><\/p>\n<h2><strong>Tietoa medialle<\/strong><\/h2>\n<p><a href=\"https:\/\/www.suviseurat.fi/2024\/wp-content\/uploads\/2024\/06\/Suviseurat-pahkinankuoressa-opas-medialle.pdf\" target=\"_blank\" rel=\"noopener\">Suviseurat p\u00e4hkin\u00e4nkuoressa -oppaassa<\/a> on tietoa Suviseuroista ja suviseuraj\u00e4rjestelyist\u00e4.<\/p>\n<h2 id=\"mediatiedotteet\" style=\"font-weight: 400\"><strong>Mediatiedotteet<\/strong><\/h2>\n<p><a href=\"https:\/\/www.suviseurat.fi/2024\/medialle\/mediatiedotteet\/\">L\u00f6yd\u00e4t kaikki mediatiedotteet t\u00e4\u00e4lt\u00e4.<\/a><\/p>\n\n","protected":false},"excerpt":{"rendered":"<p>Mediakeskus Mediakeskus sijaitsee Suviseurojen keskusalueen reunalla. Seura-aluetta l\u00e4hestytt\u00e4ess\u00e4 k\u00e4\u00e4nnyt\u00e4\u00e4n Ranuantielt\u00e4 Lent\u00e4j\u00e4ntielle. Vasemmalla ennen kent\u00e4n porttia<a class=\"moretag\" href=\"https:\/\/www.suviseurat.fi/2024\/medialle\/\">Jatka lukemista ><\/a><\/p>\n","protected":false},"author":19,"featured_media":0,"parent":0,"menu_order":7,"comment_status":"closed","ping_status":"closed","template":"","meta":{"_acf_changed":false,"footnotes":""},"class_list":["post-2831","page","type-page","status-publish","hentry"],"acf":[],"yoast_head":"<!-- This site is optimized with the Yoast SEO plugin v23.3 - https:\/\/yoast.com\/wordpress\/plugins\/seo\/ -->\n<title>Medialle - SRK:n Suviseurat Pudasj\u00e4rvell\u00e4 2024<\/title>\n<meta name=\"description\" content=\"Suviseurojen ennakkoviestint\u00e4 ja mediakeskuksen yhteyshenkil\u00f6 palvelevat median tarpeita ennen varsinaista tapahtumaa. Mediakeskus ja mediaoppaat palvelevat suviseurojen aikana.\" \/>\n<meta name=\"robots\" content=\"index, follow, max-snippet:-1, max-image-preview:large, max-video-preview:-1\" \/>\n<link rel=\"canonical\" href=\"https:\/\/www.suviseurat.fi/2024\/medialle\/\" \/>\n<meta property=\"og:locale\" content=\"fi_FI\" \/>\n<meta property=\"og:type\" content=\"article\" \/>\n<meta property=\"og:title\" content=\"Medialle - SRK:n Suviseurat Pudasj\u00e4rvell\u00e4 2024\" \/>\n<meta property=\"og:description\" content=\"Suviseurojen ennakkoviestint\u00e4 ja mediakeskuksen yhteyshenkil\u00f6 palvelevat median tarpeita ennen varsinaista tapahtumaa. Mediakeskus ja mediaoppaat palvelevat suviseurojen aikana.\" \/>\n<meta property=\"og:url\" content=\"https:\/\/www.suviseurat.fi/2024\/medialle\/\" \/>\n<meta property=\"og:site_name\" content=\"SRK:n Suviseurat Pudasj\u00e4rvell\u00e4 2024\" \/>\n<meta property=\"article:publisher\" content=\"https:\/\/www.facebook.com\/SRKryNyt\/\" \/>\n<meta property=\"article:modified_time\" content=\"2024-06-26T07:20:27+00:00\" \/>\n<meta name=\"twitter:card\" content=\"summary_large_image\" \/>\n<meta name=\"twitter:site\" content=\"@Suviseurat\" \/>\n<meta name=\"twitter:label1\" content=\"Arvioitu lukuaika\" \/>\n\t<meta name=\"twitter:data1\" content=\"1 minuutti\" \/>\n<script type=\"application\/ld+json\" class=\"yoast-schema-graph\">{\"@context\":\"https:\/\/schema.org\",\"@graph\":[{\"@type\":\"WebPage\",\"@id\":\"https:\/\/www.suviseurat.fi/2024\/medialle\/\",\"url\":\"https:\/\/www.suviseurat.fi/2024\/medialle\/\",\"name\":\"Medialle - SRK:n Suviseurat Pudasj\u00e4rvell\u00e4 2024\",\"isPartOf\":{\"@id\":\"https:\/\/www.suviseurat.fi/2024\/#website\"},\"datePublished\":\"2019-02-20T19:32:21+00:00\",\"dateModified\":\"2024-06-26T07:20:27+00:00\",\"description\":\"Suviseurojen ennakkoviestint\u00e4 ja mediakeskuksen yhteyshenkil\u00f6 palvelevat median tarpeita ennen varsinaista tapahtumaa. Mediakeskus ja mediaoppaat palvelevat suviseurojen aikana.\",\"breadcrumb\":{\"@id\":\"https:\/\/www.suviseurat.fi/2024\/medialle\/#breadcrumb\"},\"inLanguage\":\"fi\",\"potentialAction\":[{\"@type\":\"ReadAction\",\"target\":[\"https:\/\/www.suviseurat.fi/2024\/medialle\/\"]}]},{\"@type\":\"BreadcrumbList\",\"@id\":\"https:\/\/www.suviseurat.fi/2024\/medialle\/#breadcrumb\",\"itemListElement\":[{\"@type\":\"ListItem\",\"position\":1,\"name\":\"Etusivu\",\"item\":\"https:\/\/www.suviseurat.fi/2024\/\"},{\"@type\":\"ListItem\",\"position\":2,\"name\":\"Medialle\"}]},{\"@type\":\"WebSite\",\"@id\":\"https:\/\/www.suviseurat.fi/2024\/#website\",\"url\":\"https:\/\/www.suviseurat.fi/2024\/\",\"name\":\"SRK:n Suviseurat Pudasj\u00e4rvell\u00e4 2024\",\"description\":\"Olenko min\u00e4 sinulle rakas?\",\"publisher\":{\"@id\":\"https:\/\/www.suviseurat.fi/2024\/#organization\"},\"potentialAction\":[{\"@type\":\"SearchAction\",\"target\":{\"@type\":\"EntryPoint\",\"urlTemplate\":\"https:\/\/www.suviseurat.fi/2024\/?s={search_term_string}\"},\"query-input\":\"required name=search_term_string\"}],\"inLanguage\":\"fi\"},{\"@type\":\"Organization\",\"@id\":\"https:\/\/www.suviseurat.fi/2024\/#organization\",\"name\":\"Suviseurat\",\"url\":\"https:\/\/www.suviseurat.fi/2024\/\",\"logo\":{\"@type\":\"ImageObject\",\"inLanguage\":\"fi\",\"@id\":\"https:\/\/www.suviseurat.fi/2024\/#\/schema\/logo\/image\/\",\"url\":\"https:\/\/www.suviseurat.fi/2024\/wp-content\/uploads\/2023\/10\/tunnus-nelio.jpg\",\"contentUrl\":\"https:\/\/www.suviseurat.fi/2024\/wp-content\/uploads\/2023\/10\/tunnus-nelio.jpg\",\"width\":1000,\"height\":1000,\"caption\":\"Suviseurat\"},\"image\":{\"@id\":\"https:\/\/www.suviseurat.fi/2024\/#\/schema\/logo\/image\/\"},\"sameAs\":[\"https:\/\/www.facebook.com\/SRKryNyt\/\",\"https:\/\/x.com\/Suviseurat\",\"https:\/\/www.facebook.com\/srksuviseurat\/\",\"https:\/\/www.youtube.com\/@SRKnyt\",\"https:\/\/www.instagram.com\/srk_nyt\/\",\"https:\/\/www.flickr.com\/photos\/suviseurat\"]}]}<\/script>\n<!-- \/ Yoast SEO plugin. -->","yoast_head_json":{"title":"Medialle - SRK:n Suviseurat Pudasj\u00e4rvell\u00e4 2024","description":"Suviseurojen ennakkoviestint\u00e4 ja mediakeskuksen yhteyshenkil\u00f6 palvelevat median tarpeita ennen varsinaista tapahtumaa. Mediakeskus ja mediaoppaat palvelevat suviseurojen aikana.","robots":{"index":"index","follow":"follow","max-snippet":"max-snippet:-1","max-image-preview":"max-image-preview:large","max-video-preview":"max-video-preview:-1"},"canonical":"https:\/\/www.suviseurat.fi/2024\/medialle\/","og_locale":"fi_FI","og_type":"article","og_title":"Medialle - SRK:n Suviseurat Pudasj\u00e4rvell\u00e4 2024","og_description":"Suviseurojen ennakkoviestint\u00e4 ja mediakeskuksen yhteyshenkil\u00f6 palvelevat median tarpeita ennen varsinaista tapahtumaa. Mediakeskus ja mediaoppaat palvelevat suviseurojen aikana.","og_url":"https:\/\/www.suviseurat.fi/2024\/medialle\/","og_site_name":"SRK:n Suviseurat Pudasj\u00e4rvell\u00e4 2024","article_publisher":"https:\/\/www.facebook.com\/SRKryNyt\/","article_modified_time":"2024-06-26T07:20:27+00:00","twitter_card":"summary_large_image","twitter_site":"@Suviseurat","twitter_misc":{"Arvioitu lukuaika":"1 minuutti"},"schema":{"@context":"https:\/\/schema.org","@graph":[{"@type":"WebPage","@id":"https:\/\/www.suviseurat.fi/2024\/medialle\/","url":"https:\/\/www.suviseurat.fi/2024\/medialle\/","name":"Medialle - SRK:n Suviseurat Pudasj\u00e4rvell\u00e4 2024","isPartOf":{"@id":"https:\/\/www.suviseurat.fi/2024\/#website"},"datePublished":"2019-02-20T19:32:21+00:00","dateModified":"2024-06-26T07:20:27+00:00","description":"Suviseurojen ennakkoviestint\u00e4 ja mediakeskuksen yhteyshenkil\u00f6 palvelevat median tarpeita ennen varsinaista tapahtumaa. Mediakeskus ja mediaoppaat palvelevat suviseurojen aikana.","breadcrumb":{"@id":"https:\/\/www.suviseurat.fi/2024\/medialle\/#breadcrumb"},"inLanguage":"fi","potentialAction":[{"@type":"ReadAction","target":["https:\/\/www.suviseurat.fi/2024\/medialle\/"]}]},{"@type":"BreadcrumbList","@id":"https:\/\/www.suviseurat.fi/2024\/medialle\/#breadcrumb","itemListElement":[{"@type":"ListItem","position":1,"name":"Etusivu","item":"https:\/\/www.suviseurat.fi/2024\/"},{"@type":"ListItem","position":2,"name":"Medialle"}]},{"@type":"WebSite","@id":"https:\/\/www.suviseurat.fi/2024\/#website","url":"https:\/\/www.suviseurat.fi/2024\/","name":"SRK:n Suviseurat Pudasj\u00e4rvell\u00e4 2024","description":"Olenko min\u00e4 sinulle rakas?","publisher":{"@id":"https:\/\/www.suviseurat.fi/2024\/#organization"},"potentialAction":[{"@type":"SearchAction","target":{"@type":"EntryPoint","urlTemplate":"https:\/\/www.suviseurat.fi/2024\/?s={search_term_string}"},"query-input":"required name=search_term_string"}],"inLanguage":"fi"},{"@type":"Organization","@id":"https:\/\/www.suviseurat.fi/2024\/#organization","name":"Suviseurat","url":"https:\/\/www.suviseurat.fi/2024\/","logo":{"@type":"ImageObject","inLanguage":"fi","@id":"https:\/\/www.suviseurat.fi/2024\/#\/schema\/logo\/image\/","url":"https:\/\/www.suviseurat.fi/2024\/wp-content\/uploads\/2023\/10\/tunnus-nelio.jpg","contentUrl":"https:\/\/www.suviseurat.fi/2024\/wp-content\/uploads\/2023\/10\/tunnus-nelio.jpg","width":1000,"height":1000,"caption":"Suviseurat"},"image":{"@id":"https:\/\/www.suviseurat.fi/2024\/#\/schema\/logo\/image\/"},"sameAs":["https:\/\/www.facebook.com\/SRKryNyt\/","https:\/\/x.com\/Suviseurat","https:\/\/www.facebook.com\/srksuviseurat\/","https:\/\/www.youtube.com\/@SRKnyt","https:\/\/www.instagram.com\/srk_nyt\/","https:\/\/www.flickr.com\/photos\/suviseurat"]}]}},"_links":{"self":[{"href":"https:\/\/www.suviseurat.fi/2024\/wp-json\/wp\/v2\/pages\/2831"}],"collection":[{"href":"https:\/\/www.suviseurat.fi/2024\/wp-json\/wp\/v2\/pages"}],"about":[{"href":"https:\/\/www.suviseurat.fi/2024\/wp-json\/wp\/v2\/types\/page"}],"author":[{"embeddable":true,"href":"https:\/\/www.suviseurat.fi/2024\/wp-json\/wp\/v2\/users\/19"}],"replies":[{"embeddable":true,"href":"https:\/\/www.suviseurat.fi/2024\/wp-json\/wp\/v2\/comments?post=2831"}],"version-history":[{"count":105,"href":"https:\/\/www.suviseurat.fi/2024\/wp-json\/wp\/v2\/pages\/2831\/revisions"}],"predecessor-version":[{"id":20776,"href":"https:\/\/www.suviseurat.fi/2024\/wp-json\/wp\/v2\/pages\/2831\/revisions\/20776"}],"wp:attachment":[{"href":"https:\/\/www.suviseurat.fi/2024\/wp-json\/wp\/v2\/media?parent=2831"}],"curies":[{"name":"wp","href":"https:\/\/api.w.org\/{rel}","templated":true}]}}