{"id":3173,"date":"2022-04-13T16:02:00","date_gmt":"2022-04-13T13:02:00","guid":{"rendered":"https:\/\/www.suviseurat.fi/2024\/?page_id=3173"},"modified":"2024-06-10T22:09:49","modified_gmt":"2024-06-10T19:09:49","slug":"kenttamaksu","status":"publish","type":"page","link":"https:\/\/www.suviseurat.fi/2024\/kenttamaksu\/","title":{"rendered":"Kentt\u00e4maksu"},"content":{"rendered":"<p><strong>Merkitse majoituspaikan koordinaatit n\u00e4kyville. Jos sinulla ei ole tulostettua kuittia, voit noutaa sellaisen kentt\u00e4maksupisteest\u00e4 tai merkitse koordinaatit paperille.<\/strong><\/p>\n<p>Kentt\u00e4majoitusmaksu maksetaan Suviseurojen <a href=\"https:\/\/kenttamaksu.suviseurat.fi\/\">kentt\u00e4maksukaupassa<\/a>\u00a0osoitteessa <a href=\"https:\/\/kenttamaksu.suviseurat.fi\">https:\/\/kenttamaksu.suviseurat.fi<\/a>.<\/p>\n<p>Majoitustontti sek\u00e4 ajoneuvo + teltta kentt\u00e4majoitusmaksut ovat saatavilla alennettuun hintaan ennen Suviseuroja. Kentt\u00e4majoitustuotteiden alennusaika p\u00e4\u00e4ttyy tiistaina 25.6.2024.<\/p>\n<p><span style=\"font-weight: 400\">P\u00e4iv\u00e4pys\u00e4k\u00f6innin voi maksaa MobilePay-maksuna numeroon <a href=\"https:\/\/mobilepay.fi\/Yrityksille\/Maksulinkki\/maksulinkki-vastaus?phone=10307\" target=\"_blank\" rel=\"noopener\">10307<\/a> <\/span><span style=\"font-weight: 400\">tai Suviseurojen <a href=\"https:\/\/kenttamaksu.suviseurat.fi\/\" target=\"_blank\" rel=\"noopener\">verkkokaupassa<\/a>.\u00a0<\/span><\/p>\n<p><span style=\"font-weight: 400\">Jos y\u00f6vyt alueella, etk\u00e4 ole maksanut kentt\u00e4majoitusmaksua etuk\u00e4teen, <\/span><span style=\"font-weight: 400\">toimi seuraavasti: Maksa kentt\u00e4majoitusmaksu seura-alueelle saavuttuasi joko kentt\u00e4maksupisteess\u00e4, MobilePay-maksuna numeroon <a href=\"https:\/\/mobilepay.fi\/Yrityksille\/Maksulinkki\/maksulinkki-vastaus?phone=10307\" target=\"_blank\" rel=\"noopener\">10307<\/a> tai <\/span><span style=\"font-weight: 400\">Suviseurojen verkkokaupassa (<a href=\"https:\/\/kenttamaksu.suviseurat.fi\/\" target=\"_blank\" rel=\"noopener\">kenttamaksu.suviseurat.fi<\/a>).<\/span><\/p>\n<p><strong>Hinnasto:<\/strong><\/p>\n<ul>\n<li>Majoitustontti 90 \u20ac<\/li>\n<li>Ajoneuvo + teltta 50 \u20ac<\/li>\n<li>Teltta 30 \u20ac<\/li>\n<li>Riippumatto 10 \u20ac<\/li>\n<li>P\u00e4iv\u00e4pys\u00e4k\u00f6inti 5 \u20ac<\/li>\n<\/ul>\n\n","protected":false},"excerpt":{"rendered":"<p>Merkitse majoituspaikan koordinaatit n\u00e4kyville. Jos sinulla ei ole tulostettua kuittia, voit noutaa sellaisen kentt\u00e4maksupisteest\u00e4 tai<a class=\"moretag\" href=\"https:\/\/www.suviseurat.fi/2024\/kenttamaksu\/\">Jatka lukemista ><\/a><\/p>\n","protected":false},"author":19,"featured_media":0,"parent":0,"menu_order":3,"comment_status":"closed","ping_status":"closed","template":"","meta":{"_acf_changed":false,"footnotes":""},"class_list":["post-3173","page","type-page","status-publish","hentry"],"acf":[],"yoast_head":"<!-- This site is optimized with the Yoast SEO plugin v23.3 - https:\/\/yoast.com\/wordpress\/plugins\/seo\/ -->\n<title>Kentt\u00e4maksu - SRK:n Suviseurat Pudasj\u00e4rvell\u00e4 2024<\/title>\n<meta name=\"description\" content=\"T\u00e4st\u00e4 p\u00e4\u00e4set Suviseurojen kentt\u00e4maksukauppaan https:\/\/kenttamaksu.suviseurat.fi.\" \/>\n<meta name=\"robots\" content=\"index, follow, max-snippet:-1, max-image-preview:large, max-video-preview:-1\" \/>\n<link rel=\"canonical\" href=\"https:\/\/www.suviseurat.fi/2024\/kenttamaksu\/\" \/>\n<meta property=\"og:locale\" content=\"fi_FI\" \/>\n<meta property=\"og:type\" content=\"article\" \/>\n<meta property=\"og:title\" content=\"Kentt\u00e4maksu - SRK:n Suviseurat Pudasj\u00e4rvell\u00e4 2024\" \/>\n<meta property=\"og:description\" content=\"T\u00e4st\u00e4 p\u00e4\u00e4set Suviseurojen kentt\u00e4maksukauppaan https:\/\/kenttamaksu.suviseurat.fi.\" \/>\n<meta property=\"og:url\" content=\"https:\/\/www.suviseurat.fi/2024\/kenttamaksu\/\" \/>\n<meta property=\"og:site_name\" content=\"SRK:n Suviseurat Pudasj\u00e4rvell\u00e4 2024\" \/>\n<meta property=\"article:publisher\" content=\"https:\/\/www.facebook.com\/SRKryNyt\/\" \/>\n<meta property=\"article:modified_time\" content=\"2024-06-10T19:09:49+00:00\" \/>\n<meta name=\"twitter:card\" content=\"summary_large_image\" \/>\n<meta name=\"twitter:site\" content=\"@Suviseurat\" \/>\n<meta name=\"twitter:label1\" content=\"Arvioitu lukuaika\" \/>\n\t<meta name=\"twitter:data1\" content=\"1 minuutti\" \/>\n<script type=\"application\/ld+json\" class=\"yoast-schema-graph\">{\"@context\":\"https:\/\/schema.org\",\"@graph\":[{\"@type\":\"WebPage\",\"@id\":\"https:\/\/www.suviseurat.fi/2024\/kenttamaksu\/\",\"url\":\"https:\/\/www.suviseurat.fi/2024\/kenttamaksu\/\",\"name\":\"Kentt\u00e4maksu - SRK:n Suviseurat Pudasj\u00e4rvell\u00e4 2024\",\"isPartOf\":{\"@id\":\"https:\/\/www.suviseurat.fi/2024\/#website\"},\"datePublished\":\"2022-04-13T13:02:00+00:00\",\"dateModified\":\"2024-06-10T19:09:49+00:00\",\"description\":\"T\u00e4st\u00e4 p\u00e4\u00e4set Suviseurojen kentt\u00e4maksukauppaan https:\/\/kenttamaksu.suviseurat.fi.\",\"breadcrumb\":{\"@id\":\"https:\/\/www.suviseurat.fi/2024\/kenttamaksu\/#breadcrumb\"},\"inLanguage\":\"fi\",\"potentialAction\":[{\"@type\":\"ReadAction\",\"target\":[\"https:\/\/www.suviseurat.fi/2024\/kenttamaksu\/\"]}]},{\"@type\":\"BreadcrumbList\",\"@id\":\"https:\/\/www.suviseurat.fi/2024\/kenttamaksu\/#breadcrumb\",\"itemListElement\":[{\"@type\":\"ListItem\",\"position\":1,\"name\":\"Etusivu\",\"item\":\"https:\/\/www.suviseurat.fi/2024\/\"},{\"@type\":\"ListItem\",\"position\":2,\"name\":\"Kentt\u00e4maksu\"}]},{\"@type\":\"WebSite\",\"@id\":\"https:\/\/www.suviseurat.fi/2024\/#website\",\"url\":\"https:\/\/www.suviseurat.fi/2024\/\",\"name\":\"SRK:n Suviseurat Pudasj\u00e4rvell\u00e4 2024\",\"description\":\"Olenko min\u00e4 sinulle rakas?\",\"publisher\":{\"@id\":\"https:\/\/www.suviseurat.fi/2024\/#organization\"},\"potentialAction\":[{\"@type\":\"SearchAction\",\"target\":{\"@type\":\"EntryPoint\",\"urlTemplate\":\"https:\/\/www.suviseurat.fi/2024\/?s={search_term_string}\"},\"query-input\":\"required name=search_term_string\"}],\"inLanguage\":\"fi\"},{\"@type\":\"Organization\",\"@id\":\"https:\/\/www.suviseurat.fi/2024\/#organization\",\"name\":\"Suviseurat\",\"url\":\"https:\/\/www.suviseurat.fi/2024\/\",\"logo\":{\"@type\":\"ImageObject\",\"inLanguage\":\"fi\",\"@id\":\"https:\/\/www.suviseurat.fi/2024\/#\/schema\/logo\/image\/\",\"url\":\"https:\/\/www.suviseurat.fi/2024\/wp-content\/uploads\/2023\/10\/tunnus-nelio.jpg\",\"contentUrl\":\"https:\/\/www.suviseurat.fi/2024\/wp-content\/uploads\/2023\/10\/tunnus-nelio.jpg\",\"width\":1000,\"height\":1000,\"caption\":\"Suviseurat\"},\"image\":{\"@id\":\"https:\/\/www.suviseurat.fi/2024\/#\/schema\/logo\/image\/\"},\"sameAs\":[\"https:\/\/www.facebook.com\/SRKryNyt\/\",\"https:\/\/x.com\/Suviseurat\",\"https:\/\/www.facebook.com\/srksuviseurat\/\",\"https:\/\/www.youtube.com\/@SRKnyt\",\"https:\/\/www.instagram.com\/srk_nyt\/\",\"https:\/\/www.flickr.com\/photos\/suviseurat\"]}]}<\/script>\n<!-- \/ Yoast SEO plugin. -->","yoast_head_json":{"title":"Kentt\u00e4maksu - SRK:n Suviseurat Pudasj\u00e4rvell\u00e4 2024","description":"T\u00e4st\u00e4 p\u00e4\u00e4set Suviseurojen kentt\u00e4maksukauppaan https:\/\/kenttamaksu.suviseurat.fi.","robots":{"index":"index","follow":"follow","max-snippet":"max-snippet:-1","max-image-preview":"max-image-preview:large","max-video-preview":"max-video-preview:-1"},"canonical":"https:\/\/www.suviseurat.fi/2024\/kenttamaksu\/","og_locale":"fi_FI","og_type":"article","og_title":"Kentt\u00e4maksu - SRK:n Suviseurat Pudasj\u00e4rvell\u00e4 2024","og_description":"T\u00e4st\u00e4 p\u00e4\u00e4set Suviseurojen kentt\u00e4maksukauppaan https:\/\/kenttamaksu.suviseurat.fi.","og_url":"https:\/\/www.suviseurat.fi/2024\/kenttamaksu\/","og_site_name":"SRK:n Suviseurat Pudasj\u00e4rvell\u00e4 2024","article_publisher":"https:\/\/www.facebook.com\/SRKryNyt\/","article_modified_time":"2024-06-10T19:09:49+00:00","twitter_card":"summary_large_image","twitter_site":"@Suviseurat","twitter_misc":{"Arvioitu lukuaika":"1 minuutti"},"schema":{"@context":"https:\/\/schema.org","@graph":[{"@type":"WebPage","@id":"https:\/\/www.suviseurat.fi/2024\/kenttamaksu\/","url":"https:\/\/www.suviseurat.fi/2024\/kenttamaksu\/","name":"Kentt\u00e4maksu - SRK:n Suviseurat Pudasj\u00e4rvell\u00e4 2024","isPartOf":{"@id":"https:\/\/www.suviseurat.fi/2024\/#website"},"datePublished":"2022-04-13T13:02:00+00:00","dateModified":"2024-06-10T19:09:49+00:00","description":"T\u00e4st\u00e4 p\u00e4\u00e4set Suviseurojen kentt\u00e4maksukauppaan https:\/\/kenttamaksu.suviseurat.fi.","breadcrumb":{"@id":"https:\/\/www.suviseurat.fi/2024\/kenttamaksu\/#breadcrumb"},"inLanguage":"fi","potentialAction":[{"@type":"ReadAction","target":["https:\/\/www.suviseurat.fi/2024\/kenttamaksu\/"]}]},{"@type":"BreadcrumbList","@id":"https:\/\/www.suviseurat.fi/2024\/kenttamaksu\/#breadcrumb","itemListElement":[{"@type":"ListItem","position":1,"name":"Etusivu","item":"https:\/\/www.suviseurat.fi/2024\/"},{"@type":"ListItem","position":2,"name":"Kentt\u00e4maksu"}]},{"@type":"WebSite","@id":"https:\/\/www.suviseurat.fi/2024\/#website","url":"https:\/\/www.suviseurat.fi/2024\/","name":"SRK:n Suviseurat Pudasj\u00e4rvell\u00e4 2024","description":"Olenko min\u00e4 sinulle rakas?","publisher":{"@id":"https:\/\/www.suviseurat.fi/2024\/#organization"},"potentialAction":[{"@type":"SearchAction","target":{"@type":"EntryPoint","urlTemplate":"https:\/\/www.suviseurat.fi/2024\/?s={search_term_string}"},"query-input":"required name=search_term_string"}],"inLanguage":"fi"},{"@type":"Organization","@id":"https:\/\/www.suviseurat.fi/2024\/#organization","name":"Suviseurat","url":"https:\/\/www.suviseurat.fi/2024\/","logo":{"@type":"ImageObject","inLanguage":"fi","@id":"https:\/\/www.suviseurat.fi/2024\/#\/schema\/logo\/image\/","url":"https:\/\/www.suviseurat.fi/2024\/wp-content\/uploads\/2023\/10\/tunnus-nelio.jpg","contentUrl":"https:\/\/www.suviseurat.fi/2024\/wp-content\/uploads\/2023\/10\/tunnus-nelio.jpg","width":1000,"height":1000,"caption":"Suviseurat"},"image":{"@id":"https:\/\/www.suviseurat.fi/2024\/#\/schema\/logo\/image\/"},"sameAs":["https:\/\/www.facebook.com\/SRKryNyt\/","https:\/\/x.com\/Suviseurat","https:\/\/www.facebook.com\/srksuviseurat\/","https:\/\/www.youtube.com\/@SRKnyt","https:\/\/www.instagram.com\/srk_nyt\/","https:\/\/www.flickr.com\/photos\/suviseurat"]}]}},"_links":{"self":[{"href":"https:\/\/www.suviseurat.fi/2024\/wp-json\/wp\/v2\/pages\/3173"}],"collection":[{"href":"https:\/\/www.suviseurat.fi/2024\/wp-json\/wp\/v2\/pages"}],"about":[{"href":"https:\/\/www.suviseurat.fi/2024\/wp-json\/wp\/v2\/types\/page"}],"author":[{"embeddable":true,"href":"https:\/\/www.suviseurat.fi/2024\/wp-json\/wp\/v2\/users\/19"}],"replies":[{"embeddable":true,"href":"https:\/\/www.suviseurat.fi/2024\/wp-json\/wp\/v2\/comments?post=3173"}],"version-history":[{"count":33,"href":"https:\/\/www.suviseurat.fi/2024\/wp-json\/wp\/v2\/pages\/3173\/revisions"}],"predecessor-version":[{"id":19872,"href":"https:\/\/www.suviseurat.fi/2024\/wp-json\/wp\/v2\/pages\/3173\/revisions\/19872"}],"wp:attachment":[{"href":"https:\/\/www.suviseurat.fi/2024\/wp-json\/wp\/v2\/media?parent=3173"}],"curies":[{"name":"wp","href":"https:\/\/api.w.org\/{rel}","templated":true}]}}