{"id":3262,"date":"2022-06-21T15:00:00","date_gmt":"2022-06-21T12:00:00","guid":{"rendered":"https:\/\/www.suviseurat.fi/2024\/?page_id=3262"},"modified":"2024-05-26T15:52:02","modified_gmt":"2024-05-26T12:52:02","slug":"inva-alueet","status":"publish","type":"page","link":"https:\/\/www.suviseurat.fi/2024\/liikenne\/inva-alueet\/","title":{"rendered":"Inva-alueet"},"content":{"rendered":"<p><span style=\"font-weight: 400\">Inva-alue on varattu seuravieraille, joilla on liikkumisesteisen pys\u00e4k\u00f6intitunnus tai vammaisen pys\u00e4k\u00f6intilupa.\u00a0<\/span><\/p>\n<p><img loading=\"lazy\" decoding=\"async\" class=\"alignnone size-full wp-image-18128\" src=\"https:\/\/www.suviseurat.fi/2024\/wp-content\/uploads\/2023\/06\/inva.png\" alt=\"\" width=\"221\" height=\"234\" \/><\/p>\n<p><span style=\"font-weight: 400\"><strong>Inva-wc:t<\/strong> sijaitsevat vanhusten lepopaikan sek\u00e4 WC 1:n, WC 3:n, WC 4:n ja WC 5:n yhteydess\u00e4.<\/span><\/p>\n<p><span style=\"font-weight: 400\"><strong> Invasuihkuja<\/strong> on inva-alueen l\u00e4heisyydess\u00e4 olevien yleisten suihkujen yhteydess\u00e4. Saattajat ja omaiset k\u00e4ytt\u00e4v\u00e4t yleisi\u00e4 suihku- ja wc-palveluja.<\/span><\/p>\n<p>L\u00e4\u00e4kint\u00e4laitteiden ja apuv\u00e4lineiden latauspiste on vanhusten ja liikuntaesteisten lev\u00e4hdyspaikan yhteydess\u00e4.<\/p>\n<p><img loading=\"lazy\" decoding=\"async\" class=\"alignnone size-medium wp-image-18142\" src=\"https:\/\/www.suviseurat.fi/2024\/wp-content\/uploads\/2023\/06\/Inva-opaste-kyltissa-1024x686.jpg\" alt=\"\" width=\"1024\" height=\"686\" srcset=\"https:\/\/www.suviseurat.fi/2024\/wp-content\/uploads\/2023\/06\/Inva-opaste-kyltissa-1024x686.jpg 1024w, https:\/\/www.suviseurat.fi/2024\/wp-content\/uploads\/2023\/06\/Inva-opaste-kyltissa-768x514.jpg 768w, https:\/\/www.suviseurat.fi/2024\/wp-content\/uploads\/2023\/06\/Inva-opaste-kyltissa.jpg 1493w\" sizes=\"(max-width: 1024px) 100vw, 1024px\" \/><\/p>\n","protected":false},"excerpt":{"rendered":"<p>Inva-alue on varattu seuravieraille, joilla on liikkumisesteisen pys\u00e4k\u00f6intitunnus tai vammaisen pys\u00e4k\u00f6intilupa.\u00a0 Inva-wc:t sijaitsevat vanhusten lepopaikan<a class=\"moretag\" href=\"https:\/\/www.suviseurat.fi/2024\/liikenne\/inva-alueet\/\">Jatka lukemista ><\/a><\/p>\n","protected":false},"author":19,"featured_media":0,"parent":4199,"menu_order":5,"comment_status":"closed","ping_status":"closed","template":"","meta":{"_acf_changed":false,"footnotes":""},"class_list":["post-3262","page","type-page","status-publish","hentry"],"acf":[],"yoast_head":"<!-- This site is optimized with the Yoast SEO plugin v23.3 - https:\/\/yoast.com\/wordpress\/plugins\/seo\/ -->\n<title>Inva-alueet - SRK:n Suviseurat Pudasj\u00e4rvell\u00e4 2024<\/title>\n<meta name=\"description\" content=\"Inva-alue on varattu seuravieraille, joilla on liikkumisesteisen pys\u00e4k\u00f6intitunnus tai vammaisen pys\u00e4k\u00f6intilupa.\u00a0 Inva-wc:t sijaitsevat vanhusten\" \/>\n<meta name=\"robots\" content=\"index, follow, max-snippet:-1, max-image-preview:large, max-video-preview:-1\" \/>\n<link rel=\"canonical\" href=\"https:\/\/www.suviseurat.fi/2024\/liikenne\/inva-alueet\/\" \/>\n<meta property=\"og:locale\" content=\"fi_FI\" \/>\n<meta property=\"og:type\" content=\"article\" \/>\n<meta property=\"og:title\" content=\"Inva-alueet - SRK:n Suviseurat Pudasj\u00e4rvell\u00e4 2024\" \/>\n<meta property=\"og:description\" content=\"Inva-alue on varattu seuravieraille, joilla on liikkumisesteisen pys\u00e4k\u00f6intitunnus tai vammaisen pys\u00e4k\u00f6intilupa.\u00a0 Inva-wc:t sijaitsevat vanhusten\" \/>\n<meta property=\"og:url\" content=\"https:\/\/www.suviseurat.fi/2024\/liikenne\/inva-alueet\/\" \/>\n<meta property=\"og:site_name\" content=\"SRK:n Suviseurat Pudasj\u00e4rvell\u00e4 2024\" \/>\n<meta property=\"article:publisher\" content=\"https:\/\/www.facebook.com\/SRKryNyt\/\" \/>\n<meta property=\"article:modified_time\" content=\"2024-05-26T12:52:02+00:00\" \/>\n<meta property=\"og:image\" content=\"https:\/\/www.suviseurat.fi/2024\/wp-content\/uploads\/2023\/06\/inva.png\" \/>\n<meta name=\"twitter:card\" content=\"summary_large_image\" \/>\n<meta name=\"twitter:site\" content=\"@Suviseurat\" \/>\n<meta name=\"twitter:label1\" content=\"Arvioitu lukuaika\" \/>\n\t<meta name=\"twitter:data1\" content=\"1 minuutti\" \/>\n<script type=\"application\/ld+json\" class=\"yoast-schema-graph\">{\"@context\":\"https:\/\/schema.org\",\"@graph\":[{\"@type\":\"WebPage\",\"@id\":\"https:\/\/www.suviseurat.fi/2024\/liikenne\/inva-alueet\/\",\"url\":\"https:\/\/www.suviseurat.fi/2024\/liikenne\/inva-alueet\/\",\"name\":\"Inva-alueet - SRK:n Suviseurat Pudasj\u00e4rvell\u00e4 2024\",\"isPartOf\":{\"@id\":\"https:\/\/www.suviseurat.fi/2024\/#website\"},\"primaryImageOfPage\":{\"@id\":\"https:\/\/www.suviseurat.fi/2024\/liikenne\/inva-alueet\/#primaryimage\"},\"image\":{\"@id\":\"https:\/\/www.suviseurat.fi/2024\/liikenne\/inva-alueet\/#primaryimage\"},\"thumbnailUrl\":\"https:\/\/www.suviseurat.fi/2024\/wp-content\/uploads\/2023\/06\/inva.png\",\"datePublished\":\"2022-06-21T12:00:00+00:00\",\"dateModified\":\"2024-05-26T12:52:02+00:00\",\"description\":\"Inva-alue on varattu seuravieraille, joilla on liikkumisesteisen pys\u00e4k\u00f6intitunnus tai vammaisen pys\u00e4k\u00f6intilupa.\u00a0 Inva-wc:t sijaitsevat vanhusten\",\"breadcrumb\":{\"@id\":\"https:\/\/www.suviseurat.fi/2024\/liikenne\/inva-alueet\/#breadcrumb\"},\"inLanguage\":\"fi\",\"potentialAction\":[{\"@type\":\"ReadAction\",\"target\":[\"https:\/\/www.suviseurat.fi/2024\/liikenne\/inva-alueet\/\"]}]},{\"@type\":\"ImageObject\",\"inLanguage\":\"fi\",\"@id\":\"https:\/\/www.suviseurat.fi/2024\/liikenne\/inva-alueet\/#primaryimage\",\"url\":\"https:\/\/www.suviseurat.fi/2024\/wp-content\/uploads\/2023\/06\/inva.png\",\"contentUrl\":\"https:\/\/www.suviseurat.fi/2024\/wp-content\/uploads\/2023\/06\/inva.png\",\"width\":221,\"height\":234},{\"@type\":\"BreadcrumbList\",\"@id\":\"https:\/\/www.suviseurat.fi/2024\/liikenne\/inva-alueet\/#breadcrumb\",\"itemListElement\":[{\"@type\":\"ListItem\",\"position\":1,\"name\":\"Etusivu\",\"item\":\"https:\/\/www.suviseurat.fi/2024\/\"},{\"@type\":\"ListItem\",\"position\":2,\"name\":\"Liikenne\",\"item\":\"https:\/\/www.suviseurat.fi/2024\/liikenne\/\"},{\"@type\":\"ListItem\",\"position\":3,\"name\":\"Inva-alueet\"}]},{\"@type\":\"WebSite\",\"@id\":\"https:\/\/www.suviseurat.fi/2024\/#website\",\"url\":\"https:\/\/www.suviseurat.fi/2024\/\",\"name\":\"SRK:n Suviseurat Pudasj\u00e4rvell\u00e4 2024\",\"description\":\"Olenko min\u00e4 sinulle rakas?\",\"publisher\":{\"@id\":\"https:\/\/www.suviseurat.fi/2024\/#organization\"},\"potentialAction\":[{\"@type\":\"SearchAction\",\"target\":{\"@type\":\"EntryPoint\",\"urlTemplate\":\"https:\/\/www.suviseurat.fi/2024\/?s={search_term_string}\"},\"query-input\":\"required name=search_term_string\"}],\"inLanguage\":\"fi\"},{\"@type\":\"Organization\",\"@id\":\"https:\/\/www.suviseurat.fi/2024\/#organization\",\"name\":\"Suviseurat\",\"url\":\"https:\/\/www.suviseurat.fi/2024\/\",\"logo\":{\"@type\":\"ImageObject\",\"inLanguage\":\"fi\",\"@id\":\"https:\/\/www.suviseurat.fi/2024\/#\/schema\/logo\/image\/\",\"url\":\"https:\/\/www.suviseurat.fi/2024\/wp-content\/uploads\/2023\/10\/tunnus-nelio.jpg\",\"contentUrl\":\"https:\/\/www.suviseurat.fi/2024\/wp-content\/uploads\/2023\/10\/tunnus-nelio.jpg\",\"width\":1000,\"height\":1000,\"caption\":\"Suviseurat\"},\"image\":{\"@id\":\"https:\/\/www.suviseurat.fi/2024\/#\/schema\/logo\/image\/\"},\"sameAs\":[\"https:\/\/www.facebook.com\/SRKryNyt\/\",\"https:\/\/x.com\/Suviseurat\",\"https:\/\/www.facebook.com\/srksuviseurat\/\",\"https:\/\/www.youtube.com\/@SRKnyt\",\"https:\/\/www.instagram.com\/srk_nyt\/\",\"https:\/\/www.flickr.com\/photos\/suviseurat\"]}]}<\/script>\n<!-- \/ Yoast SEO plugin. -->","yoast_head_json":{"title":"Inva-alueet - SRK:n Suviseurat Pudasj\u00e4rvell\u00e4 2024","description":"Inva-alue on varattu seuravieraille, joilla on liikkumisesteisen pys\u00e4k\u00f6intitunnus tai vammaisen pys\u00e4k\u00f6intilupa.\u00a0 Inva-wc:t sijaitsevat vanhusten","robots":{"index":"index","follow":"follow","max-snippet":"max-snippet:-1","max-image-preview":"max-image-preview:large","max-video-preview":"max-video-preview:-1"},"canonical":"https:\/\/www.suviseurat.fi/2024\/liikenne\/inva-alueet\/","og_locale":"fi_FI","og_type":"article","og_title":"Inva-alueet - SRK:n Suviseurat Pudasj\u00e4rvell\u00e4 2024","og_description":"Inva-alue on varattu seuravieraille, joilla on liikkumisesteisen pys\u00e4k\u00f6intitunnus tai vammaisen pys\u00e4k\u00f6intilupa.\u00a0 Inva-wc:t sijaitsevat vanhusten","og_url":"https:\/\/www.suviseurat.fi/2024\/liikenne\/inva-alueet\/","og_site_name":"SRK:n Suviseurat Pudasj\u00e4rvell\u00e4 2024","article_publisher":"https:\/\/www.facebook.com\/SRKryNyt\/","article_modified_time":"2024-05-26T12:52:02+00:00","og_image":[{"url":"https:\/\/www.suviseurat.fi/2024\/wp-content\/uploads\/2023\/06\/inva.png"}],"twitter_card":"summary_large_image","twitter_site":"@Suviseurat","twitter_misc":{"Arvioitu lukuaika":"1 minuutti"},"schema":{"@context":"https:\/\/schema.org","@graph":[{"@type":"WebPage","@id":"https:\/\/www.suviseurat.fi/2024\/liikenne\/inva-alueet\/","url":"https:\/\/www.suviseurat.fi/2024\/liikenne\/inva-alueet\/","name":"Inva-alueet - SRK:n Suviseurat Pudasj\u00e4rvell\u00e4 2024","isPartOf":{"@id":"https:\/\/www.suviseurat.fi/2024\/#website"},"primaryImageOfPage":{"@id":"https:\/\/www.suviseurat.fi/2024\/liikenne\/inva-alueet\/#primaryimage"},"image":{"@id":"https:\/\/www.suviseurat.fi/2024\/liikenne\/inva-alueet\/#primaryimage"},"thumbnailUrl":"https:\/\/www.suviseurat.fi/2024\/wp-content\/uploads\/2023\/06\/inva.png","datePublished":"2022-06-21T12:00:00+00:00","dateModified":"2024-05-26T12:52:02+00:00","description":"Inva-alue on varattu seuravieraille, joilla on liikkumisesteisen pys\u00e4k\u00f6intitunnus tai vammaisen pys\u00e4k\u00f6intilupa.\u00a0 Inva-wc:t sijaitsevat vanhusten","breadcrumb":{"@id":"https:\/\/www.suviseurat.fi/2024\/liikenne\/inva-alueet\/#breadcrumb"},"inLanguage":"fi","potentialAction":[{"@type":"ReadAction","target":["https:\/\/www.suviseurat.fi/2024\/liikenne\/inva-alueet\/"]}]},{"@type":"ImageObject","inLanguage":"fi","@id":"https:\/\/www.suviseurat.fi/2024\/liikenne\/inva-alueet\/#primaryimage","url":"https:\/\/www.suviseurat.fi/2024\/wp-content\/uploads\/2023\/06\/inva.png","contentUrl":"https:\/\/www.suviseurat.fi/2024\/wp-content\/uploads\/2023\/06\/inva.png","width":221,"height":234},{"@type":"BreadcrumbList","@id":"https:\/\/www.suviseurat.fi/2024\/liikenne\/inva-alueet\/#breadcrumb","itemListElement":[{"@type":"ListItem","position":1,"name":"Etusivu","item":"https:\/\/www.suviseurat.fi/2024\/"},{"@type":"ListItem","position":2,"name":"Liikenne","item":"https:\/\/www.suviseurat.fi/2024\/liikenne\/"},{"@type":"ListItem","position":3,"name":"Inva-alueet"}]},{"@type":"WebSite","@id":"https:\/\/www.suviseurat.fi/2024\/#website","url":"https:\/\/www.suviseurat.fi/2024\/","name":"SRK:n Suviseurat Pudasj\u00e4rvell\u00e4 2024","description":"Olenko min\u00e4 sinulle rakas?","publisher":{"@id":"https:\/\/www.suviseurat.fi/2024\/#organization"},"potentialAction":[{"@type":"SearchAction","target":{"@type":"EntryPoint","urlTemplate":"https:\/\/www.suviseurat.fi/2024\/?s={search_term_string}"},"query-input":"required name=search_term_string"}],"inLanguage":"fi"},{"@type":"Organization","@id":"https:\/\/www.suviseurat.fi/2024\/#organization","name":"Suviseurat","url":"https:\/\/www.suviseurat.fi/2024\/","logo":{"@type":"ImageObject","inLanguage":"fi","@id":"https:\/\/www.suviseurat.fi/2024\/#\/schema\/logo\/image\/","url":"https:\/\/www.suviseurat.fi/2024\/wp-content\/uploads\/2023\/10\/tunnus-nelio.jpg","contentUrl":"https:\/\/www.suviseurat.fi/2024\/wp-content\/uploads\/2023\/10\/tunnus-nelio.jpg","width":1000,"height":1000,"caption":"Suviseurat"},"image":{"@id":"https:\/\/www.suviseurat.fi/2024\/#\/schema\/logo\/image\/"},"sameAs":["https:\/\/www.facebook.com\/SRKryNyt\/","https:\/\/x.com\/Suviseurat","https:\/\/www.facebook.com\/srksuviseurat\/","https:\/\/www.youtube.com\/@SRKnyt","https:\/\/www.instagram.com\/srk_nyt\/","https:\/\/www.flickr.com\/photos\/suviseurat"]}]}},"_links":{"self":[{"href":"https:\/\/www.suviseurat.fi/2024\/wp-json\/wp\/v2\/pages\/3262"}],"collection":[{"href":"https:\/\/www.suviseurat.fi/2024\/wp-json\/wp\/v2\/pages"}],"about":[{"href":"https:\/\/www.suviseurat.fi/2024\/wp-json\/wp\/v2\/types\/page"}],"author":[{"embeddable":true,"href":"https:\/\/www.suviseurat.fi/2024\/wp-json\/wp\/v2\/users\/19"}],"replies":[{"embeddable":true,"href":"https:\/\/www.suviseurat.fi/2024\/wp-json\/wp\/v2\/comments?post=3262"}],"version-history":[{"count":18,"href":"https:\/\/www.suviseurat.fi/2024\/wp-json\/wp\/v2\/pages\/3262\/revisions"}],"predecessor-version":[{"id":19847,"href":"https:\/\/www.suviseurat.fi/2024\/wp-json\/wp\/v2\/pages\/3262\/revisions\/19847"}],"up":[{"embeddable":true,"href":"https:\/\/www.suviseurat.fi/2024\/wp-json\/wp\/v2\/pages\/4199"}],"wp:attachment":[{"href":"https:\/\/www.suviseurat.fi/2024\/wp-json\/wp\/v2\/media?parent=3262"}],"curies":[{"name":"wp","href":"https:\/\/api.w.org\/{rel}","templated":true}]}}