{"id":3270,"date":"2024-05-14T15:31:07","date_gmt":"2024-05-14T12:31:07","guid":{"rendered":"https:\/\/www.suviseurat.fi/2024\/?page_id=3270"},"modified":"2024-05-14T15:31:07","modified_gmt":"2024-05-14T12:31:07","slug":"kolehti","status":"publish","type":"page","link":"https:\/\/www.suviseurat.fi/2024\/ohjeet\/kolehti\/","title":{"rendered":"Kolehti"},"content":{"rendered":"<h2>Kolehti<\/h2>\n<p><span style=\"font-weight: 400\">Kolehti ker\u00e4t\u00e4\u00e4n seurateltassa kolehtisymbolilla merkittyjen virsien aikana. Lis\u00e4ksi keskuskent\u00e4ll\u00e4 kiert\u00e4\u00e4 jatkuva kolehti. Lahjoituksen voi tehd\u00e4 my\u00f6s kentt\u00e4maksupisteen kolehtipisteess\u00e4, jossa maksun voi suorittaa my\u00f6s pankki- tai luottokortilla.<\/span><\/p>\n<h2>MobilePay-kolehti<\/h2>\n<p><span style=\"font-weight: 400\">Lataa MobilePay puhelimesi sovelluskaupasta (Google Play tai Apple app -store). Maksa MobilePay-sovelluksella vapaavalintainen summa lyhytvalintanumeroon <strong><a href=\"https:\/\/mobilepay.fi\/Yrityksille\/Maksulinkki\/maksulinkki-vastaus?phone=10306\" target=\"_blank\" rel=\"noopener\">10306<\/a><\/strong><\/span><span style=\"font-weight: 400\">.<\/span><\/p>\n<h2>Rahanker\u00e4yslupa<\/h2>\n<p>Luvan saaja ja ker\u00e4yksen j\u00e4rjest\u00e4j\u00e4: Kuusamon Rauhanyhdistys ry<br \/>\nLuvan my\u00f6nt\u00e4j\u00e4: Poliisihallitus<br \/>\nLuvan my\u00f6nt\u00e4misjankohta ja nro: 18.2.2021, RA\/2021\/179<br \/>\nKer\u00e4ystili: FI24 5194 0720 2165 50<\/p>\n<p>Ker\u00e4tt\u00e4v\u00e4t varat k\u00e4ytet\u00e4\u00e4n Pudasj\u00e4rven Suviseurojen valmisteluista ja<br \/>\nj\u00e4rjestelyist\u00e4 aiheutuvien kulujen kattamiseen.<\/p>\n<p>Lupa on voimassa koko Suomessa.<\/p>\n","protected":false},"excerpt":{"rendered":"<p>Kolehti Kolehti ker\u00e4t\u00e4\u00e4n seurateltassa kolehtisymbolilla merkittyjen virsien aikana. Lis\u00e4ksi keskuskent\u00e4ll\u00e4 kiert\u00e4\u00e4 jatkuva kolehti. Lahjoituksen voi<a class=\"moretag\" href=\"https:\/\/www.suviseurat.fi/2024\/ohjeet\/kolehti\/\">Jatka lukemista ><\/a><\/p>\n","protected":false},"author":19,"featured_media":0,"parent":738,"menu_order":3,"comment_status":"closed","ping_status":"closed","template":"","meta":{"_acf_changed":false,"footnotes":""},"class_list":["post-3270","page","type-page","status-publish","hentry"],"acf":[],"yoast_head":"<!-- This site is optimized with the Yoast SEO plugin v23.3 - https:\/\/yoast.com\/wordpress\/plugins\/seo\/ -->\n<title>Kolehti - SRK:n Suviseurat Pudasj\u00e4rvell\u00e4 2024<\/title>\n<meta name=\"description\" content=\"Kolehti Kolehti ker\u00e4t\u00e4\u00e4n seurateltassa kolehtisymbolilla merkittyjen virsien aikana. Lis\u00e4ksi keskuskent\u00e4ll\u00e4 kiert\u00e4\u00e4 jatkuva kolehti. Lahjoituksen voi\" \/>\n<meta name=\"robots\" content=\"index, follow, max-snippet:-1, max-image-preview:large, max-video-preview:-1\" \/>\n<link rel=\"canonical\" href=\"https:\/\/www.suviseurat.fi/2024\/ohjeet\/kolehti\/\" \/>\n<meta property=\"og:locale\" content=\"fi_FI\" \/>\n<meta property=\"og:type\" content=\"article\" \/>\n<meta property=\"og:title\" content=\"Kolehti - SRK:n Suviseurat Pudasj\u00e4rvell\u00e4 2024\" \/>\n<meta property=\"og:description\" content=\"Kolehti Kolehti ker\u00e4t\u00e4\u00e4n seurateltassa kolehtisymbolilla merkittyjen virsien aikana. Lis\u00e4ksi keskuskent\u00e4ll\u00e4 kiert\u00e4\u00e4 jatkuva kolehti. Lahjoituksen voi\" \/>\n<meta property=\"og:url\" content=\"https:\/\/www.suviseurat.fi/2024\/ohjeet\/kolehti\/\" \/>\n<meta property=\"og:site_name\" content=\"SRK:n Suviseurat Pudasj\u00e4rvell\u00e4 2024\" \/>\n<meta property=\"article:publisher\" content=\"https:\/\/www.facebook.com\/SRKryNyt\/\" \/>\n<meta name=\"twitter:card\" content=\"summary_large_image\" \/>\n<meta name=\"twitter:site\" content=\"@Suviseurat\" \/>\n<meta name=\"twitter:label1\" content=\"Arvioitu lukuaika\" \/>\n\t<meta name=\"twitter:data1\" content=\"1 minuutti\" \/>\n<script type=\"application\/ld+json\" class=\"yoast-schema-graph\">{\"@context\":\"https:\/\/schema.org\",\"@graph\":[{\"@type\":\"WebPage\",\"@id\":\"https:\/\/www.suviseurat.fi/2024\/ohjeet\/kolehti\/\",\"url\":\"https:\/\/www.suviseurat.fi/2024\/ohjeet\/kolehti\/\",\"name\":\"Kolehti - SRK:n Suviseurat Pudasj\u00e4rvell\u00e4 2024\",\"isPartOf\":{\"@id\":\"https:\/\/www.suviseurat.fi/2024\/#website\"},\"datePublished\":\"2024-05-14T12:31:07+00:00\",\"dateModified\":\"2024-05-14T12:31:07+00:00\",\"description\":\"Kolehti Kolehti ker\u00e4t\u00e4\u00e4n seurateltassa kolehtisymbolilla merkittyjen virsien aikana. Lis\u00e4ksi keskuskent\u00e4ll\u00e4 kiert\u00e4\u00e4 jatkuva kolehti. Lahjoituksen voi\",\"breadcrumb\":{\"@id\":\"https:\/\/www.suviseurat.fi/2024\/ohjeet\/kolehti\/#breadcrumb\"},\"inLanguage\":\"fi\",\"potentialAction\":[{\"@type\":\"ReadAction\",\"target\":[\"https:\/\/www.suviseurat.fi/2024\/ohjeet\/kolehti\/\"]}]},{\"@type\":\"BreadcrumbList\",\"@id\":\"https:\/\/www.suviseurat.fi/2024\/ohjeet\/kolehti\/#breadcrumb\",\"itemListElement\":[{\"@type\":\"ListItem\",\"position\":1,\"name\":\"Etusivu\",\"item\":\"https:\/\/www.suviseurat.fi/2024\/\"},{\"@type\":\"ListItem\",\"position\":2,\"name\":\"Ohjeet\",\"item\":\"https:\/\/www.suviseurat.fi/2024\/ohjeet\/\"},{\"@type\":\"ListItem\",\"position\":3,\"name\":\"Kolehti\"}]},{\"@type\":\"WebSite\",\"@id\":\"https:\/\/www.suviseurat.fi/2024\/#website\",\"url\":\"https:\/\/www.suviseurat.fi/2024\/\",\"name\":\"SRK:n Suviseurat Pudasj\u00e4rvell\u00e4 2024\",\"description\":\"Olenko min\u00e4 sinulle rakas?\",\"publisher\":{\"@id\":\"https:\/\/www.suviseurat.fi/2024\/#organization\"},\"potentialAction\":[{\"@type\":\"SearchAction\",\"target\":{\"@type\":\"EntryPoint\",\"urlTemplate\":\"https:\/\/www.suviseurat.fi/2024\/?s={search_term_string}\"},\"query-input\":\"required name=search_term_string\"}],\"inLanguage\":\"fi\"},{\"@type\":\"Organization\",\"@id\":\"https:\/\/www.suviseurat.fi/2024\/#organization\",\"name\":\"Suviseurat\",\"url\":\"https:\/\/www.suviseurat.fi/2024\/\",\"logo\":{\"@type\":\"ImageObject\",\"inLanguage\":\"fi\",\"@id\":\"https:\/\/www.suviseurat.fi/2024\/#\/schema\/logo\/image\/\",\"url\":\"https:\/\/www.suviseurat.fi/2024\/wp-content\/uploads\/2023\/10\/tunnus-nelio.jpg\",\"contentUrl\":\"https:\/\/www.suviseurat.fi/2024\/wp-content\/uploads\/2023\/10\/tunnus-nelio.jpg\",\"width\":1000,\"height\":1000,\"caption\":\"Suviseurat\"},\"image\":{\"@id\":\"https:\/\/www.suviseurat.fi/2024\/#\/schema\/logo\/image\/\"},\"sameAs\":[\"https:\/\/www.facebook.com\/SRKryNyt\/\",\"https:\/\/x.com\/Suviseurat\",\"https:\/\/www.facebook.com\/srksuviseurat\/\",\"https:\/\/www.youtube.com\/@SRKnyt\",\"https:\/\/www.instagram.com\/srk_nyt\/\",\"https:\/\/www.flickr.com\/photos\/suviseurat\"]}]}<\/script>\n<!-- \/ Yoast SEO plugin. -->","yoast_head_json":{"title":"Kolehti - SRK:n Suviseurat Pudasj\u00e4rvell\u00e4 2024","description":"Kolehti Kolehti ker\u00e4t\u00e4\u00e4n seurateltassa kolehtisymbolilla merkittyjen virsien aikana. Lis\u00e4ksi keskuskent\u00e4ll\u00e4 kiert\u00e4\u00e4 jatkuva kolehti. Lahjoituksen voi","robots":{"index":"index","follow":"follow","max-snippet":"max-snippet:-1","max-image-preview":"max-image-preview:large","max-video-preview":"max-video-preview:-1"},"canonical":"https:\/\/www.suviseurat.fi/2024\/ohjeet\/kolehti\/","og_locale":"fi_FI","og_type":"article","og_title":"Kolehti - SRK:n Suviseurat Pudasj\u00e4rvell\u00e4 2024","og_description":"Kolehti Kolehti ker\u00e4t\u00e4\u00e4n seurateltassa kolehtisymbolilla merkittyjen virsien aikana. Lis\u00e4ksi keskuskent\u00e4ll\u00e4 kiert\u00e4\u00e4 jatkuva kolehti. Lahjoituksen voi","og_url":"https:\/\/www.suviseurat.fi/2024\/ohjeet\/kolehti\/","og_site_name":"SRK:n Suviseurat Pudasj\u00e4rvell\u00e4 2024","article_publisher":"https:\/\/www.facebook.com\/SRKryNyt\/","twitter_card":"summary_large_image","twitter_site":"@Suviseurat","twitter_misc":{"Arvioitu lukuaika":"1 minuutti"},"schema":{"@context":"https:\/\/schema.org","@graph":[{"@type":"WebPage","@id":"https:\/\/www.suviseurat.fi/2024\/ohjeet\/kolehti\/","url":"https:\/\/www.suviseurat.fi/2024\/ohjeet\/kolehti\/","name":"Kolehti - SRK:n Suviseurat Pudasj\u00e4rvell\u00e4 2024","isPartOf":{"@id":"https:\/\/www.suviseurat.fi/2024\/#website"},"datePublished":"2024-05-14T12:31:07+00:00","dateModified":"2024-05-14T12:31:07+00:00","description":"Kolehti Kolehti ker\u00e4t\u00e4\u00e4n seurateltassa kolehtisymbolilla merkittyjen virsien aikana. Lis\u00e4ksi keskuskent\u00e4ll\u00e4 kiert\u00e4\u00e4 jatkuva kolehti. Lahjoituksen voi","breadcrumb":{"@id":"https:\/\/www.suviseurat.fi/2024\/ohjeet\/kolehti\/#breadcrumb"},"inLanguage":"fi","potentialAction":[{"@type":"ReadAction","target":["https:\/\/www.suviseurat.fi/2024\/ohjeet\/kolehti\/"]}]},{"@type":"BreadcrumbList","@id":"https:\/\/www.suviseurat.fi/2024\/ohjeet\/kolehti\/#breadcrumb","itemListElement":[{"@type":"ListItem","position":1,"name":"Etusivu","item":"https:\/\/www.suviseurat.fi/2024\/"},{"@type":"ListItem","position":2,"name":"Ohjeet","item":"https:\/\/www.suviseurat.fi/2024\/ohjeet\/"},{"@type":"ListItem","position":3,"name":"Kolehti"}]},{"@type":"WebSite","@id":"https:\/\/www.suviseurat.fi/2024\/#website","url":"https:\/\/www.suviseurat.fi/2024\/","name":"SRK:n Suviseurat Pudasj\u00e4rvell\u00e4 2024","description":"Olenko min\u00e4 sinulle rakas?","publisher":{"@id":"https:\/\/www.suviseurat.fi/2024\/#organization"},"potentialAction":[{"@type":"SearchAction","target":{"@type":"EntryPoint","urlTemplate":"https:\/\/www.suviseurat.fi/2024\/?s={search_term_string}"},"query-input":"required name=search_term_string"}],"inLanguage":"fi"},{"@type":"Organization","@id":"https:\/\/www.suviseurat.fi/2024\/#organization","name":"Suviseurat","url":"https:\/\/www.suviseurat.fi/2024\/","logo":{"@type":"ImageObject","inLanguage":"fi","@id":"https:\/\/www.suviseurat.fi/2024\/#\/schema\/logo\/image\/","url":"https:\/\/www.suviseurat.fi/2024\/wp-content\/uploads\/2023\/10\/tunnus-nelio.jpg","contentUrl":"https:\/\/www.suviseurat.fi/2024\/wp-content\/uploads\/2023\/10\/tunnus-nelio.jpg","width":1000,"height":1000,"caption":"Suviseurat"},"image":{"@id":"https:\/\/www.suviseurat.fi/2024\/#\/schema\/logo\/image\/"},"sameAs":["https:\/\/www.facebook.com\/SRKryNyt\/","https:\/\/x.com\/Suviseurat","https:\/\/www.facebook.com\/srksuviseurat\/","https:\/\/www.youtube.com\/@SRKnyt","https:\/\/www.instagram.com\/srk_nyt\/","https:\/\/www.flickr.com\/photos\/suviseurat"]}]}},"_links":{"self":[{"href":"https:\/\/www.suviseurat.fi/2024\/wp-json\/wp\/v2\/pages\/3270"}],"collection":[{"href":"https:\/\/www.suviseurat.fi/2024\/wp-json\/wp\/v2\/pages"}],"about":[{"href":"https:\/\/www.suviseurat.fi/2024\/wp-json\/wp\/v2\/types\/page"}],"author":[{"embeddable":true,"href":"https:\/\/www.suviseurat.fi/2024\/wp-json\/wp\/v2\/users\/19"}],"replies":[{"embeddable":true,"href":"https:\/\/www.suviseurat.fi/2024\/wp-json\/wp\/v2\/comments?post=3270"}],"version-history":[{"count":7,"href":"https:\/\/www.suviseurat.fi/2024\/wp-json\/wp\/v2\/pages\/3270\/revisions"}],"predecessor-version":[{"id":19610,"href":"https:\/\/www.suviseurat.fi/2024\/wp-json\/wp\/v2\/pages\/3270\/revisions\/19610"}],"up":[{"embeddable":true,"href":"https:\/\/www.suviseurat.fi/2024\/wp-json\/wp\/v2\/pages\/738"}],"wp:attachment":[{"href":"https:\/\/www.suviseurat.fi/2024\/wp-json\/wp\/v2\/media?parent=3270"}],"curies":[{"name":"wp","href":"https:\/\/api.w.org\/{rel}","templated":true}]}}