{"id":3277,"date":"2024-05-14T15:31:48","date_gmt":"2024-05-14T12:31:48","guid":{"rendered":"https:\/\/www.suviseurat.fi/2024\/?page_id=3277"},"modified":"2024-05-14T15:31:49","modified_gmt":"2024-05-14T12:31:49","slug":"maksaminen","status":"publish","type":"page","link":"https:\/\/www.suviseurat.fi/2024\/ohjeet\/maksaminen\/","title":{"rendered":"Maksaminen"},"content":{"rendered":"<h2>Maksaminen<\/h2>\n<p><span style=\"font-weight: 400\">Suviseuroissa voi maksaa k\u00e4teisell\u00e4 ja yleisimmill\u00e4 maksukorteilla. Suositeltavia maksutapoja ovat pankkikortti ja l\u00e4himaksu. Kannattaa varautua siihen, ett\u00e4 mobiilimaksaminen ei v\u00e4ltt\u00e4m\u00e4tt\u00e4 toimi mobiiliverkkojen ruuhkautumisen vuoksi. <\/span><\/p>\n<p><span style=\"font-weight: 400\">Suurin kassoilla k\u00e4ytett\u00e4v\u00e4 seteli on 50 \u20ac. K\u00e4teist\u00e4 voi nostaa k\u00e4teisnostoautomaatista.<\/span><\/p>\n<h2>Ohje MobilePay-maksuun<\/h2>\n<p><span style=\"font-weight: 400\">MobilePay:lla voi maksaa kentt\u00e4maksun ja p\u00e4iv\u00e4pys\u00e4k\u00f6innin numeroon <a href=\"https:\/\/mobilepay.fi\/Yrityksille\/Maksulinkki\/maksulinkki-vastaus?phone=10307\" target=\"_blank\" rel=\"noopener\">10307<\/a>. Sy\u00f6t\u00e4 ensin kentt\u00e4maksutuotteen hinta: Majoitustontti 90 \u20ac, Ajoneuvo + teltta 50 \u20ac, Teltta 30\u20ac, Riippumatto 10 \u20ac, P\u00e4iv\u00e4pys\u00e4k\u00f6inti 5 \u20ac ja sen j\u00e4lkeen suorita maksu numeroon <a href=\"https:\/\/mobilepay.fi\/Yrityksille\/Maksulinkki\/maksulinkki-vastaus?phone=10307\" target=\"_blank\" rel=\"noopener\">10307<\/a> tai Suviseurojen verkkokaupassa <\/span><a href=\"https:\/\/kenttamaksu.suviseurat.fi\/\"><span style=\"font-weight: 400\">https:\/\/kenttamaksu.suviseurat.fi\/<\/span><\/a><span style=\"font-weight: 400\">. <\/span><\/p>\n<p><span style=\"font-weight: 400\">MobilePay:lla voi maksaa kolehdin numeroon <a href=\"https:\/\/mobilepay.fi\/Yrityksille\/Maksulinkki\/maksulinkki-vastaus?phone=10306\" target=\"_blank\" rel=\"noopener\">10306<\/a>.<\/span><\/p>\n","protected":false},"excerpt":{"rendered":"<p>Maksaminen Suviseuroissa voi maksaa k\u00e4teisell\u00e4 ja yleisimmill\u00e4 maksukorteilla. Suositeltavia maksutapoja ovat pankkikortti ja l\u00e4himaksu. Kannattaa<a class=\"moretag\" href=\"https:\/\/www.suviseurat.fi/2024\/ohjeet\/maksaminen\/\">Jatka lukemista ><\/a><\/p>\n","protected":false},"author":19,"featured_media":0,"parent":738,"menu_order":4,"comment_status":"closed","ping_status":"closed","template":"","meta":{"_acf_changed":false,"footnotes":""},"class_list":["post-3277","page","type-page","status-publish","hentry"],"acf":[],"yoast_head":"<!-- This site is optimized with the Yoast SEO plugin v23.3 - https:\/\/yoast.com\/wordpress\/plugins\/seo\/ -->\n<title>Maksaminen - SRK:n Suviseurat Pudasj\u00e4rvell\u00e4 2024<\/title>\n<meta name=\"description\" content=\"Maksaminen Suviseuroissa voi maksaa k\u00e4teisell\u00e4 ja yleisimmill\u00e4 maksukorteilla. Suositeltavia maksutapoja ovat pankkikortti ja l\u00e4himaksu. Kannattaa\" \/>\n<meta name=\"robots\" content=\"index, follow, max-snippet:-1, max-image-preview:large, max-video-preview:-1\" \/>\n<link rel=\"canonical\" href=\"https:\/\/www.suviseurat.fi/2024\/ohjeet\/maksaminen\/\" \/>\n<meta property=\"og:locale\" content=\"fi_FI\" \/>\n<meta property=\"og:type\" content=\"article\" \/>\n<meta property=\"og:title\" content=\"Maksaminen - SRK:n Suviseurat Pudasj\u00e4rvell\u00e4 2024\" \/>\n<meta property=\"og:description\" content=\"Maksaminen Suviseuroissa voi maksaa k\u00e4teisell\u00e4 ja yleisimmill\u00e4 maksukorteilla. Suositeltavia maksutapoja ovat pankkikortti ja l\u00e4himaksu. Kannattaa\" \/>\n<meta property=\"og:url\" content=\"https:\/\/www.suviseurat.fi/2024\/ohjeet\/maksaminen\/\" \/>\n<meta property=\"og:site_name\" content=\"SRK:n Suviseurat Pudasj\u00e4rvell\u00e4 2024\" \/>\n<meta property=\"article:publisher\" content=\"https:\/\/www.facebook.com\/SRKryNyt\/\" \/>\n<meta property=\"article:modified_time\" content=\"2024-05-14T12:31:49+00:00\" \/>\n<meta name=\"twitter:card\" content=\"summary_large_image\" \/>\n<meta name=\"twitter:site\" content=\"@Suviseurat\" \/>\n<meta name=\"twitter:label1\" content=\"Arvioitu lukuaika\" \/>\n\t<meta name=\"twitter:data1\" content=\"1 minuutti\" \/>\n<script type=\"application\/ld+json\" class=\"yoast-schema-graph\">{\"@context\":\"https:\/\/schema.org\",\"@graph\":[{\"@type\":\"WebPage\",\"@id\":\"https:\/\/www.suviseurat.fi/2024\/ohjeet\/maksaminen\/\",\"url\":\"https:\/\/www.suviseurat.fi/2024\/ohjeet\/maksaminen\/\",\"name\":\"Maksaminen - SRK:n Suviseurat Pudasj\u00e4rvell\u00e4 2024\",\"isPartOf\":{\"@id\":\"https:\/\/www.suviseurat.fi/2024\/#website\"},\"datePublished\":\"2024-05-14T12:31:48+00:00\",\"dateModified\":\"2024-05-14T12:31:49+00:00\",\"description\":\"Maksaminen Suviseuroissa voi maksaa k\u00e4teisell\u00e4 ja yleisimmill\u00e4 maksukorteilla. Suositeltavia maksutapoja ovat pankkikortti ja l\u00e4himaksu. Kannattaa\",\"breadcrumb\":{\"@id\":\"https:\/\/www.suviseurat.fi/2024\/ohjeet\/maksaminen\/#breadcrumb\"},\"inLanguage\":\"fi\",\"potentialAction\":[{\"@type\":\"ReadAction\",\"target\":[\"https:\/\/www.suviseurat.fi/2024\/ohjeet\/maksaminen\/\"]}]},{\"@type\":\"BreadcrumbList\",\"@id\":\"https:\/\/www.suviseurat.fi/2024\/ohjeet\/maksaminen\/#breadcrumb\",\"itemListElement\":[{\"@type\":\"ListItem\",\"position\":1,\"name\":\"Etusivu\",\"item\":\"https:\/\/www.suviseurat.fi/2024\/\"},{\"@type\":\"ListItem\",\"position\":2,\"name\":\"Ohjeet\",\"item\":\"https:\/\/www.suviseurat.fi/2024\/ohjeet\/\"},{\"@type\":\"ListItem\",\"position\":3,\"name\":\"Maksaminen\"}]},{\"@type\":\"WebSite\",\"@id\":\"https:\/\/www.suviseurat.fi/2024\/#website\",\"url\":\"https:\/\/www.suviseurat.fi/2024\/\",\"name\":\"SRK:n Suviseurat Pudasj\u00e4rvell\u00e4 2024\",\"description\":\"Olenko min\u00e4 sinulle rakas?\",\"publisher\":{\"@id\":\"https:\/\/www.suviseurat.fi/2024\/#organization\"},\"potentialAction\":[{\"@type\":\"SearchAction\",\"target\":{\"@type\":\"EntryPoint\",\"urlTemplate\":\"https:\/\/www.suviseurat.fi/2024\/?s={search_term_string}\"},\"query-input\":\"required name=search_term_string\"}],\"inLanguage\":\"fi\"},{\"@type\":\"Organization\",\"@id\":\"https:\/\/www.suviseurat.fi/2024\/#organization\",\"name\":\"Suviseurat\",\"url\":\"https:\/\/www.suviseurat.fi/2024\/\",\"logo\":{\"@type\":\"ImageObject\",\"inLanguage\":\"fi\",\"@id\":\"https:\/\/www.suviseurat.fi/2024\/#\/schema\/logo\/image\/\",\"url\":\"https:\/\/www.suviseurat.fi/2024\/wp-content\/uploads\/2023\/10\/tunnus-nelio.jpg\",\"contentUrl\":\"https:\/\/www.suviseurat.fi/2024\/wp-content\/uploads\/2023\/10\/tunnus-nelio.jpg\",\"width\":1000,\"height\":1000,\"caption\":\"Suviseurat\"},\"image\":{\"@id\":\"https:\/\/www.suviseurat.fi/2024\/#\/schema\/logo\/image\/\"},\"sameAs\":[\"https:\/\/www.facebook.com\/SRKryNyt\/\",\"https:\/\/x.com\/Suviseurat\",\"https:\/\/www.facebook.com\/srksuviseurat\/\",\"https:\/\/www.youtube.com\/@SRKnyt\",\"https:\/\/www.instagram.com\/srk_nyt\/\",\"https:\/\/www.flickr.com\/photos\/suviseurat\"]}]}<\/script>\n<!-- \/ Yoast SEO plugin. -->","yoast_head_json":{"title":"Maksaminen - SRK:n Suviseurat Pudasj\u00e4rvell\u00e4 2024","description":"Maksaminen Suviseuroissa voi maksaa k\u00e4teisell\u00e4 ja yleisimmill\u00e4 maksukorteilla. Suositeltavia maksutapoja ovat pankkikortti ja l\u00e4himaksu. Kannattaa","robots":{"index":"index","follow":"follow","max-snippet":"max-snippet:-1","max-image-preview":"max-image-preview:large","max-video-preview":"max-video-preview:-1"},"canonical":"https:\/\/www.suviseurat.fi/2024\/ohjeet\/maksaminen\/","og_locale":"fi_FI","og_type":"article","og_title":"Maksaminen - SRK:n Suviseurat Pudasj\u00e4rvell\u00e4 2024","og_description":"Maksaminen Suviseuroissa voi maksaa k\u00e4teisell\u00e4 ja yleisimmill\u00e4 maksukorteilla. Suositeltavia maksutapoja ovat pankkikortti ja l\u00e4himaksu. Kannattaa","og_url":"https:\/\/www.suviseurat.fi/2024\/ohjeet\/maksaminen\/","og_site_name":"SRK:n Suviseurat Pudasj\u00e4rvell\u00e4 2024","article_publisher":"https:\/\/www.facebook.com\/SRKryNyt\/","article_modified_time":"2024-05-14T12:31:49+00:00","twitter_card":"summary_large_image","twitter_site":"@Suviseurat","twitter_misc":{"Arvioitu lukuaika":"1 minuutti"},"schema":{"@context":"https:\/\/schema.org","@graph":[{"@type":"WebPage","@id":"https:\/\/www.suviseurat.fi/2024\/ohjeet\/maksaminen\/","url":"https:\/\/www.suviseurat.fi/2024\/ohjeet\/maksaminen\/","name":"Maksaminen - SRK:n Suviseurat Pudasj\u00e4rvell\u00e4 2024","isPartOf":{"@id":"https:\/\/www.suviseurat.fi/2024\/#website"},"datePublished":"2024-05-14T12:31:48+00:00","dateModified":"2024-05-14T12:31:49+00:00","description":"Maksaminen Suviseuroissa voi maksaa k\u00e4teisell\u00e4 ja yleisimmill\u00e4 maksukorteilla. Suositeltavia maksutapoja ovat pankkikortti ja l\u00e4himaksu. Kannattaa","breadcrumb":{"@id":"https:\/\/www.suviseurat.fi/2024\/ohjeet\/maksaminen\/#breadcrumb"},"inLanguage":"fi","potentialAction":[{"@type":"ReadAction","target":["https:\/\/www.suviseurat.fi/2024\/ohjeet\/maksaminen\/"]}]},{"@type":"BreadcrumbList","@id":"https:\/\/www.suviseurat.fi/2024\/ohjeet\/maksaminen\/#breadcrumb","itemListElement":[{"@type":"ListItem","position":1,"name":"Etusivu","item":"https:\/\/www.suviseurat.fi/2024\/"},{"@type":"ListItem","position":2,"name":"Ohjeet","item":"https:\/\/www.suviseurat.fi/2024\/ohjeet\/"},{"@type":"ListItem","position":3,"name":"Maksaminen"}]},{"@type":"WebSite","@id":"https:\/\/www.suviseurat.fi/2024\/#website","url":"https:\/\/www.suviseurat.fi/2024\/","name":"SRK:n Suviseurat Pudasj\u00e4rvell\u00e4 2024","description":"Olenko min\u00e4 sinulle rakas?","publisher":{"@id":"https:\/\/www.suviseurat.fi/2024\/#organization"},"potentialAction":[{"@type":"SearchAction","target":{"@type":"EntryPoint","urlTemplate":"https:\/\/www.suviseurat.fi/2024\/?s={search_term_string}"},"query-input":"required name=search_term_string"}],"inLanguage":"fi"},{"@type":"Organization","@id":"https:\/\/www.suviseurat.fi/2024\/#organization","name":"Suviseurat","url":"https:\/\/www.suviseurat.fi/2024\/","logo":{"@type":"ImageObject","inLanguage":"fi","@id":"https:\/\/www.suviseurat.fi/2024\/#\/schema\/logo\/image\/","url":"https:\/\/www.suviseurat.fi/2024\/wp-content\/uploads\/2023\/10\/tunnus-nelio.jpg","contentUrl":"https:\/\/www.suviseurat.fi/2024\/wp-content\/uploads\/2023\/10\/tunnus-nelio.jpg","width":1000,"height":1000,"caption":"Suviseurat"},"image":{"@id":"https:\/\/www.suviseurat.fi/2024\/#\/schema\/logo\/image\/"},"sameAs":["https:\/\/www.facebook.com\/SRKryNyt\/","https:\/\/x.com\/Suviseurat","https:\/\/www.facebook.com\/srksuviseurat\/","https:\/\/www.youtube.com\/@SRKnyt","https:\/\/www.instagram.com\/srk_nyt\/","https:\/\/www.flickr.com\/photos\/suviseurat"]}]}},"_links":{"self":[{"href":"https:\/\/www.suviseurat.fi/2024\/wp-json\/wp\/v2\/pages\/3277"}],"collection":[{"href":"https:\/\/www.suviseurat.fi/2024\/wp-json\/wp\/v2\/pages"}],"about":[{"href":"https:\/\/www.suviseurat.fi/2024\/wp-json\/wp\/v2\/types\/page"}],"author":[{"embeddable":true,"href":"https:\/\/www.suviseurat.fi/2024\/wp-json\/wp\/v2\/users\/19"}],"replies":[{"embeddable":true,"href":"https:\/\/www.suviseurat.fi/2024\/wp-json\/wp\/v2\/comments?post=3277"}],"version-history":[{"count":10,"href":"https:\/\/www.suviseurat.fi/2024\/wp-json\/wp\/v2\/pages\/3277\/revisions"}],"predecessor-version":[{"id":19608,"href":"https:\/\/www.suviseurat.fi/2024\/wp-json\/wp\/v2\/pages\/3277\/revisions\/19608"}],"up":[{"embeddable":true,"href":"https:\/\/www.suviseurat.fi/2024\/wp-json\/wp\/v2\/pages\/738"}],"wp:attachment":[{"href":"https:\/\/www.suviseurat.fi/2024\/wp-json\/wp\/v2\/media?parent=3277"}],"curies":[{"name":"wp","href":"https:\/\/api.w.org\/{rel}","templated":true}]}}