{"id":3401,"date":"2024-05-14T15:33:40","date_gmt":"2024-05-14T12:33:40","guid":{"rendered":"https:\/\/www.suviseurat.fi/2024\/?page_id=3401"},"modified":"2024-05-14T15:33:41","modified_gmt":"2024-05-14T12:33:41","slug":"suviseurojen-purku","status":"publish","type":"page","link":"https:\/\/www.suviseurat.fi/2024\/ohjeet\/suviseurojen-purku\/","title":{"rendered":"Suviseurojen purku"},"content":{"rendered":"<h3><span style=\"font-weight: 400\">Tervetuloa purkutalkoisiin!<\/span><\/h3>\n<p><span style=\"font-weight: 400\">Purkutalkoisiin ovat tervetulleita kaikki <\/span><span style=\"font-weight: 400\">vapaaehtoiset. Ilmoittautumiset ty\u00f6voimatoimistossa maanantaina 1.7. kello 8 alkaen.<\/span><\/p>\n<p><img loading=\"lazy\" decoding=\"async\" class=\"alignnone size-medium wp-image-3402\" src=\"https:\/\/www.suviseurat.fi/2024\/wp-content\/uploads\/2019\/04\/Suviseurojen-isonteltan-purku-1024x575.jpg\" alt=\"\" width=\"1024\" height=\"575\" \/><\/p>\n","protected":false},"excerpt":{"rendered":"<p>Tervetuloa purkutalkoisiin! Purkutalkoisiin ovat tervetulleita kaikki vapaaehtoiset. Ilmoittautumiset ty\u00f6voimatoimistossa maanantaina 1.7. kello 8 alkaen.<\/p>\n","protected":false},"author":19,"featured_media":0,"parent":738,"menu_order":11,"comment_status":"closed","ping_status":"closed","template":"","meta":{"_acf_changed":false,"footnotes":""},"class_list":["post-3401","page","type-page","status-publish","hentry"],"acf":[],"yoast_head":"<!-- This site is optimized with the Yoast SEO plugin v23.3 - https:\/\/yoast.com\/wordpress\/plugins\/seo\/ -->\n<title>Suviseurojen purku - SRK:n Suviseurat Pudasj\u00e4rvell\u00e4 2024<\/title>\n<meta name=\"description\" content=\"Tervetuloa purkutalkoisiin! Purkutalkoisiin ovat tervetulleita kaikki vapaaehtoiset. Ilmoittautumiset ty\u00f6voimatoimistossa maanantaina 1.7. kello 8 alkaen.\" \/>\n<meta name=\"robots\" content=\"index, follow, max-snippet:-1, max-image-preview:large, max-video-preview:-1\" \/>\n<link rel=\"canonical\" href=\"https:\/\/www.suviseurat.fi/2024\/ohjeet\/suviseurojen-purku\/\" \/>\n<meta property=\"og:locale\" content=\"fi_FI\" \/>\n<meta property=\"og:type\" content=\"article\" \/>\n<meta property=\"og:title\" content=\"Suviseurojen purku - SRK:n Suviseurat Pudasj\u00e4rvell\u00e4 2024\" \/>\n<meta property=\"og:description\" content=\"Tervetuloa purkutalkoisiin! Purkutalkoisiin ovat tervetulleita kaikki vapaaehtoiset. Ilmoittautumiset ty\u00f6voimatoimistossa maanantaina 1.7. kello 8 alkaen.\" \/>\n<meta property=\"og:url\" content=\"https:\/\/www.suviseurat.fi/2024\/ohjeet\/suviseurojen-purku\/\" \/>\n<meta property=\"og:site_name\" content=\"SRK:n Suviseurat Pudasj\u00e4rvell\u00e4 2024\" \/>\n<meta property=\"article:publisher\" content=\"https:\/\/www.facebook.com\/SRKryNyt\/\" \/>\n<meta property=\"article:modified_time\" content=\"2024-05-14T12:33:41+00:00\" \/>\n<meta property=\"og:image\" content=\"https:\/\/www.suviseurat.fi/2024\/wp-content\/uploads\/2019\/04\/Suviseurojen-isonteltan-purku-1024x575.jpg\" \/>\n<meta name=\"twitter:card\" content=\"summary_large_image\" \/>\n<meta name=\"twitter:site\" content=\"@Suviseurat\" \/>\n<meta name=\"twitter:label1\" content=\"Arvioitu lukuaika\" \/>\n\t<meta name=\"twitter:data1\" content=\"1 minuutti\" \/>\n<script type=\"application\/ld+json\" class=\"yoast-schema-graph\">{\"@context\":\"https:\/\/schema.org\",\"@graph\":[{\"@type\":\"WebPage\",\"@id\":\"https:\/\/www.suviseurat.fi/2024\/ohjeet\/suviseurojen-purku\/\",\"url\":\"https:\/\/www.suviseurat.fi/2024\/ohjeet\/suviseurojen-purku\/\",\"name\":\"Suviseurojen purku - SRK:n Suviseurat Pudasj\u00e4rvell\u00e4 2024\",\"isPartOf\":{\"@id\":\"https:\/\/www.suviseurat.fi/2024\/#website\"},\"primaryImageOfPage\":{\"@id\":\"https:\/\/www.suviseurat.fi/2024\/ohjeet\/suviseurojen-purku\/#primaryimage\"},\"image\":{\"@id\":\"https:\/\/www.suviseurat.fi/2024\/ohjeet\/suviseurojen-purku\/#primaryimage\"},\"thumbnailUrl\":\"https:\/\/www.suviseurat.fi/2024\/wp-content\/uploads\/2019\/04\/Suviseurojen-isonteltan-purku-1024x575.jpg\",\"datePublished\":\"2024-05-14T12:33:40+00:00\",\"dateModified\":\"2024-05-14T12:33:41+00:00\",\"description\":\"Tervetuloa purkutalkoisiin! Purkutalkoisiin ovat tervetulleita kaikki vapaaehtoiset. Ilmoittautumiset ty\u00f6voimatoimistossa maanantaina 1.7. kello 8 alkaen.\",\"breadcrumb\":{\"@id\":\"https:\/\/www.suviseurat.fi/2024\/ohjeet\/suviseurojen-purku\/#breadcrumb\"},\"inLanguage\":\"fi\",\"potentialAction\":[{\"@type\":\"ReadAction\",\"target\":[\"https:\/\/www.suviseurat.fi/2024\/ohjeet\/suviseurojen-purku\/\"]}]},{\"@type\":\"ImageObject\",\"inLanguage\":\"fi\",\"@id\":\"https:\/\/www.suviseurat.fi/2024\/ohjeet\/suviseurojen-purku\/#primaryimage\",\"url\":\"https:\/\/www.suviseurat.fi/2024\/wp-content\/uploads\/2019\/04\/Suviseurojen-isonteltan-purku-1024x575.jpg\",\"contentUrl\":\"https:\/\/www.suviseurat.fi/2024\/wp-content\/uploads\/2019\/04\/Suviseurojen-isonteltan-purku-1024x575.jpg\"},{\"@type\":\"BreadcrumbList\",\"@id\":\"https:\/\/www.suviseurat.fi/2024\/ohjeet\/suviseurojen-purku\/#breadcrumb\",\"itemListElement\":[{\"@type\":\"ListItem\",\"position\":1,\"name\":\"Etusivu\",\"item\":\"https:\/\/www.suviseurat.fi/2024\/\"},{\"@type\":\"ListItem\",\"position\":2,\"name\":\"Ohjeet\",\"item\":\"https:\/\/www.suviseurat.fi/2024\/ohjeet\/\"},{\"@type\":\"ListItem\",\"position\":3,\"name\":\"Suviseurojen purku\"}]},{\"@type\":\"WebSite\",\"@id\":\"https:\/\/www.suviseurat.fi/2024\/#website\",\"url\":\"https:\/\/www.suviseurat.fi/2024\/\",\"name\":\"SRK:n Suviseurat Pudasj\u00e4rvell\u00e4 2024\",\"description\":\"Olenko min\u00e4 sinulle rakas?\",\"publisher\":{\"@id\":\"https:\/\/www.suviseurat.fi/2024\/#organization\"},\"potentialAction\":[{\"@type\":\"SearchAction\",\"target\":{\"@type\":\"EntryPoint\",\"urlTemplate\":\"https:\/\/www.suviseurat.fi/2024\/?s={search_term_string}\"},\"query-input\":\"required name=search_term_string\"}],\"inLanguage\":\"fi\"},{\"@type\":\"Organization\",\"@id\":\"https:\/\/www.suviseurat.fi/2024\/#organization\",\"name\":\"Suviseurat\",\"url\":\"https:\/\/www.suviseurat.fi/2024\/\",\"logo\":{\"@type\":\"ImageObject\",\"inLanguage\":\"fi\",\"@id\":\"https:\/\/www.suviseurat.fi/2024\/#\/schema\/logo\/image\/\",\"url\":\"https:\/\/www.suviseurat.fi/2024\/wp-content\/uploads\/2023\/10\/tunnus-nelio.jpg\",\"contentUrl\":\"https:\/\/www.suviseurat.fi/2024\/wp-content\/uploads\/2023\/10\/tunnus-nelio.jpg\",\"width\":1000,\"height\":1000,\"caption\":\"Suviseurat\"},\"image\":{\"@id\":\"https:\/\/www.suviseurat.fi/2024\/#\/schema\/logo\/image\/\"},\"sameAs\":[\"https:\/\/www.facebook.com\/SRKryNyt\/\",\"https:\/\/x.com\/Suviseurat\",\"https:\/\/www.facebook.com\/srksuviseurat\/\",\"https:\/\/www.youtube.com\/@SRKnyt\",\"https:\/\/www.instagram.com\/srk_nyt\/\",\"https:\/\/www.flickr.com\/photos\/suviseurat\"]}]}<\/script>\n<!-- \/ Yoast SEO plugin. -->","yoast_head_json":{"title":"Suviseurojen purku - SRK:n Suviseurat Pudasj\u00e4rvell\u00e4 2024","description":"Tervetuloa purkutalkoisiin! Purkutalkoisiin ovat tervetulleita kaikki vapaaehtoiset. Ilmoittautumiset ty\u00f6voimatoimistossa maanantaina 1.7. kello 8 alkaen.","robots":{"index":"index","follow":"follow","max-snippet":"max-snippet:-1","max-image-preview":"max-image-preview:large","max-video-preview":"max-video-preview:-1"},"canonical":"https:\/\/www.suviseurat.fi/2024\/ohjeet\/suviseurojen-purku\/","og_locale":"fi_FI","og_type":"article","og_title":"Suviseurojen purku - SRK:n Suviseurat Pudasj\u00e4rvell\u00e4 2024","og_description":"Tervetuloa purkutalkoisiin! Purkutalkoisiin ovat tervetulleita kaikki vapaaehtoiset. Ilmoittautumiset ty\u00f6voimatoimistossa maanantaina 1.7. kello 8 alkaen.","og_url":"https:\/\/www.suviseurat.fi/2024\/ohjeet\/suviseurojen-purku\/","og_site_name":"SRK:n Suviseurat Pudasj\u00e4rvell\u00e4 2024","article_publisher":"https:\/\/www.facebook.com\/SRKryNyt\/","article_modified_time":"2024-05-14T12:33:41+00:00","og_image":[{"url":"https:\/\/www.suviseurat.fi/2024\/wp-content\/uploads\/2019\/04\/Suviseurojen-isonteltan-purku-1024x575.jpg"}],"twitter_card":"summary_large_image","twitter_site":"@Suviseurat","twitter_misc":{"Arvioitu lukuaika":"1 minuutti"},"schema":{"@context":"https:\/\/schema.org","@graph":[{"@type":"WebPage","@id":"https:\/\/www.suviseurat.fi/2024\/ohjeet\/suviseurojen-purku\/","url":"https:\/\/www.suviseurat.fi/2024\/ohjeet\/suviseurojen-purku\/","name":"Suviseurojen purku - SRK:n Suviseurat Pudasj\u00e4rvell\u00e4 2024","isPartOf":{"@id":"https:\/\/www.suviseurat.fi/2024\/#website"},"primaryImageOfPage":{"@id":"https:\/\/www.suviseurat.fi/2024\/ohjeet\/suviseurojen-purku\/#primaryimage"},"image":{"@id":"https:\/\/www.suviseurat.fi/2024\/ohjeet\/suviseurojen-purku\/#primaryimage"},"thumbnailUrl":"https:\/\/www.suviseurat.fi/2024\/wp-content\/uploads\/2019\/04\/Suviseurojen-isonteltan-purku-1024x575.jpg","datePublished":"2024-05-14T12:33:40+00:00","dateModified":"2024-05-14T12:33:41+00:00","description":"Tervetuloa purkutalkoisiin! Purkutalkoisiin ovat tervetulleita kaikki vapaaehtoiset. Ilmoittautumiset ty\u00f6voimatoimistossa maanantaina 1.7. kello 8 alkaen.","breadcrumb":{"@id":"https:\/\/www.suviseurat.fi/2024\/ohjeet\/suviseurojen-purku\/#breadcrumb"},"inLanguage":"fi","potentialAction":[{"@type":"ReadAction","target":["https:\/\/www.suviseurat.fi/2024\/ohjeet\/suviseurojen-purku\/"]}]},{"@type":"ImageObject","inLanguage":"fi","@id":"https:\/\/www.suviseurat.fi/2024\/ohjeet\/suviseurojen-purku\/#primaryimage","url":"https:\/\/www.suviseurat.fi/2024\/wp-content\/uploads\/2019\/04\/Suviseurojen-isonteltan-purku-1024x575.jpg","contentUrl":"https:\/\/www.suviseurat.fi/2024\/wp-content\/uploads\/2019\/04\/Suviseurojen-isonteltan-purku-1024x575.jpg"},{"@type":"BreadcrumbList","@id":"https:\/\/www.suviseurat.fi/2024\/ohjeet\/suviseurojen-purku\/#breadcrumb","itemListElement":[{"@type":"ListItem","position":1,"name":"Etusivu","item":"https:\/\/www.suviseurat.fi/2024\/"},{"@type":"ListItem","position":2,"name":"Ohjeet","item":"https:\/\/www.suviseurat.fi/2024\/ohjeet\/"},{"@type":"ListItem","position":3,"name":"Suviseurojen purku"}]},{"@type":"WebSite","@id":"https:\/\/www.suviseurat.fi/2024\/#website","url":"https:\/\/www.suviseurat.fi/2024\/","name":"SRK:n Suviseurat Pudasj\u00e4rvell\u00e4 2024","description":"Olenko min\u00e4 sinulle rakas?","publisher":{"@id":"https:\/\/www.suviseurat.fi/2024\/#organization"},"potentialAction":[{"@type":"SearchAction","target":{"@type":"EntryPoint","urlTemplate":"https:\/\/www.suviseurat.fi/2024\/?s={search_term_string}"},"query-input":"required name=search_term_string"}],"inLanguage":"fi"},{"@type":"Organization","@id":"https:\/\/www.suviseurat.fi/2024\/#organization","name":"Suviseurat","url":"https:\/\/www.suviseurat.fi/2024\/","logo":{"@type":"ImageObject","inLanguage":"fi","@id":"https:\/\/www.suviseurat.fi/2024\/#\/schema\/logo\/image\/","url":"https:\/\/www.suviseurat.fi/2024\/wp-content\/uploads\/2023\/10\/tunnus-nelio.jpg","contentUrl":"https:\/\/www.suviseurat.fi/2024\/wp-content\/uploads\/2023\/10\/tunnus-nelio.jpg","width":1000,"height":1000,"caption":"Suviseurat"},"image":{"@id":"https:\/\/www.suviseurat.fi/2024\/#\/schema\/logo\/image\/"},"sameAs":["https:\/\/www.facebook.com\/SRKryNyt\/","https:\/\/x.com\/Suviseurat","https:\/\/www.facebook.com\/srksuviseurat\/","https:\/\/www.youtube.com\/@SRKnyt","https:\/\/www.instagram.com\/srk_nyt\/","https:\/\/www.flickr.com\/photos\/suviseurat"]}]}},"_links":{"self":[{"href":"https:\/\/www.suviseurat.fi/2024\/wp-json\/wp\/v2\/pages\/3401"}],"collection":[{"href":"https:\/\/www.suviseurat.fi/2024\/wp-json\/wp\/v2\/pages"}],"about":[{"href":"https:\/\/www.suviseurat.fi/2024\/wp-json\/wp\/v2\/types\/page"}],"author":[{"embeddable":true,"href":"https:\/\/www.suviseurat.fi/2024\/wp-json\/wp\/v2\/users\/19"}],"replies":[{"embeddable":true,"href":"https:\/\/www.suviseurat.fi/2024\/wp-json\/wp\/v2\/comments?post=3401"}],"version-history":[{"count":7,"href":"https:\/\/www.suviseurat.fi/2024\/wp-json\/wp\/v2\/pages\/3401\/revisions"}],"predecessor-version":[{"id":19738,"href":"https:\/\/www.suviseurat.fi/2024\/wp-json\/wp\/v2\/pages\/3401\/revisions\/19738"}],"up":[{"embeddable":true,"href":"https:\/\/www.suviseurat.fi/2024\/wp-json\/wp\/v2\/pages\/738"}],"wp:attachment":[{"href":"https:\/\/www.suviseurat.fi/2024\/wp-json\/wp\/v2\/media?parent=3401"}],"curies":[{"name":"wp","href":"https:\/\/api.w.org\/{rel}","templated":true}]}}