{"id":3410,"date":"2024-05-14T14:50:32","date_gmt":"2024-05-14T11:50:32","guid":{"rendered":"https:\/\/www.suviseurat.fi/2024\/?page_id=3410"},"modified":"2024-05-29T13:02:06","modified_gmt":"2024-05-29T10:02:06","slug":"kokoukset","status":"publish","type":"page","link":"https:\/\/www.suviseurat.fi/2024\/suviseurat\/kokoukset\/","title":{"rendered":"Kokoukset"},"content":{"rendered":"\n<div class=\"wp-block-columns is-layout-flex wp-container-core-columns-is-layout-1 wp-block-columns-is-layout-flex\">\n<div class=\"wp-block-column is-layout-flow wp-block-column-is-layout-flow\">\n<h2><strong>Puhujien ja seurakuntavanhinten kokous<\/strong><\/h2>\n<p><span style=\"font-weight: 400\">Puhujien ja seurakuntavanhinten kokous pidet\u00e4\u00e4n <strong>perjantaina 28.6.2024 klo 15\u201319<\/strong> Tuomas Sammelvuo -salissa (Tuulimyllyntie 4). <\/span><\/p>\n<p><span style=\"font-weight: 400\">Kokouskuljetukset alkavat klo 13 Suviseurojen linja-autoasemalta. Paluukuljetukset Sammelvuo-salilta alkavat klo 17.30. Linja-autolipun meno-paluuhinta on 5 \u20ac. Maksu suoritetaan k\u00e4teisell\u00e4 tai kortilla. <\/span><\/p>\n<p><span style=\"font-weight: 400\">Osallistujien toivotaan k\u00e4ytt\u00e4v\u00e4n yhteiskuljetusta ja v\u00e4ltt\u00e4m\u00e4\u00e4n oman auton k\u00e4ytt\u00f6\u00e4. Oman auton pys\u00e4k\u00f6intimaksu 5 \u20ac.<\/span><\/p>\n<\/div>\n\n\n\n<div class=\"wp-block-column is-layout-flow wp-block-column-is-layout-flow\">\n<h2><strong>SRK:n vuosikokous<\/strong><\/h2>\n<p><span style=\"font-weight: 400\">SRK:n vuosikokous pidet\u00e4\u00e4n <strong>lauantaina 29.6.2024 klo 9\u201313<\/strong> Tuomas Sammelvuo -salissa (Tuulimyllyntie 4). Valtakirjojen tarkastus alkaa klo 7.30. <\/span><\/p>\n<p><span style=\"font-weight: 400\">Kokouskuljetukset alkavat klo 7.30 Suviseurojen linja-autoasemalta. Paluukuljetukset alkavat vuosikokouksen p\u00e4\u00e4ttyess\u00e4. Linja-autolipun meno-paluuhinta on 5 \u20ac. Maksu suoritetaan k\u00e4teisell\u00e4 tai kortilla. <\/span><\/p>\n<p><span style=\"font-weight: 400\">Osallistujien toivotaan k\u00e4ytt\u00e4v\u00e4n yhteiskuljetusta ja v\u00e4ltt\u00e4m\u00e4\u00e4n oman auton k\u00e4ytt\u00f6\u00e4. Oman auton pys\u00e4k\u00f6intimaksu on 5 \u20ac.<\/span><\/p>\n<\/div>\n<\/div>\n","protected":false},"excerpt":{"rendered":"<p>Puhujien ja seurakuntavanhinten kokous Puhujien ja seurakuntavanhinten kokous pidet\u00e4\u00e4n perjantaina 28.6.2024 klo 15\u201319 Tuomas Sammelvuo<a class=\"moretag\" href=\"https:\/\/www.suviseurat.fi/2024\/suviseurat\/kokoukset\/\">Jatka lukemista ><\/a><\/p>\n","protected":false},"author":19,"featured_media":0,"parent":74,"menu_order":6,"comment_status":"closed","ping_status":"closed","template":"","meta":{"_acf_changed":false,"footnotes":""},"class_list":["post-3410","page","type-page","status-publish","hentry"],"acf":[],"yoast_head":"<!-- This site is optimized with the Yoast SEO plugin v23.3 - https:\/\/yoast.com\/wordpress\/plugins\/seo\/ -->\n<title>Kokoukset - SRK:n Suviseurat Pudasj\u00e4rvell\u00e4 2024<\/title>\n<meta name=\"description\" content=\"Puhujien ja seurakuntavanhinten kokous Puhujien ja seurakuntavanhinten kokous pidet\u00e4\u00e4n perjantaina 28.6.2024 klo 15\u201319 Tuomas Sammelvuo -salissa\" \/>\n<meta name=\"robots\" content=\"index, follow, max-snippet:-1, max-image-preview:large, max-video-preview:-1\" \/>\n<link rel=\"canonical\" href=\"https:\/\/www.suviseurat.fi/2024\/suviseurat\/kokoukset\/\" \/>\n<meta property=\"og:locale\" content=\"fi_FI\" \/>\n<meta property=\"og:type\" content=\"article\" \/>\n<meta property=\"og:title\" content=\"Kokoukset - SRK:n Suviseurat Pudasj\u00e4rvell\u00e4 2024\" \/>\n<meta property=\"og:description\" content=\"Puhujien ja seurakuntavanhinten kokous Puhujien ja seurakuntavanhinten kokous pidet\u00e4\u00e4n perjantaina 28.6.2024 klo 15\u201319 Tuomas Sammelvuo -salissa\" \/>\n<meta property=\"og:url\" content=\"https:\/\/www.suviseurat.fi/2024\/suviseurat\/kokoukset\/\" \/>\n<meta property=\"og:site_name\" content=\"SRK:n Suviseurat Pudasj\u00e4rvell\u00e4 2024\" \/>\n<meta property=\"article:publisher\" content=\"https:\/\/www.facebook.com\/SRKryNyt\/\" \/>\n<meta property=\"article:modified_time\" content=\"2024-05-29T10:02:06+00:00\" \/>\n<meta name=\"twitter:card\" content=\"summary_large_image\" \/>\n<meta name=\"twitter:site\" content=\"@Suviseurat\" \/>\n<meta name=\"twitter:label1\" content=\"Arvioitu lukuaika\" \/>\n\t<meta name=\"twitter:data1\" content=\"1 minuutti\" \/>\n<script type=\"application\/ld+json\" class=\"yoast-schema-graph\">{\"@context\":\"https:\/\/schema.org\",\"@graph\":[{\"@type\":\"WebPage\",\"@id\":\"https:\/\/www.suviseurat.fi/2024\/suviseurat\/kokoukset\/\",\"url\":\"https:\/\/www.suviseurat.fi/2024\/suviseurat\/kokoukset\/\",\"name\":\"Kokoukset - SRK:n Suviseurat Pudasj\u00e4rvell\u00e4 2024\",\"isPartOf\":{\"@id\":\"https:\/\/www.suviseurat.fi/2024\/#website\"},\"datePublished\":\"2024-05-14T11:50:32+00:00\",\"dateModified\":\"2024-05-29T10:02:06+00:00\",\"description\":\"Puhujien ja seurakuntavanhinten kokous Puhujien ja seurakuntavanhinten kokous pidet\u00e4\u00e4n perjantaina 28.6.2024 klo 15\u201319 Tuomas Sammelvuo -salissa\",\"breadcrumb\":{\"@id\":\"https:\/\/www.suviseurat.fi/2024\/suviseurat\/kokoukset\/#breadcrumb\"},\"inLanguage\":\"fi\",\"potentialAction\":[{\"@type\":\"ReadAction\",\"target\":[\"https:\/\/www.suviseurat.fi/2024\/suviseurat\/kokoukset\/\"]}]},{\"@type\":\"BreadcrumbList\",\"@id\":\"https:\/\/www.suviseurat.fi/2024\/suviseurat\/kokoukset\/#breadcrumb\",\"itemListElement\":[{\"@type\":\"ListItem\",\"position\":1,\"name\":\"Etusivu\",\"item\":\"https:\/\/www.suviseurat.fi/2024\/\"},{\"@type\":\"ListItem\",\"position\":2,\"name\":\"Suviseurat\",\"item\":\"https:\/\/www.suviseurat.fi/2024\/suviseurat\/\"},{\"@type\":\"ListItem\",\"position\":3,\"name\":\"Kokoukset\"}]},{\"@type\":\"WebSite\",\"@id\":\"https:\/\/www.suviseurat.fi/2024\/#website\",\"url\":\"https:\/\/www.suviseurat.fi/2024\/\",\"name\":\"SRK:n Suviseurat Pudasj\u00e4rvell\u00e4 2024\",\"description\":\"Olenko min\u00e4 sinulle rakas?\",\"publisher\":{\"@id\":\"https:\/\/www.suviseurat.fi/2024\/#organization\"},\"potentialAction\":[{\"@type\":\"SearchAction\",\"target\":{\"@type\":\"EntryPoint\",\"urlTemplate\":\"https:\/\/www.suviseurat.fi/2024\/?s={search_term_string}\"},\"query-input\":\"required name=search_term_string\"}],\"inLanguage\":\"fi\"},{\"@type\":\"Organization\",\"@id\":\"https:\/\/www.suviseurat.fi/2024\/#organization\",\"name\":\"Suviseurat\",\"url\":\"https:\/\/www.suviseurat.fi/2024\/\",\"logo\":{\"@type\":\"ImageObject\",\"inLanguage\":\"fi\",\"@id\":\"https:\/\/www.suviseurat.fi/2024\/#\/schema\/logo\/image\/\",\"url\":\"https:\/\/www.suviseurat.fi/2024\/wp-content\/uploads\/2023\/10\/tunnus-nelio.jpg\",\"contentUrl\":\"https:\/\/www.suviseurat.fi/2024\/wp-content\/uploads\/2023\/10\/tunnus-nelio.jpg\",\"width\":1000,\"height\":1000,\"caption\":\"Suviseurat\"},\"image\":{\"@id\":\"https:\/\/www.suviseurat.fi/2024\/#\/schema\/logo\/image\/\"},\"sameAs\":[\"https:\/\/www.facebook.com\/SRKryNyt\/\",\"https:\/\/x.com\/Suviseurat\",\"https:\/\/www.facebook.com\/srksuviseurat\/\",\"https:\/\/www.youtube.com\/@SRKnyt\",\"https:\/\/www.instagram.com\/srk_nyt\/\",\"https:\/\/www.flickr.com\/photos\/suviseurat\"]}]}<\/script>\n<!-- \/ Yoast SEO plugin. -->","yoast_head_json":{"title":"Kokoukset - SRK:n Suviseurat Pudasj\u00e4rvell\u00e4 2024","description":"Puhujien ja seurakuntavanhinten kokous Puhujien ja seurakuntavanhinten kokous pidet\u00e4\u00e4n perjantaina 28.6.2024 klo 15\u201319 Tuomas Sammelvuo -salissa","robots":{"index":"index","follow":"follow","max-snippet":"max-snippet:-1","max-image-preview":"max-image-preview:large","max-video-preview":"max-video-preview:-1"},"canonical":"https:\/\/www.suviseurat.fi/2024\/suviseurat\/kokoukset\/","og_locale":"fi_FI","og_type":"article","og_title":"Kokoukset - SRK:n Suviseurat Pudasj\u00e4rvell\u00e4 2024","og_description":"Puhujien ja seurakuntavanhinten kokous Puhujien ja seurakuntavanhinten kokous pidet\u00e4\u00e4n perjantaina 28.6.2024 klo 15\u201319 Tuomas Sammelvuo -salissa","og_url":"https:\/\/www.suviseurat.fi/2024\/suviseurat\/kokoukset\/","og_site_name":"SRK:n Suviseurat Pudasj\u00e4rvell\u00e4 2024","article_publisher":"https:\/\/www.facebook.com\/SRKryNyt\/","article_modified_time":"2024-05-29T10:02:06+00:00","twitter_card":"summary_large_image","twitter_site":"@Suviseurat","twitter_misc":{"Arvioitu lukuaika":"1 minuutti"},"schema":{"@context":"https:\/\/schema.org","@graph":[{"@type":"WebPage","@id":"https:\/\/www.suviseurat.fi/2024\/suviseurat\/kokoukset\/","url":"https:\/\/www.suviseurat.fi/2024\/suviseurat\/kokoukset\/","name":"Kokoukset - SRK:n Suviseurat Pudasj\u00e4rvell\u00e4 2024","isPartOf":{"@id":"https:\/\/www.suviseurat.fi/2024\/#website"},"datePublished":"2024-05-14T11:50:32+00:00","dateModified":"2024-05-29T10:02:06+00:00","description":"Puhujien ja seurakuntavanhinten kokous Puhujien ja seurakuntavanhinten kokous pidet\u00e4\u00e4n perjantaina 28.6.2024 klo 15\u201319 Tuomas Sammelvuo -salissa","breadcrumb":{"@id":"https:\/\/www.suviseurat.fi/2024\/suviseurat\/kokoukset\/#breadcrumb"},"inLanguage":"fi","potentialAction":[{"@type":"ReadAction","target":["https:\/\/www.suviseurat.fi/2024\/suviseurat\/kokoukset\/"]}]},{"@type":"BreadcrumbList","@id":"https:\/\/www.suviseurat.fi/2024\/suviseurat\/kokoukset\/#breadcrumb","itemListElement":[{"@type":"ListItem","position":1,"name":"Etusivu","item":"https:\/\/www.suviseurat.fi/2024\/"},{"@type":"ListItem","position":2,"name":"Suviseurat","item":"https:\/\/www.suviseurat.fi/2024\/suviseurat\/"},{"@type":"ListItem","position":3,"name":"Kokoukset"}]},{"@type":"WebSite","@id":"https:\/\/www.suviseurat.fi/2024\/#website","url":"https:\/\/www.suviseurat.fi/2024\/","name":"SRK:n Suviseurat Pudasj\u00e4rvell\u00e4 2024","description":"Olenko min\u00e4 sinulle rakas?","publisher":{"@id":"https:\/\/www.suviseurat.fi/2024\/#organization"},"potentialAction":[{"@type":"SearchAction","target":{"@type":"EntryPoint","urlTemplate":"https:\/\/www.suviseurat.fi/2024\/?s={search_term_string}"},"query-input":"required name=search_term_string"}],"inLanguage":"fi"},{"@type":"Organization","@id":"https:\/\/www.suviseurat.fi/2024\/#organization","name":"Suviseurat","url":"https:\/\/www.suviseurat.fi/2024\/","logo":{"@type":"ImageObject","inLanguage":"fi","@id":"https:\/\/www.suviseurat.fi/2024\/#\/schema\/logo\/image\/","url":"https:\/\/www.suviseurat.fi/2024\/wp-content\/uploads\/2023\/10\/tunnus-nelio.jpg","contentUrl":"https:\/\/www.suviseurat.fi/2024\/wp-content\/uploads\/2023\/10\/tunnus-nelio.jpg","width":1000,"height":1000,"caption":"Suviseurat"},"image":{"@id":"https:\/\/www.suviseurat.fi/2024\/#\/schema\/logo\/image\/"},"sameAs":["https:\/\/www.facebook.com\/SRKryNyt\/","https:\/\/x.com\/Suviseurat","https:\/\/www.facebook.com\/srksuviseurat\/","https:\/\/www.youtube.com\/@SRKnyt","https:\/\/www.instagram.com\/srk_nyt\/","https:\/\/www.flickr.com\/photos\/suviseurat"]}]}},"_links":{"self":[{"href":"https:\/\/www.suviseurat.fi/2024\/wp-json\/wp\/v2\/pages\/3410"}],"collection":[{"href":"https:\/\/www.suviseurat.fi/2024\/wp-json\/wp\/v2\/pages"}],"about":[{"href":"https:\/\/www.suviseurat.fi/2024\/wp-json\/wp\/v2\/types\/page"}],"author":[{"embeddable":true,"href":"https:\/\/www.suviseurat.fi/2024\/wp-json\/wp\/v2\/users\/19"}],"replies":[{"embeddable":true,"href":"https:\/\/www.suviseurat.fi/2024\/wp-json\/wp\/v2\/comments?post=3410"}],"version-history":[{"count":15,"href":"https:\/\/www.suviseurat.fi/2024\/wp-json\/wp\/v2\/pages\/3410\/revisions"}],"predecessor-version":[{"id":20042,"href":"https:\/\/www.suviseurat.fi/2024\/wp-json\/wp\/v2\/pages\/3410\/revisions\/20042"}],"up":[{"embeddable":true,"href":"https:\/\/www.suviseurat.fi/2024\/wp-json\/wp\/v2\/pages\/74"}],"wp:attachment":[{"href":"https:\/\/www.suviseurat.fi/2024\/wp-json\/wp\/v2\/media?parent=3410"}],"curies":[{"name":"wp","href":"https:\/\/api.w.org\/{rel}","templated":true}]}}