{"id":3416,"date":"2024-05-14T15:30:14","date_gmt":"2024-05-14T12:30:14","guid":{"rendered":"https:\/\/www.suviseurat.fi/2024\/?page_id=3416"},"modified":"2024-05-21T10:15:23","modified_gmt":"2024-05-21T07:15:23","slug":"ehtoollinen","status":"publish","type":"page","link":"https:\/\/www.suviseurat.fi/2024\/ohjeet\/ehtoollinen\/","title":{"rendered":"Ehtoollinen"},"content":{"rendered":"<p><img loading=\"lazy\" decoding=\"async\" class=\"alignnone wp-image-17752 size-medium\" src=\"https:\/\/www.suviseurat.fi/2024\/wp-content\/uploads\/2023\/06\/ehtoollisjarjestelyt_kuva-1024x529.jpg\" alt=\"\" width=\"1024\" height=\"529\" srcset=\"https:\/\/www.suviseurat.fi/2024\/wp-content\/uploads\/2023\/06\/ehtoollisjarjestelyt_kuva-1024x529.jpg 1024w, https:\/\/www.suviseurat.fi/2024\/wp-content\/uploads\/2023\/06\/ehtoollisjarjestelyt_kuva-768x396.jpg 768w, https:\/\/www.suviseurat.fi/2024\/wp-content\/uploads\/2023\/06\/ehtoollisjarjestelyt_kuva.jpg 1170w\" sizes=\"(max-width: 1024px) 100vw, 1024px\" \/><\/p>\n<p><span style=\"font-weight: 400\"><strong>Kulkusuunnat:<\/strong> Ehtoolliselle saavutaan sis\u00e4\u00e4nk\u00e4ynneist\u00e4 1\u20136 ja liikuntarajoitteiset sis\u00e4\u00e4nk\u00e4ynneist\u00e4 8 ja 11. Sis\u00e4\u00e4nk\u00e4ynnit 1 ja 6 johtavat teltan p\u00e4\u00e4dyiss\u00e4 oleviin ehtoollisp\u00f6ytiin, joissa ehtoollinen jaetaan kastamalla leip\u00e4 viiniin (intinktiok\u00e4yt\u00e4nt\u00f6). Teltasta poistutaan oviaukoista 7\u201312.<\/span><\/p>\n<p><span style=\"font-weight: 400\"><strong>Liikuntarajoitteiset:<\/strong> Liikuntarajoitteiset saapuvat ehtoolliselle p\u00e4\u00e4tysis\u00e4\u00e4nk\u00e4ynneist\u00e4 8 ja 11.<\/span><\/p>\n<p><span style=\"font-weight: 400\"><strong>Lis\u00e4tiedot:<\/strong> Ehtoollisen vietto kest\u00e4\u00e4 seurateltassa noin klo 20.30 asti. Ehtoollisenjaon p\u00e4\u00e4ttymisest\u00e4 kuulutetaan erikseen. Viikkomessu p\u00e4\u00e4tet\u00e4\u00e4n liturgin johdolla jumalanpalveluskaavan mukaisesti. Ehtoollisleip\u00e4 on gluteenitonta. Alkoholitonta viini\u00e4 saa pyydett\u00e4ess\u00e4 kaikista p\u00f6ydist\u00e4.<\/span><\/p>\n","protected":false},"excerpt":{"rendered":"<p>Kulkusuunnat: Ehtoolliselle saavutaan sis\u00e4\u00e4nk\u00e4ynneist\u00e4 1\u20136 ja liikuntarajoitteiset sis\u00e4\u00e4nk\u00e4ynneist\u00e4 8 ja 11. Sis\u00e4\u00e4nk\u00e4ynnit 1 ja 6<a class=\"moretag\" href=\"https:\/\/www.suviseurat.fi/2024\/ohjeet\/ehtoollinen\/\">Jatka lukemista ><\/a><\/p>\n","protected":false},"author":19,"featured_media":0,"parent":738,"menu_order":3,"comment_status":"closed","ping_status":"closed","template":"","meta":{"_acf_changed":false,"footnotes":""},"class_list":["post-3416","page","type-page","status-publish","hentry"],"acf":[],"yoast_head":"<!-- This site is optimized with the Yoast SEO plugin v23.3 - https:\/\/yoast.com\/wordpress\/plugins\/seo\/ -->\n<title>Ehtoollinen - SRK:n Suviseurat Pudasj\u00e4rvell\u00e4 2024<\/title>\n<meta name=\"description\" content=\"Kulkusuunnat: Ehtoolliselle saavutaan sis\u00e4\u00e4nk\u00e4ynneist\u00e4 1\u20136 ja liikuntarajoitteiset sis\u00e4\u00e4nk\u00e4ynneist\u00e4 8 ja 11. Sis\u00e4\u00e4nk\u00e4ynnit 1 ja 6 johtavat teltan\" \/>\n<meta name=\"robots\" content=\"index, follow, max-snippet:-1, max-image-preview:large, max-video-preview:-1\" \/>\n<link rel=\"canonical\" href=\"https:\/\/www.suviseurat.fi/2024\/ohjeet\/ehtoollinen\/\" \/>\n<meta property=\"og:locale\" content=\"fi_FI\" \/>\n<meta property=\"og:type\" content=\"article\" \/>\n<meta property=\"og:title\" content=\"Ehtoollinen - SRK:n Suviseurat Pudasj\u00e4rvell\u00e4 2024\" \/>\n<meta property=\"og:description\" content=\"Kulkusuunnat: Ehtoolliselle saavutaan sis\u00e4\u00e4nk\u00e4ynneist\u00e4 1\u20136 ja liikuntarajoitteiset sis\u00e4\u00e4nk\u00e4ynneist\u00e4 8 ja 11. Sis\u00e4\u00e4nk\u00e4ynnit 1 ja 6 johtavat teltan\" \/>\n<meta property=\"og:url\" content=\"https:\/\/www.suviseurat.fi/2024\/ohjeet\/ehtoollinen\/\" \/>\n<meta property=\"og:site_name\" content=\"SRK:n Suviseurat Pudasj\u00e4rvell\u00e4 2024\" \/>\n<meta property=\"article:publisher\" content=\"https:\/\/www.facebook.com\/SRKryNyt\/\" \/>\n<meta property=\"article:modified_time\" content=\"2024-05-21T07:15:23+00:00\" \/>\n<meta property=\"og:image\" content=\"https:\/\/www.suviseurat.fi/2024\/wp-content\/uploads\/2023\/06\/ehtoollisjarjestelyt_kuva-1024x529.jpg\" \/>\n<meta name=\"twitter:card\" content=\"summary_large_image\" \/>\n<meta name=\"twitter:site\" content=\"@Suviseurat\" \/>\n<meta name=\"twitter:label1\" content=\"Arvioitu lukuaika\" \/>\n\t<meta name=\"twitter:data1\" content=\"1 minuutti\" \/>\n<script type=\"application\/ld+json\" class=\"yoast-schema-graph\">{\"@context\":\"https:\/\/schema.org\",\"@graph\":[{\"@type\":\"WebPage\",\"@id\":\"https:\/\/www.suviseurat.fi/2024\/ohjeet\/ehtoollinen\/\",\"url\":\"https:\/\/www.suviseurat.fi/2024\/ohjeet\/ehtoollinen\/\",\"name\":\"Ehtoollinen - SRK:n Suviseurat Pudasj\u00e4rvell\u00e4 2024\",\"isPartOf\":{\"@id\":\"https:\/\/www.suviseurat.fi/2024\/#website\"},\"primaryImageOfPage\":{\"@id\":\"https:\/\/www.suviseurat.fi/2024\/ohjeet\/ehtoollinen\/#primaryimage\"},\"image\":{\"@id\":\"https:\/\/www.suviseurat.fi/2024\/ohjeet\/ehtoollinen\/#primaryimage\"},\"thumbnailUrl\":\"https:\/\/www.suviseurat.fi/2024\/wp-content\/uploads\/2023\/06\/ehtoollisjarjestelyt_kuva-1024x529.jpg\",\"datePublished\":\"2024-05-14T12:30:14+00:00\",\"dateModified\":\"2024-05-21T07:15:23+00:00\",\"description\":\"Kulkusuunnat: Ehtoolliselle saavutaan sis\u00e4\u00e4nk\u00e4ynneist\u00e4 1\u20136 ja liikuntarajoitteiset sis\u00e4\u00e4nk\u00e4ynneist\u00e4 8 ja 11. Sis\u00e4\u00e4nk\u00e4ynnit 1 ja 6 johtavat teltan\",\"breadcrumb\":{\"@id\":\"https:\/\/www.suviseurat.fi/2024\/ohjeet\/ehtoollinen\/#breadcrumb\"},\"inLanguage\":\"fi\",\"potentialAction\":[{\"@type\":\"ReadAction\",\"target\":[\"https:\/\/www.suviseurat.fi/2024\/ohjeet\/ehtoollinen\/\"]}]},{\"@type\":\"ImageObject\",\"inLanguage\":\"fi\",\"@id\":\"https:\/\/www.suviseurat.fi/2024\/ohjeet\/ehtoollinen\/#primaryimage\",\"url\":\"https:\/\/www.suviseurat.fi/2024\/wp-content\/uploads\/2023\/06\/ehtoollisjarjestelyt_kuva.jpg\",\"contentUrl\":\"https:\/\/www.suviseurat.fi/2024\/wp-content\/uploads\/2023\/06\/ehtoollisjarjestelyt_kuva.jpg\",\"width\":1170,\"height\":604},{\"@type\":\"BreadcrumbList\",\"@id\":\"https:\/\/www.suviseurat.fi/2024\/ohjeet\/ehtoollinen\/#breadcrumb\",\"itemListElement\":[{\"@type\":\"ListItem\",\"position\":1,\"name\":\"Etusivu\",\"item\":\"https:\/\/www.suviseurat.fi/2024\/\"},{\"@type\":\"ListItem\",\"position\":2,\"name\":\"Ohjeet\",\"item\":\"https:\/\/www.suviseurat.fi/2024\/ohjeet\/\"},{\"@type\":\"ListItem\",\"position\":3,\"name\":\"Ehtoollinen\"}]},{\"@type\":\"WebSite\",\"@id\":\"https:\/\/www.suviseurat.fi/2024\/#website\",\"url\":\"https:\/\/www.suviseurat.fi/2024\/\",\"name\":\"SRK:n Suviseurat Pudasj\u00e4rvell\u00e4 2024\",\"description\":\"Olenko min\u00e4 sinulle rakas?\",\"publisher\":{\"@id\":\"https:\/\/www.suviseurat.fi/2024\/#organization\"},\"potentialAction\":[{\"@type\":\"SearchAction\",\"target\":{\"@type\":\"EntryPoint\",\"urlTemplate\":\"https:\/\/www.suviseurat.fi/2024\/?s={search_term_string}\"},\"query-input\":\"required name=search_term_string\"}],\"inLanguage\":\"fi\"},{\"@type\":\"Organization\",\"@id\":\"https:\/\/www.suviseurat.fi/2024\/#organization\",\"name\":\"Suviseurat\",\"url\":\"https:\/\/www.suviseurat.fi/2024\/\",\"logo\":{\"@type\":\"ImageObject\",\"inLanguage\":\"fi\",\"@id\":\"https:\/\/www.suviseurat.fi/2024\/#\/schema\/logo\/image\/\",\"url\":\"https:\/\/www.suviseurat.fi/2024\/wp-content\/uploads\/2023\/10\/tunnus-nelio.jpg\",\"contentUrl\":\"https:\/\/www.suviseurat.fi/2024\/wp-content\/uploads\/2023\/10\/tunnus-nelio.jpg\",\"width\":1000,\"height\":1000,\"caption\":\"Suviseurat\"},\"image\":{\"@id\":\"https:\/\/www.suviseurat.fi/2024\/#\/schema\/logo\/image\/\"},\"sameAs\":[\"https:\/\/www.facebook.com\/SRKryNyt\/\",\"https:\/\/x.com\/Suviseurat\",\"https:\/\/www.facebook.com\/srksuviseurat\/\",\"https:\/\/www.youtube.com\/@SRKnyt\",\"https:\/\/www.instagram.com\/srk_nyt\/\",\"https:\/\/www.flickr.com\/photos\/suviseurat\"]}]}<\/script>\n<!-- \/ Yoast SEO plugin. -->","yoast_head_json":{"title":"Ehtoollinen - SRK:n Suviseurat Pudasj\u00e4rvell\u00e4 2024","description":"Kulkusuunnat: Ehtoolliselle saavutaan sis\u00e4\u00e4nk\u00e4ynneist\u00e4 1\u20136 ja liikuntarajoitteiset sis\u00e4\u00e4nk\u00e4ynneist\u00e4 8 ja 11. Sis\u00e4\u00e4nk\u00e4ynnit 1 ja 6 johtavat teltan","robots":{"index":"index","follow":"follow","max-snippet":"max-snippet:-1","max-image-preview":"max-image-preview:large","max-video-preview":"max-video-preview:-1"},"canonical":"https:\/\/www.suviseurat.fi/2024\/ohjeet\/ehtoollinen\/","og_locale":"fi_FI","og_type":"article","og_title":"Ehtoollinen - SRK:n Suviseurat Pudasj\u00e4rvell\u00e4 2024","og_description":"Kulkusuunnat: Ehtoolliselle saavutaan sis\u00e4\u00e4nk\u00e4ynneist\u00e4 1\u20136 ja liikuntarajoitteiset sis\u00e4\u00e4nk\u00e4ynneist\u00e4 8 ja 11. Sis\u00e4\u00e4nk\u00e4ynnit 1 ja 6 johtavat teltan","og_url":"https:\/\/www.suviseurat.fi/2024\/ohjeet\/ehtoollinen\/","og_site_name":"SRK:n Suviseurat Pudasj\u00e4rvell\u00e4 2024","article_publisher":"https:\/\/www.facebook.com\/SRKryNyt\/","article_modified_time":"2024-05-21T07:15:23+00:00","og_image":[{"url":"https:\/\/www.suviseurat.fi/2024\/wp-content\/uploads\/2023\/06\/ehtoollisjarjestelyt_kuva-1024x529.jpg"}],"twitter_card":"summary_large_image","twitter_site":"@Suviseurat","twitter_misc":{"Arvioitu lukuaika":"1 minuutti"},"schema":{"@context":"https:\/\/schema.org","@graph":[{"@type":"WebPage","@id":"https:\/\/www.suviseurat.fi/2024\/ohjeet\/ehtoollinen\/","url":"https:\/\/www.suviseurat.fi/2024\/ohjeet\/ehtoollinen\/","name":"Ehtoollinen - SRK:n Suviseurat Pudasj\u00e4rvell\u00e4 2024","isPartOf":{"@id":"https:\/\/www.suviseurat.fi/2024\/#website"},"primaryImageOfPage":{"@id":"https:\/\/www.suviseurat.fi/2024\/ohjeet\/ehtoollinen\/#primaryimage"},"image":{"@id":"https:\/\/www.suviseurat.fi/2024\/ohjeet\/ehtoollinen\/#primaryimage"},"thumbnailUrl":"https:\/\/www.suviseurat.fi/2024\/wp-content\/uploads\/2023\/06\/ehtoollisjarjestelyt_kuva-1024x529.jpg","datePublished":"2024-05-14T12:30:14+00:00","dateModified":"2024-05-21T07:15:23+00:00","description":"Kulkusuunnat: Ehtoolliselle saavutaan sis\u00e4\u00e4nk\u00e4ynneist\u00e4 1\u20136 ja liikuntarajoitteiset sis\u00e4\u00e4nk\u00e4ynneist\u00e4 8 ja 11. Sis\u00e4\u00e4nk\u00e4ynnit 1 ja 6 johtavat teltan","breadcrumb":{"@id":"https:\/\/www.suviseurat.fi/2024\/ohjeet\/ehtoollinen\/#breadcrumb"},"inLanguage":"fi","potentialAction":[{"@type":"ReadAction","target":["https:\/\/www.suviseurat.fi/2024\/ohjeet\/ehtoollinen\/"]}]},{"@type":"ImageObject","inLanguage":"fi","@id":"https:\/\/www.suviseurat.fi/2024\/ohjeet\/ehtoollinen\/#primaryimage","url":"https:\/\/www.suviseurat.fi/2024\/wp-content\/uploads\/2023\/06\/ehtoollisjarjestelyt_kuva.jpg","contentUrl":"https:\/\/www.suviseurat.fi/2024\/wp-content\/uploads\/2023\/06\/ehtoollisjarjestelyt_kuva.jpg","width":1170,"height":604},{"@type":"BreadcrumbList","@id":"https:\/\/www.suviseurat.fi/2024\/ohjeet\/ehtoollinen\/#breadcrumb","itemListElement":[{"@type":"ListItem","position":1,"name":"Etusivu","item":"https:\/\/www.suviseurat.fi/2024\/"},{"@type":"ListItem","position":2,"name":"Ohjeet","item":"https:\/\/www.suviseurat.fi/2024\/ohjeet\/"},{"@type":"ListItem","position":3,"name":"Ehtoollinen"}]},{"@type":"WebSite","@id":"https:\/\/www.suviseurat.fi/2024\/#website","url":"https:\/\/www.suviseurat.fi/2024\/","name":"SRK:n Suviseurat Pudasj\u00e4rvell\u00e4 2024","description":"Olenko min\u00e4 sinulle rakas?","publisher":{"@id":"https:\/\/www.suviseurat.fi/2024\/#organization"},"potentialAction":[{"@type":"SearchAction","target":{"@type":"EntryPoint","urlTemplate":"https:\/\/www.suviseurat.fi/2024\/?s={search_term_string}"},"query-input":"required name=search_term_string"}],"inLanguage":"fi"},{"@type":"Organization","@id":"https:\/\/www.suviseurat.fi/2024\/#organization","name":"Suviseurat","url":"https:\/\/www.suviseurat.fi/2024\/","logo":{"@type":"ImageObject","inLanguage":"fi","@id":"https:\/\/www.suviseurat.fi/2024\/#\/schema\/logo\/image\/","url":"https:\/\/www.suviseurat.fi/2024\/wp-content\/uploads\/2023\/10\/tunnus-nelio.jpg","contentUrl":"https:\/\/www.suviseurat.fi/2024\/wp-content\/uploads\/2023\/10\/tunnus-nelio.jpg","width":1000,"height":1000,"caption":"Suviseurat"},"image":{"@id":"https:\/\/www.suviseurat.fi/2024\/#\/schema\/logo\/image\/"},"sameAs":["https:\/\/www.facebook.com\/SRKryNyt\/","https:\/\/x.com\/Suviseurat","https:\/\/www.facebook.com\/srksuviseurat\/","https:\/\/www.youtube.com\/@SRKnyt","https:\/\/www.instagram.com\/srk_nyt\/","https:\/\/www.flickr.com\/photos\/suviseurat"]}]}},"_links":{"self":[{"href":"https:\/\/www.suviseurat.fi/2024\/wp-json\/wp\/v2\/pages\/3416"}],"collection":[{"href":"https:\/\/www.suviseurat.fi/2024\/wp-json\/wp\/v2\/pages"}],"about":[{"href":"https:\/\/www.suviseurat.fi/2024\/wp-json\/wp\/v2\/types\/page"}],"author":[{"embeddable":true,"href":"https:\/\/www.suviseurat.fi/2024\/wp-json\/wp\/v2\/users\/19"}],"replies":[{"embeddable":true,"href":"https:\/\/www.suviseurat.fi/2024\/wp-json\/wp\/v2\/comments?post=3416"}],"version-history":[{"count":12,"href":"https:\/\/www.suviseurat.fi/2024\/wp-json\/wp\/v2\/pages\/3416\/revisions"}],"predecessor-version":[{"id":19842,"href":"https:\/\/www.suviseurat.fi/2024\/wp-json\/wp\/v2\/pages\/3416\/revisions\/19842"}],"up":[{"embeddable":true,"href":"https:\/\/www.suviseurat.fi/2024\/wp-json\/wp\/v2\/pages\/738"}],"wp:attachment":[{"href":"https:\/\/www.suviseurat.fi/2024\/wp-json\/wp\/v2\/media?parent=3416"}],"curies":[{"name":"wp","href":"https:\/\/api.w.org\/{rel}","templated":true}]}}