{"id":3567,"date":"2022-06-24T16:30:00","date_gmt":"2022-06-24T13:30:00","guid":{"rendered":"https:\/\/www.suviseurat.fi/2024\/?page_id=3567"},"modified":"2024-06-10T22:05:39","modified_gmt":"2024-06-10T19:05:39","slug":"loytotavarat","status":"publish","type":"page","link":"https:\/\/www.suviseurat.fi/2024\/ohjeet\/loytotavarat\/","title":{"rendered":"L\u00f6yt\u00f6tavarat"},"content":{"rendered":"\n<p>Turvallisuustoimisto yll\u00e4pit\u00e4\u00e4 l\u00f6yt\u00f6tavaratoimistoa Suviseurojen ajan. Niiden p\u00e4\u00e4tytty\u00e4 noutamatta j\u00e4\u00e4neit\u00e4 l\u00f6yt\u00f6tavaroita voi tiedustella Pudasj\u00e4rven poliisiasemalta.<\/p>\n","protected":false},"excerpt":{"rendered":"<p>Turvallisuustoimisto yll\u00e4pit\u00e4\u00e4 l\u00f6yt\u00f6tavaratoimistoa Suviseurojen ajan. Niiden p\u00e4\u00e4tytty\u00e4 noutamatta j\u00e4\u00e4neit\u00e4 l\u00f6yt\u00f6tavaroita voi tiedustella Pudasj\u00e4rven poliisiasemalta.<\/p>\n","protected":false},"author":19,"featured_media":0,"parent":738,"menu_order":9,"comment_status":"closed","ping_status":"closed","template":"","meta":{"_acf_changed":false,"footnotes":""},"class_list":["post-3567","page","type-page","status-publish","hentry"],"acf":[],"yoast_head":"<!-- This site is optimized with the Yoast SEO plugin v23.3 - https:\/\/yoast.com\/wordpress\/plugins\/seo\/ -->\n<title>L\u00f6yt\u00f6tavarat - SRK:n Suviseurat Pudasj\u00e4rvell\u00e4 2024<\/title>\n<meta name=\"description\" content=\"Turvallisuustoimisto yll\u00e4pit\u00e4\u00e4 l\u00f6yt\u00f6tavaratoimistoa Suviseurojen ajan. Niiden p\u00e4\u00e4tytty\u00e4 noutamatta j\u00e4\u00e4neit\u00e4 l\u00f6yt\u00f6tavaroita voi tiedustella Pudasj\u00e4rven\" \/>\n<meta name=\"robots\" content=\"index, follow, max-snippet:-1, max-image-preview:large, max-video-preview:-1\" \/>\n<link rel=\"canonical\" href=\"https:\/\/www.suviseurat.fi/2024\/ohjeet\/loytotavarat\/\" \/>\n<meta property=\"og:locale\" content=\"fi_FI\" \/>\n<meta property=\"og:type\" content=\"article\" \/>\n<meta property=\"og:title\" content=\"L\u00f6yt\u00f6tavarat - SRK:n Suviseurat Pudasj\u00e4rvell\u00e4 2024\" \/>\n<meta property=\"og:description\" content=\"Turvallisuustoimisto yll\u00e4pit\u00e4\u00e4 l\u00f6yt\u00f6tavaratoimistoa Suviseurojen ajan. Niiden p\u00e4\u00e4tytty\u00e4 noutamatta j\u00e4\u00e4neit\u00e4 l\u00f6yt\u00f6tavaroita voi tiedustella Pudasj\u00e4rven\" \/>\n<meta property=\"og:url\" content=\"https:\/\/www.suviseurat.fi/2024\/ohjeet\/loytotavarat\/\" \/>\n<meta property=\"og:site_name\" content=\"SRK:n Suviseurat Pudasj\u00e4rvell\u00e4 2024\" \/>\n<meta property=\"article:publisher\" content=\"https:\/\/www.facebook.com\/SRKryNyt\/\" \/>\n<meta property=\"article:modified_time\" content=\"2024-06-10T19:05:39+00:00\" \/>\n<meta name=\"twitter:card\" content=\"summary_large_image\" \/>\n<meta name=\"twitter:site\" content=\"@Suviseurat\" \/>\n<meta name=\"twitter:label1\" content=\"Arvioitu lukuaika\" \/>\n\t<meta name=\"twitter:data1\" content=\"1 minuutti\" \/>\n<script type=\"application\/ld+json\" class=\"yoast-schema-graph\">{\"@context\":\"https:\/\/schema.org\",\"@graph\":[{\"@type\":\"WebPage\",\"@id\":\"https:\/\/www.suviseurat.fi/2024\/ohjeet\/loytotavarat\/\",\"url\":\"https:\/\/www.suviseurat.fi/2024\/ohjeet\/loytotavarat\/\",\"name\":\"L\u00f6yt\u00f6tavarat - SRK:n Suviseurat Pudasj\u00e4rvell\u00e4 2024\",\"isPartOf\":{\"@id\":\"https:\/\/www.suviseurat.fi/2024\/#website\"},\"datePublished\":\"2022-06-24T13:30:00+00:00\",\"dateModified\":\"2024-06-10T19:05:39+00:00\",\"description\":\"Turvallisuustoimisto yll\u00e4pit\u00e4\u00e4 l\u00f6yt\u00f6tavaratoimistoa Suviseurojen ajan. Niiden p\u00e4\u00e4tytty\u00e4 noutamatta j\u00e4\u00e4neit\u00e4 l\u00f6yt\u00f6tavaroita voi tiedustella Pudasj\u00e4rven\",\"breadcrumb\":{\"@id\":\"https:\/\/www.suviseurat.fi/2024\/ohjeet\/loytotavarat\/#breadcrumb\"},\"inLanguage\":\"fi\",\"potentialAction\":[{\"@type\":\"ReadAction\",\"target\":[\"https:\/\/www.suviseurat.fi/2024\/ohjeet\/loytotavarat\/\"]}]},{\"@type\":\"BreadcrumbList\",\"@id\":\"https:\/\/www.suviseurat.fi/2024\/ohjeet\/loytotavarat\/#breadcrumb\",\"itemListElement\":[{\"@type\":\"ListItem\",\"position\":1,\"name\":\"Etusivu\",\"item\":\"https:\/\/www.suviseurat.fi/2024\/\"},{\"@type\":\"ListItem\",\"position\":2,\"name\":\"Ohjeet\",\"item\":\"https:\/\/www.suviseurat.fi/2024\/ohjeet\/\"},{\"@type\":\"ListItem\",\"position\":3,\"name\":\"L\u00f6yt\u00f6tavarat\"}]},{\"@type\":\"WebSite\",\"@id\":\"https:\/\/www.suviseurat.fi/2024\/#website\",\"url\":\"https:\/\/www.suviseurat.fi/2024\/\",\"name\":\"SRK:n Suviseurat Pudasj\u00e4rvell\u00e4 2024\",\"description\":\"Olenko min\u00e4 sinulle rakas?\",\"publisher\":{\"@id\":\"https:\/\/www.suviseurat.fi/2024\/#organization\"},\"potentialAction\":[{\"@type\":\"SearchAction\",\"target\":{\"@type\":\"EntryPoint\",\"urlTemplate\":\"https:\/\/www.suviseurat.fi/2024\/?s={search_term_string}\"},\"query-input\":\"required name=search_term_string\"}],\"inLanguage\":\"fi\"},{\"@type\":\"Organization\",\"@id\":\"https:\/\/www.suviseurat.fi/2024\/#organization\",\"name\":\"Suviseurat\",\"url\":\"https:\/\/www.suviseurat.fi/2024\/\",\"logo\":{\"@type\":\"ImageObject\",\"inLanguage\":\"fi\",\"@id\":\"https:\/\/www.suviseurat.fi/2024\/#\/schema\/logo\/image\/\",\"url\":\"https:\/\/www.suviseurat.fi/2024\/wp-content\/uploads\/2023\/10\/tunnus-nelio.jpg\",\"contentUrl\":\"https:\/\/www.suviseurat.fi/2024\/wp-content\/uploads\/2023\/10\/tunnus-nelio.jpg\",\"width\":1000,\"height\":1000,\"caption\":\"Suviseurat\"},\"image\":{\"@id\":\"https:\/\/www.suviseurat.fi/2024\/#\/schema\/logo\/image\/\"},\"sameAs\":[\"https:\/\/www.facebook.com\/SRKryNyt\/\",\"https:\/\/x.com\/Suviseurat\",\"https:\/\/www.facebook.com\/srksuviseurat\/\",\"https:\/\/www.youtube.com\/@SRKnyt\",\"https:\/\/www.instagram.com\/srk_nyt\/\",\"https:\/\/www.flickr.com\/photos\/suviseurat\"]}]}<\/script>\n<!-- \/ Yoast SEO plugin. -->","yoast_head_json":{"title":"L\u00f6yt\u00f6tavarat - SRK:n Suviseurat Pudasj\u00e4rvell\u00e4 2024","description":"Turvallisuustoimisto yll\u00e4pit\u00e4\u00e4 l\u00f6yt\u00f6tavaratoimistoa Suviseurojen ajan. Niiden p\u00e4\u00e4tytty\u00e4 noutamatta j\u00e4\u00e4neit\u00e4 l\u00f6yt\u00f6tavaroita voi tiedustella Pudasj\u00e4rven","robots":{"index":"index","follow":"follow","max-snippet":"max-snippet:-1","max-image-preview":"max-image-preview:large","max-video-preview":"max-video-preview:-1"},"canonical":"https:\/\/www.suviseurat.fi/2024\/ohjeet\/loytotavarat\/","og_locale":"fi_FI","og_type":"article","og_title":"L\u00f6yt\u00f6tavarat - SRK:n Suviseurat Pudasj\u00e4rvell\u00e4 2024","og_description":"Turvallisuustoimisto yll\u00e4pit\u00e4\u00e4 l\u00f6yt\u00f6tavaratoimistoa Suviseurojen ajan. Niiden p\u00e4\u00e4tytty\u00e4 noutamatta j\u00e4\u00e4neit\u00e4 l\u00f6yt\u00f6tavaroita voi tiedustella Pudasj\u00e4rven","og_url":"https:\/\/www.suviseurat.fi/2024\/ohjeet\/loytotavarat\/","og_site_name":"SRK:n Suviseurat Pudasj\u00e4rvell\u00e4 2024","article_publisher":"https:\/\/www.facebook.com\/SRKryNyt\/","article_modified_time":"2024-06-10T19:05:39+00:00","twitter_card":"summary_large_image","twitter_site":"@Suviseurat","twitter_misc":{"Arvioitu lukuaika":"1 minuutti"},"schema":{"@context":"https:\/\/schema.org","@graph":[{"@type":"WebPage","@id":"https:\/\/www.suviseurat.fi/2024\/ohjeet\/loytotavarat\/","url":"https:\/\/www.suviseurat.fi/2024\/ohjeet\/loytotavarat\/","name":"L\u00f6yt\u00f6tavarat - SRK:n Suviseurat Pudasj\u00e4rvell\u00e4 2024","isPartOf":{"@id":"https:\/\/www.suviseurat.fi/2024\/#website"},"datePublished":"2022-06-24T13:30:00+00:00","dateModified":"2024-06-10T19:05:39+00:00","description":"Turvallisuustoimisto yll\u00e4pit\u00e4\u00e4 l\u00f6yt\u00f6tavaratoimistoa Suviseurojen ajan. Niiden p\u00e4\u00e4tytty\u00e4 noutamatta j\u00e4\u00e4neit\u00e4 l\u00f6yt\u00f6tavaroita voi tiedustella Pudasj\u00e4rven","breadcrumb":{"@id":"https:\/\/www.suviseurat.fi/2024\/ohjeet\/loytotavarat\/#breadcrumb"},"inLanguage":"fi","potentialAction":[{"@type":"ReadAction","target":["https:\/\/www.suviseurat.fi/2024\/ohjeet\/loytotavarat\/"]}]},{"@type":"BreadcrumbList","@id":"https:\/\/www.suviseurat.fi/2024\/ohjeet\/loytotavarat\/#breadcrumb","itemListElement":[{"@type":"ListItem","position":1,"name":"Etusivu","item":"https:\/\/www.suviseurat.fi/2024\/"},{"@type":"ListItem","position":2,"name":"Ohjeet","item":"https:\/\/www.suviseurat.fi/2024\/ohjeet\/"},{"@type":"ListItem","position":3,"name":"L\u00f6yt\u00f6tavarat"}]},{"@type":"WebSite","@id":"https:\/\/www.suviseurat.fi/2024\/#website","url":"https:\/\/www.suviseurat.fi/2024\/","name":"SRK:n Suviseurat Pudasj\u00e4rvell\u00e4 2024","description":"Olenko min\u00e4 sinulle rakas?","publisher":{"@id":"https:\/\/www.suviseurat.fi/2024\/#organization"},"potentialAction":[{"@type":"SearchAction","target":{"@type":"EntryPoint","urlTemplate":"https:\/\/www.suviseurat.fi/2024\/?s={search_term_string}"},"query-input":"required name=search_term_string"}],"inLanguage":"fi"},{"@type":"Organization","@id":"https:\/\/www.suviseurat.fi/2024\/#organization","name":"Suviseurat","url":"https:\/\/www.suviseurat.fi/2024\/","logo":{"@type":"ImageObject","inLanguage":"fi","@id":"https:\/\/www.suviseurat.fi/2024\/#\/schema\/logo\/image\/","url":"https:\/\/www.suviseurat.fi/2024\/wp-content\/uploads\/2023\/10\/tunnus-nelio.jpg","contentUrl":"https:\/\/www.suviseurat.fi/2024\/wp-content\/uploads\/2023\/10\/tunnus-nelio.jpg","width":1000,"height":1000,"caption":"Suviseurat"},"image":{"@id":"https:\/\/www.suviseurat.fi/2024\/#\/schema\/logo\/image\/"},"sameAs":["https:\/\/www.facebook.com\/SRKryNyt\/","https:\/\/x.com\/Suviseurat","https:\/\/www.facebook.com\/srksuviseurat\/","https:\/\/www.youtube.com\/@SRKnyt","https:\/\/www.instagram.com\/srk_nyt\/","https:\/\/www.flickr.com\/photos\/suviseurat"]}]}},"_links":{"self":[{"href":"https:\/\/www.suviseurat.fi/2024\/wp-json\/wp\/v2\/pages\/3567"}],"collection":[{"href":"https:\/\/www.suviseurat.fi/2024\/wp-json\/wp\/v2\/pages"}],"about":[{"href":"https:\/\/www.suviseurat.fi/2024\/wp-json\/wp\/v2\/types\/page"}],"author":[{"embeddable":true,"href":"https:\/\/www.suviseurat.fi/2024\/wp-json\/wp\/v2\/users\/19"}],"replies":[{"embeddable":true,"href":"https:\/\/www.suviseurat.fi/2024\/wp-json\/wp\/v2\/comments?post=3567"}],"version-history":[{"count":10,"href":"https:\/\/www.suviseurat.fi/2024\/wp-json\/wp\/v2\/pages\/3567\/revisions"}],"predecessor-version":[{"id":19855,"href":"https:\/\/www.suviseurat.fi/2024\/wp-json\/wp\/v2\/pages\/3567\/revisions\/19855"}],"up":[{"embeddable":true,"href":"https:\/\/www.suviseurat.fi/2024\/wp-json\/wp\/v2\/pages\/738"}],"wp:attachment":[{"href":"https:\/\/www.suviseurat.fi/2024\/wp-json\/wp\/v2\/media?parent=3567"}],"curies":[{"name":"wp","href":"https:\/\/api.w.org\/{rel}","templated":true}]}}