{"id":4221,"date":"2022-06-24T14:50:00","date_gmt":"2022-06-24T11:50:00","guid":{"rendered":"https:\/\/www.suviseurat.fi/2024\/?page_id=4221"},"modified":"2024-05-26T15:42:49","modified_gmt":"2024-05-26T12:42:49","slug":"kysymyksia-ja-vastauksia","status":"publish","type":"page","link":"https:\/\/www.suviseurat.fi/2024\/liikenne\/kysymyksia-ja-vastauksia\/","title":{"rendered":"Kysymyksi\u00e4 ja vastauksia"},"content":{"rendered":"<h2><strong>Kysymyksi\u00e4 ja vastauksia liikenteest\u00e4 ja seura-alueen t\u00e4yt\u00f6st\u00e4<\/strong><\/h2>\n<p><b>Miksi suviseurakentt\u00e4 avataan majoittujille vasta keskiviikkona klo 9?<br \/>\n<\/b><span style=\"font-weight: 400\">Seura-alueen avaaminen tarkoittaa my\u00f6s palvelujen avaamista ja siten my\u00f6s talkooty\u00f6vuorojen lis\u00e4\u00e4ntymist\u00e4. Aattoseurat alkavat torstaina.<\/span><\/p>\n<p><b>Miksi kent\u00e4ll\u00e4 kuitenkin on jo vaunuja ja v\u00e4ke\u00e4 jo maanantaina ja tiistaina?<br \/>\n<\/b><span style=\"font-weight: 400\">Seura-alueen valmistelut vaativat paljon talkooty\u00f6t\u00e4, jotka alkavat toukokuun alussa ja kest\u00e4v\u00e4t seurojen loppuun. Vaunut ovat p\u00e4\u00e4asiassa erityisess\u00e4 vastuuteht\u00e4v\u00e4ss\u00e4 olevien henkil\u00f6iden, jotka ovat vastuuteht\u00e4viss\u00e4 jo ennen seuroja. Vastuuhenkil\u00f6ill\u00e4 on oikeus tuoda majoituskalustoa kent\u00e4lle maanantaina ja tiistaina klo 08.00-22.00, mik\u00e4li j\u00e4\u00e4v\u00e4t y\u00f6ksi ja t\u00f6ihin seura-alueelle. Mukana on oltava etuk\u00e4teen jaettu tuulilasikyltti tai ty\u00f6m\u00e4\u00e4r\u00e4in.\u00a0<\/span><\/p>\n<p><b>Miksi pit\u00e4\u00e4 noudattaa reittiohjeita?<br \/>\n<\/b><span style=\"font-weight: 400\">Liikennetoimikunta on suunnitellut liikennev\u00e4yl\u00e4t mahdollisimman turvallisiksi ja sujuviksi. Reittiohjeiden noudattamisella mahdollistetaan sujuva toiminta ja ehk\u00e4ist\u00e4\u00e4n tarpeettomat ruuhkat sek\u00e4 pitk\u00e4t jonotusajat.<\/span><\/p>\n<p><b>Miksi en voi varata paikkaa kaverille\/sukulaiselle?<br \/>\n<\/b><span style=\"font-weight: 400\">Seura-aluetta t\u00e4ytet\u00e4\u00e4n samanaikaisesti useasta suunnasta. Niin sanottujen aukkojen t\u00e4ytt\u00e4minen alueen t\u00e4yt\u00f6n j\u00e4lkeen aiheuttaa ruuhkia ja etenkin jalankulkijoiden turvallisuus k\u00e4rsii. Majoitusaluetta on varattu sen verran, ett\u00e4 kaikkien pit\u00e4isi mahtua alueelle. Mik\u00e4li aukkoja j\u00e4\u00e4, majoituspaikkoja ei riit\u00e4 suunnitellusti.<\/span><\/p>\n<p><b>Miksi ei saa pystytt\u00e4\u00e4 telttaryhmi\u00e4?<br \/>\n<\/b><span style=\"font-weight: 400\">Esimerkiksi pressulla peitetty usean teltan ryhm\u00e4 on eritt\u00e4in vaarallinen onnettomuustilanteessa. Yksitt\u00e4isess\u00e4 teltassa syttynyt tulipalo aiheuttaa koko telttaryhm\u00e4n syttymisen.<\/span><\/p>\n","protected":false},"excerpt":{"rendered":"<p>Kysymyksi\u00e4 ja vastauksia liikenteest\u00e4 ja seura-alueen t\u00e4yt\u00f6st\u00e4 Miksi suviseurakentt\u00e4 avataan majoittujille vasta keskiviikkona klo 9?<a class=\"moretag\" href=\"https:\/\/www.suviseurat.fi/2024\/liikenne\/kysymyksia-ja-vastauksia\/\">Jatka lukemista ><\/a><\/p>\n","protected":false},"author":19,"featured_media":0,"parent":4199,"menu_order":8,"comment_status":"closed","ping_status":"closed","template":"","meta":{"_acf_changed":false,"footnotes":""},"class_list":["post-4221","page","type-page","status-publish","hentry"],"acf":[],"yoast_head":"<!-- This site is optimized with the Yoast SEO plugin v23.3 - https:\/\/yoast.com\/wordpress\/plugins\/seo\/ -->\n<title>Kysymyksi\u00e4 ja vastauksia - SRK:n Suviseurat Pudasj\u00e4rvell\u00e4 2024<\/title>\n<meta name=\"description\" content=\"Kysymyksi\u00e4 ja vastauksia liikenteest\u00e4 ja seura-alueen t\u00e4yt\u00f6st\u00e4 Miksi suviseurakentt\u00e4 avataan majoittujille vasta keskiviikkona klo 9? Seura-alueen\" \/>\n<meta name=\"robots\" content=\"index, follow, max-snippet:-1, max-image-preview:large, max-video-preview:-1\" \/>\n<link rel=\"canonical\" href=\"https:\/\/www.suviseurat.fi/2024\/liikenne\/kysymyksia-ja-vastauksia\/\" \/>\n<meta property=\"og:locale\" content=\"fi_FI\" \/>\n<meta property=\"og:type\" content=\"article\" \/>\n<meta property=\"og:title\" content=\"Kysymyksi\u00e4 ja vastauksia - SRK:n Suviseurat Pudasj\u00e4rvell\u00e4 2024\" \/>\n<meta property=\"og:description\" content=\"Kysymyksi\u00e4 ja vastauksia liikenteest\u00e4 ja seura-alueen t\u00e4yt\u00f6st\u00e4 Miksi suviseurakentt\u00e4 avataan majoittujille vasta keskiviikkona klo 9? Seura-alueen\" \/>\n<meta property=\"og:url\" content=\"https:\/\/www.suviseurat.fi/2024\/liikenne\/kysymyksia-ja-vastauksia\/\" \/>\n<meta property=\"og:site_name\" content=\"SRK:n Suviseurat Pudasj\u00e4rvell\u00e4 2024\" \/>\n<meta property=\"article:publisher\" content=\"https:\/\/www.facebook.com\/SRKryNyt\/\" \/>\n<meta property=\"article:modified_time\" content=\"2024-05-26T12:42:49+00:00\" \/>\n<meta name=\"twitter:card\" content=\"summary_large_image\" \/>\n<meta name=\"twitter:site\" content=\"@Suviseurat\" \/>\n<meta name=\"twitter:label1\" content=\"Arvioitu lukuaika\" \/>\n\t<meta name=\"twitter:data1\" content=\"1 minuutti\" \/>\n<script type=\"application\/ld+json\" class=\"yoast-schema-graph\">{\"@context\":\"https:\/\/schema.org\",\"@graph\":[{\"@type\":\"WebPage\",\"@id\":\"https:\/\/www.suviseurat.fi/2024\/liikenne\/kysymyksia-ja-vastauksia\/\",\"url\":\"https:\/\/www.suviseurat.fi/2024\/liikenne\/kysymyksia-ja-vastauksia\/\",\"name\":\"Kysymyksi\u00e4 ja vastauksia - SRK:n Suviseurat Pudasj\u00e4rvell\u00e4 2024\",\"isPartOf\":{\"@id\":\"https:\/\/www.suviseurat.fi/2024\/#website\"},\"datePublished\":\"2022-06-24T11:50:00+00:00\",\"dateModified\":\"2024-05-26T12:42:49+00:00\",\"description\":\"Kysymyksi\u00e4 ja vastauksia liikenteest\u00e4 ja seura-alueen t\u00e4yt\u00f6st\u00e4 Miksi suviseurakentt\u00e4 avataan majoittujille vasta keskiviikkona klo 9? Seura-alueen\",\"breadcrumb\":{\"@id\":\"https:\/\/www.suviseurat.fi/2024\/liikenne\/kysymyksia-ja-vastauksia\/#breadcrumb\"},\"inLanguage\":\"fi\",\"potentialAction\":[{\"@type\":\"ReadAction\",\"target\":[\"https:\/\/www.suviseurat.fi/2024\/liikenne\/kysymyksia-ja-vastauksia\/\"]}]},{\"@type\":\"BreadcrumbList\",\"@id\":\"https:\/\/www.suviseurat.fi/2024\/liikenne\/kysymyksia-ja-vastauksia\/#breadcrumb\",\"itemListElement\":[{\"@type\":\"ListItem\",\"position\":1,\"name\":\"Etusivu\",\"item\":\"https:\/\/www.suviseurat.fi/2024\/\"},{\"@type\":\"ListItem\",\"position\":2,\"name\":\"Liikenne\",\"item\":\"https:\/\/www.suviseurat.fi/2024\/liikenne\/\"},{\"@type\":\"ListItem\",\"position\":3,\"name\":\"Kysymyksi\u00e4 ja vastauksia\"}]},{\"@type\":\"WebSite\",\"@id\":\"https:\/\/www.suviseurat.fi/2024\/#website\",\"url\":\"https:\/\/www.suviseurat.fi/2024\/\",\"name\":\"SRK:n Suviseurat Pudasj\u00e4rvell\u00e4 2024\",\"description\":\"Olenko min\u00e4 sinulle rakas?\",\"publisher\":{\"@id\":\"https:\/\/www.suviseurat.fi/2024\/#organization\"},\"potentialAction\":[{\"@type\":\"SearchAction\",\"target\":{\"@type\":\"EntryPoint\",\"urlTemplate\":\"https:\/\/www.suviseurat.fi/2024\/?s={search_term_string}\"},\"query-input\":\"required name=search_term_string\"}],\"inLanguage\":\"fi\"},{\"@type\":\"Organization\",\"@id\":\"https:\/\/www.suviseurat.fi/2024\/#organization\",\"name\":\"Suviseurat\",\"url\":\"https:\/\/www.suviseurat.fi/2024\/\",\"logo\":{\"@type\":\"ImageObject\",\"inLanguage\":\"fi\",\"@id\":\"https:\/\/www.suviseurat.fi/2024\/#\/schema\/logo\/image\/\",\"url\":\"https:\/\/www.suviseurat.fi/2024\/wp-content\/uploads\/2023\/10\/tunnus-nelio.jpg\",\"contentUrl\":\"https:\/\/www.suviseurat.fi/2024\/wp-content\/uploads\/2023\/10\/tunnus-nelio.jpg\",\"width\":1000,\"height\":1000,\"caption\":\"Suviseurat\"},\"image\":{\"@id\":\"https:\/\/www.suviseurat.fi/2024\/#\/schema\/logo\/image\/\"},\"sameAs\":[\"https:\/\/www.facebook.com\/SRKryNyt\/\",\"https:\/\/x.com\/Suviseurat\",\"https:\/\/www.facebook.com\/srksuviseurat\/\",\"https:\/\/www.youtube.com\/@SRKnyt\",\"https:\/\/www.instagram.com\/srk_nyt\/\",\"https:\/\/www.flickr.com\/photos\/suviseurat\"]}]}<\/script>\n<!-- \/ Yoast SEO plugin. -->","yoast_head_json":{"title":"Kysymyksi\u00e4 ja vastauksia - SRK:n Suviseurat Pudasj\u00e4rvell\u00e4 2024","description":"Kysymyksi\u00e4 ja vastauksia liikenteest\u00e4 ja seura-alueen t\u00e4yt\u00f6st\u00e4 Miksi suviseurakentt\u00e4 avataan majoittujille vasta keskiviikkona klo 9? Seura-alueen","robots":{"index":"index","follow":"follow","max-snippet":"max-snippet:-1","max-image-preview":"max-image-preview:large","max-video-preview":"max-video-preview:-1"},"canonical":"https:\/\/www.suviseurat.fi/2024\/liikenne\/kysymyksia-ja-vastauksia\/","og_locale":"fi_FI","og_type":"article","og_title":"Kysymyksi\u00e4 ja vastauksia - SRK:n Suviseurat Pudasj\u00e4rvell\u00e4 2024","og_description":"Kysymyksi\u00e4 ja vastauksia liikenteest\u00e4 ja seura-alueen t\u00e4yt\u00f6st\u00e4 Miksi suviseurakentt\u00e4 avataan majoittujille vasta keskiviikkona klo 9? Seura-alueen","og_url":"https:\/\/www.suviseurat.fi/2024\/liikenne\/kysymyksia-ja-vastauksia\/","og_site_name":"SRK:n Suviseurat Pudasj\u00e4rvell\u00e4 2024","article_publisher":"https:\/\/www.facebook.com\/SRKryNyt\/","article_modified_time":"2024-05-26T12:42:49+00:00","twitter_card":"summary_large_image","twitter_site":"@Suviseurat","twitter_misc":{"Arvioitu lukuaika":"1 minuutti"},"schema":{"@context":"https:\/\/schema.org","@graph":[{"@type":"WebPage","@id":"https:\/\/www.suviseurat.fi/2024\/liikenne\/kysymyksia-ja-vastauksia\/","url":"https:\/\/www.suviseurat.fi/2024\/liikenne\/kysymyksia-ja-vastauksia\/","name":"Kysymyksi\u00e4 ja vastauksia - SRK:n Suviseurat Pudasj\u00e4rvell\u00e4 2024","isPartOf":{"@id":"https:\/\/www.suviseurat.fi/2024\/#website"},"datePublished":"2022-06-24T11:50:00+00:00","dateModified":"2024-05-26T12:42:49+00:00","description":"Kysymyksi\u00e4 ja vastauksia liikenteest\u00e4 ja seura-alueen t\u00e4yt\u00f6st\u00e4 Miksi suviseurakentt\u00e4 avataan majoittujille vasta keskiviikkona klo 9? Seura-alueen","breadcrumb":{"@id":"https:\/\/www.suviseurat.fi/2024\/liikenne\/kysymyksia-ja-vastauksia\/#breadcrumb"},"inLanguage":"fi","potentialAction":[{"@type":"ReadAction","target":["https:\/\/www.suviseurat.fi/2024\/liikenne\/kysymyksia-ja-vastauksia\/"]}]},{"@type":"BreadcrumbList","@id":"https:\/\/www.suviseurat.fi/2024\/liikenne\/kysymyksia-ja-vastauksia\/#breadcrumb","itemListElement":[{"@type":"ListItem","position":1,"name":"Etusivu","item":"https:\/\/www.suviseurat.fi/2024\/"},{"@type":"ListItem","position":2,"name":"Liikenne","item":"https:\/\/www.suviseurat.fi/2024\/liikenne\/"},{"@type":"ListItem","position":3,"name":"Kysymyksi\u00e4 ja vastauksia"}]},{"@type":"WebSite","@id":"https:\/\/www.suviseurat.fi/2024\/#website","url":"https:\/\/www.suviseurat.fi/2024\/","name":"SRK:n Suviseurat Pudasj\u00e4rvell\u00e4 2024","description":"Olenko min\u00e4 sinulle rakas?","publisher":{"@id":"https:\/\/www.suviseurat.fi/2024\/#organization"},"potentialAction":[{"@type":"SearchAction","target":{"@type":"EntryPoint","urlTemplate":"https:\/\/www.suviseurat.fi/2024\/?s={search_term_string}"},"query-input":"required name=search_term_string"}],"inLanguage":"fi"},{"@type":"Organization","@id":"https:\/\/www.suviseurat.fi/2024\/#organization","name":"Suviseurat","url":"https:\/\/www.suviseurat.fi/2024\/","logo":{"@type":"ImageObject","inLanguage":"fi","@id":"https:\/\/www.suviseurat.fi/2024\/#\/schema\/logo\/image\/","url":"https:\/\/www.suviseurat.fi/2024\/wp-content\/uploads\/2023\/10\/tunnus-nelio.jpg","contentUrl":"https:\/\/www.suviseurat.fi/2024\/wp-content\/uploads\/2023\/10\/tunnus-nelio.jpg","width":1000,"height":1000,"caption":"Suviseurat"},"image":{"@id":"https:\/\/www.suviseurat.fi/2024\/#\/schema\/logo\/image\/"},"sameAs":["https:\/\/www.facebook.com\/SRKryNyt\/","https:\/\/x.com\/Suviseurat","https:\/\/www.facebook.com\/srksuviseurat\/","https:\/\/www.youtube.com\/@SRKnyt","https:\/\/www.instagram.com\/srk_nyt\/","https:\/\/www.flickr.com\/photos\/suviseurat"]}]}},"_links":{"self":[{"href":"https:\/\/www.suviseurat.fi/2024\/wp-json\/wp\/v2\/pages\/4221"}],"collection":[{"href":"https:\/\/www.suviseurat.fi/2024\/wp-json\/wp\/v2\/pages"}],"about":[{"href":"https:\/\/www.suviseurat.fi/2024\/wp-json\/wp\/v2\/types\/page"}],"author":[{"embeddable":true,"href":"https:\/\/www.suviseurat.fi/2024\/wp-json\/wp\/v2\/users\/19"}],"replies":[{"embeddable":true,"href":"https:\/\/www.suviseurat.fi/2024\/wp-json\/wp\/v2\/comments?post=4221"}],"version-history":[{"count":11,"href":"https:\/\/www.suviseurat.fi/2024\/wp-json\/wp\/v2\/pages\/4221\/revisions"}],"predecessor-version":[{"id":19927,"href":"https:\/\/www.suviseurat.fi/2024\/wp-json\/wp\/v2\/pages\/4221\/revisions\/19927"}],"up":[{"embeddable":true,"href":"https:\/\/www.suviseurat.fi/2024\/wp-json\/wp\/v2\/pages\/4199"}],"wp:attachment":[{"href":"https:\/\/www.suviseurat.fi/2024\/wp-json\/wp\/v2\/media?parent=4221"}],"curies":[{"name":"wp","href":"https:\/\/api.w.org\/{rel}","templated":true}]}}