{"id":591,"date":"2024-06-07T20:51:09","date_gmt":"2024-06-07T17:51:09","guid":{"rendered":"https:\/\/www.suviseurat.fi/2024\/?page_id=591"},"modified":"2024-06-27T12:53:23","modified_gmt":"2024-06-27T09:53:23","slug":"bussi-ja-taksiliikenne","status":"publish","type":"page","link":"https:\/\/www.suviseurat.fi/2024\/liikenne\/bussi-ja-taksiliikenne\/","title":{"rendered":"Bussi- ja taksiliikenne"},"content":{"rendered":"<p><img loading=\"lazy\" decoding=\"async\" class=\"alignnone size-full wp-image-18362\" src=\"https:\/\/www.suviseurat.fi/2024\/wp-content\/uploads\/2023\/06\/linja-auto-opaste.png\" alt=\"\" width=\"234\" height=\"241\" \/><\/p>\n<h3><strong>L\u00e4hiliikenne<\/strong><\/h3>\n<p><strong>TO 11\u201322, PE\u2013SU 8\u201324, MA 8\u201317<\/strong><\/p>\n<p>Suviseurojen l\u00e4hiliikenteen linja-auto ajaa Suviseurojen linja-autoaseman ja Pudasj\u00e4rven linja-autoaseman v\u00e4lill\u00e4 to 27.6.\u2013 ma 1.7.<\/p>\n<p>Vuoro liikenn\u00f6i seuraavaa reitti\u00e4:<br \/>\nSuviseurojen linja-autoasema \u2192 Pudasj\u00e4rven uimahalli \u2192 (aamu- ja iltavuorot keskustan yhteismajoitusten kautta) \u2192 Pudasj\u00e4rven linja-autoasema.<\/p>\n<p>Sunnuntaina l\u00e4hiliikenteen reitti kulkee Pudasj\u00e4rven kirkon kautta ennen ja j\u00e4lkeen jumalanpalveluksen.<\/p>\n<p>Linja-autojen aikataulut l\u00f6ytyv\u00e4t Suviseurojen linja-autoasemalta, infopisteest\u00e4, ilmoitustaululta, liikennetoimistosta, majoitustoimistosta, yhteismajoituksista, Pudasj\u00e4rven linja-autoasemalta (S-Market) ja nettisivuilta.<\/p>\n<p>Hinnasto\/suunta:<br \/>\nPerhelippu 14 \u20ac<br \/>\nAikuiset 4 \u20ac<br \/>\nLapset alle 12 v. 2 \u20ac<br \/>\nLapset alle 4 v. ilmaiseksi<br \/>\nMaksutavat: pankkikortti ja k\u00e4teinen<\/p>\n<p>\u200e \u200e<\/p>\n<h3><strong>L\u00e4hiliikenteen aikataulut<\/strong><\/h3>\n<table style=\"width: 100%;border-collapse: collapse\" cellspacing=\"20px\">\n<tbody>\n<tr>\n<td style=\"width: 50%;padding: 0px 30px 0px 0px;text-align: center\"><strong>SEURA-ALUE<\/strong> linja-autoasema<br \/>\n<strong>&#8211; UIMAHALLI &#8211; KESKUSTA<\/strong> linja-autoasema<\/p>\n<p style=\"text-align: center\"><a href=\"https:\/\/www.suviseurat.fi/2024\/wp-content\/uploads\/2024\/06\/Lahiliikenne1.png\"><img loading=\"lazy\" decoding=\"async\" class=\"wp-image-20136 aligncenter\" src=\"https:\/\/www.suviseurat.fi/2024\/wp-content\/uploads\/2024\/06\/Lahiliikenne1.png\" alt=\"\" width=\"300\" height=\"718\" \/><\/a><\/p>\n<\/td>\n<td style=\"width: 50%;padding: 0px 0px 0px 30px;text-align: center\"><strong>KESKUSTA<\/strong> linja-autoasema<br \/>\n<strong>&#8211; UIMAHALLI &#8211; SEURA-ALUE<\/strong> linja-autoasema<a href=\"https:\/\/www.suviseurat.fi/2024\/wp-content\/uploads\/2024\/06\/Lahiliikenne2.png\"><img loading=\"lazy\" decoding=\"async\" class=\"wp-image-20145 aligncenter\" src=\"https:\/\/www.suviseurat.fi/2024\/wp-content\/uploads\/2024\/06\/Lahiliikenne2.png\" alt=\"\" width=\"300\" height=\"706\" \/><\/a><\/td>\n<\/tr>\n<\/tbody>\n<\/table>\n<p>(Voit suurentaa taulukkoa klikkaamalla sit\u00e4)<\/p>\n<p>Aamun ja illan <span style=\"background-color: #ffff00\"><strong>tummennetut\/korostetut<\/strong><\/span> vuorot kiert\u00e4v\u00e4t lis\u00e4ksi seuraavien majoituspaikkojen kautta: Hirsikampus, Lakarin koulu.<\/p>\n<p>Sunnuntain <span style=\"text-decoration: underline\"><em>alleviivatut<\/em><\/span> vuorot ajavat Pudasj\u00e4rven kirkon kautta ennen ja j\u00e4lkeen Jumalanpalveluksen.<\/p>\n<p>\u200e \u200e<\/p>\n<h3><strong>Sis\u00e4inen bussiliikenne<\/strong><\/h3>\n<p><strong>TO 14\u201322, PE\u2013SU 8.30\u201324, MA 8.30\u201316<\/strong><\/p>\n<p>Maksuton linja-autokuljetus P-alueilta ja et\u00e4isimmilt\u00e4 majoitusalueilta seurakent\u00e4lle ja<br \/>\ntakaisin. It\u00e4inen reitti kulkee P3-, P4- ja P2-alueiden kautta. L\u00e4ntinen reitti kulkee P5-<br \/>\nalueen kautta.<\/p>\n<p>\u200e \u200e<\/p>\n<h3><b>Yhteismajoituskuljetukset<\/b><\/h3>\n<p><span style=\"font-weight: 400\">Bussikuljetus Pudasj\u00e4rven keskustan l\u00e4himajoituskohteista aamuisin ja iltaisin, (10-20 majoituspaikat suljettu). Aikataulut kuljetuksille to 11-24, pe-su 8-24, ma 8-17. Virkistysuimala Puikkari on avoinna suviseuraviikolla to-su klo. 9:00-21:00. K\u00e4yt\u00e4 uimalassa k\u00e4ydess\u00e4si l\u00e4hiliikenteen linja-autovuoroja ruuhkien v\u00e4ltt\u00e4miseksi.<\/span><\/p>\n<p>\u200e \u200e<\/p>\n<h3><strong>Taksi<\/strong><\/h3>\n<p>Taksi Pudasj\u00e4rvi 0100 84250. Taksitolppa sijaitsee keskuskent\u00e4n l\u00e4heisyydess\u00e4 karttaruudussa V20.<\/p>\n","protected":false},"excerpt":{"rendered":"<p>L\u00e4hiliikenne TO 11\u201322, PE\u2013SU 8\u201324, MA 8\u201317 Suviseurojen l\u00e4hiliikenteen linja-auto ajaa Suviseurojen linja-autoaseman ja Pudasj\u00e4rven<a class=\"moretag\" href=\"https:\/\/www.suviseurat.fi/2024\/liikenne\/bussi-ja-taksiliikenne\/\">Jatka lukemista ><\/a><\/p>\n","protected":false},"author":19,"featured_media":0,"parent":4199,"menu_order":4,"comment_status":"closed","ping_status":"closed","template":"","meta":{"_acf_changed":false,"footnotes":""},"class_list":["post-591","page","type-page","status-publish","hentry"],"acf":[],"yoast_head":"<!-- This site is optimized with the Yoast SEO plugin v23.3 - https:\/\/yoast.com\/wordpress\/plugins\/seo\/ -->\n<title>Bussi- ja taksiliikenne - SRK:n Suviseurat Pudasj\u00e4rvell\u00e4 2024<\/title>\n<meta name=\"description\" content=\"L\u00e4hiliikenne TO 11\u201322, PE\u2013SU 8\u201324, MA 8\u201317 Suviseurojen l\u00e4hiliikenteen linja-auto ajaa Suviseurojen linja-autoaseman ja Pudasj\u00e4rven linja-autoaseman\" \/>\n<meta name=\"robots\" content=\"index, follow, max-snippet:-1, max-image-preview:large, max-video-preview:-1\" \/>\n<link rel=\"canonical\" href=\"https:\/\/www.suviseurat.fi/2024\/liikenne\/bussi-ja-taksiliikenne\/\" \/>\n<meta property=\"og:locale\" content=\"fi_FI\" \/>\n<meta property=\"og:type\" content=\"article\" \/>\n<meta property=\"og:title\" content=\"Bussi- ja taksiliikenne - SRK:n Suviseurat Pudasj\u00e4rvell\u00e4 2024\" \/>\n<meta property=\"og:description\" content=\"L\u00e4hiliikenne TO 11\u201322, PE\u2013SU 8\u201324, MA 8\u201317 Suviseurojen l\u00e4hiliikenteen linja-auto ajaa Suviseurojen linja-autoaseman ja Pudasj\u00e4rven linja-autoaseman\" \/>\n<meta property=\"og:url\" content=\"https:\/\/www.suviseurat.fi/2024\/liikenne\/bussi-ja-taksiliikenne\/\" \/>\n<meta property=\"og:site_name\" content=\"SRK:n Suviseurat Pudasj\u00e4rvell\u00e4 2024\" \/>\n<meta property=\"article:publisher\" content=\"https:\/\/www.facebook.com\/SRKryNyt\/\" \/>\n<meta property=\"article:modified_time\" content=\"2024-06-27T09:53:23+00:00\" \/>\n<meta property=\"og:image\" content=\"https:\/\/www.suviseurat.fi/2024\/wp-content\/uploads\/2023\/06\/linja-auto-opaste.png\" \/>\n<meta name=\"twitter:card\" content=\"summary_large_image\" \/>\n<meta name=\"twitter:site\" content=\"@Suviseurat\" \/>\n<meta name=\"twitter:label1\" content=\"Arvioitu lukuaika\" \/>\n\t<meta name=\"twitter:data1\" content=\"4 minuuttia\" \/>\n<script type=\"application\/ld+json\" class=\"yoast-schema-graph\">{\"@context\":\"https:\/\/schema.org\",\"@graph\":[{\"@type\":\"WebPage\",\"@id\":\"https:\/\/www.suviseurat.fi/2024\/liikenne\/bussi-ja-taksiliikenne\/\",\"url\":\"https:\/\/www.suviseurat.fi/2024\/liikenne\/bussi-ja-taksiliikenne\/\",\"name\":\"Bussi- ja taksiliikenne - SRK:n Suviseurat Pudasj\u00e4rvell\u00e4 2024\",\"isPartOf\":{\"@id\":\"https:\/\/www.suviseurat.fi/2024\/#website\"},\"primaryImageOfPage\":{\"@id\":\"https:\/\/www.suviseurat.fi/2024\/liikenne\/bussi-ja-taksiliikenne\/#primaryimage\"},\"image\":{\"@id\":\"https:\/\/www.suviseurat.fi/2024\/liikenne\/bussi-ja-taksiliikenne\/#primaryimage\"},\"thumbnailUrl\":\"https:\/\/www.suviseurat.fi/2024\/wp-content\/uploads\/2023\/06\/linja-auto-opaste.png\",\"datePublished\":\"2024-06-07T17:51:09+00:00\",\"dateModified\":\"2024-06-27T09:53:23+00:00\",\"description\":\"L\u00e4hiliikenne TO 11\u201322, PE\u2013SU 8\u201324, MA 8\u201317 Suviseurojen l\u00e4hiliikenteen linja-auto ajaa Suviseurojen linja-autoaseman ja Pudasj\u00e4rven linja-autoaseman\",\"breadcrumb\":{\"@id\":\"https:\/\/www.suviseurat.fi/2024\/liikenne\/bussi-ja-taksiliikenne\/#breadcrumb\"},\"inLanguage\":\"fi\",\"potentialAction\":[{\"@type\":\"ReadAction\",\"target\":[\"https:\/\/www.suviseurat.fi/2024\/liikenne\/bussi-ja-taksiliikenne\/\"]}]},{\"@type\":\"ImageObject\",\"inLanguage\":\"fi\",\"@id\":\"https:\/\/www.suviseurat.fi/2024\/liikenne\/bussi-ja-taksiliikenne\/#primaryimage\",\"url\":\"https:\/\/www.suviseurat.fi/2024\/wp-content\/uploads\/2023\/06\/linja-auto-opaste.png\",\"contentUrl\":\"https:\/\/www.suviseurat.fi/2024\/wp-content\/uploads\/2023\/06\/linja-auto-opaste.png\",\"width\":234,\"height\":241},{\"@type\":\"BreadcrumbList\",\"@id\":\"https:\/\/www.suviseurat.fi/2024\/liikenne\/bussi-ja-taksiliikenne\/#breadcrumb\",\"itemListElement\":[{\"@type\":\"ListItem\",\"position\":1,\"name\":\"Etusivu\",\"item\":\"https:\/\/www.suviseurat.fi/2024\/\"},{\"@type\":\"ListItem\",\"position\":2,\"name\":\"Liikenne\",\"item\":\"https:\/\/www.suviseurat.fi/2024\/liikenne\/\"},{\"@type\":\"ListItem\",\"position\":3,\"name\":\"Bussi- ja taksiliikenne\"}]},{\"@type\":\"WebSite\",\"@id\":\"https:\/\/www.suviseurat.fi/2024\/#website\",\"url\":\"https:\/\/www.suviseurat.fi/2024\/\",\"name\":\"SRK:n Suviseurat Pudasj\u00e4rvell\u00e4 2024\",\"description\":\"Olenko min\u00e4 sinulle rakas?\",\"publisher\":{\"@id\":\"https:\/\/www.suviseurat.fi/2024\/#organization\"},\"potentialAction\":[{\"@type\":\"SearchAction\",\"target\":{\"@type\":\"EntryPoint\",\"urlTemplate\":\"https:\/\/www.suviseurat.fi/2024\/?s={search_term_string}\"},\"query-input\":\"required name=search_term_string\"}],\"inLanguage\":\"fi\"},{\"@type\":\"Organization\",\"@id\":\"https:\/\/www.suviseurat.fi/2024\/#organization\",\"name\":\"Suviseurat\",\"url\":\"https:\/\/www.suviseurat.fi/2024\/\",\"logo\":{\"@type\":\"ImageObject\",\"inLanguage\":\"fi\",\"@id\":\"https:\/\/www.suviseurat.fi/2024\/#\/schema\/logo\/image\/\",\"url\":\"https:\/\/www.suviseurat.fi/2024\/wp-content\/uploads\/2023\/10\/tunnus-nelio.jpg\",\"contentUrl\":\"https:\/\/www.suviseurat.fi/2024\/wp-content\/uploads\/2023\/10\/tunnus-nelio.jpg\",\"width\":1000,\"height\":1000,\"caption\":\"Suviseurat\"},\"image\":{\"@id\":\"https:\/\/www.suviseurat.fi/2024\/#\/schema\/logo\/image\/\"},\"sameAs\":[\"https:\/\/www.facebook.com\/SRKryNyt\/\",\"https:\/\/x.com\/Suviseurat\",\"https:\/\/www.facebook.com\/srksuviseurat\/\",\"https:\/\/www.youtube.com\/@SRKnyt\",\"https:\/\/www.instagram.com\/srk_nyt\/\",\"https:\/\/www.flickr.com\/photos\/suviseurat\"]}]}<\/script>\n<!-- \/ Yoast SEO plugin. -->","yoast_head_json":{"title":"Bussi- ja taksiliikenne - SRK:n Suviseurat Pudasj\u00e4rvell\u00e4 2024","description":"L\u00e4hiliikenne TO 11\u201322, PE\u2013SU 8\u201324, MA 8\u201317 Suviseurojen l\u00e4hiliikenteen linja-auto ajaa Suviseurojen linja-autoaseman ja Pudasj\u00e4rven linja-autoaseman","robots":{"index":"index","follow":"follow","max-snippet":"max-snippet:-1","max-image-preview":"max-image-preview:large","max-video-preview":"max-video-preview:-1"},"canonical":"https:\/\/www.suviseurat.fi/2024\/liikenne\/bussi-ja-taksiliikenne\/","og_locale":"fi_FI","og_type":"article","og_title":"Bussi- ja taksiliikenne - SRK:n Suviseurat Pudasj\u00e4rvell\u00e4 2024","og_description":"L\u00e4hiliikenne TO 11\u201322, PE\u2013SU 8\u201324, MA 8\u201317 Suviseurojen l\u00e4hiliikenteen linja-auto ajaa Suviseurojen linja-autoaseman ja Pudasj\u00e4rven linja-autoaseman","og_url":"https:\/\/www.suviseurat.fi/2024\/liikenne\/bussi-ja-taksiliikenne\/","og_site_name":"SRK:n Suviseurat Pudasj\u00e4rvell\u00e4 2024","article_publisher":"https:\/\/www.facebook.com\/SRKryNyt\/","article_modified_time":"2024-06-27T09:53:23+00:00","og_image":[{"url":"https:\/\/www.suviseurat.fi/2024\/wp-content\/uploads\/2023\/06\/linja-auto-opaste.png"}],"twitter_card":"summary_large_image","twitter_site":"@Suviseurat","twitter_misc":{"Arvioitu lukuaika":"4 minuuttia"},"schema":{"@context":"https:\/\/schema.org","@graph":[{"@type":"WebPage","@id":"https:\/\/www.suviseurat.fi/2024\/liikenne\/bussi-ja-taksiliikenne\/","url":"https:\/\/www.suviseurat.fi/2024\/liikenne\/bussi-ja-taksiliikenne\/","name":"Bussi- ja taksiliikenne - SRK:n Suviseurat Pudasj\u00e4rvell\u00e4 2024","isPartOf":{"@id":"https:\/\/www.suviseurat.fi/2024\/#website"},"primaryImageOfPage":{"@id":"https:\/\/www.suviseurat.fi/2024\/liikenne\/bussi-ja-taksiliikenne\/#primaryimage"},"image":{"@id":"https:\/\/www.suviseurat.fi/2024\/liikenne\/bussi-ja-taksiliikenne\/#primaryimage"},"thumbnailUrl":"https:\/\/www.suviseurat.fi/2024\/wp-content\/uploads\/2023\/06\/linja-auto-opaste.png","datePublished":"2024-06-07T17:51:09+00:00","dateModified":"2024-06-27T09:53:23+00:00","description":"L\u00e4hiliikenne TO 11\u201322, PE\u2013SU 8\u201324, MA 8\u201317 Suviseurojen l\u00e4hiliikenteen linja-auto ajaa Suviseurojen linja-autoaseman ja Pudasj\u00e4rven linja-autoaseman","breadcrumb":{"@id":"https:\/\/www.suviseurat.fi/2024\/liikenne\/bussi-ja-taksiliikenne\/#breadcrumb"},"inLanguage":"fi","potentialAction":[{"@type":"ReadAction","target":["https:\/\/www.suviseurat.fi/2024\/liikenne\/bussi-ja-taksiliikenne\/"]}]},{"@type":"ImageObject","inLanguage":"fi","@id":"https:\/\/www.suviseurat.fi/2024\/liikenne\/bussi-ja-taksiliikenne\/#primaryimage","url":"https:\/\/www.suviseurat.fi/2024\/wp-content\/uploads\/2023\/06\/linja-auto-opaste.png","contentUrl":"https:\/\/www.suviseurat.fi/2024\/wp-content\/uploads\/2023\/06\/linja-auto-opaste.png","width":234,"height":241},{"@type":"BreadcrumbList","@id":"https:\/\/www.suviseurat.fi/2024\/liikenne\/bussi-ja-taksiliikenne\/#breadcrumb","itemListElement":[{"@type":"ListItem","position":1,"name":"Etusivu","item":"https:\/\/www.suviseurat.fi/2024\/"},{"@type":"ListItem","position":2,"name":"Liikenne","item":"https:\/\/www.suviseurat.fi/2024\/liikenne\/"},{"@type":"ListItem","position":3,"name":"Bussi- ja taksiliikenne"}]},{"@type":"WebSite","@id":"https:\/\/www.suviseurat.fi/2024\/#website","url":"https:\/\/www.suviseurat.fi/2024\/","name":"SRK:n Suviseurat Pudasj\u00e4rvell\u00e4 2024","description":"Olenko min\u00e4 sinulle rakas?","publisher":{"@id":"https:\/\/www.suviseurat.fi/2024\/#organization"},"potentialAction":[{"@type":"SearchAction","target":{"@type":"EntryPoint","urlTemplate":"https:\/\/www.suviseurat.fi/2024\/?s={search_term_string}"},"query-input":"required name=search_term_string"}],"inLanguage":"fi"},{"@type":"Organization","@id":"https:\/\/www.suviseurat.fi/2024\/#organization","name":"Suviseurat","url":"https:\/\/www.suviseurat.fi/2024\/","logo":{"@type":"ImageObject","inLanguage":"fi","@id":"https:\/\/www.suviseurat.fi/2024\/#\/schema\/logo\/image\/","url":"https:\/\/www.suviseurat.fi/2024\/wp-content\/uploads\/2023\/10\/tunnus-nelio.jpg","contentUrl":"https:\/\/www.suviseurat.fi/2024\/wp-content\/uploads\/2023\/10\/tunnus-nelio.jpg","width":1000,"height":1000,"caption":"Suviseurat"},"image":{"@id":"https:\/\/www.suviseurat.fi/2024\/#\/schema\/logo\/image\/"},"sameAs":["https:\/\/www.facebook.com\/SRKryNyt\/","https:\/\/x.com\/Suviseurat","https:\/\/www.facebook.com\/srksuviseurat\/","https:\/\/www.youtube.com\/@SRKnyt","https:\/\/www.instagram.com\/srk_nyt\/","https:\/\/www.flickr.com\/photos\/suviseurat"]}]}},"_links":{"self":[{"href":"https:\/\/www.suviseurat.fi/2024\/wp-json\/wp\/v2\/pages\/591"}],"collection":[{"href":"https:\/\/www.suviseurat.fi/2024\/wp-json\/wp\/v2\/pages"}],"about":[{"href":"https:\/\/www.suviseurat.fi/2024\/wp-json\/wp\/v2\/types\/page"}],"author":[{"embeddable":true,"href":"https:\/\/www.suviseurat.fi/2024\/wp-json\/wp\/v2\/users\/19"}],"replies":[{"embeddable":true,"href":"https:\/\/www.suviseurat.fi/2024\/wp-json\/wp\/v2\/comments?post=591"}],"version-history":[{"count":84,"href":"https:\/\/www.suviseurat.fi/2024\/wp-json\/wp\/v2\/pages\/591\/revisions"}],"predecessor-version":[{"id":20919,"href":"https:\/\/www.suviseurat.fi/2024\/wp-json\/wp\/v2\/pages\/591\/revisions\/20919"}],"up":[{"embeddable":true,"href":"https:\/\/www.suviseurat.fi/2024\/wp-json\/wp\/v2\/pages\/4199"}],"wp:attachment":[{"href":"https:\/\/www.suviseurat.fi/2024\/wp-json\/wp\/v2\/media?parent=591"}],"curies":[{"name":"wp","href":"https:\/\/api.w.org\/{rel}","templated":true}]}}