{"id":6161,"date":"2022-01-11T22:45:00","date_gmt":"2022-01-11T20:45:00","guid":{"rendered":"https:\/\/www.suviseurat.fi/2024\/?page_id=6161"},"modified":"2024-01-19T14:20:29","modified_gmt":"2024-01-19T12:20:29","slug":"kohti-suviseuroja-blogi","status":"publish","type":"page","link":"https:\/\/www.suviseurat.fi/2024\/suviseurat\/kohti-suviseuroja-blogi\/","title":{"rendered":"Kohti Suviseuroja -blogi"},"content":{"rendered":"\n<table style=\"width: 100%;color: #33507a;border: 1px solid #0048ae57;border-radius: 20px;border-collapse: separate\" cellpadding=\"10px\">\n<tbody>\n<tr>\n<td class=\"rounded-img\" style=\"width: 8rem;padding: 10px\"><img loading=\"lazy\" decoding=\"async\" class=\"alignnone wp-image-18980 size-full\" src=\"https:\/\/www.suviseurat.fi/2024\/wp-content\/uploads\/2023\/10\/cropped-pj2024-merkki-e1698044587903-1.jpg\" alt=\"\" width=\"512\" height=\"512\" srcset=\"https:\/\/www.suviseurat.fi/2024\/wp-content\/uploads\/2023\/10\/cropped-pj2024-merkki-e1698044587903-1.jpg 512w, https:\/\/www.suviseurat.fi/2024\/wp-content\/uploads\/2023\/10\/cropped-pj2024-merkki-e1698044587903-1-275x275.jpg 275w, https:\/\/www.suviseurat.fi/2024\/wp-content\/uploads\/2023\/10\/cropped-pj2024-merkki-e1698044587903-1-270x270.jpg 270w, https:\/\/www.suviseurat.fi/2024\/wp-content\/uploads\/2023\/10\/cropped-pj2024-merkki-e1698044587903-1-192x192.jpg 192w, https:\/\/www.suviseurat.fi/2024\/wp-content\/uploads\/2023\/10\/cropped-pj2024-merkki-e1698044587903-1-180x180.jpg 180w, https:\/\/www.suviseurat.fi/2024\/wp-content\/uploads\/2023\/10\/cropped-pj2024-merkki-e1698044587903-1-32x32.jpg 32w\" sizes=\"(max-width: 512px) 100vw, 512px\" \/><\/td>\n<td style=\"padding: 15px\">\n<h5><strong>Kohti Pudasj\u00e4rven Suviseuroja<\/strong><\/h5>\n<p style=\"margin-bottom: 0\">Kes\u00e4n 2024 Suviseuroja valmistellaan Pudasj\u00e4rvelle. J\u00e4rjestelyt vilkastuvat kev\u00e4\u00e4n kuluessa ja kes\u00e4n koittaessa. Viestint\u00e4toimikunnan toimittaman blogisarjan kautta p\u00e4\u00e4set tutustumaan seuravalmisteluihin ja niihin liittyviin ajatuksiin.<\/p>\n<\/td>\n<\/tr>\n<\/tbody>\n<\/table>\n<p>\u00a0<\/p>\n\n\n<ul class=\"wp-block-latest-posts__list has-dates wp-block-latest-posts\"><li><div class=\"wp-block-latest-posts__featured-image\"><a href=\"https:\/\/www.suviseurat.fi/2024\/en-tunne-sita-miesta\/\" aria-label=\"&#8221;En tunne sit\u00e4 miest\u00e4!&#8221;\"><img loading=\"lazy\" decoding=\"async\" width=\"1024\" height=\"691\" src=\"https:\/\/www.suviseurat.fi/2024\/wp-content\/uploads\/2024\/06\/image-3.23967.19610.20240527074248.webp\" class=\"attachment-medium size-medium wp-post-image\" alt=\"\" style=\"\" srcset=\"https:\/\/www.suviseurat.fi/2024\/wp-content\/uploads\/2024\/06\/image-3.23967.19610.20240527074248.webp 1024w, https:\/\/www.suviseurat.fi/2024\/wp-content\/uploads\/2024\/06\/image-3.23967.19610.20240527074248-768x518.webp 768w\" sizes=\"(max-width: 1024px) 100vw, 1024px\" \/><\/a><\/div><a class=\"wp-block-latest-posts__post-title\" href=\"https:\/\/www.suviseurat.fi/2024\/en-tunne-sita-miesta\/\">&#8221;En tunne sit\u00e4 miest\u00e4!&#8221;<\/a><time datetime=\"2024-06-20T18:06:35+03:00\" class=\"wp-block-latest-posts__post-date\">20.06.2024<\/time><div class=\"wp-block-latest-posts__post-excerpt\">P\u00e4ivi Littow Ensimm\u00e4inen viestint\u00e4kurssi on takana. Olemme kouluttautuneet tulevan kes\u00e4n teht\u00e4viin Kes\u00e4seuraradiossa ja seuratoimituksessa, pit\u00e4neet<a class=\"moretag\" href=\"https:\/\/www.suviseurat.fi/2024\/en-tunne-sita-miesta\/\">Jatka lukemista ><\/a><\/div><\/li>\n<li><div class=\"wp-block-latest-posts__featured-image\"><a href=\"https:\/\/www.suviseurat.fi/2024\/rengasmatkalla-suviseuroihin\/\" aria-label=\"Rengasmatkalla Suviseuroihin\"><img loading=\"lazy\" decoding=\"async\" width=\"1024\" height=\"683\" src=\"https:\/\/www.suviseurat.fi/2024\/wp-content\/uploads\/2024\/05\/image-3.23955.19599.20240524054933.webp\" class=\"attachment-medium size-medium wp-post-image\" alt=\"\" style=\"\" srcset=\"https:\/\/www.suviseurat.fi/2024\/wp-content\/uploads\/2024\/05\/image-3.23955.19599.20240524054933.webp 1024w, https:\/\/www.suviseurat.fi/2024\/wp-content\/uploads\/2024\/05\/image-3.23955.19599.20240524054933-768x512.webp 768w\" sizes=\"(max-width: 1024px) 100vw, 1024px\" \/><\/a><\/div><a class=\"wp-block-latest-posts__post-title\" href=\"https:\/\/www.suviseurat.fi/2024\/rengasmatkalla-suviseuroihin\/\">Rengasmatkalla Suviseuroihin<\/a><time datetime=\"2024-05-25T11:06:45+03:00\" class=\"wp-block-latest-posts__post-date\">25.05.2024<\/time><div class=\"wp-block-latest-posts__post-excerpt\">Martti M\u00e4\u00e4tt\u00e4Pudasj\u00e4rven Suviseurojen liikennetoimikunnan puheenjohtaja T\u00e4t\u00e4 kirjoitettaessa Suviseuroihin on en\u00e4\u00e4 58 p\u00e4iv\u00e4\u00e4. Olemme suviseuravalmisteluissa jo<a class=\"moretag\" href=\"https:\/\/www.suviseurat.fi/2024\/rengasmatkalla-suviseuroihin\/\">Jatka lukemista ><\/a><\/div><\/li>\n<li><div class=\"wp-block-latest-posts__featured-image\"><a href=\"https:\/\/www.suviseurat.fi/2024\/kenttaaikuisten-kirje-suviseuroihin-tuleville-nuorille-ja-huoltajille\/\" aria-label=\"Kentt\u00e4aikuisten kirje Suviseuroihin tuleville nuorille ja huoltajille\"><img loading=\"lazy\" decoding=\"async\" width=\"1024\" height=\"683\" src=\"https:\/\/www.suviseurat.fi/2024\/wp-content\/uploads\/2024\/04\/image-3.23730.19461.20240429075511.webp\" class=\"attachment-medium size-medium wp-post-image\" alt=\"\" style=\"\" srcset=\"https:\/\/www.suviseurat.fi/2024\/wp-content\/uploads\/2024\/04\/image-3.23730.19461.20240429075511.webp 1024w, https:\/\/www.suviseurat.fi/2024\/wp-content\/uploads\/2024\/04\/image-3.23730.19461.20240429075511-768x512.webp 768w\" sizes=\"(max-width: 1024px) 100vw, 1024px\" \/><\/a><\/div><a class=\"wp-block-latest-posts__post-title\" href=\"https:\/\/www.suviseurat.fi/2024\/kenttaaikuisten-kirje-suviseuroihin-tuleville-nuorille-ja-huoltajille\/\">Kentt\u00e4aikuisten kirje Suviseuroihin tuleville nuorille ja huoltajille<\/a><time datetime=\"2024-04-29T18:06:27+03:00\" class=\"wp-block-latest-posts__post-date\">29.04.2024<\/time><div class=\"wp-block-latest-posts__post-excerpt\">Kes\u00e4n suuret seurat l\u00e4hestyv\u00e4t, ja niit\u00e4 varten on tehty ja tehd\u00e4\u00e4n paljon valmisteluita. Me ensi<a class=\"moretag\" href=\"https:\/\/www.suviseurat.fi/2024\/kenttaaikuisten-kirje-suviseuroihin-tuleville-nuorille-ja-huoltajille\/\">Jatka lukemista ><\/a><\/div><\/li>\n<li><div class=\"wp-block-latest-posts__featured-image\"><a href=\"https:\/\/www.suviseurat.fi/2024\/vaaditaanko-minulta-hyvaa-mielta\/\" aria-label=\"Vaaditaanko minulta hyv\u00e4\u00e4 mielt\u00e4?\"><img loading=\"lazy\" decoding=\"async\" width=\"1024\" height=\"768\" src=\"https:\/\/www.suviseurat.fi/2024\/wp-content\/uploads\/2024\/03\/image-3.23427.19300.20240326104052.webp\" class=\"attachment-medium size-medium wp-post-image\" alt=\"Meid\u00e4n perheen auto-teltta-viritelm\u00e4\u00e4 vuoden 2013 Pudasj\u00e4rven suviseuroissa.\" style=\"\" srcset=\"https:\/\/www.suviseurat.fi/2024\/wp-content\/uploads\/2024\/03\/image-3.23427.19300.20240326104052.webp 1024w, https:\/\/www.suviseurat.fi/2024\/wp-content\/uploads\/2024\/03\/image-3.23427.19300.20240326104052-768x576.webp 768w\" sizes=\"(max-width: 1024px) 100vw, 1024px\" \/><\/a><\/div><a class=\"wp-block-latest-posts__post-title\" href=\"https:\/\/www.suviseurat.fi/2024\/vaaditaanko-minulta-hyvaa-mielta\/\">Vaaditaanko minulta hyv\u00e4\u00e4 mielt\u00e4?<\/a><time datetime=\"2024-03-28T15:56:55+02:00\" class=\"wp-block-latest-posts__post-date\">28.03.2024<\/time><div class=\"wp-block-latest-posts__post-excerpt\">Katariina Rontti &#8221;Ei vaadittuna, vaan hyv\u00e4ll\u00e4 mielell\u00e4.&#8221; T\u00e4m\u00e4 on paljon k\u00e4ytetty ohjenuora Jumalan valtakunnan t\u00f6ihin<a class=\"moretag\" href=\"https:\/\/www.suviseurat.fi/2024\/vaaditaanko-minulta-hyvaa-mielta\/\">Jatka lukemista ><\/a><\/div><\/li>\n<li><div class=\"wp-block-latest-posts__featured-image\"><a href=\"https:\/\/www.suviseurat.fi/2024\/palvelutehtavassa-maailman-tarkeimpien-asioiden-aarella\/\" aria-label=\"Palveluteht\u00e4v\u00e4ss\u00e4 maailman t\u00e4rkeimpien asioiden \u00e4\u00e4rell\u00e4\"><img loading=\"lazy\" decoding=\"async\" width=\"1024\" height=\"768\" src=\"https:\/\/www.suviseurat.fi/2024\/wp-content\/uploads\/2024\/02\/image-3.23138.19116.20240219084044.jpg\" class=\"attachment-medium size-medium wp-post-image\" alt=\"Talkooty\u00f6st\u00e4 saa nauttia lapsen lailla iloiten. Kuva suviseurakent\u00e4st\u00e4.\" style=\"\" srcset=\"https:\/\/www.suviseurat.fi/2024\/wp-content\/uploads\/2024\/02\/image-3.23138.19116.20240219084044.jpg 1024w, https:\/\/www.suviseurat.fi/2024\/wp-content\/uploads\/2024\/02\/image-3.23138.19116.20240219084044-768x576.jpg 768w\" sizes=\"(max-width: 1024px) 100vw, 1024px\" \/><\/a><\/div><a class=\"wp-block-latest-posts__post-title\" href=\"https:\/\/www.suviseurat.fi/2024\/palvelutehtavassa-maailman-tarkeimpien-asioiden-aarella\/\">Palveluteht\u00e4v\u00e4ss\u00e4 maailman t\u00e4rkeimpien asioiden \u00e4\u00e4rell\u00e4<\/a><time datetime=\"2024-02-21T12:19:05+02:00\" class=\"wp-block-latest-posts__post-date\">21.02.2024<\/time><div class=\"wp-block-latest-posts__post-excerpt\">Joni Vikki Onko minulla voimavaroja l\u00e4hte\u00e4 t\u00e4h\u00e4n teht\u00e4v\u00e4\u00e4n? Pohdin teht\u00e4v\u00e4n tuomaa kuormaa, kun sain pyynn\u00f6n<a class=\"moretag\" href=\"https:\/\/www.suviseurat.fi/2024\/palvelutehtavassa-maailman-tarkeimpien-asioiden-aarella\/\">Jatka lukemista ><\/a><\/div><\/li>\n<li><div class=\"wp-block-latest-posts__featured-image\"><a href=\"https:\/\/www.suviseurat.fi/2024\/suviseuramatkalla-suolla-hiihdellen\/\" aria-label=\"Suviseuramatkalla suolla hiihdellen\"><img loading=\"lazy\" decoding=\"async\" width=\"800\" height=\"394\" src=\"https:\/\/www.suviseurat.fi/2024\/wp-content\/uploads\/2024\/01\/image-3.22842.18941.20240115121823.jpg\" class=\"attachment-medium size-medium wp-post-image\" alt=\"Pudasj\u00e4rven Suviseurat j\u00e4rjestet\u00e4\u00e4n vuonna 2024 samalla paikalla kuin vuonna 2013, jolloin kuva on otettu.\" style=\"\" srcset=\"https:\/\/www.suviseurat.fi/2024\/wp-content\/uploads\/2024\/01\/image-3.22842.18941.20240115121823.jpg 800w, https:\/\/www.suviseurat.fi/2024\/wp-content\/uploads\/2024\/01\/image-3.22842.18941.20240115121823-768x378.jpg 768w\" sizes=\"(max-width: 800px) 100vw, 800px\" \/><\/a><\/div><a class=\"wp-block-latest-posts__post-title\" href=\"https:\/\/www.suviseurat.fi/2024\/suviseuramatkalla-suolla-hiihdellen\/\">Suviseuramatkalla suolla hiihdellen<\/a><time datetime=\"2024-01-19T14:03:38+02:00\" class=\"wp-block-latest-posts__post-date\">19.01.2024<\/time><div class=\"wp-block-latest-posts__post-excerpt\">Jukka Lehto Hiihtelen vuoden alkup\u00e4ivin\u00e4 iltap\u00e4iv\u00e4n h\u00e4m\u00e4ryydess\u00e4. Pakkanen on maalannut maiseman sinisen ja violetin s\u00e4vyihin.<a class=\"moretag\" href=\"https:\/\/www.suviseurat.fi/2024\/suviseuramatkalla-suolla-hiihdellen\/\">Jatka lukemista ><\/a><\/div><\/li>\n<\/ul>\n\n\n","protected":false},"excerpt":{"rendered":"<p>Kohti Pudasj\u00e4rven Suviseuroja Kes\u00e4n 2024 Suviseuroja valmistellaan Pudasj\u00e4rvelle. J\u00e4rjestelyt vilkastuvat kev\u00e4\u00e4n kuluessa ja kes\u00e4n koittaessa.<a class=\"moretag\" href=\"https:\/\/www.suviseurat.fi/2024\/suviseurat\/kohti-suviseuroja-blogi\/\">Jatka lukemista ><\/a><\/p>\n","protected":false},"author":17,"featured_media":0,"parent":74,"menu_order":4,"comment_status":"closed","ping_status":"closed","template":"","meta":{"_acf_changed":false,"footnotes":""},"class_list":["post-6161","page","type-page","status-publish","hentry"],"acf":[],"yoast_head":"<!-- This site is optimized with the Yoast SEO plugin v23.3 - https:\/\/yoast.com\/wordpress\/plugins\/seo\/ -->\n<title>Kohti Suviseuroja -blogi - SRK:n Suviseurat Pudasj\u00e4rvell\u00e4 2024<\/title>\n<meta name=\"description\" content=\"Kohti Pudasj\u00e4rven Suviseuroja Kes\u00e4n 2024 Suviseuroja valmistellaan Pudasj\u00e4rvelle. J\u00e4rjestelyt vilkastuvat kev\u00e4\u00e4n kuluessa ja kes\u00e4n koittaessa.\" \/>\n<meta name=\"robots\" content=\"index, follow, max-snippet:-1, max-image-preview:large, max-video-preview:-1\" \/>\n<link rel=\"canonical\" href=\"https:\/\/www.suviseurat.fi/2024\/suviseurat\/kohti-suviseuroja-blogi\/\" \/>\n<meta property=\"og:locale\" content=\"fi_FI\" \/>\n<meta property=\"og:type\" content=\"article\" \/>\n<meta property=\"og:title\" content=\"Kohti Suviseuroja -blogi - SRK:n Suviseurat Pudasj\u00e4rvell\u00e4 2024\" \/>\n<meta property=\"og:description\" content=\"Kohti Pudasj\u00e4rven Suviseuroja Kes\u00e4n 2024 Suviseuroja valmistellaan Pudasj\u00e4rvelle. J\u00e4rjestelyt vilkastuvat kev\u00e4\u00e4n kuluessa ja kes\u00e4n koittaessa.\" \/>\n<meta property=\"og:url\" content=\"https:\/\/www.suviseurat.fi/2024\/suviseurat\/kohti-suviseuroja-blogi\/\" \/>\n<meta property=\"og:site_name\" content=\"SRK:n Suviseurat Pudasj\u00e4rvell\u00e4 2024\" \/>\n<meta property=\"article:publisher\" content=\"https:\/\/www.facebook.com\/SRKryNyt\/\" \/>\n<meta property=\"article:modified_time\" content=\"2024-01-19T12:20:29+00:00\" \/>\n<meta property=\"og:image\" content=\"https:\/\/www.suviseurat.fi/2024\/wp-content\/uploads\/2023\/10\/cropped-pj2024-merkki-e1698044587903-1.jpg\" \/>\n<meta name=\"twitter:card\" content=\"summary_large_image\" \/>\n<meta name=\"twitter:site\" content=\"@Suviseurat\" \/>\n<script type=\"application\/ld+json\" class=\"yoast-schema-graph\">{\"@context\":\"https:\/\/schema.org\",\"@graph\":[{\"@type\":[\"Article\",\"BlogPosting\"],\"@id\":\"https:\/\/www.suviseurat.fi/2024\/suviseurat\/kohti-suviseuroja-blogi\/#article\",\"isPartOf\":{\"@id\":\"https:\/\/www.suviseurat.fi/2024\/suviseurat\/kohti-suviseuroja-blogi\/\"},\"author\":{\"name\":\"Ville Laitila\",\"@id\":\"https:\/\/www.suviseurat.fi/2024\/#\/schema\/person\/672b1fa16f8e46f2047ccbf7d4a2f22c\"},\"headline\":\"Kohti Suviseuroja -blogi\",\"datePublished\":\"2022-01-11T20:45:00+00:00\",\"dateModified\":\"2024-01-19T12:20:29+00:00\",\"mainEntityOfPage\":{\"@id\":\"https:\/\/www.suviseurat.fi/2024\/suviseurat\/kohti-suviseuroja-blogi\/\"},\"wordCount\":39,\"publisher\":{\"@id\":\"https:\/\/www.suviseurat.fi/2024\/#organization\"},\"image\":{\"@id\":\"https:\/\/www.suviseurat.fi/2024\/suviseurat\/kohti-suviseuroja-blogi\/#primaryimage\"},\"thumbnailUrl\":\"https:\/\/www.suviseurat.fi/2024\/wp-content\/uploads\/2023\/10\/cropped-pj2024-merkki-e1698044587903-1.jpg\",\"inLanguage\":\"fi\"},{\"@type\":\"WebPage\",\"@id\":\"https:\/\/www.suviseurat.fi/2024\/suviseurat\/kohti-suviseuroja-blogi\/\",\"url\":\"https:\/\/www.suviseurat.fi/2024\/suviseurat\/kohti-suviseuroja-blogi\/\",\"name\":\"Kohti Suviseuroja -blogi - SRK:n Suviseurat Pudasj\u00e4rvell\u00e4 2024\",\"isPartOf\":{\"@id\":\"https:\/\/www.suviseurat.fi/2024\/#website\"},\"primaryImageOfPage\":{\"@id\":\"https:\/\/www.suviseurat.fi/2024\/suviseurat\/kohti-suviseuroja-blogi\/#primaryimage\"},\"image\":{\"@id\":\"https:\/\/www.suviseurat.fi/2024\/suviseurat\/kohti-suviseuroja-blogi\/#primaryimage\"},\"thumbnailUrl\":\"https:\/\/www.suviseurat.fi/2024\/wp-content\/uploads\/2023\/10\/cropped-pj2024-merkki-e1698044587903-1.jpg\",\"datePublished\":\"2022-01-11T20:45:00+00:00\",\"dateModified\":\"2024-01-19T12:20:29+00:00\",\"description\":\"Kohti Pudasj\u00e4rven Suviseuroja Kes\u00e4n 2024 Suviseuroja valmistellaan Pudasj\u00e4rvelle. J\u00e4rjestelyt vilkastuvat kev\u00e4\u00e4n kuluessa ja kes\u00e4n koittaessa.\",\"breadcrumb\":{\"@id\":\"https:\/\/www.suviseurat.fi/2024\/suviseurat\/kohti-suviseuroja-blogi\/#breadcrumb\"},\"inLanguage\":\"fi\",\"potentialAction\":[{\"@type\":\"ReadAction\",\"target\":[\"https:\/\/www.suviseurat.fi/2024\/suviseurat\/kohti-suviseuroja-blogi\/\"]}]},{\"@type\":\"ImageObject\",\"inLanguage\":\"fi\",\"@id\":\"https:\/\/www.suviseurat.fi/2024\/suviseurat\/kohti-suviseuroja-blogi\/#primaryimage\",\"url\":\"https:\/\/www.suviseurat.fi/2024\/wp-content\/uploads\/2023\/10\/cropped-pj2024-merkki-e1698044587903-1.jpg\",\"contentUrl\":\"https:\/\/www.suviseurat.fi/2024\/wp-content\/uploads\/2023\/10\/cropped-pj2024-merkki-e1698044587903-1.jpg\",\"width\":512,\"height\":512},{\"@type\":\"BreadcrumbList\",\"@id\":\"https:\/\/www.suviseurat.fi/2024\/suviseurat\/kohti-suviseuroja-blogi\/#breadcrumb\",\"itemListElement\":[{\"@type\":\"ListItem\",\"position\":1,\"name\":\"Etusivu\",\"item\":\"https:\/\/www.suviseurat.fi/2024\/\"},{\"@type\":\"ListItem\",\"position\":2,\"name\":\"Suviseurat\",\"item\":\"https:\/\/www.suviseurat.fi/2024\/suviseurat\/\"},{\"@type\":\"ListItem\",\"position\":3,\"name\":\"Kohti Suviseuroja -blogi\"}]},{\"@type\":\"WebSite\",\"@id\":\"https:\/\/www.suviseurat.fi/2024\/#website\",\"url\":\"https:\/\/www.suviseurat.fi/2024\/\",\"name\":\"SRK:n Suviseurat Pudasj\u00e4rvell\u00e4 2024\",\"description\":\"Olenko min\u00e4 sinulle rakas?\",\"publisher\":{\"@id\":\"https:\/\/www.suviseurat.fi/2024\/#organization\"},\"potentialAction\":[{\"@type\":\"SearchAction\",\"target\":{\"@type\":\"EntryPoint\",\"urlTemplate\":\"https:\/\/www.suviseurat.fi/2024\/?s={search_term_string}\"},\"query-input\":\"required name=search_term_string\"}],\"inLanguage\":\"fi\"},{\"@type\":\"Organization\",\"@id\":\"https:\/\/www.suviseurat.fi/2024\/#organization\",\"name\":\"Suviseurat\",\"url\":\"https:\/\/www.suviseurat.fi/2024\/\",\"logo\":{\"@type\":\"ImageObject\",\"inLanguage\":\"fi\",\"@id\":\"https:\/\/www.suviseurat.fi/2024\/#\/schema\/logo\/image\/\",\"url\":\"https:\/\/www.suviseurat.fi/2024\/wp-content\/uploads\/2023\/10\/tunnus-nelio.jpg\",\"contentUrl\":\"https:\/\/www.suviseurat.fi/2024\/wp-content\/uploads\/2023\/10\/tunnus-nelio.jpg\",\"width\":1000,\"height\":1000,\"caption\":\"Suviseurat\"},\"image\":{\"@id\":\"https:\/\/www.suviseurat.fi/2024\/#\/schema\/logo\/image\/\"},\"sameAs\":[\"https:\/\/www.facebook.com\/SRKryNyt\/\",\"https:\/\/x.com\/Suviseurat\",\"https:\/\/www.facebook.com\/srksuviseurat\/\",\"https:\/\/www.youtube.com\/@SRKnyt\",\"https:\/\/www.instagram.com\/srk_nyt\/\",\"https:\/\/www.flickr.com\/photos\/suviseurat\"]},{\"@type\":\"Person\",\"@id\":\"https:\/\/www.suviseurat.fi/2024\/#\/schema\/person\/672b1fa16f8e46f2047ccbf7d4a2f22c\",\"name\":\"Ville Laitila\"}]}<\/script>\n<!-- \/ Yoast SEO plugin. -->","yoast_head_json":{"title":"Kohti Suviseuroja -blogi - SRK:n Suviseurat Pudasj\u00e4rvell\u00e4 2024","description":"Kohti Pudasj\u00e4rven Suviseuroja Kes\u00e4n 2024 Suviseuroja valmistellaan Pudasj\u00e4rvelle. J\u00e4rjestelyt vilkastuvat kev\u00e4\u00e4n kuluessa ja kes\u00e4n koittaessa.","robots":{"index":"index","follow":"follow","max-snippet":"max-snippet:-1","max-image-preview":"max-image-preview:large","max-video-preview":"max-video-preview:-1"},"canonical":"https:\/\/www.suviseurat.fi/2024\/suviseurat\/kohti-suviseuroja-blogi\/","og_locale":"fi_FI","og_type":"article","og_title":"Kohti Suviseuroja -blogi - SRK:n Suviseurat Pudasj\u00e4rvell\u00e4 2024","og_description":"Kohti Pudasj\u00e4rven Suviseuroja Kes\u00e4n 2024 Suviseuroja valmistellaan Pudasj\u00e4rvelle. J\u00e4rjestelyt vilkastuvat kev\u00e4\u00e4n kuluessa ja kes\u00e4n koittaessa.","og_url":"https:\/\/www.suviseurat.fi/2024\/suviseurat\/kohti-suviseuroja-blogi\/","og_site_name":"SRK:n Suviseurat Pudasj\u00e4rvell\u00e4 2024","article_publisher":"https:\/\/www.facebook.com\/SRKryNyt\/","article_modified_time":"2024-01-19T12:20:29+00:00","og_image":[{"url":"https:\/\/www.suviseurat.fi/2024\/wp-content\/uploads\/2023\/10\/cropped-pj2024-merkki-e1698044587903-1.jpg"}],"twitter_card":"summary_large_image","twitter_site":"@Suviseurat","schema":{"@context":"https:\/\/schema.org","@graph":[{"@type":["Article","BlogPosting"],"@id":"https:\/\/www.suviseurat.fi/2024\/suviseurat\/kohti-suviseuroja-blogi\/#article","isPartOf":{"@id":"https:\/\/www.suviseurat.fi/2024\/suviseurat\/kohti-suviseuroja-blogi\/"},"author":{"name":"Ville Laitila","@id":"https:\/\/www.suviseurat.fi/2024\/#\/schema\/person\/672b1fa16f8e46f2047ccbf7d4a2f22c"},"headline":"Kohti Suviseuroja -blogi","datePublished":"2022-01-11T20:45:00+00:00","dateModified":"2024-01-19T12:20:29+00:00","mainEntityOfPage":{"@id":"https:\/\/www.suviseurat.fi/2024\/suviseurat\/kohti-suviseuroja-blogi\/"},"wordCount":39,"publisher":{"@id":"https:\/\/www.suviseurat.fi/2024\/#organization"},"image":{"@id":"https:\/\/www.suviseurat.fi/2024\/suviseurat\/kohti-suviseuroja-blogi\/#primaryimage"},"thumbnailUrl":"https:\/\/www.suviseurat.fi/2024\/wp-content\/uploads\/2023\/10\/cropped-pj2024-merkki-e1698044587903-1.jpg","inLanguage":"fi"},{"@type":"WebPage","@id":"https:\/\/www.suviseurat.fi/2024\/suviseurat\/kohti-suviseuroja-blogi\/","url":"https:\/\/www.suviseurat.fi/2024\/suviseurat\/kohti-suviseuroja-blogi\/","name":"Kohti Suviseuroja -blogi - SRK:n Suviseurat Pudasj\u00e4rvell\u00e4 2024","isPartOf":{"@id":"https:\/\/www.suviseurat.fi/2024\/#website"},"primaryImageOfPage":{"@id":"https:\/\/www.suviseurat.fi/2024\/suviseurat\/kohti-suviseuroja-blogi\/#primaryimage"},"image":{"@id":"https:\/\/www.suviseurat.fi/2024\/suviseurat\/kohti-suviseuroja-blogi\/#primaryimage"},"thumbnailUrl":"https:\/\/www.suviseurat.fi/2024\/wp-content\/uploads\/2023\/10\/cropped-pj2024-merkki-e1698044587903-1.jpg","datePublished":"2022-01-11T20:45:00+00:00","dateModified":"2024-01-19T12:20:29+00:00","description":"Kohti Pudasj\u00e4rven Suviseuroja Kes\u00e4n 2024 Suviseuroja valmistellaan Pudasj\u00e4rvelle. J\u00e4rjestelyt vilkastuvat kev\u00e4\u00e4n kuluessa ja kes\u00e4n koittaessa.","breadcrumb":{"@id":"https:\/\/www.suviseurat.fi/2024\/suviseurat\/kohti-suviseuroja-blogi\/#breadcrumb"},"inLanguage":"fi","potentialAction":[{"@type":"ReadAction","target":["https:\/\/www.suviseurat.fi/2024\/suviseurat\/kohti-suviseuroja-blogi\/"]}]},{"@type":"ImageObject","inLanguage":"fi","@id":"https:\/\/www.suviseurat.fi/2024\/suviseurat\/kohti-suviseuroja-blogi\/#primaryimage","url":"https:\/\/www.suviseurat.fi/2024\/wp-content\/uploads\/2023\/10\/cropped-pj2024-merkki-e1698044587903-1.jpg","contentUrl":"https:\/\/www.suviseurat.fi/2024\/wp-content\/uploads\/2023\/10\/cropped-pj2024-merkki-e1698044587903-1.jpg","width":512,"height":512},{"@type":"BreadcrumbList","@id":"https:\/\/www.suviseurat.fi/2024\/suviseurat\/kohti-suviseuroja-blogi\/#breadcrumb","itemListElement":[{"@type":"ListItem","position":1,"name":"Etusivu","item":"https:\/\/www.suviseurat.fi/2024\/"},{"@type":"ListItem","position":2,"name":"Suviseurat","item":"https:\/\/www.suviseurat.fi/2024\/suviseurat\/"},{"@type":"ListItem","position":3,"name":"Kohti Suviseuroja -blogi"}]},{"@type":"WebSite","@id":"https:\/\/www.suviseurat.fi/2024\/#website","url":"https:\/\/www.suviseurat.fi/2024\/","name":"SRK:n Suviseurat Pudasj\u00e4rvell\u00e4 2024","description":"Olenko min\u00e4 sinulle rakas?","publisher":{"@id":"https:\/\/www.suviseurat.fi/2024\/#organization"},"potentialAction":[{"@type":"SearchAction","target":{"@type":"EntryPoint","urlTemplate":"https:\/\/www.suviseurat.fi/2024\/?s={search_term_string}"},"query-input":"required name=search_term_string"}],"inLanguage":"fi"},{"@type":"Organization","@id":"https:\/\/www.suviseurat.fi/2024\/#organization","name":"Suviseurat","url":"https:\/\/www.suviseurat.fi/2024\/","logo":{"@type":"ImageObject","inLanguage":"fi","@id":"https:\/\/www.suviseurat.fi/2024\/#\/schema\/logo\/image\/","url":"https:\/\/www.suviseurat.fi/2024\/wp-content\/uploads\/2023\/10\/tunnus-nelio.jpg","contentUrl":"https:\/\/www.suviseurat.fi/2024\/wp-content\/uploads\/2023\/10\/tunnus-nelio.jpg","width":1000,"height":1000,"caption":"Suviseurat"},"image":{"@id":"https:\/\/www.suviseurat.fi/2024\/#\/schema\/logo\/image\/"},"sameAs":["https:\/\/www.facebook.com\/SRKryNyt\/","https:\/\/x.com\/Suviseurat","https:\/\/www.facebook.com\/srksuviseurat\/","https:\/\/www.youtube.com\/@SRKnyt","https:\/\/www.instagram.com\/srk_nyt\/","https:\/\/www.flickr.com\/photos\/suviseurat"]},{"@type":"Person","@id":"https:\/\/www.suviseurat.fi/2024\/#\/schema\/person\/672b1fa16f8e46f2047ccbf7d4a2f22c","name":"Ville Laitila"}]}},"_links":{"self":[{"href":"https:\/\/www.suviseurat.fi/2024\/wp-json\/wp\/v2\/pages\/6161"}],"collection":[{"href":"https:\/\/www.suviseurat.fi/2024\/wp-json\/wp\/v2\/pages"}],"about":[{"href":"https:\/\/www.suviseurat.fi/2024\/wp-json\/wp\/v2\/types\/page"}],"author":[{"embeddable":true,"href":"https:\/\/www.suviseurat.fi/2024\/wp-json\/wp\/v2\/users\/17"}],"replies":[{"embeddable":true,"href":"https:\/\/www.suviseurat.fi/2024\/wp-json\/wp\/v2\/comments?post=6161"}],"version-history":[{"count":16,"href":"https:\/\/www.suviseurat.fi/2024\/wp-json\/wp\/v2\/pages\/6161\/revisions"}],"predecessor-version":[{"id":19240,"href":"https:\/\/www.suviseurat.fi/2024\/wp-json\/wp\/v2\/pages\/6161\/revisions\/19240"}],"up":[{"embeddable":true,"href":"https:\/\/www.suviseurat.fi/2024\/wp-json\/wp\/v2\/pages\/74"}],"wp:attachment":[{"href":"https:\/\/www.suviseurat.fi/2024\/wp-json\/wp\/v2\/media?parent=6161"}],"curies":[{"name":"wp","href":"https:\/\/api.w.org\/{rel}","templated":true}]}}