{"id":6897,"date":"2021-06-23T08:23:38","date_gmt":"2021-06-23T05:23:38","guid":{"rendered":"https:\/\/www.suviseurat.fi/2024\/?page_id=6897"},"modified":"2024-06-17T12:30:02","modified_gmt":"2024-06-17T09:30:02","slug":"lataa-kesaseurat-sovellus","status":"publish","type":"page","link":"https:\/\/www.suviseurat.fi/2024\/suviseurat\/lataa-kesaseurat-sovellus\/","title":{"rendered":"Lataa Kes\u00e4seurat-sovellus"},"content":{"rendered":"\n<h2 class=\"wp-block-heading\"><strong>Kes\u00e4n suuret seurat taskussasi<\/strong><\/h2>\n\n\n\n<p>Kes\u00e4seurat-sovelluksella voi osallistua kes\u00e4n suuriin seuroihin ja kuunnella Kes\u00e4seuraradiota.<\/p>\n\n\n<div class=\"wp-block-image\">\n<figure class=\"alignleft size-full is-resized\"><a href=\"https:\/\/play.google.com\/store\/apps\/details?id=fi.srk.kesaseurat\" target=\"_blank\" rel=\"noreferrer noopener\"><img loading=\"lazy\" decoding=\"async\" width=\"370\" height=\"87\" src=\"https:\/\/www.suviseurat.fi/2024\/wp-content\/uploads\/2024\/06\/google-play-lataa-kss.png\" alt=\"\" class=\"wp-image-20484\" style=\"width:250px\" \/><\/a><\/figure><\/div>\n\n<div class=\"wp-block-image\">\n<figure class=\"alignleft size-full is-resized\"><a href=\"https:\/\/apps.apple.com\/fi\/app\/kes%C3%A4seurat\/id1571980912\" target=\"_blank\" rel=\"noreferrer noopener\"><img loading=\"lazy\" decoding=\"async\" width=\"370\" height=\"87\" src=\"https:\/\/www.suviseurat.fi/2024\/wp-content\/uploads\/2024\/06\/apple-app-lataa-kss.png\" alt=\"\" class=\"wp-image-20493\" style=\"width:250px\" \/><\/a><\/figure><\/div>\n\n\n\n\n<div style=\"height:25px\" aria-hidden=\"true\" class=\"wp-block-spacer\"><\/div>\n\n\n\n<p>Lataa ilmaiseksi sovelluskaupasta. Saat k\u00e4ytt\u00f6\u00f6si kes\u00e4n suurten seurojen ohjelmat, palveluiden aukioloajat, sek\u00e4 voit kuunnella seuroja ja kes\u00e4seuraradiota, katsoa suoria seural\u00e4hetyksi\u00e4, maksaa kentt\u00e4maksun ja lahjoittaa kolehtiin.<\/p>\n\n\n\n<p>Saat halutessasi maksullisena ominaisuutena k\u00e4ytt\u00f6\u00f6si seuraohjelman PDF-muodossa, seuramerkin, sek\u00e4 seura-alueen kartan, johon voit paikantaa itsesi ja l\u00e4hett\u00e4\u00e4 sijaintilinkin toiselle henkil\u00f6lle. Tilaamalla maksulliset ominaisuudet k\u00e4ytt\u00f6\u00f6si, tuet J\u00e4ms\u00e4n, Reisj\u00e4rven ja Ranuan kristillisten kansanopistojen toimintaa.<\/p>\n\n\n\n<p>Maksullisten ominaisuuksien hinta on 2,99 \u20ac\/seuratapahtuma tai kestotilauksena kaikki ominaisuudet 9,99 \u20ac\/vuosi. Kestotilaus sis\u00e4lt\u00e4\u00e4 suviseurojen ja kaikkien opistoseurojen kaikki edell\u00e4 mainitut sis\u00e4ll\u00f6t. Tilaus uusiutuu automaattisesti vuosittain.<\/p>\n\n\n\n<div style=\"height:40px\" aria-hidden=\"true\" class=\"wp-block-spacer\"><\/div>\n\n\n\n<h3 class=\"wp-block-heading\"><strong>Kes\u00e4seurat-sovelluksen tuki<\/strong><\/h3>\n\n\n\n<p>Sovelluksen\u00a0<strong><a href=\"https:\/\/www.kesaseurat.fi\/#ukk\" target=\"_blank\" rel=\"noreferrer noopener\">tukisivulta<\/a><\/strong>\u00a0l\u00f6yd\u00e4t tietoa sovelluksen k\u00e4yt\u00f6st\u00e4.<\/p>\n\n\n\n<p>Samalla sivulla on my\u00f6s yhteydenottolomake, jolla voit antaa palautetta tai kysy\u00e4 ohjeita ongelmatilanteissa.<\/p>\n\n\n\n<div style=\"height:40px\" aria-hidden=\"true\" class=\"wp-block-spacer\"><\/div>\n\n\n\n<p> <\/p>\n\n\n","protected":false},"excerpt":{"rendered":"<p>Kes\u00e4n suuret seurat taskussasi Kes\u00e4seurat-sovelluksella voi osallistua kes\u00e4n suuriin seuroihin ja kuunnella Kes\u00e4seuraradiota. Lataa ilmaiseksi<a class=\"moretag\" href=\"https:\/\/www.suviseurat.fi/2024\/suviseurat\/lataa-kesaseurat-sovellus\/\">Jatka lukemista ><\/a><\/p>\n","protected":false},"author":17,"featured_media":0,"parent":74,"menu_order":8,"comment_status":"closed","ping_status":"closed","template":"","meta":{"_acf_changed":false,"footnotes":""},"class_list":["post-6897","page","type-page","status-publish","hentry"],"acf":[],"yoast_head":"<!-- This site is optimized with the Yoast SEO plugin v23.3 - https:\/\/yoast.com\/wordpress\/plugins\/seo\/ -->\n<title>Lataa Kes\u00e4seurat-sovellus - SRK:n Suviseurat Pudasj\u00e4rvell\u00e4 2024<\/title>\n<meta name=\"description\" content=\"Kes\u00e4n suuret seurat taskussasi Kes\u00e4seurat-sovelluksella voi osallistua kes\u00e4n suuriin seuroihin ja kuunnella Kes\u00e4seuraradiota. Lataa ilmaiseksi\" \/>\n<meta name=\"robots\" content=\"index, follow, max-snippet:-1, max-image-preview:large, max-video-preview:-1\" \/>\n<link rel=\"canonical\" href=\"https:\/\/www.suviseurat.fi/2024\/suviseurat\/lataa-kesaseurat-sovellus\/\" \/>\n<meta property=\"og:locale\" content=\"fi_FI\" \/>\n<meta property=\"og:type\" content=\"article\" \/>\n<meta property=\"og:title\" content=\"Lataa Kes\u00e4seurat-sovellus - SRK:n Suviseurat Pudasj\u00e4rvell\u00e4 2024\" \/>\n<meta property=\"og:description\" content=\"Kes\u00e4n suuret seurat taskussasi Kes\u00e4seurat-sovelluksella voi osallistua kes\u00e4n suuriin seuroihin ja kuunnella Kes\u00e4seuraradiota. Lataa ilmaiseksi\" \/>\n<meta property=\"og:url\" content=\"https:\/\/www.suviseurat.fi/2024\/suviseurat\/lataa-kesaseurat-sovellus\/\" \/>\n<meta property=\"og:site_name\" content=\"SRK:n Suviseurat Pudasj\u00e4rvell\u00e4 2024\" \/>\n<meta property=\"article:publisher\" content=\"https:\/\/www.facebook.com\/SRKryNyt\/\" \/>\n<meta property=\"article:modified_time\" content=\"2024-06-17T09:30:02+00:00\" \/>\n<meta property=\"og:image\" content=\"https:\/\/www.suviseurat.fi/2024\/wp-content\/uploads\/2024\/06\/google-play-lataa-kss.png\" \/>\n<meta name=\"twitter:card\" content=\"summary_large_image\" \/>\n<meta name=\"twitter:site\" content=\"@Suviseurat\" \/>\n<meta name=\"twitter:label1\" content=\"Arvioitu lukuaika\" \/>\n\t<meta name=\"twitter:data1\" content=\"1 minuutti\" \/>\n<script type=\"application\/ld+json\" class=\"yoast-schema-graph\">{\"@context\":\"https:\/\/schema.org\",\"@graph\":[{\"@type\":\"WebPage\",\"@id\":\"https:\/\/www.suviseurat.fi/2024\/suviseurat\/lataa-kesaseurat-sovellus\/\",\"url\":\"https:\/\/www.suviseurat.fi/2024\/suviseurat\/lataa-kesaseurat-sovellus\/\",\"name\":\"Lataa Kes\u00e4seurat-sovellus - SRK:n Suviseurat Pudasj\u00e4rvell\u00e4 2024\",\"isPartOf\":{\"@id\":\"https:\/\/www.suviseurat.fi/2024\/#website\"},\"primaryImageOfPage\":{\"@id\":\"https:\/\/www.suviseurat.fi/2024\/suviseurat\/lataa-kesaseurat-sovellus\/#primaryimage\"},\"image\":{\"@id\":\"https:\/\/www.suviseurat.fi/2024\/suviseurat\/lataa-kesaseurat-sovellus\/#primaryimage\"},\"thumbnailUrl\":\"https:\/\/www.suviseurat.fi/2024\/wp-content\/uploads\/2024\/06\/google-play-lataa-kss.png\",\"datePublished\":\"2021-06-23T05:23:38+00:00\",\"dateModified\":\"2024-06-17T09:30:02+00:00\",\"description\":\"Kes\u00e4n suuret seurat taskussasi Kes\u00e4seurat-sovelluksella voi osallistua kes\u00e4n suuriin seuroihin ja kuunnella Kes\u00e4seuraradiota. Lataa ilmaiseksi\",\"breadcrumb\":{\"@id\":\"https:\/\/www.suviseurat.fi/2024\/suviseurat\/lataa-kesaseurat-sovellus\/#breadcrumb\"},\"inLanguage\":\"fi\",\"potentialAction\":[{\"@type\":\"ReadAction\",\"target\":[\"https:\/\/www.suviseurat.fi/2024\/suviseurat\/lataa-kesaseurat-sovellus\/\"]}]},{\"@type\":\"ImageObject\",\"inLanguage\":\"fi\",\"@id\":\"https:\/\/www.suviseurat.fi/2024\/suviseurat\/lataa-kesaseurat-sovellus\/#primaryimage\",\"url\":\"https:\/\/www.suviseurat.fi/2024\/wp-content\/uploads\/2024\/06\/google-play-lataa-kss.png\",\"contentUrl\":\"https:\/\/www.suviseurat.fi/2024\/wp-content\/uploads\/2024\/06\/google-play-lataa-kss.png\",\"width\":370,\"height\":87},{\"@type\":\"BreadcrumbList\",\"@id\":\"https:\/\/www.suviseurat.fi/2024\/suviseurat\/lataa-kesaseurat-sovellus\/#breadcrumb\",\"itemListElement\":[{\"@type\":\"ListItem\",\"position\":1,\"name\":\"Etusivu\",\"item\":\"https:\/\/www.suviseurat.fi/2024\/\"},{\"@type\":\"ListItem\",\"position\":2,\"name\":\"Suviseurat\",\"item\":\"https:\/\/www.suviseurat.fi/2024\/suviseurat\/\"},{\"@type\":\"ListItem\",\"position\":3,\"name\":\"Lataa Kes\u00e4seurat-sovellus\"}]},{\"@type\":\"WebSite\",\"@id\":\"https:\/\/www.suviseurat.fi/2024\/#website\",\"url\":\"https:\/\/www.suviseurat.fi/2024\/\",\"name\":\"SRK:n Suviseurat Pudasj\u00e4rvell\u00e4 2024\",\"description\":\"Olenko min\u00e4 sinulle rakas?\",\"publisher\":{\"@id\":\"https:\/\/www.suviseurat.fi/2024\/#organization\"},\"potentialAction\":[{\"@type\":\"SearchAction\",\"target\":{\"@type\":\"EntryPoint\",\"urlTemplate\":\"https:\/\/www.suviseurat.fi/2024\/?s={search_term_string}\"},\"query-input\":\"required name=search_term_string\"}],\"inLanguage\":\"fi\"},{\"@type\":\"Organization\",\"@id\":\"https:\/\/www.suviseurat.fi/2024\/#organization\",\"name\":\"Suviseurat\",\"url\":\"https:\/\/www.suviseurat.fi/2024\/\",\"logo\":{\"@type\":\"ImageObject\",\"inLanguage\":\"fi\",\"@id\":\"https:\/\/www.suviseurat.fi/2024\/#\/schema\/logo\/image\/\",\"url\":\"https:\/\/www.suviseurat.fi/2024\/wp-content\/uploads\/2023\/10\/tunnus-nelio.jpg\",\"contentUrl\":\"https:\/\/www.suviseurat.fi/2024\/wp-content\/uploads\/2023\/10\/tunnus-nelio.jpg\",\"width\":1000,\"height\":1000,\"caption\":\"Suviseurat\"},\"image\":{\"@id\":\"https:\/\/www.suviseurat.fi/2024\/#\/schema\/logo\/image\/\"},\"sameAs\":[\"https:\/\/www.facebook.com\/SRKryNyt\/\",\"https:\/\/x.com\/Suviseurat\",\"https:\/\/www.facebook.com\/srksuviseurat\/\",\"https:\/\/www.youtube.com\/@SRKnyt\",\"https:\/\/www.instagram.com\/srk_nyt\/\",\"https:\/\/www.flickr.com\/photos\/suviseurat\"]}]}<\/script>\n<!-- \/ Yoast SEO plugin. -->","yoast_head_json":{"title":"Lataa Kes\u00e4seurat-sovellus - SRK:n Suviseurat Pudasj\u00e4rvell\u00e4 2024","description":"Kes\u00e4n suuret seurat taskussasi Kes\u00e4seurat-sovelluksella voi osallistua kes\u00e4n suuriin seuroihin ja kuunnella Kes\u00e4seuraradiota. Lataa ilmaiseksi","robots":{"index":"index","follow":"follow","max-snippet":"max-snippet:-1","max-image-preview":"max-image-preview:large","max-video-preview":"max-video-preview:-1"},"canonical":"https:\/\/www.suviseurat.fi/2024\/suviseurat\/lataa-kesaseurat-sovellus\/","og_locale":"fi_FI","og_type":"article","og_title":"Lataa Kes\u00e4seurat-sovellus - SRK:n Suviseurat Pudasj\u00e4rvell\u00e4 2024","og_description":"Kes\u00e4n suuret seurat taskussasi Kes\u00e4seurat-sovelluksella voi osallistua kes\u00e4n suuriin seuroihin ja kuunnella Kes\u00e4seuraradiota. Lataa ilmaiseksi","og_url":"https:\/\/www.suviseurat.fi/2024\/suviseurat\/lataa-kesaseurat-sovellus\/","og_site_name":"SRK:n Suviseurat Pudasj\u00e4rvell\u00e4 2024","article_publisher":"https:\/\/www.facebook.com\/SRKryNyt\/","article_modified_time":"2024-06-17T09:30:02+00:00","og_image":[{"url":"https:\/\/www.suviseurat.fi/2024\/wp-content\/uploads\/2024\/06\/google-play-lataa-kss.png"}],"twitter_card":"summary_large_image","twitter_site":"@Suviseurat","twitter_misc":{"Arvioitu lukuaika":"1 minuutti"},"schema":{"@context":"https:\/\/schema.org","@graph":[{"@type":"WebPage","@id":"https:\/\/www.suviseurat.fi/2024\/suviseurat\/lataa-kesaseurat-sovellus\/","url":"https:\/\/www.suviseurat.fi/2024\/suviseurat\/lataa-kesaseurat-sovellus\/","name":"Lataa Kes\u00e4seurat-sovellus - SRK:n Suviseurat Pudasj\u00e4rvell\u00e4 2024","isPartOf":{"@id":"https:\/\/www.suviseurat.fi/2024\/#website"},"primaryImageOfPage":{"@id":"https:\/\/www.suviseurat.fi/2024\/suviseurat\/lataa-kesaseurat-sovellus\/#primaryimage"},"image":{"@id":"https:\/\/www.suviseurat.fi/2024\/suviseurat\/lataa-kesaseurat-sovellus\/#primaryimage"},"thumbnailUrl":"https:\/\/www.suviseurat.fi/2024\/wp-content\/uploads\/2024\/06\/google-play-lataa-kss.png","datePublished":"2021-06-23T05:23:38+00:00","dateModified":"2024-06-17T09:30:02+00:00","description":"Kes\u00e4n suuret seurat taskussasi Kes\u00e4seurat-sovelluksella voi osallistua kes\u00e4n suuriin seuroihin ja kuunnella Kes\u00e4seuraradiota. Lataa ilmaiseksi","breadcrumb":{"@id":"https:\/\/www.suviseurat.fi/2024\/suviseurat\/lataa-kesaseurat-sovellus\/#breadcrumb"},"inLanguage":"fi","potentialAction":[{"@type":"ReadAction","target":["https:\/\/www.suviseurat.fi/2024\/suviseurat\/lataa-kesaseurat-sovellus\/"]}]},{"@type":"ImageObject","inLanguage":"fi","@id":"https:\/\/www.suviseurat.fi/2024\/suviseurat\/lataa-kesaseurat-sovellus\/#primaryimage","url":"https:\/\/www.suviseurat.fi/2024\/wp-content\/uploads\/2024\/06\/google-play-lataa-kss.png","contentUrl":"https:\/\/www.suviseurat.fi/2024\/wp-content\/uploads\/2024\/06\/google-play-lataa-kss.png","width":370,"height":87},{"@type":"BreadcrumbList","@id":"https:\/\/www.suviseurat.fi/2024\/suviseurat\/lataa-kesaseurat-sovellus\/#breadcrumb","itemListElement":[{"@type":"ListItem","position":1,"name":"Etusivu","item":"https:\/\/www.suviseurat.fi/2024\/"},{"@type":"ListItem","position":2,"name":"Suviseurat","item":"https:\/\/www.suviseurat.fi/2024\/suviseurat\/"},{"@type":"ListItem","position":3,"name":"Lataa Kes\u00e4seurat-sovellus"}]},{"@type":"WebSite","@id":"https:\/\/www.suviseurat.fi/2024\/#website","url":"https:\/\/www.suviseurat.fi/2024\/","name":"SRK:n Suviseurat Pudasj\u00e4rvell\u00e4 2024","description":"Olenko min\u00e4 sinulle rakas?","publisher":{"@id":"https:\/\/www.suviseurat.fi/2024\/#organization"},"potentialAction":[{"@type":"SearchAction","target":{"@type":"EntryPoint","urlTemplate":"https:\/\/www.suviseurat.fi/2024\/?s={search_term_string}"},"query-input":"required name=search_term_string"}],"inLanguage":"fi"},{"@type":"Organization","@id":"https:\/\/www.suviseurat.fi/2024\/#organization","name":"Suviseurat","url":"https:\/\/www.suviseurat.fi/2024\/","logo":{"@type":"ImageObject","inLanguage":"fi","@id":"https:\/\/www.suviseurat.fi/2024\/#\/schema\/logo\/image\/","url":"https:\/\/www.suviseurat.fi/2024\/wp-content\/uploads\/2023\/10\/tunnus-nelio.jpg","contentUrl":"https:\/\/www.suviseurat.fi/2024\/wp-content\/uploads\/2023\/10\/tunnus-nelio.jpg","width":1000,"height":1000,"caption":"Suviseurat"},"image":{"@id":"https:\/\/www.suviseurat.fi/2024\/#\/schema\/logo\/image\/"},"sameAs":["https:\/\/www.facebook.com\/SRKryNyt\/","https:\/\/x.com\/Suviseurat","https:\/\/www.facebook.com\/srksuviseurat\/","https:\/\/www.youtube.com\/@SRKnyt","https:\/\/www.instagram.com\/srk_nyt\/","https:\/\/www.flickr.com\/photos\/suviseurat"]}]}},"_links":{"self":[{"href":"https:\/\/www.suviseurat.fi/2024\/wp-json\/wp\/v2\/pages\/6897"}],"collection":[{"href":"https:\/\/www.suviseurat.fi/2024\/wp-json\/wp\/v2\/pages"}],"about":[{"href":"https:\/\/www.suviseurat.fi/2024\/wp-json\/wp\/v2\/types\/page"}],"author":[{"embeddable":true,"href":"https:\/\/www.suviseurat.fi/2024\/wp-json\/wp\/v2\/users\/17"}],"replies":[{"embeddable":true,"href":"https:\/\/www.suviseurat.fi/2024\/wp-json\/wp\/v2\/comments?post=6897"}],"version-history":[{"count":17,"href":"https:\/\/www.suviseurat.fi/2024\/wp-json\/wp\/v2\/pages\/6897\/revisions"}],"predecessor-version":[{"id":20505,"href":"https:\/\/www.suviseurat.fi/2024\/wp-json\/wp\/v2\/pages\/6897\/revisions\/20505"}],"up":[{"embeddable":true,"href":"https:\/\/www.suviseurat.fi/2024\/wp-json\/wp\/v2\/pages\/74"}],"wp:attachment":[{"href":"https:\/\/www.suviseurat.fi/2024\/wp-json\/wp\/v2\/media?parent=6897"}],"curies":[{"name":"wp","href":"https:\/\/api.w.org\/{rel}","templated":true}]}}