{"id":705,"date":"2018-05-28T18:57:26","date_gmt":"2018-05-28T15:57:26","guid":{"rendered":"https:\/\/www.suviseurat.fi/2024\/?page_id=705"},"modified":"2024-06-13T12:03:19","modified_gmt":"2024-06-13T09:03:19","slug":"tietosuoja","status":"publish","type":"page","link":"https:\/\/www.suviseurat.fi/2024\/tietosuoja\/","title":{"rendered":"Tietosuoja"},"content":{"rendered":"<h2>Tietosuoja<\/h2>\n<p>EU:n uusi tietosuoja-asetus astui voimaan 25.5.2018. Olemme huomioineet uuden asetuksen henkil\u00f6tietojen k\u00e4sittelyss\u00e4 ja tietosuojak\u00e4yt\u00e4nteiss\u00e4 tarjoamiemme j\u00e4rjestelmien ja palveluiden osalta.<\/p>\n<p>P\u00e4ivitetyt tietosuojaselosteet l\u00f6ytyv\u00e4t kyseisist\u00e4 j\u00e4rjestelmist\u00e4.<\/p>\n<p>Tutustu Suviseurojen <a href=\"\/wp-content\/uploads\/2020\/10\/tietosuojaseloste-suvivuorot-artikla-13.pdf\">ty\u00f6voimahankinnan tietosuojaselosteeseen<\/a> ja <a href=\"https:\/\/www.suviseurat.fi/2024\/wp-content\/uploads\/2024\/06\/Tallentavan-kameravalvonnan-rekisteriseloste.pdf\">kameravalvonnan selosteeseen<\/a>.<\/p>\n<h2>Ev\u00e4steet<\/h2>\n<p>Ev\u00e4ste on pieni tekstitiedosto, jonka selain tallentaa k\u00e4ytt\u00e4j\u00e4n laitteelle. Ev\u00e4steest\u00e4 ei ole laitteelle mink\u00e4\u00e4nlaista haittaa. Ev\u00e4steit\u00e4 k\u00e4ytet\u00e4\u00e4n verkkosivuilla mm. tiedon tekniseen v\u00e4litt\u00e4miseen ja palvelun k\u00e4yt\u00f6n helpottamiseksi.<\/p>\n<p>Suviseurat.fi k\u00e4ytt\u00e4\u00e4 ev\u00e4steit\u00e4 mm. ker\u00e4\u00e4m\u00e4\u00e4n tilastoja k\u00e4vij\u00e4m\u00e4\u00e4rist\u00e4 (Google Analytics). Tilastoista ei voi yksil\u00f6id\u00e4 yksitt\u00e4ist\u00e4 k\u00e4ytt\u00e4j\u00e4\u00e4, vaan tiedot tallennetaan anonyymisti.<\/p>\n<p>K\u00e4ytt\u00e4j\u00e4 voi hyv\u00e4ksy\u00e4 tai olla hyv\u00e4ksym\u00e4tt\u00e4 ev\u00e4steiden k\u00e4yt\u00f6n internet-selaimensa asetuksista. Asetuksen muuttaminen riippuu k\u00e4yt\u00f6ss\u00e4 olevasta internet-selaimesta. On huomioitava, ett\u00e4 ev\u00e4steiden poistaminen k\u00e4yt\u00f6st\u00e4 voi aiheuttaa sen, ett\u00e4 osa sivuston toiminnallisuudesta tai palveluista lakkaa toimimasta.<\/p>\n<p>Voit lukea lis\u00e4\u00e4 ev\u00e4steist\u00e4 esimerkiksi <a href=\"https:\/\/www.viestintavirasto.fi\/kyberturvallisuus\/tietoturvaohjeet\/palveluidenturvallinenkaytto\/evasteet.html\" target=\"_blank\" rel=\"noopener noreferrer\">viestint\u00e4viraston verkkosivustolta<\/a>.<\/p>\n","protected":false},"excerpt":{"rendered":"<p>Tietosuoja EU:n uusi tietosuoja-asetus astui voimaan 25.5.2018. Olemme huomioineet uuden asetuksen henkil\u00f6tietojen k\u00e4sittelyss\u00e4 ja tietosuojak\u00e4yt\u00e4nteiss\u00e4<a class=\"moretag\" href=\"https:\/\/www.suviseurat.fi/2024\/tietosuoja\/\">Jatka lukemista ><\/a><\/p>\n","protected":false},"author":19,"featured_media":0,"parent":0,"menu_order":0,"comment_status":"closed","ping_status":"closed","template":"","meta":{"_acf_changed":false,"footnotes":""},"class_list":["post-705","page","type-page","status-publish","hentry"],"acf":[],"yoast_head":"<!-- This site is optimized with the Yoast SEO plugin v23.3 - https:\/\/yoast.com\/wordpress\/plugins\/seo\/ -->\n<title>Tietosuoja - SRK:n Suviseurat Pudasj\u00e4rvell\u00e4 2024<\/title>\n<meta name=\"description\" content=\"Tietosuoja EU:n uusi tietosuoja-asetus astui voimaan 25.5.2018. Olemme huomioineet uuden asetuksen henkil\u00f6tietojen k\u00e4sittelyss\u00e4 ja tietosuojak\u00e4yt\u00e4nteiss\u00e4\" \/>\n<meta name=\"robots\" content=\"index, follow, max-snippet:-1, max-image-preview:large, max-video-preview:-1\" \/>\n<link rel=\"canonical\" href=\"https:\/\/www.suviseurat.fi/2024\/tietosuoja\/\" \/>\n<meta property=\"og:locale\" content=\"fi_FI\" \/>\n<meta property=\"og:type\" content=\"article\" \/>\n<meta property=\"og:title\" content=\"Tietosuoja - SRK:n Suviseurat Pudasj\u00e4rvell\u00e4 2024\" \/>\n<meta property=\"og:description\" content=\"Tietosuoja EU:n uusi tietosuoja-asetus astui voimaan 25.5.2018. Olemme huomioineet uuden asetuksen henkil\u00f6tietojen k\u00e4sittelyss\u00e4 ja tietosuojak\u00e4yt\u00e4nteiss\u00e4\" \/>\n<meta property=\"og:url\" content=\"https:\/\/www.suviseurat.fi/2024\/tietosuoja\/\" \/>\n<meta property=\"og:site_name\" content=\"SRK:n Suviseurat Pudasj\u00e4rvell\u00e4 2024\" \/>\n<meta property=\"article:publisher\" content=\"https:\/\/www.facebook.com\/SRKryNyt\/\" \/>\n<meta property=\"article:modified_time\" content=\"2024-06-13T09:03:19+00:00\" \/>\n<meta name=\"twitter:card\" content=\"summary_large_image\" \/>\n<meta name=\"twitter:site\" content=\"@Suviseurat\" \/>\n<meta name=\"twitter:label1\" content=\"Arvioitu lukuaika\" \/>\n\t<meta name=\"twitter:data1\" content=\"1 minuutti\" \/>\n<script type=\"application\/ld+json\" class=\"yoast-schema-graph\">{\"@context\":\"https:\/\/schema.org\",\"@graph\":[{\"@type\":\"WebPage\",\"@id\":\"https:\/\/www.suviseurat.fi/2024\/tietosuoja\/\",\"url\":\"https:\/\/www.suviseurat.fi/2024\/tietosuoja\/\",\"name\":\"Tietosuoja - SRK:n Suviseurat Pudasj\u00e4rvell\u00e4 2024\",\"isPartOf\":{\"@id\":\"https:\/\/www.suviseurat.fi/2024\/#website\"},\"datePublished\":\"2018-05-28T15:57:26+00:00\",\"dateModified\":\"2024-06-13T09:03:19+00:00\",\"description\":\"Tietosuoja EU:n uusi tietosuoja-asetus astui voimaan 25.5.2018. Olemme huomioineet uuden asetuksen henkil\u00f6tietojen k\u00e4sittelyss\u00e4 ja tietosuojak\u00e4yt\u00e4nteiss\u00e4\",\"breadcrumb\":{\"@id\":\"https:\/\/www.suviseurat.fi/2024\/tietosuoja\/#breadcrumb\"},\"inLanguage\":\"fi\",\"potentialAction\":[{\"@type\":\"ReadAction\",\"target\":[\"https:\/\/www.suviseurat.fi/2024\/tietosuoja\/\"]}]},{\"@type\":\"BreadcrumbList\",\"@id\":\"https:\/\/www.suviseurat.fi/2024\/tietosuoja\/#breadcrumb\",\"itemListElement\":[{\"@type\":\"ListItem\",\"position\":1,\"name\":\"Etusivu\",\"item\":\"https:\/\/www.suviseurat.fi/2024\/\"},{\"@type\":\"ListItem\",\"position\":2,\"name\":\"Tietosuoja\"}]},{\"@type\":\"WebSite\",\"@id\":\"https:\/\/www.suviseurat.fi/2024\/#website\",\"url\":\"https:\/\/www.suviseurat.fi/2024\/\",\"name\":\"SRK:n Suviseurat Pudasj\u00e4rvell\u00e4 2024\",\"description\":\"Olenko min\u00e4 sinulle rakas?\",\"publisher\":{\"@id\":\"https:\/\/www.suviseurat.fi/2024\/#organization\"},\"potentialAction\":[{\"@type\":\"SearchAction\",\"target\":{\"@type\":\"EntryPoint\",\"urlTemplate\":\"https:\/\/www.suviseurat.fi/2024\/?s={search_term_string}\"},\"query-input\":\"required name=search_term_string\"}],\"inLanguage\":\"fi\"},{\"@type\":\"Organization\",\"@id\":\"https:\/\/www.suviseurat.fi/2024\/#organization\",\"name\":\"Suviseurat\",\"url\":\"https:\/\/www.suviseurat.fi/2024\/\",\"logo\":{\"@type\":\"ImageObject\",\"inLanguage\":\"fi\",\"@id\":\"https:\/\/www.suviseurat.fi/2024\/#\/schema\/logo\/image\/\",\"url\":\"https:\/\/www.suviseurat.fi/2024\/wp-content\/uploads\/2023\/10\/tunnus-nelio.jpg\",\"contentUrl\":\"https:\/\/www.suviseurat.fi/2024\/wp-content\/uploads\/2023\/10\/tunnus-nelio.jpg\",\"width\":1000,\"height\":1000,\"caption\":\"Suviseurat\"},\"image\":{\"@id\":\"https:\/\/www.suviseurat.fi/2024\/#\/schema\/logo\/image\/\"},\"sameAs\":[\"https:\/\/www.facebook.com\/SRKryNyt\/\",\"https:\/\/x.com\/Suviseurat\",\"https:\/\/www.facebook.com\/srksuviseurat\/\",\"https:\/\/www.youtube.com\/@SRKnyt\",\"https:\/\/www.instagram.com\/srk_nyt\/\",\"https:\/\/www.flickr.com\/photos\/suviseurat\"]}]}<\/script>\n<!-- \/ Yoast SEO plugin. -->","yoast_head_json":{"title":"Tietosuoja - SRK:n Suviseurat Pudasj\u00e4rvell\u00e4 2024","description":"Tietosuoja EU:n uusi tietosuoja-asetus astui voimaan 25.5.2018. Olemme huomioineet uuden asetuksen henkil\u00f6tietojen k\u00e4sittelyss\u00e4 ja tietosuojak\u00e4yt\u00e4nteiss\u00e4","robots":{"index":"index","follow":"follow","max-snippet":"max-snippet:-1","max-image-preview":"max-image-preview:large","max-video-preview":"max-video-preview:-1"},"canonical":"https:\/\/www.suviseurat.fi/2024\/tietosuoja\/","og_locale":"fi_FI","og_type":"article","og_title":"Tietosuoja - SRK:n Suviseurat Pudasj\u00e4rvell\u00e4 2024","og_description":"Tietosuoja EU:n uusi tietosuoja-asetus astui voimaan 25.5.2018. Olemme huomioineet uuden asetuksen henkil\u00f6tietojen k\u00e4sittelyss\u00e4 ja tietosuojak\u00e4yt\u00e4nteiss\u00e4","og_url":"https:\/\/www.suviseurat.fi/2024\/tietosuoja\/","og_site_name":"SRK:n Suviseurat Pudasj\u00e4rvell\u00e4 2024","article_publisher":"https:\/\/www.facebook.com\/SRKryNyt\/","article_modified_time":"2024-06-13T09:03:19+00:00","twitter_card":"summary_large_image","twitter_site":"@Suviseurat","twitter_misc":{"Arvioitu lukuaika":"1 minuutti"},"schema":{"@context":"https:\/\/schema.org","@graph":[{"@type":"WebPage","@id":"https:\/\/www.suviseurat.fi/2024\/tietosuoja\/","url":"https:\/\/www.suviseurat.fi/2024\/tietosuoja\/","name":"Tietosuoja - SRK:n Suviseurat Pudasj\u00e4rvell\u00e4 2024","isPartOf":{"@id":"https:\/\/www.suviseurat.fi/2024\/#website"},"datePublished":"2018-05-28T15:57:26+00:00","dateModified":"2024-06-13T09:03:19+00:00","description":"Tietosuoja EU:n uusi tietosuoja-asetus astui voimaan 25.5.2018. Olemme huomioineet uuden asetuksen henkil\u00f6tietojen k\u00e4sittelyss\u00e4 ja tietosuojak\u00e4yt\u00e4nteiss\u00e4","breadcrumb":{"@id":"https:\/\/www.suviseurat.fi/2024\/tietosuoja\/#breadcrumb"},"inLanguage":"fi","potentialAction":[{"@type":"ReadAction","target":["https:\/\/www.suviseurat.fi/2024\/tietosuoja\/"]}]},{"@type":"BreadcrumbList","@id":"https:\/\/www.suviseurat.fi/2024\/tietosuoja\/#breadcrumb","itemListElement":[{"@type":"ListItem","position":1,"name":"Etusivu","item":"https:\/\/www.suviseurat.fi/2024\/"},{"@type":"ListItem","position":2,"name":"Tietosuoja"}]},{"@type":"WebSite","@id":"https:\/\/www.suviseurat.fi/2024\/#website","url":"https:\/\/www.suviseurat.fi/2024\/","name":"SRK:n Suviseurat Pudasj\u00e4rvell\u00e4 2024","description":"Olenko min\u00e4 sinulle rakas?","publisher":{"@id":"https:\/\/www.suviseurat.fi/2024\/#organization"},"potentialAction":[{"@type":"SearchAction","target":{"@type":"EntryPoint","urlTemplate":"https:\/\/www.suviseurat.fi/2024\/?s={search_term_string}"},"query-input":"required name=search_term_string"}],"inLanguage":"fi"},{"@type":"Organization","@id":"https:\/\/www.suviseurat.fi/2024\/#organization","name":"Suviseurat","url":"https:\/\/www.suviseurat.fi/2024\/","logo":{"@type":"ImageObject","inLanguage":"fi","@id":"https:\/\/www.suviseurat.fi/2024\/#\/schema\/logo\/image\/","url":"https:\/\/www.suviseurat.fi/2024\/wp-content\/uploads\/2023\/10\/tunnus-nelio.jpg","contentUrl":"https:\/\/www.suviseurat.fi/2024\/wp-content\/uploads\/2023\/10\/tunnus-nelio.jpg","width":1000,"height":1000,"caption":"Suviseurat"},"image":{"@id":"https:\/\/www.suviseurat.fi/2024\/#\/schema\/logo\/image\/"},"sameAs":["https:\/\/www.facebook.com\/SRKryNyt\/","https:\/\/x.com\/Suviseurat","https:\/\/www.facebook.com\/srksuviseurat\/","https:\/\/www.youtube.com\/@SRKnyt","https:\/\/www.instagram.com\/srk_nyt\/","https:\/\/www.flickr.com\/photos\/suviseurat"]}]}},"_links":{"self":[{"href":"https:\/\/www.suviseurat.fi/2024\/wp-json\/wp\/v2\/pages\/705"}],"collection":[{"href":"https:\/\/www.suviseurat.fi/2024\/wp-json\/wp\/v2\/pages"}],"about":[{"href":"https:\/\/www.suviseurat.fi/2024\/wp-json\/wp\/v2\/types\/page"}],"author":[{"embeddable":true,"href":"https:\/\/www.suviseurat.fi/2024\/wp-json\/wp\/v2\/users\/19"}],"replies":[{"embeddable":true,"href":"https:\/\/www.suviseurat.fi/2024\/wp-json\/wp\/v2\/comments?post=705"}],"version-history":[{"count":8,"href":"https:\/\/www.suviseurat.fi/2024\/wp-json\/wp\/v2\/pages\/705\/revisions"}],"predecessor-version":[{"id":20359,"href":"https:\/\/www.suviseurat.fi/2024\/wp-json\/wp\/v2\/pages\/705\/revisions\/20359"}],"wp:attachment":[{"href":"https:\/\/www.suviseurat.fi/2024\/wp-json\/wp\/v2\/media?parent=705"}],"curies":[{"name":"wp","href":"https:\/\/api.w.org\/{rel}","templated":true}]}}