{"id":738,"date":"2024-05-14T15:27:30","date_gmt":"2024-05-14T12:27:30","guid":{"rendered":"https:\/\/www.suviseurat.fi/2024\/?page_id=738"},"modified":"2024-06-09T23:01:58","modified_gmt":"2024-06-09T20:01:58","slug":"ohjeet","status":"publish","type":"page","link":"https:\/\/www.suviseurat.fi/2024\/ohjeet\/","title":{"rendered":"Ohjeet"},"content":{"rendered":"<p>Suviseurat kest\u00e4v\u00e4t kuusi p\u00e4iv\u00e4\u00e4 ja seurakent\u00e4lle odotetaan kymmeni\u00e4 tuhansia seuravieraita. Siksi on hyv\u00e4 tiet\u00e4\u00e4, miten jokainen vieras voi omalla toiminnallaan edist\u00e4\u00e4 yhteist\u00e4 turvallisuutta ja tapahtuman sujuvuutta.<\/p>\n<h3>Linkit Suviseurojen ohjeisiin:<\/h3>\n<p><a href=\"https:\/\/www.suviseurat.fi/2024\/ohjeet\/turvallisuus\/\">Turvallisuus<\/a><br \/>\n&#8211; <a href=\"https:\/\/www.suviseurat.fi/2024\/ohjeet\/turvallisuus\/onnettomuus-ja-riskitilanteet\/\">Onnettomuus- ja riskitilanteet<\/a><\/p>\n<p><a href=\"https:\/\/www.suviseurat.fi/2024\/ohjeet\/ehtoollinen\/\"> Ehtoollinen<\/a><\/p>\n<p><a href=\"https:\/\/www.suviseurat.fi/2024\/ohjeet\/esirukouspyynnot\/\"> Esirukouspyynn\u00f6t<\/a><\/p>\n<p><a href=\"https:\/\/www.suviseurat.fi/2024\/ohjeet\/kolehti\/\"> Kolehti<\/a><\/p>\n<p><a href=\"https:\/\/www.suviseurat.fi/2024\/ohjeet\/maksaminen\/\"> Maksaminen<\/a><\/p>\n<p><a href=\"https:\/\/www.suviseurat.fi/2024\/ohjeet\/siisteys-ja-puhtaanapito\/\"> Siisteys ja puhtaanapito<\/a><\/p>\n<p><a href=\"https:\/\/www.suviseurat.fi/2024\/ohjeet\/mobiililaitteiden-kaytto\/\"> Mobiililaitteiden k\u00e4ytt\u00f6<\/a><\/p>\n<p><a href=\"https:\/\/www.suviseurat.fi/2024\/ohjeet\/tyovoimatoimisto-tyovuorot\/\">Ty\u00f6voimatoimisto \u2013 ty\u00f6vuorot<\/a><\/p>\n<p><a href=\"https:\/\/www.suviseurat.fi/2024\/ohjeet\/loytotavarat\/\">L\u00f6yt\u00f6tavarat<\/a><\/p>\n<p><a href=\"https:\/\/www.suviseurat.fi/2024\/ohjeet\/suviseurojen-purku\/\"> Suviseurojen purku<\/a><\/p>\n","protected":false},"excerpt":{"rendered":"<p>Suviseurat kest\u00e4v\u00e4t kuusi p\u00e4iv\u00e4\u00e4 ja seurakent\u00e4lle odotetaan kymmeni\u00e4 tuhansia seuravieraita. Siksi on hyv\u00e4 tiet\u00e4\u00e4, miten<a class=\"moretag\" href=\"https:\/\/www.suviseurat.fi/2024\/ohjeet\/\">Jatka lukemista ><\/a><\/p>\n","protected":false},"author":19,"featured_media":0,"parent":0,"menu_order":6,"comment_status":"closed","ping_status":"closed","template":"","meta":{"_acf_changed":false,"footnotes":""},"class_list":["post-738","page","type-page","status-publish","hentry"],"acf":[],"yoast_head":"<!-- This site is optimized with the Yoast SEO plugin v23.3 - https:\/\/yoast.com\/wordpress\/plugins\/seo\/ -->\n<title>Ohjeet - SRK:n Suviseurat Pudasj\u00e4rvell\u00e4 2024<\/title>\n<meta name=\"description\" content=\"Suviseurat kest\u00e4v\u00e4t kuusi p\u00e4iv\u00e4\u00e4 ja seurakent\u00e4lle odotetaan kymmeni\u00e4 tuhansia seuravieraita. Siksi on hyv\u00e4 tiet\u00e4\u00e4, miten jokainen vieras voi omalla\" \/>\n<meta name=\"robots\" content=\"index, follow, max-snippet:-1, max-image-preview:large, max-video-preview:-1\" \/>\n<link rel=\"canonical\" href=\"https:\/\/www.suviseurat.fi/2024\/ohjeet\/\" \/>\n<meta property=\"og:locale\" content=\"fi_FI\" \/>\n<meta property=\"og:type\" content=\"article\" \/>\n<meta property=\"og:title\" content=\"Ohjeet - SRK:n Suviseurat Pudasj\u00e4rvell\u00e4 2024\" \/>\n<meta property=\"og:description\" content=\"Suviseurat kest\u00e4v\u00e4t kuusi p\u00e4iv\u00e4\u00e4 ja seurakent\u00e4lle odotetaan kymmeni\u00e4 tuhansia seuravieraita. Siksi on hyv\u00e4 tiet\u00e4\u00e4, miten jokainen vieras voi omalla\" \/>\n<meta property=\"og:url\" content=\"https:\/\/www.suviseurat.fi/2024\/ohjeet\/\" \/>\n<meta property=\"og:site_name\" content=\"SRK:n Suviseurat Pudasj\u00e4rvell\u00e4 2024\" \/>\n<meta property=\"article:publisher\" content=\"https:\/\/www.facebook.com\/SRKryNyt\/\" \/>\n<meta property=\"article:modified_time\" content=\"2024-06-09T20:01:58+00:00\" \/>\n<meta name=\"twitter:card\" content=\"summary_large_image\" \/>\n<meta name=\"twitter:site\" content=\"@Suviseurat\" \/>\n<meta name=\"twitter:label1\" content=\"Arvioitu lukuaika\" \/>\n\t<meta name=\"twitter:data1\" content=\"1 minuutti\" \/>\n<script type=\"application\/ld+json\" class=\"yoast-schema-graph\">{\"@context\":\"https:\/\/schema.org\",\"@graph\":[{\"@type\":\"WebPage\",\"@id\":\"https:\/\/www.suviseurat.fi/2024\/ohjeet\/\",\"url\":\"https:\/\/www.suviseurat.fi/2024\/ohjeet\/\",\"name\":\"Ohjeet - SRK:n Suviseurat Pudasj\u00e4rvell\u00e4 2024\",\"isPartOf\":{\"@id\":\"https:\/\/www.suviseurat.fi/2024\/#website\"},\"datePublished\":\"2024-05-14T12:27:30+00:00\",\"dateModified\":\"2024-06-09T20:01:58+00:00\",\"description\":\"Suviseurat kest\u00e4v\u00e4t kuusi p\u00e4iv\u00e4\u00e4 ja seurakent\u00e4lle odotetaan kymmeni\u00e4 tuhansia seuravieraita. Siksi on hyv\u00e4 tiet\u00e4\u00e4, miten jokainen vieras voi omalla\",\"breadcrumb\":{\"@id\":\"https:\/\/www.suviseurat.fi/2024\/ohjeet\/#breadcrumb\"},\"inLanguage\":\"fi\",\"potentialAction\":[{\"@type\":\"ReadAction\",\"target\":[\"https:\/\/www.suviseurat.fi/2024\/ohjeet\/\"]}]},{\"@type\":\"BreadcrumbList\",\"@id\":\"https:\/\/www.suviseurat.fi/2024\/ohjeet\/#breadcrumb\",\"itemListElement\":[{\"@type\":\"ListItem\",\"position\":1,\"name\":\"Etusivu\",\"item\":\"https:\/\/www.suviseurat.fi/2024\/\"},{\"@type\":\"ListItem\",\"position\":2,\"name\":\"Ohjeet\"}]},{\"@type\":\"WebSite\",\"@id\":\"https:\/\/www.suviseurat.fi/2024\/#website\",\"url\":\"https:\/\/www.suviseurat.fi/2024\/\",\"name\":\"SRK:n Suviseurat Pudasj\u00e4rvell\u00e4 2024\",\"description\":\"Olenko min\u00e4 sinulle rakas?\",\"publisher\":{\"@id\":\"https:\/\/www.suviseurat.fi/2024\/#organization\"},\"potentialAction\":[{\"@type\":\"SearchAction\",\"target\":{\"@type\":\"EntryPoint\",\"urlTemplate\":\"https:\/\/www.suviseurat.fi/2024\/?s={search_term_string}\"},\"query-input\":\"required name=search_term_string\"}],\"inLanguage\":\"fi\"},{\"@type\":\"Organization\",\"@id\":\"https:\/\/www.suviseurat.fi/2024\/#organization\",\"name\":\"Suviseurat\",\"url\":\"https:\/\/www.suviseurat.fi/2024\/\",\"logo\":{\"@type\":\"ImageObject\",\"inLanguage\":\"fi\",\"@id\":\"https:\/\/www.suviseurat.fi/2024\/#\/schema\/logo\/image\/\",\"url\":\"https:\/\/www.suviseurat.fi/2024\/wp-content\/uploads\/2023\/10\/tunnus-nelio.jpg\",\"contentUrl\":\"https:\/\/www.suviseurat.fi/2024\/wp-content\/uploads\/2023\/10\/tunnus-nelio.jpg\",\"width\":1000,\"height\":1000,\"caption\":\"Suviseurat\"},\"image\":{\"@id\":\"https:\/\/www.suviseurat.fi/2024\/#\/schema\/logo\/image\/\"},\"sameAs\":[\"https:\/\/www.facebook.com\/SRKryNyt\/\",\"https:\/\/x.com\/Suviseurat\",\"https:\/\/www.facebook.com\/srksuviseurat\/\",\"https:\/\/www.youtube.com\/@SRKnyt\",\"https:\/\/www.instagram.com\/srk_nyt\/\",\"https:\/\/www.flickr.com\/photos\/suviseurat\"]}]}<\/script>\n<!-- \/ Yoast SEO plugin. -->","yoast_head_json":{"title":"Ohjeet - SRK:n Suviseurat Pudasj\u00e4rvell\u00e4 2024","description":"Suviseurat kest\u00e4v\u00e4t kuusi p\u00e4iv\u00e4\u00e4 ja seurakent\u00e4lle odotetaan kymmeni\u00e4 tuhansia seuravieraita. Siksi on hyv\u00e4 tiet\u00e4\u00e4, miten jokainen vieras voi omalla","robots":{"index":"index","follow":"follow","max-snippet":"max-snippet:-1","max-image-preview":"max-image-preview:large","max-video-preview":"max-video-preview:-1"},"canonical":"https:\/\/www.suviseurat.fi/2024\/ohjeet\/","og_locale":"fi_FI","og_type":"article","og_title":"Ohjeet - SRK:n Suviseurat Pudasj\u00e4rvell\u00e4 2024","og_description":"Suviseurat kest\u00e4v\u00e4t kuusi p\u00e4iv\u00e4\u00e4 ja seurakent\u00e4lle odotetaan kymmeni\u00e4 tuhansia seuravieraita. Siksi on hyv\u00e4 tiet\u00e4\u00e4, miten jokainen vieras voi omalla","og_url":"https:\/\/www.suviseurat.fi/2024\/ohjeet\/","og_site_name":"SRK:n Suviseurat Pudasj\u00e4rvell\u00e4 2024","article_publisher":"https:\/\/www.facebook.com\/SRKryNyt\/","article_modified_time":"2024-06-09T20:01:58+00:00","twitter_card":"summary_large_image","twitter_site":"@Suviseurat","twitter_misc":{"Arvioitu lukuaika":"1 minuutti"},"schema":{"@context":"https:\/\/schema.org","@graph":[{"@type":"WebPage","@id":"https:\/\/www.suviseurat.fi/2024\/ohjeet\/","url":"https:\/\/www.suviseurat.fi/2024\/ohjeet\/","name":"Ohjeet - SRK:n Suviseurat Pudasj\u00e4rvell\u00e4 2024","isPartOf":{"@id":"https:\/\/www.suviseurat.fi/2024\/#website"},"datePublished":"2024-05-14T12:27:30+00:00","dateModified":"2024-06-09T20:01:58+00:00","description":"Suviseurat kest\u00e4v\u00e4t kuusi p\u00e4iv\u00e4\u00e4 ja seurakent\u00e4lle odotetaan kymmeni\u00e4 tuhansia seuravieraita. Siksi on hyv\u00e4 tiet\u00e4\u00e4, miten jokainen vieras voi omalla","breadcrumb":{"@id":"https:\/\/www.suviseurat.fi/2024\/ohjeet\/#breadcrumb"},"inLanguage":"fi","potentialAction":[{"@type":"ReadAction","target":["https:\/\/www.suviseurat.fi/2024\/ohjeet\/"]}]},{"@type":"BreadcrumbList","@id":"https:\/\/www.suviseurat.fi/2024\/ohjeet\/#breadcrumb","itemListElement":[{"@type":"ListItem","position":1,"name":"Etusivu","item":"https:\/\/www.suviseurat.fi/2024\/"},{"@type":"ListItem","position":2,"name":"Ohjeet"}]},{"@type":"WebSite","@id":"https:\/\/www.suviseurat.fi/2024\/#website","url":"https:\/\/www.suviseurat.fi/2024\/","name":"SRK:n Suviseurat Pudasj\u00e4rvell\u00e4 2024","description":"Olenko min\u00e4 sinulle rakas?","publisher":{"@id":"https:\/\/www.suviseurat.fi/2024\/#organization"},"potentialAction":[{"@type":"SearchAction","target":{"@type":"EntryPoint","urlTemplate":"https:\/\/www.suviseurat.fi/2024\/?s={search_term_string}"},"query-input":"required name=search_term_string"}],"inLanguage":"fi"},{"@type":"Organization","@id":"https:\/\/www.suviseurat.fi/2024\/#organization","name":"Suviseurat","url":"https:\/\/www.suviseurat.fi/2024\/","logo":{"@type":"ImageObject","inLanguage":"fi","@id":"https:\/\/www.suviseurat.fi/2024\/#\/schema\/logo\/image\/","url":"https:\/\/www.suviseurat.fi/2024\/wp-content\/uploads\/2023\/10\/tunnus-nelio.jpg","contentUrl":"https:\/\/www.suviseurat.fi/2024\/wp-content\/uploads\/2023\/10\/tunnus-nelio.jpg","width":1000,"height":1000,"caption":"Suviseurat"},"image":{"@id":"https:\/\/www.suviseurat.fi/2024\/#\/schema\/logo\/image\/"},"sameAs":["https:\/\/www.facebook.com\/SRKryNyt\/","https:\/\/x.com\/Suviseurat","https:\/\/www.facebook.com\/srksuviseurat\/","https:\/\/www.youtube.com\/@SRKnyt","https:\/\/www.instagram.com\/srk_nyt\/","https:\/\/www.flickr.com\/photos\/suviseurat"]}]}},"_links":{"self":[{"href":"https:\/\/www.suviseurat.fi/2024\/wp-json\/wp\/v2\/pages\/738"}],"collection":[{"href":"https:\/\/www.suviseurat.fi/2024\/wp-json\/wp\/v2\/pages"}],"about":[{"href":"https:\/\/www.suviseurat.fi/2024\/wp-json\/wp\/v2\/types\/page"}],"author":[{"embeddable":true,"href":"https:\/\/www.suviseurat.fi/2024\/wp-json\/wp\/v2\/users\/19"}],"replies":[{"embeddable":true,"href":"https:\/\/www.suviseurat.fi/2024\/wp-json\/wp\/v2\/comments?post=738"}],"version-history":[{"count":45,"href":"https:\/\/www.suviseurat.fi/2024\/wp-json\/wp\/v2\/pages\/738\/revisions"}],"predecessor-version":[{"id":20261,"href":"https:\/\/www.suviseurat.fi/2024\/wp-json\/wp\/v2\/pages\/738\/revisions\/20261"}],"wp:attachment":[{"href":"https:\/\/www.suviseurat.fi/2024\/wp-json\/wp\/v2\/media?parent=738"}],"curies":[{"name":"wp","href":"https:\/\/api.w.org\/{rel}","templated":true}]}}