{"id":74,"date":"2021-11-18T19:23:42","date_gmt":"2021-11-18T17:23:42","guid":{"rendered":"https:\/\/www.suviseurat.fi/2024\/?page_id=74"},"modified":"2024-01-16T09:58:48","modified_gmt":"2024-01-16T07:58:48","slug":"suviseurat","status":"publish","type":"page","link":"https:\/\/www.suviseurat.fi/2024\/suviseurat\/","title":{"rendered":"Suviseurat"},"content":{"rendered":"\n<h1 class=\"wp-block-heading\"><strong>Suviseurat<\/strong><\/h1>\n\n\n\n<p><span style=\"font-weight: 400\"><strong>Suviseurat<\/strong> on vanhoillislestadiolaisen her\u00e4tysliikkeen vuotuinen seuratapahtuma. Se on my\u00f6s kansainv\u00e4linen ja&nbsp; Pohjoismaiden suurin hengellinen tapahtuma. Vanhoillislestadiolaisuus on Suomen evankelisluterilaisen kirkon her\u00e4tysliike.<\/span><\/p>\n\n\n\n<p><span style=\"font-weight: 400\">Suviseuroissa keskeisell\u00e4 sijalla ovat Raamattuun perustuvat seurapuheet, yhdess\u00e4 laulaminen sek\u00e4 kohtaamiset. Haluamme v\u00e4litt\u00e4\u00e4 turvallista sanomaa syntien anteeksiantamuksesta ja kutsua uskomaan. Suurin osa seuravieraista majoittuu seura-alueella.&nbsp;<\/span><\/p>\n\n\n\n<p><span style=\"font-weight: 400\">Seurapuheiden lis\u00e4ksi isossa seurateltassa j\u00e4rjestet\u00e4\u00e4n lauantaina ehtoollismessu sek\u00e4 sunnuntaina Jumalanpalvelus ja pyh\u00e4koulu. Suviseurasunnuntaina j\u00e4rjestet\u00e4\u00e4n Jumalanpalveluksia my\u00f6s l\u00e4hialueen kirkoissa yhteisty\u00f6ss\u00e4 paikallisseurakuntien kanssa.<\/span><\/p>\n\n\n\n<p><span style=\"font-weight: 400\">Kaikki ovat tervetulleita Suviseuroihin. Tapahtumaan on vapaa p\u00e4\u00e4sy.<\/span><\/p>\n\n\n\n<div style=\"height:50px\" aria-hidden=\"true\" class=\"wp-block-spacer\"><\/div>\n\n\n\n<h3 class=\"wp-block-heading\"><strong>Suviseurat Pudasj\u00e4rvell\u00e4 2024<\/strong><\/h3>\n\n\n\n<p>Jos Jumala suo, vuoden 2024 Suomen Rauhanyhdistysten Keskusyhdistyksen Suviseurat j\u00e4rjestet\u00e4\u00e4n Pudasj\u00e4rvell\u00e4 28.6.\u20131.7.2024.<\/p>\n\n\n\n<p>Suviseurapaikkana on Pudasj\u00e4rven kaupungin omistama Pudasj\u00e4rven lentokentt\u00e4. Edellisen kerran Pudasj\u00e4rven lentokent\u00e4ll\u00e4 on j\u00e4rjestetty suviseurat vuonna 2013. Seura-aluetta on kehitetty yhdess\u00e4 Pudasj\u00e4rven kaupungin kanssa palvelemaan paremmin tapahtuma-alueena. Pudasj\u00e4rvi sijaitsee Pohjois-Pohjanmaan pohjoisosassa, noin 100 kilometri\u00e4 Oulusta Kuusamoon p\u00e4in. Pudasj\u00e4rvell\u00e4 on noin 7 600 asukasta.&nbsp;<\/p>\n\n\n\n<p>J\u00e4rjestelyvastuussa ovat Kuusamon, Jakkukyl\u00e4n, Kiimingin, Posion, Pudasj\u00e4rven, Ranuan, Taivalkosken, Ylikiimingin ja Yli-Iin Rauhanyhdistykset. P\u00e4\u00e4vastuu suviseuraj\u00e4rjestelyist\u00e4 on Kuusamon Rauhanyhdistyksell\u00e4.<\/p>\n\n\n\n<p>Rukouksemme on, ett\u00e4 Jumala siunaisi seuraj\u00e4rjestelymme. Pyyd\u00e4mme, ett\u00e4 Jumalan sana saisi kutsua Jumalan valtakuntaan ja virvoittaa sanankuulijoita Pudasj\u00e4rven Suviseuroissa 2024.<\/p>\n\n\n\n<p><em>Pudasj\u00e4rven Suviseurojen p\u00e4\u00e4toimikunta<\/em><\/p>\n","protected":false},"excerpt":{"rendered":"<p>Suviseurat Suviseurat on vanhoillislestadiolaisen her\u00e4tysliikkeen vuotuinen seuratapahtuma. Se on my\u00f6s kansainv\u00e4linen ja&nbsp; Pohjoismaiden suurin hengellinen<a class=\"moretag\" href=\"https:\/\/www.suviseurat.fi/2024\/suviseurat\/\">Jatka lukemista ><\/a><\/p>\n","protected":false},"author":19,"featured_media":0,"parent":0,"menu_order":0,"comment_status":"closed","ping_status":"closed","template":"","meta":{"_acf_changed":false,"footnotes":""},"class_list":["post-74","page","type-page","status-publish","hentry"],"acf":[],"yoast_head":"<!-- This site is optimized with the Yoast SEO plugin v23.3 - https:\/\/yoast.com\/wordpress\/plugins\/seo\/ -->\n<title>Suviseurat - SRK:n Suviseurat Pudasj\u00e4rvell\u00e4 2024<\/title>\n<meta name=\"description\" content=\"Suviseurat Suviseurat on vanhoillislestadiolaisen her\u00e4tysliikkeen vuotuinen seuratapahtuma. Se on my\u00f6s kansainv\u00e4linen ja&nbsp; Pohjoismaiden suurin\" \/>\n<meta name=\"robots\" content=\"index, follow, max-snippet:-1, max-image-preview:large, max-video-preview:-1\" \/>\n<link rel=\"canonical\" href=\"https:\/\/www.suviseurat.fi/2024\/suviseurat\/\" \/>\n<meta property=\"og:locale\" content=\"fi_FI\" \/>\n<meta property=\"og:type\" content=\"article\" \/>\n<meta property=\"og:title\" content=\"Suviseurat - SRK:n Suviseurat Pudasj\u00e4rvell\u00e4 2024\" \/>\n<meta property=\"og:description\" content=\"Suviseurat Suviseurat on vanhoillislestadiolaisen her\u00e4tysliikkeen vuotuinen seuratapahtuma. Se on my\u00f6s kansainv\u00e4linen ja&nbsp; Pohjoismaiden suurin\" \/>\n<meta property=\"og:url\" content=\"https:\/\/www.suviseurat.fi/2024\/suviseurat\/\" \/>\n<meta property=\"og:site_name\" content=\"SRK:n Suviseurat Pudasj\u00e4rvell\u00e4 2024\" \/>\n<meta property=\"article:publisher\" content=\"https:\/\/www.facebook.com\/SRKryNyt\/\" \/>\n<meta property=\"article:modified_time\" content=\"2024-01-16T07:58:48+00:00\" \/>\n<meta name=\"twitter:card\" content=\"summary_large_image\" \/>\n<meta name=\"twitter:site\" content=\"@Suviseurat\" \/>\n<meta name=\"twitter:label1\" content=\"Arvioitu lukuaika\" \/>\n\t<meta name=\"twitter:data1\" content=\"2 minuuttia\" \/>\n<script type=\"application\/ld+json\" class=\"yoast-schema-graph\">{\"@context\":\"https:\/\/schema.org\",\"@graph\":[{\"@type\":\"WebPage\",\"@id\":\"https:\/\/www.suviseurat.fi/2024\/suviseurat\/\",\"url\":\"https:\/\/www.suviseurat.fi/2024\/suviseurat\/\",\"name\":\"Suviseurat - SRK:n Suviseurat Pudasj\u00e4rvell\u00e4 2024\",\"isPartOf\":{\"@id\":\"https:\/\/www.suviseurat.fi/2024\/#website\"},\"datePublished\":\"2021-11-18T17:23:42+00:00\",\"dateModified\":\"2024-01-16T07:58:48+00:00\",\"description\":\"Suviseurat Suviseurat on vanhoillislestadiolaisen her\u00e4tysliikkeen vuotuinen seuratapahtuma. Se on my\u00f6s kansainv\u00e4linen ja&nbsp; Pohjoismaiden suurin\",\"breadcrumb\":{\"@id\":\"https:\/\/www.suviseurat.fi/2024\/suviseurat\/#breadcrumb\"},\"inLanguage\":\"fi\",\"potentialAction\":[{\"@type\":\"ReadAction\",\"target\":[\"https:\/\/www.suviseurat.fi/2024\/suviseurat\/\"]}]},{\"@type\":\"BreadcrumbList\",\"@id\":\"https:\/\/www.suviseurat.fi/2024\/suviseurat\/#breadcrumb\",\"itemListElement\":[{\"@type\":\"ListItem\",\"position\":1,\"name\":\"Etusivu\",\"item\":\"https:\/\/www.suviseurat.fi/2024\/\"},{\"@type\":\"ListItem\",\"position\":2,\"name\":\"Suviseurat\"}]},{\"@type\":\"WebSite\",\"@id\":\"https:\/\/www.suviseurat.fi/2024\/#website\",\"url\":\"https:\/\/www.suviseurat.fi/2024\/\",\"name\":\"SRK:n Suviseurat Pudasj\u00e4rvell\u00e4 2024\",\"description\":\"Olenko min\u00e4 sinulle rakas?\",\"publisher\":{\"@id\":\"https:\/\/www.suviseurat.fi/2024\/#organization\"},\"potentialAction\":[{\"@type\":\"SearchAction\",\"target\":{\"@type\":\"EntryPoint\",\"urlTemplate\":\"https:\/\/www.suviseurat.fi/2024\/?s={search_term_string}\"},\"query-input\":\"required name=search_term_string\"}],\"inLanguage\":\"fi\"},{\"@type\":\"Organization\",\"@id\":\"https:\/\/www.suviseurat.fi/2024\/#organization\",\"name\":\"Suviseurat\",\"url\":\"https:\/\/www.suviseurat.fi/2024\/\",\"logo\":{\"@type\":\"ImageObject\",\"inLanguage\":\"fi\",\"@id\":\"https:\/\/www.suviseurat.fi/2024\/#\/schema\/logo\/image\/\",\"url\":\"https:\/\/www.suviseurat.fi/2024\/wp-content\/uploads\/2023\/10\/tunnus-nelio.jpg\",\"contentUrl\":\"https:\/\/www.suviseurat.fi/2024\/wp-content\/uploads\/2023\/10\/tunnus-nelio.jpg\",\"width\":1000,\"height\":1000,\"caption\":\"Suviseurat\"},\"image\":{\"@id\":\"https:\/\/www.suviseurat.fi/2024\/#\/schema\/logo\/image\/\"},\"sameAs\":[\"https:\/\/www.facebook.com\/SRKryNyt\/\",\"https:\/\/x.com\/Suviseurat\",\"https:\/\/www.facebook.com\/srksuviseurat\/\",\"https:\/\/www.youtube.com\/@SRKnyt\",\"https:\/\/www.instagram.com\/srk_nyt\/\",\"https:\/\/www.flickr.com\/photos\/suviseurat\"]}]}<\/script>\n<!-- \/ Yoast SEO plugin. -->","yoast_head_json":{"title":"Suviseurat - SRK:n Suviseurat Pudasj\u00e4rvell\u00e4 2024","description":"Suviseurat Suviseurat on vanhoillislestadiolaisen her\u00e4tysliikkeen vuotuinen seuratapahtuma. Se on my\u00f6s kansainv\u00e4linen ja&nbsp; Pohjoismaiden suurin","robots":{"index":"index","follow":"follow","max-snippet":"max-snippet:-1","max-image-preview":"max-image-preview:large","max-video-preview":"max-video-preview:-1"},"canonical":"https:\/\/www.suviseurat.fi/2024\/suviseurat\/","og_locale":"fi_FI","og_type":"article","og_title":"Suviseurat - SRK:n Suviseurat Pudasj\u00e4rvell\u00e4 2024","og_description":"Suviseurat Suviseurat on vanhoillislestadiolaisen her\u00e4tysliikkeen vuotuinen seuratapahtuma. Se on my\u00f6s kansainv\u00e4linen ja&nbsp; Pohjoismaiden suurin","og_url":"https:\/\/www.suviseurat.fi/2024\/suviseurat\/","og_site_name":"SRK:n Suviseurat Pudasj\u00e4rvell\u00e4 2024","article_publisher":"https:\/\/www.facebook.com\/SRKryNyt\/","article_modified_time":"2024-01-16T07:58:48+00:00","twitter_card":"summary_large_image","twitter_site":"@Suviseurat","twitter_misc":{"Arvioitu lukuaika":"2 minuuttia"},"schema":{"@context":"https:\/\/schema.org","@graph":[{"@type":"WebPage","@id":"https:\/\/www.suviseurat.fi/2024\/suviseurat\/","url":"https:\/\/www.suviseurat.fi/2024\/suviseurat\/","name":"Suviseurat - SRK:n Suviseurat Pudasj\u00e4rvell\u00e4 2024","isPartOf":{"@id":"https:\/\/www.suviseurat.fi/2024\/#website"},"datePublished":"2021-11-18T17:23:42+00:00","dateModified":"2024-01-16T07:58:48+00:00","description":"Suviseurat Suviseurat on vanhoillislestadiolaisen her\u00e4tysliikkeen vuotuinen seuratapahtuma. Se on my\u00f6s kansainv\u00e4linen ja&nbsp; Pohjoismaiden suurin","breadcrumb":{"@id":"https:\/\/www.suviseurat.fi/2024\/suviseurat\/#breadcrumb"},"inLanguage":"fi","potentialAction":[{"@type":"ReadAction","target":["https:\/\/www.suviseurat.fi/2024\/suviseurat\/"]}]},{"@type":"BreadcrumbList","@id":"https:\/\/www.suviseurat.fi/2024\/suviseurat\/#breadcrumb","itemListElement":[{"@type":"ListItem","position":1,"name":"Etusivu","item":"https:\/\/www.suviseurat.fi/2024\/"},{"@type":"ListItem","position":2,"name":"Suviseurat"}]},{"@type":"WebSite","@id":"https:\/\/www.suviseurat.fi/2024\/#website","url":"https:\/\/www.suviseurat.fi/2024\/","name":"SRK:n Suviseurat Pudasj\u00e4rvell\u00e4 2024","description":"Olenko min\u00e4 sinulle rakas?","publisher":{"@id":"https:\/\/www.suviseurat.fi/2024\/#organization"},"potentialAction":[{"@type":"SearchAction","target":{"@type":"EntryPoint","urlTemplate":"https:\/\/www.suviseurat.fi/2024\/?s={search_term_string}"},"query-input":"required name=search_term_string"}],"inLanguage":"fi"},{"@type":"Organization","@id":"https:\/\/www.suviseurat.fi/2024\/#organization","name":"Suviseurat","url":"https:\/\/www.suviseurat.fi/2024\/","logo":{"@type":"ImageObject","inLanguage":"fi","@id":"https:\/\/www.suviseurat.fi/2024\/#\/schema\/logo\/image\/","url":"https:\/\/www.suviseurat.fi/2024\/wp-content\/uploads\/2023\/10\/tunnus-nelio.jpg","contentUrl":"https:\/\/www.suviseurat.fi/2024\/wp-content\/uploads\/2023\/10\/tunnus-nelio.jpg","width":1000,"height":1000,"caption":"Suviseurat"},"image":{"@id":"https:\/\/www.suviseurat.fi/2024\/#\/schema\/logo\/image\/"},"sameAs":["https:\/\/www.facebook.com\/SRKryNyt\/","https:\/\/x.com\/Suviseurat","https:\/\/www.facebook.com\/srksuviseurat\/","https:\/\/www.youtube.com\/@SRKnyt","https:\/\/www.instagram.com\/srk_nyt\/","https:\/\/www.flickr.com\/photos\/suviseurat"]}]}},"_links":{"self":[{"href":"https:\/\/www.suviseurat.fi/2024\/wp-json\/wp\/v2\/pages\/74"}],"collection":[{"href":"https:\/\/www.suviseurat.fi/2024\/wp-json\/wp\/v2\/pages"}],"about":[{"href":"https:\/\/www.suviseurat.fi/2024\/wp-json\/wp\/v2\/types\/page"}],"author":[{"embeddable":true,"href":"https:\/\/www.suviseurat.fi/2024\/wp-json\/wp\/v2\/users\/19"}],"replies":[{"embeddable":true,"href":"https:\/\/www.suviseurat.fi/2024\/wp-json\/wp\/v2\/comments?post=74"}],"version-history":[{"count":44,"href":"https:\/\/www.suviseurat.fi/2024\/wp-json\/wp\/v2\/pages\/74\/revisions"}],"predecessor-version":[{"id":19173,"href":"https:\/\/www.suviseurat.fi/2024\/wp-json\/wp\/v2\/pages\/74\/revisions\/19173"}],"wp:attachment":[{"href":"https:\/\/www.suviseurat.fi/2024\/wp-json\/wp\/v2\/media?parent=74"}],"curies":[{"name":"wp","href":"https:\/\/api.w.org\/{rel}","templated":true}]}}