{"id":79,"date":"2022-06-11T16:55:00","date_gmt":"2022-06-11T13:55:00","guid":{"rendered":"https:\/\/www.suviseurat.fi/2024\/?page_id=79"},"modified":"2024-06-06T15:13:05","modified_gmt":"2024-06-06T12:13:05","slug":"kesaseuraradio","status":"publish","type":"page","link":"https:\/\/www.suviseurat.fi/2024\/kuuntele-ja-katsele\/kesaseuraradio\/","title":{"rendered":"Kes\u00e4seuraradio"},"content":{"rendered":"<h2><strong>Kes\u00e4seuraradio<\/strong><\/h2>\n<p><span style=\"font-weight: 400\">Kes\u00e4seuraradio v\u00e4litt\u00e4\u00e4 seurat suorana l\u00e4hetyksen\u00e4. Seurojen tauoilla kuullaan seuratapahtumaan liittyv\u00e4\u00e4 ajankohtaista tietoa, ohjelmia sek\u00e4 virsi\u00e4 ja Siionin lauluja. Kes\u00e4seuraradio v\u00e4litt\u00e4\u00e4 suorana my\u00f6s J\u00e4ms\u00e4n, Ranuan ja Reisj\u00e4rven kristillisten kansanopistojen opistoseurat. Lis\u00e4ksi Kes\u00e4seuraradion kanavalla l\u00e4hetet\u00e4\u00e4n SFC:n Suviseurat Ruotsista ja LLC:n Suviseurat Pohjois-Amerikasta. Radio l\u00e4hett\u00e4\u00e4 kes\u00e4seurojen v\u00e4liss\u00e4 mm. ohjelmauusintoja, saarnatallenteita ja musiikkia SRK:n \u00e4\u00e4nitteilt\u00e4.<\/span><\/p>\n<p><span style=\"font-weight: 400\">Seuraradiol\u00e4hetys alkaa 26.6.2024 klo 12 ja p\u00e4\u00e4ttyy 5.8.2024. Radio l\u00e4hett\u00e4\u00e4 ohjelmaa p\u00e4ivitt\u00e4in. Koko l\u00e4hetysajan ohjelma ja nettiradio l\u00f6ytyv\u00e4t osoitteesta <\/span><a href=\"https:\/\/www.kesaseuraradio.fi\/\" target=\"_blank\" rel=\"noopener\"><span style=\"font-weight: 400\">www.kesaseuraradio.fi<\/span><\/a><span style=\"font-weight: 400\">.<\/span><\/p>\n<p>\u200e \u200e<\/p>\n<h3>Kes\u00e4seuraradion ohjelma<\/h3>\n<p>Kes\u00e4seuraradion ohjelma l\u00f6ytyy osoitteesta\u00a0<a href=\"https:\/\/kesaseuraradio.fi\/paivaohjelma\/\">www.kesaseuraradio.fi\/ohjelma\/<\/a>.<\/p>\n<h3>Kes\u00e4seuraradion nettiradio<\/h3>\n<p>Kes\u00e4seuraradion nettiradio l\u00f6ytyy osoitteesta\u00a0<a href=\"https:\/\/kesaseuraradio.fi\/nettiradio\/\">www.kesaseuraradio.fi\/nettiradio\/<\/a>.<\/p>\n<h3>Kes\u00e4seuraradion taajuudet<\/h3>\n<p>Kes\u00e4seuraradion taajuudet l\u00f6ytyv\u00e4t osoitteesta\u00a0<a href=\"https:\/\/kesaseuraradio.fi\/taajuudet\/\">www.kesaseuraradio.fi\/taajuudet\/<\/a>.<\/p>\n","protected":false},"excerpt":{"rendered":"<p>Kes\u00e4seuraradio Kes\u00e4seuraradio v\u00e4litt\u00e4\u00e4 seurat suorana l\u00e4hetyksen\u00e4. Seurojen tauoilla kuullaan seuratapahtumaan liittyv\u00e4\u00e4 ajankohtaista tietoa, ohjelmia sek\u00e4<a class=\"moretag\" href=\"https:\/\/www.suviseurat.fi/2024\/kuuntele-ja-katsele\/kesaseuraradio\/\">Jatka lukemista ><\/a><\/p>\n","protected":false},"author":19,"featured_media":0,"parent":2717,"menu_order":0,"comment_status":"closed","ping_status":"closed","template":"","meta":{"_acf_changed":false,"footnotes":""},"class_list":["post-79","page","type-page","status-publish","hentry"],"acf":[],"yoast_head":"<!-- This site is optimized with the Yoast SEO plugin v23.3 - https:\/\/yoast.com\/wordpress\/plugins\/seo\/ -->\n<title>Kes\u00e4seuraradio - SRK:n Suviseurat Pudasj\u00e4rvell\u00e4 2024<\/title>\n<meta name=\"description\" content=\"Kes\u00e4seuraradio Kes\u00e4seuraradio v\u00e4litt\u00e4\u00e4 seurat suorana l\u00e4hetyksen\u00e4. Seurojen tauoilla kuullaan seuratapahtumaan liittyv\u00e4\u00e4 ajankohtaista tietoa, ohjelmia\" \/>\n<meta name=\"robots\" content=\"index, follow, max-snippet:-1, max-image-preview:large, max-video-preview:-1\" \/>\n<link rel=\"canonical\" href=\"https:\/\/www.suviseurat.fi/2024\/kuuntele-ja-katsele\/kesaseuraradio\/\" \/>\n<meta property=\"og:locale\" content=\"fi_FI\" \/>\n<meta property=\"og:type\" content=\"article\" \/>\n<meta property=\"og:title\" content=\"Kes\u00e4seuraradio - SRK:n Suviseurat Pudasj\u00e4rvell\u00e4 2024\" \/>\n<meta property=\"og:description\" content=\"Kes\u00e4seuraradio Kes\u00e4seuraradio v\u00e4litt\u00e4\u00e4 seurat suorana l\u00e4hetyksen\u00e4. Seurojen tauoilla kuullaan seuratapahtumaan liittyv\u00e4\u00e4 ajankohtaista tietoa, ohjelmia\" \/>\n<meta property=\"og:url\" content=\"https:\/\/www.suviseurat.fi/2024\/kuuntele-ja-katsele\/kesaseuraradio\/\" \/>\n<meta property=\"og:site_name\" content=\"SRK:n Suviseurat Pudasj\u00e4rvell\u00e4 2024\" \/>\n<meta property=\"article:publisher\" content=\"https:\/\/www.facebook.com\/SRKryNyt\/\" \/>\n<meta property=\"article:modified_time\" content=\"2024-06-06T12:13:05+00:00\" \/>\n<meta name=\"twitter:card\" content=\"summary_large_image\" \/>\n<meta name=\"twitter:site\" content=\"@Suviseurat\" \/>\n<meta name=\"twitter:label1\" content=\"Arvioitu lukuaika\" \/>\n\t<meta name=\"twitter:data1\" content=\"1 minuutti\" \/>\n<script type=\"application\/ld+json\" class=\"yoast-schema-graph\">{\"@context\":\"https:\/\/schema.org\",\"@graph\":[{\"@type\":\"WebPage\",\"@id\":\"https:\/\/www.suviseurat.fi/2024\/kuuntele-ja-katsele\/kesaseuraradio\/\",\"url\":\"https:\/\/www.suviseurat.fi/2024\/kuuntele-ja-katsele\/kesaseuraradio\/\",\"name\":\"Kes\u00e4seuraradio - SRK:n Suviseurat Pudasj\u00e4rvell\u00e4 2024\",\"isPartOf\":{\"@id\":\"https:\/\/www.suviseurat.fi/2024\/#website\"},\"datePublished\":\"2022-06-11T13:55:00+00:00\",\"dateModified\":\"2024-06-06T12:13:05+00:00\",\"description\":\"Kes\u00e4seuraradio Kes\u00e4seuraradio v\u00e4litt\u00e4\u00e4 seurat suorana l\u00e4hetyksen\u00e4. Seurojen tauoilla kuullaan seuratapahtumaan liittyv\u00e4\u00e4 ajankohtaista tietoa, ohjelmia\",\"breadcrumb\":{\"@id\":\"https:\/\/www.suviseurat.fi/2024\/kuuntele-ja-katsele\/kesaseuraradio\/#breadcrumb\"},\"inLanguage\":\"fi\",\"potentialAction\":[{\"@type\":\"ReadAction\",\"target\":[\"https:\/\/www.suviseurat.fi/2024\/kuuntele-ja-katsele\/kesaseuraradio\/\"]}]},{\"@type\":\"BreadcrumbList\",\"@id\":\"https:\/\/www.suviseurat.fi/2024\/kuuntele-ja-katsele\/kesaseuraradio\/#breadcrumb\",\"itemListElement\":[{\"@type\":\"ListItem\",\"position\":1,\"name\":\"Etusivu\",\"item\":\"https:\/\/www.suviseurat.fi/2024\/\"},{\"@type\":\"ListItem\",\"position\":2,\"name\":\"Kuuntele ja katsele\",\"item\":\"https:\/\/www.suviseurat.fi/2024\/kuuntele-ja-katsele\/\"},{\"@type\":\"ListItem\",\"position\":3,\"name\":\"Kes\u00e4seuraradio\"}]},{\"@type\":\"WebSite\",\"@id\":\"https:\/\/www.suviseurat.fi/2024\/#website\",\"url\":\"https:\/\/www.suviseurat.fi/2024\/\",\"name\":\"SRK:n Suviseurat Pudasj\u00e4rvell\u00e4 2024\",\"description\":\"Olenko min\u00e4 sinulle rakas?\",\"publisher\":{\"@id\":\"https:\/\/www.suviseurat.fi/2024\/#organization\"},\"potentialAction\":[{\"@type\":\"SearchAction\",\"target\":{\"@type\":\"EntryPoint\",\"urlTemplate\":\"https:\/\/www.suviseurat.fi/2024\/?s={search_term_string}\"},\"query-input\":\"required name=search_term_string\"}],\"inLanguage\":\"fi\"},{\"@type\":\"Organization\",\"@id\":\"https:\/\/www.suviseurat.fi/2024\/#organization\",\"name\":\"Suviseurat\",\"url\":\"https:\/\/www.suviseurat.fi/2024\/\",\"logo\":{\"@type\":\"ImageObject\",\"inLanguage\":\"fi\",\"@id\":\"https:\/\/www.suviseurat.fi/2024\/#\/schema\/logo\/image\/\",\"url\":\"https:\/\/www.suviseurat.fi/2024\/wp-content\/uploads\/2023\/10\/tunnus-nelio.jpg\",\"contentUrl\":\"https:\/\/www.suviseurat.fi/2024\/wp-content\/uploads\/2023\/10\/tunnus-nelio.jpg\",\"width\":1000,\"height\":1000,\"caption\":\"Suviseurat\"},\"image\":{\"@id\":\"https:\/\/www.suviseurat.fi/2024\/#\/schema\/logo\/image\/\"},\"sameAs\":[\"https:\/\/www.facebook.com\/SRKryNyt\/\",\"https:\/\/x.com\/Suviseurat\",\"https:\/\/www.facebook.com\/srksuviseurat\/\",\"https:\/\/www.youtube.com\/@SRKnyt\",\"https:\/\/www.instagram.com\/srk_nyt\/\",\"https:\/\/www.flickr.com\/photos\/suviseurat\"]}]}<\/script>\n<!-- \/ Yoast SEO plugin. -->","yoast_head_json":{"title":"Kes\u00e4seuraradio - SRK:n Suviseurat Pudasj\u00e4rvell\u00e4 2024","description":"Kes\u00e4seuraradio Kes\u00e4seuraradio v\u00e4litt\u00e4\u00e4 seurat suorana l\u00e4hetyksen\u00e4. Seurojen tauoilla kuullaan seuratapahtumaan liittyv\u00e4\u00e4 ajankohtaista tietoa, ohjelmia","robots":{"index":"index","follow":"follow","max-snippet":"max-snippet:-1","max-image-preview":"max-image-preview:large","max-video-preview":"max-video-preview:-1"},"canonical":"https:\/\/www.suviseurat.fi/2024\/kuuntele-ja-katsele\/kesaseuraradio\/","og_locale":"fi_FI","og_type":"article","og_title":"Kes\u00e4seuraradio - SRK:n Suviseurat Pudasj\u00e4rvell\u00e4 2024","og_description":"Kes\u00e4seuraradio Kes\u00e4seuraradio v\u00e4litt\u00e4\u00e4 seurat suorana l\u00e4hetyksen\u00e4. Seurojen tauoilla kuullaan seuratapahtumaan liittyv\u00e4\u00e4 ajankohtaista tietoa, ohjelmia","og_url":"https:\/\/www.suviseurat.fi/2024\/kuuntele-ja-katsele\/kesaseuraradio\/","og_site_name":"SRK:n Suviseurat Pudasj\u00e4rvell\u00e4 2024","article_publisher":"https:\/\/www.facebook.com\/SRKryNyt\/","article_modified_time":"2024-06-06T12:13:05+00:00","twitter_card":"summary_large_image","twitter_site":"@Suviseurat","twitter_misc":{"Arvioitu lukuaika":"1 minuutti"},"schema":{"@context":"https:\/\/schema.org","@graph":[{"@type":"WebPage","@id":"https:\/\/www.suviseurat.fi/2024\/kuuntele-ja-katsele\/kesaseuraradio\/","url":"https:\/\/www.suviseurat.fi/2024\/kuuntele-ja-katsele\/kesaseuraradio\/","name":"Kes\u00e4seuraradio - SRK:n Suviseurat Pudasj\u00e4rvell\u00e4 2024","isPartOf":{"@id":"https:\/\/www.suviseurat.fi/2024\/#website"},"datePublished":"2022-06-11T13:55:00+00:00","dateModified":"2024-06-06T12:13:05+00:00","description":"Kes\u00e4seuraradio Kes\u00e4seuraradio v\u00e4litt\u00e4\u00e4 seurat suorana l\u00e4hetyksen\u00e4. Seurojen tauoilla kuullaan seuratapahtumaan liittyv\u00e4\u00e4 ajankohtaista tietoa, ohjelmia","breadcrumb":{"@id":"https:\/\/www.suviseurat.fi/2024\/kuuntele-ja-katsele\/kesaseuraradio\/#breadcrumb"},"inLanguage":"fi","potentialAction":[{"@type":"ReadAction","target":["https:\/\/www.suviseurat.fi/2024\/kuuntele-ja-katsele\/kesaseuraradio\/"]}]},{"@type":"BreadcrumbList","@id":"https:\/\/www.suviseurat.fi/2024\/kuuntele-ja-katsele\/kesaseuraradio\/#breadcrumb","itemListElement":[{"@type":"ListItem","position":1,"name":"Etusivu","item":"https:\/\/www.suviseurat.fi/2024\/"},{"@type":"ListItem","position":2,"name":"Kuuntele ja katsele","item":"https:\/\/www.suviseurat.fi/2024\/kuuntele-ja-katsele\/"},{"@type":"ListItem","position":3,"name":"Kes\u00e4seuraradio"}]},{"@type":"WebSite","@id":"https:\/\/www.suviseurat.fi/2024\/#website","url":"https:\/\/www.suviseurat.fi/2024\/","name":"SRK:n Suviseurat Pudasj\u00e4rvell\u00e4 2024","description":"Olenko min\u00e4 sinulle rakas?","publisher":{"@id":"https:\/\/www.suviseurat.fi/2024\/#organization"},"potentialAction":[{"@type":"SearchAction","target":{"@type":"EntryPoint","urlTemplate":"https:\/\/www.suviseurat.fi/2024\/?s={search_term_string}"},"query-input":"required name=search_term_string"}],"inLanguage":"fi"},{"@type":"Organization","@id":"https:\/\/www.suviseurat.fi/2024\/#organization","name":"Suviseurat","url":"https:\/\/www.suviseurat.fi/2024\/","logo":{"@type":"ImageObject","inLanguage":"fi","@id":"https:\/\/www.suviseurat.fi/2024\/#\/schema\/logo\/image\/","url":"https:\/\/www.suviseurat.fi/2024\/wp-content\/uploads\/2023\/10\/tunnus-nelio.jpg","contentUrl":"https:\/\/www.suviseurat.fi/2024\/wp-content\/uploads\/2023\/10\/tunnus-nelio.jpg","width":1000,"height":1000,"caption":"Suviseurat"},"image":{"@id":"https:\/\/www.suviseurat.fi/2024\/#\/schema\/logo\/image\/"},"sameAs":["https:\/\/www.facebook.com\/SRKryNyt\/","https:\/\/x.com\/Suviseurat","https:\/\/www.facebook.com\/srksuviseurat\/","https:\/\/www.youtube.com\/@SRKnyt","https:\/\/www.instagram.com\/srk_nyt\/","https:\/\/www.flickr.com\/photos\/suviseurat"]}]}},"_links":{"self":[{"href":"https:\/\/www.suviseurat.fi/2024\/wp-json\/wp\/v2\/pages\/79"}],"collection":[{"href":"https:\/\/www.suviseurat.fi/2024\/wp-json\/wp\/v2\/pages"}],"about":[{"href":"https:\/\/www.suviseurat.fi/2024\/wp-json\/wp\/v2\/types\/page"}],"author":[{"embeddable":true,"href":"https:\/\/www.suviseurat.fi/2024\/wp-json\/wp\/v2\/users\/19"}],"replies":[{"embeddable":true,"href":"https:\/\/www.suviseurat.fi/2024\/wp-json\/wp\/v2\/comments?post=79"}],"version-history":[{"count":28,"href":"https:\/\/www.suviseurat.fi/2024\/wp-json\/wp\/v2\/pages\/79\/revisions"}],"predecessor-version":[{"id":20207,"href":"https:\/\/www.suviseurat.fi/2024\/wp-json\/wp\/v2\/pages\/79\/revisions\/20207"}],"up":[{"embeddable":true,"href":"https:\/\/www.suviseurat.fi/2024\/wp-json\/wp\/v2\/pages\/2717"}],"wp:attachment":[{"href":"https:\/\/www.suviseurat.fi/2024\/wp-json\/wp\/v2\/media?parent=79"}],"curies":[{"name":"wp","href":"https:\/\/api.w.org\/{rel}","templated":true}]}}